{"id":6125,"date":"2026-04-01T09:31:46","date_gmt":"2026-04-01T09:31:46","guid":{"rendered":"https:\/\/www.pernici.com\/?post_type=product&#038;p=6125"},"modified":"2026-04-01T09:37:33","modified_gmt":"2026-04-01T09:37:33","slug":"bougie-pensees-froissees-ambiances-parfumees-poivre-noir-copia","status":"publish","type":"product","link":"https:\/\/www.pernici.com\/fr\/prodotto\/bougie-pensees-froissees-ambiances-parfumees-poivre-noir-copia\/","title":{"rendered":"C\u00e2lins et bougies &#8211; Iceberg Rose &amp; Cedar"},"content":{"rendered":"<p class=\"p1\">Cuddles &amp; Candles\u00a0\u00bb raconte ces moments o\u00f9 tout devient plus lent et plus authentique. C&rsquo;est la magie des soir\u00e9es tranquilles, des couvertures douces, des rires l\u00e9gers et des pr\u00e9sences qui font que l&rsquo;on se sent chez soi. <\/p>\n<p class=\"p1\">Nous avons choisi de l&rsquo;associer \u00e0 la fragrance <span class=\"s1\"><b>Iceberg Rose &amp; Cedar<\/b><\/span>une composition raffin\u00e9e qui \u00e9quilibre parfaitement fra\u00eecheur et profondeur. La rose lumineuse et d\u00e9licate se m\u00eale aux notes bois\u00e9es et enveloppantes du c\u00e8dre, cr\u00e9ant une fragrance \u00e9l\u00e9gante, harmonieuse et l\u00e9g\u00e8rement sophistiqu\u00e9e. <\/p>\n<p class=\"p1\">Cette bougie est con\u00e7ue pour cr\u00e9er des atmosph\u00e8res intimes et relaxantes, parfaites pour les moments de partage ou pour s&rsquo;offrir une pause. Une lumi\u00e8re douce qui caresse les espaces et les remplit de chaleur, de style et de s\u00e9r\u00e9nit\u00e9. <\/p>\n","protected":false},"excerpt":{"rendered":"<p class=\"p1\">Une phrase qui sent l&rsquo;intimit\u00e9 et la douceur. Le parfum Iceberg Rose &amp; Cedar associe des notes florales fra\u00eeches et des bois chauds, cr\u00e9ant une atmosph\u00e8re \u00e9l\u00e9gante et chaleureuse. <\/p>\n","protected":false},"featured_media":6070,"template":"","meta":{"_acf_changed":false},"product_col":[],"product_brand":[],"product_cat":[70,69,109,108,107],"product_tag":[],"class_list":{"0":"post-6125","1":"product","2":"type-product","3":"status-publish","4":"has-post-thumbnail","6":"product_cat-actualites","7":"product_cat-bougies","8":"product_cat-bougies-avec-phrases","9":"product_cat-bougies-parfumees","10":"product_cat-mois-des-meilleures-ventes","12":"first","13":"instock","14":"taxable","15":"shipping-taxable","16":"purchasable","17":"product-type-simple"},"acf":[],"yoast_head":"<!-- This site is optimized with the Yoast SEO plugin v27.4 - https:\/\/yoast.com\/product\/yoast-seo-wordpress\/ -->\n<title>Bougie parfum\u00e9e &quot;Cuddles &amp; Candles&quot; Iceberg Rose - Perdrix<\/title>\n<meta name=\"description\" content=\"D\u00e9couvrez &#039;Cuddles &amp; Candles&#039; avec le parfum Iceberg Rose &amp; Cedar : des notes florales et bois\u00e9es pour une atmosph\u00e8re romantique, \u00e9l\u00e9gante et chaleureuse.\" \/>\n<meta name=\"robots\" content=\"index, follow, max-snippet:-1, max-image-preview:large, max-video-preview:-1\" \/>\n<link rel=\"canonical\" href=\"https:\/\/www.pernici.com\/fr\/prodotto\/bougie-pensees-froissees-ambiances-parfumees-poivre-noir-copia\/\" \/>\n<meta property=\"og:locale\" content=\"fr_FR\" \/>\n<meta property=\"og:type\" content=\"article\" \/>\n<meta property=\"og:title\" content=\"Bougie parfum\u00e9e &quot;Cuddles &amp; Candles&quot; Iceberg Rose - Perdrix\" \/>\n<meta property=\"og:description\" content=\"D\u00e9couvrez &#039;Cuddles &amp; Candles&#039; avec le parfum Iceberg Rose &amp; Cedar : des notes florales et bois\u00e9es pour une atmosph\u00e8re romantique, \u00e9l\u00e9gante et chaleureuse.\" \/>\n<meta property=\"og:url\" content=\"https:\/\/www.pernici.com\/fr\/prodotto\/bougie-pensees-froissees-ambiances-parfumees-poivre-noir-copia\/\" \/>\n<meta property=\"og:site_name\" content=\"Cereria Pernici\" \/>\n<meta property=\"article:publisher\" content=\"https:\/\/www.facebook.com\/cereriapernici\" \/>\n<meta property=\"article:modified_time\" content=\"2026-04-01T09:37:33+00:00\" \/>\n<meta property=\"og:image\" content=\"https:\/\/www.pernici.com\/wp-content\/uploads\/2025\/09\/Candela-profumata-particolare-Pensieri-Stropicciati-\u2013-Cuddles-Candles-still-life.jpg\" \/>\n\t<meta property=\"og:image:width\" content=\"2000\" \/>\n\t<meta property=\"og:image:height\" content=\"2000\" \/>\n\t<meta property=\"og:image:type\" content=\"image\/jpeg\" \/>\n<meta name=\"twitter:card\" content=\"summary_large_image\" \/>\n<meta name=\"twitter:label1\" content=\"Dur\u00e9e de lecture estim\u00e9e\" \/>\n\t<meta name=\"twitter:data1\" content=\"1 minute\" \/>\n<script type=\"application\/ld+json\" class=\"yoast-schema-graph\">{\"@context\":\"https:\\\/\\\/schema.org\",\"@graph\":[{\"@type\":\"WebPage\",\"@id\":\"https:\\\/\\\/www.pernici.com\\\/fr\\\/prodotto\\\/bougie-pensees-froissees-ambiances-parfumees-poivre-noir-copia\\\/\",\"url\":\"https:\\\/\\\/www.pernici.com\\\/fr\\\/prodotto\\\/bougie-pensees-froissees-ambiances-parfumees-poivre-noir-copia\\\/\",\"name\":\"Bougie parfum\u00e9e \\\"Cuddles & Candles\\\" Iceberg Rose - Perdrix\",\"isPartOf\":{\"@id\":\"https:\\\/\\\/www.pernici.com\\\/fr\\\/#website\"},\"primaryImageOfPage\":{\"@id\":\"https:\\\/\\\/www.pernici.com\\\/fr\\\/prodotto\\\/bougie-pensees-froissees-ambiances-parfumees-poivre-noir-copia\\\/#primaryimage\"},\"image\":{\"@id\":\"https:\\\/\\\/www.pernici.com\\\/fr\\\/prodotto\\\/bougie-pensees-froissees-ambiances-parfumees-poivre-noir-copia\\\/#primaryimage\"},\"thumbnailUrl\":\"https:\\\/\\\/www.pernici.com\\\/wp-content\\\/uploads\\\/2025\\\/09\\\/Candela-profumata-particolare-Pensieri-Stropicciati-\u2013-Cuddles-Candles-still-life.jpg\",\"datePublished\":\"2026-04-01T09:31:46+00:00\",\"dateModified\":\"2026-04-01T09:37:33+00:00\",\"description\":\"D\u00e9couvrez 'Cuddles & Candles' avec le parfum Iceberg Rose & Cedar : des notes florales et bois\u00e9es pour une atmosph\u00e8re romantique, \u00e9l\u00e9gante et chaleureuse.\",\"breadcrumb\":{\"@id\":\"https:\\\/\\\/www.pernici.com\\\/fr\\\/prodotto\\\/bougie-pensees-froissees-ambiances-parfumees-poivre-noir-copia\\\/#breadcrumb\"},\"inLanguage\":\"fr-FR\",\"potentialAction\":[{\"@type\":\"ReadAction\",\"target\":[\"https:\\\/\\\/www.pernici.com\\\/fr\\\/prodotto\\\/bougie-pensees-froissees-ambiances-parfumees-poivre-noir-copia\\\/\"]}]},{\"@type\":\"ImageObject\",\"inLanguage\":\"fr-FR\",\"@id\":\"https:\\\/\\\/www.pernici.com\\\/fr\\\/prodotto\\\/bougie-pensees-froissees-ambiances-parfumees-poivre-noir-copia\\\/#primaryimage\",\"url\":\"https:\\\/\\\/www.pernici.com\\\/wp-content\\\/uploads\\\/2025\\\/09\\\/Candela-profumata-particolare-Pensieri-Stropicciati-\u2013-Cuddles-Candles-still-life.jpg\",\"contentUrl\":\"https:\\\/\\\/www.pernici.com\\\/wp-content\\\/uploads\\\/2025\\\/09\\\/Candela-profumata-particolare-Pensieri-Stropicciati-\u2013-Cuddles-Candles-still-life.jpg\",\"width\":2000,\"height\":2000},{\"@type\":\"BreadcrumbList\",\"@id\":\"https:\\\/\\\/www.pernici.com\\\/fr\\\/prodotto\\\/bougie-pensees-froissees-ambiances-parfumees-poivre-noir-copia\\\/#breadcrumb\",\"itemListElement\":[{\"@type\":\"ListItem\",\"position\":1,\"name\":\"Accueil\",\"item\":\"https:\\\/\\\/www.pernici.com\\\/fr\\\/\"},{\"@type\":\"ListItem\",\"position\":2,\"name\":\"Boutique\",\"item\":\"https:\\\/\\\/www.pernici.com\\\/fr\\\/boutique\\\/\"},{\"@type\":\"ListItem\",\"position\":3,\"name\":\"Bougies\",\"item\":\"https:\\\/\\\/www.pernici.com\\\/fr\\\/categoria-prodotto\\\/bougies\\\/\"},{\"@type\":\"ListItem\",\"position\":4,\"name\":\"C\u00e2lins et bougies &#8211; Iceberg Rose &amp; Cedar\"}]},{\"@type\":\"WebSite\",\"@id\":\"https:\\\/\\\/www.pernici.com\\\/fr\\\/#website\",\"url\":\"https:\\\/\\\/www.pernici.com\\\/fr\\\/\",\"name\":\"Cereria Pernici Shop\",\"description\":\"una candela non illumina soltanto: racconta chi sei \",\"publisher\":{\"@id\":\"https:\\\/\\\/www.pernici.com\\\/fr\\\/#organization\"},\"potentialAction\":[{\"@type\":\"SearchAction\",\"target\":{\"@type\":\"EntryPoint\",\"urlTemplate\":\"https:\\\/\\\/www.pernici.com\\\/fr\\\/?s={search_term_string}\"},\"query-input\":{\"@type\":\"PropertyValueSpecification\",\"valueRequired\":true,\"valueName\":\"search_term_string\"}}],\"inLanguage\":\"fr-FR\"},{\"@type\":\"Organization\",\"@id\":\"https:\\\/\\\/www.pernici.com\\\/fr\\\/#organization\",\"name\":\"Cereria Pernici Shop\",\"url\":\"https:\\\/\\\/www.pernici.com\\\/fr\\\/\",\"logo\":{\"@type\":\"ImageObject\",\"inLanguage\":\"fr-FR\",\"@id\":\"https:\\\/\\\/www.pernici.com\\\/fr\\\/#\\\/schema\\\/logo\\\/image\\\/\",\"url\":\"https:\\\/\\\/www.pernici.com\\\/wp-content\\\/uploads\\\/2025\\\/07\\\/logo_pernici.png\",\"contentUrl\":\"https:\\\/\\\/www.pernici.com\\\/wp-content\\\/uploads\\\/2025\\\/07\\\/logo_pernici.png\",\"width\":432,\"height\":189,\"caption\":\"Cereria Pernici Shop\"},\"image\":{\"@id\":\"https:\\\/\\\/www.pernici.com\\\/fr\\\/#\\\/schema\\\/logo\\\/image\\\/\"},\"sameAs\":[\"https:\\\/\\\/www.facebook.com\\\/cereriapernici\",\"https:\\\/\\\/www.instagram.com\\\/cereriapernici\\\/\"]}]}<\/script>\n<!-- \/ Yoast SEO plugin. -->","yoast_head_json":{"title":"Bougie parfum\u00e9e \"Cuddles & Candles\" Iceberg Rose - Perdrix","description":"D\u00e9couvrez 'Cuddles & Candles' avec le parfum Iceberg Rose & Cedar : des notes florales et bois\u00e9es pour une atmosph\u00e8re romantique, \u00e9l\u00e9gante et chaleureuse.","robots":{"index":"index","follow":"follow","max-snippet":"max-snippet:-1","max-image-preview":"max-image-preview:large","max-video-preview":"max-video-preview:-1"},"canonical":"https:\/\/www.pernici.com\/fr\/prodotto\/bougie-pensees-froissees-ambiances-parfumees-poivre-noir-copia\/","og_locale":"fr_FR","og_type":"article","og_title":"Bougie parfum\u00e9e \"Cuddles & Candles\" Iceberg Rose - Perdrix","og_description":"D\u00e9couvrez 'Cuddles & Candles' avec le parfum Iceberg Rose & Cedar : des notes florales et bois\u00e9es pour une atmosph\u00e8re romantique, \u00e9l\u00e9gante et chaleureuse.","og_url":"https:\/\/www.pernici.com\/fr\/prodotto\/bougie-pensees-froissees-ambiances-parfumees-poivre-noir-copia\/","og_site_name":"Cereria Pernici","article_publisher":"https:\/\/www.facebook.com\/cereriapernici","article_modified_time":"2026-04-01T09:37:33+00:00","og_image":[{"width":2000,"height":2000,"url":"https:\/\/www.pernici.com\/wp-content\/uploads\/2025\/09\/Candela-profumata-particolare-Pensieri-Stropicciati-\u2013-Cuddles-Candles-still-life.jpg","type":"image\/jpeg"}],"twitter_card":"summary_large_image","twitter_misc":{"Dur\u00e9e de lecture estim\u00e9e":"1 minute"},"schema":{"@context":"https:\/\/schema.org","@graph":[{"@type":"WebPage","@id":"https:\/\/www.pernici.com\/fr\/prodotto\/bougie-pensees-froissees-ambiances-parfumees-poivre-noir-copia\/","url":"https:\/\/www.pernici.com\/fr\/prodotto\/bougie-pensees-froissees-ambiances-parfumees-poivre-noir-copia\/","name":"Bougie parfum\u00e9e \"Cuddles & Candles\" Iceberg Rose - Perdrix","isPartOf":{"@id":"https:\/\/www.pernici.com\/fr\/#website"},"primaryImageOfPage":{"@id":"https:\/\/www.pernici.com\/fr\/prodotto\/bougie-pensees-froissees-ambiances-parfumees-poivre-noir-copia\/#primaryimage"},"image":{"@id":"https:\/\/www.pernici.com\/fr\/prodotto\/bougie-pensees-froissees-ambiances-parfumees-poivre-noir-copia\/#primaryimage"},"thumbnailUrl":"https:\/\/www.pernici.com\/wp-content\/uploads\/2025\/09\/Candela-profumata-particolare-Pensieri-Stropicciati-\u2013-Cuddles-Candles-still-life.jpg","datePublished":"2026-04-01T09:31:46+00:00","dateModified":"2026-04-01T09:37:33+00:00","description":"D\u00e9couvrez 'Cuddles & Candles' avec le parfum Iceberg Rose & Cedar : des notes florales et bois\u00e9es pour une atmosph\u00e8re romantique, \u00e9l\u00e9gante et chaleureuse.","breadcrumb":{"@id":"https:\/\/www.pernici.com\/fr\/prodotto\/bougie-pensees-froissees-ambiances-parfumees-poivre-noir-copia\/#breadcrumb"},"inLanguage":"fr-FR","potentialAction":[{"@type":"ReadAction","target":["https:\/\/www.pernici.com\/fr\/prodotto\/bougie-pensees-froissees-ambiances-parfumees-poivre-noir-copia\/"]}]},{"@type":"ImageObject","inLanguage":"fr-FR","@id":"https:\/\/www.pernici.com\/fr\/prodotto\/bougie-pensees-froissees-ambiances-parfumees-poivre-noir-copia\/#primaryimage","url":"https:\/\/www.pernici.com\/wp-content\/uploads\/2025\/09\/Candela-profumata-particolare-Pensieri-Stropicciati-\u2013-Cuddles-Candles-still-life.jpg","contentUrl":"https:\/\/www.pernici.com\/wp-content\/uploads\/2025\/09\/Candela-profumata-particolare-Pensieri-Stropicciati-\u2013-Cuddles-Candles-still-life.jpg","width":2000,"height":2000},{"@type":"BreadcrumbList","@id":"https:\/\/www.pernici.com\/fr\/prodotto\/bougie-pensees-froissees-ambiances-parfumees-poivre-noir-copia\/#breadcrumb","itemListElement":[{"@type":"ListItem","position":1,"name":"Accueil","item":"https:\/\/www.pernici.com\/fr\/"},{"@type":"ListItem","position":2,"name":"Boutique","item":"https:\/\/www.pernici.com\/fr\/boutique\/"},{"@type":"ListItem","position":3,"name":"Bougies","item":"https:\/\/www.pernici.com\/fr\/categoria-prodotto\/bougies\/"},{"@type":"ListItem","position":4,"name":"C\u00e2lins et bougies &#8211; Iceberg Rose &amp; Cedar"}]},{"@type":"WebSite","@id":"https:\/\/www.pernici.com\/fr\/#website","url":"https:\/\/www.pernici.com\/fr\/","name":"Cereria Pernici Shop","description":"una candela non illumina soltanto: racconta chi sei ","publisher":{"@id":"https:\/\/www.pernici.com\/fr\/#organization"},"potentialAction":[{"@type":"SearchAction","target":{"@type":"EntryPoint","urlTemplate":"https:\/\/www.pernici.com\/fr\/?s={search_term_string}"},"query-input":{"@type":"PropertyValueSpecification","valueRequired":true,"valueName":"search_term_string"}}],"inLanguage":"fr-FR"},{"@type":"Organization","@id":"https:\/\/www.pernici.com\/fr\/#organization","name":"Cereria Pernici Shop","url":"https:\/\/www.pernici.com\/fr\/","logo":{"@type":"ImageObject","inLanguage":"fr-FR","@id":"https:\/\/www.pernici.com\/fr\/#\/schema\/logo\/image\/","url":"https:\/\/www.pernici.com\/wp-content\/uploads\/2025\/07\/logo_pernici.png","contentUrl":"https:\/\/www.pernici.com\/wp-content\/uploads\/2025\/07\/logo_pernici.png","width":432,"height":189,"caption":"Cereria Pernici Shop"},"image":{"@id":"https:\/\/www.pernici.com\/fr\/#\/schema\/logo\/image\/"},"sameAs":["https:\/\/www.facebook.com\/cereriapernici","https:\/\/www.instagram.com\/cereriapernici\/"]}]}},"_links":{"self":[{"href":"https:\/\/www.pernici.com\/fr\/wp-json\/wp\/v2\/product\/6125","targetHints":{"allow":["GET"]}}],"collection":[{"href":"https:\/\/www.pernici.com\/fr\/wp-json\/wp\/v2\/product"}],"about":[{"href":"https:\/\/www.pernici.com\/fr\/wp-json\/wp\/v2\/types\/product"}],"wp:featuredmedia":[{"embeddable":true,"href":"https:\/\/www.pernici.com\/fr\/wp-json\/wp\/v2\/media\/6070"}],"wp:attachment":[{"href":"https:\/\/www.pernici.com\/fr\/wp-json\/wp\/v2\/media?parent=6125"}],"wp:term":[{"taxonomy":"product_col","embeddable":true,"href":"https:\/\/www.pernici.com\/fr\/wp-json\/wp\/v2\/product_col?post=6125"},{"taxonomy":"product_brand","embeddable":true,"href":"https:\/\/www.pernici.com\/fr\/wp-json\/wp\/v2\/product_brand?post=6125"},{"taxonomy":"product_cat","embeddable":true,"href":"https:\/\/www.pernici.com\/fr\/wp-json\/wp\/v2\/product_cat?post=6125"},{"taxonomy":"product_tag","embeddable":true,"href":"https:\/\/www.pernici.com\/fr\/wp-json\/wp\/v2\/product_tag?post=6125"}],"curies":[{"name":"wp","href":"https:\/\/api.w.org\/{rel}","templated":true}]}}