{"id":6104,"date":"2026-04-01T09:11:39","date_gmt":"2026-04-01T09:11:39","guid":{"rendered":"https:\/\/www.pernici.com\/?post_type=product&#038;p=6104"},"modified":"2026-04-01T09:18:04","modified_gmt":"2026-04-01T09:18:04","slug":"bougie-lights-out-hearts-on-vanille-et-lait-copia","status":"publish","type":"product","link":"https:\/\/www.pernici.com\/fr\/prodotto\/bougie-lights-out-hearts-on-vanille-et-lait-copia\/","title":{"rendered":"Bougie Good lights &amp; Good vibes &#8211; Vanille et lait"},"content":{"rendered":"<p class=\"p1\">Good lights &amp; good vibes\u00a0\u00bb est plus qu&rsquo;une expression : c&rsquo;est un \u00e9tat d&rsquo;esprit. Elle \u00e9voque ces moments simples mais pr\u00e9cieux o\u00f9 tout semble couler de source, entre lumi\u00e8res douces, sourires spontan\u00e9s et sentiment de bien-\u00eatre g\u00e9n\u00e9ralis\u00e9. <\/p>\n<p class=\"p1\">Pour accompagner cette \u00e9nergie, nous avons choisi le parfum <span class=\"s1\"><b>Vanille &amp; Lait<\/b><\/span>une combinaison douce et enveloppante qui transmet imm\u00e9diatement confort et s\u00e9r\u00e9nit\u00e9. La vanille, chaude et velout\u00e9e, s&rsquo;associe \u00e0 l&rsquo;onctuosit\u00e9 d\u00e9licate du lait pour cr\u00e9er une fragrance douce et rassurante, parfaite pour chaque moment de la journ\u00e9e. <\/p>\n<p class=\"p1\">Cette bougie est con\u00e7ue pour impr\u00e9gner les espaces de vibrations positives, transformant toute pi\u00e8ce en un lieu accueillant et harmonieux. Id\u00e9ale pour accompagner les moments de d\u00e9tente, les soir\u00e9es entre amis ou tout simplement pour s&rsquo;offrir une pause bien-\u00eatre quotidienne. <\/p>\n","protected":false},"excerpt":{"rendered":"<p class=\"p1\">Une phrase qui illumine l&rsquo;humeur et r\u00e9chauffe l&rsquo;ambiance. Le parfum Vanilla &amp; Milk enveloppe l&rsquo;espace de notes douces et cr\u00e9meuses, cr\u00e9ant une atmosph\u00e8re chaleureuse et positive. <\/p>\n","protected":false},"featured_media":6071,"template":"","meta":{"_acf_changed":false},"product_col":[],"product_brand":[],"product_cat":[70,69,109,108,107],"product_tag":[],"class_list":{"0":"post-6104","1":"product","2":"type-product","3":"status-publish","4":"has-post-thumbnail","6":"product_cat-actualites","7":"product_cat-bougies","8":"product_cat-bougies-avec-phrases","9":"product_cat-bougies-parfumees","10":"product_cat-mois-des-meilleures-ventes","12":"first","13":"instock","14":"taxable","15":"shipping-taxable","16":"purchasable","17":"product-type-simple"},"acf":[],"yoast_head":"<!-- This site is optimized with the Yoast SEO plugin v27.4 - https:\/\/yoast.com\/product\/yoast-seo-wordpress\/ -->\n<title>Wrinkled Thoughts &#039;Good Lights &amp; Good Vibes&#039; - Pernici Waxworks<\/title>\n<meta name=\"description\" content=\"D\u00e9couvrez la bougie &#039;Good Lights &amp; Good Vibes&#039; au parfum Vanilla &amp; Milk : des notes douces et cr\u00e9meuses pour une atmosph\u00e8re positive, chaleureuse et accueillante.\" \/>\n<meta name=\"robots\" content=\"index, follow, max-snippet:-1, max-image-preview:large, max-video-preview:-1\" \/>\n<link rel=\"canonical\" href=\"https:\/\/www.pernici.com\/fr\/prodotto\/bougie-lights-out-hearts-on-vanille-et-lait-copia\/\" \/>\n<meta property=\"og:locale\" content=\"fr_FR\" \/>\n<meta property=\"og:type\" content=\"article\" \/>\n<meta property=\"og:title\" content=\"Wrinkled Thoughts &#039;Good Lights &amp; Good Vibes&#039; - Pernici Waxworks\" \/>\n<meta property=\"og:description\" content=\"D\u00e9couvrez la bougie &#039;Good Lights &amp; Good Vibes&#039; au parfum Vanilla &amp; Milk : des notes douces et cr\u00e9meuses pour une atmosph\u00e8re positive, chaleureuse et accueillante.\" \/>\n<meta property=\"og:url\" content=\"https:\/\/www.pernici.com\/fr\/prodotto\/bougie-lights-out-hearts-on-vanille-et-lait-copia\/\" \/>\n<meta property=\"og:site_name\" content=\"Cereria Pernici\" \/>\n<meta property=\"article:publisher\" content=\"https:\/\/www.facebook.com\/cereriapernici\" \/>\n<meta property=\"article:modified_time\" content=\"2026-04-01T09:18:04+00:00\" \/>\n<meta property=\"og:image\" content=\"https:\/\/www.pernici.com\/wp-content\/uploads\/2025\/09\/Candela-profumata-particolare-Pensieri-Stropicciati-\u2013-Good-light-good-vibes-still-life.jpg\" \/>\n\t<meta property=\"og:image:width\" content=\"2000\" \/>\n\t<meta property=\"og:image:height\" content=\"2000\" \/>\n\t<meta property=\"og:image:type\" content=\"image\/jpeg\" \/>\n<meta name=\"twitter:card\" content=\"summary_large_image\" \/>\n<meta name=\"twitter:label1\" content=\"Dur\u00e9e de lecture estim\u00e9e\" \/>\n\t<meta name=\"twitter:data1\" content=\"1 minute\" \/>\n<script type=\"application\/ld+json\" class=\"yoast-schema-graph\">{\"@context\":\"https:\\\/\\\/schema.org\",\"@graph\":[{\"@type\":\"WebPage\",\"@id\":\"https:\\\/\\\/www.pernici.com\\\/fr\\\/prodotto\\\/bougie-lights-out-hearts-on-vanille-et-lait-copia\\\/\",\"url\":\"https:\\\/\\\/www.pernici.com\\\/fr\\\/prodotto\\\/bougie-lights-out-hearts-on-vanille-et-lait-copia\\\/\",\"name\":\"Wrinkled Thoughts 'Good Lights & Good Vibes' - Pernici Waxworks\",\"isPartOf\":{\"@id\":\"https:\\\/\\\/www.pernici.com\\\/fr\\\/#website\"},\"primaryImageOfPage\":{\"@id\":\"https:\\\/\\\/www.pernici.com\\\/fr\\\/prodotto\\\/bougie-lights-out-hearts-on-vanille-et-lait-copia\\\/#primaryimage\"},\"image\":{\"@id\":\"https:\\\/\\\/www.pernici.com\\\/fr\\\/prodotto\\\/bougie-lights-out-hearts-on-vanille-et-lait-copia\\\/#primaryimage\"},\"thumbnailUrl\":\"https:\\\/\\\/www.pernici.com\\\/wp-content\\\/uploads\\\/2025\\\/09\\\/Candela-profumata-particolare-Pensieri-Stropicciati-\u2013-Good-light-good-vibes-still-life.jpg\",\"datePublished\":\"2026-04-01T09:11:39+00:00\",\"dateModified\":\"2026-04-01T09:18:04+00:00\",\"description\":\"D\u00e9couvrez la bougie 'Good Lights & Good Vibes' au parfum Vanilla & Milk : des notes douces et cr\u00e9meuses pour une atmosph\u00e8re positive, chaleureuse et accueillante.\",\"breadcrumb\":{\"@id\":\"https:\\\/\\\/www.pernici.com\\\/fr\\\/prodotto\\\/bougie-lights-out-hearts-on-vanille-et-lait-copia\\\/#breadcrumb\"},\"inLanguage\":\"fr-FR\",\"potentialAction\":[{\"@type\":\"ReadAction\",\"target\":[\"https:\\\/\\\/www.pernici.com\\\/fr\\\/prodotto\\\/bougie-lights-out-hearts-on-vanille-et-lait-copia\\\/\"]}]},{\"@type\":\"ImageObject\",\"inLanguage\":\"fr-FR\",\"@id\":\"https:\\\/\\\/www.pernici.com\\\/fr\\\/prodotto\\\/bougie-lights-out-hearts-on-vanille-et-lait-copia\\\/#primaryimage\",\"url\":\"https:\\\/\\\/www.pernici.com\\\/wp-content\\\/uploads\\\/2025\\\/09\\\/Candela-profumata-particolare-Pensieri-Stropicciati-\u2013-Good-light-good-vibes-still-life.jpg\",\"contentUrl\":\"https:\\\/\\\/www.pernici.com\\\/wp-content\\\/uploads\\\/2025\\\/09\\\/Candela-profumata-particolare-Pensieri-Stropicciati-\u2013-Good-light-good-vibes-still-life.jpg\",\"width\":2000,\"height\":2000},{\"@type\":\"BreadcrumbList\",\"@id\":\"https:\\\/\\\/www.pernici.com\\\/fr\\\/prodotto\\\/bougie-lights-out-hearts-on-vanille-et-lait-copia\\\/#breadcrumb\",\"itemListElement\":[{\"@type\":\"ListItem\",\"position\":1,\"name\":\"Accueil\",\"item\":\"https:\\\/\\\/www.pernici.com\\\/fr\\\/\"},{\"@type\":\"ListItem\",\"position\":2,\"name\":\"Boutique\",\"item\":\"https:\\\/\\\/www.pernici.com\\\/fr\\\/boutique\\\/\"},{\"@type\":\"ListItem\",\"position\":3,\"name\":\"Bougies\",\"item\":\"https:\\\/\\\/www.pernici.com\\\/fr\\\/categoria-prodotto\\\/bougies\\\/\"},{\"@type\":\"ListItem\",\"position\":4,\"name\":\"Bougie Good lights &amp; Good vibes &#8211; Vanille et lait\"}]},{\"@type\":\"WebSite\",\"@id\":\"https:\\\/\\\/www.pernici.com\\\/fr\\\/#website\",\"url\":\"https:\\\/\\\/www.pernici.com\\\/fr\\\/\",\"name\":\"Cereria Pernici Shop\",\"description\":\"una candela non illumina soltanto: racconta chi sei \",\"publisher\":{\"@id\":\"https:\\\/\\\/www.pernici.com\\\/fr\\\/#organization\"},\"potentialAction\":[{\"@type\":\"SearchAction\",\"target\":{\"@type\":\"EntryPoint\",\"urlTemplate\":\"https:\\\/\\\/www.pernici.com\\\/fr\\\/?s={search_term_string}\"},\"query-input\":{\"@type\":\"PropertyValueSpecification\",\"valueRequired\":true,\"valueName\":\"search_term_string\"}}],\"inLanguage\":\"fr-FR\"},{\"@type\":\"Organization\",\"@id\":\"https:\\\/\\\/www.pernici.com\\\/fr\\\/#organization\",\"name\":\"Cereria Pernici Shop\",\"url\":\"https:\\\/\\\/www.pernici.com\\\/fr\\\/\",\"logo\":{\"@type\":\"ImageObject\",\"inLanguage\":\"fr-FR\",\"@id\":\"https:\\\/\\\/www.pernici.com\\\/fr\\\/#\\\/schema\\\/logo\\\/image\\\/\",\"url\":\"https:\\\/\\\/www.pernici.com\\\/wp-content\\\/uploads\\\/2025\\\/07\\\/logo_pernici.png\",\"contentUrl\":\"https:\\\/\\\/www.pernici.com\\\/wp-content\\\/uploads\\\/2025\\\/07\\\/logo_pernici.png\",\"width\":432,\"height\":189,\"caption\":\"Cereria Pernici Shop\"},\"image\":{\"@id\":\"https:\\\/\\\/www.pernici.com\\\/fr\\\/#\\\/schema\\\/logo\\\/image\\\/\"},\"sameAs\":[\"https:\\\/\\\/www.facebook.com\\\/cereriapernici\",\"https:\\\/\\\/www.instagram.com\\\/cereriapernici\\\/\"]}]}<\/script>\n<!-- \/ Yoast SEO plugin. -->","yoast_head_json":{"title":"Wrinkled Thoughts 'Good Lights & Good Vibes' - Pernici Waxworks","description":"D\u00e9couvrez la bougie 'Good Lights & Good Vibes' au parfum Vanilla & Milk : des notes douces et cr\u00e9meuses pour une atmosph\u00e8re positive, chaleureuse et accueillante.","robots":{"index":"index","follow":"follow","max-snippet":"max-snippet:-1","max-image-preview":"max-image-preview:large","max-video-preview":"max-video-preview:-1"},"canonical":"https:\/\/www.pernici.com\/fr\/prodotto\/bougie-lights-out-hearts-on-vanille-et-lait-copia\/","og_locale":"fr_FR","og_type":"article","og_title":"Wrinkled Thoughts 'Good Lights & Good Vibes' - Pernici Waxworks","og_description":"D\u00e9couvrez la bougie 'Good Lights & Good Vibes' au parfum Vanilla & Milk : des notes douces et cr\u00e9meuses pour une atmosph\u00e8re positive, chaleureuse et accueillante.","og_url":"https:\/\/www.pernici.com\/fr\/prodotto\/bougie-lights-out-hearts-on-vanille-et-lait-copia\/","og_site_name":"Cereria Pernici","article_publisher":"https:\/\/www.facebook.com\/cereriapernici","article_modified_time":"2026-04-01T09:18:04+00:00","og_image":[{"width":2000,"height":2000,"url":"https:\/\/www.pernici.com\/wp-content\/uploads\/2025\/09\/Candela-profumata-particolare-Pensieri-Stropicciati-\u2013-Good-light-good-vibes-still-life.jpg","type":"image\/jpeg"}],"twitter_card":"summary_large_image","twitter_misc":{"Dur\u00e9e de lecture estim\u00e9e":"1 minute"},"schema":{"@context":"https:\/\/schema.org","@graph":[{"@type":"WebPage","@id":"https:\/\/www.pernici.com\/fr\/prodotto\/bougie-lights-out-hearts-on-vanille-et-lait-copia\/","url":"https:\/\/www.pernici.com\/fr\/prodotto\/bougie-lights-out-hearts-on-vanille-et-lait-copia\/","name":"Wrinkled Thoughts 'Good Lights & Good Vibes' - Pernici Waxworks","isPartOf":{"@id":"https:\/\/www.pernici.com\/fr\/#website"},"primaryImageOfPage":{"@id":"https:\/\/www.pernici.com\/fr\/prodotto\/bougie-lights-out-hearts-on-vanille-et-lait-copia\/#primaryimage"},"image":{"@id":"https:\/\/www.pernici.com\/fr\/prodotto\/bougie-lights-out-hearts-on-vanille-et-lait-copia\/#primaryimage"},"thumbnailUrl":"https:\/\/www.pernici.com\/wp-content\/uploads\/2025\/09\/Candela-profumata-particolare-Pensieri-Stropicciati-\u2013-Good-light-good-vibes-still-life.jpg","datePublished":"2026-04-01T09:11:39+00:00","dateModified":"2026-04-01T09:18:04+00:00","description":"D\u00e9couvrez la bougie 'Good Lights & Good Vibes' au parfum Vanilla & Milk : des notes douces et cr\u00e9meuses pour une atmosph\u00e8re positive, chaleureuse et accueillante.","breadcrumb":{"@id":"https:\/\/www.pernici.com\/fr\/prodotto\/bougie-lights-out-hearts-on-vanille-et-lait-copia\/#breadcrumb"},"inLanguage":"fr-FR","potentialAction":[{"@type":"ReadAction","target":["https:\/\/www.pernici.com\/fr\/prodotto\/bougie-lights-out-hearts-on-vanille-et-lait-copia\/"]}]},{"@type":"ImageObject","inLanguage":"fr-FR","@id":"https:\/\/www.pernici.com\/fr\/prodotto\/bougie-lights-out-hearts-on-vanille-et-lait-copia\/#primaryimage","url":"https:\/\/www.pernici.com\/wp-content\/uploads\/2025\/09\/Candela-profumata-particolare-Pensieri-Stropicciati-\u2013-Good-light-good-vibes-still-life.jpg","contentUrl":"https:\/\/www.pernici.com\/wp-content\/uploads\/2025\/09\/Candela-profumata-particolare-Pensieri-Stropicciati-\u2013-Good-light-good-vibes-still-life.jpg","width":2000,"height":2000},{"@type":"BreadcrumbList","@id":"https:\/\/www.pernici.com\/fr\/prodotto\/bougie-lights-out-hearts-on-vanille-et-lait-copia\/#breadcrumb","itemListElement":[{"@type":"ListItem","position":1,"name":"Accueil","item":"https:\/\/www.pernici.com\/fr\/"},{"@type":"ListItem","position":2,"name":"Boutique","item":"https:\/\/www.pernici.com\/fr\/boutique\/"},{"@type":"ListItem","position":3,"name":"Bougies","item":"https:\/\/www.pernici.com\/fr\/categoria-prodotto\/bougies\/"},{"@type":"ListItem","position":4,"name":"Bougie Good lights &amp; Good vibes &#8211; Vanille et lait"}]},{"@type":"WebSite","@id":"https:\/\/www.pernici.com\/fr\/#website","url":"https:\/\/www.pernici.com\/fr\/","name":"Cereria Pernici Shop","description":"una candela non illumina soltanto: racconta chi sei ","publisher":{"@id":"https:\/\/www.pernici.com\/fr\/#organization"},"potentialAction":[{"@type":"SearchAction","target":{"@type":"EntryPoint","urlTemplate":"https:\/\/www.pernici.com\/fr\/?s={search_term_string}"},"query-input":{"@type":"PropertyValueSpecification","valueRequired":true,"valueName":"search_term_string"}}],"inLanguage":"fr-FR"},{"@type":"Organization","@id":"https:\/\/www.pernici.com\/fr\/#organization","name":"Cereria Pernici Shop","url":"https:\/\/www.pernici.com\/fr\/","logo":{"@type":"ImageObject","inLanguage":"fr-FR","@id":"https:\/\/www.pernici.com\/fr\/#\/schema\/logo\/image\/","url":"https:\/\/www.pernici.com\/wp-content\/uploads\/2025\/07\/logo_pernici.png","contentUrl":"https:\/\/www.pernici.com\/wp-content\/uploads\/2025\/07\/logo_pernici.png","width":432,"height":189,"caption":"Cereria Pernici Shop"},"image":{"@id":"https:\/\/www.pernici.com\/fr\/#\/schema\/logo\/image\/"},"sameAs":["https:\/\/www.facebook.com\/cereriapernici","https:\/\/www.instagram.com\/cereriapernici\/"]}]}},"_links":{"self":[{"href":"https:\/\/www.pernici.com\/fr\/wp-json\/wp\/v2\/product\/6104","targetHints":{"allow":["GET"]}}],"collection":[{"href":"https:\/\/www.pernici.com\/fr\/wp-json\/wp\/v2\/product"}],"about":[{"href":"https:\/\/www.pernici.com\/fr\/wp-json\/wp\/v2\/types\/product"}],"wp:featuredmedia":[{"embeddable":true,"href":"https:\/\/www.pernici.com\/fr\/wp-json\/wp\/v2\/media\/6071"}],"wp:attachment":[{"href":"https:\/\/www.pernici.com\/fr\/wp-json\/wp\/v2\/media?parent=6104"}],"wp:term":[{"taxonomy":"product_col","embeddable":true,"href":"https:\/\/www.pernici.com\/fr\/wp-json\/wp\/v2\/product_col?post=6104"},{"taxonomy":"product_brand","embeddable":true,"href":"https:\/\/www.pernici.com\/fr\/wp-json\/wp\/v2\/product_brand?post=6104"},{"taxonomy":"product_cat","embeddable":true,"href":"https:\/\/www.pernici.com\/fr\/wp-json\/wp\/v2\/product_cat?post=6104"},{"taxonomy":"product_tag","embeddable":true,"href":"https:\/\/www.pernici.com\/fr\/wp-json\/wp\/v2\/product_tag?post=6104"}],"curies":[{"name":"wp","href":"https:\/\/api.w.org\/{rel}","templated":true}]}}