{"id":6092,"date":"2026-04-01T09:00:54","date_gmt":"2026-04-01T09:00:54","guid":{"rendered":"https:\/\/www.pernici.com\/?post_type=product&#038;p=6092"},"modified":"2026-04-01T09:10:39","modified_gmt":"2026-04-01T09:10:39","slug":"bougie-quand-tu-me-regardes-je-fonds-vanille-et-lait-copia","status":"publish","type":"product","link":"https:\/\/www.pernici.com\/fr\/prodotto\/bougie-quand-tu-me-regardes-je-fonds-vanille-et-lait-copia\/","title":{"rendered":"Bougie \u00ab\u00a0Lights Out &amp; Hearts On\u00a0\u00bb &#8211; Vanille et lait"},"content":{"rendered":"<p class=\"p1\">Lights Out and Hearts On\u00a0\u00bb parle de ces moments suspendus o\u00f9 tout ralentit et o\u00f9 les \u00e9motions deviennent plus intenses. C&rsquo;est la magie des lumi\u00e8res tamis\u00e9es, des pr\u00e9sences qui comptent et des sentiments qui s&rsquo;approfondissent lorsque le monde ext\u00e9rieur s&rsquo;assombrit. <\/p>\n<p class=\"p1\">Nous avons choisi de l&rsquo;associer \u00e0 la fragrance <span class=\"s1\"><b>Vanille &amp; Lait<\/b><\/span>une combinaison douce et enveloppante qui \u00e9voque la chaleur de quelque chose de familier et de rassurant. La douceur velout\u00e9e de la vanille se m\u00eale \u00e0 l&rsquo;onctuosit\u00e9 d\u00e9licate du lait, cr\u00e9ant un parfum chaleureux, douillet et irr\u00e9sistiblement confortable. <\/p>\n<p class=\"p1\">Cette bougie est con\u00e7ue pour accompagner les soir\u00e9es intimes, les moments de d\u00e9tente ou les moments partag\u00e9s avec ceux que vous aimez. Une lumi\u00e8re douce qui transforme tout espace en un refuge chaleureux o\u00f9 vous vous sentirez toujours chez vous. <\/p>\n","protected":false},"excerpt":{"rendered":"<p class=\"p1\">Une phrase qui r\u00e9chauffe l&rsquo;atmosph\u00e8re et enflamme les sentiments. Le parfum Vanilla &amp; Milk enveloppe l&rsquo;espace de notes douces, cr\u00e9meuses et rassurantes. <\/p>\n","protected":false},"featured_media":6072,"template":"","meta":{"_acf_changed":false},"product_col":[],"product_brand":[],"product_cat":[70,69,109,108,107],"product_tag":[],"class_list":{"0":"post-6092","1":"product","2":"type-product","3":"status-publish","4":"has-post-thumbnail","6":"product_cat-actualites","7":"product_cat-bougies","8":"product_cat-bougies-avec-phrases","9":"product_cat-bougies-parfumees","10":"product_cat-mois-des-meilleures-ventes","12":"first","13":"instock","14":"taxable","15":"shipping-taxable","16":"purchasable","17":"product-type-simple"},"acf":[],"yoast_head":"<!-- This site is optimized with the Yoast SEO plugin v27.4 - https:\/\/yoast.com\/product\/yoast-seo-wordpress\/ -->\n<title>Wrinkled Thoughts &#039;Lights Out and Hearts On&#039; - Pernici Waxworks<\/title>\n<meta name=\"description\" content=\"D\u00e9couvrez la bougie &#039;Lights Out and Hearts On&#039; au parfum Vanilla &amp; Milk : des notes douces et cr\u00e9meuses pour une atmosph\u00e8re chaleureuse, intime et enveloppante.\" \/>\n<meta name=\"robots\" content=\"index, follow, max-snippet:-1, max-image-preview:large, max-video-preview:-1\" \/>\n<link rel=\"canonical\" href=\"https:\/\/www.pernici.com\/fr\/prodotto\/bougie-quand-tu-me-regardes-je-fonds-vanille-et-lait-copia\/\" \/>\n<meta property=\"og:locale\" content=\"fr_FR\" \/>\n<meta property=\"og:type\" content=\"article\" \/>\n<meta property=\"og:title\" content=\"Wrinkled Thoughts &#039;Lights Out and Hearts On&#039; - Pernici Waxworks\" \/>\n<meta property=\"og:description\" content=\"D\u00e9couvrez la bougie &#039;Lights Out and Hearts On&#039; au parfum Vanilla &amp; Milk : des notes douces et cr\u00e9meuses pour une atmosph\u00e8re chaleureuse, intime et enveloppante.\" \/>\n<meta property=\"og:url\" content=\"https:\/\/www.pernici.com\/fr\/prodotto\/bougie-quand-tu-me-regardes-je-fonds-vanille-et-lait-copia\/\" \/>\n<meta property=\"og:site_name\" content=\"Cereria Pernici\" \/>\n<meta property=\"article:publisher\" content=\"https:\/\/www.facebook.com\/cereriapernici\" \/>\n<meta property=\"article:modified_time\" content=\"2026-04-01T09:10:39+00:00\" \/>\n<meta property=\"og:image\" content=\"https:\/\/www.pernici.com\/wp-content\/uploads\/2025\/09\/Candela-profumata-particolare-Pensieri-Stropicciati-\u2013-Luci-spente-e-cuori-accesi-still-life.jpg\" \/>\n\t<meta property=\"og:image:width\" content=\"2000\" \/>\n\t<meta property=\"og:image:height\" content=\"2000\" \/>\n\t<meta property=\"og:image:type\" content=\"image\/jpeg\" \/>\n<meta name=\"twitter:card\" content=\"summary_large_image\" \/>\n<meta name=\"twitter:label1\" content=\"Dur\u00e9e de lecture estim\u00e9e\" \/>\n\t<meta name=\"twitter:data1\" content=\"1 minute\" \/>\n<script type=\"application\/ld+json\" class=\"yoast-schema-graph\">{\"@context\":\"https:\\\/\\\/schema.org\",\"@graph\":[{\"@type\":\"WebPage\",\"@id\":\"https:\\\/\\\/www.pernici.com\\\/fr\\\/prodotto\\\/bougie-quand-tu-me-regardes-je-fonds-vanille-et-lait-copia\\\/\",\"url\":\"https:\\\/\\\/www.pernici.com\\\/fr\\\/prodotto\\\/bougie-quand-tu-me-regardes-je-fonds-vanille-et-lait-copia\\\/\",\"name\":\"Wrinkled Thoughts 'Lights Out and Hearts On' - Pernici Waxworks\",\"isPartOf\":{\"@id\":\"https:\\\/\\\/www.pernici.com\\\/fr\\\/#website\"},\"primaryImageOfPage\":{\"@id\":\"https:\\\/\\\/www.pernici.com\\\/fr\\\/prodotto\\\/bougie-quand-tu-me-regardes-je-fonds-vanille-et-lait-copia\\\/#primaryimage\"},\"image\":{\"@id\":\"https:\\\/\\\/www.pernici.com\\\/fr\\\/prodotto\\\/bougie-quand-tu-me-regardes-je-fonds-vanille-et-lait-copia\\\/#primaryimage\"},\"thumbnailUrl\":\"https:\\\/\\\/www.pernici.com\\\/wp-content\\\/uploads\\\/2025\\\/09\\\/Candela-profumata-particolare-Pensieri-Stropicciati-\u2013-Luci-spente-e-cuori-accesi-still-life.jpg\",\"datePublished\":\"2026-04-01T09:00:54+00:00\",\"dateModified\":\"2026-04-01T09:10:39+00:00\",\"description\":\"D\u00e9couvrez la bougie 'Lights Out and Hearts On' au parfum Vanilla & Milk : des notes douces et cr\u00e9meuses pour une atmosph\u00e8re chaleureuse, intime et enveloppante.\",\"breadcrumb\":{\"@id\":\"https:\\\/\\\/www.pernici.com\\\/fr\\\/prodotto\\\/bougie-quand-tu-me-regardes-je-fonds-vanille-et-lait-copia\\\/#breadcrumb\"},\"inLanguage\":\"fr-FR\",\"potentialAction\":[{\"@type\":\"ReadAction\",\"target\":[\"https:\\\/\\\/www.pernici.com\\\/fr\\\/prodotto\\\/bougie-quand-tu-me-regardes-je-fonds-vanille-et-lait-copia\\\/\"]}]},{\"@type\":\"ImageObject\",\"inLanguage\":\"fr-FR\",\"@id\":\"https:\\\/\\\/www.pernici.com\\\/fr\\\/prodotto\\\/bougie-quand-tu-me-regardes-je-fonds-vanille-et-lait-copia\\\/#primaryimage\",\"url\":\"https:\\\/\\\/www.pernici.com\\\/wp-content\\\/uploads\\\/2025\\\/09\\\/Candela-profumata-particolare-Pensieri-Stropicciati-\u2013-Luci-spente-e-cuori-accesi-still-life.jpg\",\"contentUrl\":\"https:\\\/\\\/www.pernici.com\\\/wp-content\\\/uploads\\\/2025\\\/09\\\/Candela-profumata-particolare-Pensieri-Stropicciati-\u2013-Luci-spente-e-cuori-accesi-still-life.jpg\",\"width\":2000,\"height\":2000},{\"@type\":\"BreadcrumbList\",\"@id\":\"https:\\\/\\\/www.pernici.com\\\/fr\\\/prodotto\\\/bougie-quand-tu-me-regardes-je-fonds-vanille-et-lait-copia\\\/#breadcrumb\",\"itemListElement\":[{\"@type\":\"ListItem\",\"position\":1,\"name\":\"Accueil\",\"item\":\"https:\\\/\\\/www.pernici.com\\\/fr\\\/\"},{\"@type\":\"ListItem\",\"position\":2,\"name\":\"Boutique\",\"item\":\"https:\\\/\\\/www.pernici.com\\\/fr\\\/boutique\\\/\"},{\"@type\":\"ListItem\",\"position\":3,\"name\":\"Bougies\",\"item\":\"https:\\\/\\\/www.pernici.com\\\/fr\\\/categoria-prodotto\\\/bougies\\\/\"},{\"@type\":\"ListItem\",\"position\":4,\"name\":\"Bougie &#8220;Lights Out &amp; Hearts On&#8221; &#8211; Vanille et lait\"}]},{\"@type\":\"WebSite\",\"@id\":\"https:\\\/\\\/www.pernici.com\\\/fr\\\/#website\",\"url\":\"https:\\\/\\\/www.pernici.com\\\/fr\\\/\",\"name\":\"Cereria Pernici Shop\",\"description\":\"una candela non illumina soltanto: racconta chi sei \",\"publisher\":{\"@id\":\"https:\\\/\\\/www.pernici.com\\\/fr\\\/#organization\"},\"potentialAction\":[{\"@type\":\"SearchAction\",\"target\":{\"@type\":\"EntryPoint\",\"urlTemplate\":\"https:\\\/\\\/www.pernici.com\\\/fr\\\/?s={search_term_string}\"},\"query-input\":{\"@type\":\"PropertyValueSpecification\",\"valueRequired\":true,\"valueName\":\"search_term_string\"}}],\"inLanguage\":\"fr-FR\"},{\"@type\":\"Organization\",\"@id\":\"https:\\\/\\\/www.pernici.com\\\/fr\\\/#organization\",\"name\":\"Cereria Pernici Shop\",\"url\":\"https:\\\/\\\/www.pernici.com\\\/fr\\\/\",\"logo\":{\"@type\":\"ImageObject\",\"inLanguage\":\"fr-FR\",\"@id\":\"https:\\\/\\\/www.pernici.com\\\/fr\\\/#\\\/schema\\\/logo\\\/image\\\/\",\"url\":\"https:\\\/\\\/www.pernici.com\\\/wp-content\\\/uploads\\\/2025\\\/07\\\/logo_pernici.png\",\"contentUrl\":\"https:\\\/\\\/www.pernici.com\\\/wp-content\\\/uploads\\\/2025\\\/07\\\/logo_pernici.png\",\"width\":432,\"height\":189,\"caption\":\"Cereria Pernici Shop\"},\"image\":{\"@id\":\"https:\\\/\\\/www.pernici.com\\\/fr\\\/#\\\/schema\\\/logo\\\/image\\\/\"},\"sameAs\":[\"https:\\\/\\\/www.facebook.com\\\/cereriapernici\",\"https:\\\/\\\/www.instagram.com\\\/cereriapernici\\\/\"]}]}<\/script>\n<!-- \/ Yoast SEO plugin. -->","yoast_head_json":{"title":"Wrinkled Thoughts 'Lights Out and Hearts On' - Pernici Waxworks","description":"D\u00e9couvrez la bougie 'Lights Out and Hearts On' au parfum Vanilla & Milk : des notes douces et cr\u00e9meuses pour une atmosph\u00e8re chaleureuse, intime et enveloppante.","robots":{"index":"index","follow":"follow","max-snippet":"max-snippet:-1","max-image-preview":"max-image-preview:large","max-video-preview":"max-video-preview:-1"},"canonical":"https:\/\/www.pernici.com\/fr\/prodotto\/bougie-quand-tu-me-regardes-je-fonds-vanille-et-lait-copia\/","og_locale":"fr_FR","og_type":"article","og_title":"Wrinkled Thoughts 'Lights Out and Hearts On' - Pernici Waxworks","og_description":"D\u00e9couvrez la bougie 'Lights Out and Hearts On' au parfum Vanilla & Milk : des notes douces et cr\u00e9meuses pour une atmosph\u00e8re chaleureuse, intime et enveloppante.","og_url":"https:\/\/www.pernici.com\/fr\/prodotto\/bougie-quand-tu-me-regardes-je-fonds-vanille-et-lait-copia\/","og_site_name":"Cereria Pernici","article_publisher":"https:\/\/www.facebook.com\/cereriapernici","article_modified_time":"2026-04-01T09:10:39+00:00","og_image":[{"width":2000,"height":2000,"url":"https:\/\/www.pernici.com\/wp-content\/uploads\/2025\/09\/Candela-profumata-particolare-Pensieri-Stropicciati-\u2013-Luci-spente-e-cuori-accesi-still-life.jpg","type":"image\/jpeg"}],"twitter_card":"summary_large_image","twitter_misc":{"Dur\u00e9e de lecture estim\u00e9e":"1 minute"},"schema":{"@context":"https:\/\/schema.org","@graph":[{"@type":"WebPage","@id":"https:\/\/www.pernici.com\/fr\/prodotto\/bougie-quand-tu-me-regardes-je-fonds-vanille-et-lait-copia\/","url":"https:\/\/www.pernici.com\/fr\/prodotto\/bougie-quand-tu-me-regardes-je-fonds-vanille-et-lait-copia\/","name":"Wrinkled Thoughts 'Lights Out and Hearts On' - Pernici Waxworks","isPartOf":{"@id":"https:\/\/www.pernici.com\/fr\/#website"},"primaryImageOfPage":{"@id":"https:\/\/www.pernici.com\/fr\/prodotto\/bougie-quand-tu-me-regardes-je-fonds-vanille-et-lait-copia\/#primaryimage"},"image":{"@id":"https:\/\/www.pernici.com\/fr\/prodotto\/bougie-quand-tu-me-regardes-je-fonds-vanille-et-lait-copia\/#primaryimage"},"thumbnailUrl":"https:\/\/www.pernici.com\/wp-content\/uploads\/2025\/09\/Candela-profumata-particolare-Pensieri-Stropicciati-\u2013-Luci-spente-e-cuori-accesi-still-life.jpg","datePublished":"2026-04-01T09:00:54+00:00","dateModified":"2026-04-01T09:10:39+00:00","description":"D\u00e9couvrez la bougie 'Lights Out and Hearts On' au parfum Vanilla & Milk : des notes douces et cr\u00e9meuses pour une atmosph\u00e8re chaleureuse, intime et enveloppante.","breadcrumb":{"@id":"https:\/\/www.pernici.com\/fr\/prodotto\/bougie-quand-tu-me-regardes-je-fonds-vanille-et-lait-copia\/#breadcrumb"},"inLanguage":"fr-FR","potentialAction":[{"@type":"ReadAction","target":["https:\/\/www.pernici.com\/fr\/prodotto\/bougie-quand-tu-me-regardes-je-fonds-vanille-et-lait-copia\/"]}]},{"@type":"ImageObject","inLanguage":"fr-FR","@id":"https:\/\/www.pernici.com\/fr\/prodotto\/bougie-quand-tu-me-regardes-je-fonds-vanille-et-lait-copia\/#primaryimage","url":"https:\/\/www.pernici.com\/wp-content\/uploads\/2025\/09\/Candela-profumata-particolare-Pensieri-Stropicciati-\u2013-Luci-spente-e-cuori-accesi-still-life.jpg","contentUrl":"https:\/\/www.pernici.com\/wp-content\/uploads\/2025\/09\/Candela-profumata-particolare-Pensieri-Stropicciati-\u2013-Luci-spente-e-cuori-accesi-still-life.jpg","width":2000,"height":2000},{"@type":"BreadcrumbList","@id":"https:\/\/www.pernici.com\/fr\/prodotto\/bougie-quand-tu-me-regardes-je-fonds-vanille-et-lait-copia\/#breadcrumb","itemListElement":[{"@type":"ListItem","position":1,"name":"Accueil","item":"https:\/\/www.pernici.com\/fr\/"},{"@type":"ListItem","position":2,"name":"Boutique","item":"https:\/\/www.pernici.com\/fr\/boutique\/"},{"@type":"ListItem","position":3,"name":"Bougies","item":"https:\/\/www.pernici.com\/fr\/categoria-prodotto\/bougies\/"},{"@type":"ListItem","position":4,"name":"Bougie &#8220;Lights Out &amp; Hearts On&#8221; &#8211; Vanille et lait"}]},{"@type":"WebSite","@id":"https:\/\/www.pernici.com\/fr\/#website","url":"https:\/\/www.pernici.com\/fr\/","name":"Cereria Pernici Shop","description":"una candela non illumina soltanto: racconta chi sei ","publisher":{"@id":"https:\/\/www.pernici.com\/fr\/#organization"},"potentialAction":[{"@type":"SearchAction","target":{"@type":"EntryPoint","urlTemplate":"https:\/\/www.pernici.com\/fr\/?s={search_term_string}"},"query-input":{"@type":"PropertyValueSpecification","valueRequired":true,"valueName":"search_term_string"}}],"inLanguage":"fr-FR"},{"@type":"Organization","@id":"https:\/\/www.pernici.com\/fr\/#organization","name":"Cereria Pernici Shop","url":"https:\/\/www.pernici.com\/fr\/","logo":{"@type":"ImageObject","inLanguage":"fr-FR","@id":"https:\/\/www.pernici.com\/fr\/#\/schema\/logo\/image\/","url":"https:\/\/www.pernici.com\/wp-content\/uploads\/2025\/07\/logo_pernici.png","contentUrl":"https:\/\/www.pernici.com\/wp-content\/uploads\/2025\/07\/logo_pernici.png","width":432,"height":189,"caption":"Cereria Pernici Shop"},"image":{"@id":"https:\/\/www.pernici.com\/fr\/#\/schema\/logo\/image\/"},"sameAs":["https:\/\/www.facebook.com\/cereriapernici","https:\/\/www.instagram.com\/cereriapernici\/"]}]}},"_links":{"self":[{"href":"https:\/\/www.pernici.com\/fr\/wp-json\/wp\/v2\/product\/6092","targetHints":{"allow":["GET"]}}],"collection":[{"href":"https:\/\/www.pernici.com\/fr\/wp-json\/wp\/v2\/product"}],"about":[{"href":"https:\/\/www.pernici.com\/fr\/wp-json\/wp\/v2\/types\/product"}],"wp:featuredmedia":[{"embeddable":true,"href":"https:\/\/www.pernici.com\/fr\/wp-json\/wp\/v2\/media\/6072"}],"wp:attachment":[{"href":"https:\/\/www.pernici.com\/fr\/wp-json\/wp\/v2\/media?parent=6092"}],"wp:term":[{"taxonomy":"product_col","embeddable":true,"href":"https:\/\/www.pernici.com\/fr\/wp-json\/wp\/v2\/product_col?post=6092"},{"taxonomy":"product_brand","embeddable":true,"href":"https:\/\/www.pernici.com\/fr\/wp-json\/wp\/v2\/product_brand?post=6092"},{"taxonomy":"product_cat","embeddable":true,"href":"https:\/\/www.pernici.com\/fr\/wp-json\/wp\/v2\/product_cat?post=6092"},{"taxonomy":"product_tag","embeddable":true,"href":"https:\/\/www.pernici.com\/fr\/wp-json\/wp\/v2\/product_tag?post=6092"}],"curies":[{"name":"wp","href":"https:\/\/api.w.org\/{rel}","templated":true}]}}