{"id":6013,"date":"2026-03-31T14:56:48","date_gmt":"2026-03-31T14:56:48","guid":{"rendered":"https:\/\/www.pernici.com\/?post_type=product&#038;p=6013"},"modified":"2026-03-31T15:01:57","modified_gmt":"2026-03-31T15:01:57","slug":"mots-lumieres-le-temps-de-briller-mandarine-neroli-copia","status":"publish","type":"product","link":"https:\/\/www.pernici.com\/fr\/prodotto\/mots-lumieres-le-temps-de-briller-mandarine-neroli-copia\/","title":{"rendered":"Words &amp; Lights &#8211; Light up your life &#8211; Fig &amp; Soft Amber"},"content":{"rendered":"<p class=\"p1\"><span class=\"s1\">Apprenez \u00e0 ralentir, \u00e0 choisir ce qui vous permet de vous sentir en s\u00e9curit\u00e9. <\/span><span class=\"s1\">en s\u00e9curit\u00e9 : une invitation silencieuse \u00e0 prot\u00e9ger votre lumi\u00e8re int\u00e9rieure et \u00e0 la nourrir <\/span><span class=\"s1\">Prot\u00e9gez votre lumi\u00e8re int\u00e9rieure et nourrissez-la avec des gestes simples, pleins de pr\u00e9sence.<\/span><\/p>\n<p class=\"p1\"><span class=\"s2\">La rondeur enveloppante de la figue se m\u00eale \u00e0 la chaleur de l&rsquo;ambre doux dans une fragrance intime. <\/span><span class=\"s2\">de l&rsquo;ambre doux dans une fragrance intime <\/span><span class=\"s2\">et rassurante qui embrasse les sens.<\/span><\/p>\n","protected":false},"excerpt":{"rendered":"<p><span class=\"s1\">Une invitation silencieuse \u00e0 prot\u00e9ger votre lumi\u00e8re int\u00e9rieure <\/span><span class=\"s1\">Une invitation silencieuse \u00e0 prot\u00e9ger votre lumi\u00e8re int\u00e9rieure et \u00e0 la nourrir par des gestes simples, pleins de pr\u00e9sence.<\/span><\/p>\n<p class=\"p1\">\n","protected":false},"featured_media":6008,"template":"","meta":{"_acf_changed":false},"product_col":[],"product_brand":[],"product_cat":[70,69,109,108,107],"product_tag":[76],"class_list":{"0":"post-6013","1":"product","2":"type-product","3":"status-publish","4":"has-post-thumbnail","6":"product_cat-actualites","7":"product_cat-bougies","8":"product_cat-bougies-avec-phrases","9":"product_cat-bougies-parfumees","10":"product_cat-mois-des-meilleures-ventes","11":"product_tag-350-g","13":"first","14":"instock","15":"taxable","16":"shipping-taxable","17":"purchasable","18":"product-type-simple"},"acf":[],"yoast_head":"<!-- This site is optimized with the Yoast SEO plugin v27.2 - https:\/\/yoast.com\/product\/yoast-seo-wordpress\/ -->\n<title>Words &amp; Lights - Light up your life - Fig &amp; Soft Amber - Cereria Pernici<\/title>\n<meta name=\"description\" content=\"D\u00e9couvrez la fragrance Figue &amp; Ambre Doux : des notes enveloppantes de figue et d&#039;ambre pour une ambiance chaleureuse et rassurante. Illuminez votre vie avec un rituel de bien-\u00eatre\" \/>\n<meta name=\"robots\" content=\"index, follow, max-snippet:-1, max-image-preview:large, max-video-preview:-1\" \/>\n<link rel=\"canonical\" href=\"https:\/\/www.pernici.com\/fr\/prodotto\/mots-lumieres-le-temps-de-briller-mandarine-neroli-copia\/\" \/>\n<meta property=\"og:locale\" content=\"fr_FR\" \/>\n<meta property=\"og:type\" content=\"article\" \/>\n<meta property=\"og:title\" content=\"Words &amp; Lights - Light up your life - Fig &amp; Soft Amber - Cereria Pernici\" \/>\n<meta property=\"og:description\" content=\"D\u00e9couvrez la fragrance Figue &amp; Ambre Doux : des notes enveloppantes de figue et d&#039;ambre pour une ambiance chaleureuse et rassurante. Illuminez votre vie avec un rituel de bien-\u00eatre\" \/>\n<meta property=\"og:url\" content=\"https:\/\/www.pernici.com\/fr\/prodotto\/mots-lumieres-le-temps-de-briller-mandarine-neroli-copia\/\" \/>\n<meta property=\"og:site_name\" content=\"Cereria Pernici\" \/>\n<meta property=\"article:publisher\" content=\"https:\/\/www.facebook.com\/cereriapernici\" \/>\n<meta property=\"article:modified_time\" content=\"2026-03-31T15:01:57+00:00\" \/>\n<meta property=\"og:image\" content=\"https:\/\/www.pernici.com\/wp-content\/uploads\/2026\/03\/Candela-words-and-light-light-up-yoir-life-fig-soft-amber-still-life-scaled.jpg\" \/>\n\t<meta property=\"og:image:width\" content=\"1706\" \/>\n\t<meta property=\"og:image:height\" content=\"2560\" \/>\n\t<meta property=\"og:image:type\" content=\"image\/jpeg\" \/>\n<meta name=\"twitter:card\" content=\"summary_large_image\" \/>\n<script type=\"application\/ld+json\" class=\"yoast-schema-graph\">{\"@context\":\"https:\/\/schema.org\",\"@graph\":[{\"@type\":\"WebPage\",\"@id\":\"https:\/\/www.pernici.com\/fr\/prodotto\/mots-lumieres-le-temps-de-briller-mandarine-neroli-copia\/\",\"url\":\"https:\/\/www.pernici.com\/fr\/prodotto\/mots-lumieres-le-temps-de-briller-mandarine-neroli-copia\/\",\"name\":\"Words &amp; Lights - Light up your life - Fig &amp; Soft Amber - Cereria Pernici\",\"isPartOf\":{\"@id\":\"https:\/\/www.pernici.com\/fr\/#website\"},\"primaryImageOfPage\":{\"@id\":\"https:\/\/www.pernici.com\/fr\/prodotto\/mots-lumieres-le-temps-de-briller-mandarine-neroli-copia\/#primaryimage\"},\"image\":{\"@id\":\"https:\/\/www.pernici.com\/fr\/prodotto\/mots-lumieres-le-temps-de-briller-mandarine-neroli-copia\/#primaryimage\"},\"thumbnailUrl\":\"https:\/\/www.pernici.com\/wp-content\/uploads\/2026\/03\/Candela-words-and-light-light-up-yoir-life-fig-soft-amber-still-life-scaled.jpg\",\"datePublished\":\"2026-03-31T14:56:48+00:00\",\"dateModified\":\"2026-03-31T15:01:57+00:00\",\"description\":\"D\u00e9couvrez la fragrance Figue & Ambre Doux : des notes enveloppantes de figue et d'ambre pour une ambiance chaleureuse et rassurante. Illuminez votre vie avec un rituel de bien-\u00eatre\",\"breadcrumb\":{\"@id\":\"https:\/\/www.pernici.com\/fr\/prodotto\/mots-lumieres-le-temps-de-briller-mandarine-neroli-copia\/#breadcrumb\"},\"inLanguage\":\"fr-FR\",\"potentialAction\":[{\"@type\":\"ReadAction\",\"target\":[\"https:\/\/www.pernici.com\/fr\/prodotto\/mots-lumieres-le-temps-de-briller-mandarine-neroli-copia\/\"]}]},{\"@type\":\"ImageObject\",\"inLanguage\":\"fr-FR\",\"@id\":\"https:\/\/www.pernici.com\/fr\/prodotto\/mots-lumieres-le-temps-de-briller-mandarine-neroli-copia\/#primaryimage\",\"url\":\"https:\/\/www.pernici.com\/wp-content\/uploads\/2026\/03\/Candela-words-and-light-light-up-yoir-life-fig-soft-amber-still-life-scaled.jpg\",\"contentUrl\":\"https:\/\/www.pernici.com\/wp-content\/uploads\/2026\/03\/Candela-words-and-light-light-up-yoir-life-fig-soft-amber-still-life-scaled.jpg\",\"width\":1706,\"height\":2560,\"caption\":\"Bougie d'ambiance Light up your life avec capuchon\"},{\"@type\":\"BreadcrumbList\",\"@id\":\"https:\/\/www.pernici.com\/fr\/prodotto\/mots-lumieres-le-temps-de-briller-mandarine-neroli-copia\/#breadcrumb\",\"itemListElement\":[{\"@type\":\"ListItem\",\"position\":1,\"name\":\"Accueil\",\"item\":\"https:\/\/www.pernici.com\/fr\/\"},{\"@type\":\"ListItem\",\"position\":2,\"name\":\"Boutique\",\"item\":\"https:\/\/www.pernici.com\/fr\/boutique\/\"},{\"@type\":\"ListItem\",\"position\":3,\"name\":\"Bougies\",\"item\":\"https:\/\/www.pernici.com\/fr\/categoria-prodotto\/bougies\/\"},{\"@type\":\"ListItem\",\"position\":4,\"name\":\"Words &amp; Lights &#8211; Light up your life &#8211; Fig &amp; Soft Amber\"}]},{\"@type\":\"WebSite\",\"@id\":\"https:\/\/www.pernici.com\/fr\/#website\",\"url\":\"https:\/\/www.pernici.com\/fr\/\",\"name\":\"Cereria Pernici Shop\",\"description\":\"una candela non illumina soltanto: racconta chi sei \",\"publisher\":{\"@id\":\"https:\/\/www.pernici.com\/fr\/#organization\"},\"potentialAction\":[{\"@type\":\"SearchAction\",\"target\":{\"@type\":\"EntryPoint\",\"urlTemplate\":\"https:\/\/www.pernici.com\/fr\/?s={search_term_string}\"},\"query-input\":{\"@type\":\"PropertyValueSpecification\",\"valueRequired\":true,\"valueName\":\"search_term_string\"}}],\"inLanguage\":\"fr-FR\"},{\"@type\":\"Organization\",\"@id\":\"https:\/\/www.pernici.com\/fr\/#organization\",\"name\":\"Cereria Pernici Shop\",\"url\":\"https:\/\/www.pernici.com\/fr\/\",\"logo\":{\"@type\":\"ImageObject\",\"inLanguage\":\"fr-FR\",\"@id\":\"https:\/\/www.pernici.com\/fr\/#\/schema\/logo\/image\/\",\"url\":\"https:\/\/www.pernici.com\/wp-content\/uploads\/2025\/07\/logo_pernici.png\",\"contentUrl\":\"https:\/\/www.pernici.com\/wp-content\/uploads\/2025\/07\/logo_pernici.png\",\"width\":432,\"height\":189,\"caption\":\"Cereria Pernici Shop\"},\"image\":{\"@id\":\"https:\/\/www.pernici.com\/fr\/#\/schema\/logo\/image\/\"},\"sameAs\":[\"https:\/\/www.facebook.com\/cereriapernici\",\"https:\/\/www.instagram.com\/cereriapernici\/\"]}]}<\/script>\n<!-- \/ Yoast SEO plugin. -->","yoast_head_json":{"title":"Words &amp; Lights - Light up your life - Fig &amp; Soft Amber - Cereria Pernici","description":"D\u00e9couvrez la fragrance Figue & Ambre Doux : des notes enveloppantes de figue et d'ambre pour une ambiance chaleureuse et rassurante. Illuminez votre vie avec un rituel de bien-\u00eatre","robots":{"index":"index","follow":"follow","max-snippet":"max-snippet:-1","max-image-preview":"max-image-preview:large","max-video-preview":"max-video-preview:-1"},"canonical":"https:\/\/www.pernici.com\/fr\/prodotto\/mots-lumieres-le-temps-de-briller-mandarine-neroli-copia\/","og_locale":"fr_FR","og_type":"article","og_title":"Words &amp; Lights - Light up your life - Fig &amp; Soft Amber - Cereria Pernici","og_description":"D\u00e9couvrez la fragrance Figue & Ambre Doux : des notes enveloppantes de figue et d'ambre pour une ambiance chaleureuse et rassurante. Illuminez votre vie avec un rituel de bien-\u00eatre","og_url":"https:\/\/www.pernici.com\/fr\/prodotto\/mots-lumieres-le-temps-de-briller-mandarine-neroli-copia\/","og_site_name":"Cereria Pernici","article_publisher":"https:\/\/www.facebook.com\/cereriapernici","article_modified_time":"2026-03-31T15:01:57+00:00","og_image":[{"width":1706,"height":2560,"url":"https:\/\/www.pernici.com\/wp-content\/uploads\/2026\/03\/Candela-words-and-light-light-up-yoir-life-fig-soft-amber-still-life-scaled.jpg","type":"image\/jpeg"}],"twitter_card":"summary_large_image","schema":{"@context":"https:\/\/schema.org","@graph":[{"@type":"WebPage","@id":"https:\/\/www.pernici.com\/fr\/prodotto\/mots-lumieres-le-temps-de-briller-mandarine-neroli-copia\/","url":"https:\/\/www.pernici.com\/fr\/prodotto\/mots-lumieres-le-temps-de-briller-mandarine-neroli-copia\/","name":"Words &amp; Lights - Light up your life - Fig &amp; Soft Amber - Cereria Pernici","isPartOf":{"@id":"https:\/\/www.pernici.com\/fr\/#website"},"primaryImageOfPage":{"@id":"https:\/\/www.pernici.com\/fr\/prodotto\/mots-lumieres-le-temps-de-briller-mandarine-neroli-copia\/#primaryimage"},"image":{"@id":"https:\/\/www.pernici.com\/fr\/prodotto\/mots-lumieres-le-temps-de-briller-mandarine-neroli-copia\/#primaryimage"},"thumbnailUrl":"https:\/\/www.pernici.com\/wp-content\/uploads\/2026\/03\/Candela-words-and-light-light-up-yoir-life-fig-soft-amber-still-life-scaled.jpg","datePublished":"2026-03-31T14:56:48+00:00","dateModified":"2026-03-31T15:01:57+00:00","description":"D\u00e9couvrez la fragrance Figue & Ambre Doux : des notes enveloppantes de figue et d'ambre pour une ambiance chaleureuse et rassurante. Illuminez votre vie avec un rituel de bien-\u00eatre","breadcrumb":{"@id":"https:\/\/www.pernici.com\/fr\/prodotto\/mots-lumieres-le-temps-de-briller-mandarine-neroli-copia\/#breadcrumb"},"inLanguage":"fr-FR","potentialAction":[{"@type":"ReadAction","target":["https:\/\/www.pernici.com\/fr\/prodotto\/mots-lumieres-le-temps-de-briller-mandarine-neroli-copia\/"]}]},{"@type":"ImageObject","inLanguage":"fr-FR","@id":"https:\/\/www.pernici.com\/fr\/prodotto\/mots-lumieres-le-temps-de-briller-mandarine-neroli-copia\/#primaryimage","url":"https:\/\/www.pernici.com\/wp-content\/uploads\/2026\/03\/Candela-words-and-light-light-up-yoir-life-fig-soft-amber-still-life-scaled.jpg","contentUrl":"https:\/\/www.pernici.com\/wp-content\/uploads\/2026\/03\/Candela-words-and-light-light-up-yoir-life-fig-soft-amber-still-life-scaled.jpg","width":1706,"height":2560,"caption":"Bougie d'ambiance Light up your life avec capuchon"},{"@type":"BreadcrumbList","@id":"https:\/\/www.pernici.com\/fr\/prodotto\/mots-lumieres-le-temps-de-briller-mandarine-neroli-copia\/#breadcrumb","itemListElement":[{"@type":"ListItem","position":1,"name":"Accueil","item":"https:\/\/www.pernici.com\/fr\/"},{"@type":"ListItem","position":2,"name":"Boutique","item":"https:\/\/www.pernici.com\/fr\/boutique\/"},{"@type":"ListItem","position":3,"name":"Bougies","item":"https:\/\/www.pernici.com\/fr\/categoria-prodotto\/bougies\/"},{"@type":"ListItem","position":4,"name":"Words &amp; Lights &#8211; Light up your life &#8211; Fig &amp; Soft Amber"}]},{"@type":"WebSite","@id":"https:\/\/www.pernici.com\/fr\/#website","url":"https:\/\/www.pernici.com\/fr\/","name":"Cereria Pernici Shop","description":"una candela non illumina soltanto: racconta chi sei ","publisher":{"@id":"https:\/\/www.pernici.com\/fr\/#organization"},"potentialAction":[{"@type":"SearchAction","target":{"@type":"EntryPoint","urlTemplate":"https:\/\/www.pernici.com\/fr\/?s={search_term_string}"},"query-input":{"@type":"PropertyValueSpecification","valueRequired":true,"valueName":"search_term_string"}}],"inLanguage":"fr-FR"},{"@type":"Organization","@id":"https:\/\/www.pernici.com\/fr\/#organization","name":"Cereria Pernici Shop","url":"https:\/\/www.pernici.com\/fr\/","logo":{"@type":"ImageObject","inLanguage":"fr-FR","@id":"https:\/\/www.pernici.com\/fr\/#\/schema\/logo\/image\/","url":"https:\/\/www.pernici.com\/wp-content\/uploads\/2025\/07\/logo_pernici.png","contentUrl":"https:\/\/www.pernici.com\/wp-content\/uploads\/2025\/07\/logo_pernici.png","width":432,"height":189,"caption":"Cereria Pernici Shop"},"image":{"@id":"https:\/\/www.pernici.com\/fr\/#\/schema\/logo\/image\/"},"sameAs":["https:\/\/www.facebook.com\/cereriapernici","https:\/\/www.instagram.com\/cereriapernici\/"]}]}},"_links":{"self":[{"href":"https:\/\/www.pernici.com\/fr\/wp-json\/wp\/v2\/product\/6013","targetHints":{"allow":["GET"]}}],"collection":[{"href":"https:\/\/www.pernici.com\/fr\/wp-json\/wp\/v2\/product"}],"about":[{"href":"https:\/\/www.pernici.com\/fr\/wp-json\/wp\/v2\/types\/product"}],"wp:featuredmedia":[{"embeddable":true,"href":"https:\/\/www.pernici.com\/fr\/wp-json\/wp\/v2\/media\/6008"}],"wp:attachment":[{"href":"https:\/\/www.pernici.com\/fr\/wp-json\/wp\/v2\/media?parent=6013"}],"wp:term":[{"taxonomy":"product_col","embeddable":true,"href":"https:\/\/www.pernici.com\/fr\/wp-json\/wp\/v2\/product_col?post=6013"},{"taxonomy":"product_brand","embeddable":true,"href":"https:\/\/www.pernici.com\/fr\/wp-json\/wp\/v2\/product_brand?post=6013"},{"taxonomy":"product_cat","embeddable":true,"href":"https:\/\/www.pernici.com\/fr\/wp-json\/wp\/v2\/product_cat?post=6013"},{"taxonomy":"product_tag","embeddable":true,"href":"https:\/\/www.pernici.com\/fr\/wp-json\/wp\/v2\/product_tag?post=6013"}],"curies":[{"name":"wp","href":"https:\/\/api.w.org\/{rel}","templated":true}]}}