{"id":5961,"date":"2026-03-27T14:21:25","date_gmt":"2026-03-27T14:21:25","guid":{"rendered":"https:\/\/www.pernici.com\/?post_type=product&#038;p=5961"},"modified":"2026-03-27T15:37:30","modified_gmt":"2026-03-27T15:37:30","slug":"pine-mountain-air-copia-2","status":"publish","type":"product","link":"https:\/\/www.pernici.com\/fr\/prodotto\/pine-mountain-air-copia-2\/","title":{"rendered":"Bougie Cassis &amp; Terragon"},"content":{"rendered":"<p class=\"p1\">Un parfum qui capture l&rsquo;\u00e2me la plus authentique de la nature, avec ce caract\u00e8re vert et vibrant typique d&rsquo;une feuille de tomate juste touch\u00e9e par les doigts. Le d\u00e9part est frais et fruit\u00e9 : le cassis donne une nuance intense et l\u00e9g\u00e8rement acidul\u00e9e, tandis que l&rsquo;orange illumine la composition d&rsquo;une note ensoleill\u00e9e et juteuse. <\/p>\n<p class=\"p1\">Au c\u0153ur, la d\u00e9licatesse de la rose se m\u00eale au galbanum, une note verte et aromatique qui amplifie la sensation de feuilles vivantes et fra\u00eechement cueillies. C&rsquo;est ici que le parfum r\u00e9v\u00e8le son c\u00f4t\u00e9 le plus naturel, un peu comme si vous marchiez parmi les plantes luxuriantes d&rsquo;un potager d&rsquo;\u00e9t\u00e9. <\/p>\n<p class=\"p1\">La base devient plus douce et plus enveloppante gr\u00e2ce \u00e0 la figue et \u00e0 la m\u00fbre : sucr\u00e9es mais jamais excessives, elles apportent profondeur et rondeur, laissant dans la pi\u00e8ce un sillage \u00e9l\u00e9gant, frais et incroyablement r\u00e9aliste.<\/p>\n<p class=\"p1\">Un parfum parfait pour celles qui aiment les senteurs vertes, authentiques et raffin\u00e9es qui \u00e9voquent imm\u00e9diatement la nature \u00e0 l&rsquo;\u00e9tat pur.<\/p>\n","protected":false},"excerpt":{"rendered":"<p class=\"p1\">Un parfum vert et lumineux qui rappelle imm\u00e9diatement une feuille de tomate fra\u00eechement cass\u00e9e. Les notes fruit\u00e9es de cassis et d&rsquo;orange se m\u00ealent \u00e0 un c\u0153ur floral de rose et \u00e0 des accents aromatiques de galbanum, tandis que les notes de fond de figue et de m\u00fbre donnent de la profondeur et de la douceur. Frais, naturel et \u00e9tonnamment \u00e9l\u00e9gant.  <\/p>\n","protected":false},"featured_media":5981,"template":"","meta":{"_acf_changed":false},"product_col":[],"product_brand":[],"product_cat":[69,108,107],"product_tag":[],"class_list":{"0":"post-5961","1":"product","2":"type-product","3":"status-publish","4":"has-post-thumbnail","6":"product_cat-bougies","7":"product_cat-bougies-parfumees","8":"product_cat-mois-des-meilleures-ventes","9":"pa_formato-200-g","10":"pa_formato-350-g","12":"first","13":"instock","14":"taxable","15":"shipping-taxable","16":"purchasable","17":"product-type-variable"},"acf":[],"yoast_head":"<!-- This site is optimized with the Yoast SEO plugin v27.2 - https:\/\/yoast.com\/product\/yoast-seo-wordpress\/ -->\n<title>Bougie Cassis &amp; Terragon - Cereria Pernici<\/title>\n<meta name=\"description\" content=\"Une fragrance verte et lumineuse inspir\u00e9e de la feuille de tomate, avec des notes de cassis, d&#039;orange, de rose, de galbanum, de figue et de m\u00fbre. Frais, naturel et \u00e9l\u00e9gant.\" \/>\n<meta name=\"robots\" content=\"index, follow, max-snippet:-1, max-image-preview:large, max-video-preview:-1\" \/>\n<link rel=\"canonical\" href=\"https:\/\/www.pernici.com\/fr\/prodotto\/pine-mountain-air-copia-2\/\" \/>\n<meta property=\"og:locale\" content=\"fr_FR\" \/>\n<meta property=\"og:type\" content=\"article\" \/>\n<meta property=\"og:title\" content=\"Bougie Cassis &amp; Terragon - Cereria Pernici\" \/>\n<meta property=\"og:description\" content=\"Une fragrance verte et lumineuse inspir\u00e9e de la feuille de tomate, avec des notes de cassis, d&#039;orange, de rose, de galbanum, de figue et de m\u00fbre. Frais, naturel et \u00e9l\u00e9gant.\" \/>\n<meta property=\"og:url\" content=\"https:\/\/www.pernici.com\/fr\/prodotto\/pine-mountain-air-copia-2\/\" \/>\n<meta property=\"og:site_name\" content=\"Cereria Pernici\" \/>\n<meta property=\"article:publisher\" content=\"https:\/\/www.facebook.com\/cereriapernici\" \/>\n<meta property=\"article:modified_time\" content=\"2026-03-27T15:37:30+00:00\" \/>\n<meta property=\"og:image\" content=\"https:\/\/www.pernici.com\/wp-content\/uploads\/2026\/03\/Candela-200-g.-Cassis-Terragon-con-tappo-scaled.jpg\" \/>\n\t<meta property=\"og:image:width\" content=\"1707\" \/>\n\t<meta property=\"og:image:height\" content=\"2560\" \/>\n\t<meta property=\"og:image:type\" content=\"image\/jpeg\" \/>\n<meta name=\"twitter:card\" content=\"summary_large_image\" \/>\n<meta name=\"twitter:label1\" content=\"Dur\u00e9e de lecture estim\u00e9e\" \/>\n\t<meta name=\"twitter:data1\" content=\"1 minute\" \/>\n<script type=\"application\/ld+json\" class=\"yoast-schema-graph\">{\"@context\":\"https:\/\/schema.org\",\"@graph\":[{\"@type\":\"WebPage\",\"@id\":\"https:\/\/www.pernici.com\/fr\/prodotto\/pine-mountain-air-copia-2\/\",\"url\":\"https:\/\/www.pernici.com\/fr\/prodotto\/pine-mountain-air-copia-2\/\",\"name\":\"Bougie Cassis &amp; Terragon - Cereria Pernici\",\"isPartOf\":{\"@id\":\"https:\/\/www.pernici.com\/fr\/#website\"},\"primaryImageOfPage\":{\"@id\":\"https:\/\/www.pernici.com\/fr\/prodotto\/pine-mountain-air-copia-2\/#primaryimage\"},\"image\":{\"@id\":\"https:\/\/www.pernici.com\/fr\/prodotto\/pine-mountain-air-copia-2\/#primaryimage\"},\"thumbnailUrl\":\"https:\/\/www.pernici.com\/wp-content\/uploads\/2026\/03\/Candela-200-g.-Cassis-Terragon-con-tappo-scaled.jpg\",\"datePublished\":\"2026-03-27T14:21:25+00:00\",\"dateModified\":\"2026-03-27T15:37:30+00:00\",\"description\":\"Une fragrance verte et lumineuse inspir\u00e9e de la feuille de tomate, avec des notes de cassis, d'orange, de rose, de galbanum, de figue et de m\u00fbre. Frais, naturel et \u00e9l\u00e9gant.\",\"breadcrumb\":{\"@id\":\"https:\/\/www.pernici.com\/fr\/prodotto\/pine-mountain-air-copia-2\/#breadcrumb\"},\"inLanguage\":\"fr-FR\",\"potentialAction\":[{\"@type\":\"ReadAction\",\"target\":[\"https:\/\/www.pernici.com\/fr\/prodotto\/pine-mountain-air-copia-2\/\"]}]},{\"@type\":\"ImageObject\",\"inLanguage\":\"fr-FR\",\"@id\":\"https:\/\/www.pernici.com\/fr\/prodotto\/pine-mountain-air-copia-2\/#primaryimage\",\"url\":\"https:\/\/www.pernici.com\/wp-content\/uploads\/2026\/03\/Candela-200-g.-Cassis-Terragon-con-tappo-scaled.jpg\",\"contentUrl\":\"https:\/\/www.pernici.com\/wp-content\/uploads\/2026\/03\/Candela-200-g.-Cassis-Terragon-con-tappo-scaled.jpg\",\"width\":1707,\"height\":2560,\"caption\":\"Set de bougies Cassis &amp; Terragon avec bouchon\"},{\"@type\":\"BreadcrumbList\",\"@id\":\"https:\/\/www.pernici.com\/fr\/prodotto\/pine-mountain-air-copia-2\/#breadcrumb\",\"itemListElement\":[{\"@type\":\"ListItem\",\"position\":1,\"name\":\"Accueil\",\"item\":\"https:\/\/www.pernici.com\/fr\/\"},{\"@type\":\"ListItem\",\"position\":2,\"name\":\"Boutique\",\"item\":\"https:\/\/www.pernici.com\/fr\/boutique\/\"},{\"@type\":\"ListItem\",\"position\":3,\"name\":\"Actualit\u00e9s\",\"item\":\"https:\/\/www.pernici.com\/fr\/categoria-prodotto\/actualites\/\"},{\"@type\":\"ListItem\",\"position\":4,\"name\":\"Mois des meilleures ventes\",\"item\":\"https:\/\/www.pernici.com\/fr\/categoria-prodotto\/actualites\/mois-des-meilleures-ventes\/\"},{\"@type\":\"ListItem\",\"position\":5,\"name\":\"Bougie Cassis &amp; Terragon\"}]},{\"@type\":\"WebSite\",\"@id\":\"https:\/\/www.pernici.com\/fr\/#website\",\"url\":\"https:\/\/www.pernici.com\/fr\/\",\"name\":\"Cereria Pernici Shop\",\"description\":\"una candela non illumina soltanto: racconta chi sei \",\"publisher\":{\"@id\":\"https:\/\/www.pernici.com\/fr\/#organization\"},\"potentialAction\":[{\"@type\":\"SearchAction\",\"target\":{\"@type\":\"EntryPoint\",\"urlTemplate\":\"https:\/\/www.pernici.com\/fr\/?s={search_term_string}\"},\"query-input\":{\"@type\":\"PropertyValueSpecification\",\"valueRequired\":true,\"valueName\":\"search_term_string\"}}],\"inLanguage\":\"fr-FR\"},{\"@type\":\"Organization\",\"@id\":\"https:\/\/www.pernici.com\/fr\/#organization\",\"name\":\"Cereria Pernici Shop\",\"url\":\"https:\/\/www.pernici.com\/fr\/\",\"logo\":{\"@type\":\"ImageObject\",\"inLanguage\":\"fr-FR\",\"@id\":\"https:\/\/www.pernici.com\/fr\/#\/schema\/logo\/image\/\",\"url\":\"https:\/\/www.pernici.com\/wp-content\/uploads\/2025\/07\/logo_pernici.png\",\"contentUrl\":\"https:\/\/www.pernici.com\/wp-content\/uploads\/2025\/07\/logo_pernici.png\",\"width\":432,\"height\":189,\"caption\":\"Cereria Pernici Shop\"},\"image\":{\"@id\":\"https:\/\/www.pernici.com\/fr\/#\/schema\/logo\/image\/\"},\"sameAs\":[\"https:\/\/www.facebook.com\/cereriapernici\",\"https:\/\/www.instagram.com\/cereriapernici\/\"]}]}<\/script>\n<!-- \/ Yoast SEO plugin. -->","yoast_head_json":{"title":"Bougie Cassis &amp; Terragon - Cereria Pernici","description":"Une fragrance verte et lumineuse inspir\u00e9e de la feuille de tomate, avec des notes de cassis, d'orange, de rose, de galbanum, de figue et de m\u00fbre. Frais, naturel et \u00e9l\u00e9gant.","robots":{"index":"index","follow":"follow","max-snippet":"max-snippet:-1","max-image-preview":"max-image-preview:large","max-video-preview":"max-video-preview:-1"},"canonical":"https:\/\/www.pernici.com\/fr\/prodotto\/pine-mountain-air-copia-2\/","og_locale":"fr_FR","og_type":"article","og_title":"Bougie Cassis &amp; Terragon - Cereria Pernici","og_description":"Une fragrance verte et lumineuse inspir\u00e9e de la feuille de tomate, avec des notes de cassis, d'orange, de rose, de galbanum, de figue et de m\u00fbre. Frais, naturel et \u00e9l\u00e9gant.","og_url":"https:\/\/www.pernici.com\/fr\/prodotto\/pine-mountain-air-copia-2\/","og_site_name":"Cereria Pernici","article_publisher":"https:\/\/www.facebook.com\/cereriapernici","article_modified_time":"2026-03-27T15:37:30+00:00","og_image":[{"width":1707,"height":2560,"url":"https:\/\/www.pernici.com\/wp-content\/uploads\/2026\/03\/Candela-200-g.-Cassis-Terragon-con-tappo-scaled.jpg","type":"image\/jpeg"}],"twitter_card":"summary_large_image","twitter_misc":{"Dur\u00e9e de lecture estim\u00e9e":"1 minute"},"schema":{"@context":"https:\/\/schema.org","@graph":[{"@type":"WebPage","@id":"https:\/\/www.pernici.com\/fr\/prodotto\/pine-mountain-air-copia-2\/","url":"https:\/\/www.pernici.com\/fr\/prodotto\/pine-mountain-air-copia-2\/","name":"Bougie Cassis &amp; Terragon - Cereria Pernici","isPartOf":{"@id":"https:\/\/www.pernici.com\/fr\/#website"},"primaryImageOfPage":{"@id":"https:\/\/www.pernici.com\/fr\/prodotto\/pine-mountain-air-copia-2\/#primaryimage"},"image":{"@id":"https:\/\/www.pernici.com\/fr\/prodotto\/pine-mountain-air-copia-2\/#primaryimage"},"thumbnailUrl":"https:\/\/www.pernici.com\/wp-content\/uploads\/2026\/03\/Candela-200-g.-Cassis-Terragon-con-tappo-scaled.jpg","datePublished":"2026-03-27T14:21:25+00:00","dateModified":"2026-03-27T15:37:30+00:00","description":"Une fragrance verte et lumineuse inspir\u00e9e de la feuille de tomate, avec des notes de cassis, d'orange, de rose, de galbanum, de figue et de m\u00fbre. Frais, naturel et \u00e9l\u00e9gant.","breadcrumb":{"@id":"https:\/\/www.pernici.com\/fr\/prodotto\/pine-mountain-air-copia-2\/#breadcrumb"},"inLanguage":"fr-FR","potentialAction":[{"@type":"ReadAction","target":["https:\/\/www.pernici.com\/fr\/prodotto\/pine-mountain-air-copia-2\/"]}]},{"@type":"ImageObject","inLanguage":"fr-FR","@id":"https:\/\/www.pernici.com\/fr\/prodotto\/pine-mountain-air-copia-2\/#primaryimage","url":"https:\/\/www.pernici.com\/wp-content\/uploads\/2026\/03\/Candela-200-g.-Cassis-Terragon-con-tappo-scaled.jpg","contentUrl":"https:\/\/www.pernici.com\/wp-content\/uploads\/2026\/03\/Candela-200-g.-Cassis-Terragon-con-tappo-scaled.jpg","width":1707,"height":2560,"caption":"Set de bougies Cassis &amp; Terragon avec bouchon"},{"@type":"BreadcrumbList","@id":"https:\/\/www.pernici.com\/fr\/prodotto\/pine-mountain-air-copia-2\/#breadcrumb","itemListElement":[{"@type":"ListItem","position":1,"name":"Accueil","item":"https:\/\/www.pernici.com\/fr\/"},{"@type":"ListItem","position":2,"name":"Boutique","item":"https:\/\/www.pernici.com\/fr\/boutique\/"},{"@type":"ListItem","position":3,"name":"Actualit\u00e9s","item":"https:\/\/www.pernici.com\/fr\/categoria-prodotto\/actualites\/"},{"@type":"ListItem","position":4,"name":"Mois des meilleures ventes","item":"https:\/\/www.pernici.com\/fr\/categoria-prodotto\/actualites\/mois-des-meilleures-ventes\/"},{"@type":"ListItem","position":5,"name":"Bougie Cassis &amp; Terragon"}]},{"@type":"WebSite","@id":"https:\/\/www.pernici.com\/fr\/#website","url":"https:\/\/www.pernici.com\/fr\/","name":"Cereria Pernici Shop","description":"una candela non illumina soltanto: racconta chi sei ","publisher":{"@id":"https:\/\/www.pernici.com\/fr\/#organization"},"potentialAction":[{"@type":"SearchAction","target":{"@type":"EntryPoint","urlTemplate":"https:\/\/www.pernici.com\/fr\/?s={search_term_string}"},"query-input":{"@type":"PropertyValueSpecification","valueRequired":true,"valueName":"search_term_string"}}],"inLanguage":"fr-FR"},{"@type":"Organization","@id":"https:\/\/www.pernici.com\/fr\/#organization","name":"Cereria Pernici Shop","url":"https:\/\/www.pernici.com\/fr\/","logo":{"@type":"ImageObject","inLanguage":"fr-FR","@id":"https:\/\/www.pernici.com\/fr\/#\/schema\/logo\/image\/","url":"https:\/\/www.pernici.com\/wp-content\/uploads\/2025\/07\/logo_pernici.png","contentUrl":"https:\/\/www.pernici.com\/wp-content\/uploads\/2025\/07\/logo_pernici.png","width":432,"height":189,"caption":"Cereria Pernici Shop"},"image":{"@id":"https:\/\/www.pernici.com\/fr\/#\/schema\/logo\/image\/"},"sameAs":["https:\/\/www.facebook.com\/cereriapernici","https:\/\/www.instagram.com\/cereriapernici\/"]}]}},"_links":{"self":[{"href":"https:\/\/www.pernici.com\/fr\/wp-json\/wp\/v2\/product\/5961","targetHints":{"allow":["GET"]}}],"collection":[{"href":"https:\/\/www.pernici.com\/fr\/wp-json\/wp\/v2\/product"}],"about":[{"href":"https:\/\/www.pernici.com\/fr\/wp-json\/wp\/v2\/types\/product"}],"wp:featuredmedia":[{"embeddable":true,"href":"https:\/\/www.pernici.com\/fr\/wp-json\/wp\/v2\/media\/5981"}],"wp:attachment":[{"href":"https:\/\/www.pernici.com\/fr\/wp-json\/wp\/v2\/media?parent=5961"}],"wp:term":[{"taxonomy":"product_col","embeddable":true,"href":"https:\/\/www.pernici.com\/fr\/wp-json\/wp\/v2\/product_col?post=5961"},{"taxonomy":"product_brand","embeddable":true,"href":"https:\/\/www.pernici.com\/fr\/wp-json\/wp\/v2\/product_brand?post=5961"},{"taxonomy":"product_cat","embeddable":true,"href":"https:\/\/www.pernici.com\/fr\/wp-json\/wp\/v2\/product_cat?post=5961"},{"taxonomy":"product_tag","embeddable":true,"href":"https:\/\/www.pernici.com\/fr\/wp-json\/wp\/v2\/product_tag?post=5961"}],"curies":[{"name":"wp","href":"https:\/\/api.w.org\/{rel}","templated":true}]}}