{"id":5742,"date":"2026-03-11T18:48:57","date_gmt":"2026-03-11T18:48:57","guid":{"rendered":"https:\/\/www.pernici.com\/?post_type=product&#038;p=5742"},"modified":"2026-03-11T19:12:06","modified_gmt":"2026-03-11T19:12:06","slug":"pine-mountain-air-copia-copia-2","status":"publish","type":"product","link":"https:\/\/www.pernici.com\/fr\/prodotto\/pine-mountain-air-copia-copia-2\/","title":{"rendered":"Candela Magnolia &amp; Jasmine"},"content":{"rendered":"<p class=\"p1\">L\u2019eleganza dell\u2019estate racchiusa in un bouquet botanico. Non \u00e8 solo un profumo, \u00e8 una finestra aperta su un giardino in fiore alle prime luci del <\/p>\n<p class=\"p1\">matin. Frais, vibrant et extraordinairement \u00e9th\u00e9r\u00e9. Magnolia &amp; Jasmine capture l&rsquo;essence de l&rsquo;\u00e9veil de la nature.  <\/p>\n<p class=\"p1\">C&rsquo;est la bougie id\u00e9ale pour ceux qui veulent \u00ab\u00a0purifier\u00a0\u00bb l&rsquo;air de leur maison, en y apportant la vitalit\u00e9 d&rsquo;une prairie fleurie et la noblesse des fleurs blanches.<\/p>\n<p class=\"p1\">Aussi r\u00e9g\u00e9n\u00e9rant qu&rsquo;une marche pieds nus sur de l&rsquo;herbe fra\u00eeche.<\/p>\n<p class=\"p1\"><strong>Pourquoi le choisir ?<\/strong><\/p>\n<p class=\"p1\">C&rsquo;est la bougie \u00e0 allumer dans la cuisine ou le salon pour \u00e9liminer les mauvaises odeurs et rafra\u00eechir instantan\u00e9ment l&rsquo;atmosph\u00e8re. Id\u00e9ale pour les journ\u00e9es chaudes, <\/p>\n<p class=\"p1\">lorsque vous recherchez un parfum qui n&rsquo;est jamais lourd, mais qui donne plut\u00f4t une sensation de propret\u00e9<\/p>\n<p class=\"p1\">extr\u00eame et positive.<\/p>\n","protected":false},"excerpt":{"rendered":"<p>L&rsquo;\u00e9l\u00e9gance d&rsquo;un jardin fleuri aux premi\u00e8res lueurs du jour. Un bouquet \u00e9th\u00e9r\u00e9 de magnolia et de jasmin qui r\u00e9g\u00e9n\u00e8re l&rsquo;air, apportant dans la maison la fra\u00eecheur vitale d&rsquo;une prairie mouill\u00e9e par la ros\u00e9e. <\/p>\n","protected":false},"featured_media":5755,"template":"","meta":{"_acf_changed":false},"product_col":[],"product_brand":[],"product_cat":[70,69,108,112,107],"product_tag":[76,123],"class_list":{"0":"post-5742","1":"product","2":"type-product","3":"status-publish","4":"has-post-thumbnail","6":"product_cat-actualites","7":"product_cat-bougies","8":"product_cat-bougies-parfumees","9":"product_cat-editions-limitees","10":"product_cat-mois-des-meilleures-ventes","11":"product_tag-350-g","12":"product_tag-70-g","13":"pa_formato-350-g","14":"pa_formato-70-g","16":"first","17":"instock","18":"taxable","19":"shipping-taxable","20":"purchasable","21":"product-type-variable"},"acf":[],"yoast_head":"<!-- This site is optimized with the Yoast SEO plugin v27.2 - https:\/\/yoast.com\/product\/yoast-seo-wordpress\/ -->\n<title>Candela Magnolia &amp; Jasmine - Cereria Pernici<\/title>\n<meta name=\"robots\" content=\"index, follow, max-snippet:-1, max-image-preview:large, max-video-preview:-1\" \/>\n<link rel=\"canonical\" href=\"https:\/\/www.pernici.com\/fr\/prodotto\/pine-mountain-air-copia-copia-2\/\" \/>\n<meta property=\"og:locale\" content=\"fr_FR\" \/>\n<meta property=\"og:type\" content=\"article\" \/>\n<meta property=\"og:title\" content=\"Candela Magnolia &amp; Jasmine - Cereria Pernici\" \/>\n<meta property=\"og:description\" content=\"L&#039;\u00e9l\u00e9gance d&#039;un jardin fleuri aux premi\u00e8res lueurs du jour. Un bouquet \u00e9th\u00e9r\u00e9 de magnolia et de jasmin qui r\u00e9g\u00e9n\u00e8re l&#039;air, apportant dans la maison la fra\u00eecheur vitale d&#039;une prairie mouill\u00e9e par la ros\u00e9e.\" \/>\n<meta property=\"og:url\" content=\"https:\/\/www.pernici.com\/fr\/prodotto\/pine-mountain-air-copia-copia-2\/\" \/>\n<meta property=\"og:site_name\" content=\"Cereria Pernici\" \/>\n<meta property=\"article:publisher\" content=\"https:\/\/www.facebook.com\/cereriapernici\" \/>\n<meta property=\"article:modified_time\" content=\"2026-03-11T19:12:06+00:00\" \/>\n<meta property=\"og:image\" content=\"https:\/\/www.pernici.com\/wp-content\/uploads\/2026\/03\/Summer-350g-_Magnolia-singola_Pernici.jpg\" \/>\n\t<meta property=\"og:image:width\" content=\"1024\" \/>\n\t<meta property=\"og:image:height\" content=\"1024\" \/>\n\t<meta property=\"og:image:type\" content=\"image\/jpeg\" \/>\n<meta name=\"twitter:card\" content=\"summary_large_image\" \/>\n<meta name=\"twitter:label1\" content=\"Dur\u00e9e de lecture estim\u00e9e\" \/>\n\t<meta name=\"twitter:data1\" content=\"1 minute\" \/>\n<script type=\"application\/ld+json\" class=\"yoast-schema-graph\">{\"@context\":\"https:\/\/schema.org\",\"@graph\":[{\"@type\":\"WebPage\",\"@id\":\"https:\/\/www.pernici.com\/fr\/prodotto\/pine-mountain-air-copia-copia-2\/\",\"url\":\"https:\/\/www.pernici.com\/fr\/prodotto\/pine-mountain-air-copia-copia-2\/\",\"name\":\"Candela Magnolia &amp; Jasmine - Cereria Pernici\",\"isPartOf\":{\"@id\":\"https:\/\/www.pernici.com\/fr\/#website\"},\"primaryImageOfPage\":{\"@id\":\"https:\/\/www.pernici.com\/fr\/prodotto\/pine-mountain-air-copia-copia-2\/#primaryimage\"},\"image\":{\"@id\":\"https:\/\/www.pernici.com\/fr\/prodotto\/pine-mountain-air-copia-copia-2\/#primaryimage\"},\"thumbnailUrl\":\"https:\/\/www.pernici.com\/wp-content\/uploads\/2026\/03\/Summer-350g-_Magnolia-singola_Pernici.jpg\",\"datePublished\":\"2026-03-11T18:48:57+00:00\",\"dateModified\":\"2026-03-11T19:12:06+00:00\",\"breadcrumb\":{\"@id\":\"https:\/\/www.pernici.com\/fr\/prodotto\/pine-mountain-air-copia-copia-2\/#breadcrumb\"},\"inLanguage\":\"fr-FR\",\"potentialAction\":[{\"@type\":\"ReadAction\",\"target\":[\"https:\/\/www.pernici.com\/fr\/prodotto\/pine-mountain-air-copia-copia-2\/\"]}]},{\"@type\":\"ImageObject\",\"inLanguage\":\"fr-FR\",\"@id\":\"https:\/\/www.pernici.com\/fr\/prodotto\/pine-mountain-air-copia-copia-2\/#primaryimage\",\"url\":\"https:\/\/www.pernici.com\/wp-content\/uploads\/2026\/03\/Summer-350g-_Magnolia-singola_Pernici.jpg\",\"contentUrl\":\"https:\/\/www.pernici.com\/wp-content\/uploads\/2026\/03\/Summer-350g-_Magnolia-singola_Pernici.jpg\",\"width\":1024,\"height\":1024,\"caption\":\"Bougie parfum\u00e9e d'\u00e9t\u00e9 350g magnolia &amp; jasmin par Pernici en nature morte.\"},{\"@type\":\"BreadcrumbList\",\"@id\":\"https:\/\/www.pernici.com\/fr\/prodotto\/pine-mountain-air-copia-copia-2\/#breadcrumb\",\"itemListElement\":[{\"@type\":\"ListItem\",\"position\":1,\"name\":\"Accueil\",\"item\":\"https:\/\/www.pernici.com\/fr\/\"},{\"@type\":\"ListItem\",\"position\":2,\"name\":\"Boutique\",\"item\":\"https:\/\/www.pernici.com\/fr\/boutique\/\"},{\"@type\":\"ListItem\",\"position\":3,\"name\":\"Bougies\",\"item\":\"https:\/\/www.pernici.com\/fr\/categoria-prodotto\/bougies\/\"},{\"@type\":\"ListItem\",\"position\":4,\"name\":\"Candela Magnolia &amp; Jasmine\"}]},{\"@type\":\"WebSite\",\"@id\":\"https:\/\/www.pernici.com\/fr\/#website\",\"url\":\"https:\/\/www.pernici.com\/fr\/\",\"name\":\"Cereria Pernici Shop\",\"description\":\"una candela non illumina soltanto: racconta chi sei \",\"publisher\":{\"@id\":\"https:\/\/www.pernici.com\/fr\/#organization\"},\"potentialAction\":[{\"@type\":\"SearchAction\",\"target\":{\"@type\":\"EntryPoint\",\"urlTemplate\":\"https:\/\/www.pernici.com\/fr\/?s={search_term_string}\"},\"query-input\":{\"@type\":\"PropertyValueSpecification\",\"valueRequired\":true,\"valueName\":\"search_term_string\"}}],\"inLanguage\":\"fr-FR\"},{\"@type\":\"Organization\",\"@id\":\"https:\/\/www.pernici.com\/fr\/#organization\",\"name\":\"Cereria Pernici Shop\",\"url\":\"https:\/\/www.pernici.com\/fr\/\",\"logo\":{\"@type\":\"ImageObject\",\"inLanguage\":\"fr-FR\",\"@id\":\"https:\/\/www.pernici.com\/fr\/#\/schema\/logo\/image\/\",\"url\":\"https:\/\/www.pernici.com\/wp-content\/uploads\/2025\/07\/logo_pernici.png\",\"contentUrl\":\"https:\/\/www.pernici.com\/wp-content\/uploads\/2025\/07\/logo_pernici.png\",\"width\":432,\"height\":189,\"caption\":\"Cereria Pernici Shop\"},\"image\":{\"@id\":\"https:\/\/www.pernici.com\/fr\/#\/schema\/logo\/image\/\"},\"sameAs\":[\"https:\/\/www.facebook.com\/cereriapernici\",\"https:\/\/www.instagram.com\/cereriapernici\/\"]}]}<\/script>\n<!-- \/ Yoast SEO plugin. -->","yoast_head_json":{"title":"Candela Magnolia &amp; Jasmine - Cereria Pernici","robots":{"index":"index","follow":"follow","max-snippet":"max-snippet:-1","max-image-preview":"max-image-preview:large","max-video-preview":"max-video-preview:-1"},"canonical":"https:\/\/www.pernici.com\/fr\/prodotto\/pine-mountain-air-copia-copia-2\/","og_locale":"fr_FR","og_type":"article","og_title":"Candela Magnolia &amp; Jasmine - Cereria Pernici","og_description":"L'\u00e9l\u00e9gance d'un jardin fleuri aux premi\u00e8res lueurs du jour. Un bouquet \u00e9th\u00e9r\u00e9 de magnolia et de jasmin qui r\u00e9g\u00e9n\u00e8re l'air, apportant dans la maison la fra\u00eecheur vitale d'une prairie mouill\u00e9e par la ros\u00e9e.","og_url":"https:\/\/www.pernici.com\/fr\/prodotto\/pine-mountain-air-copia-copia-2\/","og_site_name":"Cereria Pernici","article_publisher":"https:\/\/www.facebook.com\/cereriapernici","article_modified_time":"2026-03-11T19:12:06+00:00","og_image":[{"width":1024,"height":1024,"url":"https:\/\/www.pernici.com\/wp-content\/uploads\/2026\/03\/Summer-350g-_Magnolia-singola_Pernici.jpg","type":"image\/jpeg"}],"twitter_card":"summary_large_image","twitter_misc":{"Dur\u00e9e de lecture estim\u00e9e":"1 minute"},"schema":{"@context":"https:\/\/schema.org","@graph":[{"@type":"WebPage","@id":"https:\/\/www.pernici.com\/fr\/prodotto\/pine-mountain-air-copia-copia-2\/","url":"https:\/\/www.pernici.com\/fr\/prodotto\/pine-mountain-air-copia-copia-2\/","name":"Candela Magnolia &amp; Jasmine - Cereria Pernici","isPartOf":{"@id":"https:\/\/www.pernici.com\/fr\/#website"},"primaryImageOfPage":{"@id":"https:\/\/www.pernici.com\/fr\/prodotto\/pine-mountain-air-copia-copia-2\/#primaryimage"},"image":{"@id":"https:\/\/www.pernici.com\/fr\/prodotto\/pine-mountain-air-copia-copia-2\/#primaryimage"},"thumbnailUrl":"https:\/\/www.pernici.com\/wp-content\/uploads\/2026\/03\/Summer-350g-_Magnolia-singola_Pernici.jpg","datePublished":"2026-03-11T18:48:57+00:00","dateModified":"2026-03-11T19:12:06+00:00","breadcrumb":{"@id":"https:\/\/www.pernici.com\/fr\/prodotto\/pine-mountain-air-copia-copia-2\/#breadcrumb"},"inLanguage":"fr-FR","potentialAction":[{"@type":"ReadAction","target":["https:\/\/www.pernici.com\/fr\/prodotto\/pine-mountain-air-copia-copia-2\/"]}]},{"@type":"ImageObject","inLanguage":"fr-FR","@id":"https:\/\/www.pernici.com\/fr\/prodotto\/pine-mountain-air-copia-copia-2\/#primaryimage","url":"https:\/\/www.pernici.com\/wp-content\/uploads\/2026\/03\/Summer-350g-_Magnolia-singola_Pernici.jpg","contentUrl":"https:\/\/www.pernici.com\/wp-content\/uploads\/2026\/03\/Summer-350g-_Magnolia-singola_Pernici.jpg","width":1024,"height":1024,"caption":"Bougie parfum\u00e9e d'\u00e9t\u00e9 350g magnolia &amp; jasmin par Pernici en nature morte."},{"@type":"BreadcrumbList","@id":"https:\/\/www.pernici.com\/fr\/prodotto\/pine-mountain-air-copia-copia-2\/#breadcrumb","itemListElement":[{"@type":"ListItem","position":1,"name":"Accueil","item":"https:\/\/www.pernici.com\/fr\/"},{"@type":"ListItem","position":2,"name":"Boutique","item":"https:\/\/www.pernici.com\/fr\/boutique\/"},{"@type":"ListItem","position":3,"name":"Bougies","item":"https:\/\/www.pernici.com\/fr\/categoria-prodotto\/bougies\/"},{"@type":"ListItem","position":4,"name":"Candela Magnolia &amp; Jasmine"}]},{"@type":"WebSite","@id":"https:\/\/www.pernici.com\/fr\/#website","url":"https:\/\/www.pernici.com\/fr\/","name":"Cereria Pernici Shop","description":"una candela non illumina soltanto: racconta chi sei ","publisher":{"@id":"https:\/\/www.pernici.com\/fr\/#organization"},"potentialAction":[{"@type":"SearchAction","target":{"@type":"EntryPoint","urlTemplate":"https:\/\/www.pernici.com\/fr\/?s={search_term_string}"},"query-input":{"@type":"PropertyValueSpecification","valueRequired":true,"valueName":"search_term_string"}}],"inLanguage":"fr-FR"},{"@type":"Organization","@id":"https:\/\/www.pernici.com\/fr\/#organization","name":"Cereria Pernici Shop","url":"https:\/\/www.pernici.com\/fr\/","logo":{"@type":"ImageObject","inLanguage":"fr-FR","@id":"https:\/\/www.pernici.com\/fr\/#\/schema\/logo\/image\/","url":"https:\/\/www.pernici.com\/wp-content\/uploads\/2025\/07\/logo_pernici.png","contentUrl":"https:\/\/www.pernici.com\/wp-content\/uploads\/2025\/07\/logo_pernici.png","width":432,"height":189,"caption":"Cereria Pernici Shop"},"image":{"@id":"https:\/\/www.pernici.com\/fr\/#\/schema\/logo\/image\/"},"sameAs":["https:\/\/www.facebook.com\/cereriapernici","https:\/\/www.instagram.com\/cereriapernici\/"]}]}},"_links":{"self":[{"href":"https:\/\/www.pernici.com\/fr\/wp-json\/wp\/v2\/product\/5742","targetHints":{"allow":["GET"]}}],"collection":[{"href":"https:\/\/www.pernici.com\/fr\/wp-json\/wp\/v2\/product"}],"about":[{"href":"https:\/\/www.pernici.com\/fr\/wp-json\/wp\/v2\/types\/product"}],"wp:featuredmedia":[{"embeddable":true,"href":"https:\/\/www.pernici.com\/fr\/wp-json\/wp\/v2\/media\/5755"}],"wp:attachment":[{"href":"https:\/\/www.pernici.com\/fr\/wp-json\/wp\/v2\/media?parent=5742"}],"wp:term":[{"taxonomy":"product_col","embeddable":true,"href":"https:\/\/www.pernici.com\/fr\/wp-json\/wp\/v2\/product_col?post=5742"},{"taxonomy":"product_brand","embeddable":true,"href":"https:\/\/www.pernici.com\/fr\/wp-json\/wp\/v2\/product_brand?post=5742"},{"taxonomy":"product_cat","embeddable":true,"href":"https:\/\/www.pernici.com\/fr\/wp-json\/wp\/v2\/product_cat?post=5742"},{"taxonomy":"product_tag","embeddable":true,"href":"https:\/\/www.pernici.com\/fr\/wp-json\/wp\/v2\/product_tag?post=5742"}],"curies":[{"name":"wp","href":"https:\/\/api.w.org\/{rel}","templated":true}]}}