{"id":5720,"date":"2026-03-11T18:48:59","date_gmt":"2026-03-11T18:48:59","guid":{"rendered":"https:\/\/www.pernici.com\/?post_type=product&#038;p=5720"},"modified":"2026-03-11T19:09:50","modified_gmt":"2026-03-11T19:09:50","slug":"pine-mountain-air-copia-copia-3","status":"publish","type":"product","link":"https:\/\/www.pernici.com\/fr\/prodotto\/pine-mountain-air-copia-copia-3\/","title":{"rendered":"Bougie Grapefruit &amp; Green leaves"},"content":{"rendered":"<p class=\"p1\">La vivacit\u00e9 du pamplemousse rencontre la fra\u00eecheur sauvage de la menthe.<\/p>\n<p class=\"p1\">Une bouff\u00e9e d&rsquo;air pur qui r\u00e9g\u00e9n\u00e8re l&rsquo;esprit.<\/p>\n<p class=\"p1\">Imaginez que vous vous promenez dans un bosquet d&rsquo;agrumes m\u00e9diterran\u00e9en alors qu&rsquo;une brise fra\u00eeche soul\u00e8ve le parfum des feuilles mouill\u00e9es. Pamplemousse et feuilles vertes est un parfum dynamique, essentiel et profond\u00e9ment rafra\u00eechissant. <\/p>\n<p class=\"p1\">C&rsquo;est le choix id\u00e9al pour ceux qui recherchent une atmosph\u00e8re \u00e9nergisante qui sent la nature propre et pr\u00e9serv\u00e9e.<\/p>\n<p class=\"p1\"><strong>Pourquoi le choisir ?<\/strong><\/p>\n<p class=\"p1\">C&rsquo;est le parfum id\u00e9al pour contrer la chaleur de l&rsquo;\u00e9t\u00e9. Gr\u00e2ce \u00e0 la pr\u00e9sence de menthe et d&rsquo;agrumes, elle peut rendre la pi\u00e8ce plus fra\u00eeche et plus a\u00e9r\u00e9e. Parfaite pour le bureau, la cuisine ou toute personne souhaitant une bougie qui favorise la concentration et la bonne humeur.  <\/p>\n","protected":false},"excerpt":{"rendered":"<p>Une exp\u00e9rience qui \u00e9voque la fra\u00eecheur des for\u00eats alpines et l&rsquo;air pur des montagnes. Une bougie \u00e9l\u00e9gante et r\u00e9g\u00e9n\u00e9rante, capable de transformer n&rsquo;importe quelle pi\u00e8ce en un havre de s\u00e9r\u00e9nit\u00e9 et de bien-\u00eatre.<\/p>\n","protected":false},"featured_media":5733,"template":"","meta":{"_acf_changed":false},"product_col":[],"product_brand":[],"product_cat":[70,69,108,112,107],"product_tag":[76,123],"class_list":{"0":"post-5720","1":"product","2":"type-product","3":"status-publish","4":"has-post-thumbnail","6":"product_cat-actualites","7":"product_cat-bougies","8":"product_cat-bougies-parfumees","9":"product_cat-editions-limitees","10":"product_cat-mois-des-meilleures-ventes","11":"product_tag-350-g","12":"product_tag-70-g","13":"pa_formato-350-g","14":"pa_formato-70-g","16":"first","17":"instock","18":"taxable","19":"shipping-taxable","20":"purchasable","21":"product-type-variable"},"acf":[],"yoast_head":"<!-- This site is optimized with the Yoast SEO plugin v27.2 - https:\/\/yoast.com\/product\/yoast-seo-wordpress\/ -->\n<title>Bougie Grapefruit &amp; Green leaves - Cereria Pernici<\/title>\n<meta name=\"robots\" content=\"index, follow, max-snippet:-1, max-image-preview:large, max-video-preview:-1\" \/>\n<link rel=\"canonical\" href=\"https:\/\/www.pernici.com\/fr\/prodotto\/pine-mountain-air-copia-copia-3\/\" \/>\n<meta property=\"og:locale\" content=\"fr_FR\" \/>\n<meta property=\"og:type\" content=\"article\" \/>\n<meta property=\"og:title\" content=\"Bougie Grapefruit &amp; Green leaves - Cereria Pernici\" \/>\n<meta property=\"og:description\" content=\"Une exp\u00e9rience qui \u00e9voque la fra\u00eecheur des for\u00eats alpines et l&#039;air pur des montagnes. Une bougie \u00e9l\u00e9gante et r\u00e9g\u00e9n\u00e9rante, capable de transformer n&#039;importe quelle pi\u00e8ce en un havre de s\u00e9r\u00e9nit\u00e9 et de bien-\u00eatre.\" \/>\n<meta property=\"og:url\" content=\"https:\/\/www.pernici.com\/fr\/prodotto\/pine-mountain-air-copia-copia-3\/\" \/>\n<meta property=\"og:site_name\" content=\"Cereria Pernici\" \/>\n<meta property=\"article:publisher\" content=\"https:\/\/www.facebook.com\/cereriapernici\" \/>\n<meta property=\"article:modified_time\" content=\"2026-03-11T19:09:50+00:00\" \/>\n<meta property=\"og:image\" content=\"https:\/\/www.pernici.com\/wp-content\/uploads\/2026\/03\/candela-350-g_grapefruit-singola-_Pernici.jpg\" \/>\n\t<meta property=\"og:image:width\" content=\"1024\" \/>\n\t<meta property=\"og:image:height\" content=\"1024\" \/>\n\t<meta property=\"og:image:type\" content=\"image\/jpeg\" \/>\n<meta name=\"twitter:card\" content=\"summary_large_image\" \/>\n<meta name=\"twitter:label1\" content=\"Dur\u00e9e de lecture estim\u00e9e\" \/>\n\t<meta name=\"twitter:data1\" content=\"1 minute\" \/>\n<script type=\"application\/ld+json\" class=\"yoast-schema-graph\">{\"@context\":\"https:\/\/schema.org\",\"@graph\":[{\"@type\":\"WebPage\",\"@id\":\"https:\/\/www.pernici.com\/fr\/prodotto\/pine-mountain-air-copia-copia-3\/\",\"url\":\"https:\/\/www.pernici.com\/fr\/prodotto\/pine-mountain-air-copia-copia-3\/\",\"name\":\"Bougie Grapefruit &amp; Green leaves - Cereria Pernici\",\"isPartOf\":{\"@id\":\"https:\/\/www.pernici.com\/fr\/#website\"},\"primaryImageOfPage\":{\"@id\":\"https:\/\/www.pernici.com\/fr\/prodotto\/pine-mountain-air-copia-copia-3\/#primaryimage\"},\"image\":{\"@id\":\"https:\/\/www.pernici.com\/fr\/prodotto\/pine-mountain-air-copia-copia-3\/#primaryimage\"},\"thumbnailUrl\":\"https:\/\/www.pernici.com\/wp-content\/uploads\/2026\/03\/candela-350-g_grapefruit-singola-_Pernici.jpg\",\"datePublished\":\"2026-03-11T18:48:59+00:00\",\"dateModified\":\"2026-03-11T19:09:50+00:00\",\"breadcrumb\":{\"@id\":\"https:\/\/www.pernici.com\/fr\/prodotto\/pine-mountain-air-copia-copia-3\/#breadcrumb\"},\"inLanguage\":\"fr-FR\",\"potentialAction\":[{\"@type\":\"ReadAction\",\"target\":[\"https:\/\/www.pernici.com\/fr\/prodotto\/pine-mountain-air-copia-copia-3\/\"]}]},{\"@type\":\"ImageObject\",\"inLanguage\":\"fr-FR\",\"@id\":\"https:\/\/www.pernici.com\/fr\/prodotto\/pine-mountain-air-copia-copia-3\/#primaryimage\",\"url\":\"https:\/\/www.pernici.com\/wp-content\/uploads\/2026\/03\/candela-350-g_grapefruit-singola-_Pernici.jpg\",\"contentUrl\":\"https:\/\/www.pernici.com\/wp-content\/uploads\/2026\/03\/candela-350-g_grapefruit-singola-_Pernici.jpg\",\"width\":1024,\"height\":1024,\"caption\":\"Bougie parfum\u00e9e d'\u00e9t\u00e9 350g pamplemousse &amp; feuilles vertes par Pernici en nature morte.\"},{\"@type\":\"BreadcrumbList\",\"@id\":\"https:\/\/www.pernici.com\/fr\/prodotto\/pine-mountain-air-copia-copia-3\/#breadcrumb\",\"itemListElement\":[{\"@type\":\"ListItem\",\"position\":1,\"name\":\"Accueil\",\"item\":\"https:\/\/www.pernici.com\/fr\/\"},{\"@type\":\"ListItem\",\"position\":2,\"name\":\"Boutique\",\"item\":\"https:\/\/www.pernici.com\/fr\/boutique\/\"},{\"@type\":\"ListItem\",\"position\":3,\"name\":\"Bougies\",\"item\":\"https:\/\/www.pernici.com\/fr\/categoria-prodotto\/bougies\/\"},{\"@type\":\"ListItem\",\"position\":4,\"name\":\"Bougie Grapefruit &amp; Green leaves\"}]},{\"@type\":\"WebSite\",\"@id\":\"https:\/\/www.pernici.com\/fr\/#website\",\"url\":\"https:\/\/www.pernici.com\/fr\/\",\"name\":\"Cereria Pernici Shop\",\"description\":\"una candela non illumina soltanto: racconta chi sei \",\"publisher\":{\"@id\":\"https:\/\/www.pernici.com\/fr\/#organization\"},\"potentialAction\":[{\"@type\":\"SearchAction\",\"target\":{\"@type\":\"EntryPoint\",\"urlTemplate\":\"https:\/\/www.pernici.com\/fr\/?s={search_term_string}\"},\"query-input\":{\"@type\":\"PropertyValueSpecification\",\"valueRequired\":true,\"valueName\":\"search_term_string\"}}],\"inLanguage\":\"fr-FR\"},{\"@type\":\"Organization\",\"@id\":\"https:\/\/www.pernici.com\/fr\/#organization\",\"name\":\"Cereria Pernici Shop\",\"url\":\"https:\/\/www.pernici.com\/fr\/\",\"logo\":{\"@type\":\"ImageObject\",\"inLanguage\":\"fr-FR\",\"@id\":\"https:\/\/www.pernici.com\/fr\/#\/schema\/logo\/image\/\",\"url\":\"https:\/\/www.pernici.com\/wp-content\/uploads\/2025\/07\/logo_pernici.png\",\"contentUrl\":\"https:\/\/www.pernici.com\/wp-content\/uploads\/2025\/07\/logo_pernici.png\",\"width\":432,\"height\":189,\"caption\":\"Cereria Pernici Shop\"},\"image\":{\"@id\":\"https:\/\/www.pernici.com\/fr\/#\/schema\/logo\/image\/\"},\"sameAs\":[\"https:\/\/www.facebook.com\/cereriapernici\",\"https:\/\/www.instagram.com\/cereriapernici\/\"]}]}<\/script>\n<!-- \/ Yoast SEO plugin. -->","yoast_head_json":{"title":"Bougie Grapefruit &amp; Green leaves - Cereria Pernici","robots":{"index":"index","follow":"follow","max-snippet":"max-snippet:-1","max-image-preview":"max-image-preview:large","max-video-preview":"max-video-preview:-1"},"canonical":"https:\/\/www.pernici.com\/fr\/prodotto\/pine-mountain-air-copia-copia-3\/","og_locale":"fr_FR","og_type":"article","og_title":"Bougie Grapefruit &amp; Green leaves - Cereria Pernici","og_description":"Une exp\u00e9rience qui \u00e9voque la fra\u00eecheur des for\u00eats alpines et l'air pur des montagnes. Une bougie \u00e9l\u00e9gante et r\u00e9g\u00e9n\u00e9rante, capable de transformer n'importe quelle pi\u00e8ce en un havre de s\u00e9r\u00e9nit\u00e9 et de bien-\u00eatre.","og_url":"https:\/\/www.pernici.com\/fr\/prodotto\/pine-mountain-air-copia-copia-3\/","og_site_name":"Cereria Pernici","article_publisher":"https:\/\/www.facebook.com\/cereriapernici","article_modified_time":"2026-03-11T19:09:50+00:00","og_image":[{"width":1024,"height":1024,"url":"https:\/\/www.pernici.com\/wp-content\/uploads\/2026\/03\/candela-350-g_grapefruit-singola-_Pernici.jpg","type":"image\/jpeg"}],"twitter_card":"summary_large_image","twitter_misc":{"Dur\u00e9e de lecture estim\u00e9e":"1 minute"},"schema":{"@context":"https:\/\/schema.org","@graph":[{"@type":"WebPage","@id":"https:\/\/www.pernici.com\/fr\/prodotto\/pine-mountain-air-copia-copia-3\/","url":"https:\/\/www.pernici.com\/fr\/prodotto\/pine-mountain-air-copia-copia-3\/","name":"Bougie Grapefruit &amp; Green leaves - Cereria Pernici","isPartOf":{"@id":"https:\/\/www.pernici.com\/fr\/#website"},"primaryImageOfPage":{"@id":"https:\/\/www.pernici.com\/fr\/prodotto\/pine-mountain-air-copia-copia-3\/#primaryimage"},"image":{"@id":"https:\/\/www.pernici.com\/fr\/prodotto\/pine-mountain-air-copia-copia-3\/#primaryimage"},"thumbnailUrl":"https:\/\/www.pernici.com\/wp-content\/uploads\/2026\/03\/candela-350-g_grapefruit-singola-_Pernici.jpg","datePublished":"2026-03-11T18:48:59+00:00","dateModified":"2026-03-11T19:09:50+00:00","breadcrumb":{"@id":"https:\/\/www.pernici.com\/fr\/prodotto\/pine-mountain-air-copia-copia-3\/#breadcrumb"},"inLanguage":"fr-FR","potentialAction":[{"@type":"ReadAction","target":["https:\/\/www.pernici.com\/fr\/prodotto\/pine-mountain-air-copia-copia-3\/"]}]},{"@type":"ImageObject","inLanguage":"fr-FR","@id":"https:\/\/www.pernici.com\/fr\/prodotto\/pine-mountain-air-copia-copia-3\/#primaryimage","url":"https:\/\/www.pernici.com\/wp-content\/uploads\/2026\/03\/candela-350-g_grapefruit-singola-_Pernici.jpg","contentUrl":"https:\/\/www.pernici.com\/wp-content\/uploads\/2026\/03\/candela-350-g_grapefruit-singola-_Pernici.jpg","width":1024,"height":1024,"caption":"Bougie parfum\u00e9e d'\u00e9t\u00e9 350g pamplemousse &amp; feuilles vertes par Pernici en nature morte."},{"@type":"BreadcrumbList","@id":"https:\/\/www.pernici.com\/fr\/prodotto\/pine-mountain-air-copia-copia-3\/#breadcrumb","itemListElement":[{"@type":"ListItem","position":1,"name":"Accueil","item":"https:\/\/www.pernici.com\/fr\/"},{"@type":"ListItem","position":2,"name":"Boutique","item":"https:\/\/www.pernici.com\/fr\/boutique\/"},{"@type":"ListItem","position":3,"name":"Bougies","item":"https:\/\/www.pernici.com\/fr\/categoria-prodotto\/bougies\/"},{"@type":"ListItem","position":4,"name":"Bougie Grapefruit &amp; Green leaves"}]},{"@type":"WebSite","@id":"https:\/\/www.pernici.com\/fr\/#website","url":"https:\/\/www.pernici.com\/fr\/","name":"Cereria Pernici Shop","description":"una candela non illumina soltanto: racconta chi sei ","publisher":{"@id":"https:\/\/www.pernici.com\/fr\/#organization"},"potentialAction":[{"@type":"SearchAction","target":{"@type":"EntryPoint","urlTemplate":"https:\/\/www.pernici.com\/fr\/?s={search_term_string}"},"query-input":{"@type":"PropertyValueSpecification","valueRequired":true,"valueName":"search_term_string"}}],"inLanguage":"fr-FR"},{"@type":"Organization","@id":"https:\/\/www.pernici.com\/fr\/#organization","name":"Cereria Pernici Shop","url":"https:\/\/www.pernici.com\/fr\/","logo":{"@type":"ImageObject","inLanguage":"fr-FR","@id":"https:\/\/www.pernici.com\/fr\/#\/schema\/logo\/image\/","url":"https:\/\/www.pernici.com\/wp-content\/uploads\/2025\/07\/logo_pernici.png","contentUrl":"https:\/\/www.pernici.com\/wp-content\/uploads\/2025\/07\/logo_pernici.png","width":432,"height":189,"caption":"Cereria Pernici Shop"},"image":{"@id":"https:\/\/www.pernici.com\/fr\/#\/schema\/logo\/image\/"},"sameAs":["https:\/\/www.facebook.com\/cereriapernici","https:\/\/www.instagram.com\/cereriapernici\/"]}]}},"_links":{"self":[{"href":"https:\/\/www.pernici.com\/fr\/wp-json\/wp\/v2\/product\/5720","targetHints":{"allow":["GET"]}}],"collection":[{"href":"https:\/\/www.pernici.com\/fr\/wp-json\/wp\/v2\/product"}],"about":[{"href":"https:\/\/www.pernici.com\/fr\/wp-json\/wp\/v2\/types\/product"}],"wp:featuredmedia":[{"embeddable":true,"href":"https:\/\/www.pernici.com\/fr\/wp-json\/wp\/v2\/media\/5733"}],"wp:attachment":[{"href":"https:\/\/www.pernici.com\/fr\/wp-json\/wp\/v2\/media?parent=5720"}],"wp:term":[{"taxonomy":"product_col","embeddable":true,"href":"https:\/\/www.pernici.com\/fr\/wp-json\/wp\/v2\/product_col?post=5720"},{"taxonomy":"product_brand","embeddable":true,"href":"https:\/\/www.pernici.com\/fr\/wp-json\/wp\/v2\/product_brand?post=5720"},{"taxonomy":"product_cat","embeddable":true,"href":"https:\/\/www.pernici.com\/fr\/wp-json\/wp\/v2\/product_cat?post=5720"},{"taxonomy":"product_tag","embeddable":true,"href":"https:\/\/www.pernici.com\/fr\/wp-json\/wp\/v2\/product_tag?post=5720"}],"curies":[{"name":"wp","href":"https:\/\/api.w.org\/{rel}","templated":true}]}}