{"id":5700,"date":"2026-03-11T18:49:30","date_gmt":"2026-03-11T18:49:30","guid":{"rendered":"https:\/\/www.pernici.com\/?post_type=product&#038;p=5700"},"modified":"2026-03-11T19:06:45","modified_gmt":"2026-03-11T19:06:45","slug":"pine-mountain-air-copia-copia","status":"publish","type":"product","link":"https:\/\/www.pernici.com\/fr\/prodotto\/pine-mountain-air-copia-copia\/","title":{"rendered":"Bougie Dark Cherry &amp; Caramel"},"content":{"rendered":"<p class=\"p1\">Oubliez les parfums d&rsquo;agrumes habituels. C&rsquo;est l&rsquo;\u00e9t\u00e9 que vous n&rsquo;attendez pas : \u00e9pais, magn\u00e9tique et irr\u00e9sistiblement velout\u00e9. <\/p>\n<p class=\"p1\">Imaginez un coucher de soleil teint\u00e9 de pourpre, une terrasse surplombant la mer et le plaisir d&rsquo;un dessert interdit d\u00e9gust\u00e9 \u00e0 l&rsquo;heure o\u00f9 l&rsquo;air se rafra\u00eechit.<\/p>\n<p class=\"p1\">Cerise noire et caramel est une invitation \u00e0 la s\u00e9duction des sens.<\/p>\n<p class=\"p1\">C&rsquo;est une bougie qui transforme la pi\u00e8ce en une retraite luxueuse, o\u00f9 la douceur des fruits fusionne avec l&rsquo;onctuosit\u00e9 du lait.<\/p>\n<p class=\"p1\"><strong>Pourquoi le choisir ?<\/strong><\/p>\n<p class=\"p1\">Id\u00e9al pour ceux qui aiment les senteurs chaudes qui ne passent pas inaper\u00e7ues, capables de rendre accueillant m\u00eame l&rsquo;espace le plus moderne.<\/p>\n<p class=\"p1\">Allumez-le lors d&rsquo;un d\u00eener d&rsquo;\u00e9t\u00e9 pour cr\u00e9er une atmosph\u00e8re intime, ou en fin d&rsquo;apr\u00e8s-midi pour accompagner votre moment de d\u00e9tente d&rsquo;une touche d&rsquo;opulence.<\/p>\n","protected":false},"excerpt":{"rendered":"<p>Une exp\u00e9rience qui \u00e9voque la fra\u00eecheur des for\u00eats alpines et l&rsquo;air pur des montagnes. Une bougie \u00e9l\u00e9gante et r\u00e9g\u00e9n\u00e9rante, capable de transformer n&rsquo;importe quelle pi\u00e8ce en un havre de s\u00e9r\u00e9nit\u00e9 et de bien-\u00eatre.<\/p>\n","protected":false},"featured_media":5711,"template":"","meta":{"_acf_changed":false},"product_col":[89],"product_brand":[],"product_cat":[70,69,108,112,107],"product_tag":[76,123],"class_list":{"0":"post-5700","1":"product","2":"type-product","3":"status-publish","4":"has-post-thumbnail","6":"product_col-special-editions","7":"product_cat-actualites","8":"product_cat-bougies","9":"product_cat-bougies-parfumees","10":"product_cat-editions-limitees","11":"product_cat-mois-des-meilleures-ventes","12":"product_tag-350-g","13":"product_tag-70-g","14":"pa_formato-350-g","15":"pa_formato-70-g","17":"first","18":"instock","19":"taxable","20":"shipping-taxable","21":"purchasable","22":"product-type-variable"},"acf":[],"yoast_head":"<!-- This site is optimized with the Yoast SEO plugin v27.2 - https:\/\/yoast.com\/product\/yoast-seo-wordpress\/ -->\n<title>Bougie Dark Cherry &amp; Caramel - Cereria Pernici<\/title>\n<meta name=\"robots\" content=\"index, follow, max-snippet:-1, max-image-preview:large, max-video-preview:-1\" \/>\n<link rel=\"canonical\" href=\"https:\/\/www.pernici.com\/fr\/prodotto\/pine-mountain-air-copia-copia\/\" \/>\n<meta property=\"og:locale\" content=\"fr_FR\" \/>\n<meta property=\"og:type\" content=\"article\" \/>\n<meta property=\"og:title\" content=\"Bougie Dark Cherry &amp; Caramel - Cereria Pernici\" \/>\n<meta property=\"og:description\" content=\"Une exp\u00e9rience qui \u00e9voque la fra\u00eecheur des for\u00eats alpines et l&#039;air pur des montagnes. Une bougie \u00e9l\u00e9gante et r\u00e9g\u00e9n\u00e9rante, capable de transformer n&#039;importe quelle pi\u00e8ce en un havre de s\u00e9r\u00e9nit\u00e9 et de bien-\u00eatre.\" \/>\n<meta property=\"og:url\" content=\"https:\/\/www.pernici.com\/fr\/prodotto\/pine-mountain-air-copia-copia\/\" \/>\n<meta property=\"og:site_name\" content=\"Cereria Pernici\" \/>\n<meta property=\"article:publisher\" content=\"https:\/\/www.facebook.com\/cereriapernici\" \/>\n<meta property=\"article:modified_time\" content=\"2026-03-11T19:06:45+00:00\" \/>\n<meta property=\"og:image\" content=\"https:\/\/www.pernici.com\/wp-content\/uploads\/2026\/03\/candela-350-g_dark-cherry-singola-_Pernici.jpg\" \/>\n\t<meta property=\"og:image:width\" content=\"1024\" \/>\n\t<meta property=\"og:image:height\" content=\"1024\" \/>\n\t<meta property=\"og:image:type\" content=\"image\/jpeg\" \/>\n<meta name=\"twitter:card\" content=\"summary_large_image\" \/>\n<meta name=\"twitter:label1\" content=\"Dur\u00e9e de lecture estim\u00e9e\" \/>\n\t<meta name=\"twitter:data1\" content=\"1 minute\" \/>\n<script type=\"application\/ld+json\" class=\"yoast-schema-graph\">{\"@context\":\"https:\/\/schema.org\",\"@graph\":[{\"@type\":\"WebPage\",\"@id\":\"https:\/\/www.pernici.com\/fr\/prodotto\/pine-mountain-air-copia-copia\/\",\"url\":\"https:\/\/www.pernici.com\/fr\/prodotto\/pine-mountain-air-copia-copia\/\",\"name\":\"Bougie Dark Cherry &amp; Caramel - Cereria Pernici\",\"isPartOf\":{\"@id\":\"https:\/\/www.pernici.com\/fr\/#website\"},\"primaryImageOfPage\":{\"@id\":\"https:\/\/www.pernici.com\/fr\/prodotto\/pine-mountain-air-copia-copia\/#primaryimage\"},\"image\":{\"@id\":\"https:\/\/www.pernici.com\/fr\/prodotto\/pine-mountain-air-copia-copia\/#primaryimage\"},\"thumbnailUrl\":\"https:\/\/www.pernici.com\/wp-content\/uploads\/2026\/03\/candela-350-g_dark-cherry-singola-_Pernici.jpg\",\"datePublished\":\"2026-03-11T18:49:30+00:00\",\"dateModified\":\"2026-03-11T19:06:45+00:00\",\"breadcrumb\":{\"@id\":\"https:\/\/www.pernici.com\/fr\/prodotto\/pine-mountain-air-copia-copia\/#breadcrumb\"},\"inLanguage\":\"fr-FR\",\"potentialAction\":[{\"@type\":\"ReadAction\",\"target\":[\"https:\/\/www.pernici.com\/fr\/prodotto\/pine-mountain-air-copia-copia\/\"]}]},{\"@type\":\"ImageObject\",\"inLanguage\":\"fr-FR\",\"@id\":\"https:\/\/www.pernici.com\/fr\/prodotto\/pine-mountain-air-copia-copia\/#primaryimage\",\"url\":\"https:\/\/www.pernici.com\/wp-content\/uploads\/2026\/03\/candela-350-g_dark-cherry-singola-_Pernici.jpg\",\"contentUrl\":\"https:\/\/www.pernici.com\/wp-content\/uploads\/2026\/03\/candela-350-g_dark-cherry-singola-_Pernici.jpg\",\"width\":1024,\"height\":1024,\"caption\":\"Bougie parfum\u00e9e d'\u00e9t\u00e9 350g fonc\u00e9 Cherry &amp; Caramel by Pernici en nature morte.\"},{\"@type\":\"BreadcrumbList\",\"@id\":\"https:\/\/www.pernici.com\/fr\/prodotto\/pine-mountain-air-copia-copia\/#breadcrumb\",\"itemListElement\":[{\"@type\":\"ListItem\",\"position\":1,\"name\":\"Accueil\",\"item\":\"https:\/\/www.pernici.com\/fr\/\"},{\"@type\":\"ListItem\",\"position\":2,\"name\":\"Boutique\",\"item\":\"https:\/\/www.pernici.com\/fr\/boutique\/\"},{\"@type\":\"ListItem\",\"position\":3,\"name\":\"Bougies\",\"item\":\"https:\/\/www.pernici.com\/fr\/categoria-prodotto\/bougies\/\"},{\"@type\":\"ListItem\",\"position\":4,\"name\":\"Bougie Dark Cherry &amp; Caramel\"}]},{\"@type\":\"WebSite\",\"@id\":\"https:\/\/www.pernici.com\/fr\/#website\",\"url\":\"https:\/\/www.pernici.com\/fr\/\",\"name\":\"Cereria Pernici Shop\",\"description\":\"una candela non illumina soltanto: racconta chi sei \",\"publisher\":{\"@id\":\"https:\/\/www.pernici.com\/fr\/#organization\"},\"potentialAction\":[{\"@type\":\"SearchAction\",\"target\":{\"@type\":\"EntryPoint\",\"urlTemplate\":\"https:\/\/www.pernici.com\/fr\/?s={search_term_string}\"},\"query-input\":{\"@type\":\"PropertyValueSpecification\",\"valueRequired\":true,\"valueName\":\"search_term_string\"}}],\"inLanguage\":\"fr-FR\"},{\"@type\":\"Organization\",\"@id\":\"https:\/\/www.pernici.com\/fr\/#organization\",\"name\":\"Cereria Pernici Shop\",\"url\":\"https:\/\/www.pernici.com\/fr\/\",\"logo\":{\"@type\":\"ImageObject\",\"inLanguage\":\"fr-FR\",\"@id\":\"https:\/\/www.pernici.com\/fr\/#\/schema\/logo\/image\/\",\"url\":\"https:\/\/www.pernici.com\/wp-content\/uploads\/2025\/07\/logo_pernici.png\",\"contentUrl\":\"https:\/\/www.pernici.com\/wp-content\/uploads\/2025\/07\/logo_pernici.png\",\"width\":432,\"height\":189,\"caption\":\"Cereria Pernici Shop\"},\"image\":{\"@id\":\"https:\/\/www.pernici.com\/fr\/#\/schema\/logo\/image\/\"},\"sameAs\":[\"https:\/\/www.facebook.com\/cereriapernici\",\"https:\/\/www.instagram.com\/cereriapernici\/\"]}]}<\/script>\n<!-- \/ Yoast SEO plugin. -->","yoast_head_json":{"title":"Bougie Dark Cherry &amp; Caramel - Cereria Pernici","robots":{"index":"index","follow":"follow","max-snippet":"max-snippet:-1","max-image-preview":"max-image-preview:large","max-video-preview":"max-video-preview:-1"},"canonical":"https:\/\/www.pernici.com\/fr\/prodotto\/pine-mountain-air-copia-copia\/","og_locale":"fr_FR","og_type":"article","og_title":"Bougie Dark Cherry &amp; Caramel - Cereria Pernici","og_description":"Une exp\u00e9rience qui \u00e9voque la fra\u00eecheur des for\u00eats alpines et l'air pur des montagnes. Une bougie \u00e9l\u00e9gante et r\u00e9g\u00e9n\u00e9rante, capable de transformer n'importe quelle pi\u00e8ce en un havre de s\u00e9r\u00e9nit\u00e9 et de bien-\u00eatre.","og_url":"https:\/\/www.pernici.com\/fr\/prodotto\/pine-mountain-air-copia-copia\/","og_site_name":"Cereria Pernici","article_publisher":"https:\/\/www.facebook.com\/cereriapernici","article_modified_time":"2026-03-11T19:06:45+00:00","og_image":[{"width":1024,"height":1024,"url":"https:\/\/www.pernici.com\/wp-content\/uploads\/2026\/03\/candela-350-g_dark-cherry-singola-_Pernici.jpg","type":"image\/jpeg"}],"twitter_card":"summary_large_image","twitter_misc":{"Dur\u00e9e de lecture estim\u00e9e":"1 minute"},"schema":{"@context":"https:\/\/schema.org","@graph":[{"@type":"WebPage","@id":"https:\/\/www.pernici.com\/fr\/prodotto\/pine-mountain-air-copia-copia\/","url":"https:\/\/www.pernici.com\/fr\/prodotto\/pine-mountain-air-copia-copia\/","name":"Bougie Dark Cherry &amp; Caramel - Cereria Pernici","isPartOf":{"@id":"https:\/\/www.pernici.com\/fr\/#website"},"primaryImageOfPage":{"@id":"https:\/\/www.pernici.com\/fr\/prodotto\/pine-mountain-air-copia-copia\/#primaryimage"},"image":{"@id":"https:\/\/www.pernici.com\/fr\/prodotto\/pine-mountain-air-copia-copia\/#primaryimage"},"thumbnailUrl":"https:\/\/www.pernici.com\/wp-content\/uploads\/2026\/03\/candela-350-g_dark-cherry-singola-_Pernici.jpg","datePublished":"2026-03-11T18:49:30+00:00","dateModified":"2026-03-11T19:06:45+00:00","breadcrumb":{"@id":"https:\/\/www.pernici.com\/fr\/prodotto\/pine-mountain-air-copia-copia\/#breadcrumb"},"inLanguage":"fr-FR","potentialAction":[{"@type":"ReadAction","target":["https:\/\/www.pernici.com\/fr\/prodotto\/pine-mountain-air-copia-copia\/"]}]},{"@type":"ImageObject","inLanguage":"fr-FR","@id":"https:\/\/www.pernici.com\/fr\/prodotto\/pine-mountain-air-copia-copia\/#primaryimage","url":"https:\/\/www.pernici.com\/wp-content\/uploads\/2026\/03\/candela-350-g_dark-cherry-singola-_Pernici.jpg","contentUrl":"https:\/\/www.pernici.com\/wp-content\/uploads\/2026\/03\/candela-350-g_dark-cherry-singola-_Pernici.jpg","width":1024,"height":1024,"caption":"Bougie parfum\u00e9e d'\u00e9t\u00e9 350g fonc\u00e9 Cherry &amp; Caramel by Pernici en nature morte."},{"@type":"BreadcrumbList","@id":"https:\/\/www.pernici.com\/fr\/prodotto\/pine-mountain-air-copia-copia\/#breadcrumb","itemListElement":[{"@type":"ListItem","position":1,"name":"Accueil","item":"https:\/\/www.pernici.com\/fr\/"},{"@type":"ListItem","position":2,"name":"Boutique","item":"https:\/\/www.pernici.com\/fr\/boutique\/"},{"@type":"ListItem","position":3,"name":"Bougies","item":"https:\/\/www.pernici.com\/fr\/categoria-prodotto\/bougies\/"},{"@type":"ListItem","position":4,"name":"Bougie Dark Cherry &amp; Caramel"}]},{"@type":"WebSite","@id":"https:\/\/www.pernici.com\/fr\/#website","url":"https:\/\/www.pernici.com\/fr\/","name":"Cereria Pernici Shop","description":"una candela non illumina soltanto: racconta chi sei ","publisher":{"@id":"https:\/\/www.pernici.com\/fr\/#organization"},"potentialAction":[{"@type":"SearchAction","target":{"@type":"EntryPoint","urlTemplate":"https:\/\/www.pernici.com\/fr\/?s={search_term_string}"},"query-input":{"@type":"PropertyValueSpecification","valueRequired":true,"valueName":"search_term_string"}}],"inLanguage":"fr-FR"},{"@type":"Organization","@id":"https:\/\/www.pernici.com\/fr\/#organization","name":"Cereria Pernici Shop","url":"https:\/\/www.pernici.com\/fr\/","logo":{"@type":"ImageObject","inLanguage":"fr-FR","@id":"https:\/\/www.pernici.com\/fr\/#\/schema\/logo\/image\/","url":"https:\/\/www.pernici.com\/wp-content\/uploads\/2025\/07\/logo_pernici.png","contentUrl":"https:\/\/www.pernici.com\/wp-content\/uploads\/2025\/07\/logo_pernici.png","width":432,"height":189,"caption":"Cereria Pernici Shop"},"image":{"@id":"https:\/\/www.pernici.com\/fr\/#\/schema\/logo\/image\/"},"sameAs":["https:\/\/www.facebook.com\/cereriapernici","https:\/\/www.instagram.com\/cereriapernici\/"]}]}},"_links":{"self":[{"href":"https:\/\/www.pernici.com\/fr\/wp-json\/wp\/v2\/product\/5700","targetHints":{"allow":["GET"]}}],"collection":[{"href":"https:\/\/www.pernici.com\/fr\/wp-json\/wp\/v2\/product"}],"about":[{"href":"https:\/\/www.pernici.com\/fr\/wp-json\/wp\/v2\/types\/product"}],"wp:featuredmedia":[{"embeddable":true,"href":"https:\/\/www.pernici.com\/fr\/wp-json\/wp\/v2\/media\/5711"}],"wp:attachment":[{"href":"https:\/\/www.pernici.com\/fr\/wp-json\/wp\/v2\/media?parent=5700"}],"wp:term":[{"taxonomy":"product_col","embeddable":true,"href":"https:\/\/www.pernici.com\/fr\/wp-json\/wp\/v2\/product_col?post=5700"},{"taxonomy":"product_brand","embeddable":true,"href":"https:\/\/www.pernici.com\/fr\/wp-json\/wp\/v2\/product_brand?post=5700"},{"taxonomy":"product_cat","embeddable":true,"href":"https:\/\/www.pernici.com\/fr\/wp-json\/wp\/v2\/product_cat?post=5700"},{"taxonomy":"product_tag","embeddable":true,"href":"https:\/\/www.pernici.com\/fr\/wp-json\/wp\/v2\/product_tag?post=5700"}],"curies":[{"name":"wp","href":"https:\/\/api.w.org\/{rel}","templated":true}]}}