{"id":5655,"date":"2026-03-11T18:49:33","date_gmt":"2026-03-11T18:49:33","guid":{"rendered":"https:\/\/www.pernici.com\/?post_type=product&#038;p=5655"},"modified":"2026-03-11T19:12:38","modified_gmt":"2026-03-11T19:12:38","slug":"pine-mountain-air-copia","status":"publish","type":"product","link":"https:\/\/www.pernici.com\/fr\/prodotto\/pine-mountain-air-copia\/","title":{"rendered":"Bougie Cedarwood &amp; Vetiver"},"content":{"rendered":"<p class=\"p1\">Une explosion de lumi\u00e8re solaire captur\u00e9e dans la cire. La fra\u00eecheur piquante des agrumes rencontre la noble solidit\u00e9 du bois. <\/p>\n<p class=\"p1\">L&rsquo;heure du r\u00e9veil, lorsque l&rsquo;air est encore vif et que le soleil commence \u00e0 r\u00e9chauffer la peau.<\/p>\n<p class=\"p1\">Cedarwood and Vetiver est un parfum dynamique, con\u00e7u pour ceux qui veulent se ressourcer.<\/p>\n<p class=\"p1\">C&rsquo;est l&rsquo;\u00e9quilibre parfait entre la vivacit\u00e9 des fruits tropicaux et la stabilit\u00e9 des bois nobles : un contraste qui sent la libert\u00e9 et les grands espaces.<\/p>\n<p class=\"p1\"><strong>Pourquoi le choisir ?<\/strong><\/p>\n<p class=\"p1\">C&rsquo;est la bougie \u00e0 allumer dans la cuisine ou le salon pour \u00e9liminer les mauvaises odeurs et rafra\u00eechir instantan\u00e9ment l&rsquo;atmosph\u00e8re. Id\u00e9ale pour les journ\u00e9es chaudes, <\/p>\n<p class=\"p1\">lorsque l&rsquo;on recherche un parfum qui n&rsquo;est jamais lourd, mais qui donne plut\u00f4t une sensation de propret\u00e9 extr\u00eame et de positivit\u00e9.<\/p>\n","protected":false},"excerpt":{"rendered":"<p>Une exp\u00e9rience qui \u00e9voque la fra\u00eecheur des for\u00eats alpines et l&rsquo;air pur des montagnes. Une bougie \u00e9l\u00e9gante et r\u00e9g\u00e9n\u00e9rante, capable de transformer n&rsquo;importe quelle pi\u00e8ce en un havre de s\u00e9r\u00e9nit\u00e9 et de bien-\u00eatre.<\/p>\n","protected":false},"featured_media":5691,"template":"","meta":{"_acf_changed":false},"product_col":[33,89],"product_brand":[],"product_cat":[70,69,108,112,107],"product_tag":[76,123],"class_list":{"0":"post-5655","1":"product","2":"type-product","3":"status-publish","4":"has-post-thumbnail","6":"product_col-elementi","7":"product_col-special-editions","8":"product_cat-actualites","9":"product_cat-bougies","10":"product_cat-bougies-parfumees","11":"product_cat-editions-limitees","12":"product_cat-mois-des-meilleures-ventes","13":"product_tag-350-g","14":"product_tag-70-g","15":"pa_formato-350-g","16":"pa_formato-70-g","18":"first","19":"instock","20":"taxable","21":"shipping-taxable","22":"purchasable","23":"product-type-variable"},"acf":[],"yoast_head":"<!-- This site is optimized with the Yoast SEO plugin v27.2 - https:\/\/yoast.com\/product\/yoast-seo-wordpress\/ -->\n<title>Bougie Cedarwood &amp; Vetiver - Cereria Pernici<\/title>\n<meta name=\"robots\" content=\"index, follow, max-snippet:-1, max-image-preview:large, max-video-preview:-1\" \/>\n<link rel=\"canonical\" href=\"https:\/\/www.pernici.com\/fr\/prodotto\/pine-mountain-air-copia\/\" \/>\n<meta property=\"og:locale\" content=\"fr_FR\" \/>\n<meta property=\"og:type\" content=\"article\" \/>\n<meta property=\"og:title\" content=\"Bougie Cedarwood &amp; Vetiver - Cereria Pernici\" \/>\n<meta property=\"og:description\" content=\"Une exp\u00e9rience qui \u00e9voque la fra\u00eecheur des for\u00eats alpines et l&#039;air pur des montagnes. Une bougie \u00e9l\u00e9gante et r\u00e9g\u00e9n\u00e9rante, capable de transformer n&#039;importe quelle pi\u00e8ce en un havre de s\u00e9r\u00e9nit\u00e9 et de bien-\u00eatre.\" \/>\n<meta property=\"og:url\" content=\"https:\/\/www.pernici.com\/fr\/prodotto\/pine-mountain-air-copia\/\" \/>\n<meta property=\"og:site_name\" content=\"Cereria Pernici\" \/>\n<meta property=\"article:publisher\" content=\"https:\/\/www.facebook.com\/cereriapernici\" \/>\n<meta property=\"article:modified_time\" content=\"2026-03-11T19:12:38+00:00\" \/>\n<meta property=\"og:image\" content=\"https:\/\/www.pernici.com\/wp-content\/uploads\/2026\/03\/candela-350-g_-cedarwood-singola_Pernici.jpg\" \/>\n\t<meta property=\"og:image:width\" content=\"1024\" \/>\n\t<meta property=\"og:image:height\" content=\"1024\" \/>\n\t<meta property=\"og:image:type\" content=\"image\/jpeg\" \/>\n<meta name=\"twitter:card\" content=\"summary_large_image\" \/>\n<meta name=\"twitter:label1\" content=\"Dur\u00e9e de lecture estim\u00e9e\" \/>\n\t<meta name=\"twitter:data1\" content=\"1 minute\" \/>\n<script type=\"application\/ld+json\" class=\"yoast-schema-graph\">{\"@context\":\"https:\/\/schema.org\",\"@graph\":[{\"@type\":\"WebPage\",\"@id\":\"https:\/\/www.pernici.com\/fr\/prodotto\/pine-mountain-air-copia\/\",\"url\":\"https:\/\/www.pernici.com\/fr\/prodotto\/pine-mountain-air-copia\/\",\"name\":\"Bougie Cedarwood &amp; Vetiver - Cereria Pernici\",\"isPartOf\":{\"@id\":\"https:\/\/www.pernici.com\/fr\/#website\"},\"primaryImageOfPage\":{\"@id\":\"https:\/\/www.pernici.com\/fr\/prodotto\/pine-mountain-air-copia\/#primaryimage\"},\"image\":{\"@id\":\"https:\/\/www.pernici.com\/fr\/prodotto\/pine-mountain-air-copia\/#primaryimage\"},\"thumbnailUrl\":\"https:\/\/www.pernici.com\/wp-content\/uploads\/2026\/03\/candela-350-g_-cedarwood-singola_Pernici.jpg\",\"datePublished\":\"2026-03-11T18:49:33+00:00\",\"dateModified\":\"2026-03-11T19:12:38+00:00\",\"breadcrumb\":{\"@id\":\"https:\/\/www.pernici.com\/fr\/prodotto\/pine-mountain-air-copia\/#breadcrumb\"},\"inLanguage\":\"fr-FR\",\"potentialAction\":[{\"@type\":\"ReadAction\",\"target\":[\"https:\/\/www.pernici.com\/fr\/prodotto\/pine-mountain-air-copia\/\"]}]},{\"@type\":\"ImageObject\",\"inLanguage\":\"fr-FR\",\"@id\":\"https:\/\/www.pernici.com\/fr\/prodotto\/pine-mountain-air-copia\/#primaryimage\",\"url\":\"https:\/\/www.pernici.com\/wp-content\/uploads\/2026\/03\/candela-350-g_-cedarwood-singola_Pernici.jpg\",\"contentUrl\":\"https:\/\/www.pernici.com\/wp-content\/uploads\/2026\/03\/candela-350-g_-cedarwood-singola_Pernici.jpg\",\"width\":1024,\"height\":1024,\"caption\":\"Bougie parfum\u00e9e d'\u00e9t\u00e9 350g bois de c\u00e8dre &amp; v\u00e9tiver par Pernici en nature morte.\"},{\"@type\":\"BreadcrumbList\",\"@id\":\"https:\/\/www.pernici.com\/fr\/prodotto\/pine-mountain-air-copia\/#breadcrumb\",\"itemListElement\":[{\"@type\":\"ListItem\",\"position\":1,\"name\":\"Accueil\",\"item\":\"https:\/\/www.pernici.com\/fr\/\"},{\"@type\":\"ListItem\",\"position\":2,\"name\":\"Boutique\",\"item\":\"https:\/\/www.pernici.com\/fr\/boutique\/\"},{\"@type\":\"ListItem\",\"position\":3,\"name\":\"Bougies\",\"item\":\"https:\/\/www.pernici.com\/fr\/categoria-prodotto\/bougies\/\"},{\"@type\":\"ListItem\",\"position\":4,\"name\":\"Bougie Cedarwood &amp; Vetiver\"}]},{\"@type\":\"WebSite\",\"@id\":\"https:\/\/www.pernici.com\/fr\/#website\",\"url\":\"https:\/\/www.pernici.com\/fr\/\",\"name\":\"Cereria Pernici Shop\",\"description\":\"una candela non illumina soltanto: racconta chi sei \",\"publisher\":{\"@id\":\"https:\/\/www.pernici.com\/fr\/#organization\"},\"potentialAction\":[{\"@type\":\"SearchAction\",\"target\":{\"@type\":\"EntryPoint\",\"urlTemplate\":\"https:\/\/www.pernici.com\/fr\/?s={search_term_string}\"},\"query-input\":{\"@type\":\"PropertyValueSpecification\",\"valueRequired\":true,\"valueName\":\"search_term_string\"}}],\"inLanguage\":\"fr-FR\"},{\"@type\":\"Organization\",\"@id\":\"https:\/\/www.pernici.com\/fr\/#organization\",\"name\":\"Cereria Pernici Shop\",\"url\":\"https:\/\/www.pernici.com\/fr\/\",\"logo\":{\"@type\":\"ImageObject\",\"inLanguage\":\"fr-FR\",\"@id\":\"https:\/\/www.pernici.com\/fr\/#\/schema\/logo\/image\/\",\"url\":\"https:\/\/www.pernici.com\/wp-content\/uploads\/2025\/07\/logo_pernici.png\",\"contentUrl\":\"https:\/\/www.pernici.com\/wp-content\/uploads\/2025\/07\/logo_pernici.png\",\"width\":432,\"height\":189,\"caption\":\"Cereria Pernici Shop\"},\"image\":{\"@id\":\"https:\/\/www.pernici.com\/fr\/#\/schema\/logo\/image\/\"},\"sameAs\":[\"https:\/\/www.facebook.com\/cereriapernici\",\"https:\/\/www.instagram.com\/cereriapernici\/\"]}]}<\/script>\n<!-- \/ Yoast SEO plugin. -->","yoast_head_json":{"title":"Bougie Cedarwood &amp; Vetiver - Cereria Pernici","robots":{"index":"index","follow":"follow","max-snippet":"max-snippet:-1","max-image-preview":"max-image-preview:large","max-video-preview":"max-video-preview:-1"},"canonical":"https:\/\/www.pernici.com\/fr\/prodotto\/pine-mountain-air-copia\/","og_locale":"fr_FR","og_type":"article","og_title":"Bougie Cedarwood &amp; Vetiver - Cereria Pernici","og_description":"Une exp\u00e9rience qui \u00e9voque la fra\u00eecheur des for\u00eats alpines et l'air pur des montagnes. Une bougie \u00e9l\u00e9gante et r\u00e9g\u00e9n\u00e9rante, capable de transformer n'importe quelle pi\u00e8ce en un havre de s\u00e9r\u00e9nit\u00e9 et de bien-\u00eatre.","og_url":"https:\/\/www.pernici.com\/fr\/prodotto\/pine-mountain-air-copia\/","og_site_name":"Cereria Pernici","article_publisher":"https:\/\/www.facebook.com\/cereriapernici","article_modified_time":"2026-03-11T19:12:38+00:00","og_image":[{"width":1024,"height":1024,"url":"https:\/\/www.pernici.com\/wp-content\/uploads\/2026\/03\/candela-350-g_-cedarwood-singola_Pernici.jpg","type":"image\/jpeg"}],"twitter_card":"summary_large_image","twitter_misc":{"Dur\u00e9e de lecture estim\u00e9e":"1 minute"},"schema":{"@context":"https:\/\/schema.org","@graph":[{"@type":"WebPage","@id":"https:\/\/www.pernici.com\/fr\/prodotto\/pine-mountain-air-copia\/","url":"https:\/\/www.pernici.com\/fr\/prodotto\/pine-mountain-air-copia\/","name":"Bougie Cedarwood &amp; Vetiver - Cereria Pernici","isPartOf":{"@id":"https:\/\/www.pernici.com\/fr\/#website"},"primaryImageOfPage":{"@id":"https:\/\/www.pernici.com\/fr\/prodotto\/pine-mountain-air-copia\/#primaryimage"},"image":{"@id":"https:\/\/www.pernici.com\/fr\/prodotto\/pine-mountain-air-copia\/#primaryimage"},"thumbnailUrl":"https:\/\/www.pernici.com\/wp-content\/uploads\/2026\/03\/candela-350-g_-cedarwood-singola_Pernici.jpg","datePublished":"2026-03-11T18:49:33+00:00","dateModified":"2026-03-11T19:12:38+00:00","breadcrumb":{"@id":"https:\/\/www.pernici.com\/fr\/prodotto\/pine-mountain-air-copia\/#breadcrumb"},"inLanguage":"fr-FR","potentialAction":[{"@type":"ReadAction","target":["https:\/\/www.pernici.com\/fr\/prodotto\/pine-mountain-air-copia\/"]}]},{"@type":"ImageObject","inLanguage":"fr-FR","@id":"https:\/\/www.pernici.com\/fr\/prodotto\/pine-mountain-air-copia\/#primaryimage","url":"https:\/\/www.pernici.com\/wp-content\/uploads\/2026\/03\/candela-350-g_-cedarwood-singola_Pernici.jpg","contentUrl":"https:\/\/www.pernici.com\/wp-content\/uploads\/2026\/03\/candela-350-g_-cedarwood-singola_Pernici.jpg","width":1024,"height":1024,"caption":"Bougie parfum\u00e9e d'\u00e9t\u00e9 350g bois de c\u00e8dre &amp; v\u00e9tiver par Pernici en nature morte."},{"@type":"BreadcrumbList","@id":"https:\/\/www.pernici.com\/fr\/prodotto\/pine-mountain-air-copia\/#breadcrumb","itemListElement":[{"@type":"ListItem","position":1,"name":"Accueil","item":"https:\/\/www.pernici.com\/fr\/"},{"@type":"ListItem","position":2,"name":"Boutique","item":"https:\/\/www.pernici.com\/fr\/boutique\/"},{"@type":"ListItem","position":3,"name":"Bougies","item":"https:\/\/www.pernici.com\/fr\/categoria-prodotto\/bougies\/"},{"@type":"ListItem","position":4,"name":"Bougie Cedarwood &amp; Vetiver"}]},{"@type":"WebSite","@id":"https:\/\/www.pernici.com\/fr\/#website","url":"https:\/\/www.pernici.com\/fr\/","name":"Cereria Pernici Shop","description":"una candela non illumina soltanto: racconta chi sei ","publisher":{"@id":"https:\/\/www.pernici.com\/fr\/#organization"},"potentialAction":[{"@type":"SearchAction","target":{"@type":"EntryPoint","urlTemplate":"https:\/\/www.pernici.com\/fr\/?s={search_term_string}"},"query-input":{"@type":"PropertyValueSpecification","valueRequired":true,"valueName":"search_term_string"}}],"inLanguage":"fr-FR"},{"@type":"Organization","@id":"https:\/\/www.pernici.com\/fr\/#organization","name":"Cereria Pernici Shop","url":"https:\/\/www.pernici.com\/fr\/","logo":{"@type":"ImageObject","inLanguage":"fr-FR","@id":"https:\/\/www.pernici.com\/fr\/#\/schema\/logo\/image\/","url":"https:\/\/www.pernici.com\/wp-content\/uploads\/2025\/07\/logo_pernici.png","contentUrl":"https:\/\/www.pernici.com\/wp-content\/uploads\/2025\/07\/logo_pernici.png","width":432,"height":189,"caption":"Cereria Pernici Shop"},"image":{"@id":"https:\/\/www.pernici.com\/fr\/#\/schema\/logo\/image\/"},"sameAs":["https:\/\/www.facebook.com\/cereriapernici","https:\/\/www.instagram.com\/cereriapernici\/"]}]}},"_links":{"self":[{"href":"https:\/\/www.pernici.com\/fr\/wp-json\/wp\/v2\/product\/5655","targetHints":{"allow":["GET"]}}],"collection":[{"href":"https:\/\/www.pernici.com\/fr\/wp-json\/wp\/v2\/product"}],"about":[{"href":"https:\/\/www.pernici.com\/fr\/wp-json\/wp\/v2\/types\/product"}],"wp:featuredmedia":[{"embeddable":true,"href":"https:\/\/www.pernici.com\/fr\/wp-json\/wp\/v2\/media\/5691"}],"wp:attachment":[{"href":"https:\/\/www.pernici.com\/fr\/wp-json\/wp\/v2\/media?parent=5655"}],"wp:term":[{"taxonomy":"product_col","embeddable":true,"href":"https:\/\/www.pernici.com\/fr\/wp-json\/wp\/v2\/product_col?post=5655"},{"taxonomy":"product_brand","embeddable":true,"href":"https:\/\/www.pernici.com\/fr\/wp-json\/wp\/v2\/product_brand?post=5655"},{"taxonomy":"product_cat","embeddable":true,"href":"https:\/\/www.pernici.com\/fr\/wp-json\/wp\/v2\/product_cat?post=5655"},{"taxonomy":"product_tag","embeddable":true,"href":"https:\/\/www.pernici.com\/fr\/wp-json\/wp\/v2\/product_tag?post=5655"}],"curies":[{"name":"wp","href":"https:\/\/api.w.org\/{rel}","templated":true}]}}