{"id":4721,"date":"2025-11-18T07:43:07","date_gmt":"2025-11-18T07:43:07","guid":{"rendered":"https:\/\/www.pernici.com\/prodotto\/iceberg-rose-cedre\/"},"modified":"2025-11-18T07:43:07","modified_gmt":"2025-11-18T07:43:07","slug":"iceberg-rose-cedre","status":"publish","type":"product","link":"https:\/\/www.pernici.com\/fr\/prodotto\/iceberg-rose-cedre\/","title":{"rendered":"Iceberg Rose &amp; C\u00e8dre"},"content":{"rendered":"<p class=\"p1\">Iceberg Rose &amp; Cedar est un parfum raffin\u00e9 et surprenant, o\u00f9 la d\u00e9licatesse de la rose rencontre la force du bois.<br \/>\nLes notes de t\u00eate de rose iceberg, de poivre et de pamplemousse s&rsquo;ouvrent sur une fra\u00eecheur lumineuse et l\u00e9g\u00e8rement \u00e9pic\u00e9e qui captive les sens.<br \/>\nLe c\u0153ur de c\u00e8dre, de cannelle et de tabac enveloppe d&rsquo;une chaleur \u00e9l\u00e9gante et sophistiqu\u00e9e, cr\u00e9ant un \u00e9quilibre parfait entre douceur et caract\u00e8re.<\/p>\n<p class=\"p1\">Une fragrance forte mais harmonieuse, capable de transformer n&rsquo;importe quelle pi\u00e8ce en un espace d&rsquo;intensit\u00e9 tranquille et de charme discret.<\/p>\n","protected":false},"excerpt":{"rendered":"<p>Iceberg Rose &amp; Cedar associe la fra\u00eecheur de la rose et du pamplemousse \u00e0 la chaleur du c\u00e8dre, de la cannelle et du tabac dans un \u00e9quilibre \u00e9l\u00e9gant et sensuel.<\/p>\n","protected":false},"featured_media":4925,"template":"","meta":{"_acf_changed":false},"product_col":[33],"product_brand":[],"product_cat":[69,108],"product_tag":[],"class_list":{"0":"post-4721","1":"product","2":"type-product","3":"status-publish","4":"has-post-thumbnail","6":"product_col-elementi","7":"product_cat-bougies","8":"product_cat-bougies-parfumees","9":"pa_formato-200-g","10":"pa_formato-350-g","11":"pa_formato-900-g","13":"first","14":"instock","15":"taxable","16":"shipping-taxable","17":"purchasable","18":"product-type-variable"},"acf":[],"yoast_head":"<!-- This site is optimized with the Yoast SEO plugin v27.4 - https:\/\/yoast.com\/product\/yoast-seo-wordpress\/ -->\n<title>Iceberg Rose &amp; C\u00e8dre - Cereria Pernici<\/title>\n<meta name=\"robots\" content=\"index, follow, max-snippet:-1, max-image-preview:large, max-video-preview:-1\" \/>\n<link rel=\"canonical\" href=\"https:\/\/www.pernici.com\/fr\/prodotto\/iceberg-rose-cedre\/\" \/>\n<meta property=\"og:locale\" content=\"fr_FR\" \/>\n<meta property=\"og:type\" content=\"article\" \/>\n<meta property=\"og:title\" content=\"Iceberg Rose &amp; C\u00e8dre - Cereria Pernici\" \/>\n<meta property=\"og:description\" content=\"Iceberg Rose &amp; Cedar associe la fra\u00eecheur de la rose et du pamplemousse \u00e0 la chaleur du c\u00e8dre, de la cannelle et du tabac dans un \u00e9quilibre \u00e9l\u00e9gant et sensuel.\" \/>\n<meta property=\"og:url\" content=\"https:\/\/www.pernici.com\/fr\/prodotto\/iceberg-rose-cedre\/\" \/>\n<meta property=\"og:site_name\" content=\"Cereria Pernici\" \/>\n<meta property=\"article:publisher\" content=\"https:\/\/www.facebook.com\/cereriapernici\" \/>\n<meta property=\"og:image\" content=\"https:\/\/www.pernici.com\/wp-content\/uploads\/2025\/11\/candela-profumata-elementi-icerberg-rose-350g-pernici-still-life.jpg.jpg\" \/>\n\t<meta property=\"og:image:width\" content=\"1024\" \/>\n\t<meta property=\"og:image:height\" content=\"1024\" \/>\n\t<meta property=\"og:image:type\" content=\"image\/jpeg\" \/>\n<meta name=\"twitter:card\" content=\"summary_large_image\" \/>\n<meta name=\"twitter:label1\" content=\"Dur\u00e9e de lecture estim\u00e9e\" \/>\n\t<meta name=\"twitter:data1\" content=\"1 minute\" \/>\n<script type=\"application\/ld+json\" class=\"yoast-schema-graph\">{\"@context\":\"https:\\\/\\\/schema.org\",\"@graph\":[{\"@type\":\"WebPage\",\"@id\":\"https:\\\/\\\/www.pernici.com\\\/fr\\\/prodotto\\\/iceberg-rose-cedre\\\/\",\"url\":\"https:\\\/\\\/www.pernici.com\\\/fr\\\/prodotto\\\/iceberg-rose-cedre\\\/\",\"name\":\"Iceberg Rose &amp; C\u00e8dre - Cereria Pernici\",\"isPartOf\":{\"@id\":\"https:\\\/\\\/www.pernici.com\\\/fr\\\/#website\"},\"primaryImageOfPage\":{\"@id\":\"https:\\\/\\\/www.pernici.com\\\/fr\\\/prodotto\\\/iceberg-rose-cedre\\\/#primaryimage\"},\"image\":{\"@id\":\"https:\\\/\\\/www.pernici.com\\\/fr\\\/prodotto\\\/iceberg-rose-cedre\\\/#primaryimage\"},\"thumbnailUrl\":\"https:\\\/\\\/www.pernici.com\\\/wp-content\\\/uploads\\\/2025\\\/11\\\/candela-profumata-elementi-icerberg-rose-350g-pernici-still-life.jpg.jpg\",\"datePublished\":\"2025-11-18T07:43:07+00:00\",\"breadcrumb\":{\"@id\":\"https:\\\/\\\/www.pernici.com\\\/fr\\\/prodotto\\\/iceberg-rose-cedre\\\/#breadcrumb\"},\"inLanguage\":\"fr-FR\",\"potentialAction\":[{\"@type\":\"ReadAction\",\"target\":[\"https:\\\/\\\/www.pernici.com\\\/fr\\\/prodotto\\\/iceberg-rose-cedre\\\/\"]}]},{\"@type\":\"ImageObject\",\"inLanguage\":\"fr-FR\",\"@id\":\"https:\\\/\\\/www.pernici.com\\\/fr\\\/prodotto\\\/iceberg-rose-cedre\\\/#primaryimage\",\"url\":\"https:\\\/\\\/www.pernici.com\\\/wp-content\\\/uploads\\\/2025\\\/11\\\/candela-profumata-elementi-icerberg-rose-350g-pernici-still-life.jpg.jpg\",\"contentUrl\":\"https:\\\/\\\/www.pernici.com\\\/wp-content\\\/uploads\\\/2025\\\/11\\\/candela-profumata-elementi-icerberg-rose-350g-pernici-still-life.jpg.jpg\",\"width\":1024,\"height\":1024,\"caption\":\"Candela profumata Elementi 350gr profumazione Rose Iceberg and rose di Pernici in still life.\"},{\"@type\":\"BreadcrumbList\",\"@id\":\"https:\\\/\\\/www.pernici.com\\\/fr\\\/prodotto\\\/iceberg-rose-cedre\\\/#breadcrumb\",\"itemListElement\":[{\"@type\":\"ListItem\",\"position\":1,\"name\":\"Accueil\",\"item\":\"https:\\\/\\\/www.pernici.com\\\/fr\\\/\"},{\"@type\":\"ListItem\",\"position\":2,\"name\":\"Boutique\",\"item\":\"https:\\\/\\\/www.pernici.com\\\/fr\\\/boutique\\\/\"},{\"@type\":\"ListItem\",\"position\":3,\"name\":\"Bougies\",\"item\":\"https:\\\/\\\/www.pernici.com\\\/fr\\\/categoria-prodotto\\\/bougies\\\/\"},{\"@type\":\"ListItem\",\"position\":4,\"name\":\"Bougies parfum\u00e9es\",\"item\":\"https:\\\/\\\/www.pernici.com\\\/fr\\\/categoria-prodotto\\\/bougies\\\/bougies-parfumees\\\/\"},{\"@type\":\"ListItem\",\"position\":5,\"name\":\"Iceberg Rose &amp; C\u00e8dre\"}]},{\"@type\":\"WebSite\",\"@id\":\"https:\\\/\\\/www.pernici.com\\\/fr\\\/#website\",\"url\":\"https:\\\/\\\/www.pernici.com\\\/fr\\\/\",\"name\":\"Cereria Pernici Shop\",\"description\":\"una candela non illumina soltanto: racconta chi sei \",\"publisher\":{\"@id\":\"https:\\\/\\\/www.pernici.com\\\/fr\\\/#organization\"},\"potentialAction\":[{\"@type\":\"SearchAction\",\"target\":{\"@type\":\"EntryPoint\",\"urlTemplate\":\"https:\\\/\\\/www.pernici.com\\\/fr\\\/?s={search_term_string}\"},\"query-input\":{\"@type\":\"PropertyValueSpecification\",\"valueRequired\":true,\"valueName\":\"search_term_string\"}}],\"inLanguage\":\"fr-FR\"},{\"@type\":\"Organization\",\"@id\":\"https:\\\/\\\/www.pernici.com\\\/fr\\\/#organization\",\"name\":\"Cereria Pernici Shop\",\"url\":\"https:\\\/\\\/www.pernici.com\\\/fr\\\/\",\"logo\":{\"@type\":\"ImageObject\",\"inLanguage\":\"fr-FR\",\"@id\":\"https:\\\/\\\/www.pernici.com\\\/fr\\\/#\\\/schema\\\/logo\\\/image\\\/\",\"url\":\"https:\\\/\\\/www.pernici.com\\\/wp-content\\\/uploads\\\/2025\\\/07\\\/logo_pernici.png\",\"contentUrl\":\"https:\\\/\\\/www.pernici.com\\\/wp-content\\\/uploads\\\/2025\\\/07\\\/logo_pernici.png\",\"width\":432,\"height\":189,\"caption\":\"Cereria Pernici Shop\"},\"image\":{\"@id\":\"https:\\\/\\\/www.pernici.com\\\/fr\\\/#\\\/schema\\\/logo\\\/image\\\/\"},\"sameAs\":[\"https:\\\/\\\/www.facebook.com\\\/cereriapernici\",\"https:\\\/\\\/www.instagram.com\\\/cereriapernici\\\/\"]}]}<\/script>\n<!-- \/ Yoast SEO plugin. -->","yoast_head_json":{"title":"Iceberg Rose &amp; C\u00e8dre - Cereria Pernici","robots":{"index":"index","follow":"follow","max-snippet":"max-snippet:-1","max-image-preview":"max-image-preview:large","max-video-preview":"max-video-preview:-1"},"canonical":"https:\/\/www.pernici.com\/fr\/prodotto\/iceberg-rose-cedre\/","og_locale":"fr_FR","og_type":"article","og_title":"Iceberg Rose &amp; C\u00e8dre - Cereria Pernici","og_description":"Iceberg Rose &amp; Cedar associe la fra\u00eecheur de la rose et du pamplemousse \u00e0 la chaleur du c\u00e8dre, de la cannelle et du tabac dans un \u00e9quilibre \u00e9l\u00e9gant et sensuel.","og_url":"https:\/\/www.pernici.com\/fr\/prodotto\/iceberg-rose-cedre\/","og_site_name":"Cereria Pernici","article_publisher":"https:\/\/www.facebook.com\/cereriapernici","og_image":[{"width":1024,"height":1024,"url":"https:\/\/www.pernici.com\/wp-content\/uploads\/2025\/11\/candela-profumata-elementi-icerberg-rose-350g-pernici-still-life.jpg.jpg","type":"image\/jpeg"}],"twitter_card":"summary_large_image","twitter_misc":{"Dur\u00e9e de lecture estim\u00e9e":"1 minute"},"schema":{"@context":"https:\/\/schema.org","@graph":[{"@type":"WebPage","@id":"https:\/\/www.pernici.com\/fr\/prodotto\/iceberg-rose-cedre\/","url":"https:\/\/www.pernici.com\/fr\/prodotto\/iceberg-rose-cedre\/","name":"Iceberg Rose &amp; C\u00e8dre - Cereria Pernici","isPartOf":{"@id":"https:\/\/www.pernici.com\/fr\/#website"},"primaryImageOfPage":{"@id":"https:\/\/www.pernici.com\/fr\/prodotto\/iceberg-rose-cedre\/#primaryimage"},"image":{"@id":"https:\/\/www.pernici.com\/fr\/prodotto\/iceberg-rose-cedre\/#primaryimage"},"thumbnailUrl":"https:\/\/www.pernici.com\/wp-content\/uploads\/2025\/11\/candela-profumata-elementi-icerberg-rose-350g-pernici-still-life.jpg.jpg","datePublished":"2025-11-18T07:43:07+00:00","breadcrumb":{"@id":"https:\/\/www.pernici.com\/fr\/prodotto\/iceberg-rose-cedre\/#breadcrumb"},"inLanguage":"fr-FR","potentialAction":[{"@type":"ReadAction","target":["https:\/\/www.pernici.com\/fr\/prodotto\/iceberg-rose-cedre\/"]}]},{"@type":"ImageObject","inLanguage":"fr-FR","@id":"https:\/\/www.pernici.com\/fr\/prodotto\/iceberg-rose-cedre\/#primaryimage","url":"https:\/\/www.pernici.com\/wp-content\/uploads\/2025\/11\/candela-profumata-elementi-icerberg-rose-350g-pernici-still-life.jpg.jpg","contentUrl":"https:\/\/www.pernici.com\/wp-content\/uploads\/2025\/11\/candela-profumata-elementi-icerberg-rose-350g-pernici-still-life.jpg.jpg","width":1024,"height":1024,"caption":"Candela profumata Elementi 350gr profumazione Rose Iceberg and rose di Pernici in still life."},{"@type":"BreadcrumbList","@id":"https:\/\/www.pernici.com\/fr\/prodotto\/iceberg-rose-cedre\/#breadcrumb","itemListElement":[{"@type":"ListItem","position":1,"name":"Accueil","item":"https:\/\/www.pernici.com\/fr\/"},{"@type":"ListItem","position":2,"name":"Boutique","item":"https:\/\/www.pernici.com\/fr\/boutique\/"},{"@type":"ListItem","position":3,"name":"Bougies","item":"https:\/\/www.pernici.com\/fr\/categoria-prodotto\/bougies\/"},{"@type":"ListItem","position":4,"name":"Bougies parfum\u00e9es","item":"https:\/\/www.pernici.com\/fr\/categoria-prodotto\/bougies\/bougies-parfumees\/"},{"@type":"ListItem","position":5,"name":"Iceberg Rose &amp; C\u00e8dre"}]},{"@type":"WebSite","@id":"https:\/\/www.pernici.com\/fr\/#website","url":"https:\/\/www.pernici.com\/fr\/","name":"Cereria Pernici Shop","description":"una candela non illumina soltanto: racconta chi sei ","publisher":{"@id":"https:\/\/www.pernici.com\/fr\/#organization"},"potentialAction":[{"@type":"SearchAction","target":{"@type":"EntryPoint","urlTemplate":"https:\/\/www.pernici.com\/fr\/?s={search_term_string}"},"query-input":{"@type":"PropertyValueSpecification","valueRequired":true,"valueName":"search_term_string"}}],"inLanguage":"fr-FR"},{"@type":"Organization","@id":"https:\/\/www.pernici.com\/fr\/#organization","name":"Cereria Pernici Shop","url":"https:\/\/www.pernici.com\/fr\/","logo":{"@type":"ImageObject","inLanguage":"fr-FR","@id":"https:\/\/www.pernici.com\/fr\/#\/schema\/logo\/image\/","url":"https:\/\/www.pernici.com\/wp-content\/uploads\/2025\/07\/logo_pernici.png","contentUrl":"https:\/\/www.pernici.com\/wp-content\/uploads\/2025\/07\/logo_pernici.png","width":432,"height":189,"caption":"Cereria Pernici Shop"},"image":{"@id":"https:\/\/www.pernici.com\/fr\/#\/schema\/logo\/image\/"},"sameAs":["https:\/\/www.facebook.com\/cereriapernici","https:\/\/www.instagram.com\/cereriapernici\/"]}]}},"_links":{"self":[{"href":"https:\/\/www.pernici.com\/fr\/wp-json\/wp\/v2\/product\/4721","targetHints":{"allow":["GET"]}}],"collection":[{"href":"https:\/\/www.pernici.com\/fr\/wp-json\/wp\/v2\/product"}],"about":[{"href":"https:\/\/www.pernici.com\/fr\/wp-json\/wp\/v2\/types\/product"}],"wp:featuredmedia":[{"embeddable":true,"href":"https:\/\/www.pernici.com\/fr\/wp-json\/wp\/v2\/media\/4925"}],"wp:attachment":[{"href":"https:\/\/www.pernici.com\/fr\/wp-json\/wp\/v2\/media?parent=4721"}],"wp:term":[{"taxonomy":"product_col","embeddable":true,"href":"https:\/\/www.pernici.com\/fr\/wp-json\/wp\/v2\/product_col?post=4721"},{"taxonomy":"product_brand","embeddable":true,"href":"https:\/\/www.pernici.com\/fr\/wp-json\/wp\/v2\/product_brand?post=4721"},{"taxonomy":"product_cat","embeddable":true,"href":"https:\/\/www.pernici.com\/fr\/wp-json\/wp\/v2\/product_cat?post=4721"},{"taxonomy":"product_tag","embeddable":true,"href":"https:\/\/www.pernici.com\/fr\/wp-json\/wp\/v2\/product_tag?post=4721"}],"curies":[{"name":"wp","href":"https:\/\/api.w.org\/{rel}","templated":true}]}}