{"id":4716,"date":"2025-11-18T07:48:35","date_gmt":"2025-11-18T07:48:35","guid":{"rendered":"https:\/\/www.pernici.com\/prodotto\/pine-mountain-air\/"},"modified":"2025-11-18T07:48:35","modified_gmt":"2025-11-18T07:48:35","slug":"pine-mountain-air","status":"publish","type":"product","link":"https:\/\/www.pernici.com\/fr\/prodotto\/pine-mountain-air\/","title":{"rendered":"Pine &amp; Mountain Air"},"content":{"rendered":"<p class=\"p1\">Une exp\u00e9rience sensorielle \u00e9voquant les for\u00eats alpines et l&rsquo;air vif des montagnes. Cette bougie d\u00e9gage la fra\u00eecheur vibrante d&rsquo;une nature pr\u00e9serv\u00e9e, comme une promenade parmi les sapins centenaires o\u00f9 le vent porte des notes pures et rajeunissantes. Sa lumi\u00e8re chaude diffuse bien-\u00eatre et s\u00e9r\u00e9nit\u00e9, transformant toute pi\u00e8ce en un refuge intime et \u00e9l\u00e9gant.  <\/p>\n<p class=\"p1\">Plus qu&rsquo;un simple parfum, c&rsquo;est une invitation \u00e0 respirer profond\u00e9ment, \u00e0 retrouver l&rsquo;\u00e9quilibre et \u00e0 accueillir la puissance authentique de la montagne dans la maison.<\/p>\n","protected":false},"excerpt":{"rendered":"<p>Une exp\u00e9rience qui \u00e9voque la fra\u00eecheur des for\u00eats alpines et l&rsquo;air pur des montagnes. Une bougie \u00e9l\u00e9gante et r\u00e9g\u00e9n\u00e9rante, capable de transformer n&rsquo;importe quelle pi\u00e8ce en un havre de s\u00e9r\u00e9nit\u00e9 et de bien-\u00eatre. <\/p>\n","protected":false},"featured_media":4884,"template":"","meta":{"_acf_changed":false},"product_col":[33],"product_brand":[],"product_cat":[69,108],"product_tag":[],"class_list":{"0":"post-4716","1":"product","2":"type-product","3":"status-publish","4":"has-post-thumbnail","6":"product_col-elementi","7":"product_cat-bougies","8":"product_cat-bougies-parfumees","9":"pa_formato-200-g","10":"pa_formato-350-g","12":"first","13":"instock","14":"taxable","15":"shipping-taxable","16":"purchasable","17":"product-type-variable"},"acf":[],"yoast_head":"<!-- This site is optimized with the Yoast SEO plugin v27.4 - https:\/\/yoast.com\/product\/yoast-seo-wordpress\/ -->\n<title>Pine &amp; Mountain Air - Cereria Pernici<\/title>\n<meta name=\"robots\" content=\"index, follow, max-snippet:-1, max-image-preview:large, max-video-preview:-1\" \/>\n<link rel=\"canonical\" href=\"https:\/\/www.pernici.com\/fr\/prodotto\/pine-mountain-air\/\" \/>\n<meta property=\"og:locale\" content=\"fr_FR\" \/>\n<meta property=\"og:type\" content=\"article\" \/>\n<meta property=\"og:title\" content=\"Pine &amp; Mountain Air - Cereria Pernici\" \/>\n<meta property=\"og:description\" content=\"Une exp\u00e9rience qui \u00e9voque la fra\u00eecheur des for\u00eats alpines et l&#039;air pur des montagnes. Une bougie \u00e9l\u00e9gante et r\u00e9g\u00e9n\u00e9rante, capable de transformer n&#039;importe quelle pi\u00e8ce en un havre de s\u00e9r\u00e9nit\u00e9 et de bien-\u00eatre.\" \/>\n<meta property=\"og:url\" content=\"https:\/\/www.pernici.com\/fr\/prodotto\/pine-mountain-air\/\" \/>\n<meta property=\"og:site_name\" content=\"Cereria Pernici\" \/>\n<meta property=\"article:publisher\" content=\"https:\/\/www.facebook.com\/cereriapernici\" \/>\n<meta property=\"og:image\" content=\"https:\/\/www.pernici.com\/wp-content\/uploads\/2025\/11\/candela-profumata-elementi-pine-mountain-air-350g-pernici-still-life.jpg.jpg\" \/>\n\t<meta property=\"og:image:width\" content=\"1024\" \/>\n\t<meta property=\"og:image:height\" content=\"1024\" \/>\n\t<meta property=\"og:image:type\" content=\"image\/jpeg\" \/>\n<meta name=\"twitter:card\" content=\"summary_large_image\" \/>\n<script type=\"application\/ld+json\" class=\"yoast-schema-graph\">{\"@context\":\"https:\\\/\\\/schema.org\",\"@graph\":[{\"@type\":\"WebPage\",\"@id\":\"https:\\\/\\\/www.pernici.com\\\/fr\\\/prodotto\\\/pine-mountain-air\\\/\",\"url\":\"https:\\\/\\\/www.pernici.com\\\/fr\\\/prodotto\\\/pine-mountain-air\\\/\",\"name\":\"Pine &amp; Mountain Air - Cereria Pernici\",\"isPartOf\":{\"@id\":\"https:\\\/\\\/www.pernici.com\\\/fr\\\/#website\"},\"primaryImageOfPage\":{\"@id\":\"https:\\\/\\\/www.pernici.com\\\/fr\\\/prodotto\\\/pine-mountain-air\\\/#primaryimage\"},\"image\":{\"@id\":\"https:\\\/\\\/www.pernici.com\\\/fr\\\/prodotto\\\/pine-mountain-air\\\/#primaryimage\"},\"thumbnailUrl\":\"https:\\\/\\\/www.pernici.com\\\/wp-content\\\/uploads\\\/2025\\\/11\\\/candela-profumata-elementi-pine-mountain-air-350g-pernici-still-life.jpg.jpg\",\"datePublished\":\"2025-11-18T07:48:35+00:00\",\"breadcrumb\":{\"@id\":\"https:\\\/\\\/www.pernici.com\\\/fr\\\/prodotto\\\/pine-mountain-air\\\/#breadcrumb\"},\"inLanguage\":\"fr-FR\",\"potentialAction\":[{\"@type\":\"ReadAction\",\"target\":[\"https:\\\/\\\/www.pernici.com\\\/fr\\\/prodotto\\\/pine-mountain-air\\\/\"]}]},{\"@type\":\"ImageObject\",\"inLanguage\":\"fr-FR\",\"@id\":\"https:\\\/\\\/www.pernici.com\\\/fr\\\/prodotto\\\/pine-mountain-air\\\/#primaryimage\",\"url\":\"https:\\\/\\\/www.pernici.com\\\/wp-content\\\/uploads\\\/2025\\\/11\\\/candela-profumata-elementi-pine-mountain-air-350g-pernici-still-life.jpg.jpg\",\"contentUrl\":\"https:\\\/\\\/www.pernici.com\\\/wp-content\\\/uploads\\\/2025\\\/11\\\/candela-profumata-elementi-pine-mountain-air-350g-pernici-still-life.jpg.jpg\",\"width\":1024,\"height\":1024},{\"@type\":\"BreadcrumbList\",\"@id\":\"https:\\\/\\\/www.pernici.com\\\/fr\\\/prodotto\\\/pine-mountain-air\\\/#breadcrumb\",\"itemListElement\":[{\"@type\":\"ListItem\",\"position\":1,\"name\":\"Accueil\",\"item\":\"https:\\\/\\\/www.pernici.com\\\/fr\\\/\"},{\"@type\":\"ListItem\",\"position\":2,\"name\":\"Boutique\",\"item\":\"https:\\\/\\\/www.pernici.com\\\/fr\\\/boutique\\\/\"},{\"@type\":\"ListItem\",\"position\":3,\"name\":\"Bougies\",\"item\":\"https:\\\/\\\/www.pernici.com\\\/fr\\\/categoria-prodotto\\\/bougies\\\/\"},{\"@type\":\"ListItem\",\"position\":4,\"name\":\"Bougies parfum\u00e9es\",\"item\":\"https:\\\/\\\/www.pernici.com\\\/fr\\\/categoria-prodotto\\\/bougies\\\/bougies-parfumees\\\/\"},{\"@type\":\"ListItem\",\"position\":5,\"name\":\"Pine &amp; Mountain Air\"}]},{\"@type\":\"WebSite\",\"@id\":\"https:\\\/\\\/www.pernici.com\\\/fr\\\/#website\",\"url\":\"https:\\\/\\\/www.pernici.com\\\/fr\\\/\",\"name\":\"Cereria Pernici Shop\",\"description\":\"una candela non illumina soltanto: racconta chi sei \",\"publisher\":{\"@id\":\"https:\\\/\\\/www.pernici.com\\\/fr\\\/#organization\"},\"potentialAction\":[{\"@type\":\"SearchAction\",\"target\":{\"@type\":\"EntryPoint\",\"urlTemplate\":\"https:\\\/\\\/www.pernici.com\\\/fr\\\/?s={search_term_string}\"},\"query-input\":{\"@type\":\"PropertyValueSpecification\",\"valueRequired\":true,\"valueName\":\"search_term_string\"}}],\"inLanguage\":\"fr-FR\"},{\"@type\":\"Organization\",\"@id\":\"https:\\\/\\\/www.pernici.com\\\/fr\\\/#organization\",\"name\":\"Cereria Pernici Shop\",\"url\":\"https:\\\/\\\/www.pernici.com\\\/fr\\\/\",\"logo\":{\"@type\":\"ImageObject\",\"inLanguage\":\"fr-FR\",\"@id\":\"https:\\\/\\\/www.pernici.com\\\/fr\\\/#\\\/schema\\\/logo\\\/image\\\/\",\"url\":\"https:\\\/\\\/www.pernici.com\\\/wp-content\\\/uploads\\\/2025\\\/07\\\/logo_pernici.png\",\"contentUrl\":\"https:\\\/\\\/www.pernici.com\\\/wp-content\\\/uploads\\\/2025\\\/07\\\/logo_pernici.png\",\"width\":432,\"height\":189,\"caption\":\"Cereria Pernici Shop\"},\"image\":{\"@id\":\"https:\\\/\\\/www.pernici.com\\\/fr\\\/#\\\/schema\\\/logo\\\/image\\\/\"},\"sameAs\":[\"https:\\\/\\\/www.facebook.com\\\/cereriapernici\",\"https:\\\/\\\/www.instagram.com\\\/cereriapernici\\\/\"]}]}<\/script>\n<!-- \/ Yoast SEO plugin. -->","yoast_head_json":{"title":"Pine &amp; Mountain Air - Cereria Pernici","robots":{"index":"index","follow":"follow","max-snippet":"max-snippet:-1","max-image-preview":"max-image-preview:large","max-video-preview":"max-video-preview:-1"},"canonical":"https:\/\/www.pernici.com\/fr\/prodotto\/pine-mountain-air\/","og_locale":"fr_FR","og_type":"article","og_title":"Pine &amp; Mountain Air - Cereria Pernici","og_description":"Une exp\u00e9rience qui \u00e9voque la fra\u00eecheur des for\u00eats alpines et l'air pur des montagnes. Une bougie \u00e9l\u00e9gante et r\u00e9g\u00e9n\u00e9rante, capable de transformer n'importe quelle pi\u00e8ce en un havre de s\u00e9r\u00e9nit\u00e9 et de bien-\u00eatre.","og_url":"https:\/\/www.pernici.com\/fr\/prodotto\/pine-mountain-air\/","og_site_name":"Cereria Pernici","article_publisher":"https:\/\/www.facebook.com\/cereriapernici","og_image":[{"width":1024,"height":1024,"url":"https:\/\/www.pernici.com\/wp-content\/uploads\/2025\/11\/candela-profumata-elementi-pine-mountain-air-350g-pernici-still-life.jpg.jpg","type":"image\/jpeg"}],"twitter_card":"summary_large_image","schema":{"@context":"https:\/\/schema.org","@graph":[{"@type":"WebPage","@id":"https:\/\/www.pernici.com\/fr\/prodotto\/pine-mountain-air\/","url":"https:\/\/www.pernici.com\/fr\/prodotto\/pine-mountain-air\/","name":"Pine &amp; Mountain Air - Cereria Pernici","isPartOf":{"@id":"https:\/\/www.pernici.com\/fr\/#website"},"primaryImageOfPage":{"@id":"https:\/\/www.pernici.com\/fr\/prodotto\/pine-mountain-air\/#primaryimage"},"image":{"@id":"https:\/\/www.pernici.com\/fr\/prodotto\/pine-mountain-air\/#primaryimage"},"thumbnailUrl":"https:\/\/www.pernici.com\/wp-content\/uploads\/2025\/11\/candela-profumata-elementi-pine-mountain-air-350g-pernici-still-life.jpg.jpg","datePublished":"2025-11-18T07:48:35+00:00","breadcrumb":{"@id":"https:\/\/www.pernici.com\/fr\/prodotto\/pine-mountain-air\/#breadcrumb"},"inLanguage":"fr-FR","potentialAction":[{"@type":"ReadAction","target":["https:\/\/www.pernici.com\/fr\/prodotto\/pine-mountain-air\/"]}]},{"@type":"ImageObject","inLanguage":"fr-FR","@id":"https:\/\/www.pernici.com\/fr\/prodotto\/pine-mountain-air\/#primaryimage","url":"https:\/\/www.pernici.com\/wp-content\/uploads\/2025\/11\/candela-profumata-elementi-pine-mountain-air-350g-pernici-still-life.jpg.jpg","contentUrl":"https:\/\/www.pernici.com\/wp-content\/uploads\/2025\/11\/candela-profumata-elementi-pine-mountain-air-350g-pernici-still-life.jpg.jpg","width":1024,"height":1024},{"@type":"BreadcrumbList","@id":"https:\/\/www.pernici.com\/fr\/prodotto\/pine-mountain-air\/#breadcrumb","itemListElement":[{"@type":"ListItem","position":1,"name":"Accueil","item":"https:\/\/www.pernici.com\/fr\/"},{"@type":"ListItem","position":2,"name":"Boutique","item":"https:\/\/www.pernici.com\/fr\/boutique\/"},{"@type":"ListItem","position":3,"name":"Bougies","item":"https:\/\/www.pernici.com\/fr\/categoria-prodotto\/bougies\/"},{"@type":"ListItem","position":4,"name":"Bougies parfum\u00e9es","item":"https:\/\/www.pernici.com\/fr\/categoria-prodotto\/bougies\/bougies-parfumees\/"},{"@type":"ListItem","position":5,"name":"Pine &amp; Mountain Air"}]},{"@type":"WebSite","@id":"https:\/\/www.pernici.com\/fr\/#website","url":"https:\/\/www.pernici.com\/fr\/","name":"Cereria Pernici Shop","description":"una candela non illumina soltanto: racconta chi sei ","publisher":{"@id":"https:\/\/www.pernici.com\/fr\/#organization"},"potentialAction":[{"@type":"SearchAction","target":{"@type":"EntryPoint","urlTemplate":"https:\/\/www.pernici.com\/fr\/?s={search_term_string}"},"query-input":{"@type":"PropertyValueSpecification","valueRequired":true,"valueName":"search_term_string"}}],"inLanguage":"fr-FR"},{"@type":"Organization","@id":"https:\/\/www.pernici.com\/fr\/#organization","name":"Cereria Pernici Shop","url":"https:\/\/www.pernici.com\/fr\/","logo":{"@type":"ImageObject","inLanguage":"fr-FR","@id":"https:\/\/www.pernici.com\/fr\/#\/schema\/logo\/image\/","url":"https:\/\/www.pernici.com\/wp-content\/uploads\/2025\/07\/logo_pernici.png","contentUrl":"https:\/\/www.pernici.com\/wp-content\/uploads\/2025\/07\/logo_pernici.png","width":432,"height":189,"caption":"Cereria Pernici Shop"},"image":{"@id":"https:\/\/www.pernici.com\/fr\/#\/schema\/logo\/image\/"},"sameAs":["https:\/\/www.facebook.com\/cereriapernici","https:\/\/www.instagram.com\/cereriapernici\/"]}]}},"_links":{"self":[{"href":"https:\/\/www.pernici.com\/fr\/wp-json\/wp\/v2\/product\/4716","targetHints":{"allow":["GET"]}}],"collection":[{"href":"https:\/\/www.pernici.com\/fr\/wp-json\/wp\/v2\/product"}],"about":[{"href":"https:\/\/www.pernici.com\/fr\/wp-json\/wp\/v2\/types\/product"}],"wp:featuredmedia":[{"embeddable":true,"href":"https:\/\/www.pernici.com\/fr\/wp-json\/wp\/v2\/media\/4884"}],"wp:attachment":[{"href":"https:\/\/www.pernici.com\/fr\/wp-json\/wp\/v2\/media?parent=4716"}],"wp:term":[{"taxonomy":"product_col","embeddable":true,"href":"https:\/\/www.pernici.com\/fr\/wp-json\/wp\/v2\/product_col?post=4716"},{"taxonomy":"product_brand","embeddable":true,"href":"https:\/\/www.pernici.com\/fr\/wp-json\/wp\/v2\/product_brand?post=4716"},{"taxonomy":"product_cat","embeddable":true,"href":"https:\/\/www.pernici.com\/fr\/wp-json\/wp\/v2\/product_cat?post=4716"},{"taxonomy":"product_tag","embeddable":true,"href":"https:\/\/www.pernici.com\/fr\/wp-json\/wp\/v2\/product_tag?post=4716"}],"curies":[{"name":"wp","href":"https:\/\/api.w.org\/{rel}","templated":true}]}}