{"id":3794,"date":"2023-06-01T13:42:11","date_gmt":"2023-06-01T13:42:11","guid":{"rendered":"https:\/\/www.pernici.com\/prodotto\/diffuseur-de-brume-girls-club-250-ml\/"},"modified":"2023-06-01T13:42:11","modified_gmt":"2023-06-01T13:42:11","slug":"diffuseur-de-brume-girls-club-250-ml","status":"publish","type":"product","link":"https:\/\/www.pernici.com\/fr\/prodotto\/diffuseur-de-brume-girls-club-250-ml\/","title":{"rendered":"Diffuseur de brume Girls&rsquo; Club 250 ml"},"content":{"rendered":"<p>Un festin de bonbons au rhum, de sucre et de d\u00e9lices \u00e9pic\u00e9s : ce sont les saveurs profondes r\u00e9serv\u00e9es aux secrets entre filles.<\/p>\n","protected":false},"excerpt":{"rendered":"<p>Un festin de bonbons au rhum, de sucre et de d\u00e9lices \u00e9pic\u00e9s : ce sont les saveurs profondes r\u00e9serv\u00e9es aux secrets entre filles.<\/p>\n","protected":false},"featured_media":4452,"template":"","meta":{"_acf_changed":false},"product_col":[21],"product_brand":[],"product_cat":[127,71],"product_tag":[],"class_list":{"0":"post-3794","1":"product","2":"type-product","3":"status-publish","4":"has-post-thumbnail","6":"product_col-les-sens","7":"product_cat-intervenants","8":"product_cat-parfums-dambiance","10":"first","11":"instock","12":"taxable","13":"shipping-taxable","14":"purchasable","15":"product-type-simple"},"acf":[],"yoast_head":"<!-- This site is optimized with the Yoast SEO plugin v27.2 - https:\/\/yoast.com\/product\/yoast-seo-wordpress\/ -->\n<title>Diffuseur de brume Girls&#039; Club 250 ml - Cereria Pernici<\/title>\n<meta name=\"robots\" content=\"index, follow, max-snippet:-1, max-image-preview:large, max-video-preview:-1\" \/>\n<link rel=\"canonical\" href=\"https:\/\/www.pernici.com\/fr\/prodotto\/diffuseur-de-brume-girls-club-250-ml\/\" \/>\n<meta property=\"og:locale\" content=\"fr_FR\" \/>\n<meta property=\"og:type\" content=\"article\" \/>\n<meta property=\"og:title\" content=\"Diffuseur de brume Girls&#039; Club 250 ml - Cereria Pernici\" \/>\n<meta property=\"og:description\" content=\"Un festin de bonbons au rhum, de sucre et de d\u00e9lices \u00e9pic\u00e9s : ce sont les saveurs profondes r\u00e9serv\u00e9es aux secrets entre filles.\" \/>\n<meta property=\"og:url\" content=\"https:\/\/www.pernici.com\/fr\/prodotto\/diffuseur-de-brume-girls-club-250-ml\/\" \/>\n<meta property=\"og:site_name\" content=\"Cereria Pernici\" \/>\n<meta property=\"article:publisher\" content=\"https:\/\/www.facebook.com\/cereriapernici\" \/>\n<meta property=\"og:image\" content=\"https:\/\/www.pernici.com\/wp-content\/uploads\/2025\/08\/Diff250_Girls-shop.jpg\" \/>\n\t<meta property=\"og:image:width\" content=\"1269\" \/>\n\t<meta property=\"og:image:height\" content=\"1772\" \/>\n\t<meta property=\"og:image:type\" content=\"image\/jpeg\" \/>\n<meta name=\"twitter:card\" content=\"summary_large_image\" \/>\n<script type=\"application\/ld+json\" class=\"yoast-schema-graph\">{\"@context\":\"https:\/\/schema.org\",\"@graph\":[{\"@type\":\"WebPage\",\"@id\":\"https:\/\/www.pernici.com\/fr\/prodotto\/diffuseur-de-brume-girls-club-250-ml\/\",\"url\":\"https:\/\/www.pernici.com\/fr\/prodotto\/diffuseur-de-brume-girls-club-250-ml\/\",\"name\":\"Diffuseur de brume Girls' Club 250 ml - Cereria Pernici\",\"isPartOf\":{\"@id\":\"https:\/\/www.pernici.com\/fr\/#website\"},\"primaryImageOfPage\":{\"@id\":\"https:\/\/www.pernici.com\/fr\/prodotto\/diffuseur-de-brume-girls-club-250-ml\/#primaryimage\"},\"image\":{\"@id\":\"https:\/\/www.pernici.com\/fr\/prodotto\/diffuseur-de-brume-girls-club-250-ml\/#primaryimage\"},\"thumbnailUrl\":\"https:\/\/www.pernici.com\/wp-content\/uploads\/2025\/08\/Diff250_Girls-shop.jpg\",\"datePublished\":\"2023-06-01T13:42:11+00:00\",\"breadcrumb\":{\"@id\":\"https:\/\/www.pernici.com\/fr\/prodotto\/diffuseur-de-brume-girls-club-250-ml\/#breadcrumb\"},\"inLanguage\":\"fr-FR\",\"potentialAction\":[{\"@type\":\"ReadAction\",\"target\":[\"https:\/\/www.pernici.com\/fr\/prodotto\/diffuseur-de-brume-girls-club-250-ml\/\"]}]},{\"@type\":\"ImageObject\",\"inLanguage\":\"fr-FR\",\"@id\":\"https:\/\/www.pernici.com\/fr\/prodotto\/diffuseur-de-brume-girls-club-250-ml\/#primaryimage\",\"url\":\"https:\/\/www.pernici.com\/wp-content\/uploads\/2025\/08\/Diff250_Girls-shop.jpg\",\"contentUrl\":\"https:\/\/www.pernici.com\/wp-content\/uploads\/2025\/08\/Diff250_Girls-shop.jpg\",\"width\":1269,\"height\":1772},{\"@type\":\"BreadcrumbList\",\"@id\":\"https:\/\/www.pernici.com\/fr\/prodotto\/diffuseur-de-brume-girls-club-250-ml\/#breadcrumb\",\"itemListElement\":[{\"@type\":\"ListItem\",\"position\":1,\"name\":\"Accueil\",\"item\":\"https:\/\/www.pernici.com\/fr\/\"},{\"@type\":\"ListItem\",\"position\":2,\"name\":\"Boutique\",\"item\":\"https:\/\/www.pernici.com\/fr\/boutique\/\"},{\"@type\":\"ListItem\",\"position\":3,\"name\":\"Parfums d'ambiance\",\"item\":\"https:\/\/www.pernici.com\/fr\/categoria-prodotto\/parfums-dambiance\/\"},{\"@type\":\"ListItem\",\"position\":4,\"name\":\"Intervenants\",\"item\":\"https:\/\/www.pernici.com\/fr\/categoria-prodotto\/parfums-dambiance\/intervenants\/\"},{\"@type\":\"ListItem\",\"position\":5,\"name\":\"Diffuseur de brume Girls&#8217; Club 250 ml\"}]},{\"@type\":\"WebSite\",\"@id\":\"https:\/\/www.pernici.com\/fr\/#website\",\"url\":\"https:\/\/www.pernici.com\/fr\/\",\"name\":\"Cereria Pernici Shop\",\"description\":\"una candela non illumina soltanto: racconta chi sei \",\"publisher\":{\"@id\":\"https:\/\/www.pernici.com\/fr\/#organization\"},\"potentialAction\":[{\"@type\":\"SearchAction\",\"target\":{\"@type\":\"EntryPoint\",\"urlTemplate\":\"https:\/\/www.pernici.com\/fr\/?s={search_term_string}\"},\"query-input\":{\"@type\":\"PropertyValueSpecification\",\"valueRequired\":true,\"valueName\":\"search_term_string\"}}],\"inLanguage\":\"fr-FR\"},{\"@type\":\"Organization\",\"@id\":\"https:\/\/www.pernici.com\/fr\/#organization\",\"name\":\"Cereria Pernici Shop\",\"url\":\"https:\/\/www.pernici.com\/fr\/\",\"logo\":{\"@type\":\"ImageObject\",\"inLanguage\":\"fr-FR\",\"@id\":\"https:\/\/www.pernici.com\/fr\/#\/schema\/logo\/image\/\",\"url\":\"https:\/\/www.pernici.com\/wp-content\/uploads\/2025\/07\/logo_pernici.png\",\"contentUrl\":\"https:\/\/www.pernici.com\/wp-content\/uploads\/2025\/07\/logo_pernici.png\",\"width\":432,\"height\":189,\"caption\":\"Cereria Pernici Shop\"},\"image\":{\"@id\":\"https:\/\/www.pernici.com\/fr\/#\/schema\/logo\/image\/\"},\"sameAs\":[\"https:\/\/www.facebook.com\/cereriapernici\",\"https:\/\/www.instagram.com\/cereriapernici\/\"]}]}<\/script>\n<!-- \/ Yoast SEO plugin. -->","yoast_head_json":{"title":"Diffuseur de brume Girls' Club 250 ml - Cereria Pernici","robots":{"index":"index","follow":"follow","max-snippet":"max-snippet:-1","max-image-preview":"max-image-preview:large","max-video-preview":"max-video-preview:-1"},"canonical":"https:\/\/www.pernici.com\/fr\/prodotto\/diffuseur-de-brume-girls-club-250-ml\/","og_locale":"fr_FR","og_type":"article","og_title":"Diffuseur de brume Girls' Club 250 ml - Cereria Pernici","og_description":"Un festin de bonbons au rhum, de sucre et de d\u00e9lices \u00e9pic\u00e9s : ce sont les saveurs profondes r\u00e9serv\u00e9es aux secrets entre filles.","og_url":"https:\/\/www.pernici.com\/fr\/prodotto\/diffuseur-de-brume-girls-club-250-ml\/","og_site_name":"Cereria Pernici","article_publisher":"https:\/\/www.facebook.com\/cereriapernici","og_image":[{"width":1269,"height":1772,"url":"https:\/\/www.pernici.com\/wp-content\/uploads\/2025\/08\/Diff250_Girls-shop.jpg","type":"image\/jpeg"}],"twitter_card":"summary_large_image","schema":{"@context":"https:\/\/schema.org","@graph":[{"@type":"WebPage","@id":"https:\/\/www.pernici.com\/fr\/prodotto\/diffuseur-de-brume-girls-club-250-ml\/","url":"https:\/\/www.pernici.com\/fr\/prodotto\/diffuseur-de-brume-girls-club-250-ml\/","name":"Diffuseur de brume Girls' Club 250 ml - Cereria Pernici","isPartOf":{"@id":"https:\/\/www.pernici.com\/fr\/#website"},"primaryImageOfPage":{"@id":"https:\/\/www.pernici.com\/fr\/prodotto\/diffuseur-de-brume-girls-club-250-ml\/#primaryimage"},"image":{"@id":"https:\/\/www.pernici.com\/fr\/prodotto\/diffuseur-de-brume-girls-club-250-ml\/#primaryimage"},"thumbnailUrl":"https:\/\/www.pernici.com\/wp-content\/uploads\/2025\/08\/Diff250_Girls-shop.jpg","datePublished":"2023-06-01T13:42:11+00:00","breadcrumb":{"@id":"https:\/\/www.pernici.com\/fr\/prodotto\/diffuseur-de-brume-girls-club-250-ml\/#breadcrumb"},"inLanguage":"fr-FR","potentialAction":[{"@type":"ReadAction","target":["https:\/\/www.pernici.com\/fr\/prodotto\/diffuseur-de-brume-girls-club-250-ml\/"]}]},{"@type":"ImageObject","inLanguage":"fr-FR","@id":"https:\/\/www.pernici.com\/fr\/prodotto\/diffuseur-de-brume-girls-club-250-ml\/#primaryimage","url":"https:\/\/www.pernici.com\/wp-content\/uploads\/2025\/08\/Diff250_Girls-shop.jpg","contentUrl":"https:\/\/www.pernici.com\/wp-content\/uploads\/2025\/08\/Diff250_Girls-shop.jpg","width":1269,"height":1772},{"@type":"BreadcrumbList","@id":"https:\/\/www.pernici.com\/fr\/prodotto\/diffuseur-de-brume-girls-club-250-ml\/#breadcrumb","itemListElement":[{"@type":"ListItem","position":1,"name":"Accueil","item":"https:\/\/www.pernici.com\/fr\/"},{"@type":"ListItem","position":2,"name":"Boutique","item":"https:\/\/www.pernici.com\/fr\/boutique\/"},{"@type":"ListItem","position":3,"name":"Parfums d'ambiance","item":"https:\/\/www.pernici.com\/fr\/categoria-prodotto\/parfums-dambiance\/"},{"@type":"ListItem","position":4,"name":"Intervenants","item":"https:\/\/www.pernici.com\/fr\/categoria-prodotto\/parfums-dambiance\/intervenants\/"},{"@type":"ListItem","position":5,"name":"Diffuseur de brume Girls&#8217; Club 250 ml"}]},{"@type":"WebSite","@id":"https:\/\/www.pernici.com\/fr\/#website","url":"https:\/\/www.pernici.com\/fr\/","name":"Cereria Pernici Shop","description":"una candela non illumina soltanto: racconta chi sei ","publisher":{"@id":"https:\/\/www.pernici.com\/fr\/#organization"},"potentialAction":[{"@type":"SearchAction","target":{"@type":"EntryPoint","urlTemplate":"https:\/\/www.pernici.com\/fr\/?s={search_term_string}"},"query-input":{"@type":"PropertyValueSpecification","valueRequired":true,"valueName":"search_term_string"}}],"inLanguage":"fr-FR"},{"@type":"Organization","@id":"https:\/\/www.pernici.com\/fr\/#organization","name":"Cereria Pernici Shop","url":"https:\/\/www.pernici.com\/fr\/","logo":{"@type":"ImageObject","inLanguage":"fr-FR","@id":"https:\/\/www.pernici.com\/fr\/#\/schema\/logo\/image\/","url":"https:\/\/www.pernici.com\/wp-content\/uploads\/2025\/07\/logo_pernici.png","contentUrl":"https:\/\/www.pernici.com\/wp-content\/uploads\/2025\/07\/logo_pernici.png","width":432,"height":189,"caption":"Cereria Pernici Shop"},"image":{"@id":"https:\/\/www.pernici.com\/fr\/#\/schema\/logo\/image\/"},"sameAs":["https:\/\/www.facebook.com\/cereriapernici","https:\/\/www.instagram.com\/cereriapernici\/"]}]}},"_links":{"self":[{"href":"https:\/\/www.pernici.com\/fr\/wp-json\/wp\/v2\/product\/3794","targetHints":{"allow":["GET"]}}],"collection":[{"href":"https:\/\/www.pernici.com\/fr\/wp-json\/wp\/v2\/product"}],"about":[{"href":"https:\/\/www.pernici.com\/fr\/wp-json\/wp\/v2\/types\/product"}],"wp:featuredmedia":[{"embeddable":true,"href":"https:\/\/www.pernici.com\/fr\/wp-json\/wp\/v2\/media\/4452"}],"wp:attachment":[{"href":"https:\/\/www.pernici.com\/fr\/wp-json\/wp\/v2\/media?parent=3794"}],"wp:term":[{"taxonomy":"product_col","embeddable":true,"href":"https:\/\/www.pernici.com\/fr\/wp-json\/wp\/v2\/product_col?post=3794"},{"taxonomy":"product_brand","embeddable":true,"href":"https:\/\/www.pernici.com\/fr\/wp-json\/wp\/v2\/product_brand?post=3794"},{"taxonomy":"product_cat","embeddable":true,"href":"https:\/\/www.pernici.com\/fr\/wp-json\/wp\/v2\/product_cat?post=3794"},{"taxonomy":"product_tag","embeddable":true,"href":"https:\/\/www.pernici.com\/fr\/wp-json\/wp\/v2\/product_tag?post=3794"}],"curies":[{"name":"wp","href":"https:\/\/api.w.org\/{rel}","templated":true}]}}