{"id":3712,"date":"2022-04-21T07:10:42","date_gmt":"2022-04-21T07:10:42","guid":{"rendered":"https:\/\/www.pernici.com\/prodotto\/capsules-pour-maman\/"},"modified":"2022-04-21T07:10:42","modified_gmt":"2022-04-21T07:10:42","slug":"capsules-pour-maman","status":"publish","type":"product","link":"https:\/\/www.pernici.com\/fr\/prodotto\/capsules-pour-maman\/","title":{"rendered":"Capsules pour maman"},"content":{"rendered":"<p>La nouvelle capsule de Pernici est con\u00e7ue pour c\u00e9l\u00e9brer l&rsquo;amour le plus profond et le plus vrai qui soit, celui de et pour la m\u00e8re.<br \/>\nQuatre bougies, quatre fragrances distinctes qui, une fois allum\u00e9es ensemble, cr\u00e9ent une \u00e9treinte parfum\u00e9e qui sent la m\u00e8re, la maison, unique et \u00e9ternelle.<br \/>\nDes accords floraux entrelac\u00e9s avec des bases bois\u00e9es et des senteurs fruit\u00e9es pour une \u00e9treinte olfactive chaleureuse et enveloppante.<\/p>\n<p>&nbsp;<\/p>\n","protected":false},"excerpt":{"rendered":"<p>La nouvelle capsule de Pernici est con\u00e7ue pour c\u00e9l\u00e9brer l&rsquo;amour le plus profond et le plus vrai qui soit, celui de et pour la m\u00e8re.<br \/>\nQuatre bougies, quatre fragrances distinctes qui, une fois allum\u00e9es ensemble, cr\u00e9ent une \u00e9treinte parfum\u00e9e qui sent la m\u00e8re, la maison, unique et \u00e9ternelle.<br \/>\nDes accords floraux entrelac\u00e9s avec des bases bois\u00e9es et des senteurs fruit\u00e9es pour une \u00e9treinte olfactive chaleureuse et enveloppante.<\/p>\n","protected":false},"featured_media":4472,"template":"","meta":{"_acf_changed":false},"product_col":[29],"product_brand":[],"product_cat":[108],"product_tag":[],"class_list":{"0":"post-3712","1":"product","2":"type-product","3":"status-publish","4":"has-post-thumbnail","6":"product_col-capsule","7":"product_cat-bougies-parfumees","9":"first","10":"outofstock","11":"taxable","12":"shipping-taxable","13":"purchasable","14":"product-type-simple"},"acf":[],"yoast_head":"<!-- This site is optimized with the Yoast SEO plugin v27.2 - https:\/\/yoast.com\/product\/yoast-seo-wordpress\/ -->\n<title>Capsules pour maman - Cereria Pernici<\/title>\n<meta name=\"robots\" content=\"index, follow, max-snippet:-1, max-image-preview:large, max-video-preview:-1\" \/>\n<link rel=\"canonical\" href=\"https:\/\/www.pernici.com\/fr\/prodotto\/capsules-pour-maman\/\" \/>\n<meta property=\"og:locale\" content=\"fr_FR\" \/>\n<meta property=\"og:type\" content=\"article\" \/>\n<meta property=\"og:title\" content=\"Capsules pour maman - Cereria Pernici\" \/>\n<meta property=\"og:description\" content=\"La nouvelle capsule de Pernici est con\u00e7ue pour c\u00e9l\u00e9brer l&#039;amour le plus profond et le plus vrai qui soit, celui de et pour la m\u00e8re. Quatre bougies, quatre fragrances distinctes qui, une fois allum\u00e9es ensemble, cr\u00e9ent une \u00e9treinte parfum\u00e9e qui sent la m\u00e8re, la maison, unique et \u00e9ternelle. Des accords floraux entrelac\u00e9s avec des bases bois\u00e9es et des senteurs fruit\u00e9es pour une \u00e9treinte olfactive chaleureuse et enveloppante.\" \/>\n<meta property=\"og:url\" content=\"https:\/\/www.pernici.com\/fr\/prodotto\/capsules-pour-maman\/\" \/>\n<meta property=\"og:site_name\" content=\"Cereria Pernici\" \/>\n<meta property=\"article:publisher\" content=\"https:\/\/www.facebook.com\/cereriapernici\" \/>\n<meta property=\"og:image\" content=\"https:\/\/www.pernici.com\/wp-content\/uploads\/2025\/08\/mom-capsule-shop-4.jpg\" \/>\n\t<meta property=\"og:image:width\" content=\"2000\" \/>\n\t<meta property=\"og:image:height\" content=\"2000\" \/>\n\t<meta property=\"og:image:type\" content=\"image\/jpeg\" \/>\n<meta name=\"twitter:card\" content=\"summary_large_image\" \/>\n<script type=\"application\/ld+json\" class=\"yoast-schema-graph\">{\"@context\":\"https:\/\/schema.org\",\"@graph\":[{\"@type\":\"WebPage\",\"@id\":\"https:\/\/www.pernici.com\/fr\/prodotto\/capsules-pour-maman\/\",\"url\":\"https:\/\/www.pernici.com\/fr\/prodotto\/capsules-pour-maman\/\",\"name\":\"Capsules pour maman - Cereria Pernici\",\"isPartOf\":{\"@id\":\"https:\/\/www.pernici.com\/fr\/#website\"},\"primaryImageOfPage\":{\"@id\":\"https:\/\/www.pernici.com\/fr\/prodotto\/capsules-pour-maman\/#primaryimage\"},\"image\":{\"@id\":\"https:\/\/www.pernici.com\/fr\/prodotto\/capsules-pour-maman\/#primaryimage\"},\"thumbnailUrl\":\"https:\/\/www.pernici.com\/wp-content\/uploads\/2025\/08\/mom-capsule-shop-4.jpg\",\"datePublished\":\"2022-04-21T07:10:42+00:00\",\"breadcrumb\":{\"@id\":\"https:\/\/www.pernici.com\/fr\/prodotto\/capsules-pour-maman\/#breadcrumb\"},\"inLanguage\":\"fr-FR\",\"potentialAction\":[{\"@type\":\"ReadAction\",\"target\":[\"https:\/\/www.pernici.com\/fr\/prodotto\/capsules-pour-maman\/\"]}]},{\"@type\":\"ImageObject\",\"inLanguage\":\"fr-FR\",\"@id\":\"https:\/\/www.pernici.com\/fr\/prodotto\/capsules-pour-maman\/#primaryimage\",\"url\":\"https:\/\/www.pernici.com\/wp-content\/uploads\/2025\/08\/mom-capsule-shop-4.jpg\",\"contentUrl\":\"https:\/\/www.pernici.com\/wp-content\/uploads\/2025\/08\/mom-capsule-shop-4.jpg\",\"width\":2000,\"height\":2000},{\"@type\":\"BreadcrumbList\",\"@id\":\"https:\/\/www.pernici.com\/fr\/prodotto\/capsules-pour-maman\/#breadcrumb\",\"itemListElement\":[{\"@type\":\"ListItem\",\"position\":1,\"name\":\"Accueil\",\"item\":\"https:\/\/www.pernici.com\/fr\/\"},{\"@type\":\"ListItem\",\"position\":2,\"name\":\"Boutique\",\"item\":\"https:\/\/www.pernici.com\/fr\/boutique\/\"},{\"@type\":\"ListItem\",\"position\":3,\"name\":\"Bougies\",\"item\":\"https:\/\/www.pernici.com\/fr\/categoria-prodotto\/bougies\/\"},{\"@type\":\"ListItem\",\"position\":4,\"name\":\"Bougies parfum\u00e9es\",\"item\":\"https:\/\/www.pernici.com\/fr\/categoria-prodotto\/bougies\/bougies-parfumees\/\"},{\"@type\":\"ListItem\",\"position\":5,\"name\":\"Capsules pour maman\"}]},{\"@type\":\"WebSite\",\"@id\":\"https:\/\/www.pernici.com\/fr\/#website\",\"url\":\"https:\/\/www.pernici.com\/fr\/\",\"name\":\"Cereria Pernici Shop\",\"description\":\"una candela non illumina soltanto: racconta chi sei \",\"publisher\":{\"@id\":\"https:\/\/www.pernici.com\/fr\/#organization\"},\"potentialAction\":[{\"@type\":\"SearchAction\",\"target\":{\"@type\":\"EntryPoint\",\"urlTemplate\":\"https:\/\/www.pernici.com\/fr\/?s={search_term_string}\"},\"query-input\":{\"@type\":\"PropertyValueSpecification\",\"valueRequired\":true,\"valueName\":\"search_term_string\"}}],\"inLanguage\":\"fr-FR\"},{\"@type\":\"Organization\",\"@id\":\"https:\/\/www.pernici.com\/fr\/#organization\",\"name\":\"Cereria Pernici Shop\",\"url\":\"https:\/\/www.pernici.com\/fr\/\",\"logo\":{\"@type\":\"ImageObject\",\"inLanguage\":\"fr-FR\",\"@id\":\"https:\/\/www.pernici.com\/fr\/#\/schema\/logo\/image\/\",\"url\":\"https:\/\/www.pernici.com\/wp-content\/uploads\/2025\/07\/logo_pernici.png\",\"contentUrl\":\"https:\/\/www.pernici.com\/wp-content\/uploads\/2025\/07\/logo_pernici.png\",\"width\":432,\"height\":189,\"caption\":\"Cereria Pernici Shop\"},\"image\":{\"@id\":\"https:\/\/www.pernici.com\/fr\/#\/schema\/logo\/image\/\"},\"sameAs\":[\"https:\/\/www.facebook.com\/cereriapernici\",\"https:\/\/www.instagram.com\/cereriapernici\/\"]}]}<\/script>\n<!-- \/ Yoast SEO plugin. -->","yoast_head_json":{"title":"Capsules pour maman - Cereria Pernici","robots":{"index":"index","follow":"follow","max-snippet":"max-snippet:-1","max-image-preview":"max-image-preview:large","max-video-preview":"max-video-preview:-1"},"canonical":"https:\/\/www.pernici.com\/fr\/prodotto\/capsules-pour-maman\/","og_locale":"fr_FR","og_type":"article","og_title":"Capsules pour maman - Cereria Pernici","og_description":"La nouvelle capsule de Pernici est con\u00e7ue pour c\u00e9l\u00e9brer l'amour le plus profond et le plus vrai qui soit, celui de et pour la m\u00e8re. Quatre bougies, quatre fragrances distinctes qui, une fois allum\u00e9es ensemble, cr\u00e9ent une \u00e9treinte parfum\u00e9e qui sent la m\u00e8re, la maison, unique et \u00e9ternelle. Des accords floraux entrelac\u00e9s avec des bases bois\u00e9es et des senteurs fruit\u00e9es pour une \u00e9treinte olfactive chaleureuse et enveloppante.","og_url":"https:\/\/www.pernici.com\/fr\/prodotto\/capsules-pour-maman\/","og_site_name":"Cereria Pernici","article_publisher":"https:\/\/www.facebook.com\/cereriapernici","og_image":[{"width":2000,"height":2000,"url":"https:\/\/www.pernici.com\/wp-content\/uploads\/2025\/08\/mom-capsule-shop-4.jpg","type":"image\/jpeg"}],"twitter_card":"summary_large_image","schema":{"@context":"https:\/\/schema.org","@graph":[{"@type":"WebPage","@id":"https:\/\/www.pernici.com\/fr\/prodotto\/capsules-pour-maman\/","url":"https:\/\/www.pernici.com\/fr\/prodotto\/capsules-pour-maman\/","name":"Capsules pour maman - Cereria Pernici","isPartOf":{"@id":"https:\/\/www.pernici.com\/fr\/#website"},"primaryImageOfPage":{"@id":"https:\/\/www.pernici.com\/fr\/prodotto\/capsules-pour-maman\/#primaryimage"},"image":{"@id":"https:\/\/www.pernici.com\/fr\/prodotto\/capsules-pour-maman\/#primaryimage"},"thumbnailUrl":"https:\/\/www.pernici.com\/wp-content\/uploads\/2025\/08\/mom-capsule-shop-4.jpg","datePublished":"2022-04-21T07:10:42+00:00","breadcrumb":{"@id":"https:\/\/www.pernici.com\/fr\/prodotto\/capsules-pour-maman\/#breadcrumb"},"inLanguage":"fr-FR","potentialAction":[{"@type":"ReadAction","target":["https:\/\/www.pernici.com\/fr\/prodotto\/capsules-pour-maman\/"]}]},{"@type":"ImageObject","inLanguage":"fr-FR","@id":"https:\/\/www.pernici.com\/fr\/prodotto\/capsules-pour-maman\/#primaryimage","url":"https:\/\/www.pernici.com\/wp-content\/uploads\/2025\/08\/mom-capsule-shop-4.jpg","contentUrl":"https:\/\/www.pernici.com\/wp-content\/uploads\/2025\/08\/mom-capsule-shop-4.jpg","width":2000,"height":2000},{"@type":"BreadcrumbList","@id":"https:\/\/www.pernici.com\/fr\/prodotto\/capsules-pour-maman\/#breadcrumb","itemListElement":[{"@type":"ListItem","position":1,"name":"Accueil","item":"https:\/\/www.pernici.com\/fr\/"},{"@type":"ListItem","position":2,"name":"Boutique","item":"https:\/\/www.pernici.com\/fr\/boutique\/"},{"@type":"ListItem","position":3,"name":"Bougies","item":"https:\/\/www.pernici.com\/fr\/categoria-prodotto\/bougies\/"},{"@type":"ListItem","position":4,"name":"Bougies parfum\u00e9es","item":"https:\/\/www.pernici.com\/fr\/categoria-prodotto\/bougies\/bougies-parfumees\/"},{"@type":"ListItem","position":5,"name":"Capsules pour maman"}]},{"@type":"WebSite","@id":"https:\/\/www.pernici.com\/fr\/#website","url":"https:\/\/www.pernici.com\/fr\/","name":"Cereria Pernici Shop","description":"una candela non illumina soltanto: racconta chi sei ","publisher":{"@id":"https:\/\/www.pernici.com\/fr\/#organization"},"potentialAction":[{"@type":"SearchAction","target":{"@type":"EntryPoint","urlTemplate":"https:\/\/www.pernici.com\/fr\/?s={search_term_string}"},"query-input":{"@type":"PropertyValueSpecification","valueRequired":true,"valueName":"search_term_string"}}],"inLanguage":"fr-FR"},{"@type":"Organization","@id":"https:\/\/www.pernici.com\/fr\/#organization","name":"Cereria Pernici Shop","url":"https:\/\/www.pernici.com\/fr\/","logo":{"@type":"ImageObject","inLanguage":"fr-FR","@id":"https:\/\/www.pernici.com\/fr\/#\/schema\/logo\/image\/","url":"https:\/\/www.pernici.com\/wp-content\/uploads\/2025\/07\/logo_pernici.png","contentUrl":"https:\/\/www.pernici.com\/wp-content\/uploads\/2025\/07\/logo_pernici.png","width":432,"height":189,"caption":"Cereria Pernici Shop"},"image":{"@id":"https:\/\/www.pernici.com\/fr\/#\/schema\/logo\/image\/"},"sameAs":["https:\/\/www.facebook.com\/cereriapernici","https:\/\/www.instagram.com\/cereriapernici\/"]}]}},"_links":{"self":[{"href":"https:\/\/www.pernici.com\/fr\/wp-json\/wp\/v2\/product\/3712","targetHints":{"allow":["GET"]}}],"collection":[{"href":"https:\/\/www.pernici.com\/fr\/wp-json\/wp\/v2\/product"}],"about":[{"href":"https:\/\/www.pernici.com\/fr\/wp-json\/wp\/v2\/types\/product"}],"wp:featuredmedia":[{"embeddable":true,"href":"https:\/\/www.pernici.com\/fr\/wp-json\/wp\/v2\/media\/4472"}],"wp:attachment":[{"href":"https:\/\/www.pernici.com\/fr\/wp-json\/wp\/v2\/media?parent=3712"}],"wp:term":[{"taxonomy":"product_col","embeddable":true,"href":"https:\/\/www.pernici.com\/fr\/wp-json\/wp\/v2\/product_col?post=3712"},{"taxonomy":"product_brand","embeddable":true,"href":"https:\/\/www.pernici.com\/fr\/wp-json\/wp\/v2\/product_brand?post=3712"},{"taxonomy":"product_cat","embeddable":true,"href":"https:\/\/www.pernici.com\/fr\/wp-json\/wp\/v2\/product_cat?post=3712"},{"taxonomy":"product_tag","embeddable":true,"href":"https:\/\/www.pernici.com\/fr\/wp-json\/wp\/v2\/product_tag?post=3712"}],"curies":[{"name":"wp","href":"https:\/\/api.w.org\/{rel}","templated":true}]}}