{"id":3680,"date":"2022-06-08T09:31:41","date_gmt":"2022-06-08T09:31:41","guid":{"rendered":"https:\/\/www.pernici.com\/prodotto\/capsules-de-vie\/"},"modified":"2022-06-08T09:31:41","modified_gmt":"2022-06-08T09:31:41","slug":"capsules-de-vie","status":"publish","type":"product","link":"https:\/\/www.pernici.com\/fr\/prodotto\/capsules-de-vie\/","title":{"rendered":"Capsules de vie"},"content":{"rendered":"<p class=\"p1\">La nouvelle <span class=\"s1\">Capsule Life<\/span> de Pernici a \u00e9t\u00e9 cr\u00e9\u00e9e pour c\u00e9l\u00e9brer la <span class=\"s1\">saison chaude<\/span> et accompagner les <span class=\"s1\">soir\u00e9es d&rsquo;\u00e9t\u00e9<\/span> avec \u00e9l\u00e9gance et naturel.<\/p>\n<p class=\"p1\">Quatre fragrances distinctes, con\u00e7ues pour \u00eatre allum\u00e9es individuellement ou ensemble, s&rsquo;unissent pour cr\u00e9er un <span class=\"s1\">bouquet harmonieux et vibrant<\/span>, parfait pour vivre la magie des nuits en plein air.<\/p>\n<p class=\"p1\">Leur <span class=\"s1\">combinaison unique<\/span> lib\u00e8re un parfum frais et agr\u00e9able qui allie <span class=\"s1\">atmosph\u00e8re et fonctionnalit\u00e9<\/span>, gr\u00e2ce \u00e0 son <span class=\"s1\">effet insectifuge<\/span> naturel.<\/p>\n<p class=\"p1\">Id\u00e9al pour les d\u00eeners au jardin, les terrasses illumin\u00e9es et les moments de d\u00e9tente sous les \u00e9toiles.<\/p>\n<p class=\"p1\"><span class=\"s1\">Capsule Life<\/span> est une invitation \u00e0 ralentir, \u00e0 respirer et \u00e0 profiter des plaisirs de l&rsquo;\u00e9t\u00e9 avec style.<\/p>\n<p>&nbsp;<\/p>\n","protected":false},"excerpt":{"rendered":"<p class=\"p1\">La collection Capsule Life est con\u00e7ue pour l&rsquo;\u00e9t\u00e9 : quatre fragrances qui, allum\u00e9es ensemble, cr\u00e9ent un parfum unique et harmonieux. El\u00e9gant, relaxant et naturellement r\u00e9pulsif pour les insectes. <\/p>\n","protected":false},"featured_media":3689,"template":"","meta":{"_acf_changed":false},"product_col":[29],"product_brand":[],"product_cat":[108],"product_tag":[],"class_list":{"0":"post-3680","1":"product","2":"type-product","3":"status-publish","4":"has-post-thumbnail","6":"product_col-capsule","7":"product_cat-bougies-parfumees","9":"first","10":"instock","11":"taxable","12":"shipping-taxable","13":"purchasable","14":"product-type-simple"},"acf":[],"yoast_head":"<!-- This site is optimized with the Yoast SEO plugin v27.2 - https:\/\/yoast.com\/product\/yoast-seo-wordpress\/ -->\n<title>Collection Capsule Life parfums harmonieux - Cereria Pernici<\/title>\n<meta name=\"description\" content=\"D\u00e9couvrez la collection Capsule Life : des bougies parfum\u00e9es pour l&#039;\u00e9t\u00e9 avec un effet insectifuge. Des parfums harmonieux pour des soir\u00e9es de d\u00e9tente en plein air.\" \/>\n<meta name=\"robots\" content=\"index, follow, max-snippet:-1, max-image-preview:large, max-video-preview:-1\" \/>\n<link rel=\"canonical\" href=\"https:\/\/www.pernici.com\/fr\/prodotto\/capsules-de-vie\/\" \/>\n<meta property=\"og:locale\" content=\"fr_FR\" \/>\n<meta property=\"og:type\" content=\"article\" \/>\n<meta property=\"og:title\" content=\"Collection Capsule Life parfums harmonieux - Cereria Pernici\" \/>\n<meta property=\"og:description\" content=\"D\u00e9couvrez la collection Capsule Life : des bougies parfum\u00e9es pour l&#039;\u00e9t\u00e9 avec un effet insectifuge. Des parfums harmonieux pour des soir\u00e9es de d\u00e9tente en plein air.\" \/>\n<meta property=\"og:url\" content=\"https:\/\/www.pernici.com\/fr\/prodotto\/capsules-de-vie\/\" \/>\n<meta property=\"og:site_name\" content=\"Cereria Pernici\" \/>\n<meta property=\"article:publisher\" content=\"https:\/\/www.facebook.com\/cereriapernici\" \/>\n<meta property=\"og:image\" content=\"https:\/\/www.pernici.com\/wp-content\/uploads\/2025\/10\/candela-profumata-capsule-life-scatola-aperta-still-life-ver.2.jpg\" \/>\n\t<meta property=\"og:image:width\" content=\"2000\" \/>\n\t<meta property=\"og:image:height\" content=\"2000\" \/>\n\t<meta property=\"og:image:type\" content=\"image\/jpeg\" \/>\n<meta name=\"twitter:card\" content=\"summary_large_image\" \/>\n<meta name=\"twitter:label1\" content=\"Dur\u00e9e de lecture estim\u00e9e\" \/>\n\t<meta name=\"twitter:data1\" content=\"1 minute\" \/>\n<script type=\"application\/ld+json\" class=\"yoast-schema-graph\">{\"@context\":\"https:\/\/schema.org\",\"@graph\":[{\"@type\":\"WebPage\",\"@id\":\"https:\/\/www.pernici.com\/fr\/prodotto\/capsules-de-vie\/\",\"url\":\"https:\/\/www.pernici.com\/fr\/prodotto\/capsules-de-vie\/\",\"name\":\"Collection Capsule Life parfums harmonieux - Cereria Pernici\",\"isPartOf\":{\"@id\":\"https:\/\/www.pernici.com\/fr\/#website\"},\"primaryImageOfPage\":{\"@id\":\"https:\/\/www.pernici.com\/fr\/prodotto\/capsules-de-vie\/#primaryimage\"},\"image\":{\"@id\":\"https:\/\/www.pernici.com\/fr\/prodotto\/capsules-de-vie\/#primaryimage\"},\"thumbnailUrl\":\"https:\/\/www.pernici.com\/wp-content\/uploads\/2025\/10\/candela-profumata-capsule-life-scatola-aperta-still-life-ver.2.jpg\",\"datePublished\":\"2022-06-08T09:31:41+00:00\",\"description\":\"D\u00e9couvrez la collection Capsule Life : des bougies parfum\u00e9es pour l'\u00e9t\u00e9 avec un effet insectifuge. Des parfums harmonieux pour des soir\u00e9es de d\u00e9tente en plein air.\",\"breadcrumb\":{\"@id\":\"https:\/\/www.pernici.com\/fr\/prodotto\/capsules-de-vie\/#breadcrumb\"},\"inLanguage\":\"fr-FR\",\"potentialAction\":[{\"@type\":\"ReadAction\",\"target\":[\"https:\/\/www.pernici.com\/fr\/prodotto\/capsules-de-vie\/\"]}]},{\"@type\":\"ImageObject\",\"inLanguage\":\"fr-FR\",\"@id\":\"https:\/\/www.pernici.com\/fr\/prodotto\/capsules-de-vie\/#primaryimage\",\"url\":\"https:\/\/www.pernici.com\/wp-content\/uploads\/2025\/10\/candela-profumata-capsule-life-scatola-aperta-still-life-ver.2.jpg\",\"contentUrl\":\"https:\/\/www.pernici.com\/wp-content\/uploads\/2025\/10\/candela-profumata-capsule-life-scatola-aperta-still-life-ver.2.jpg\",\"width\":2000,\"height\":2000,\"caption\":\"Bougie parfum\u00e9e Capsule Life version de Pernici en nature morte avec bo\u00eete ouverte.\"},{\"@type\":\"BreadcrumbList\",\"@id\":\"https:\/\/www.pernici.com\/fr\/prodotto\/capsules-de-vie\/#breadcrumb\",\"itemListElement\":[{\"@type\":\"ListItem\",\"position\":1,\"name\":\"Accueil\",\"item\":\"https:\/\/www.pernici.com\/fr\/\"},{\"@type\":\"ListItem\",\"position\":2,\"name\":\"Boutique\",\"item\":\"https:\/\/www.pernici.com\/fr\/boutique\/\"},{\"@type\":\"ListItem\",\"position\":3,\"name\":\"Capsules de vie\"}]},{\"@type\":\"WebSite\",\"@id\":\"https:\/\/www.pernici.com\/fr\/#website\",\"url\":\"https:\/\/www.pernici.com\/fr\/\",\"name\":\"Cereria Pernici Shop\",\"description\":\"una candela non illumina soltanto: racconta chi sei \",\"publisher\":{\"@id\":\"https:\/\/www.pernici.com\/fr\/#organization\"},\"potentialAction\":[{\"@type\":\"SearchAction\",\"target\":{\"@type\":\"EntryPoint\",\"urlTemplate\":\"https:\/\/www.pernici.com\/fr\/?s={search_term_string}\"},\"query-input\":{\"@type\":\"PropertyValueSpecification\",\"valueRequired\":true,\"valueName\":\"search_term_string\"}}],\"inLanguage\":\"fr-FR\"},{\"@type\":\"Organization\",\"@id\":\"https:\/\/www.pernici.com\/fr\/#organization\",\"name\":\"Cereria Pernici Shop\",\"url\":\"https:\/\/www.pernici.com\/fr\/\",\"logo\":{\"@type\":\"ImageObject\",\"inLanguage\":\"fr-FR\",\"@id\":\"https:\/\/www.pernici.com\/fr\/#\/schema\/logo\/image\/\",\"url\":\"https:\/\/www.pernici.com\/wp-content\/uploads\/2025\/07\/logo_pernici.png\",\"contentUrl\":\"https:\/\/www.pernici.com\/wp-content\/uploads\/2025\/07\/logo_pernici.png\",\"width\":432,\"height\":189,\"caption\":\"Cereria Pernici Shop\"},\"image\":{\"@id\":\"https:\/\/www.pernici.com\/fr\/#\/schema\/logo\/image\/\"},\"sameAs\":[\"https:\/\/www.facebook.com\/cereriapernici\",\"https:\/\/www.instagram.com\/cereriapernici\/\"]}]}<\/script>\n<!-- \/ Yoast SEO plugin. -->","yoast_head_json":{"title":"Collection Capsule Life parfums harmonieux - Cereria Pernici","description":"D\u00e9couvrez la collection Capsule Life : des bougies parfum\u00e9es pour l'\u00e9t\u00e9 avec un effet insectifuge. Des parfums harmonieux pour des soir\u00e9es de d\u00e9tente en plein air.","robots":{"index":"index","follow":"follow","max-snippet":"max-snippet:-1","max-image-preview":"max-image-preview:large","max-video-preview":"max-video-preview:-1"},"canonical":"https:\/\/www.pernici.com\/fr\/prodotto\/capsules-de-vie\/","og_locale":"fr_FR","og_type":"article","og_title":"Collection Capsule Life parfums harmonieux - Cereria Pernici","og_description":"D\u00e9couvrez la collection Capsule Life : des bougies parfum\u00e9es pour l'\u00e9t\u00e9 avec un effet insectifuge. Des parfums harmonieux pour des soir\u00e9es de d\u00e9tente en plein air.","og_url":"https:\/\/www.pernici.com\/fr\/prodotto\/capsules-de-vie\/","og_site_name":"Cereria Pernici","article_publisher":"https:\/\/www.facebook.com\/cereriapernici","og_image":[{"width":2000,"height":2000,"url":"https:\/\/www.pernici.com\/wp-content\/uploads\/2025\/10\/candela-profumata-capsule-life-scatola-aperta-still-life-ver.2.jpg","type":"image\/jpeg"}],"twitter_card":"summary_large_image","twitter_misc":{"Dur\u00e9e de lecture estim\u00e9e":"1 minute"},"schema":{"@context":"https:\/\/schema.org","@graph":[{"@type":"WebPage","@id":"https:\/\/www.pernici.com\/fr\/prodotto\/capsules-de-vie\/","url":"https:\/\/www.pernici.com\/fr\/prodotto\/capsules-de-vie\/","name":"Collection Capsule Life parfums harmonieux - Cereria Pernici","isPartOf":{"@id":"https:\/\/www.pernici.com\/fr\/#website"},"primaryImageOfPage":{"@id":"https:\/\/www.pernici.com\/fr\/prodotto\/capsules-de-vie\/#primaryimage"},"image":{"@id":"https:\/\/www.pernici.com\/fr\/prodotto\/capsules-de-vie\/#primaryimage"},"thumbnailUrl":"https:\/\/www.pernici.com\/wp-content\/uploads\/2025\/10\/candela-profumata-capsule-life-scatola-aperta-still-life-ver.2.jpg","datePublished":"2022-06-08T09:31:41+00:00","description":"D\u00e9couvrez la collection Capsule Life : des bougies parfum\u00e9es pour l'\u00e9t\u00e9 avec un effet insectifuge. Des parfums harmonieux pour des soir\u00e9es de d\u00e9tente en plein air.","breadcrumb":{"@id":"https:\/\/www.pernici.com\/fr\/prodotto\/capsules-de-vie\/#breadcrumb"},"inLanguage":"fr-FR","potentialAction":[{"@type":"ReadAction","target":["https:\/\/www.pernici.com\/fr\/prodotto\/capsules-de-vie\/"]}]},{"@type":"ImageObject","inLanguage":"fr-FR","@id":"https:\/\/www.pernici.com\/fr\/prodotto\/capsules-de-vie\/#primaryimage","url":"https:\/\/www.pernici.com\/wp-content\/uploads\/2025\/10\/candela-profumata-capsule-life-scatola-aperta-still-life-ver.2.jpg","contentUrl":"https:\/\/www.pernici.com\/wp-content\/uploads\/2025\/10\/candela-profumata-capsule-life-scatola-aperta-still-life-ver.2.jpg","width":2000,"height":2000,"caption":"Bougie parfum\u00e9e Capsule Life version de Pernici en nature morte avec bo\u00eete ouverte."},{"@type":"BreadcrumbList","@id":"https:\/\/www.pernici.com\/fr\/prodotto\/capsules-de-vie\/#breadcrumb","itemListElement":[{"@type":"ListItem","position":1,"name":"Accueil","item":"https:\/\/www.pernici.com\/fr\/"},{"@type":"ListItem","position":2,"name":"Boutique","item":"https:\/\/www.pernici.com\/fr\/boutique\/"},{"@type":"ListItem","position":3,"name":"Capsules de vie"}]},{"@type":"WebSite","@id":"https:\/\/www.pernici.com\/fr\/#website","url":"https:\/\/www.pernici.com\/fr\/","name":"Cereria Pernici Shop","description":"una candela non illumina soltanto: racconta chi sei ","publisher":{"@id":"https:\/\/www.pernici.com\/fr\/#organization"},"potentialAction":[{"@type":"SearchAction","target":{"@type":"EntryPoint","urlTemplate":"https:\/\/www.pernici.com\/fr\/?s={search_term_string}"},"query-input":{"@type":"PropertyValueSpecification","valueRequired":true,"valueName":"search_term_string"}}],"inLanguage":"fr-FR"},{"@type":"Organization","@id":"https:\/\/www.pernici.com\/fr\/#organization","name":"Cereria Pernici Shop","url":"https:\/\/www.pernici.com\/fr\/","logo":{"@type":"ImageObject","inLanguage":"fr-FR","@id":"https:\/\/www.pernici.com\/fr\/#\/schema\/logo\/image\/","url":"https:\/\/www.pernici.com\/wp-content\/uploads\/2025\/07\/logo_pernici.png","contentUrl":"https:\/\/www.pernici.com\/wp-content\/uploads\/2025\/07\/logo_pernici.png","width":432,"height":189,"caption":"Cereria Pernici Shop"},"image":{"@id":"https:\/\/www.pernici.com\/fr\/#\/schema\/logo\/image\/"},"sameAs":["https:\/\/www.facebook.com\/cereriapernici","https:\/\/www.instagram.com\/cereriapernici\/"]}]}},"_links":{"self":[{"href":"https:\/\/www.pernici.com\/fr\/wp-json\/wp\/v2\/product\/3680","targetHints":{"allow":["GET"]}}],"collection":[{"href":"https:\/\/www.pernici.com\/fr\/wp-json\/wp\/v2\/product"}],"about":[{"href":"https:\/\/www.pernici.com\/fr\/wp-json\/wp\/v2\/types\/product"}],"wp:featuredmedia":[{"embeddable":true,"href":"https:\/\/www.pernici.com\/fr\/wp-json\/wp\/v2\/media\/3689"}],"wp:attachment":[{"href":"https:\/\/www.pernici.com\/fr\/wp-json\/wp\/v2\/media?parent=3680"}],"wp:term":[{"taxonomy":"product_col","embeddable":true,"href":"https:\/\/www.pernici.com\/fr\/wp-json\/wp\/v2\/product_col?post=3680"},{"taxonomy":"product_brand","embeddable":true,"href":"https:\/\/www.pernici.com\/fr\/wp-json\/wp\/v2\/product_brand?post=3680"},{"taxonomy":"product_cat","embeddable":true,"href":"https:\/\/www.pernici.com\/fr\/wp-json\/wp\/v2\/product_cat?post=3680"},{"taxonomy":"product_tag","embeddable":true,"href":"https:\/\/www.pernici.com\/fr\/wp-json\/wp\/v2\/product_tag?post=3680"}],"curies":[{"name":"wp","href":"https:\/\/api.w.org\/{rel}","templated":true}]}}