{"id":3637,"date":"2021-01-08T11:51:29","date_gmt":"2021-01-08T11:51:29","guid":{"rendered":"https:\/\/www.pernici.com\/prodotto\/oriental-breath-refill-diffuseur-1-lt\/"},"modified":"2021-01-08T11:51:29","modified_gmt":"2021-01-08T11:51:29","slug":"oriental-breath-refill-diffuseur-1-lt","status":"publish","type":"product","link":"https:\/\/www.pernici.com\/fr\/prodotto\/oriental-breath-refill-diffuseur-1-lt\/","title":{"rendered":"Oriental Breath Refill Diffuseur 1 Lt."},"content":{"rendered":"<p>Dans l&rsquo;imaginaire collectif, symbole d&rsquo;un lointain et d&rsquo;un autre.<br \/>\nDes histoires au parfum de myrrhe et de safran.<br \/>\nDes histoires \u00e9pic\u00e9es. Des lieux et des saveurs \u00e0 d\u00e9couvrir dans le respect de leur aura myst\u00e9rieuse et sacr\u00e9e.<br \/>\nLe \u00ab\u00a0Souffle de l&rsquo;Orient\u00a0\u00bb est une magie enveloppante de saveurs et de parfums pr\u00e9cieux.<br \/>\nune lumi\u00e8re orientale, comme le soleil qui se l\u00e8ve et grandit \u00e0 partir de l\u00e0 pour illuminer le globe, chaque jour. Comme un rituel magique.  <\/p>\n","protected":false},"excerpt":{"rendered":"<p>Dans l&rsquo;imaginaire collectif, symbole d&rsquo;un lointain et d&rsquo;un autre. Des histoires au parfum de myrrhe et de safran. Des histoires \u00e9pic\u00e9es. Des lieux et des saveurs \u00e0 d\u00e9couvrir dans le respect de leur aura myst\u00e9rieuse et sacr\u00e9e. Le \u00ab\u00a0Souffle de l&rsquo;Orient\u00a0\u00bb est une magie enveloppante de saveurs et de parfums pr\u00e9cieux. une lumi\u00e8re orientale, comme [&hellip;]<\/p>\n","protected":false},"featured_media":2673,"template":"","meta":{"_acf_changed":false},"product_col":[21],"product_brand":[],"product_cat":[71,119],"product_tag":[],"class_list":{"0":"post-3637","1":"product","2":"type-product","3":"status-publish","4":"has-post-thumbnail","6":"product_col-les-sens","7":"product_cat-parfums-dambiance","8":"product_cat-recharges","10":"first","11":"instock","12":"taxable","13":"shipping-taxable","14":"purchasable","15":"product-type-simple"},"acf":[],"yoast_head":"<!-- This site is optimized with the Yoast SEO plugin v27.2 - https:\/\/yoast.com\/product\/yoast-seo-wordpress\/ -->\n<title>Oriental Breath Refill Diffuseur 1 Lt. - Cereria Pernici<\/title>\n<meta name=\"robots\" content=\"index, follow, max-snippet:-1, max-image-preview:large, max-video-preview:-1\" \/>\n<link rel=\"canonical\" href=\"https:\/\/www.pernici.com\/fr\/prodotto\/oriental-breath-refill-diffuseur-1-lt\/\" \/>\n<meta property=\"og:locale\" content=\"fr_FR\" \/>\n<meta property=\"og:type\" content=\"article\" \/>\n<meta property=\"og:title\" content=\"Oriental Breath Refill Diffuseur 1 Lt. - Cereria Pernici\" \/>\n<meta property=\"og:description\" content=\"Dans l&rsquo;imaginaire collectif, symbole d&rsquo;un lointain et d&rsquo;un autre. Des histoires au parfum de myrrhe et de safran. Des histoires \u00e9pic\u00e9es. Des lieux et des saveurs \u00e0 d\u00e9couvrir dans le respect de leur aura myst\u00e9rieuse et sacr\u00e9e. Le \u00ab\u00a0Souffle de l&rsquo;Orient\u00a0\u00bb est une magie enveloppante de saveurs et de parfums pr\u00e9cieux. une lumi\u00e8re orientale, comme [&hellip;]\" \/>\n<meta property=\"og:url\" content=\"https:\/\/www.pernici.com\/fr\/prodotto\/oriental-breath-refill-diffuseur-1-lt\/\" \/>\n<meta property=\"og:site_name\" content=\"Cereria Pernici\" \/>\n<meta property=\"article:publisher\" content=\"https:\/\/www.facebook.com\/cereriapernici\" \/>\n<meta property=\"og:image\" content=\"https:\/\/www.pernici.com\/wp-content\/uploads\/2025\/08\/Ricarica-respiro-scaled.jpg\" \/>\n\t<meta property=\"og:image:width\" content=\"1834\" \/>\n\t<meta property=\"og:image:height\" content=\"2560\" \/>\n\t<meta property=\"og:image:type\" content=\"image\/jpeg\" \/>\n<meta name=\"twitter:card\" content=\"summary_large_image\" \/>\n<script type=\"application\/ld+json\" class=\"yoast-schema-graph\">{\"@context\":\"https:\/\/schema.org\",\"@graph\":[{\"@type\":\"WebPage\",\"@id\":\"https:\/\/www.pernici.com\/fr\/prodotto\/oriental-breath-refill-diffuseur-1-lt\/\",\"url\":\"https:\/\/www.pernici.com\/fr\/prodotto\/oriental-breath-refill-diffuseur-1-lt\/\",\"name\":\"Oriental Breath Refill Diffuseur 1 Lt. - Cereria Pernici\",\"isPartOf\":{\"@id\":\"https:\/\/www.pernici.com\/fr\/#website\"},\"primaryImageOfPage\":{\"@id\":\"https:\/\/www.pernici.com\/fr\/prodotto\/oriental-breath-refill-diffuseur-1-lt\/#primaryimage\"},\"image\":{\"@id\":\"https:\/\/www.pernici.com\/fr\/prodotto\/oriental-breath-refill-diffuseur-1-lt\/#primaryimage\"},\"thumbnailUrl\":\"https:\/\/www.pernici.com\/wp-content\/uploads\/2025\/08\/Ricarica-respiro-scaled.jpg\",\"datePublished\":\"2021-01-08T11:51:29+00:00\",\"breadcrumb\":{\"@id\":\"https:\/\/www.pernici.com\/fr\/prodotto\/oriental-breath-refill-diffuseur-1-lt\/#breadcrumb\"},\"inLanguage\":\"fr-FR\",\"potentialAction\":[{\"@type\":\"ReadAction\",\"target\":[\"https:\/\/www.pernici.com\/fr\/prodotto\/oriental-breath-refill-diffuseur-1-lt\/\"]}]},{\"@type\":\"ImageObject\",\"inLanguage\":\"fr-FR\",\"@id\":\"https:\/\/www.pernici.com\/fr\/prodotto\/oriental-breath-refill-diffuseur-1-lt\/#primaryimage\",\"url\":\"https:\/\/www.pernici.com\/wp-content\/uploads\/2025\/08\/Ricarica-respiro-scaled.jpg\",\"contentUrl\":\"https:\/\/www.pernici.com\/wp-content\/uploads\/2025\/08\/Ricarica-respiro-scaled.jpg\",\"width\":1834,\"height\":2560},{\"@type\":\"BreadcrumbList\",\"@id\":\"https:\/\/www.pernici.com\/fr\/prodotto\/oriental-breath-refill-diffuseur-1-lt\/#breadcrumb\",\"itemListElement\":[{\"@type\":\"ListItem\",\"position\":1,\"name\":\"Accueil\",\"item\":\"https:\/\/www.pernici.com\/fr\/\"},{\"@type\":\"ListItem\",\"position\":2,\"name\":\"Boutique\",\"item\":\"https:\/\/www.pernici.com\/fr\/boutique\/\"},{\"@type\":\"ListItem\",\"position\":3,\"name\":\"Parfums d'ambiance\",\"item\":\"https:\/\/www.pernici.com\/fr\/categoria-prodotto\/parfums-dambiance\/\"},{\"@type\":\"ListItem\",\"position\":4,\"name\":\"Recharges\",\"item\":\"https:\/\/www.pernici.com\/fr\/categoria-prodotto\/parfums-dambiance\/recharges\/\"},{\"@type\":\"ListItem\",\"position\":5,\"name\":\"Oriental Breath Refill Diffuseur 1 Lt.\"}]},{\"@type\":\"WebSite\",\"@id\":\"https:\/\/www.pernici.com\/fr\/#website\",\"url\":\"https:\/\/www.pernici.com\/fr\/\",\"name\":\"Cereria Pernici Shop\",\"description\":\"una candela non illumina soltanto: racconta chi sei \",\"publisher\":{\"@id\":\"https:\/\/www.pernici.com\/fr\/#organization\"},\"potentialAction\":[{\"@type\":\"SearchAction\",\"target\":{\"@type\":\"EntryPoint\",\"urlTemplate\":\"https:\/\/www.pernici.com\/fr\/?s={search_term_string}\"},\"query-input\":{\"@type\":\"PropertyValueSpecification\",\"valueRequired\":true,\"valueName\":\"search_term_string\"}}],\"inLanguage\":\"fr-FR\"},{\"@type\":\"Organization\",\"@id\":\"https:\/\/www.pernici.com\/fr\/#organization\",\"name\":\"Cereria Pernici Shop\",\"url\":\"https:\/\/www.pernici.com\/fr\/\",\"logo\":{\"@type\":\"ImageObject\",\"inLanguage\":\"fr-FR\",\"@id\":\"https:\/\/www.pernici.com\/fr\/#\/schema\/logo\/image\/\",\"url\":\"https:\/\/www.pernici.com\/wp-content\/uploads\/2025\/07\/logo_pernici.png\",\"contentUrl\":\"https:\/\/www.pernici.com\/wp-content\/uploads\/2025\/07\/logo_pernici.png\",\"width\":432,\"height\":189,\"caption\":\"Cereria Pernici Shop\"},\"image\":{\"@id\":\"https:\/\/www.pernici.com\/fr\/#\/schema\/logo\/image\/\"},\"sameAs\":[\"https:\/\/www.facebook.com\/cereriapernici\",\"https:\/\/www.instagram.com\/cereriapernici\/\"]}]}<\/script>\n<!-- \/ Yoast SEO plugin. -->","yoast_head_json":{"title":"Oriental Breath Refill Diffuseur 1 Lt. - Cereria Pernici","robots":{"index":"index","follow":"follow","max-snippet":"max-snippet:-1","max-image-preview":"max-image-preview:large","max-video-preview":"max-video-preview:-1"},"canonical":"https:\/\/www.pernici.com\/fr\/prodotto\/oriental-breath-refill-diffuseur-1-lt\/","og_locale":"fr_FR","og_type":"article","og_title":"Oriental Breath Refill Diffuseur 1 Lt. - Cereria Pernici","og_description":"Dans l&rsquo;imaginaire collectif, symbole d&rsquo;un lointain et d&rsquo;un autre. Des histoires au parfum de myrrhe et de safran. Des histoires \u00e9pic\u00e9es. Des lieux et des saveurs \u00e0 d\u00e9couvrir dans le respect de leur aura myst\u00e9rieuse et sacr\u00e9e. Le \u00ab\u00a0Souffle de l&rsquo;Orient\u00a0\u00bb est une magie enveloppante de saveurs et de parfums pr\u00e9cieux. une lumi\u00e8re orientale, comme [&hellip;]","og_url":"https:\/\/www.pernici.com\/fr\/prodotto\/oriental-breath-refill-diffuseur-1-lt\/","og_site_name":"Cereria Pernici","article_publisher":"https:\/\/www.facebook.com\/cereriapernici","og_image":[{"width":1834,"height":2560,"url":"https:\/\/www.pernici.com\/wp-content\/uploads\/2025\/08\/Ricarica-respiro-scaled.jpg","type":"image\/jpeg"}],"twitter_card":"summary_large_image","schema":{"@context":"https:\/\/schema.org","@graph":[{"@type":"WebPage","@id":"https:\/\/www.pernici.com\/fr\/prodotto\/oriental-breath-refill-diffuseur-1-lt\/","url":"https:\/\/www.pernici.com\/fr\/prodotto\/oriental-breath-refill-diffuseur-1-lt\/","name":"Oriental Breath Refill Diffuseur 1 Lt. - Cereria Pernici","isPartOf":{"@id":"https:\/\/www.pernici.com\/fr\/#website"},"primaryImageOfPage":{"@id":"https:\/\/www.pernici.com\/fr\/prodotto\/oriental-breath-refill-diffuseur-1-lt\/#primaryimage"},"image":{"@id":"https:\/\/www.pernici.com\/fr\/prodotto\/oriental-breath-refill-diffuseur-1-lt\/#primaryimage"},"thumbnailUrl":"https:\/\/www.pernici.com\/wp-content\/uploads\/2025\/08\/Ricarica-respiro-scaled.jpg","datePublished":"2021-01-08T11:51:29+00:00","breadcrumb":{"@id":"https:\/\/www.pernici.com\/fr\/prodotto\/oriental-breath-refill-diffuseur-1-lt\/#breadcrumb"},"inLanguage":"fr-FR","potentialAction":[{"@type":"ReadAction","target":["https:\/\/www.pernici.com\/fr\/prodotto\/oriental-breath-refill-diffuseur-1-lt\/"]}]},{"@type":"ImageObject","inLanguage":"fr-FR","@id":"https:\/\/www.pernici.com\/fr\/prodotto\/oriental-breath-refill-diffuseur-1-lt\/#primaryimage","url":"https:\/\/www.pernici.com\/wp-content\/uploads\/2025\/08\/Ricarica-respiro-scaled.jpg","contentUrl":"https:\/\/www.pernici.com\/wp-content\/uploads\/2025\/08\/Ricarica-respiro-scaled.jpg","width":1834,"height":2560},{"@type":"BreadcrumbList","@id":"https:\/\/www.pernici.com\/fr\/prodotto\/oriental-breath-refill-diffuseur-1-lt\/#breadcrumb","itemListElement":[{"@type":"ListItem","position":1,"name":"Accueil","item":"https:\/\/www.pernici.com\/fr\/"},{"@type":"ListItem","position":2,"name":"Boutique","item":"https:\/\/www.pernici.com\/fr\/boutique\/"},{"@type":"ListItem","position":3,"name":"Parfums d'ambiance","item":"https:\/\/www.pernici.com\/fr\/categoria-prodotto\/parfums-dambiance\/"},{"@type":"ListItem","position":4,"name":"Recharges","item":"https:\/\/www.pernici.com\/fr\/categoria-prodotto\/parfums-dambiance\/recharges\/"},{"@type":"ListItem","position":5,"name":"Oriental Breath Refill Diffuseur 1 Lt."}]},{"@type":"WebSite","@id":"https:\/\/www.pernici.com\/fr\/#website","url":"https:\/\/www.pernici.com\/fr\/","name":"Cereria Pernici Shop","description":"una candela non illumina soltanto: racconta chi sei ","publisher":{"@id":"https:\/\/www.pernici.com\/fr\/#organization"},"potentialAction":[{"@type":"SearchAction","target":{"@type":"EntryPoint","urlTemplate":"https:\/\/www.pernici.com\/fr\/?s={search_term_string}"},"query-input":{"@type":"PropertyValueSpecification","valueRequired":true,"valueName":"search_term_string"}}],"inLanguage":"fr-FR"},{"@type":"Organization","@id":"https:\/\/www.pernici.com\/fr\/#organization","name":"Cereria Pernici Shop","url":"https:\/\/www.pernici.com\/fr\/","logo":{"@type":"ImageObject","inLanguage":"fr-FR","@id":"https:\/\/www.pernici.com\/fr\/#\/schema\/logo\/image\/","url":"https:\/\/www.pernici.com\/wp-content\/uploads\/2025\/07\/logo_pernici.png","contentUrl":"https:\/\/www.pernici.com\/wp-content\/uploads\/2025\/07\/logo_pernici.png","width":432,"height":189,"caption":"Cereria Pernici Shop"},"image":{"@id":"https:\/\/www.pernici.com\/fr\/#\/schema\/logo\/image\/"},"sameAs":["https:\/\/www.facebook.com\/cereriapernici","https:\/\/www.instagram.com\/cereriapernici\/"]}]}},"_links":{"self":[{"href":"https:\/\/www.pernici.com\/fr\/wp-json\/wp\/v2\/product\/3637","targetHints":{"allow":["GET"]}}],"collection":[{"href":"https:\/\/www.pernici.com\/fr\/wp-json\/wp\/v2\/product"}],"about":[{"href":"https:\/\/www.pernici.com\/fr\/wp-json\/wp\/v2\/types\/product"}],"wp:featuredmedia":[{"embeddable":true,"href":"https:\/\/www.pernici.com\/fr\/wp-json\/wp\/v2\/media\/2673"}],"wp:attachment":[{"href":"https:\/\/www.pernici.com\/fr\/wp-json\/wp\/v2\/media?parent=3637"}],"wp:term":[{"taxonomy":"product_col","embeddable":true,"href":"https:\/\/www.pernici.com\/fr\/wp-json\/wp\/v2\/product_col?post=3637"},{"taxonomy":"product_brand","embeddable":true,"href":"https:\/\/www.pernici.com\/fr\/wp-json\/wp\/v2\/product_brand?post=3637"},{"taxonomy":"product_cat","embeddable":true,"href":"https:\/\/www.pernici.com\/fr\/wp-json\/wp\/v2\/product_cat?post=3637"},{"taxonomy":"product_tag","embeddable":true,"href":"https:\/\/www.pernici.com\/fr\/wp-json\/wp\/v2\/product_tag?post=3637"}],"curies":[{"name":"wp","href":"https:\/\/api.w.org\/{rel}","templated":true}]}}