{"id":3614,"date":"2021-01-08T11:51:01","date_gmt":"2021-01-08T11:51:01","guid":{"rendered":"https:\/\/www.pernici.com\/prodotto\/diffuseur-de-rosee-du-matin-1-litre\/"},"modified":"2021-01-08T11:51:01","modified_gmt":"2021-01-08T11:51:01","slug":"diffuseur-de-rosee-du-matin-1-litre","status":"publish","type":"product","link":"https:\/\/www.pernici.com\/fr\/prodotto\/diffuseur-de-rosee-du-matin-1-litre\/","title":{"rendered":"Diffuseur de ros\u00e9e du matin 1 litre"},"content":{"rendered":"<p>La ros\u00e9e est quelque chose de rare et de fascinant. Evanescente. Symbole de la lumi\u00e8re de l&rsquo;aube, de la b\u00e9n\u00e9diction. Le d\u00e9but d&rsquo;un nouveau jour, une naissance.<x id=\"gid_0\"><\/x>C&rsquo;est un moment magique, d\u00e9licat et insaisissable.<x id=\"gid_1\"><\/x>De la nature et de ses rythmes, dans ses m\u00e9canismes les plus subtils et les plus myst\u00e9rieux.<x id=\"gid_2\"><\/x>Des sentiments d&rsquo;\u00e9merveillement et de plaisir.<x id=\"gid_3\"><\/x>Dans l&rsquo;Antiquit\u00e9, elle repr\u00e9sentait all\u00e9goriquement la parole de Dieu, l&rsquo;union d&rsquo;amour entre la terre et le ciel, la nourriture de l&rsquo;immortalit\u00e9.<x id=\"gid_4\"><\/x>Eau m\u00e8re, eau des origines.<x id=\"gid_5\"><\/x>La ros\u00e9e matinale des sens veut \u00eatre tout cela.<x id=\"gid_6\"><\/x>\u00c9nergie fra\u00eeche, mais aussi force de vie. Primordial.<br \/>\nUn bouquet fleuri \u00e0 savourer jusqu&rsquo;au dernier souffle, pour c\u00e9l\u00e9brer \u00e0 chaque fois le rite d&rsquo;un nouveau d\u00e9part.    <\/p>\n","protected":false},"excerpt":{"rendered":"<p>La ros\u00e9e est quelque chose de rare et de fascinant. Evanescente. Symbole de la lumi\u00e8re de l&rsquo;aube, de la b\u00e9n\u00e9diction. Le d\u00e9but d&rsquo;un nouveau jour, une naissance.C&rsquo;est un moment magique, d\u00e9licat et insaisissable.De la nature et de ses rythmes, dans ses m\u00e9canismes les plus subtils et les plus myst\u00e9rieux.Des sentiments d&rsquo;\u00e9merveillement et de plaisir.Dans l&rsquo;Antiquit\u00e9, [&hellip;]<\/p>\n","protected":false},"featured_media":4488,"template":"","meta":{"_acf_changed":false},"product_col":[21],"product_brand":[],"product_cat":[127,71],"product_tag":[],"class_list":{"0":"post-3614","1":"product","2":"type-product","3":"status-publish","4":"has-post-thumbnail","6":"product_col-les-sens","7":"product_cat-intervenants","8":"product_cat-parfums-dambiance","10":"first","11":"instock","12":"taxable","13":"shipping-taxable","14":"purchasable","15":"product-type-simple"},"acf":[],"yoast_head":"<!-- This site is optimized with the Yoast SEO plugin v27.4 - https:\/\/yoast.com\/product\/yoast-seo-wordpress\/ -->\n<title>Diffuseur de ros\u00e9e du matin 1 litre - Cereria Pernici<\/title>\n<meta name=\"robots\" content=\"index, follow, max-snippet:-1, max-image-preview:large, max-video-preview:-1\" \/>\n<link rel=\"canonical\" href=\"https:\/\/www.pernici.com\/fr\/prodotto\/diffuseur-de-rosee-du-matin-1-litre\/\" \/>\n<meta property=\"og:locale\" content=\"fr_FR\" \/>\n<meta property=\"og:type\" content=\"article\" \/>\n<meta property=\"og:title\" content=\"Diffuseur de ros\u00e9e du matin 1 litre - Cereria Pernici\" \/>\n<meta property=\"og:description\" content=\"La ros\u00e9e est quelque chose de rare et de fascinant. Evanescente. Symbole de la lumi\u00e8re de l&rsquo;aube, de la b\u00e9n\u00e9diction. Le d\u00e9but d&rsquo;un nouveau jour, une naissance.C&rsquo;est un moment magique, d\u00e9licat et insaisissable.De la nature et de ses rythmes, dans ses m\u00e9canismes les plus subtils et les plus myst\u00e9rieux.Des sentiments d&rsquo;\u00e9merveillement et de plaisir.Dans l&rsquo;Antiquit\u00e9, [&hellip;]\" \/>\n<meta property=\"og:url\" content=\"https:\/\/www.pernici.com\/fr\/prodotto\/diffuseur-de-rosee-du-matin-1-litre\/\" \/>\n<meta property=\"og:site_name\" content=\"Cereria Pernici\" \/>\n<meta property=\"article:publisher\" content=\"https:\/\/www.facebook.com\/cereriapernici\" \/>\n<meta property=\"og:image\" content=\"https:\/\/www.pernici.com\/wp-content\/uploads\/2025\/08\/diff1000_Rugiada-shop.jpg\" \/>\n\t<meta property=\"og:image:width\" content=\"1270\" \/>\n\t<meta property=\"og:image:height\" content=\"1772\" \/>\n\t<meta property=\"og:image:type\" content=\"image\/jpeg\" \/>\n<meta name=\"twitter:card\" content=\"summary_large_image\" \/>\n<meta name=\"twitter:label1\" content=\"Dur\u00e9e de lecture estim\u00e9e\" \/>\n\t<meta name=\"twitter:data1\" content=\"1 minute\" \/>\n<script type=\"application\/ld+json\" class=\"yoast-schema-graph\">{\"@context\":\"https:\\\/\\\/schema.org\",\"@graph\":[{\"@type\":\"WebPage\",\"@id\":\"https:\\\/\\\/www.pernici.com\\\/fr\\\/prodotto\\\/diffuseur-de-rosee-du-matin-1-litre\\\/\",\"url\":\"https:\\\/\\\/www.pernici.com\\\/fr\\\/prodotto\\\/diffuseur-de-rosee-du-matin-1-litre\\\/\",\"name\":\"Diffuseur de ros\u00e9e du matin 1 litre - Cereria Pernici\",\"isPartOf\":{\"@id\":\"https:\\\/\\\/www.pernici.com\\\/fr\\\/#website\"},\"primaryImageOfPage\":{\"@id\":\"https:\\\/\\\/www.pernici.com\\\/fr\\\/prodotto\\\/diffuseur-de-rosee-du-matin-1-litre\\\/#primaryimage\"},\"image\":{\"@id\":\"https:\\\/\\\/www.pernici.com\\\/fr\\\/prodotto\\\/diffuseur-de-rosee-du-matin-1-litre\\\/#primaryimage\"},\"thumbnailUrl\":\"https:\\\/\\\/www.pernici.com\\\/wp-content\\\/uploads\\\/2025\\\/08\\\/diff1000_Rugiada-shop.jpg\",\"datePublished\":\"2021-01-08T11:51:01+00:00\",\"breadcrumb\":{\"@id\":\"https:\\\/\\\/www.pernici.com\\\/fr\\\/prodotto\\\/diffuseur-de-rosee-du-matin-1-litre\\\/#breadcrumb\"},\"inLanguage\":\"fr-FR\",\"potentialAction\":[{\"@type\":\"ReadAction\",\"target\":[\"https:\\\/\\\/www.pernici.com\\\/fr\\\/prodotto\\\/diffuseur-de-rosee-du-matin-1-litre\\\/\"]}]},{\"@type\":\"ImageObject\",\"inLanguage\":\"fr-FR\",\"@id\":\"https:\\\/\\\/www.pernici.com\\\/fr\\\/prodotto\\\/diffuseur-de-rosee-du-matin-1-litre\\\/#primaryimage\",\"url\":\"https:\\\/\\\/www.pernici.com\\\/wp-content\\\/uploads\\\/2025\\\/08\\\/diff1000_Rugiada-shop.jpg\",\"contentUrl\":\"https:\\\/\\\/www.pernici.com\\\/wp-content\\\/uploads\\\/2025\\\/08\\\/diff1000_Rugiada-shop.jpg\",\"width\":1270,\"height\":1772},{\"@type\":\"BreadcrumbList\",\"@id\":\"https:\\\/\\\/www.pernici.com\\\/fr\\\/prodotto\\\/diffuseur-de-rosee-du-matin-1-litre\\\/#breadcrumb\",\"itemListElement\":[{\"@type\":\"ListItem\",\"position\":1,\"name\":\"Accueil\",\"item\":\"https:\\\/\\\/www.pernici.com\\\/fr\\\/\"},{\"@type\":\"ListItem\",\"position\":2,\"name\":\"Boutique\",\"item\":\"https:\\\/\\\/www.pernici.com\\\/fr\\\/boutique\\\/\"},{\"@type\":\"ListItem\",\"position\":3,\"name\":\"Parfums d'ambiance\",\"item\":\"https:\\\/\\\/www.pernici.com\\\/fr\\\/categoria-prodotto\\\/parfums-dambiance\\\/\"},{\"@type\":\"ListItem\",\"position\":4,\"name\":\"Intervenants\",\"item\":\"https:\\\/\\\/www.pernici.com\\\/fr\\\/categoria-prodotto\\\/parfums-dambiance\\\/intervenants\\\/\"},{\"@type\":\"ListItem\",\"position\":5,\"name\":\"Diffuseur de ros\u00e9e du matin 1 litre\"}]},{\"@type\":\"WebSite\",\"@id\":\"https:\\\/\\\/www.pernici.com\\\/fr\\\/#website\",\"url\":\"https:\\\/\\\/www.pernici.com\\\/fr\\\/\",\"name\":\"Cereria Pernici Shop\",\"description\":\"una candela non illumina soltanto: racconta chi sei \",\"publisher\":{\"@id\":\"https:\\\/\\\/www.pernici.com\\\/fr\\\/#organization\"},\"potentialAction\":[{\"@type\":\"SearchAction\",\"target\":{\"@type\":\"EntryPoint\",\"urlTemplate\":\"https:\\\/\\\/www.pernici.com\\\/fr\\\/?s={search_term_string}\"},\"query-input\":{\"@type\":\"PropertyValueSpecification\",\"valueRequired\":true,\"valueName\":\"search_term_string\"}}],\"inLanguage\":\"fr-FR\"},{\"@type\":\"Organization\",\"@id\":\"https:\\\/\\\/www.pernici.com\\\/fr\\\/#organization\",\"name\":\"Cereria Pernici Shop\",\"url\":\"https:\\\/\\\/www.pernici.com\\\/fr\\\/\",\"logo\":{\"@type\":\"ImageObject\",\"inLanguage\":\"fr-FR\",\"@id\":\"https:\\\/\\\/www.pernici.com\\\/fr\\\/#\\\/schema\\\/logo\\\/image\\\/\",\"url\":\"https:\\\/\\\/www.pernici.com\\\/wp-content\\\/uploads\\\/2025\\\/07\\\/logo_pernici.png\",\"contentUrl\":\"https:\\\/\\\/www.pernici.com\\\/wp-content\\\/uploads\\\/2025\\\/07\\\/logo_pernici.png\",\"width\":432,\"height\":189,\"caption\":\"Cereria Pernici Shop\"},\"image\":{\"@id\":\"https:\\\/\\\/www.pernici.com\\\/fr\\\/#\\\/schema\\\/logo\\\/image\\\/\"},\"sameAs\":[\"https:\\\/\\\/www.facebook.com\\\/cereriapernici\",\"https:\\\/\\\/www.instagram.com\\\/cereriapernici\\\/\"]}]}<\/script>\n<!-- \/ Yoast SEO plugin. -->","yoast_head_json":{"title":"Diffuseur de ros\u00e9e du matin 1 litre - Cereria Pernici","robots":{"index":"index","follow":"follow","max-snippet":"max-snippet:-1","max-image-preview":"max-image-preview:large","max-video-preview":"max-video-preview:-1"},"canonical":"https:\/\/www.pernici.com\/fr\/prodotto\/diffuseur-de-rosee-du-matin-1-litre\/","og_locale":"fr_FR","og_type":"article","og_title":"Diffuseur de ros\u00e9e du matin 1 litre - Cereria Pernici","og_description":"La ros\u00e9e est quelque chose de rare et de fascinant. Evanescente. Symbole de la lumi\u00e8re de l&rsquo;aube, de la b\u00e9n\u00e9diction. Le d\u00e9but d&rsquo;un nouveau jour, une naissance.C&rsquo;est un moment magique, d\u00e9licat et insaisissable.De la nature et de ses rythmes, dans ses m\u00e9canismes les plus subtils et les plus myst\u00e9rieux.Des sentiments d&rsquo;\u00e9merveillement et de plaisir.Dans l&rsquo;Antiquit\u00e9, [&hellip;]","og_url":"https:\/\/www.pernici.com\/fr\/prodotto\/diffuseur-de-rosee-du-matin-1-litre\/","og_site_name":"Cereria Pernici","article_publisher":"https:\/\/www.facebook.com\/cereriapernici","og_image":[{"width":1270,"height":1772,"url":"https:\/\/www.pernici.com\/wp-content\/uploads\/2025\/08\/diff1000_Rugiada-shop.jpg","type":"image\/jpeg"}],"twitter_card":"summary_large_image","twitter_misc":{"Dur\u00e9e de lecture estim\u00e9e":"1 minute"},"schema":{"@context":"https:\/\/schema.org","@graph":[{"@type":"WebPage","@id":"https:\/\/www.pernici.com\/fr\/prodotto\/diffuseur-de-rosee-du-matin-1-litre\/","url":"https:\/\/www.pernici.com\/fr\/prodotto\/diffuseur-de-rosee-du-matin-1-litre\/","name":"Diffuseur de ros\u00e9e du matin 1 litre - Cereria Pernici","isPartOf":{"@id":"https:\/\/www.pernici.com\/fr\/#website"},"primaryImageOfPage":{"@id":"https:\/\/www.pernici.com\/fr\/prodotto\/diffuseur-de-rosee-du-matin-1-litre\/#primaryimage"},"image":{"@id":"https:\/\/www.pernici.com\/fr\/prodotto\/diffuseur-de-rosee-du-matin-1-litre\/#primaryimage"},"thumbnailUrl":"https:\/\/www.pernici.com\/wp-content\/uploads\/2025\/08\/diff1000_Rugiada-shop.jpg","datePublished":"2021-01-08T11:51:01+00:00","breadcrumb":{"@id":"https:\/\/www.pernici.com\/fr\/prodotto\/diffuseur-de-rosee-du-matin-1-litre\/#breadcrumb"},"inLanguage":"fr-FR","potentialAction":[{"@type":"ReadAction","target":["https:\/\/www.pernici.com\/fr\/prodotto\/diffuseur-de-rosee-du-matin-1-litre\/"]}]},{"@type":"ImageObject","inLanguage":"fr-FR","@id":"https:\/\/www.pernici.com\/fr\/prodotto\/diffuseur-de-rosee-du-matin-1-litre\/#primaryimage","url":"https:\/\/www.pernici.com\/wp-content\/uploads\/2025\/08\/diff1000_Rugiada-shop.jpg","contentUrl":"https:\/\/www.pernici.com\/wp-content\/uploads\/2025\/08\/diff1000_Rugiada-shop.jpg","width":1270,"height":1772},{"@type":"BreadcrumbList","@id":"https:\/\/www.pernici.com\/fr\/prodotto\/diffuseur-de-rosee-du-matin-1-litre\/#breadcrumb","itemListElement":[{"@type":"ListItem","position":1,"name":"Accueil","item":"https:\/\/www.pernici.com\/fr\/"},{"@type":"ListItem","position":2,"name":"Boutique","item":"https:\/\/www.pernici.com\/fr\/boutique\/"},{"@type":"ListItem","position":3,"name":"Parfums d'ambiance","item":"https:\/\/www.pernici.com\/fr\/categoria-prodotto\/parfums-dambiance\/"},{"@type":"ListItem","position":4,"name":"Intervenants","item":"https:\/\/www.pernici.com\/fr\/categoria-prodotto\/parfums-dambiance\/intervenants\/"},{"@type":"ListItem","position":5,"name":"Diffuseur de ros\u00e9e du matin 1 litre"}]},{"@type":"WebSite","@id":"https:\/\/www.pernici.com\/fr\/#website","url":"https:\/\/www.pernici.com\/fr\/","name":"Cereria Pernici Shop","description":"una candela non illumina soltanto: racconta chi sei ","publisher":{"@id":"https:\/\/www.pernici.com\/fr\/#organization"},"potentialAction":[{"@type":"SearchAction","target":{"@type":"EntryPoint","urlTemplate":"https:\/\/www.pernici.com\/fr\/?s={search_term_string}"},"query-input":{"@type":"PropertyValueSpecification","valueRequired":true,"valueName":"search_term_string"}}],"inLanguage":"fr-FR"},{"@type":"Organization","@id":"https:\/\/www.pernici.com\/fr\/#organization","name":"Cereria Pernici Shop","url":"https:\/\/www.pernici.com\/fr\/","logo":{"@type":"ImageObject","inLanguage":"fr-FR","@id":"https:\/\/www.pernici.com\/fr\/#\/schema\/logo\/image\/","url":"https:\/\/www.pernici.com\/wp-content\/uploads\/2025\/07\/logo_pernici.png","contentUrl":"https:\/\/www.pernici.com\/wp-content\/uploads\/2025\/07\/logo_pernici.png","width":432,"height":189,"caption":"Cereria Pernici Shop"},"image":{"@id":"https:\/\/www.pernici.com\/fr\/#\/schema\/logo\/image\/"},"sameAs":["https:\/\/www.facebook.com\/cereriapernici","https:\/\/www.instagram.com\/cereriapernici\/"]}]}},"_links":{"self":[{"href":"https:\/\/www.pernici.com\/fr\/wp-json\/wp\/v2\/product\/3614","targetHints":{"allow":["GET"]}}],"collection":[{"href":"https:\/\/www.pernici.com\/fr\/wp-json\/wp\/v2\/product"}],"about":[{"href":"https:\/\/www.pernici.com\/fr\/wp-json\/wp\/v2\/types\/product"}],"wp:featuredmedia":[{"embeddable":true,"href":"https:\/\/www.pernici.com\/fr\/wp-json\/wp\/v2\/media\/4488"}],"wp:attachment":[{"href":"https:\/\/www.pernici.com\/fr\/wp-json\/wp\/v2\/media?parent=3614"}],"wp:term":[{"taxonomy":"product_col","embeddable":true,"href":"https:\/\/www.pernici.com\/fr\/wp-json\/wp\/v2\/product_col?post=3614"},{"taxonomy":"product_brand","embeddable":true,"href":"https:\/\/www.pernici.com\/fr\/wp-json\/wp\/v2\/product_brand?post=3614"},{"taxonomy":"product_cat","embeddable":true,"href":"https:\/\/www.pernici.com\/fr\/wp-json\/wp\/v2\/product_cat?post=3614"},{"taxonomy":"product_tag","embeddable":true,"href":"https:\/\/www.pernici.com\/fr\/wp-json\/wp\/v2\/product_tag?post=3614"}],"curies":[{"name":"wp","href":"https:\/\/api.w.org\/{rel}","templated":true}]}}