{"id":3433,"date":"2025-11-11T17:41:31","date_gmt":"2025-11-11T17:41:31","guid":{"rendered":"https:\/\/www.pernici.com\/prodotto\/mots-lumieres-prenez-soin-de-votre-lumiere-pomme-verte-jasmin\/"},"modified":"2025-11-11T17:41:31","modified_gmt":"2025-11-11T17:41:31","slug":"mots-lumieres-prenez-soin-de-votre-lumiere-pomme-verte-jasmin","status":"publish","type":"product","link":"https:\/\/www.pernici.com\/fr\/prodotto\/mots-lumieres-prenez-soin-de-votre-lumiere-pomme-verte-jasmin\/","title":{"rendered":"Mots &amp; Lumi\u00e8res &#8211; Prenez soin de votre lumi\u00e8re Pomme verte &amp; Jasmin"},"content":{"rendered":"<p class=\"p1\">Prendre soin de sa lumi\u00e8re\u00a0\u00bb n&rsquo;est pas seulement une phrase, mais une invitation \u00e0 cultiver ce qui vous rend unique, \u00e0 prot\u00e9ger votre \u00e9nergie int\u00e9rieure et \u00e0 la laisser briller chaque jour. C&rsquo;est un rappel \u00e0 la douceur envers nous-m\u00eames et ceux qui nous entourent. Nous avons choisi de l&rsquo;associer \u00e0 la fragrance <span class=\"s1\">Pomme Verte &amp;<\/span> Jasmin car la fra\u00eecheur croquante de la pomme verte rencontre le raffinement floral du jasmin, cr\u00e9ant un \u00e9quilibre harmonieux qui parle de vitalit\u00e9 et de puret\u00e9.  <\/p>\n<p class=\"p3\">Ensemble, ils cr\u00e9ent une fragrance lumineuse et r\u00e9g\u00e9n\u00e9rante, destin\u00e9e \u00e0 celles qui recherchent la l\u00e9g\u00e8ret\u00e9 et l&rsquo;authenticit\u00e9, sans jamais oublier la force qui les habite.<\/p>\n<p class=\"p1\">Une bougie qui ne se contente pas d&rsquo;\u00e9clairer et de parfumer, mais qui devient un message quotidien : prenez soin de votre lumi\u00e8re, car c&rsquo;est le cadeau le plus pr\u00e9cieux.<\/p>\n","protected":false},"excerpt":{"rendered":"<p>Prenez soin de votre lumi\u00e8re\u00a0\u00bb est la bougie qui vous invite \u00e0 prot\u00e9ger votre \u00e9nergie int\u00e9rieure. La fra\u00eecheur de la pomme verte s&rsquo;allie \u00e0 l&rsquo;\u00e9l\u00e9gance du jasmin pour cr\u00e9er une fragrance lumineuse et r\u00e9g\u00e9n\u00e9rante. Une fragrance qui devient un message quotidien de vitalit\u00e9 et d&rsquo;authenticit\u00e9.  <\/p>\n","protected":false},"featured_media":3434,"template":"","meta":{"_acf_changed":false},"product_col":[88],"product_brand":[],"product_cat":[69,109,108],"product_tag":[],"class_list":{"0":"post-3433","1":"product","2":"type-product","3":"status-publish","4":"has-post-thumbnail","6":"product_col-words-lights","7":"product_cat-bougies","8":"product_cat-bougies-avec-phrases","9":"product_cat-bougies-parfumees","11":"first","12":"instock","13":"taxable","14":"shipping-taxable","15":"purchasable","16":"product-type-simple"},"acf":[],"yoast_head":"<!-- This site is optimized with the Yoast SEO plugin v27.4 - https:\/\/yoast.com\/product\/yoast-seo-wordpress\/ -->\n<title>Mots &amp; Lumi\u00e8res - Prenez soin de votre lumi\u00e8re Pomme verte &amp; Jasmin - Cereria Pernici<\/title>\n<meta name=\"robots\" content=\"index, follow, max-snippet:-1, max-image-preview:large, max-video-preview:-1\" \/>\n<link rel=\"canonical\" href=\"https:\/\/www.pernici.com\/fr\/prodotto\/mots-lumieres-prenez-soin-de-votre-lumiere-pomme-verte-jasmin\/\" \/>\n<meta property=\"og:locale\" content=\"fr_FR\" \/>\n<meta property=\"og:type\" content=\"article\" \/>\n<meta property=\"og:title\" content=\"Mots &amp; Lumi\u00e8res - Prenez soin de votre lumi\u00e8re Pomme verte &amp; Jasmin - Cereria Pernici\" \/>\n<meta property=\"og:description\" content=\"Prenez soin de votre lumi\u00e8re&quot; est la bougie qui vous invite \u00e0 prot\u00e9ger votre \u00e9nergie int\u00e9rieure. La fra\u00eecheur de la pomme verte s&#039;allie \u00e0 l&#039;\u00e9l\u00e9gance du jasmin pour cr\u00e9er une fragrance lumineuse et r\u00e9g\u00e9n\u00e9rante. Une fragrance qui devient un message quotidien de vitalit\u00e9 et d&#039;authenticit\u00e9.\" \/>\n<meta property=\"og:url\" content=\"https:\/\/www.pernici.com\/fr\/prodotto\/mots-lumieres-prenez-soin-de-votre-lumiere-pomme-verte-jasmin\/\" \/>\n<meta property=\"og:site_name\" content=\"Cereria Pernici\" \/>\n<meta property=\"article:publisher\" content=\"https:\/\/www.facebook.com\/cereriapernici\" \/>\n<meta property=\"og:image\" content=\"https:\/\/www.pernici.com\/wp-content\/uploads\/2025\/11\/candele-profumate-words-lights-abbi-cura-di-te-pernici-ambientata-scaled.jpg\" \/>\n\t<meta property=\"og:image:width\" content=\"2560\" \/>\n\t<meta property=\"og:image:height\" content=\"1707\" \/>\n\t<meta property=\"og:image:type\" content=\"image\/jpeg\" \/>\n<meta name=\"twitter:card\" content=\"summary_large_image\" \/>\n<meta name=\"twitter:label1\" content=\"Dur\u00e9e de lecture estim\u00e9e\" \/>\n\t<meta name=\"twitter:data1\" content=\"1 minute\" \/>\n<script type=\"application\/ld+json\" class=\"yoast-schema-graph\">{\"@context\":\"https:\\\/\\\/schema.org\",\"@graph\":[{\"@type\":\"WebPage\",\"@id\":\"https:\\\/\\\/www.pernici.com\\\/fr\\\/prodotto\\\/mots-lumieres-prenez-soin-de-votre-lumiere-pomme-verte-jasmin\\\/\",\"url\":\"https:\\\/\\\/www.pernici.com\\\/fr\\\/prodotto\\\/mots-lumieres-prenez-soin-de-votre-lumiere-pomme-verte-jasmin\\\/\",\"name\":\"Mots &amp; Lumi\u00e8res - Prenez soin de votre lumi\u00e8re Pomme verte &amp; Jasmin - Cereria Pernici\",\"isPartOf\":{\"@id\":\"https:\\\/\\\/www.pernici.com\\\/fr\\\/#website\"},\"primaryImageOfPage\":{\"@id\":\"https:\\\/\\\/www.pernici.com\\\/fr\\\/prodotto\\\/mots-lumieres-prenez-soin-de-votre-lumiere-pomme-verte-jasmin\\\/#primaryimage\"},\"image\":{\"@id\":\"https:\\\/\\\/www.pernici.com\\\/fr\\\/prodotto\\\/mots-lumieres-prenez-soin-de-votre-lumiere-pomme-verte-jasmin\\\/#primaryimage\"},\"thumbnailUrl\":\"https:\\\/\\\/www.pernici.com\\\/wp-content\\\/uploads\\\/2025\\\/11\\\/candele-profumate-words-lights-abbi-cura-di-te-pernici-ambientata-scaled.jpg\",\"datePublished\":\"2025-11-11T17:41:31+00:00\",\"breadcrumb\":{\"@id\":\"https:\\\/\\\/www.pernici.com\\\/fr\\\/prodotto\\\/mots-lumieres-prenez-soin-de-votre-lumiere-pomme-verte-jasmin\\\/#breadcrumb\"},\"inLanguage\":\"fr-FR\",\"potentialAction\":[{\"@type\":\"ReadAction\",\"target\":[\"https:\\\/\\\/www.pernici.com\\\/fr\\\/prodotto\\\/mots-lumieres-prenez-soin-de-votre-lumiere-pomme-verte-jasmin\\\/\"]}]},{\"@type\":\"ImageObject\",\"inLanguage\":\"fr-FR\",\"@id\":\"https:\\\/\\\/www.pernici.com\\\/fr\\\/prodotto\\\/mots-lumieres-prenez-soin-de-votre-lumiere-pomme-verte-jasmin\\\/#primaryimage\",\"url\":\"https:\\\/\\\/www.pernici.com\\\/wp-content\\\/uploads\\\/2025\\\/11\\\/candele-profumate-words-lights-abbi-cura-di-te-pernici-ambientata-scaled.jpg\",\"contentUrl\":\"https:\\\/\\\/www.pernici.com\\\/wp-content\\\/uploads\\\/2025\\\/11\\\/candele-profumate-words-lights-abbi-cura-di-te-pernici-ambientata-scaled.jpg\",\"width\":2560,\"height\":1707},{\"@type\":\"BreadcrumbList\",\"@id\":\"https:\\\/\\\/www.pernici.com\\\/fr\\\/prodotto\\\/mots-lumieres-prenez-soin-de-votre-lumiere-pomme-verte-jasmin\\\/#breadcrumb\",\"itemListElement\":[{\"@type\":\"ListItem\",\"position\":1,\"name\":\"Accueil\",\"item\":\"https:\\\/\\\/www.pernici.com\\\/fr\\\/\"},{\"@type\":\"ListItem\",\"position\":2,\"name\":\"Boutique\",\"item\":\"https:\\\/\\\/www.pernici.com\\\/fr\\\/boutique\\\/\"},{\"@type\":\"ListItem\",\"position\":3,\"name\":\"Bougies\",\"item\":\"https:\\\/\\\/www.pernici.com\\\/fr\\\/categoria-prodotto\\\/bougies\\\/\"},{\"@type\":\"ListItem\",\"position\":4,\"name\":\"Bougies avec phrases\",\"item\":\"https:\\\/\\\/www.pernici.com\\\/fr\\\/categoria-prodotto\\\/bougies\\\/bougies-avec-phrases\\\/\"},{\"@type\":\"ListItem\",\"position\":5,\"name\":\"Mots &amp; Lumi\u00e8res &#8211; Prenez soin de votre lumi\u00e8re Pomme verte &amp; Jasmin\"}]},{\"@type\":\"WebSite\",\"@id\":\"https:\\\/\\\/www.pernici.com\\\/fr\\\/#website\",\"url\":\"https:\\\/\\\/www.pernici.com\\\/fr\\\/\",\"name\":\"Cereria Pernici Shop\",\"description\":\"una candela non illumina soltanto: racconta chi sei \",\"publisher\":{\"@id\":\"https:\\\/\\\/www.pernici.com\\\/fr\\\/#organization\"},\"potentialAction\":[{\"@type\":\"SearchAction\",\"target\":{\"@type\":\"EntryPoint\",\"urlTemplate\":\"https:\\\/\\\/www.pernici.com\\\/fr\\\/?s={search_term_string}\"},\"query-input\":{\"@type\":\"PropertyValueSpecification\",\"valueRequired\":true,\"valueName\":\"search_term_string\"}}],\"inLanguage\":\"fr-FR\"},{\"@type\":\"Organization\",\"@id\":\"https:\\\/\\\/www.pernici.com\\\/fr\\\/#organization\",\"name\":\"Cereria Pernici Shop\",\"url\":\"https:\\\/\\\/www.pernici.com\\\/fr\\\/\",\"logo\":{\"@type\":\"ImageObject\",\"inLanguage\":\"fr-FR\",\"@id\":\"https:\\\/\\\/www.pernici.com\\\/fr\\\/#\\\/schema\\\/logo\\\/image\\\/\",\"url\":\"https:\\\/\\\/www.pernici.com\\\/wp-content\\\/uploads\\\/2025\\\/07\\\/logo_pernici.png\",\"contentUrl\":\"https:\\\/\\\/www.pernici.com\\\/wp-content\\\/uploads\\\/2025\\\/07\\\/logo_pernici.png\",\"width\":432,\"height\":189,\"caption\":\"Cereria Pernici Shop\"},\"image\":{\"@id\":\"https:\\\/\\\/www.pernici.com\\\/fr\\\/#\\\/schema\\\/logo\\\/image\\\/\"},\"sameAs\":[\"https:\\\/\\\/www.facebook.com\\\/cereriapernici\",\"https:\\\/\\\/www.instagram.com\\\/cereriapernici\\\/\"]}]}<\/script>\n<!-- \/ Yoast SEO plugin. -->","yoast_head_json":{"title":"Mots &amp; Lumi\u00e8res - Prenez soin de votre lumi\u00e8re Pomme verte &amp; Jasmin - Cereria Pernici","robots":{"index":"index","follow":"follow","max-snippet":"max-snippet:-1","max-image-preview":"max-image-preview:large","max-video-preview":"max-video-preview:-1"},"canonical":"https:\/\/www.pernici.com\/fr\/prodotto\/mots-lumieres-prenez-soin-de-votre-lumiere-pomme-verte-jasmin\/","og_locale":"fr_FR","og_type":"article","og_title":"Mots &amp; Lumi\u00e8res - Prenez soin de votre lumi\u00e8re Pomme verte &amp; Jasmin - Cereria Pernici","og_description":"Prenez soin de votre lumi\u00e8re\" est la bougie qui vous invite \u00e0 prot\u00e9ger votre \u00e9nergie int\u00e9rieure. La fra\u00eecheur de la pomme verte s'allie \u00e0 l'\u00e9l\u00e9gance du jasmin pour cr\u00e9er une fragrance lumineuse et r\u00e9g\u00e9n\u00e9rante. Une fragrance qui devient un message quotidien de vitalit\u00e9 et d'authenticit\u00e9.","og_url":"https:\/\/www.pernici.com\/fr\/prodotto\/mots-lumieres-prenez-soin-de-votre-lumiere-pomme-verte-jasmin\/","og_site_name":"Cereria Pernici","article_publisher":"https:\/\/www.facebook.com\/cereriapernici","og_image":[{"width":2560,"height":1707,"url":"https:\/\/www.pernici.com\/wp-content\/uploads\/2025\/11\/candele-profumate-words-lights-abbi-cura-di-te-pernici-ambientata-scaled.jpg","type":"image\/jpeg"}],"twitter_card":"summary_large_image","twitter_misc":{"Dur\u00e9e de lecture estim\u00e9e":"1 minute"},"schema":{"@context":"https:\/\/schema.org","@graph":[{"@type":"WebPage","@id":"https:\/\/www.pernici.com\/fr\/prodotto\/mots-lumieres-prenez-soin-de-votre-lumiere-pomme-verte-jasmin\/","url":"https:\/\/www.pernici.com\/fr\/prodotto\/mots-lumieres-prenez-soin-de-votre-lumiere-pomme-verte-jasmin\/","name":"Mots &amp; Lumi\u00e8res - Prenez soin de votre lumi\u00e8re Pomme verte &amp; Jasmin - Cereria Pernici","isPartOf":{"@id":"https:\/\/www.pernici.com\/fr\/#website"},"primaryImageOfPage":{"@id":"https:\/\/www.pernici.com\/fr\/prodotto\/mots-lumieres-prenez-soin-de-votre-lumiere-pomme-verte-jasmin\/#primaryimage"},"image":{"@id":"https:\/\/www.pernici.com\/fr\/prodotto\/mots-lumieres-prenez-soin-de-votre-lumiere-pomme-verte-jasmin\/#primaryimage"},"thumbnailUrl":"https:\/\/www.pernici.com\/wp-content\/uploads\/2025\/11\/candele-profumate-words-lights-abbi-cura-di-te-pernici-ambientata-scaled.jpg","datePublished":"2025-11-11T17:41:31+00:00","breadcrumb":{"@id":"https:\/\/www.pernici.com\/fr\/prodotto\/mots-lumieres-prenez-soin-de-votre-lumiere-pomme-verte-jasmin\/#breadcrumb"},"inLanguage":"fr-FR","potentialAction":[{"@type":"ReadAction","target":["https:\/\/www.pernici.com\/fr\/prodotto\/mots-lumieres-prenez-soin-de-votre-lumiere-pomme-verte-jasmin\/"]}]},{"@type":"ImageObject","inLanguage":"fr-FR","@id":"https:\/\/www.pernici.com\/fr\/prodotto\/mots-lumieres-prenez-soin-de-votre-lumiere-pomme-verte-jasmin\/#primaryimage","url":"https:\/\/www.pernici.com\/wp-content\/uploads\/2025\/11\/candele-profumate-words-lights-abbi-cura-di-te-pernici-ambientata-scaled.jpg","contentUrl":"https:\/\/www.pernici.com\/wp-content\/uploads\/2025\/11\/candele-profumate-words-lights-abbi-cura-di-te-pernici-ambientata-scaled.jpg","width":2560,"height":1707},{"@type":"BreadcrumbList","@id":"https:\/\/www.pernici.com\/fr\/prodotto\/mots-lumieres-prenez-soin-de-votre-lumiere-pomme-verte-jasmin\/#breadcrumb","itemListElement":[{"@type":"ListItem","position":1,"name":"Accueil","item":"https:\/\/www.pernici.com\/fr\/"},{"@type":"ListItem","position":2,"name":"Boutique","item":"https:\/\/www.pernici.com\/fr\/boutique\/"},{"@type":"ListItem","position":3,"name":"Bougies","item":"https:\/\/www.pernici.com\/fr\/categoria-prodotto\/bougies\/"},{"@type":"ListItem","position":4,"name":"Bougies avec phrases","item":"https:\/\/www.pernici.com\/fr\/categoria-prodotto\/bougies\/bougies-avec-phrases\/"},{"@type":"ListItem","position":5,"name":"Mots &amp; Lumi\u00e8res &#8211; Prenez soin de votre lumi\u00e8re Pomme verte &amp; Jasmin"}]},{"@type":"WebSite","@id":"https:\/\/www.pernici.com\/fr\/#website","url":"https:\/\/www.pernici.com\/fr\/","name":"Cereria Pernici Shop","description":"una candela non illumina soltanto: racconta chi sei ","publisher":{"@id":"https:\/\/www.pernici.com\/fr\/#organization"},"potentialAction":[{"@type":"SearchAction","target":{"@type":"EntryPoint","urlTemplate":"https:\/\/www.pernici.com\/fr\/?s={search_term_string}"},"query-input":{"@type":"PropertyValueSpecification","valueRequired":true,"valueName":"search_term_string"}}],"inLanguage":"fr-FR"},{"@type":"Organization","@id":"https:\/\/www.pernici.com\/fr\/#organization","name":"Cereria Pernici Shop","url":"https:\/\/www.pernici.com\/fr\/","logo":{"@type":"ImageObject","inLanguage":"fr-FR","@id":"https:\/\/www.pernici.com\/fr\/#\/schema\/logo\/image\/","url":"https:\/\/www.pernici.com\/wp-content\/uploads\/2025\/07\/logo_pernici.png","contentUrl":"https:\/\/www.pernici.com\/wp-content\/uploads\/2025\/07\/logo_pernici.png","width":432,"height":189,"caption":"Cereria Pernici Shop"},"image":{"@id":"https:\/\/www.pernici.com\/fr\/#\/schema\/logo\/image\/"},"sameAs":["https:\/\/www.facebook.com\/cereriapernici","https:\/\/www.instagram.com\/cereriapernici\/"]}]}},"_links":{"self":[{"href":"https:\/\/www.pernici.com\/fr\/wp-json\/wp\/v2\/product\/3433","targetHints":{"allow":["GET"]}}],"collection":[{"href":"https:\/\/www.pernici.com\/fr\/wp-json\/wp\/v2\/product"}],"about":[{"href":"https:\/\/www.pernici.com\/fr\/wp-json\/wp\/v2\/types\/product"}],"wp:featuredmedia":[{"embeddable":true,"href":"https:\/\/www.pernici.com\/fr\/wp-json\/wp\/v2\/media\/3434"}],"wp:attachment":[{"href":"https:\/\/www.pernici.com\/fr\/wp-json\/wp\/v2\/media?parent=3433"}],"wp:term":[{"taxonomy":"product_col","embeddable":true,"href":"https:\/\/www.pernici.com\/fr\/wp-json\/wp\/v2\/product_col?post=3433"},{"taxonomy":"product_brand","embeddable":true,"href":"https:\/\/www.pernici.com\/fr\/wp-json\/wp\/v2\/product_brand?post=3433"},{"taxonomy":"product_cat","embeddable":true,"href":"https:\/\/www.pernici.com\/fr\/wp-json\/wp\/v2\/product_cat?post=3433"},{"taxonomy":"product_tag","embeddable":true,"href":"https:\/\/www.pernici.com\/fr\/wp-json\/wp\/v2\/product_tag?post=3433"}],"curies":[{"name":"wp","href":"https:\/\/api.w.org\/{rel}","templated":true}]}}