{"id":3403,"date":"2025-02-14T14:46:00","date_gmt":"2025-02-14T14:46:00","guid":{"rendered":"https:\/\/www.pernici.com\/prodotto\/bougie-imperiale-oud-mangue\/"},"modified":"2025-02-14T14:46:00","modified_gmt":"2025-02-14T14:46:00","slug":"bougie-imperiale-oud-mangue","status":"publish","type":"product","link":"https:\/\/www.pernici.com\/fr\/prodotto\/bougie-imperiale-oud-mangue\/","title":{"rendered":"Bougie Imp\u00e9riale Oud &amp; Mangue"},"content":{"rendered":"<p class=\"p1\"><span class=\"s1\">Imperial Oud &amp; Mango<\/span> est un parfum n\u00e9 de la rencontre de deux mondes oppos\u00e9s : la luminosit\u00e9 exotique de la mangue et la profondeur myst\u00e9rieuse de l&rsquo;oud. Les <span class=\"s1\">notes de t\u00eate fruit\u00e9es et ensoleill\u00e9es de la mangue<\/span> enveloppent les sens de leur douceur juteuse, tandis que le <span class=\"s1\">c\u0153ur de fleur d&rsquo;oranger, de jasmin et d&rsquo;encens<\/span> r\u00e9v\u00e8le une \u00e2me chaude et sensuelle. Les <span class=\"s1\">notes de fond de vanille, de bois de oud et d&rsquo;ambre<\/span> apportent \u00e9l\u00e9gance et intensit\u00e9, cr\u00e9ant un \u00e9quilibre parfait entre l&rsquo;ombre et la lumi\u00e8re, la douceur et la force. <\/p>\n<p class=\"p1\">Une bougie au caract\u00e8re magn\u00e9tique, con\u00e7ue pour ceux qui aiment les senteurs riches, sophistiqu\u00e9es et enveloppantes.<\/p>\n","protected":false},"excerpt":{"rendered":"<p class=\"p1\">Imperial Oud &amp; Mango est un parfum exotique et sophistiqu\u00e9 qui associe la douceur de la mangue \u00e0 la profondeur sensuelle de l&rsquo;oud et de l&rsquo;ambre.<\/p>\n","protected":false},"featured_media":3408,"template":"","meta":{"_acf_changed":false},"product_col":[33],"product_brand":[],"product_cat":[69,108],"product_tag":[75,76],"class_list":{"0":"post-3403","1":"product","2":"type-product","3":"status-publish","4":"has-post-thumbnail","6":"product_col-elementi","7":"product_cat-bougies","8":"product_cat-bougies-parfumees","9":"product_tag-200-g","10":"product_tag-350-g","11":"pa_formato-200-g","12":"pa_formato-350-g","14":"first","15":"instock","16":"featured","17":"taxable","18":"shipping-taxable","19":"purchasable","20":"product-type-variable","21":"has-default-attributes"},"acf":[],"yoast_head":"<!-- This site is optimized with the Yoast SEO plugin v27.2 - https:\/\/yoast.com\/product\/yoast-seo-wordpress\/ -->\n<title>Bougie imp\u00e9riale Oud &amp; Mangue, exotique et raffin\u00e9e - Cereria Pernici<\/title>\n<meta name=\"description\" content=\"D\u00e9couvrez Imperial Oud &amp; Mango : une bougie parfum\u00e9e exotique et intense. La mangue, l&#039;oud et l&#039;ambre s&#039;unissent dans un parfum \u00e9l\u00e9gant et irr\u00e9sistible.\" \/>\n<meta name=\"robots\" content=\"index, follow, max-snippet:-1, max-image-preview:large, max-video-preview:-1\" \/>\n<link rel=\"canonical\" href=\"https:\/\/www.pernici.com\/fr\/prodotto\/bougie-imperiale-oud-mangue\/\" \/>\n<meta property=\"og:locale\" content=\"fr_FR\" \/>\n<meta property=\"og:type\" content=\"article\" \/>\n<meta property=\"og:title\" content=\"Bougie imp\u00e9riale Oud &amp; Mangue, exotique et raffin\u00e9e - Cereria Pernici\" \/>\n<meta property=\"og:description\" content=\"D\u00e9couvrez Imperial Oud &amp; Mango : une bougie parfum\u00e9e exotique et intense. La mangue, l&#039;oud et l&#039;ambre s&#039;unissent dans un parfum \u00e9l\u00e9gant et irr\u00e9sistible.\" \/>\n<meta property=\"og:url\" content=\"https:\/\/www.pernici.com\/fr\/prodotto\/bougie-imperiale-oud-mangue\/\" \/>\n<meta property=\"og:site_name\" content=\"Cereria Pernici\" \/>\n<meta property=\"article:publisher\" content=\"https:\/\/www.facebook.com\/cereriapernici\" \/>\n<meta property=\"og:image\" content=\"https:\/\/www.pernici.com\/wp-content\/uploads\/2025\/02\/candela-profumata-elementi-imperial-oud-mango-350-gr-still-life.jpg\" \/>\n\t<meta property=\"og:image:width\" content=\"1024\" \/>\n\t<meta property=\"og:image:height\" content=\"1024\" \/>\n\t<meta property=\"og:image:type\" content=\"image\/jpeg\" \/>\n<meta name=\"twitter:card\" content=\"summary_large_image\" \/>\n<meta name=\"twitter:label1\" content=\"Dur\u00e9e de lecture estim\u00e9e\" \/>\n\t<meta name=\"twitter:data1\" content=\"1 minute\" \/>\n<script type=\"application\/ld+json\" class=\"yoast-schema-graph\">{\"@context\":\"https:\/\/schema.org\",\"@graph\":[{\"@type\":\"WebPage\",\"@id\":\"https:\/\/www.pernici.com\/fr\/prodotto\/bougie-imperiale-oud-mangue\/\",\"url\":\"https:\/\/www.pernici.com\/fr\/prodotto\/bougie-imperiale-oud-mangue\/\",\"name\":\"Bougie imp\u00e9riale Oud & Mangue, exotique et raffin\u00e9e - Cereria Pernici\",\"isPartOf\":{\"@id\":\"https:\/\/www.pernici.com\/fr\/#website\"},\"primaryImageOfPage\":{\"@id\":\"https:\/\/www.pernici.com\/fr\/prodotto\/bougie-imperiale-oud-mangue\/#primaryimage\"},\"image\":{\"@id\":\"https:\/\/www.pernici.com\/fr\/prodotto\/bougie-imperiale-oud-mangue\/#primaryimage\"},\"thumbnailUrl\":\"https:\/\/www.pernici.com\/wp-content\/uploads\/2025\/02\/candela-profumata-elementi-imperial-oud-mango-350-gr-still-life.jpg\",\"datePublished\":\"2025-02-14T14:46:00+00:00\",\"description\":\"D\u00e9couvrez Imperial Oud & Mango : une bougie parfum\u00e9e exotique et intense. La mangue, l'oud et l'ambre s'unissent dans un parfum \u00e9l\u00e9gant et irr\u00e9sistible.\",\"breadcrumb\":{\"@id\":\"https:\/\/www.pernici.com\/fr\/prodotto\/bougie-imperiale-oud-mangue\/#breadcrumb\"},\"inLanguage\":\"fr-FR\",\"potentialAction\":[{\"@type\":\"ReadAction\",\"target\":[\"https:\/\/www.pernici.com\/fr\/prodotto\/bougie-imperiale-oud-mangue\/\"]}]},{\"@type\":\"ImageObject\",\"inLanguage\":\"fr-FR\",\"@id\":\"https:\/\/www.pernici.com\/fr\/prodotto\/bougie-imperiale-oud-mangue\/#primaryimage\",\"url\":\"https:\/\/www.pernici.com\/wp-content\/uploads\/2025\/02\/candela-profumata-elementi-imperial-oud-mango-350-gr-still-life.jpg\",\"contentUrl\":\"https:\/\/www.pernici.com\/wp-content\/uploads\/2025\/02\/candela-profumata-elementi-imperial-oud-mango-350-gr-still-life.jpg\",\"width\":1024,\"height\":1024,\"caption\":\"Bougie parfum\u00e9e Elements 350gr parfum\u00e9e Imperial Oud &amp; Mango by Pernici en nature morte.\"},{\"@type\":\"BreadcrumbList\",\"@id\":\"https:\/\/www.pernici.com\/fr\/prodotto\/bougie-imperiale-oud-mangue\/#breadcrumb\",\"itemListElement\":[{\"@type\":\"ListItem\",\"position\":1,\"name\":\"Accueil\",\"item\":\"https:\/\/www.pernici.com\/fr\/\"},{\"@type\":\"ListItem\",\"position\":2,\"name\":\"Boutique\",\"item\":\"https:\/\/www.pernici.com\/fr\/boutique\/\"},{\"@type\":\"ListItem\",\"position\":3,\"name\":\"Bougie Imp\u00e9riale Oud &amp; Mangue\"}]},{\"@type\":\"WebSite\",\"@id\":\"https:\/\/www.pernici.com\/fr\/#website\",\"url\":\"https:\/\/www.pernici.com\/fr\/\",\"name\":\"Cereria Pernici Shop\",\"description\":\"una candela non illumina soltanto: racconta chi sei \",\"publisher\":{\"@id\":\"https:\/\/www.pernici.com\/fr\/#organization\"},\"potentialAction\":[{\"@type\":\"SearchAction\",\"target\":{\"@type\":\"EntryPoint\",\"urlTemplate\":\"https:\/\/www.pernici.com\/fr\/?s={search_term_string}\"},\"query-input\":{\"@type\":\"PropertyValueSpecification\",\"valueRequired\":true,\"valueName\":\"search_term_string\"}}],\"inLanguage\":\"fr-FR\"},{\"@type\":\"Organization\",\"@id\":\"https:\/\/www.pernici.com\/fr\/#organization\",\"name\":\"Cereria Pernici Shop\",\"url\":\"https:\/\/www.pernici.com\/fr\/\",\"logo\":{\"@type\":\"ImageObject\",\"inLanguage\":\"fr-FR\",\"@id\":\"https:\/\/www.pernici.com\/fr\/#\/schema\/logo\/image\/\",\"url\":\"https:\/\/www.pernici.com\/wp-content\/uploads\/2025\/07\/logo_pernici.png\",\"contentUrl\":\"https:\/\/www.pernici.com\/wp-content\/uploads\/2025\/07\/logo_pernici.png\",\"width\":432,\"height\":189,\"caption\":\"Cereria Pernici Shop\"},\"image\":{\"@id\":\"https:\/\/www.pernici.com\/fr\/#\/schema\/logo\/image\/\"},\"sameAs\":[\"https:\/\/www.facebook.com\/cereriapernici\",\"https:\/\/www.instagram.com\/cereriapernici\/\"]}]}<\/script>\n<!-- \/ Yoast SEO plugin. -->","yoast_head_json":{"title":"Bougie imp\u00e9riale Oud & Mangue, exotique et raffin\u00e9e - Cereria Pernici","description":"D\u00e9couvrez Imperial Oud & Mango : une bougie parfum\u00e9e exotique et intense. La mangue, l'oud et l'ambre s'unissent dans un parfum \u00e9l\u00e9gant et irr\u00e9sistible.","robots":{"index":"index","follow":"follow","max-snippet":"max-snippet:-1","max-image-preview":"max-image-preview:large","max-video-preview":"max-video-preview:-1"},"canonical":"https:\/\/www.pernici.com\/fr\/prodotto\/bougie-imperiale-oud-mangue\/","og_locale":"fr_FR","og_type":"article","og_title":"Bougie imp\u00e9riale Oud & Mangue, exotique et raffin\u00e9e - Cereria Pernici","og_description":"D\u00e9couvrez Imperial Oud & Mango : une bougie parfum\u00e9e exotique et intense. La mangue, l'oud et l'ambre s'unissent dans un parfum \u00e9l\u00e9gant et irr\u00e9sistible.","og_url":"https:\/\/www.pernici.com\/fr\/prodotto\/bougie-imperiale-oud-mangue\/","og_site_name":"Cereria Pernici","article_publisher":"https:\/\/www.facebook.com\/cereriapernici","og_image":[{"width":1024,"height":1024,"url":"https:\/\/www.pernici.com\/wp-content\/uploads\/2025\/02\/candela-profumata-elementi-imperial-oud-mango-350-gr-still-life.jpg","type":"image\/jpeg"}],"twitter_card":"summary_large_image","twitter_misc":{"Dur\u00e9e de lecture estim\u00e9e":"1 minute"},"schema":{"@context":"https:\/\/schema.org","@graph":[{"@type":"WebPage","@id":"https:\/\/www.pernici.com\/fr\/prodotto\/bougie-imperiale-oud-mangue\/","url":"https:\/\/www.pernici.com\/fr\/prodotto\/bougie-imperiale-oud-mangue\/","name":"Bougie imp\u00e9riale Oud & Mangue, exotique et raffin\u00e9e - Cereria Pernici","isPartOf":{"@id":"https:\/\/www.pernici.com\/fr\/#website"},"primaryImageOfPage":{"@id":"https:\/\/www.pernici.com\/fr\/prodotto\/bougie-imperiale-oud-mangue\/#primaryimage"},"image":{"@id":"https:\/\/www.pernici.com\/fr\/prodotto\/bougie-imperiale-oud-mangue\/#primaryimage"},"thumbnailUrl":"https:\/\/www.pernici.com\/wp-content\/uploads\/2025\/02\/candela-profumata-elementi-imperial-oud-mango-350-gr-still-life.jpg","datePublished":"2025-02-14T14:46:00+00:00","description":"D\u00e9couvrez Imperial Oud & Mango : une bougie parfum\u00e9e exotique et intense. La mangue, l'oud et l'ambre s'unissent dans un parfum \u00e9l\u00e9gant et irr\u00e9sistible.","breadcrumb":{"@id":"https:\/\/www.pernici.com\/fr\/prodotto\/bougie-imperiale-oud-mangue\/#breadcrumb"},"inLanguage":"fr-FR","potentialAction":[{"@type":"ReadAction","target":["https:\/\/www.pernici.com\/fr\/prodotto\/bougie-imperiale-oud-mangue\/"]}]},{"@type":"ImageObject","inLanguage":"fr-FR","@id":"https:\/\/www.pernici.com\/fr\/prodotto\/bougie-imperiale-oud-mangue\/#primaryimage","url":"https:\/\/www.pernici.com\/wp-content\/uploads\/2025\/02\/candela-profumata-elementi-imperial-oud-mango-350-gr-still-life.jpg","contentUrl":"https:\/\/www.pernici.com\/wp-content\/uploads\/2025\/02\/candela-profumata-elementi-imperial-oud-mango-350-gr-still-life.jpg","width":1024,"height":1024,"caption":"Bougie parfum\u00e9e Elements 350gr parfum\u00e9e Imperial Oud &amp; Mango by Pernici en nature morte."},{"@type":"BreadcrumbList","@id":"https:\/\/www.pernici.com\/fr\/prodotto\/bougie-imperiale-oud-mangue\/#breadcrumb","itemListElement":[{"@type":"ListItem","position":1,"name":"Accueil","item":"https:\/\/www.pernici.com\/fr\/"},{"@type":"ListItem","position":2,"name":"Boutique","item":"https:\/\/www.pernici.com\/fr\/boutique\/"},{"@type":"ListItem","position":3,"name":"Bougie Imp\u00e9riale Oud &amp; Mangue"}]},{"@type":"WebSite","@id":"https:\/\/www.pernici.com\/fr\/#website","url":"https:\/\/www.pernici.com\/fr\/","name":"Cereria Pernici Shop","description":"una candela non illumina soltanto: racconta chi sei ","publisher":{"@id":"https:\/\/www.pernici.com\/fr\/#organization"},"potentialAction":[{"@type":"SearchAction","target":{"@type":"EntryPoint","urlTemplate":"https:\/\/www.pernici.com\/fr\/?s={search_term_string}"},"query-input":{"@type":"PropertyValueSpecification","valueRequired":true,"valueName":"search_term_string"}}],"inLanguage":"fr-FR"},{"@type":"Organization","@id":"https:\/\/www.pernici.com\/fr\/#organization","name":"Cereria Pernici Shop","url":"https:\/\/www.pernici.com\/fr\/","logo":{"@type":"ImageObject","inLanguage":"fr-FR","@id":"https:\/\/www.pernici.com\/fr\/#\/schema\/logo\/image\/","url":"https:\/\/www.pernici.com\/wp-content\/uploads\/2025\/07\/logo_pernici.png","contentUrl":"https:\/\/www.pernici.com\/wp-content\/uploads\/2025\/07\/logo_pernici.png","width":432,"height":189,"caption":"Cereria Pernici Shop"},"image":{"@id":"https:\/\/www.pernici.com\/fr\/#\/schema\/logo\/image\/"},"sameAs":["https:\/\/www.facebook.com\/cereriapernici","https:\/\/www.instagram.com\/cereriapernici\/"]}]}},"_links":{"self":[{"href":"https:\/\/www.pernici.com\/fr\/wp-json\/wp\/v2\/product\/3403","targetHints":{"allow":["GET"]}}],"collection":[{"href":"https:\/\/www.pernici.com\/fr\/wp-json\/wp\/v2\/product"}],"about":[{"href":"https:\/\/www.pernici.com\/fr\/wp-json\/wp\/v2\/types\/product"}],"wp:featuredmedia":[{"embeddable":true,"href":"https:\/\/www.pernici.com\/fr\/wp-json\/wp\/v2\/media\/3408"}],"wp:attachment":[{"href":"https:\/\/www.pernici.com\/fr\/wp-json\/wp\/v2\/media?parent=3403"}],"wp:term":[{"taxonomy":"product_col","embeddable":true,"href":"https:\/\/www.pernici.com\/fr\/wp-json\/wp\/v2\/product_col?post=3403"},{"taxonomy":"product_brand","embeddable":true,"href":"https:\/\/www.pernici.com\/fr\/wp-json\/wp\/v2\/product_brand?post=3403"},{"taxonomy":"product_cat","embeddable":true,"href":"https:\/\/www.pernici.com\/fr\/wp-json\/wp\/v2\/product_cat?post=3403"},{"taxonomy":"product_tag","embeddable":true,"href":"https:\/\/www.pernici.com\/fr\/wp-json\/wp\/v2\/product_tag?post=3403"}],"curies":[{"name":"wp","href":"https:\/\/api.w.org\/{rel}","templated":true}]}}