{"id":3296,"date":"2024-09-24T07:02:41","date_gmt":"2024-09-24T07:02:41","guid":{"rendered":"https:\/\/www.pernici.com\/prodotto\/bougie-coton-et-lin\/"},"modified":"2024-09-24T07:02:41","modified_gmt":"2024-09-24T07:02:41","slug":"bougie-coton-et-lin","status":"publish","type":"product","link":"https:\/\/www.pernici.com\/fr\/prodotto\/bougie-coton-et-lin\/","title":{"rendered":"Bougie coton et lin"},"content":{"rendered":"<p class=\"p1\">Un parfum qui incarne la <span class=\"s1\">propret\u00e9, la fra\u00eecheur et la s\u00e9r\u00e9nit\u00e9<\/span>. L&rsquo;odeur du linge fra\u00eechement \u00e9tendu au soleil se m\u00eale \u00e0 la d\u00e9licatesse des <g id=\"gid_1\">fleurs de coton et de l&rsquo;ylang-ylang<\/g>, pour une atmosph\u00e8re lumineuse et rassurante. Les <g id=\"gid_2\">notes de t\u00eate de citron et de fraise des bois<\/g> apportent une touche p\u00e9tillante et joyeuse, tandis que le c\u0153ur de <g id=\"gid_3\">rose blanche et de fleur de coton<\/g> diffuse une douce puret\u00e9. Le fond doux de <span class=\"s1\">bois de c\u00e8dre, de santal et de vanille<\/span> compl\u00e8te la composition avec \u00e9l\u00e9gance et confort.   <\/p>\n<p class=\"p1\"><span class=\"s1\">Cotton &amp; Linen<\/span> est le parfum de la tranquillit\u00e9 et de l&rsquo;attention, parfait pour ceux qui aiment la simplicit\u00e9 parfum\u00e9e des choses belles et authentiques.<\/p>\n","protected":false},"excerpt":{"rendered":"<p class=\"p1\">Cotton &amp; Linen est un parfum d\u00e9licat et lumineux qui associe la fra\u00eecheur du linge propre \u00e0 des notes florales et bois\u00e9es. El\u00e9gant, pur et apaisant. <\/p>\n","protected":false},"featured_media":3300,"template":"","meta":{"_acf_changed":false},"product_col":[33],"product_brand":[],"product_cat":[69,108],"product_tag":[75,76],"class_list":{"0":"post-3296","1":"product","2":"type-product","3":"status-publish","4":"has-post-thumbnail","6":"product_col-elementi","7":"product_cat-bougies","8":"product_cat-bougies-parfumees","9":"product_tag-200-g","10":"product_tag-350-g","11":"pa_formato-200-g","12":"pa_formato-350-g","14":"first","15":"instock","16":"taxable","17":"shipping-taxable","18":"purchasable","19":"product-type-variable","20":"has-default-attributes"},"acf":[],"yoast_head":"<!-- This site is optimized with the Yoast SEO plugin v27.2 - https:\/\/yoast.com\/product\/yoast-seo-wordpress\/ -->\n<title>Bougie Cotton &amp; Linen, fra\u00eecheur et puret\u00e9 - Cereria Pernici<\/title>\n<meta name=\"description\" content=\"D\u00e9couvrez Cotton &amp; Linen : bougie parfum\u00e9e aux senteurs de propret\u00e9 et de fleurs de coton. Une fragrance lumineuse, d\u00e9licate et apaisante.\" \/>\n<meta name=\"robots\" content=\"index, follow, max-snippet:-1, max-image-preview:large, max-video-preview:-1\" \/>\n<link rel=\"canonical\" href=\"https:\/\/www.pernici.com\/fr\/prodotto\/bougie-coton-et-lin\/\" \/>\n<meta property=\"og:locale\" content=\"fr_FR\" \/>\n<meta property=\"og:type\" content=\"article\" \/>\n<meta property=\"og:title\" content=\"Bougie Cotton &amp; Linen, fra\u00eecheur et puret\u00e9 - Cereria Pernici\" \/>\n<meta property=\"og:description\" content=\"D\u00e9couvrez Cotton &amp; Linen : bougie parfum\u00e9e aux senteurs de propret\u00e9 et de fleurs de coton. Une fragrance lumineuse, d\u00e9licate et apaisante.\" \/>\n<meta property=\"og:url\" content=\"https:\/\/www.pernici.com\/fr\/prodotto\/bougie-coton-et-lin\/\" \/>\n<meta property=\"og:site_name\" content=\"Cereria Pernici\" \/>\n<meta property=\"article:publisher\" content=\"https:\/\/www.facebook.com\/cereriapernici\" \/>\n<meta property=\"og:image\" content=\"https:\/\/www.pernici.com\/wp-content\/uploads\/2024\/09\/candela-profumata-elementi-cotton-linen-350-gr-still-life.jpg\" \/>\n\t<meta property=\"og:image:width\" content=\"1024\" \/>\n\t<meta property=\"og:image:height\" content=\"1024\" \/>\n\t<meta property=\"og:image:type\" content=\"image\/jpeg\" \/>\n<meta name=\"twitter:card\" content=\"summary_large_image\" \/>\n<meta name=\"twitter:label1\" content=\"Dur\u00e9e de lecture estim\u00e9e\" \/>\n\t<meta name=\"twitter:data1\" content=\"1 minute\" \/>\n<script type=\"application\/ld+json\" class=\"yoast-schema-graph\">{\"@context\":\"https:\/\/schema.org\",\"@graph\":[{\"@type\":\"WebPage\",\"@id\":\"https:\/\/www.pernici.com\/fr\/prodotto\/bougie-coton-et-lin\/\",\"url\":\"https:\/\/www.pernici.com\/fr\/prodotto\/bougie-coton-et-lin\/\",\"name\":\"Bougie Cotton & Linen, fra\u00eecheur et puret\u00e9 - Cereria Pernici\",\"isPartOf\":{\"@id\":\"https:\/\/www.pernici.com\/fr\/#website\"},\"primaryImageOfPage\":{\"@id\":\"https:\/\/www.pernici.com\/fr\/prodotto\/bougie-coton-et-lin\/#primaryimage\"},\"image\":{\"@id\":\"https:\/\/www.pernici.com\/fr\/prodotto\/bougie-coton-et-lin\/#primaryimage\"},\"thumbnailUrl\":\"https:\/\/www.pernici.com\/wp-content\/uploads\/2024\/09\/candela-profumata-elementi-cotton-linen-350-gr-still-life.jpg\",\"datePublished\":\"2024-09-24T07:02:41+00:00\",\"description\":\"D\u00e9couvrez Cotton & Linen : bougie parfum\u00e9e aux senteurs de propret\u00e9 et de fleurs de coton. Une fragrance lumineuse, d\u00e9licate et apaisante.\",\"breadcrumb\":{\"@id\":\"https:\/\/www.pernici.com\/fr\/prodotto\/bougie-coton-et-lin\/#breadcrumb\"},\"inLanguage\":\"fr-FR\",\"potentialAction\":[{\"@type\":\"ReadAction\",\"target\":[\"https:\/\/www.pernici.com\/fr\/prodotto\/bougie-coton-et-lin\/\"]}]},{\"@type\":\"ImageObject\",\"inLanguage\":\"fr-FR\",\"@id\":\"https:\/\/www.pernici.com\/fr\/prodotto\/bougie-coton-et-lin\/#primaryimage\",\"url\":\"https:\/\/www.pernici.com\/wp-content\/uploads\/2024\/09\/candela-profumata-elementi-cotton-linen-350-gr-still-life.jpg\",\"contentUrl\":\"https:\/\/www.pernici.com\/wp-content\/uploads\/2024\/09\/candela-profumata-elementi-cotton-linen-350-gr-still-life.jpg\",\"width\":1024,\"height\":1024,\"caption\":\"Bougie parfum\u00e9e Elements 350gr parfum\u00e9e Cotton &amp; Linen by Pernici en nature morte.\"},{\"@type\":\"BreadcrumbList\",\"@id\":\"https:\/\/www.pernici.com\/fr\/prodotto\/bougie-coton-et-lin\/#breadcrumb\",\"itemListElement\":[{\"@type\":\"ListItem\",\"position\":1,\"name\":\"Accueil\",\"item\":\"https:\/\/www.pernici.com\/fr\/\"},{\"@type\":\"ListItem\",\"position\":2,\"name\":\"Boutique\",\"item\":\"https:\/\/www.pernici.com\/fr\/boutique\/\"},{\"@type\":\"ListItem\",\"position\":3,\"name\":\"Bougie coton et lin\"}]},{\"@type\":\"WebSite\",\"@id\":\"https:\/\/www.pernici.com\/fr\/#website\",\"url\":\"https:\/\/www.pernici.com\/fr\/\",\"name\":\"Cereria Pernici Shop\",\"description\":\"una candela non illumina soltanto: racconta chi sei \",\"publisher\":{\"@id\":\"https:\/\/www.pernici.com\/fr\/#organization\"},\"potentialAction\":[{\"@type\":\"SearchAction\",\"target\":{\"@type\":\"EntryPoint\",\"urlTemplate\":\"https:\/\/www.pernici.com\/fr\/?s={search_term_string}\"},\"query-input\":{\"@type\":\"PropertyValueSpecification\",\"valueRequired\":true,\"valueName\":\"search_term_string\"}}],\"inLanguage\":\"fr-FR\"},{\"@type\":\"Organization\",\"@id\":\"https:\/\/www.pernici.com\/fr\/#organization\",\"name\":\"Cereria Pernici Shop\",\"url\":\"https:\/\/www.pernici.com\/fr\/\",\"logo\":{\"@type\":\"ImageObject\",\"inLanguage\":\"fr-FR\",\"@id\":\"https:\/\/www.pernici.com\/fr\/#\/schema\/logo\/image\/\",\"url\":\"https:\/\/www.pernici.com\/wp-content\/uploads\/2025\/07\/logo_pernici.png\",\"contentUrl\":\"https:\/\/www.pernici.com\/wp-content\/uploads\/2025\/07\/logo_pernici.png\",\"width\":432,\"height\":189,\"caption\":\"Cereria Pernici Shop\"},\"image\":{\"@id\":\"https:\/\/www.pernici.com\/fr\/#\/schema\/logo\/image\/\"},\"sameAs\":[\"https:\/\/www.facebook.com\/cereriapernici\",\"https:\/\/www.instagram.com\/cereriapernici\/\"]}]}<\/script>\n<!-- \/ Yoast SEO plugin. -->","yoast_head_json":{"title":"Bougie Cotton & Linen, fra\u00eecheur et puret\u00e9 - Cereria Pernici","description":"D\u00e9couvrez Cotton & Linen : bougie parfum\u00e9e aux senteurs de propret\u00e9 et de fleurs de coton. Une fragrance lumineuse, d\u00e9licate et apaisante.","robots":{"index":"index","follow":"follow","max-snippet":"max-snippet:-1","max-image-preview":"max-image-preview:large","max-video-preview":"max-video-preview:-1"},"canonical":"https:\/\/www.pernici.com\/fr\/prodotto\/bougie-coton-et-lin\/","og_locale":"fr_FR","og_type":"article","og_title":"Bougie Cotton & Linen, fra\u00eecheur et puret\u00e9 - Cereria Pernici","og_description":"D\u00e9couvrez Cotton & Linen : bougie parfum\u00e9e aux senteurs de propret\u00e9 et de fleurs de coton. Une fragrance lumineuse, d\u00e9licate et apaisante.","og_url":"https:\/\/www.pernici.com\/fr\/prodotto\/bougie-coton-et-lin\/","og_site_name":"Cereria Pernici","article_publisher":"https:\/\/www.facebook.com\/cereriapernici","og_image":[{"width":1024,"height":1024,"url":"https:\/\/www.pernici.com\/wp-content\/uploads\/2024\/09\/candela-profumata-elementi-cotton-linen-350-gr-still-life.jpg","type":"image\/jpeg"}],"twitter_card":"summary_large_image","twitter_misc":{"Dur\u00e9e de lecture estim\u00e9e":"1 minute"},"schema":{"@context":"https:\/\/schema.org","@graph":[{"@type":"WebPage","@id":"https:\/\/www.pernici.com\/fr\/prodotto\/bougie-coton-et-lin\/","url":"https:\/\/www.pernici.com\/fr\/prodotto\/bougie-coton-et-lin\/","name":"Bougie Cotton & Linen, fra\u00eecheur et puret\u00e9 - Cereria Pernici","isPartOf":{"@id":"https:\/\/www.pernici.com\/fr\/#website"},"primaryImageOfPage":{"@id":"https:\/\/www.pernici.com\/fr\/prodotto\/bougie-coton-et-lin\/#primaryimage"},"image":{"@id":"https:\/\/www.pernici.com\/fr\/prodotto\/bougie-coton-et-lin\/#primaryimage"},"thumbnailUrl":"https:\/\/www.pernici.com\/wp-content\/uploads\/2024\/09\/candela-profumata-elementi-cotton-linen-350-gr-still-life.jpg","datePublished":"2024-09-24T07:02:41+00:00","description":"D\u00e9couvrez Cotton & Linen : bougie parfum\u00e9e aux senteurs de propret\u00e9 et de fleurs de coton. Une fragrance lumineuse, d\u00e9licate et apaisante.","breadcrumb":{"@id":"https:\/\/www.pernici.com\/fr\/prodotto\/bougie-coton-et-lin\/#breadcrumb"},"inLanguage":"fr-FR","potentialAction":[{"@type":"ReadAction","target":["https:\/\/www.pernici.com\/fr\/prodotto\/bougie-coton-et-lin\/"]}]},{"@type":"ImageObject","inLanguage":"fr-FR","@id":"https:\/\/www.pernici.com\/fr\/prodotto\/bougie-coton-et-lin\/#primaryimage","url":"https:\/\/www.pernici.com\/wp-content\/uploads\/2024\/09\/candela-profumata-elementi-cotton-linen-350-gr-still-life.jpg","contentUrl":"https:\/\/www.pernici.com\/wp-content\/uploads\/2024\/09\/candela-profumata-elementi-cotton-linen-350-gr-still-life.jpg","width":1024,"height":1024,"caption":"Bougie parfum\u00e9e Elements 350gr parfum\u00e9e Cotton &amp; Linen by Pernici en nature morte."},{"@type":"BreadcrumbList","@id":"https:\/\/www.pernici.com\/fr\/prodotto\/bougie-coton-et-lin\/#breadcrumb","itemListElement":[{"@type":"ListItem","position":1,"name":"Accueil","item":"https:\/\/www.pernici.com\/fr\/"},{"@type":"ListItem","position":2,"name":"Boutique","item":"https:\/\/www.pernici.com\/fr\/boutique\/"},{"@type":"ListItem","position":3,"name":"Bougie coton et lin"}]},{"@type":"WebSite","@id":"https:\/\/www.pernici.com\/fr\/#website","url":"https:\/\/www.pernici.com\/fr\/","name":"Cereria Pernici Shop","description":"una candela non illumina soltanto: racconta chi sei ","publisher":{"@id":"https:\/\/www.pernici.com\/fr\/#organization"},"potentialAction":[{"@type":"SearchAction","target":{"@type":"EntryPoint","urlTemplate":"https:\/\/www.pernici.com\/fr\/?s={search_term_string}"},"query-input":{"@type":"PropertyValueSpecification","valueRequired":true,"valueName":"search_term_string"}}],"inLanguage":"fr-FR"},{"@type":"Organization","@id":"https:\/\/www.pernici.com\/fr\/#organization","name":"Cereria Pernici Shop","url":"https:\/\/www.pernici.com\/fr\/","logo":{"@type":"ImageObject","inLanguage":"fr-FR","@id":"https:\/\/www.pernici.com\/fr\/#\/schema\/logo\/image\/","url":"https:\/\/www.pernici.com\/wp-content\/uploads\/2025\/07\/logo_pernici.png","contentUrl":"https:\/\/www.pernici.com\/wp-content\/uploads\/2025\/07\/logo_pernici.png","width":432,"height":189,"caption":"Cereria Pernici Shop"},"image":{"@id":"https:\/\/www.pernici.com\/fr\/#\/schema\/logo\/image\/"},"sameAs":["https:\/\/www.facebook.com\/cereriapernici","https:\/\/www.instagram.com\/cereriapernici\/"]}]}},"_links":{"self":[{"href":"https:\/\/www.pernici.com\/fr\/wp-json\/wp\/v2\/product\/3296","targetHints":{"allow":["GET"]}}],"collection":[{"href":"https:\/\/www.pernici.com\/fr\/wp-json\/wp\/v2\/product"}],"about":[{"href":"https:\/\/www.pernici.com\/fr\/wp-json\/wp\/v2\/types\/product"}],"wp:featuredmedia":[{"embeddable":true,"href":"https:\/\/www.pernici.com\/fr\/wp-json\/wp\/v2\/media\/3300"}],"wp:attachment":[{"href":"https:\/\/www.pernici.com\/fr\/wp-json\/wp\/v2\/media?parent=3296"}],"wp:term":[{"taxonomy":"product_col","embeddable":true,"href":"https:\/\/www.pernici.com\/fr\/wp-json\/wp\/v2\/product_col?post=3296"},{"taxonomy":"product_brand","embeddable":true,"href":"https:\/\/www.pernici.com\/fr\/wp-json\/wp\/v2\/product_brand?post=3296"},{"taxonomy":"product_cat","embeddable":true,"href":"https:\/\/www.pernici.com\/fr\/wp-json\/wp\/v2\/product_cat?post=3296"},{"taxonomy":"product_tag","embeddable":true,"href":"https:\/\/www.pernici.com\/fr\/wp-json\/wp\/v2\/product_tag?post=3296"}],"curies":[{"name":"wp","href":"https:\/\/api.w.org\/{rel}","templated":true}]}}