{"id":3263,"date":"2024-09-24T07:02:33","date_gmt":"2024-09-24T07:02:33","guid":{"rendered":"https:\/\/www.pernici.com\/prodotto\/bougie-rhum-jamaicain-et-caramel\/"},"modified":"2024-09-24T07:02:33","modified_gmt":"2024-09-24T07:02:33","slug":"bougie-rhum-jamaicain-et-caramel","status":"publish","type":"product","link":"https:\/\/www.pernici.com\/fr\/prodotto\/bougie-rhum-jamaicain-et-caramel\/","title":{"rendered":"Bougie rhum jama\u00efcain et caramel"},"content":{"rendered":"<p class=\"p1\"><span class=\"s1\">Jamaican Rum &amp; Caramel<\/span> est un parfum intense et enveloppant qui associe la douceur gourmande du caramel et de la vanille aux notes chaudes et \u00e9pic\u00e9es du rhum jama\u00efcain. Le d\u00e9part riche de <span class=\"s1\">rhum, de fruits secs et de cr\u00e8me<\/span> introduit un c\u0153ur gourmand de <span class=\"s1\">caramel, de fruits confits et de noisette<\/span>, tandis que la base de <span class=\"s1\">vanille et de cannelle<\/span> apporte profondeur et chaleur. Un parfum capiteux, velout\u00e9 et plein de caract\u00e8re, qui transforme tout espace en un refuge douillet et sensuel.  <\/p>\n<p class=\"p1\">Parfait pour ceux qui aiment les parfums gourmands avec un attrait sophistiqu\u00e9 et fort.<\/p>\n","protected":false},"excerpt":{"rendered":"<p class=\"p1\">Jamaican Rum &amp; Caramel est un parfum chaud et intense qui associe le rhum, le caramel et la vanille dans une senteur enveloppante et pleine de caract\u00e8re.<\/p>\n","protected":false},"featured_media":3268,"template":"","meta":{"_acf_changed":false},"product_col":[33],"product_brand":[],"product_cat":[69,108],"product_tag":[75,76,77],"class_list":{"0":"post-3263","1":"product","2":"type-product","3":"status-publish","4":"has-post-thumbnail","6":"product_col-elementi","7":"product_cat-bougies","8":"product_cat-bougies-parfumees","9":"product_tag-200-g","10":"product_tag-350-g","11":"product_tag-900-g","12":"pa_formato-200-g","13":"pa_formato-350-g","14":"pa_formato-900-g","16":"first","17":"instock","18":"taxable","19":"shipping-taxable","20":"purchasable","21":"product-type-variable","22":"has-default-attributes"},"acf":[],"yoast_head":"<!-- This site is optimized with the Yoast SEO plugin v27.2 - https:\/\/yoast.com\/product\/yoast-seo-wordpress\/ -->\n<title>Bougie rhum jama\u00efcain &amp; caramel, gourmande et enveloppante - Pernici<\/title>\n<meta name=\"description\" content=\"D\u00e9couvrez Jamaican Rum &amp; Caramel : bougie parfum\u00e9e au rhum, au caramel et \u00e0 la vanille. Un parfum intense, sucr\u00e9 et sophistiqu\u00e9.\" \/>\n<meta name=\"robots\" content=\"index, follow, max-snippet:-1, max-image-preview:large, max-video-preview:-1\" \/>\n<link rel=\"canonical\" href=\"https:\/\/www.pernici.com\/fr\/prodotto\/bougie-rhum-jamaicain-et-caramel\/\" \/>\n<meta property=\"og:locale\" content=\"fr_FR\" \/>\n<meta property=\"og:type\" content=\"article\" \/>\n<meta property=\"og:title\" content=\"Bougie rhum jama\u00efcain &amp; caramel, gourmande et enveloppante - Pernici\" \/>\n<meta property=\"og:description\" content=\"D\u00e9couvrez Jamaican Rum &amp; Caramel : bougie parfum\u00e9e au rhum, au caramel et \u00e0 la vanille. Un parfum intense, sucr\u00e9 et sophistiqu\u00e9.\" \/>\n<meta property=\"og:url\" content=\"https:\/\/www.pernici.com\/fr\/prodotto\/bougie-rhum-jamaicain-et-caramel\/\" \/>\n<meta property=\"og:site_name\" content=\"Cereria Pernici\" \/>\n<meta property=\"article:publisher\" content=\"https:\/\/www.facebook.com\/cereriapernici\" \/>\n<meta property=\"og:image\" content=\"https:\/\/www.pernici.com\/wp-content\/uploads\/2025\/10\/candela-profumata-elementi-jamaican-rum-caramel-350-gr-still-life.jpg\" \/>\n\t<meta property=\"og:image:width\" content=\"1024\" \/>\n\t<meta property=\"og:image:height\" content=\"1024\" \/>\n\t<meta property=\"og:image:type\" content=\"image\/jpeg\" \/>\n<meta name=\"twitter:card\" content=\"summary_large_image\" \/>\n<meta name=\"twitter:label1\" content=\"Dur\u00e9e de lecture estim\u00e9e\" \/>\n\t<meta name=\"twitter:data1\" content=\"1 minute\" \/>\n<script type=\"application\/ld+json\" class=\"yoast-schema-graph\">{\"@context\":\"https:\/\/schema.org\",\"@graph\":[{\"@type\":\"WebPage\",\"@id\":\"https:\/\/www.pernici.com\/fr\/prodotto\/bougie-rhum-jamaicain-et-caramel\/\",\"url\":\"https:\/\/www.pernici.com\/fr\/prodotto\/bougie-rhum-jamaicain-et-caramel\/\",\"name\":\"Bougie rhum jama\u00efcain & caramel, gourmande et enveloppante - Pernici\",\"isPartOf\":{\"@id\":\"https:\/\/www.pernici.com\/fr\/#website\"},\"primaryImageOfPage\":{\"@id\":\"https:\/\/www.pernici.com\/fr\/prodotto\/bougie-rhum-jamaicain-et-caramel\/#primaryimage\"},\"image\":{\"@id\":\"https:\/\/www.pernici.com\/fr\/prodotto\/bougie-rhum-jamaicain-et-caramel\/#primaryimage\"},\"thumbnailUrl\":\"https:\/\/www.pernici.com\/wp-content\/uploads\/2025\/10\/candela-profumata-elementi-jamaican-rum-caramel-350-gr-still-life.jpg\",\"datePublished\":\"2024-09-24T07:02:33+00:00\",\"description\":\"D\u00e9couvrez Jamaican Rum & Caramel : bougie parfum\u00e9e au rhum, au caramel et \u00e0 la vanille. Un parfum intense, sucr\u00e9 et sophistiqu\u00e9.\",\"breadcrumb\":{\"@id\":\"https:\/\/www.pernici.com\/fr\/prodotto\/bougie-rhum-jamaicain-et-caramel\/#breadcrumb\"},\"inLanguage\":\"fr-FR\",\"potentialAction\":[{\"@type\":\"ReadAction\",\"target\":[\"https:\/\/www.pernici.com\/fr\/prodotto\/bougie-rhum-jamaicain-et-caramel\/\"]}]},{\"@type\":\"ImageObject\",\"inLanguage\":\"fr-FR\",\"@id\":\"https:\/\/www.pernici.com\/fr\/prodotto\/bougie-rhum-jamaicain-et-caramel\/#primaryimage\",\"url\":\"https:\/\/www.pernici.com\/wp-content\/uploads\/2025\/10\/candela-profumata-elementi-jamaican-rum-caramel-350-gr-still-life.jpg\",\"contentUrl\":\"https:\/\/www.pernici.com\/wp-content\/uploads\/2025\/10\/candela-profumata-elementi-jamaican-rum-caramel-350-gr-still-life.jpg\",\"width\":1024,\"height\":1024,\"caption\":\"Bougie parfum\u00e9e Elements 350gr fragrance Jamaican Rum &amp; Caramel by Pernici en nature morte.\"},{\"@type\":\"BreadcrumbList\",\"@id\":\"https:\/\/www.pernici.com\/fr\/prodotto\/bougie-rhum-jamaicain-et-caramel\/#breadcrumb\",\"itemListElement\":[{\"@type\":\"ListItem\",\"position\":1,\"name\":\"Accueil\",\"item\":\"https:\/\/www.pernici.com\/fr\/\"},{\"@type\":\"ListItem\",\"position\":2,\"name\":\"Boutique\",\"item\":\"https:\/\/www.pernici.com\/fr\/boutique\/\"},{\"@type\":\"ListItem\",\"position\":3,\"name\":\"Bougies\",\"item\":\"https:\/\/www.pernici.com\/fr\/categoria-prodotto\/bougies\/\"},{\"@type\":\"ListItem\",\"position\":4,\"name\":\"Bougies parfum\u00e9es\",\"item\":\"https:\/\/www.pernici.com\/fr\/categoria-prodotto\/bougies\/bougies-parfumees\/\"},{\"@type\":\"ListItem\",\"position\":5,\"name\":\"Bougie rhum jama\u00efcain et caramel\"}]},{\"@type\":\"WebSite\",\"@id\":\"https:\/\/www.pernici.com\/fr\/#website\",\"url\":\"https:\/\/www.pernici.com\/fr\/\",\"name\":\"Cereria Pernici Shop\",\"description\":\"una candela non illumina soltanto: racconta chi sei \",\"publisher\":{\"@id\":\"https:\/\/www.pernici.com\/fr\/#organization\"},\"potentialAction\":[{\"@type\":\"SearchAction\",\"target\":{\"@type\":\"EntryPoint\",\"urlTemplate\":\"https:\/\/www.pernici.com\/fr\/?s={search_term_string}\"},\"query-input\":{\"@type\":\"PropertyValueSpecification\",\"valueRequired\":true,\"valueName\":\"search_term_string\"}}],\"inLanguage\":\"fr-FR\"},{\"@type\":\"Organization\",\"@id\":\"https:\/\/www.pernici.com\/fr\/#organization\",\"name\":\"Cereria Pernici Shop\",\"url\":\"https:\/\/www.pernici.com\/fr\/\",\"logo\":{\"@type\":\"ImageObject\",\"inLanguage\":\"fr-FR\",\"@id\":\"https:\/\/www.pernici.com\/fr\/#\/schema\/logo\/image\/\",\"url\":\"https:\/\/www.pernici.com\/wp-content\/uploads\/2025\/07\/logo_pernici.png\",\"contentUrl\":\"https:\/\/www.pernici.com\/wp-content\/uploads\/2025\/07\/logo_pernici.png\",\"width\":432,\"height\":189,\"caption\":\"Cereria Pernici Shop\"},\"image\":{\"@id\":\"https:\/\/www.pernici.com\/fr\/#\/schema\/logo\/image\/\"},\"sameAs\":[\"https:\/\/www.facebook.com\/cereriapernici\",\"https:\/\/www.instagram.com\/cereriapernici\/\"]}]}<\/script>\n<!-- \/ Yoast SEO plugin. -->","yoast_head_json":{"title":"Bougie rhum jama\u00efcain & caramel, gourmande et enveloppante - Pernici","description":"D\u00e9couvrez Jamaican Rum & Caramel : bougie parfum\u00e9e au rhum, au caramel et \u00e0 la vanille. Un parfum intense, sucr\u00e9 et sophistiqu\u00e9.","robots":{"index":"index","follow":"follow","max-snippet":"max-snippet:-1","max-image-preview":"max-image-preview:large","max-video-preview":"max-video-preview:-1"},"canonical":"https:\/\/www.pernici.com\/fr\/prodotto\/bougie-rhum-jamaicain-et-caramel\/","og_locale":"fr_FR","og_type":"article","og_title":"Bougie rhum jama\u00efcain & caramel, gourmande et enveloppante - Pernici","og_description":"D\u00e9couvrez Jamaican Rum & Caramel : bougie parfum\u00e9e au rhum, au caramel et \u00e0 la vanille. Un parfum intense, sucr\u00e9 et sophistiqu\u00e9.","og_url":"https:\/\/www.pernici.com\/fr\/prodotto\/bougie-rhum-jamaicain-et-caramel\/","og_site_name":"Cereria Pernici","article_publisher":"https:\/\/www.facebook.com\/cereriapernici","og_image":[{"width":1024,"height":1024,"url":"https:\/\/www.pernici.com\/wp-content\/uploads\/2025\/10\/candela-profumata-elementi-jamaican-rum-caramel-350-gr-still-life.jpg","type":"image\/jpeg"}],"twitter_card":"summary_large_image","twitter_misc":{"Dur\u00e9e de lecture estim\u00e9e":"1 minute"},"schema":{"@context":"https:\/\/schema.org","@graph":[{"@type":"WebPage","@id":"https:\/\/www.pernici.com\/fr\/prodotto\/bougie-rhum-jamaicain-et-caramel\/","url":"https:\/\/www.pernici.com\/fr\/prodotto\/bougie-rhum-jamaicain-et-caramel\/","name":"Bougie rhum jama\u00efcain & caramel, gourmande et enveloppante - Pernici","isPartOf":{"@id":"https:\/\/www.pernici.com\/fr\/#website"},"primaryImageOfPage":{"@id":"https:\/\/www.pernici.com\/fr\/prodotto\/bougie-rhum-jamaicain-et-caramel\/#primaryimage"},"image":{"@id":"https:\/\/www.pernici.com\/fr\/prodotto\/bougie-rhum-jamaicain-et-caramel\/#primaryimage"},"thumbnailUrl":"https:\/\/www.pernici.com\/wp-content\/uploads\/2025\/10\/candela-profumata-elementi-jamaican-rum-caramel-350-gr-still-life.jpg","datePublished":"2024-09-24T07:02:33+00:00","description":"D\u00e9couvrez Jamaican Rum & Caramel : bougie parfum\u00e9e au rhum, au caramel et \u00e0 la vanille. Un parfum intense, sucr\u00e9 et sophistiqu\u00e9.","breadcrumb":{"@id":"https:\/\/www.pernici.com\/fr\/prodotto\/bougie-rhum-jamaicain-et-caramel\/#breadcrumb"},"inLanguage":"fr-FR","potentialAction":[{"@type":"ReadAction","target":["https:\/\/www.pernici.com\/fr\/prodotto\/bougie-rhum-jamaicain-et-caramel\/"]}]},{"@type":"ImageObject","inLanguage":"fr-FR","@id":"https:\/\/www.pernici.com\/fr\/prodotto\/bougie-rhum-jamaicain-et-caramel\/#primaryimage","url":"https:\/\/www.pernici.com\/wp-content\/uploads\/2025\/10\/candela-profumata-elementi-jamaican-rum-caramel-350-gr-still-life.jpg","contentUrl":"https:\/\/www.pernici.com\/wp-content\/uploads\/2025\/10\/candela-profumata-elementi-jamaican-rum-caramel-350-gr-still-life.jpg","width":1024,"height":1024,"caption":"Bougie parfum\u00e9e Elements 350gr fragrance Jamaican Rum &amp; Caramel by Pernici en nature morte."},{"@type":"BreadcrumbList","@id":"https:\/\/www.pernici.com\/fr\/prodotto\/bougie-rhum-jamaicain-et-caramel\/#breadcrumb","itemListElement":[{"@type":"ListItem","position":1,"name":"Accueil","item":"https:\/\/www.pernici.com\/fr\/"},{"@type":"ListItem","position":2,"name":"Boutique","item":"https:\/\/www.pernici.com\/fr\/boutique\/"},{"@type":"ListItem","position":3,"name":"Bougies","item":"https:\/\/www.pernici.com\/fr\/categoria-prodotto\/bougies\/"},{"@type":"ListItem","position":4,"name":"Bougies parfum\u00e9es","item":"https:\/\/www.pernici.com\/fr\/categoria-prodotto\/bougies\/bougies-parfumees\/"},{"@type":"ListItem","position":5,"name":"Bougie rhum jama\u00efcain et caramel"}]},{"@type":"WebSite","@id":"https:\/\/www.pernici.com\/fr\/#website","url":"https:\/\/www.pernici.com\/fr\/","name":"Cereria Pernici Shop","description":"una candela non illumina soltanto: racconta chi sei ","publisher":{"@id":"https:\/\/www.pernici.com\/fr\/#organization"},"potentialAction":[{"@type":"SearchAction","target":{"@type":"EntryPoint","urlTemplate":"https:\/\/www.pernici.com\/fr\/?s={search_term_string}"},"query-input":{"@type":"PropertyValueSpecification","valueRequired":true,"valueName":"search_term_string"}}],"inLanguage":"fr-FR"},{"@type":"Organization","@id":"https:\/\/www.pernici.com\/fr\/#organization","name":"Cereria Pernici Shop","url":"https:\/\/www.pernici.com\/fr\/","logo":{"@type":"ImageObject","inLanguage":"fr-FR","@id":"https:\/\/www.pernici.com\/fr\/#\/schema\/logo\/image\/","url":"https:\/\/www.pernici.com\/wp-content\/uploads\/2025\/07\/logo_pernici.png","contentUrl":"https:\/\/www.pernici.com\/wp-content\/uploads\/2025\/07\/logo_pernici.png","width":432,"height":189,"caption":"Cereria Pernici Shop"},"image":{"@id":"https:\/\/www.pernici.com\/fr\/#\/schema\/logo\/image\/"},"sameAs":["https:\/\/www.facebook.com\/cereriapernici","https:\/\/www.instagram.com\/cereriapernici\/"]}]}},"_links":{"self":[{"href":"https:\/\/www.pernici.com\/fr\/wp-json\/wp\/v2\/product\/3263","targetHints":{"allow":["GET"]}}],"collection":[{"href":"https:\/\/www.pernici.com\/fr\/wp-json\/wp\/v2\/product"}],"about":[{"href":"https:\/\/www.pernici.com\/fr\/wp-json\/wp\/v2\/types\/product"}],"wp:featuredmedia":[{"embeddable":true,"href":"https:\/\/www.pernici.com\/fr\/wp-json\/wp\/v2\/media\/3268"}],"wp:attachment":[{"href":"https:\/\/www.pernici.com\/fr\/wp-json\/wp\/v2\/media?parent=3263"}],"wp:term":[{"taxonomy":"product_col","embeddable":true,"href":"https:\/\/www.pernici.com\/fr\/wp-json\/wp\/v2\/product_col?post=3263"},{"taxonomy":"product_brand","embeddable":true,"href":"https:\/\/www.pernici.com\/fr\/wp-json\/wp\/v2\/product_brand?post=3263"},{"taxonomy":"product_cat","embeddable":true,"href":"https:\/\/www.pernici.com\/fr\/wp-json\/wp\/v2\/product_cat?post=3263"},{"taxonomy":"product_tag","embeddable":true,"href":"https:\/\/www.pernici.com\/fr\/wp-json\/wp\/v2\/product_tag?post=3263"}],"curies":[{"name":"wp","href":"https:\/\/api.w.org\/{rel}","templated":true}]}}