{"id":3167,"date":"2024-09-24T07:02:30","date_gmt":"2024-09-24T07:02:30","guid":{"rendered":"https:\/\/www.pernici.com\/prodotto\/bougie-delicieuse-a-la-violette\/"},"modified":"2024-09-24T07:02:30","modified_gmt":"2024-09-24T07:02:30","slug":"bougie-delicieuse-a-la-violette","status":"publish","type":"product","link":"https:\/\/www.pernici.com\/fr\/prodotto\/bougie-delicieuse-a-la-violette\/","title":{"rendered":"Bougie d\u00e9licieuse \u00e0 la violette"},"content":{"rendered":"<p class=\"p1\"><span class=\"s1\">Delightful Violet<\/span> est un parfum qui c\u00e9l\u00e8bre la gr\u00e2ce et la sophistication.<\/p>\n<p class=\"p1\">Le parfum d\u00e9licat et subtil de la violette enveloppe la pi\u00e8ce d&rsquo;une \u00e9l\u00e9gance discr\u00e8te, comme un geste de style intemporel. Ses <g id=\"gid_0\">notes de c\u0153ur florales<\/g> se m\u00ealent \u00e0 un <g id=\"gid_1\">fond ambr\u00e9 et bois\u00e9<\/g>, cr\u00e9ant un \u00e9quilibre harmonieux de douceur et de profondeur. Une bougie qui transmet calme, beaut\u00e9 et mesure, parfaite pour ceux qui aiment l&rsquo;atmosph\u00e8re intime et sophistiqu\u00e9e d&rsquo;une \u00e9l\u00e9gance authentique.  <\/p>\n<p><em> <\/em><\/p>\n","protected":false},"excerpt":{"rendered":"<p class=\"p1\">Delightful Violet est un parfum d\u00e9licat et raffin\u00e9 o\u00f9 la douceur de la violette rencontre un fond ambr\u00e9 et bois\u00e9. L&rsquo;\u00e9l\u00e9gance \u00e0 l&rsquo;\u00e9tat pur dans chaque souffle. <\/p>\n","protected":false},"featured_media":3179,"template":"","meta":{"_acf_changed":false},"product_col":[33],"product_brand":[],"product_cat":[108],"product_tag":[75,76,123,77],"class_list":{"0":"post-3167","1":"product","2":"type-product","3":"status-publish","4":"has-post-thumbnail","6":"product_col-elementi","7":"product_cat-bougies-parfumees","8":"product_tag-200-g","9":"product_tag-350-g","10":"product_tag-70-g","11":"product_tag-900-g","12":"pa_formato-200-g","13":"pa_formato-350-g","14":"pa_formato-70-g","15":"pa_formato-900-g","17":"first","18":"instock","19":"taxable","20":"shipping-taxable","21":"purchasable","22":"product-type-variable","23":"has-default-attributes"},"acf":[],"yoast_head":"<!-- This site is optimized with the Yoast SEO plugin v27.2 - https:\/\/yoast.com\/product\/yoast-seo-wordpress\/ -->\n<title>Bougie parfum\u00e9e D\u00e9licieuse Violette, \u00e9l\u00e9gance florale - Pernici<\/title>\n<meta name=\"description\" content=\"D\u00e9couvrez Delightful Violet : la bougie parfum\u00e9e \u00e0 la violette avec des notes ambr\u00e9es et bois\u00e9es. D\u00e9licate, raffin\u00e9e et parfaite pour une atmosph\u00e8re \u00e9l\u00e9gante.\" \/>\n<meta name=\"robots\" content=\"index, follow, max-snippet:-1, max-image-preview:large, max-video-preview:-1\" \/>\n<link rel=\"canonical\" href=\"https:\/\/www.pernici.com\/fr\/prodotto\/bougie-delicieuse-a-la-violette\/\" \/>\n<meta property=\"og:locale\" content=\"fr_FR\" \/>\n<meta property=\"og:type\" content=\"article\" \/>\n<meta property=\"og:title\" content=\"Bougie parfum\u00e9e D\u00e9licieuse Violette, \u00e9l\u00e9gance florale - Pernici\" \/>\n<meta property=\"og:description\" content=\"D\u00e9couvrez Delightful Violet : la bougie parfum\u00e9e \u00e0 la violette avec des notes ambr\u00e9es et bois\u00e9es. D\u00e9licate, raffin\u00e9e et parfaite pour une atmosph\u00e8re \u00e9l\u00e9gante.\" \/>\n<meta property=\"og:url\" content=\"https:\/\/www.pernici.com\/fr\/prodotto\/bougie-delicieuse-a-la-violette\/\" \/>\n<meta property=\"og:site_name\" content=\"Cereria Pernici\" \/>\n<meta property=\"article:publisher\" content=\"https:\/\/www.facebook.com\/cereriapernici\" \/>\n<meta property=\"og:image\" content=\"https:\/\/www.pernici.com\/wp-content\/uploads\/2024\/09\/candela-profumata-elementi-delightful-violet-350-gr-still-life.jpg\" \/>\n\t<meta property=\"og:image:width\" content=\"1024\" \/>\n\t<meta property=\"og:image:height\" content=\"1024\" \/>\n\t<meta property=\"og:image:type\" content=\"image\/jpeg\" \/>\n<meta name=\"twitter:card\" content=\"summary_large_image\" \/>\n<script type=\"application\/ld+json\" class=\"yoast-schema-graph\">{\"@context\":\"https:\/\/schema.org\",\"@graph\":[{\"@type\":\"WebPage\",\"@id\":\"https:\/\/www.pernici.com\/fr\/prodotto\/bougie-delicieuse-a-la-violette\/\",\"url\":\"https:\/\/www.pernici.com\/fr\/prodotto\/bougie-delicieuse-a-la-violette\/\",\"name\":\"Bougie parfum\u00e9e D\u00e9licieuse Violette, \u00e9l\u00e9gance florale - Pernici\",\"isPartOf\":{\"@id\":\"https:\/\/www.pernici.com\/fr\/#website\"},\"primaryImageOfPage\":{\"@id\":\"https:\/\/www.pernici.com\/fr\/prodotto\/bougie-delicieuse-a-la-violette\/#primaryimage\"},\"image\":{\"@id\":\"https:\/\/www.pernici.com\/fr\/prodotto\/bougie-delicieuse-a-la-violette\/#primaryimage\"},\"thumbnailUrl\":\"https:\/\/www.pernici.com\/wp-content\/uploads\/2024\/09\/candela-profumata-elementi-delightful-violet-350-gr-still-life.jpg\",\"datePublished\":\"2024-09-24T07:02:30+00:00\",\"description\":\"D\u00e9couvrez Delightful Violet : la bougie parfum\u00e9e \u00e0 la violette avec des notes ambr\u00e9es et bois\u00e9es. D\u00e9licate, raffin\u00e9e et parfaite pour une atmosph\u00e8re \u00e9l\u00e9gante.\",\"breadcrumb\":{\"@id\":\"https:\/\/www.pernici.com\/fr\/prodotto\/bougie-delicieuse-a-la-violette\/#breadcrumb\"},\"inLanguage\":\"fr-FR\",\"potentialAction\":[{\"@type\":\"ReadAction\",\"target\":[\"https:\/\/www.pernici.com\/fr\/prodotto\/bougie-delicieuse-a-la-violette\/\"]}]},{\"@type\":\"ImageObject\",\"inLanguage\":\"fr-FR\",\"@id\":\"https:\/\/www.pernici.com\/fr\/prodotto\/bougie-delicieuse-a-la-violette\/#primaryimage\",\"url\":\"https:\/\/www.pernici.com\/wp-content\/uploads\/2024\/09\/candela-profumata-elementi-delightful-violet-350-gr-still-life.jpg\",\"contentUrl\":\"https:\/\/www.pernici.com\/wp-content\/uploads\/2024\/09\/candela-profumata-elementi-delightful-violet-350-gr-still-life.jpg\",\"width\":1024,\"height\":1024,\"caption\":\"Bougie parfum\u00e9e Elements 350gr parfum\u00e9e Delightful Violet by Pernici en nature morte.\"},{\"@type\":\"BreadcrumbList\",\"@id\":\"https:\/\/www.pernici.com\/fr\/prodotto\/bougie-delicieuse-a-la-violette\/#breadcrumb\",\"itemListElement\":[{\"@type\":\"ListItem\",\"position\":1,\"name\":\"Accueil\",\"item\":\"https:\/\/www.pernici.com\/fr\/\"},{\"@type\":\"ListItem\",\"position\":2,\"name\":\"Boutique\",\"item\":\"https:\/\/www.pernici.com\/fr\/boutique\/\"},{\"@type\":\"ListItem\",\"position\":3,\"name\":\"Bougie d\u00e9licieuse \u00e0 la violette\"}]},{\"@type\":\"WebSite\",\"@id\":\"https:\/\/www.pernici.com\/fr\/#website\",\"url\":\"https:\/\/www.pernici.com\/fr\/\",\"name\":\"Cereria Pernici Shop\",\"description\":\"una candela non illumina soltanto: racconta chi sei \",\"publisher\":{\"@id\":\"https:\/\/www.pernici.com\/fr\/#organization\"},\"potentialAction\":[{\"@type\":\"SearchAction\",\"target\":{\"@type\":\"EntryPoint\",\"urlTemplate\":\"https:\/\/www.pernici.com\/fr\/?s={search_term_string}\"},\"query-input\":{\"@type\":\"PropertyValueSpecification\",\"valueRequired\":true,\"valueName\":\"search_term_string\"}}],\"inLanguage\":\"fr-FR\"},{\"@type\":\"Organization\",\"@id\":\"https:\/\/www.pernici.com\/fr\/#organization\",\"name\":\"Cereria Pernici Shop\",\"url\":\"https:\/\/www.pernici.com\/fr\/\",\"logo\":{\"@type\":\"ImageObject\",\"inLanguage\":\"fr-FR\",\"@id\":\"https:\/\/www.pernici.com\/fr\/#\/schema\/logo\/image\/\",\"url\":\"https:\/\/www.pernici.com\/wp-content\/uploads\/2025\/07\/logo_pernici.png\",\"contentUrl\":\"https:\/\/www.pernici.com\/wp-content\/uploads\/2025\/07\/logo_pernici.png\",\"width\":432,\"height\":189,\"caption\":\"Cereria Pernici Shop\"},\"image\":{\"@id\":\"https:\/\/www.pernici.com\/fr\/#\/schema\/logo\/image\/\"},\"sameAs\":[\"https:\/\/www.facebook.com\/cereriapernici\",\"https:\/\/www.instagram.com\/cereriapernici\/\"]}]}<\/script>\n<!-- \/ Yoast SEO plugin. -->","yoast_head_json":{"title":"Bougie parfum\u00e9e D\u00e9licieuse Violette, \u00e9l\u00e9gance florale - Pernici","description":"D\u00e9couvrez Delightful Violet : la bougie parfum\u00e9e \u00e0 la violette avec des notes ambr\u00e9es et bois\u00e9es. D\u00e9licate, raffin\u00e9e et parfaite pour une atmosph\u00e8re \u00e9l\u00e9gante.","robots":{"index":"index","follow":"follow","max-snippet":"max-snippet:-1","max-image-preview":"max-image-preview:large","max-video-preview":"max-video-preview:-1"},"canonical":"https:\/\/www.pernici.com\/fr\/prodotto\/bougie-delicieuse-a-la-violette\/","og_locale":"fr_FR","og_type":"article","og_title":"Bougie parfum\u00e9e D\u00e9licieuse Violette, \u00e9l\u00e9gance florale - Pernici","og_description":"D\u00e9couvrez Delightful Violet : la bougie parfum\u00e9e \u00e0 la violette avec des notes ambr\u00e9es et bois\u00e9es. D\u00e9licate, raffin\u00e9e et parfaite pour une atmosph\u00e8re \u00e9l\u00e9gante.","og_url":"https:\/\/www.pernici.com\/fr\/prodotto\/bougie-delicieuse-a-la-violette\/","og_site_name":"Cereria Pernici","article_publisher":"https:\/\/www.facebook.com\/cereriapernici","og_image":[{"width":1024,"height":1024,"url":"https:\/\/www.pernici.com\/wp-content\/uploads\/2024\/09\/candela-profumata-elementi-delightful-violet-350-gr-still-life.jpg","type":"image\/jpeg"}],"twitter_card":"summary_large_image","schema":{"@context":"https:\/\/schema.org","@graph":[{"@type":"WebPage","@id":"https:\/\/www.pernici.com\/fr\/prodotto\/bougie-delicieuse-a-la-violette\/","url":"https:\/\/www.pernici.com\/fr\/prodotto\/bougie-delicieuse-a-la-violette\/","name":"Bougie parfum\u00e9e D\u00e9licieuse Violette, \u00e9l\u00e9gance florale - Pernici","isPartOf":{"@id":"https:\/\/www.pernici.com\/fr\/#website"},"primaryImageOfPage":{"@id":"https:\/\/www.pernici.com\/fr\/prodotto\/bougie-delicieuse-a-la-violette\/#primaryimage"},"image":{"@id":"https:\/\/www.pernici.com\/fr\/prodotto\/bougie-delicieuse-a-la-violette\/#primaryimage"},"thumbnailUrl":"https:\/\/www.pernici.com\/wp-content\/uploads\/2024\/09\/candela-profumata-elementi-delightful-violet-350-gr-still-life.jpg","datePublished":"2024-09-24T07:02:30+00:00","description":"D\u00e9couvrez Delightful Violet : la bougie parfum\u00e9e \u00e0 la violette avec des notes ambr\u00e9es et bois\u00e9es. D\u00e9licate, raffin\u00e9e et parfaite pour une atmosph\u00e8re \u00e9l\u00e9gante.","breadcrumb":{"@id":"https:\/\/www.pernici.com\/fr\/prodotto\/bougie-delicieuse-a-la-violette\/#breadcrumb"},"inLanguage":"fr-FR","potentialAction":[{"@type":"ReadAction","target":["https:\/\/www.pernici.com\/fr\/prodotto\/bougie-delicieuse-a-la-violette\/"]}]},{"@type":"ImageObject","inLanguage":"fr-FR","@id":"https:\/\/www.pernici.com\/fr\/prodotto\/bougie-delicieuse-a-la-violette\/#primaryimage","url":"https:\/\/www.pernici.com\/wp-content\/uploads\/2024\/09\/candela-profumata-elementi-delightful-violet-350-gr-still-life.jpg","contentUrl":"https:\/\/www.pernici.com\/wp-content\/uploads\/2024\/09\/candela-profumata-elementi-delightful-violet-350-gr-still-life.jpg","width":1024,"height":1024,"caption":"Bougie parfum\u00e9e Elements 350gr parfum\u00e9e Delightful Violet by Pernici en nature morte."},{"@type":"BreadcrumbList","@id":"https:\/\/www.pernici.com\/fr\/prodotto\/bougie-delicieuse-a-la-violette\/#breadcrumb","itemListElement":[{"@type":"ListItem","position":1,"name":"Accueil","item":"https:\/\/www.pernici.com\/fr\/"},{"@type":"ListItem","position":2,"name":"Boutique","item":"https:\/\/www.pernici.com\/fr\/boutique\/"},{"@type":"ListItem","position":3,"name":"Bougie d\u00e9licieuse \u00e0 la violette"}]},{"@type":"WebSite","@id":"https:\/\/www.pernici.com\/fr\/#website","url":"https:\/\/www.pernici.com\/fr\/","name":"Cereria Pernici Shop","description":"una candela non illumina soltanto: racconta chi sei ","publisher":{"@id":"https:\/\/www.pernici.com\/fr\/#organization"},"potentialAction":[{"@type":"SearchAction","target":{"@type":"EntryPoint","urlTemplate":"https:\/\/www.pernici.com\/fr\/?s={search_term_string}"},"query-input":{"@type":"PropertyValueSpecification","valueRequired":true,"valueName":"search_term_string"}}],"inLanguage":"fr-FR"},{"@type":"Organization","@id":"https:\/\/www.pernici.com\/fr\/#organization","name":"Cereria Pernici Shop","url":"https:\/\/www.pernici.com\/fr\/","logo":{"@type":"ImageObject","inLanguage":"fr-FR","@id":"https:\/\/www.pernici.com\/fr\/#\/schema\/logo\/image\/","url":"https:\/\/www.pernici.com\/wp-content\/uploads\/2025\/07\/logo_pernici.png","contentUrl":"https:\/\/www.pernici.com\/wp-content\/uploads\/2025\/07\/logo_pernici.png","width":432,"height":189,"caption":"Cereria Pernici Shop"},"image":{"@id":"https:\/\/www.pernici.com\/fr\/#\/schema\/logo\/image\/"},"sameAs":["https:\/\/www.facebook.com\/cereriapernici","https:\/\/www.instagram.com\/cereriapernici\/"]}]}},"_links":{"self":[{"href":"https:\/\/www.pernici.com\/fr\/wp-json\/wp\/v2\/product\/3167","targetHints":{"allow":["GET"]}}],"collection":[{"href":"https:\/\/www.pernici.com\/fr\/wp-json\/wp\/v2\/product"}],"about":[{"href":"https:\/\/www.pernici.com\/fr\/wp-json\/wp\/v2\/types\/product"}],"wp:featuredmedia":[{"embeddable":true,"href":"https:\/\/www.pernici.com\/fr\/wp-json\/wp\/v2\/media\/3179"}],"wp:attachment":[{"href":"https:\/\/www.pernici.com\/fr\/wp-json\/wp\/v2\/media?parent=3167"}],"wp:term":[{"taxonomy":"product_col","embeddable":true,"href":"https:\/\/www.pernici.com\/fr\/wp-json\/wp\/v2\/product_col?post=3167"},{"taxonomy":"product_brand","embeddable":true,"href":"https:\/\/www.pernici.com\/fr\/wp-json\/wp\/v2\/product_brand?post=3167"},{"taxonomy":"product_cat","embeddable":true,"href":"https:\/\/www.pernici.com\/fr\/wp-json\/wp\/v2\/product_cat?post=3167"},{"taxonomy":"product_tag","embeddable":true,"href":"https:\/\/www.pernici.com\/fr\/wp-json\/wp\/v2\/product_tag?post=3167"}],"curies":[{"name":"wp","href":"https:\/\/api.w.org\/{rel}","templated":true}]}}