{"id":3111,"date":"2024-09-24T07:02:25","date_gmt":"2024-09-24T07:02:25","guid":{"rendered":"https:\/\/www.pernici.com\/prodotto\/bougie-lavande-et-thym\/"},"modified":"2024-09-24T07:02:25","modified_gmt":"2024-09-24T07:02:25","slug":"bougie-lavande-et-thym","status":"publish","type":"product","link":"https:\/\/www.pernici.com\/fr\/prodotto\/bougie-lavande-et-thym\/","title":{"rendered":"Bougie lavande et thym"},"content":{"rendered":"<p class=\"p1\"><span class=\"s1\">Lavande &amp; Thym<\/span> est un parfum qui sent le calme et l&rsquo;authenticit\u00e9, comme le linge \u00e9tendu au soleil ou l&rsquo;air pur d&rsquo;un matin d&rsquo;\u00e9t\u00e9. Des notes fra\u00eeches et aromatiques de <g id=\"gid_1\">lavande, d&rsquo;eucalyptus et de romarin<\/g> se m\u00ealent \u00e0 un c\u0153ur de <g id=\"gid_2\">thym et \u00e0 des accents poudr\u00e9s<\/g>, cr\u00e9ant un \u00e9quilibre naturel de fra\u00eecheur et de chaleur. Le fond de <span class=\"s1\">vanille et de musc blanc<\/span> enveloppe la pi\u00e8ce d&rsquo;une sensation durable de bien-\u00eatre et de s\u00e9r\u00e9nit\u00e9.  <\/p>\n<p class=\"p1\">Une bougie qui d\u00e9tend, purifie et \u00e9quilibre : un parfum intemporel qui ram\u00e8ne \u00e0 la simplicit\u00e9 des choses vraies.<\/p>\n","protected":false},"excerpt":{"rendered":"<p class=\"p1\">Lavender &amp; Thyme est un parfum relaxant et naturel qui associe la lavande, le thym et le musc blanc dans une senteur de propret\u00e9 et d&rsquo;harmonie.<\/p>\n","protected":false},"featured_media":3119,"template":"","meta":{"_acf_changed":false},"product_col":[33],"product_brand":[],"product_cat":[69,108],"product_tag":[75,76],"class_list":{"0":"post-3111","1":"product","2":"type-product","3":"status-publish","4":"has-post-thumbnail","6":"product_col-elementi","7":"product_cat-bougies","8":"product_cat-bougies-parfumees","9":"product_tag-200-g","10":"product_tag-350-g","11":"pa_formato-200-g","12":"pa_formato-350-g","14":"first","15":"instock","16":"featured","17":"taxable","18":"shipping-taxable","19":"purchasable","20":"product-type-variable","21":"has-default-attributes"},"acf":[],"yoast_head":"<!-- This site is optimized with the Yoast SEO plugin v27.2 - https:\/\/yoast.com\/product\/yoast-seo-wordpress\/ -->\n<title>Bougie Lavande &amp; Thym, fra\u00eeche et relaxante - Cereria Pernici<\/title>\n<meta name=\"description\" content=\"D\u00e9couvrez Lavande &amp; Thym : bougie parfum\u00e9e \u00e0 la lavande, au thym et au musc blanc. Un parfum frais et relaxant avec une senteur propre.\" \/>\n<meta name=\"robots\" content=\"index, follow, max-snippet:-1, max-image-preview:large, max-video-preview:-1\" \/>\n<link rel=\"canonical\" href=\"https:\/\/www.pernici.com\/fr\/prodotto\/bougie-lavande-et-thym\/\" \/>\n<meta property=\"og:locale\" content=\"fr_FR\" \/>\n<meta property=\"og:type\" content=\"article\" \/>\n<meta property=\"og:title\" content=\"Bougie Lavande &amp; Thym, fra\u00eeche et relaxante - Cereria Pernici\" \/>\n<meta property=\"og:description\" content=\"D\u00e9couvrez Lavande &amp; Thym : bougie parfum\u00e9e \u00e0 la lavande, au thym et au musc blanc. Un parfum frais et relaxant avec une senteur propre.\" \/>\n<meta property=\"og:url\" content=\"https:\/\/www.pernici.com\/fr\/prodotto\/bougie-lavande-et-thym\/\" \/>\n<meta property=\"og:site_name\" content=\"Cereria Pernici\" \/>\n<meta property=\"article:publisher\" content=\"https:\/\/www.facebook.com\/cereriapernici\" \/>\n<meta property=\"og:image\" content=\"https:\/\/www.pernici.com\/wp-content\/uploads\/2024\/09\/candela-profumata-elementi-lavender-thyme-350-gr-still-life.jpg\" \/>\n\t<meta property=\"og:image:width\" content=\"1024\" \/>\n\t<meta property=\"og:image:height\" content=\"1024\" \/>\n\t<meta property=\"og:image:type\" content=\"image\/jpeg\" \/>\n<meta name=\"twitter:card\" content=\"summary_large_image\" \/>\n<meta name=\"twitter:label1\" content=\"Dur\u00e9e de lecture estim\u00e9e\" \/>\n\t<meta name=\"twitter:data1\" content=\"1 minute\" \/>\n<script type=\"application\/ld+json\" class=\"yoast-schema-graph\">{\"@context\":\"https:\/\/schema.org\",\"@graph\":[{\"@type\":\"WebPage\",\"@id\":\"https:\/\/www.pernici.com\/fr\/prodotto\/bougie-lavande-et-thym\/\",\"url\":\"https:\/\/www.pernici.com\/fr\/prodotto\/bougie-lavande-et-thym\/\",\"name\":\"Bougie Lavande & Thym, fra\u00eeche et relaxante - Cereria Pernici\",\"isPartOf\":{\"@id\":\"https:\/\/www.pernici.com\/fr\/#website\"},\"primaryImageOfPage\":{\"@id\":\"https:\/\/www.pernici.com\/fr\/prodotto\/bougie-lavande-et-thym\/#primaryimage\"},\"image\":{\"@id\":\"https:\/\/www.pernici.com\/fr\/prodotto\/bougie-lavande-et-thym\/#primaryimage\"},\"thumbnailUrl\":\"https:\/\/www.pernici.com\/wp-content\/uploads\/2024\/09\/candela-profumata-elementi-lavender-thyme-350-gr-still-life.jpg\",\"datePublished\":\"2024-09-24T07:02:25+00:00\",\"description\":\"D\u00e9couvrez Lavande & Thym : bougie parfum\u00e9e \u00e0 la lavande, au thym et au musc blanc. Un parfum frais et relaxant avec une senteur propre.\",\"breadcrumb\":{\"@id\":\"https:\/\/www.pernici.com\/fr\/prodotto\/bougie-lavande-et-thym\/#breadcrumb\"},\"inLanguage\":\"fr-FR\",\"potentialAction\":[{\"@type\":\"ReadAction\",\"target\":[\"https:\/\/www.pernici.com\/fr\/prodotto\/bougie-lavande-et-thym\/\"]}]},{\"@type\":\"ImageObject\",\"inLanguage\":\"fr-FR\",\"@id\":\"https:\/\/www.pernici.com\/fr\/prodotto\/bougie-lavande-et-thym\/#primaryimage\",\"url\":\"https:\/\/www.pernici.com\/wp-content\/uploads\/2024\/09\/candela-profumata-elementi-lavender-thyme-350-gr-still-life.jpg\",\"contentUrl\":\"https:\/\/www.pernici.com\/wp-content\/uploads\/2024\/09\/candela-profumata-elementi-lavender-thyme-350-gr-still-life.jpg\",\"width\":1024,\"height\":1024,\"caption\":\"Bougie parfum\u00e9e Elements 350gr fragrance Lavande &amp; Thym by Pernici en nature morte.\"},{\"@type\":\"BreadcrumbList\",\"@id\":\"https:\/\/www.pernici.com\/fr\/prodotto\/bougie-lavande-et-thym\/#breadcrumb\",\"itemListElement\":[{\"@type\":\"ListItem\",\"position\":1,\"name\":\"Accueil\",\"item\":\"https:\/\/www.pernici.com\/fr\/\"},{\"@type\":\"ListItem\",\"position\":2,\"name\":\"Boutique\",\"item\":\"https:\/\/www.pernici.com\/fr\/boutique\/\"},{\"@type\":\"ListItem\",\"position\":3,\"name\":\"Bougie lavande et thym\"}]},{\"@type\":\"WebSite\",\"@id\":\"https:\/\/www.pernici.com\/fr\/#website\",\"url\":\"https:\/\/www.pernici.com\/fr\/\",\"name\":\"Cereria Pernici Shop\",\"description\":\"una candela non illumina soltanto: racconta chi sei \",\"publisher\":{\"@id\":\"https:\/\/www.pernici.com\/fr\/#organization\"},\"potentialAction\":[{\"@type\":\"SearchAction\",\"target\":{\"@type\":\"EntryPoint\",\"urlTemplate\":\"https:\/\/www.pernici.com\/fr\/?s={search_term_string}\"},\"query-input\":{\"@type\":\"PropertyValueSpecification\",\"valueRequired\":true,\"valueName\":\"search_term_string\"}}],\"inLanguage\":\"fr-FR\"},{\"@type\":\"Organization\",\"@id\":\"https:\/\/www.pernici.com\/fr\/#organization\",\"name\":\"Cereria Pernici Shop\",\"url\":\"https:\/\/www.pernici.com\/fr\/\",\"logo\":{\"@type\":\"ImageObject\",\"inLanguage\":\"fr-FR\",\"@id\":\"https:\/\/www.pernici.com\/fr\/#\/schema\/logo\/image\/\",\"url\":\"https:\/\/www.pernici.com\/wp-content\/uploads\/2025\/07\/logo_pernici.png\",\"contentUrl\":\"https:\/\/www.pernici.com\/wp-content\/uploads\/2025\/07\/logo_pernici.png\",\"width\":432,\"height\":189,\"caption\":\"Cereria Pernici Shop\"},\"image\":{\"@id\":\"https:\/\/www.pernici.com\/fr\/#\/schema\/logo\/image\/\"},\"sameAs\":[\"https:\/\/www.facebook.com\/cereriapernici\",\"https:\/\/www.instagram.com\/cereriapernici\/\"]}]}<\/script>\n<!-- \/ Yoast SEO plugin. -->","yoast_head_json":{"title":"Bougie Lavande & Thym, fra\u00eeche et relaxante - Cereria Pernici","description":"D\u00e9couvrez Lavande & Thym : bougie parfum\u00e9e \u00e0 la lavande, au thym et au musc blanc. Un parfum frais et relaxant avec une senteur propre.","robots":{"index":"index","follow":"follow","max-snippet":"max-snippet:-1","max-image-preview":"max-image-preview:large","max-video-preview":"max-video-preview:-1"},"canonical":"https:\/\/www.pernici.com\/fr\/prodotto\/bougie-lavande-et-thym\/","og_locale":"fr_FR","og_type":"article","og_title":"Bougie Lavande & Thym, fra\u00eeche et relaxante - Cereria Pernici","og_description":"D\u00e9couvrez Lavande & Thym : bougie parfum\u00e9e \u00e0 la lavande, au thym et au musc blanc. Un parfum frais et relaxant avec une senteur propre.","og_url":"https:\/\/www.pernici.com\/fr\/prodotto\/bougie-lavande-et-thym\/","og_site_name":"Cereria Pernici","article_publisher":"https:\/\/www.facebook.com\/cereriapernici","og_image":[{"width":1024,"height":1024,"url":"https:\/\/www.pernici.com\/wp-content\/uploads\/2024\/09\/candela-profumata-elementi-lavender-thyme-350-gr-still-life.jpg","type":"image\/jpeg"}],"twitter_card":"summary_large_image","twitter_misc":{"Dur\u00e9e de lecture estim\u00e9e":"1 minute"},"schema":{"@context":"https:\/\/schema.org","@graph":[{"@type":"WebPage","@id":"https:\/\/www.pernici.com\/fr\/prodotto\/bougie-lavande-et-thym\/","url":"https:\/\/www.pernici.com\/fr\/prodotto\/bougie-lavande-et-thym\/","name":"Bougie Lavande & Thym, fra\u00eeche et relaxante - Cereria Pernici","isPartOf":{"@id":"https:\/\/www.pernici.com\/fr\/#website"},"primaryImageOfPage":{"@id":"https:\/\/www.pernici.com\/fr\/prodotto\/bougie-lavande-et-thym\/#primaryimage"},"image":{"@id":"https:\/\/www.pernici.com\/fr\/prodotto\/bougie-lavande-et-thym\/#primaryimage"},"thumbnailUrl":"https:\/\/www.pernici.com\/wp-content\/uploads\/2024\/09\/candela-profumata-elementi-lavender-thyme-350-gr-still-life.jpg","datePublished":"2024-09-24T07:02:25+00:00","description":"D\u00e9couvrez Lavande & Thym : bougie parfum\u00e9e \u00e0 la lavande, au thym et au musc blanc. Un parfum frais et relaxant avec une senteur propre.","breadcrumb":{"@id":"https:\/\/www.pernici.com\/fr\/prodotto\/bougie-lavande-et-thym\/#breadcrumb"},"inLanguage":"fr-FR","potentialAction":[{"@type":"ReadAction","target":["https:\/\/www.pernici.com\/fr\/prodotto\/bougie-lavande-et-thym\/"]}]},{"@type":"ImageObject","inLanguage":"fr-FR","@id":"https:\/\/www.pernici.com\/fr\/prodotto\/bougie-lavande-et-thym\/#primaryimage","url":"https:\/\/www.pernici.com\/wp-content\/uploads\/2024\/09\/candela-profumata-elementi-lavender-thyme-350-gr-still-life.jpg","contentUrl":"https:\/\/www.pernici.com\/wp-content\/uploads\/2024\/09\/candela-profumata-elementi-lavender-thyme-350-gr-still-life.jpg","width":1024,"height":1024,"caption":"Bougie parfum\u00e9e Elements 350gr fragrance Lavande &amp; Thym by Pernici en nature morte."},{"@type":"BreadcrumbList","@id":"https:\/\/www.pernici.com\/fr\/prodotto\/bougie-lavande-et-thym\/#breadcrumb","itemListElement":[{"@type":"ListItem","position":1,"name":"Accueil","item":"https:\/\/www.pernici.com\/fr\/"},{"@type":"ListItem","position":2,"name":"Boutique","item":"https:\/\/www.pernici.com\/fr\/boutique\/"},{"@type":"ListItem","position":3,"name":"Bougie lavande et thym"}]},{"@type":"WebSite","@id":"https:\/\/www.pernici.com\/fr\/#website","url":"https:\/\/www.pernici.com\/fr\/","name":"Cereria Pernici Shop","description":"una candela non illumina soltanto: racconta chi sei ","publisher":{"@id":"https:\/\/www.pernici.com\/fr\/#organization"},"potentialAction":[{"@type":"SearchAction","target":{"@type":"EntryPoint","urlTemplate":"https:\/\/www.pernici.com\/fr\/?s={search_term_string}"},"query-input":{"@type":"PropertyValueSpecification","valueRequired":true,"valueName":"search_term_string"}}],"inLanguage":"fr-FR"},{"@type":"Organization","@id":"https:\/\/www.pernici.com\/fr\/#organization","name":"Cereria Pernici Shop","url":"https:\/\/www.pernici.com\/fr\/","logo":{"@type":"ImageObject","inLanguage":"fr-FR","@id":"https:\/\/www.pernici.com\/fr\/#\/schema\/logo\/image\/","url":"https:\/\/www.pernici.com\/wp-content\/uploads\/2025\/07\/logo_pernici.png","contentUrl":"https:\/\/www.pernici.com\/wp-content\/uploads\/2025\/07\/logo_pernici.png","width":432,"height":189,"caption":"Cereria Pernici Shop"},"image":{"@id":"https:\/\/www.pernici.com\/fr\/#\/schema\/logo\/image\/"},"sameAs":["https:\/\/www.facebook.com\/cereriapernici","https:\/\/www.instagram.com\/cereriapernici\/"]}]}},"_links":{"self":[{"href":"https:\/\/www.pernici.com\/fr\/wp-json\/wp\/v2\/product\/3111","targetHints":{"allow":["GET"]}}],"collection":[{"href":"https:\/\/www.pernici.com\/fr\/wp-json\/wp\/v2\/product"}],"about":[{"href":"https:\/\/www.pernici.com\/fr\/wp-json\/wp\/v2\/types\/product"}],"wp:featuredmedia":[{"embeddable":true,"href":"https:\/\/www.pernici.com\/fr\/wp-json\/wp\/v2\/media\/3119"}],"wp:attachment":[{"href":"https:\/\/www.pernici.com\/fr\/wp-json\/wp\/v2\/media?parent=3111"}],"wp:term":[{"taxonomy":"product_col","embeddable":true,"href":"https:\/\/www.pernici.com\/fr\/wp-json\/wp\/v2\/product_col?post=3111"},{"taxonomy":"product_brand","embeddable":true,"href":"https:\/\/www.pernici.com\/fr\/wp-json\/wp\/v2\/product_brand?post=3111"},{"taxonomy":"product_cat","embeddable":true,"href":"https:\/\/www.pernici.com\/fr\/wp-json\/wp\/v2\/product_cat?post=3111"},{"taxonomy":"product_tag","embeddable":true,"href":"https:\/\/www.pernici.com\/fr\/wp-json\/wp\/v2\/product_tag?post=3111"}],"curies":[{"name":"wp","href":"https:\/\/api.w.org\/{rel}","templated":true}]}}