{"id":3020,"date":"2025-11-11T17:36:49","date_gmt":"2025-11-11T17:36:49","guid":{"rendered":"https:\/\/www.pernici.com\/prodotto\/words-lights-remember-to-light-me-up-parfum-neroli-iris\/"},"modified":"2025-11-11T17:36:49","modified_gmt":"2025-11-11T17:36:49","slug":"words-lights-remember-to-light-me-up-parfum-neroli-iris","status":"publish","type":"product","link":"https:\/\/www.pernici.com\/fr\/prodotto\/words-lights-remember-to-light-me-up-parfum-neroli-iris\/","title":{"rendered":"Words &amp; Lights &#8211; Remember to light me up Parfum N\u00e9roli &amp; Iris"},"content":{"rendered":"<p class=\"p1\">\u00ab\u00a0N&rsquo;oubliez pas de m&rsquo;illuminer\u00a0\u00bb n&rsquo;est pas seulement une phrase, mais une invitation \u00e0 ne pas oublier les petits gestes qui illuminent nos journ\u00e9es. C&rsquo;est un appel \u00e0 la pr\u00e9sence, \u00e0 la conscience et \u00e0 la beaut\u00e9 contenue dans les d\u00e9tails les plus simples. Nous avons choisi de l&rsquo;associer \u00e0 la fragrance <span class=\"s1\">Neroli &amp; Iris<\/span> parce que la fra\u00eecheur vive et citronn\u00e9e du n\u00e9roli rencontre la d\u00e9licatesse velout\u00e9e de l&rsquo;iris, cr\u00e9ant un \u00e9quilibre raffin\u00e9 qui parle d&rsquo;harmonie et d&rsquo;\u00e9l\u00e9gance.  <\/p>\n<p class=\"p3\">Ensemble, ils cr\u00e9ent une fragrance lumineuse et d\u00e9licate, con\u00e7ue pour ceux qui recherchent des moments authentiques et souhaitent transformer l&rsquo;ordinaire en sp\u00e9cial.<\/p>\n<p class=\"p1\">Une bougie qui ne se contente pas de parfumer et d&rsquo;\u00e9clairer, mais qui devient un message quotidien : n&rsquo;oubliez pas de m&rsquo;allumer, et laissez la lumi\u00e8re vous accompagner.<\/p>\n","protected":false},"excerpt":{"rendered":"<p>Remember to light me&rsquo; est la bougie qui vous invite \u00e0 valoriser les petits gestes du quotidien. La fra\u00eecheur lumineuse du n\u00e9roli s&rsquo;allie \u00e0 la d\u00e9licatesse velout\u00e9e de l&rsquo;iris pour cr\u00e9er une fragrance raffin\u00e9e et harmonieuse. Une fragrance qui devient un rappel de pr\u00e9sence et de lumi\u00e8re.  <\/p>\n","protected":false},"featured_media":3023,"template":"","meta":{"_acf_changed":false},"product_col":[88],"product_brand":[],"product_cat":[69,109,108],"product_tag":[],"class_list":{"0":"post-3020","1":"product","2":"type-product","3":"status-publish","4":"has-post-thumbnail","6":"product_col-words-lights","7":"product_cat-bougies","8":"product_cat-bougies-avec-phrases","9":"product_cat-bougies-parfumees","11":"first","12":"instock","13":"taxable","14":"shipping-taxable","15":"purchasable","16":"product-type-simple"},"acf":[],"yoast_head":"<!-- This site is optimized with the Yoast SEO plugin v27.4 - https:\/\/yoast.com\/product\/yoast-seo-wordpress\/ -->\n<title>Words &amp; Lights - Remember to light me up Parfum N\u00e9roli &amp; Iris - Cereria Pernici<\/title>\n<meta name=\"robots\" content=\"index, follow, max-snippet:-1, max-image-preview:large, max-video-preview:-1\" \/>\n<link rel=\"canonical\" href=\"https:\/\/www.pernici.com\/fr\/prodotto\/words-lights-remember-to-light-me-up-parfum-neroli-iris\/\" \/>\n<meta property=\"og:locale\" content=\"fr_FR\" \/>\n<meta property=\"og:type\" content=\"article\" \/>\n<meta property=\"og:title\" content=\"Words &amp; Lights - Remember to light me up Parfum N\u00e9roli &amp; Iris - Cereria Pernici\" \/>\n<meta property=\"og:description\" content=\"Remember to light me&#039; est la bougie qui vous invite \u00e0 valoriser les petits gestes du quotidien. La fra\u00eecheur lumineuse du n\u00e9roli s&#039;allie \u00e0 la d\u00e9licatesse velout\u00e9e de l&#039;iris pour cr\u00e9er une fragrance raffin\u00e9e et harmonieuse. Une fragrance qui devient un rappel de pr\u00e9sence et de lumi\u00e8re.\" \/>\n<meta property=\"og:url\" content=\"https:\/\/www.pernici.com\/fr\/prodotto\/words-lights-remember-to-light-me-up-parfum-neroli-iris\/\" \/>\n<meta property=\"og:site_name\" content=\"Cereria Pernici\" \/>\n<meta property=\"article:publisher\" content=\"https:\/\/www.facebook.com\/cereriapernici\" \/>\n<meta property=\"og:image\" content=\"https:\/\/www.pernici.com\/wp-content\/uploads\/2025\/11\/candele-profumate-words-lights-ricordati-di-me-pernici-ambientata-scaled.jpg\" \/>\n\t<meta property=\"og:image:width\" content=\"2560\" \/>\n\t<meta property=\"og:image:height\" content=\"1707\" \/>\n\t<meta property=\"og:image:type\" content=\"image\/jpeg\" \/>\n<meta name=\"twitter:card\" content=\"summary_large_image\" \/>\n<meta name=\"twitter:label1\" content=\"Dur\u00e9e de lecture estim\u00e9e\" \/>\n\t<meta name=\"twitter:data1\" content=\"1 minute\" \/>\n<script type=\"application\/ld+json\" class=\"yoast-schema-graph\">{\"@context\":\"https:\\\/\\\/schema.org\",\"@graph\":[{\"@type\":\"WebPage\",\"@id\":\"https:\\\/\\\/www.pernici.com\\\/fr\\\/prodotto\\\/words-lights-remember-to-light-me-up-parfum-neroli-iris\\\/\",\"url\":\"https:\\\/\\\/www.pernici.com\\\/fr\\\/prodotto\\\/words-lights-remember-to-light-me-up-parfum-neroli-iris\\\/\",\"name\":\"Words &amp; Lights - Remember to light me up Parfum N\u00e9roli &amp; Iris - Cereria Pernici\",\"isPartOf\":{\"@id\":\"https:\\\/\\\/www.pernici.com\\\/fr\\\/#website\"},\"primaryImageOfPage\":{\"@id\":\"https:\\\/\\\/www.pernici.com\\\/fr\\\/prodotto\\\/words-lights-remember-to-light-me-up-parfum-neroli-iris\\\/#primaryimage\"},\"image\":{\"@id\":\"https:\\\/\\\/www.pernici.com\\\/fr\\\/prodotto\\\/words-lights-remember-to-light-me-up-parfum-neroli-iris\\\/#primaryimage\"},\"thumbnailUrl\":\"https:\\\/\\\/www.pernici.com\\\/wp-content\\\/uploads\\\/2025\\\/11\\\/candele-profumate-words-lights-ricordati-di-me-pernici-ambientata-scaled.jpg\",\"datePublished\":\"2025-11-11T17:36:49+00:00\",\"breadcrumb\":{\"@id\":\"https:\\\/\\\/www.pernici.com\\\/fr\\\/prodotto\\\/words-lights-remember-to-light-me-up-parfum-neroli-iris\\\/#breadcrumb\"},\"inLanguage\":\"fr-FR\",\"potentialAction\":[{\"@type\":\"ReadAction\",\"target\":[\"https:\\\/\\\/www.pernici.com\\\/fr\\\/prodotto\\\/words-lights-remember-to-light-me-up-parfum-neroli-iris\\\/\"]}]},{\"@type\":\"ImageObject\",\"inLanguage\":\"fr-FR\",\"@id\":\"https:\\\/\\\/www.pernici.com\\\/fr\\\/prodotto\\\/words-lights-remember-to-light-me-up-parfum-neroli-iris\\\/#primaryimage\",\"url\":\"https:\\\/\\\/www.pernici.com\\\/wp-content\\\/uploads\\\/2025\\\/11\\\/candele-profumate-words-lights-ricordati-di-me-pernici-ambientata-scaled.jpg\",\"contentUrl\":\"https:\\\/\\\/www.pernici.com\\\/wp-content\\\/uploads\\\/2025\\\/11\\\/candele-profumate-words-lights-ricordati-di-me-pernici-ambientata-scaled.jpg\",\"width\":2560,\"height\":1707},{\"@type\":\"BreadcrumbList\",\"@id\":\"https:\\\/\\\/www.pernici.com\\\/fr\\\/prodotto\\\/words-lights-remember-to-light-me-up-parfum-neroli-iris\\\/#breadcrumb\",\"itemListElement\":[{\"@type\":\"ListItem\",\"position\":1,\"name\":\"Accueil\",\"item\":\"https:\\\/\\\/www.pernici.com\\\/fr\\\/\"},{\"@type\":\"ListItem\",\"position\":2,\"name\":\"Boutique\",\"item\":\"https:\\\/\\\/www.pernici.com\\\/fr\\\/boutique\\\/\"},{\"@type\":\"ListItem\",\"position\":3,\"name\":\"Bougies\",\"item\":\"https:\\\/\\\/www.pernici.com\\\/fr\\\/categoria-prodotto\\\/bougies\\\/\"},{\"@type\":\"ListItem\",\"position\":4,\"name\":\"Bougies avec phrases\",\"item\":\"https:\\\/\\\/www.pernici.com\\\/fr\\\/categoria-prodotto\\\/bougies\\\/bougies-avec-phrases\\\/\"},{\"@type\":\"ListItem\",\"position\":5,\"name\":\"Words &amp; Lights &#8211; Remember to light me up Parfum N\u00e9roli &amp; Iris\"}]},{\"@type\":\"WebSite\",\"@id\":\"https:\\\/\\\/www.pernici.com\\\/fr\\\/#website\",\"url\":\"https:\\\/\\\/www.pernici.com\\\/fr\\\/\",\"name\":\"Cereria Pernici Shop\",\"description\":\"una candela non illumina soltanto: racconta chi sei \",\"publisher\":{\"@id\":\"https:\\\/\\\/www.pernici.com\\\/fr\\\/#organization\"},\"potentialAction\":[{\"@type\":\"SearchAction\",\"target\":{\"@type\":\"EntryPoint\",\"urlTemplate\":\"https:\\\/\\\/www.pernici.com\\\/fr\\\/?s={search_term_string}\"},\"query-input\":{\"@type\":\"PropertyValueSpecification\",\"valueRequired\":true,\"valueName\":\"search_term_string\"}}],\"inLanguage\":\"fr-FR\"},{\"@type\":\"Organization\",\"@id\":\"https:\\\/\\\/www.pernici.com\\\/fr\\\/#organization\",\"name\":\"Cereria Pernici Shop\",\"url\":\"https:\\\/\\\/www.pernici.com\\\/fr\\\/\",\"logo\":{\"@type\":\"ImageObject\",\"inLanguage\":\"fr-FR\",\"@id\":\"https:\\\/\\\/www.pernici.com\\\/fr\\\/#\\\/schema\\\/logo\\\/image\\\/\",\"url\":\"https:\\\/\\\/www.pernici.com\\\/wp-content\\\/uploads\\\/2025\\\/07\\\/logo_pernici.png\",\"contentUrl\":\"https:\\\/\\\/www.pernici.com\\\/wp-content\\\/uploads\\\/2025\\\/07\\\/logo_pernici.png\",\"width\":432,\"height\":189,\"caption\":\"Cereria Pernici Shop\"},\"image\":{\"@id\":\"https:\\\/\\\/www.pernici.com\\\/fr\\\/#\\\/schema\\\/logo\\\/image\\\/\"},\"sameAs\":[\"https:\\\/\\\/www.facebook.com\\\/cereriapernici\",\"https:\\\/\\\/www.instagram.com\\\/cereriapernici\\\/\"]}]}<\/script>\n<!-- \/ Yoast SEO plugin. -->","yoast_head_json":{"title":"Words &amp; Lights - Remember to light me up Parfum N\u00e9roli &amp; Iris - Cereria Pernici","robots":{"index":"index","follow":"follow","max-snippet":"max-snippet:-1","max-image-preview":"max-image-preview:large","max-video-preview":"max-video-preview:-1"},"canonical":"https:\/\/www.pernici.com\/fr\/prodotto\/words-lights-remember-to-light-me-up-parfum-neroli-iris\/","og_locale":"fr_FR","og_type":"article","og_title":"Words &amp; Lights - Remember to light me up Parfum N\u00e9roli &amp; Iris - Cereria Pernici","og_description":"Remember to light me' est la bougie qui vous invite \u00e0 valoriser les petits gestes du quotidien. La fra\u00eecheur lumineuse du n\u00e9roli s'allie \u00e0 la d\u00e9licatesse velout\u00e9e de l'iris pour cr\u00e9er une fragrance raffin\u00e9e et harmonieuse. Une fragrance qui devient un rappel de pr\u00e9sence et de lumi\u00e8re.","og_url":"https:\/\/www.pernici.com\/fr\/prodotto\/words-lights-remember-to-light-me-up-parfum-neroli-iris\/","og_site_name":"Cereria Pernici","article_publisher":"https:\/\/www.facebook.com\/cereriapernici","og_image":[{"width":2560,"height":1707,"url":"https:\/\/www.pernici.com\/wp-content\/uploads\/2025\/11\/candele-profumate-words-lights-ricordati-di-me-pernici-ambientata-scaled.jpg","type":"image\/jpeg"}],"twitter_card":"summary_large_image","twitter_misc":{"Dur\u00e9e de lecture estim\u00e9e":"1 minute"},"schema":{"@context":"https:\/\/schema.org","@graph":[{"@type":"WebPage","@id":"https:\/\/www.pernici.com\/fr\/prodotto\/words-lights-remember-to-light-me-up-parfum-neroli-iris\/","url":"https:\/\/www.pernici.com\/fr\/prodotto\/words-lights-remember-to-light-me-up-parfum-neroli-iris\/","name":"Words &amp; Lights - Remember to light me up Parfum N\u00e9roli &amp; Iris - Cereria Pernici","isPartOf":{"@id":"https:\/\/www.pernici.com\/fr\/#website"},"primaryImageOfPage":{"@id":"https:\/\/www.pernici.com\/fr\/prodotto\/words-lights-remember-to-light-me-up-parfum-neroli-iris\/#primaryimage"},"image":{"@id":"https:\/\/www.pernici.com\/fr\/prodotto\/words-lights-remember-to-light-me-up-parfum-neroli-iris\/#primaryimage"},"thumbnailUrl":"https:\/\/www.pernici.com\/wp-content\/uploads\/2025\/11\/candele-profumate-words-lights-ricordati-di-me-pernici-ambientata-scaled.jpg","datePublished":"2025-11-11T17:36:49+00:00","breadcrumb":{"@id":"https:\/\/www.pernici.com\/fr\/prodotto\/words-lights-remember-to-light-me-up-parfum-neroli-iris\/#breadcrumb"},"inLanguage":"fr-FR","potentialAction":[{"@type":"ReadAction","target":["https:\/\/www.pernici.com\/fr\/prodotto\/words-lights-remember-to-light-me-up-parfum-neroli-iris\/"]}]},{"@type":"ImageObject","inLanguage":"fr-FR","@id":"https:\/\/www.pernici.com\/fr\/prodotto\/words-lights-remember-to-light-me-up-parfum-neroli-iris\/#primaryimage","url":"https:\/\/www.pernici.com\/wp-content\/uploads\/2025\/11\/candele-profumate-words-lights-ricordati-di-me-pernici-ambientata-scaled.jpg","contentUrl":"https:\/\/www.pernici.com\/wp-content\/uploads\/2025\/11\/candele-profumate-words-lights-ricordati-di-me-pernici-ambientata-scaled.jpg","width":2560,"height":1707},{"@type":"BreadcrumbList","@id":"https:\/\/www.pernici.com\/fr\/prodotto\/words-lights-remember-to-light-me-up-parfum-neroli-iris\/#breadcrumb","itemListElement":[{"@type":"ListItem","position":1,"name":"Accueil","item":"https:\/\/www.pernici.com\/fr\/"},{"@type":"ListItem","position":2,"name":"Boutique","item":"https:\/\/www.pernici.com\/fr\/boutique\/"},{"@type":"ListItem","position":3,"name":"Bougies","item":"https:\/\/www.pernici.com\/fr\/categoria-prodotto\/bougies\/"},{"@type":"ListItem","position":4,"name":"Bougies avec phrases","item":"https:\/\/www.pernici.com\/fr\/categoria-prodotto\/bougies\/bougies-avec-phrases\/"},{"@type":"ListItem","position":5,"name":"Words &amp; Lights &#8211; Remember to light me up Parfum N\u00e9roli &amp; Iris"}]},{"@type":"WebSite","@id":"https:\/\/www.pernici.com\/fr\/#website","url":"https:\/\/www.pernici.com\/fr\/","name":"Cereria Pernici Shop","description":"una candela non illumina soltanto: racconta chi sei ","publisher":{"@id":"https:\/\/www.pernici.com\/fr\/#organization"},"potentialAction":[{"@type":"SearchAction","target":{"@type":"EntryPoint","urlTemplate":"https:\/\/www.pernici.com\/fr\/?s={search_term_string}"},"query-input":{"@type":"PropertyValueSpecification","valueRequired":true,"valueName":"search_term_string"}}],"inLanguage":"fr-FR"},{"@type":"Organization","@id":"https:\/\/www.pernici.com\/fr\/#organization","name":"Cereria Pernici Shop","url":"https:\/\/www.pernici.com\/fr\/","logo":{"@type":"ImageObject","inLanguage":"fr-FR","@id":"https:\/\/www.pernici.com\/fr\/#\/schema\/logo\/image\/","url":"https:\/\/www.pernici.com\/wp-content\/uploads\/2025\/07\/logo_pernici.png","contentUrl":"https:\/\/www.pernici.com\/wp-content\/uploads\/2025\/07\/logo_pernici.png","width":432,"height":189,"caption":"Cereria Pernici Shop"},"image":{"@id":"https:\/\/www.pernici.com\/fr\/#\/schema\/logo\/image\/"},"sameAs":["https:\/\/www.facebook.com\/cereriapernici","https:\/\/www.instagram.com\/cereriapernici\/"]}]}},"_links":{"self":[{"href":"https:\/\/www.pernici.com\/fr\/wp-json\/wp\/v2\/product\/3020","targetHints":{"allow":["GET"]}}],"collection":[{"href":"https:\/\/www.pernici.com\/fr\/wp-json\/wp\/v2\/product"}],"about":[{"href":"https:\/\/www.pernici.com\/fr\/wp-json\/wp\/v2\/types\/product"}],"wp:featuredmedia":[{"embeddable":true,"href":"https:\/\/www.pernici.com\/fr\/wp-json\/wp\/v2\/media\/3023"}],"wp:attachment":[{"href":"https:\/\/www.pernici.com\/fr\/wp-json\/wp\/v2\/media?parent=3020"}],"wp:term":[{"taxonomy":"product_col","embeddable":true,"href":"https:\/\/www.pernici.com\/fr\/wp-json\/wp\/v2\/product_col?post=3020"},{"taxonomy":"product_brand","embeddable":true,"href":"https:\/\/www.pernici.com\/fr\/wp-json\/wp\/v2\/product_brand?post=3020"},{"taxonomy":"product_cat","embeddable":true,"href":"https:\/\/www.pernici.com\/fr\/wp-json\/wp\/v2\/product_cat?post=3020"},{"taxonomy":"product_tag","embeddable":true,"href":"https:\/\/www.pernici.com\/fr\/wp-json\/wp\/v2\/product_tag?post=3020"}],"curies":[{"name":"wp","href":"https:\/\/api.w.org\/{rel}","templated":true}]}}