{"id":3006,"date":"2025-02-14T13:37:24","date_gmt":"2025-02-14T13:37:24","guid":{"rendered":"https:\/\/www.pernici.com\/prodotto\/bougie-cafe-et-cardamome\/"},"modified":"2025-02-14T13:37:24","modified_gmt":"2025-02-14T13:37:24","slug":"bougie-cafe-et-cardamome","status":"publish","type":"product","link":"https:\/\/www.pernici.com\/fr\/prodotto\/bougie-cafe-et-cardamome\/","title":{"rendered":"Bougie caf\u00e9 et cardamome"},"content":{"rendered":"<p class=\"p1\"><span class=\"s1\">Coffee &amp; Cardamom<\/span> est un parfum chaud et \u00e9pic\u00e9 qui enveloppe les sens comme l&rsquo;odeur d&rsquo;un caf\u00e9 fra\u00eechement pr\u00e9par\u00e9. <span class=\"s1\">Les notes de t\u00eate de caf\u00e9, de cardamome, de muscade et de menthe<\/span> cr\u00e9ent un \u00e9quilibre surprenant d&rsquo;\u00e9nergie et de douceur. <span class=\"s2\">Le <\/span>c\u0153ur floral aux accents d&rsquo;iris et de myrrhe<span class=\"s2\"> apporte profondeur et sensualit\u00e9, tandis que le <\/span>fond de vanille, de f\u00e8ve tonka, de bois pr\u00e9cieux et d&rsquo;ambre<span class=\"s2\"> procure une chaleur persistante et velout\u00e9e.<\/span> <\/p>\n<p class=\"p1\">Une fragrance qui \u00e9voque le plaisir des petits rituels quotidiens : authentique, \u00e9l\u00e9gante et irr\u00e9sistiblement accueillante.<\/p>\n","protected":false},"excerpt":{"rendered":"<p class=\"p2\">Coffee &amp; Cardamom est un parfum chaud et \u00e9pic\u00e9, o\u00f9 le caf\u00e9, la cardamome et la vanille s&rsquo;unissent dans une senteur enveloppante et raffin\u00e9e.<\/p>\n","protected":false},"featured_media":3011,"template":"","meta":{"_acf_changed":false},"product_col":[33],"product_brand":[],"product_cat":[69,108],"product_tag":[75,76,77],"class_list":{"0":"post-3006","1":"product","2":"type-product","3":"status-publish","4":"has-post-thumbnail","6":"product_col-elementi","7":"product_cat-bougies","8":"product_cat-bougies-parfumees","9":"product_tag-200-g","10":"product_tag-350-g","11":"product_tag-900-g","12":"pa_formato-200-g","13":"pa_formato-350-g","14":"pa_formato-900-g","16":"first","17":"instock","18":"featured","19":"taxable","20":"shipping-taxable","21":"purchasable","22":"product-type-variable","23":"has-default-attributes"},"acf":[],"yoast_head":"<!-- This site is optimized with the Yoast SEO plugin v27.2 - https:\/\/yoast.com\/product\/yoast-seo-wordpress\/ -->\n<title>Bougie Caf\u00e9 &amp; Cardamome, chaude et \u00e9pic\u00e9e - Cereria Pernici<\/title>\n<meta name=\"description\" content=\"D\u00e9couvrez Coffee &amp; Cardamom : une bougie parfum\u00e9e chaude et \u00e9pic\u00e9e au caf\u00e9, \u00e0 la cardamome et \u00e0 la vanille. Un ar\u00f4me enveloppant qui apporte chaleur et \u00e9l\u00e9gance \u00e0 la maison.\" \/>\n<meta name=\"robots\" content=\"index, follow, max-snippet:-1, max-image-preview:large, max-video-preview:-1\" \/>\n<link rel=\"canonical\" href=\"https:\/\/www.pernici.com\/fr\/prodotto\/bougie-cafe-et-cardamome\/\" \/>\n<meta property=\"og:locale\" content=\"fr_FR\" \/>\n<meta property=\"og:type\" content=\"article\" \/>\n<meta property=\"og:title\" content=\"Bougie Caf\u00e9 &amp; Cardamome, chaude et \u00e9pic\u00e9e - Cereria Pernici\" \/>\n<meta property=\"og:description\" content=\"D\u00e9couvrez Coffee &amp; Cardamom : une bougie parfum\u00e9e chaude et \u00e9pic\u00e9e au caf\u00e9, \u00e0 la cardamome et \u00e0 la vanille. Un ar\u00f4me enveloppant qui apporte chaleur et \u00e9l\u00e9gance \u00e0 la maison.\" \/>\n<meta property=\"og:url\" content=\"https:\/\/www.pernici.com\/fr\/prodotto\/bougie-cafe-et-cardamome\/\" \/>\n<meta property=\"og:site_name\" content=\"Cereria Pernici\" \/>\n<meta property=\"article:publisher\" content=\"https:\/\/www.facebook.com\/cereriapernici\" \/>\n<meta property=\"og:image\" content=\"https:\/\/www.pernici.com\/wp-content\/uploads\/2025\/02\/candela-profumata-elementi-coffee-candamom-350-gr-still-life.jpg\" \/>\n\t<meta property=\"og:image:width\" content=\"1024\" \/>\n\t<meta property=\"og:image:height\" content=\"1024\" \/>\n\t<meta property=\"og:image:type\" content=\"image\/jpeg\" \/>\n<meta name=\"twitter:card\" content=\"summary_large_image\" \/>\n<script type=\"application\/ld+json\" class=\"yoast-schema-graph\">{\"@context\":\"https:\/\/schema.org\",\"@graph\":[{\"@type\":\"WebPage\",\"@id\":\"https:\/\/www.pernici.com\/fr\/prodotto\/bougie-cafe-et-cardamome\/\",\"url\":\"https:\/\/www.pernici.com\/fr\/prodotto\/bougie-cafe-et-cardamome\/\",\"name\":\"Bougie Caf\u00e9 & Cardamome, chaude et \u00e9pic\u00e9e - Cereria Pernici\",\"isPartOf\":{\"@id\":\"https:\/\/www.pernici.com\/fr\/#website\"},\"primaryImageOfPage\":{\"@id\":\"https:\/\/www.pernici.com\/fr\/prodotto\/bougie-cafe-et-cardamome\/#primaryimage\"},\"image\":{\"@id\":\"https:\/\/www.pernici.com\/fr\/prodotto\/bougie-cafe-et-cardamome\/#primaryimage\"},\"thumbnailUrl\":\"https:\/\/www.pernici.com\/wp-content\/uploads\/2025\/02\/candela-profumata-elementi-coffee-candamom-350-gr-still-life.jpg\",\"datePublished\":\"2025-02-14T13:37:24+00:00\",\"description\":\"D\u00e9couvrez Coffee & Cardamom : une bougie parfum\u00e9e chaude et \u00e9pic\u00e9e au caf\u00e9, \u00e0 la cardamome et \u00e0 la vanille. Un ar\u00f4me enveloppant qui apporte chaleur et \u00e9l\u00e9gance \u00e0 la maison.\",\"breadcrumb\":{\"@id\":\"https:\/\/www.pernici.com\/fr\/prodotto\/bougie-cafe-et-cardamome\/#breadcrumb\"},\"inLanguage\":\"fr-FR\",\"potentialAction\":[{\"@type\":\"ReadAction\",\"target\":[\"https:\/\/www.pernici.com\/fr\/prodotto\/bougie-cafe-et-cardamome\/\"]}]},{\"@type\":\"ImageObject\",\"inLanguage\":\"fr-FR\",\"@id\":\"https:\/\/www.pernici.com\/fr\/prodotto\/bougie-cafe-et-cardamome\/#primaryimage\",\"url\":\"https:\/\/www.pernici.com\/wp-content\/uploads\/2025\/02\/candela-profumata-elementi-coffee-candamom-350-gr-still-life.jpg\",\"contentUrl\":\"https:\/\/www.pernici.com\/wp-content\/uploads\/2025\/02\/candela-profumata-elementi-coffee-candamom-350-gr-still-life.jpg\",\"width\":1024,\"height\":1024,\"caption\":\"Bougie parfum\u00e9e Elements 350g Coffee &amp; Cardamom by Pernici en nature morte.\"},{\"@type\":\"BreadcrumbList\",\"@id\":\"https:\/\/www.pernici.com\/fr\/prodotto\/bougie-cafe-et-cardamome\/#breadcrumb\",\"itemListElement\":[{\"@type\":\"ListItem\",\"position\":1,\"name\":\"Accueil\",\"item\":\"https:\/\/www.pernici.com\/fr\/\"},{\"@type\":\"ListItem\",\"position\":2,\"name\":\"Boutique\",\"item\":\"https:\/\/www.pernici.com\/fr\/boutique\/\"},{\"@type\":\"ListItem\",\"position\":3,\"name\":\"Bougie caf\u00e9 et cardamome\"}]},{\"@type\":\"WebSite\",\"@id\":\"https:\/\/www.pernici.com\/fr\/#website\",\"url\":\"https:\/\/www.pernici.com\/fr\/\",\"name\":\"Cereria Pernici Shop\",\"description\":\"una candela non illumina soltanto: racconta chi sei \",\"publisher\":{\"@id\":\"https:\/\/www.pernici.com\/fr\/#organization\"},\"potentialAction\":[{\"@type\":\"SearchAction\",\"target\":{\"@type\":\"EntryPoint\",\"urlTemplate\":\"https:\/\/www.pernici.com\/fr\/?s={search_term_string}\"},\"query-input\":{\"@type\":\"PropertyValueSpecification\",\"valueRequired\":true,\"valueName\":\"search_term_string\"}}],\"inLanguage\":\"fr-FR\"},{\"@type\":\"Organization\",\"@id\":\"https:\/\/www.pernici.com\/fr\/#organization\",\"name\":\"Cereria Pernici Shop\",\"url\":\"https:\/\/www.pernici.com\/fr\/\",\"logo\":{\"@type\":\"ImageObject\",\"inLanguage\":\"fr-FR\",\"@id\":\"https:\/\/www.pernici.com\/fr\/#\/schema\/logo\/image\/\",\"url\":\"https:\/\/www.pernici.com\/wp-content\/uploads\/2025\/07\/logo_pernici.png\",\"contentUrl\":\"https:\/\/www.pernici.com\/wp-content\/uploads\/2025\/07\/logo_pernici.png\",\"width\":432,\"height\":189,\"caption\":\"Cereria Pernici Shop\"},\"image\":{\"@id\":\"https:\/\/www.pernici.com\/fr\/#\/schema\/logo\/image\/\"},\"sameAs\":[\"https:\/\/www.facebook.com\/cereriapernici\",\"https:\/\/www.instagram.com\/cereriapernici\/\"]}]}<\/script>\n<!-- \/ Yoast SEO plugin. -->","yoast_head_json":{"title":"Bougie Caf\u00e9 & Cardamome, chaude et \u00e9pic\u00e9e - Cereria Pernici","description":"D\u00e9couvrez Coffee & Cardamom : une bougie parfum\u00e9e chaude et \u00e9pic\u00e9e au caf\u00e9, \u00e0 la cardamome et \u00e0 la vanille. Un ar\u00f4me enveloppant qui apporte chaleur et \u00e9l\u00e9gance \u00e0 la maison.","robots":{"index":"index","follow":"follow","max-snippet":"max-snippet:-1","max-image-preview":"max-image-preview:large","max-video-preview":"max-video-preview:-1"},"canonical":"https:\/\/www.pernici.com\/fr\/prodotto\/bougie-cafe-et-cardamome\/","og_locale":"fr_FR","og_type":"article","og_title":"Bougie Caf\u00e9 & Cardamome, chaude et \u00e9pic\u00e9e - Cereria Pernici","og_description":"D\u00e9couvrez Coffee & Cardamom : une bougie parfum\u00e9e chaude et \u00e9pic\u00e9e au caf\u00e9, \u00e0 la cardamome et \u00e0 la vanille. Un ar\u00f4me enveloppant qui apporte chaleur et \u00e9l\u00e9gance \u00e0 la maison.","og_url":"https:\/\/www.pernici.com\/fr\/prodotto\/bougie-cafe-et-cardamome\/","og_site_name":"Cereria Pernici","article_publisher":"https:\/\/www.facebook.com\/cereriapernici","og_image":[{"width":1024,"height":1024,"url":"https:\/\/www.pernici.com\/wp-content\/uploads\/2025\/02\/candela-profumata-elementi-coffee-candamom-350-gr-still-life.jpg","type":"image\/jpeg"}],"twitter_card":"summary_large_image","schema":{"@context":"https:\/\/schema.org","@graph":[{"@type":"WebPage","@id":"https:\/\/www.pernici.com\/fr\/prodotto\/bougie-cafe-et-cardamome\/","url":"https:\/\/www.pernici.com\/fr\/prodotto\/bougie-cafe-et-cardamome\/","name":"Bougie Caf\u00e9 & Cardamome, chaude et \u00e9pic\u00e9e - Cereria Pernici","isPartOf":{"@id":"https:\/\/www.pernici.com\/fr\/#website"},"primaryImageOfPage":{"@id":"https:\/\/www.pernici.com\/fr\/prodotto\/bougie-cafe-et-cardamome\/#primaryimage"},"image":{"@id":"https:\/\/www.pernici.com\/fr\/prodotto\/bougie-cafe-et-cardamome\/#primaryimage"},"thumbnailUrl":"https:\/\/www.pernici.com\/wp-content\/uploads\/2025\/02\/candela-profumata-elementi-coffee-candamom-350-gr-still-life.jpg","datePublished":"2025-02-14T13:37:24+00:00","description":"D\u00e9couvrez Coffee & Cardamom : une bougie parfum\u00e9e chaude et \u00e9pic\u00e9e au caf\u00e9, \u00e0 la cardamome et \u00e0 la vanille. Un ar\u00f4me enveloppant qui apporte chaleur et \u00e9l\u00e9gance \u00e0 la maison.","breadcrumb":{"@id":"https:\/\/www.pernici.com\/fr\/prodotto\/bougie-cafe-et-cardamome\/#breadcrumb"},"inLanguage":"fr-FR","potentialAction":[{"@type":"ReadAction","target":["https:\/\/www.pernici.com\/fr\/prodotto\/bougie-cafe-et-cardamome\/"]}]},{"@type":"ImageObject","inLanguage":"fr-FR","@id":"https:\/\/www.pernici.com\/fr\/prodotto\/bougie-cafe-et-cardamome\/#primaryimage","url":"https:\/\/www.pernici.com\/wp-content\/uploads\/2025\/02\/candela-profumata-elementi-coffee-candamom-350-gr-still-life.jpg","contentUrl":"https:\/\/www.pernici.com\/wp-content\/uploads\/2025\/02\/candela-profumata-elementi-coffee-candamom-350-gr-still-life.jpg","width":1024,"height":1024,"caption":"Bougie parfum\u00e9e Elements 350g Coffee &amp; Cardamom by Pernici en nature morte."},{"@type":"BreadcrumbList","@id":"https:\/\/www.pernici.com\/fr\/prodotto\/bougie-cafe-et-cardamome\/#breadcrumb","itemListElement":[{"@type":"ListItem","position":1,"name":"Accueil","item":"https:\/\/www.pernici.com\/fr\/"},{"@type":"ListItem","position":2,"name":"Boutique","item":"https:\/\/www.pernici.com\/fr\/boutique\/"},{"@type":"ListItem","position":3,"name":"Bougie caf\u00e9 et cardamome"}]},{"@type":"WebSite","@id":"https:\/\/www.pernici.com\/fr\/#website","url":"https:\/\/www.pernici.com\/fr\/","name":"Cereria Pernici Shop","description":"una candela non illumina soltanto: racconta chi sei ","publisher":{"@id":"https:\/\/www.pernici.com\/fr\/#organization"},"potentialAction":[{"@type":"SearchAction","target":{"@type":"EntryPoint","urlTemplate":"https:\/\/www.pernici.com\/fr\/?s={search_term_string}"},"query-input":{"@type":"PropertyValueSpecification","valueRequired":true,"valueName":"search_term_string"}}],"inLanguage":"fr-FR"},{"@type":"Organization","@id":"https:\/\/www.pernici.com\/fr\/#organization","name":"Cereria Pernici Shop","url":"https:\/\/www.pernici.com\/fr\/","logo":{"@type":"ImageObject","inLanguage":"fr-FR","@id":"https:\/\/www.pernici.com\/fr\/#\/schema\/logo\/image\/","url":"https:\/\/www.pernici.com\/wp-content\/uploads\/2025\/07\/logo_pernici.png","contentUrl":"https:\/\/www.pernici.com\/wp-content\/uploads\/2025\/07\/logo_pernici.png","width":432,"height":189,"caption":"Cereria Pernici Shop"},"image":{"@id":"https:\/\/www.pernici.com\/fr\/#\/schema\/logo\/image\/"},"sameAs":["https:\/\/www.facebook.com\/cereriapernici","https:\/\/www.instagram.com\/cereriapernici\/"]}]}},"_links":{"self":[{"href":"https:\/\/www.pernici.com\/fr\/wp-json\/wp\/v2\/product\/3006","targetHints":{"allow":["GET"]}}],"collection":[{"href":"https:\/\/www.pernici.com\/fr\/wp-json\/wp\/v2\/product"}],"about":[{"href":"https:\/\/www.pernici.com\/fr\/wp-json\/wp\/v2\/types\/product"}],"wp:featuredmedia":[{"embeddable":true,"href":"https:\/\/www.pernici.com\/fr\/wp-json\/wp\/v2\/media\/3011"}],"wp:attachment":[{"href":"https:\/\/www.pernici.com\/fr\/wp-json\/wp\/v2\/media?parent=3006"}],"wp:term":[{"taxonomy":"product_col","embeddable":true,"href":"https:\/\/www.pernici.com\/fr\/wp-json\/wp\/v2\/product_col?post=3006"},{"taxonomy":"product_brand","embeddable":true,"href":"https:\/\/www.pernici.com\/fr\/wp-json\/wp\/v2\/product_brand?post=3006"},{"taxonomy":"product_cat","embeddable":true,"href":"https:\/\/www.pernici.com\/fr\/wp-json\/wp\/v2\/product_cat?post=3006"},{"taxonomy":"product_tag","embeddable":true,"href":"https:\/\/www.pernici.com\/fr\/wp-json\/wp\/v2\/product_tag?post=3006"}],"curies":[{"name":"wp","href":"https:\/\/api.w.org\/{rel}","templated":true}]}}