{"id":3001,"date":"2025-11-11T18:07:23","date_gmt":"2025-11-11T18:07:23","guid":{"rendered":"https:\/\/www.pernici.com\/prodotto\/words-lights-jusqua-la-fin-parfum-rose-abricot\/"},"modified":"2025-11-11T18:07:23","modified_gmt":"2025-11-11T18:07:23","slug":"words-lights-jusqua-la-fin-parfum-rose-abricot","status":"publish","type":"product","link":"https:\/\/www.pernici.com\/fr\/prodotto\/words-lights-jusqua-la-fin-parfum-rose-abricot\/","title":{"rendered":"Words &amp; Lights &#8211; Jusqu&rsquo;\u00e0 la fin parfum Rose &amp; Abricot"},"content":{"rendered":"<p class=\"p1\">Jusqu&rsquo;\u00e0 la fin\u00a0\u00bb n&rsquo;est pas une simple phrase, mais une invitation \u00e0 croire en des liens et des \u00e9motions qui r\u00e9sistent \u00e0 l&rsquo;\u00e9preuve du temps. C&rsquo;est une promesse de rester, de vivre avec authenticit\u00e9 et d\u00e9vouement jusqu&rsquo;\u00e0 la fin. <\/p>\n<p class=\"p3\">Nous avons choisi de l&rsquo;associer au parfum <span class=\"s1\">Rose &amp; Abricot<\/span> parce que la d\u00e9licatesse romantique de la rose rencontre la douceur fruit\u00e9e de l&rsquo;abricot, cr\u00e9ant un \u00e9quilibre qui parle d&rsquo;amour sinc\u00e8re et de beaut\u00e9 durable. Ensemble, ils cr\u00e9ent un parfum \u00e9l\u00e9gant et enveloppant, con\u00e7u pour ceux qui croient en la force des relations profondes et en la lumi\u00e8re qui ne s&rsquo;\u00e9teint jamais. <\/p>\n<p class=\"p1\">Une bougie qui ne se contente pas de parfumer et d&rsquo;illuminer, mais qui devient un message quotidien : suivez votre c\u0153ur, toujours, jusqu&rsquo;au bout.<\/p>\n","protected":false},"excerpt":{"rendered":"<p>Jusqu&rsquo;\u00e0 la fin\u00a0\u00bb est la bougie qui c\u00e9l\u00e8bre les liens authentiques et durables. La rose romantique rencontre la douceur fruit\u00e9e de l&rsquo;abricot, cr\u00e9ant un parfum \u00e9l\u00e9gant et enveloppant. Un parfum qui devient une promesse intemporelle de d\u00e9vouement et de beaut\u00e9.  <\/p>\n","protected":false},"featured_media":3003,"template":"","meta":{"_acf_changed":false},"product_col":[88],"product_brand":[],"product_cat":[69,109,108],"product_tag":[],"class_list":{"0":"post-3001","1":"product","2":"type-product","3":"status-publish","4":"has-post-thumbnail","6":"product_col-words-lights","7":"product_cat-bougies","8":"product_cat-bougies-avec-phrases","9":"product_cat-bougies-parfumees","11":"first","12":"instock","13":"taxable","14":"shipping-taxable","15":"purchasable","16":"product-type-simple"},"acf":[],"yoast_head":"<!-- This site is optimized with the Yoast SEO plugin v27.4 - https:\/\/yoast.com\/product\/yoast-seo-wordpress\/ -->\n<title>Words &amp; Lights - Jusqu&#039;\u00e0 la fin parfum Rose &amp; Abricot - Cereria Pernici<\/title>\n<meta name=\"robots\" content=\"index, follow, max-snippet:-1, max-image-preview:large, max-video-preview:-1\" \/>\n<link rel=\"canonical\" href=\"https:\/\/www.pernici.com\/fr\/prodotto\/words-lights-jusqua-la-fin-parfum-rose-abricot\/\" \/>\n<meta property=\"og:locale\" content=\"fr_FR\" \/>\n<meta property=\"og:type\" content=\"article\" \/>\n<meta property=\"og:title\" content=\"Words &amp; Lights - Jusqu&#039;\u00e0 la fin parfum Rose &amp; Abricot - Cereria Pernici\" \/>\n<meta property=\"og:description\" content=\"Jusqu&#039;\u00e0 la fin&quot; est la bougie qui c\u00e9l\u00e8bre les liens authentiques et durables. La rose romantique rencontre la douceur fruit\u00e9e de l&#039;abricot, cr\u00e9ant un parfum \u00e9l\u00e9gant et enveloppant. Un parfum qui devient une promesse intemporelle de d\u00e9vouement et de beaut\u00e9.\" \/>\n<meta property=\"og:url\" content=\"https:\/\/www.pernici.com\/fr\/prodotto\/words-lights-jusqua-la-fin-parfum-rose-abricot\/\" \/>\n<meta property=\"og:site_name\" content=\"Cereria Pernici\" \/>\n<meta property=\"article:publisher\" content=\"https:\/\/www.facebook.com\/cereriapernici\" \/>\n<meta property=\"og:image\" content=\"https:\/\/www.pernici.com\/wp-content\/uploads\/2025\/11\/candele-profumate-words-lights-fino-alla-fine-pernici-ambientata-ver.2-scaled.jpg\" \/>\n\t<meta property=\"og:image:width\" content=\"2560\" \/>\n\t<meta property=\"og:image:height\" content=\"1707\" \/>\n\t<meta property=\"og:image:type\" content=\"image\/jpeg\" \/>\n<meta name=\"twitter:card\" content=\"summary_large_image\" \/>\n<meta name=\"twitter:label1\" content=\"Dur\u00e9e de lecture estim\u00e9e\" \/>\n\t<meta name=\"twitter:data1\" content=\"1 minute\" \/>\n<script type=\"application\/ld+json\" class=\"yoast-schema-graph\">{\"@context\":\"https:\\\/\\\/schema.org\",\"@graph\":[{\"@type\":\"WebPage\",\"@id\":\"https:\\\/\\\/www.pernici.com\\\/fr\\\/prodotto\\\/words-lights-jusqua-la-fin-parfum-rose-abricot\\\/\",\"url\":\"https:\\\/\\\/www.pernici.com\\\/fr\\\/prodotto\\\/words-lights-jusqua-la-fin-parfum-rose-abricot\\\/\",\"name\":\"Words &amp; Lights - Jusqu'\u00e0 la fin parfum Rose &amp; Abricot - Cereria Pernici\",\"isPartOf\":{\"@id\":\"https:\\\/\\\/www.pernici.com\\\/fr\\\/#website\"},\"primaryImageOfPage\":{\"@id\":\"https:\\\/\\\/www.pernici.com\\\/fr\\\/prodotto\\\/words-lights-jusqua-la-fin-parfum-rose-abricot\\\/#primaryimage\"},\"image\":{\"@id\":\"https:\\\/\\\/www.pernici.com\\\/fr\\\/prodotto\\\/words-lights-jusqua-la-fin-parfum-rose-abricot\\\/#primaryimage\"},\"thumbnailUrl\":\"https:\\\/\\\/www.pernici.com\\\/wp-content\\\/uploads\\\/2025\\\/11\\\/candele-profumate-words-lights-fino-alla-fine-pernici-ambientata-ver.2-scaled.jpg\",\"datePublished\":\"2025-11-11T18:07:23+00:00\",\"breadcrumb\":{\"@id\":\"https:\\\/\\\/www.pernici.com\\\/fr\\\/prodotto\\\/words-lights-jusqua-la-fin-parfum-rose-abricot\\\/#breadcrumb\"},\"inLanguage\":\"fr-FR\",\"potentialAction\":[{\"@type\":\"ReadAction\",\"target\":[\"https:\\\/\\\/www.pernici.com\\\/fr\\\/prodotto\\\/words-lights-jusqua-la-fin-parfum-rose-abricot\\\/\"]}]},{\"@type\":\"ImageObject\",\"inLanguage\":\"fr-FR\",\"@id\":\"https:\\\/\\\/www.pernici.com\\\/fr\\\/prodotto\\\/words-lights-jusqua-la-fin-parfum-rose-abricot\\\/#primaryimage\",\"url\":\"https:\\\/\\\/www.pernici.com\\\/wp-content\\\/uploads\\\/2025\\\/11\\\/candele-profumate-words-lights-fino-alla-fine-pernici-ambientata-ver.2-scaled.jpg\",\"contentUrl\":\"https:\\\/\\\/www.pernici.com\\\/wp-content\\\/uploads\\\/2025\\\/11\\\/candele-profumate-words-lights-fino-alla-fine-pernici-ambientata-ver.2-scaled.jpg\",\"width\":2560,\"height\":1707},{\"@type\":\"BreadcrumbList\",\"@id\":\"https:\\\/\\\/www.pernici.com\\\/fr\\\/prodotto\\\/words-lights-jusqua-la-fin-parfum-rose-abricot\\\/#breadcrumb\",\"itemListElement\":[{\"@type\":\"ListItem\",\"position\":1,\"name\":\"Accueil\",\"item\":\"https:\\\/\\\/www.pernici.com\\\/fr\\\/\"},{\"@type\":\"ListItem\",\"position\":2,\"name\":\"Boutique\",\"item\":\"https:\\\/\\\/www.pernici.com\\\/fr\\\/boutique\\\/\"},{\"@type\":\"ListItem\",\"position\":3,\"name\":\"Bougies\",\"item\":\"https:\\\/\\\/www.pernici.com\\\/fr\\\/categoria-prodotto\\\/bougies\\\/\"},{\"@type\":\"ListItem\",\"position\":4,\"name\":\"Bougies avec phrases\",\"item\":\"https:\\\/\\\/www.pernici.com\\\/fr\\\/categoria-prodotto\\\/bougies\\\/bougies-avec-phrases\\\/\"},{\"@type\":\"ListItem\",\"position\":5,\"name\":\"Words &amp; Lights &#8211; Jusqu&#8217;\u00e0 la fin parfum Rose &amp; Abricot\"}]},{\"@type\":\"WebSite\",\"@id\":\"https:\\\/\\\/www.pernici.com\\\/fr\\\/#website\",\"url\":\"https:\\\/\\\/www.pernici.com\\\/fr\\\/\",\"name\":\"Cereria Pernici Shop\",\"description\":\"una candela non illumina soltanto: racconta chi sei \",\"publisher\":{\"@id\":\"https:\\\/\\\/www.pernici.com\\\/fr\\\/#organization\"},\"potentialAction\":[{\"@type\":\"SearchAction\",\"target\":{\"@type\":\"EntryPoint\",\"urlTemplate\":\"https:\\\/\\\/www.pernici.com\\\/fr\\\/?s={search_term_string}\"},\"query-input\":{\"@type\":\"PropertyValueSpecification\",\"valueRequired\":true,\"valueName\":\"search_term_string\"}}],\"inLanguage\":\"fr-FR\"},{\"@type\":\"Organization\",\"@id\":\"https:\\\/\\\/www.pernici.com\\\/fr\\\/#organization\",\"name\":\"Cereria Pernici Shop\",\"url\":\"https:\\\/\\\/www.pernici.com\\\/fr\\\/\",\"logo\":{\"@type\":\"ImageObject\",\"inLanguage\":\"fr-FR\",\"@id\":\"https:\\\/\\\/www.pernici.com\\\/fr\\\/#\\\/schema\\\/logo\\\/image\\\/\",\"url\":\"https:\\\/\\\/www.pernici.com\\\/wp-content\\\/uploads\\\/2025\\\/07\\\/logo_pernici.png\",\"contentUrl\":\"https:\\\/\\\/www.pernici.com\\\/wp-content\\\/uploads\\\/2025\\\/07\\\/logo_pernici.png\",\"width\":432,\"height\":189,\"caption\":\"Cereria Pernici Shop\"},\"image\":{\"@id\":\"https:\\\/\\\/www.pernici.com\\\/fr\\\/#\\\/schema\\\/logo\\\/image\\\/\"},\"sameAs\":[\"https:\\\/\\\/www.facebook.com\\\/cereriapernici\",\"https:\\\/\\\/www.instagram.com\\\/cereriapernici\\\/\"]}]}<\/script>\n<!-- \/ Yoast SEO plugin. -->","yoast_head_json":{"title":"Words &amp; Lights - Jusqu'\u00e0 la fin parfum Rose &amp; Abricot - Cereria Pernici","robots":{"index":"index","follow":"follow","max-snippet":"max-snippet:-1","max-image-preview":"max-image-preview:large","max-video-preview":"max-video-preview:-1"},"canonical":"https:\/\/www.pernici.com\/fr\/prodotto\/words-lights-jusqua-la-fin-parfum-rose-abricot\/","og_locale":"fr_FR","og_type":"article","og_title":"Words &amp; Lights - Jusqu'\u00e0 la fin parfum Rose &amp; Abricot - Cereria Pernici","og_description":"Jusqu'\u00e0 la fin\" est la bougie qui c\u00e9l\u00e8bre les liens authentiques et durables. La rose romantique rencontre la douceur fruit\u00e9e de l'abricot, cr\u00e9ant un parfum \u00e9l\u00e9gant et enveloppant. Un parfum qui devient une promesse intemporelle de d\u00e9vouement et de beaut\u00e9.","og_url":"https:\/\/www.pernici.com\/fr\/prodotto\/words-lights-jusqua-la-fin-parfum-rose-abricot\/","og_site_name":"Cereria Pernici","article_publisher":"https:\/\/www.facebook.com\/cereriapernici","og_image":[{"width":2560,"height":1707,"url":"https:\/\/www.pernici.com\/wp-content\/uploads\/2025\/11\/candele-profumate-words-lights-fino-alla-fine-pernici-ambientata-ver.2-scaled.jpg","type":"image\/jpeg"}],"twitter_card":"summary_large_image","twitter_misc":{"Dur\u00e9e de lecture estim\u00e9e":"1 minute"},"schema":{"@context":"https:\/\/schema.org","@graph":[{"@type":"WebPage","@id":"https:\/\/www.pernici.com\/fr\/prodotto\/words-lights-jusqua-la-fin-parfum-rose-abricot\/","url":"https:\/\/www.pernici.com\/fr\/prodotto\/words-lights-jusqua-la-fin-parfum-rose-abricot\/","name":"Words &amp; Lights - Jusqu'\u00e0 la fin parfum Rose &amp; Abricot - Cereria Pernici","isPartOf":{"@id":"https:\/\/www.pernici.com\/fr\/#website"},"primaryImageOfPage":{"@id":"https:\/\/www.pernici.com\/fr\/prodotto\/words-lights-jusqua-la-fin-parfum-rose-abricot\/#primaryimage"},"image":{"@id":"https:\/\/www.pernici.com\/fr\/prodotto\/words-lights-jusqua-la-fin-parfum-rose-abricot\/#primaryimage"},"thumbnailUrl":"https:\/\/www.pernici.com\/wp-content\/uploads\/2025\/11\/candele-profumate-words-lights-fino-alla-fine-pernici-ambientata-ver.2-scaled.jpg","datePublished":"2025-11-11T18:07:23+00:00","breadcrumb":{"@id":"https:\/\/www.pernici.com\/fr\/prodotto\/words-lights-jusqua-la-fin-parfum-rose-abricot\/#breadcrumb"},"inLanguage":"fr-FR","potentialAction":[{"@type":"ReadAction","target":["https:\/\/www.pernici.com\/fr\/prodotto\/words-lights-jusqua-la-fin-parfum-rose-abricot\/"]}]},{"@type":"ImageObject","inLanguage":"fr-FR","@id":"https:\/\/www.pernici.com\/fr\/prodotto\/words-lights-jusqua-la-fin-parfum-rose-abricot\/#primaryimage","url":"https:\/\/www.pernici.com\/wp-content\/uploads\/2025\/11\/candele-profumate-words-lights-fino-alla-fine-pernici-ambientata-ver.2-scaled.jpg","contentUrl":"https:\/\/www.pernici.com\/wp-content\/uploads\/2025\/11\/candele-profumate-words-lights-fino-alla-fine-pernici-ambientata-ver.2-scaled.jpg","width":2560,"height":1707},{"@type":"BreadcrumbList","@id":"https:\/\/www.pernici.com\/fr\/prodotto\/words-lights-jusqua-la-fin-parfum-rose-abricot\/#breadcrumb","itemListElement":[{"@type":"ListItem","position":1,"name":"Accueil","item":"https:\/\/www.pernici.com\/fr\/"},{"@type":"ListItem","position":2,"name":"Boutique","item":"https:\/\/www.pernici.com\/fr\/boutique\/"},{"@type":"ListItem","position":3,"name":"Bougies","item":"https:\/\/www.pernici.com\/fr\/categoria-prodotto\/bougies\/"},{"@type":"ListItem","position":4,"name":"Bougies avec phrases","item":"https:\/\/www.pernici.com\/fr\/categoria-prodotto\/bougies\/bougies-avec-phrases\/"},{"@type":"ListItem","position":5,"name":"Words &amp; Lights &#8211; Jusqu&#8217;\u00e0 la fin parfum Rose &amp; Abricot"}]},{"@type":"WebSite","@id":"https:\/\/www.pernici.com\/fr\/#website","url":"https:\/\/www.pernici.com\/fr\/","name":"Cereria Pernici Shop","description":"una candela non illumina soltanto: racconta chi sei ","publisher":{"@id":"https:\/\/www.pernici.com\/fr\/#organization"},"potentialAction":[{"@type":"SearchAction","target":{"@type":"EntryPoint","urlTemplate":"https:\/\/www.pernici.com\/fr\/?s={search_term_string}"},"query-input":{"@type":"PropertyValueSpecification","valueRequired":true,"valueName":"search_term_string"}}],"inLanguage":"fr-FR"},{"@type":"Organization","@id":"https:\/\/www.pernici.com\/fr\/#organization","name":"Cereria Pernici Shop","url":"https:\/\/www.pernici.com\/fr\/","logo":{"@type":"ImageObject","inLanguage":"fr-FR","@id":"https:\/\/www.pernici.com\/fr\/#\/schema\/logo\/image\/","url":"https:\/\/www.pernici.com\/wp-content\/uploads\/2025\/07\/logo_pernici.png","contentUrl":"https:\/\/www.pernici.com\/wp-content\/uploads\/2025\/07\/logo_pernici.png","width":432,"height":189,"caption":"Cereria Pernici Shop"},"image":{"@id":"https:\/\/www.pernici.com\/fr\/#\/schema\/logo\/image\/"},"sameAs":["https:\/\/www.facebook.com\/cereriapernici","https:\/\/www.instagram.com\/cereriapernici\/"]}]}},"_links":{"self":[{"href":"https:\/\/www.pernici.com\/fr\/wp-json\/wp\/v2\/product\/3001","targetHints":{"allow":["GET"]}}],"collection":[{"href":"https:\/\/www.pernici.com\/fr\/wp-json\/wp\/v2\/product"}],"about":[{"href":"https:\/\/www.pernici.com\/fr\/wp-json\/wp\/v2\/types\/product"}],"wp:featuredmedia":[{"embeddable":true,"href":"https:\/\/www.pernici.com\/fr\/wp-json\/wp\/v2\/media\/3003"}],"wp:attachment":[{"href":"https:\/\/www.pernici.com\/fr\/wp-json\/wp\/v2\/media?parent=3001"}],"wp:term":[{"taxonomy":"product_col","embeddable":true,"href":"https:\/\/www.pernici.com\/fr\/wp-json\/wp\/v2\/product_col?post=3001"},{"taxonomy":"product_brand","embeddable":true,"href":"https:\/\/www.pernici.com\/fr\/wp-json\/wp\/v2\/product_brand?post=3001"},{"taxonomy":"product_cat","embeddable":true,"href":"https:\/\/www.pernici.com\/fr\/wp-json\/wp\/v2\/product_cat?post=3001"},{"taxonomy":"product_tag","embeddable":true,"href":"https:\/\/www.pernici.com\/fr\/wp-json\/wp\/v2\/product_tag?post=3001"}],"curies":[{"name":"wp","href":"https:\/\/api.w.org\/{rel}","templated":true}]}}