{"id":2952,"date":"2024-09-24T07:02:57","date_gmt":"2024-09-24T07:02:57","guid":{"rendered":"https:\/\/www.pernici.com\/prodotto\/camelia-et-sauge\/"},"modified":"2024-09-24T07:02:57","modified_gmt":"2024-09-24T07:02:57","slug":"camelia-et-sauge","status":"publish","type":"product","link":"https:\/\/www.pernici.com\/fr\/prodotto\/camelia-et-sauge\/","title":{"rendered":"Cam\u00e9lia et sauge"},"content":{"rendered":"<p class=\"p1\">Un parfum qui \u00e9voque l&rsquo;\u00e9l\u00e9gance naturelle des fleurs et la s\u00e9r\u00e9nit\u00e9 de la lumi\u00e8re. <span class=\"s1\">Camelia &amp; Sage<\/span> s&rsquo;ouvre sur la fra\u00eecheur hesp\u00e9rid\u00e9e de la <span class=\"s1\">bergamote, du basilic et du citron<\/span>, pr\u00e9c\u00e9dant un c\u0153ur floral de <span class=\"s1\">magnolia et de yara yara<\/span>, aussi d\u00e9licat et sophistiqu\u00e9 qu&rsquo;une caresse. En fond, l <span class=\"s1\">&lsquo;ambre, la f\u00e8ve tonka, la vanille et les muscs blancs<\/span> enveloppent la pi\u00e8ce d&rsquo;un sillage chaud et velout\u00e9, la transformant en un havre d&rsquo;\u00e9quilibre et de beaut\u00e9. <\/p>\n<p class=\"p1\">Une fragrance harmonieuse et apaisante, destin\u00e9e \u00e0 celles qui recherchent dans les parfums une forme d&rsquo;\u00e9l\u00e9gance discr\u00e8te et de bien-\u00eatre authentique.<\/p>\n","protected":false},"excerpt":{"rendered":"<p class=\"p1\">Camelia &amp; Sage est une fragrance lumineuse et florale qui associe des notes de magnolia et d&rsquo;ambre \u00e0 des touches de vanille et de musc blanc. Raffin\u00e9, d\u00e9licat, harmonieux. <\/p>\n","protected":false},"featured_media":2963,"template":"","meta":{"_acf_changed":false},"product_col":[33],"product_brand":[],"product_cat":[108],"product_tag":[75,76],"class_list":{"0":"post-2952","1":"product","2":"type-product","3":"status-publish","4":"has-post-thumbnail","6":"product_col-elementi","7":"product_cat-bougies-parfumees","8":"product_tag-200-g","9":"product_tag-350-g","10":"pa_formato-200-g","11":"pa_formato-350-g","13":"first","14":"instock","15":"taxable","16":"shipping-taxable","17":"purchasable","18":"product-type-variable","19":"has-default-attributes"},"acf":[],"yoast_head":"<!-- This site is optimized with the Yoast SEO plugin v27.2 - https:\/\/yoast.com\/product\/yoast-seo-wordpress\/ -->\n<title>Bougie Camelia &amp; Sage, \u00e9l\u00e9gance florale et harmonie - Pernici<\/title>\n<meta name=\"description\" content=\"D\u00e9couvrez Camelia &amp; Sage : une bougie parfum\u00e9e florale et raffin\u00e9e avec du magnolia, de l&#039;ambre et du musc blanc. Un parfum de lumi\u00e8re et de s\u00e9r\u00e9nit\u00e9 pour la maison.\" \/>\n<meta name=\"robots\" content=\"index, follow, max-snippet:-1, max-image-preview:large, max-video-preview:-1\" \/>\n<link rel=\"canonical\" href=\"https:\/\/www.pernici.com\/fr\/prodotto\/camelia-et-sauge\/\" \/>\n<meta property=\"og:locale\" content=\"fr_FR\" \/>\n<meta property=\"og:type\" content=\"article\" \/>\n<meta property=\"og:title\" content=\"Bougie Camelia &amp; Sage, \u00e9l\u00e9gance florale et harmonie - Pernici\" \/>\n<meta property=\"og:description\" content=\"D\u00e9couvrez Camelia &amp; Sage : une bougie parfum\u00e9e florale et raffin\u00e9e avec du magnolia, de l&#039;ambre et du musc blanc. Un parfum de lumi\u00e8re et de s\u00e9r\u00e9nit\u00e9 pour la maison.\" \/>\n<meta property=\"og:url\" content=\"https:\/\/www.pernici.com\/fr\/prodotto\/camelia-et-sauge\/\" \/>\n<meta property=\"og:site_name\" content=\"Cereria Pernici\" \/>\n<meta property=\"article:publisher\" content=\"https:\/\/www.facebook.com\/cereriapernici\" \/>\n<meta property=\"og:image\" content=\"https:\/\/www.pernici.com\/wp-content\/uploads\/2024\/09\/candela-profumata-elementi-camelia-sage-350-gr-still-life.jpg\" \/>\n\t<meta property=\"og:image:width\" content=\"1024\" \/>\n\t<meta property=\"og:image:height\" content=\"1024\" \/>\n\t<meta property=\"og:image:type\" content=\"image\/jpeg\" \/>\n<meta name=\"twitter:card\" content=\"summary_large_image\" \/>\n<meta name=\"twitter:label1\" content=\"Dur\u00e9e de lecture estim\u00e9e\" \/>\n\t<meta name=\"twitter:data1\" content=\"1 minute\" \/>\n<script type=\"application\/ld+json\" class=\"yoast-schema-graph\">{\"@context\":\"https:\/\/schema.org\",\"@graph\":[{\"@type\":\"WebPage\",\"@id\":\"https:\/\/www.pernici.com\/fr\/prodotto\/camelia-et-sauge\/\",\"url\":\"https:\/\/www.pernici.com\/fr\/prodotto\/camelia-et-sauge\/\",\"name\":\"Bougie Camelia & Sage, \u00e9l\u00e9gance florale et harmonie - Pernici\",\"isPartOf\":{\"@id\":\"https:\/\/www.pernici.com\/fr\/#website\"},\"primaryImageOfPage\":{\"@id\":\"https:\/\/www.pernici.com\/fr\/prodotto\/camelia-et-sauge\/#primaryimage\"},\"image\":{\"@id\":\"https:\/\/www.pernici.com\/fr\/prodotto\/camelia-et-sauge\/#primaryimage\"},\"thumbnailUrl\":\"https:\/\/www.pernici.com\/wp-content\/uploads\/2024\/09\/candela-profumata-elementi-camelia-sage-350-gr-still-life.jpg\",\"datePublished\":\"2024-09-24T07:02:57+00:00\",\"description\":\"D\u00e9couvrez Camelia & Sage : une bougie parfum\u00e9e florale et raffin\u00e9e avec du magnolia, de l'ambre et du musc blanc. Un parfum de lumi\u00e8re et de s\u00e9r\u00e9nit\u00e9 pour la maison.\",\"breadcrumb\":{\"@id\":\"https:\/\/www.pernici.com\/fr\/prodotto\/camelia-et-sauge\/#breadcrumb\"},\"inLanguage\":\"fr-FR\",\"potentialAction\":[{\"@type\":\"ReadAction\",\"target\":[\"https:\/\/www.pernici.com\/fr\/prodotto\/camelia-et-sauge\/\"]}]},{\"@type\":\"ImageObject\",\"inLanguage\":\"fr-FR\",\"@id\":\"https:\/\/www.pernici.com\/fr\/prodotto\/camelia-et-sauge\/#primaryimage\",\"url\":\"https:\/\/www.pernici.com\/wp-content\/uploads\/2024\/09\/candela-profumata-elementi-camelia-sage-350-gr-still-life.jpg\",\"contentUrl\":\"https:\/\/www.pernici.com\/wp-content\/uploads\/2024\/09\/candela-profumata-elementi-camelia-sage-350-gr-still-life.jpg\",\"width\":1024,\"height\":1024,\"caption\":\"Bougie parfum\u00e9e Elements 350gr Camelia &amp; Sage by Pernici en nature morte\"},{\"@type\":\"BreadcrumbList\",\"@id\":\"https:\/\/www.pernici.com\/fr\/prodotto\/camelia-et-sauge\/#breadcrumb\",\"itemListElement\":[{\"@type\":\"ListItem\",\"position\":1,\"name\":\"Accueil\",\"item\":\"https:\/\/www.pernici.com\/fr\/\"},{\"@type\":\"ListItem\",\"position\":2,\"name\":\"Boutique\",\"item\":\"https:\/\/www.pernici.com\/fr\/boutique\/\"},{\"@type\":\"ListItem\",\"position\":3,\"name\":\"Bougies\",\"item\":\"https:\/\/www.pernici.com\/fr\/categoria-prodotto\/bougies\/\"},{\"@type\":\"ListItem\",\"position\":4,\"name\":\"Bougies parfum\u00e9es\",\"item\":\"https:\/\/www.pernici.com\/fr\/categoria-prodotto\/bougies\/bougies-parfumees\/\"},{\"@type\":\"ListItem\",\"position\":5,\"name\":\"Cam\u00e9lia et sauge\"}]},{\"@type\":\"WebSite\",\"@id\":\"https:\/\/www.pernici.com\/fr\/#website\",\"url\":\"https:\/\/www.pernici.com\/fr\/\",\"name\":\"Cereria Pernici Shop\",\"description\":\"una candela non illumina soltanto: racconta chi sei \",\"publisher\":{\"@id\":\"https:\/\/www.pernici.com\/fr\/#organization\"},\"potentialAction\":[{\"@type\":\"SearchAction\",\"target\":{\"@type\":\"EntryPoint\",\"urlTemplate\":\"https:\/\/www.pernici.com\/fr\/?s={search_term_string}\"},\"query-input\":{\"@type\":\"PropertyValueSpecification\",\"valueRequired\":true,\"valueName\":\"search_term_string\"}}],\"inLanguage\":\"fr-FR\"},{\"@type\":\"Organization\",\"@id\":\"https:\/\/www.pernici.com\/fr\/#organization\",\"name\":\"Cereria Pernici Shop\",\"url\":\"https:\/\/www.pernici.com\/fr\/\",\"logo\":{\"@type\":\"ImageObject\",\"inLanguage\":\"fr-FR\",\"@id\":\"https:\/\/www.pernici.com\/fr\/#\/schema\/logo\/image\/\",\"url\":\"https:\/\/www.pernici.com\/wp-content\/uploads\/2025\/07\/logo_pernici.png\",\"contentUrl\":\"https:\/\/www.pernici.com\/wp-content\/uploads\/2025\/07\/logo_pernici.png\",\"width\":432,\"height\":189,\"caption\":\"Cereria Pernici Shop\"},\"image\":{\"@id\":\"https:\/\/www.pernici.com\/fr\/#\/schema\/logo\/image\/\"},\"sameAs\":[\"https:\/\/www.facebook.com\/cereriapernici\",\"https:\/\/www.instagram.com\/cereriapernici\/\"]}]}<\/script>\n<!-- \/ Yoast SEO plugin. -->","yoast_head_json":{"title":"Bougie Camelia & Sage, \u00e9l\u00e9gance florale et harmonie - Pernici","description":"D\u00e9couvrez Camelia & Sage : une bougie parfum\u00e9e florale et raffin\u00e9e avec du magnolia, de l'ambre et du musc blanc. Un parfum de lumi\u00e8re et de s\u00e9r\u00e9nit\u00e9 pour la maison.","robots":{"index":"index","follow":"follow","max-snippet":"max-snippet:-1","max-image-preview":"max-image-preview:large","max-video-preview":"max-video-preview:-1"},"canonical":"https:\/\/www.pernici.com\/fr\/prodotto\/camelia-et-sauge\/","og_locale":"fr_FR","og_type":"article","og_title":"Bougie Camelia & Sage, \u00e9l\u00e9gance florale et harmonie - Pernici","og_description":"D\u00e9couvrez Camelia & Sage : une bougie parfum\u00e9e florale et raffin\u00e9e avec du magnolia, de l'ambre et du musc blanc. Un parfum de lumi\u00e8re et de s\u00e9r\u00e9nit\u00e9 pour la maison.","og_url":"https:\/\/www.pernici.com\/fr\/prodotto\/camelia-et-sauge\/","og_site_name":"Cereria Pernici","article_publisher":"https:\/\/www.facebook.com\/cereriapernici","og_image":[{"width":1024,"height":1024,"url":"https:\/\/www.pernici.com\/wp-content\/uploads\/2024\/09\/candela-profumata-elementi-camelia-sage-350-gr-still-life.jpg","type":"image\/jpeg"}],"twitter_card":"summary_large_image","twitter_misc":{"Dur\u00e9e de lecture estim\u00e9e":"1 minute"},"schema":{"@context":"https:\/\/schema.org","@graph":[{"@type":"WebPage","@id":"https:\/\/www.pernici.com\/fr\/prodotto\/camelia-et-sauge\/","url":"https:\/\/www.pernici.com\/fr\/prodotto\/camelia-et-sauge\/","name":"Bougie Camelia & Sage, \u00e9l\u00e9gance florale et harmonie - Pernici","isPartOf":{"@id":"https:\/\/www.pernici.com\/fr\/#website"},"primaryImageOfPage":{"@id":"https:\/\/www.pernici.com\/fr\/prodotto\/camelia-et-sauge\/#primaryimage"},"image":{"@id":"https:\/\/www.pernici.com\/fr\/prodotto\/camelia-et-sauge\/#primaryimage"},"thumbnailUrl":"https:\/\/www.pernici.com\/wp-content\/uploads\/2024\/09\/candela-profumata-elementi-camelia-sage-350-gr-still-life.jpg","datePublished":"2024-09-24T07:02:57+00:00","description":"D\u00e9couvrez Camelia & Sage : une bougie parfum\u00e9e florale et raffin\u00e9e avec du magnolia, de l'ambre et du musc blanc. Un parfum de lumi\u00e8re et de s\u00e9r\u00e9nit\u00e9 pour la maison.","breadcrumb":{"@id":"https:\/\/www.pernici.com\/fr\/prodotto\/camelia-et-sauge\/#breadcrumb"},"inLanguage":"fr-FR","potentialAction":[{"@type":"ReadAction","target":["https:\/\/www.pernici.com\/fr\/prodotto\/camelia-et-sauge\/"]}]},{"@type":"ImageObject","inLanguage":"fr-FR","@id":"https:\/\/www.pernici.com\/fr\/prodotto\/camelia-et-sauge\/#primaryimage","url":"https:\/\/www.pernici.com\/wp-content\/uploads\/2024\/09\/candela-profumata-elementi-camelia-sage-350-gr-still-life.jpg","contentUrl":"https:\/\/www.pernici.com\/wp-content\/uploads\/2024\/09\/candela-profumata-elementi-camelia-sage-350-gr-still-life.jpg","width":1024,"height":1024,"caption":"Bougie parfum\u00e9e Elements 350gr Camelia &amp; Sage by Pernici en nature morte"},{"@type":"BreadcrumbList","@id":"https:\/\/www.pernici.com\/fr\/prodotto\/camelia-et-sauge\/#breadcrumb","itemListElement":[{"@type":"ListItem","position":1,"name":"Accueil","item":"https:\/\/www.pernici.com\/fr\/"},{"@type":"ListItem","position":2,"name":"Boutique","item":"https:\/\/www.pernici.com\/fr\/boutique\/"},{"@type":"ListItem","position":3,"name":"Bougies","item":"https:\/\/www.pernici.com\/fr\/categoria-prodotto\/bougies\/"},{"@type":"ListItem","position":4,"name":"Bougies parfum\u00e9es","item":"https:\/\/www.pernici.com\/fr\/categoria-prodotto\/bougies\/bougies-parfumees\/"},{"@type":"ListItem","position":5,"name":"Cam\u00e9lia et sauge"}]},{"@type":"WebSite","@id":"https:\/\/www.pernici.com\/fr\/#website","url":"https:\/\/www.pernici.com\/fr\/","name":"Cereria Pernici Shop","description":"una candela non illumina soltanto: racconta chi sei ","publisher":{"@id":"https:\/\/www.pernici.com\/fr\/#organization"},"potentialAction":[{"@type":"SearchAction","target":{"@type":"EntryPoint","urlTemplate":"https:\/\/www.pernici.com\/fr\/?s={search_term_string}"},"query-input":{"@type":"PropertyValueSpecification","valueRequired":true,"valueName":"search_term_string"}}],"inLanguage":"fr-FR"},{"@type":"Organization","@id":"https:\/\/www.pernici.com\/fr\/#organization","name":"Cereria Pernici Shop","url":"https:\/\/www.pernici.com\/fr\/","logo":{"@type":"ImageObject","inLanguage":"fr-FR","@id":"https:\/\/www.pernici.com\/fr\/#\/schema\/logo\/image\/","url":"https:\/\/www.pernici.com\/wp-content\/uploads\/2025\/07\/logo_pernici.png","contentUrl":"https:\/\/www.pernici.com\/wp-content\/uploads\/2025\/07\/logo_pernici.png","width":432,"height":189,"caption":"Cereria Pernici Shop"},"image":{"@id":"https:\/\/www.pernici.com\/fr\/#\/schema\/logo\/image\/"},"sameAs":["https:\/\/www.facebook.com\/cereriapernici","https:\/\/www.instagram.com\/cereriapernici\/"]}]}},"_links":{"self":[{"href":"https:\/\/www.pernici.com\/fr\/wp-json\/wp\/v2\/product\/2952","targetHints":{"allow":["GET"]}}],"collection":[{"href":"https:\/\/www.pernici.com\/fr\/wp-json\/wp\/v2\/product"}],"about":[{"href":"https:\/\/www.pernici.com\/fr\/wp-json\/wp\/v2\/types\/product"}],"wp:featuredmedia":[{"embeddable":true,"href":"https:\/\/www.pernici.com\/fr\/wp-json\/wp\/v2\/media\/2963"}],"wp:attachment":[{"href":"https:\/\/www.pernici.com\/fr\/wp-json\/wp\/v2\/media?parent=2952"}],"wp:term":[{"taxonomy":"product_col","embeddable":true,"href":"https:\/\/www.pernici.com\/fr\/wp-json\/wp\/v2\/product_col?post=2952"},{"taxonomy":"product_brand","embeddable":true,"href":"https:\/\/www.pernici.com\/fr\/wp-json\/wp\/v2\/product_brand?post=2952"},{"taxonomy":"product_cat","embeddable":true,"href":"https:\/\/www.pernici.com\/fr\/wp-json\/wp\/v2\/product_cat?post=2952"},{"taxonomy":"product_tag","embeddable":true,"href":"https:\/\/www.pernici.com\/fr\/wp-json\/wp\/v2\/product_tag?post=2952"}],"curies":[{"name":"wp","href":"https:\/\/api.w.org\/{rel}","templated":true}]}}