{"id":2894,"date":"2024-09-24T07:02:59","date_gmt":"2024-09-24T07:02:59","guid":{"rendered":"https:\/\/www.pernici.com\/prodotto\/bougies-eucalyptus-musc\/"},"modified":"2024-09-24T07:02:59","modified_gmt":"2024-09-24T07:02:59","slug":"bougies-eucalyptus-musc","status":"publish","type":"product","link":"https:\/\/www.pernici.com\/fr\/prodotto\/bougies-eucalyptus-musc\/","title":{"rendered":"Bougies Eucalyptus &amp; Musc"},"content":{"rendered":"<p class=\"p1\"><span class=\"s1\">Eucalyptus &amp; Musc<\/span> est une fragrance n\u00e9e de la rencontre entre \u00e9nergie et harmonie. Les <g id=\"gid_1\">notes balsamiques d&rsquo;eucalyptus et de romarin<\/g> apportent une fra\u00eecheur vive et r\u00e9g\u00e9n\u00e9rante, tandis que le <g id=\"gid_2\">musc blanc<\/g>, velout\u00e9 et enveloppant, apporte \u00e9quilibre et douceur. En c\u0153ur, une touche de <g id=\"gid_3\">menthe et de pomme verte<\/g> rafra\u00eechit les sens et \u00e9claircit les pens\u00e9es, cr\u00e9ant une sensation de pur bien-\u00eatre. C&rsquo;est un parfum qui allie les contraires : vitalit\u00e9 et calme, fra\u00eecheur et douceur, force et s\u00e9r\u00e9nit\u00e9.  <\/p>\n<p class=\"p1\">Parfait pour ceux qui souhaitent apporter une bouff\u00e9e d&rsquo;air pur, lumineux et relaxant dans leur maison.<\/p>\n","protected":false},"excerpt":{"rendered":"<p class=\"p1\">Eucalyptus &amp; Musk est une fragrance fra\u00eeche et harmonieuse qui associe l&rsquo;\u00e9nergie balsamique de l&rsquo;eucalyptus \u00e0 la douceur du musc blanc. R\u00e9g\u00e9n\u00e9rant et relaxant. <\/p>\n","protected":false},"featured_media":2900,"template":"","meta":{"_acf_changed":false},"product_col":[33],"product_brand":[],"product_cat":[69,108],"product_tag":[75,76],"class_list":{"0":"post-2894","1":"product","2":"type-product","3":"status-publish","4":"has-post-thumbnail","6":"product_col-elementi","7":"product_cat-bougies","8":"product_cat-bougies-parfumees","9":"product_tag-200-g","10":"product_tag-350-g","11":"pa_formato-200-g","12":"pa_formato-350-g","14":"first","15":"instock","16":"featured","17":"taxable","18":"shipping-taxable","19":"purchasable","20":"product-type-variable","21":"has-default-attributes"},"acf":[],"yoast_head":"<!-- This site is optimized with the Yoast SEO plugin v27.2 - https:\/\/yoast.com\/product\/yoast-seo-wordpress\/ -->\n<title>Bougie parfum\u00e9e Eucalyptus&amp;Musqu\u00e9e fra\u00eecheur et harmonie-Pernici<\/title>\n<meta name=\"description\" content=\"D\u00e9couvrez Eucalyptus &amp; Musk : bougie parfum\u00e9e \u00e0 l&#039;eucalyptus, \u00e0 la menthe et au musc blanc. Un \u00e9quilibre de fra\u00eecheur, d&#039;\u00e9nergie et de s\u00e9r\u00e9nit\u00e9.\" \/>\n<meta name=\"robots\" content=\"index, follow, max-snippet:-1, max-image-preview:large, max-video-preview:-1\" \/>\n<link rel=\"canonical\" href=\"https:\/\/www.pernici.com\/fr\/prodotto\/bougies-eucalyptus-musc\/\" \/>\n<meta property=\"og:locale\" content=\"fr_FR\" \/>\n<meta property=\"og:type\" content=\"article\" \/>\n<meta property=\"og:title\" content=\"Bougie parfum\u00e9e Eucalyptus&amp;Musqu\u00e9e fra\u00eecheur et harmonie-Pernici\" \/>\n<meta property=\"og:description\" content=\"D\u00e9couvrez Eucalyptus &amp; Musk : bougie parfum\u00e9e \u00e0 l&#039;eucalyptus, \u00e0 la menthe et au musc blanc. Un \u00e9quilibre de fra\u00eecheur, d&#039;\u00e9nergie et de s\u00e9r\u00e9nit\u00e9.\" \/>\n<meta property=\"og:url\" content=\"https:\/\/www.pernici.com\/fr\/prodotto\/bougies-eucalyptus-musc\/\" \/>\n<meta property=\"og:site_name\" content=\"Cereria Pernici\" \/>\n<meta property=\"article:publisher\" content=\"https:\/\/www.facebook.com\/cereriapernici\" \/>\n<meta property=\"og:image\" content=\"https:\/\/www.pernici.com\/wp-content\/uploads\/2024\/09\/candela-profumata-elementi-eucalyptus-musk-350-gr-still-life.jpg\" \/>\n\t<meta property=\"og:image:width\" content=\"1024\" \/>\n\t<meta property=\"og:image:height\" content=\"1024\" \/>\n\t<meta property=\"og:image:type\" content=\"image\/jpeg\" \/>\n<meta name=\"twitter:card\" content=\"summary_large_image\" \/>\n<meta name=\"twitter:label1\" content=\"Dur\u00e9e de lecture estim\u00e9e\" \/>\n\t<meta name=\"twitter:data1\" content=\"1 minute\" \/>\n<script type=\"application\/ld+json\" class=\"yoast-schema-graph\">{\"@context\":\"https:\/\/schema.org\",\"@graph\":[{\"@type\":\"WebPage\",\"@id\":\"https:\/\/www.pernici.com\/fr\/prodotto\/bougies-eucalyptus-musc\/\",\"url\":\"https:\/\/www.pernici.com\/fr\/prodotto\/bougies-eucalyptus-musc\/\",\"name\":\"Bougie parfum\u00e9e Eucalyptus&Musqu\u00e9e fra\u00eecheur et harmonie-Pernici\",\"isPartOf\":{\"@id\":\"https:\/\/www.pernici.com\/fr\/#website\"},\"primaryImageOfPage\":{\"@id\":\"https:\/\/www.pernici.com\/fr\/prodotto\/bougies-eucalyptus-musc\/#primaryimage\"},\"image\":{\"@id\":\"https:\/\/www.pernici.com\/fr\/prodotto\/bougies-eucalyptus-musc\/#primaryimage\"},\"thumbnailUrl\":\"https:\/\/www.pernici.com\/wp-content\/uploads\/2024\/09\/candela-profumata-elementi-eucalyptus-musk-350-gr-still-life.jpg\",\"datePublished\":\"2024-09-24T07:02:59+00:00\",\"description\":\"D\u00e9couvrez Eucalyptus & Musk : bougie parfum\u00e9e \u00e0 l'eucalyptus, \u00e0 la menthe et au musc blanc. Un \u00e9quilibre de fra\u00eecheur, d'\u00e9nergie et de s\u00e9r\u00e9nit\u00e9.\",\"breadcrumb\":{\"@id\":\"https:\/\/www.pernici.com\/fr\/prodotto\/bougies-eucalyptus-musc\/#breadcrumb\"},\"inLanguage\":\"fr-FR\",\"potentialAction\":[{\"@type\":\"ReadAction\",\"target\":[\"https:\/\/www.pernici.com\/fr\/prodotto\/bougies-eucalyptus-musc\/\"]}]},{\"@type\":\"ImageObject\",\"inLanguage\":\"fr-FR\",\"@id\":\"https:\/\/www.pernici.com\/fr\/prodotto\/bougies-eucalyptus-musc\/#primaryimage\",\"url\":\"https:\/\/www.pernici.com\/wp-content\/uploads\/2024\/09\/candela-profumata-elementi-eucalyptus-musk-350-gr-still-life.jpg\",\"contentUrl\":\"https:\/\/www.pernici.com\/wp-content\/uploads\/2024\/09\/candela-profumata-elementi-eucalyptus-musk-350-gr-still-life.jpg\",\"width\":1024,\"height\":1024,\"caption\":\"Bougie parfum\u00e9e Eucalyptus&amp; Musc Elementi 350gr en nature morte.\"},{\"@type\":\"BreadcrumbList\",\"@id\":\"https:\/\/www.pernici.com\/fr\/prodotto\/bougies-eucalyptus-musc\/#breadcrumb\",\"itemListElement\":[{\"@type\":\"ListItem\",\"position\":1,\"name\":\"Accueil\",\"item\":\"https:\/\/www.pernici.com\/fr\/\"},{\"@type\":\"ListItem\",\"position\":2,\"name\":\"Boutique\",\"item\":\"https:\/\/www.pernici.com\/fr\/boutique\/\"},{\"@type\":\"ListItem\",\"position\":3,\"name\":\"Bougies Eucalyptus &amp; Musc\"}]},{\"@type\":\"WebSite\",\"@id\":\"https:\/\/www.pernici.com\/fr\/#website\",\"url\":\"https:\/\/www.pernici.com\/fr\/\",\"name\":\"Cereria Pernici Shop\",\"description\":\"una candela non illumina soltanto: racconta chi sei \",\"publisher\":{\"@id\":\"https:\/\/www.pernici.com\/fr\/#organization\"},\"potentialAction\":[{\"@type\":\"SearchAction\",\"target\":{\"@type\":\"EntryPoint\",\"urlTemplate\":\"https:\/\/www.pernici.com\/fr\/?s={search_term_string}\"},\"query-input\":{\"@type\":\"PropertyValueSpecification\",\"valueRequired\":true,\"valueName\":\"search_term_string\"}}],\"inLanguage\":\"fr-FR\"},{\"@type\":\"Organization\",\"@id\":\"https:\/\/www.pernici.com\/fr\/#organization\",\"name\":\"Cereria Pernici Shop\",\"url\":\"https:\/\/www.pernici.com\/fr\/\",\"logo\":{\"@type\":\"ImageObject\",\"inLanguage\":\"fr-FR\",\"@id\":\"https:\/\/www.pernici.com\/fr\/#\/schema\/logo\/image\/\",\"url\":\"https:\/\/www.pernici.com\/wp-content\/uploads\/2025\/07\/logo_pernici.png\",\"contentUrl\":\"https:\/\/www.pernici.com\/wp-content\/uploads\/2025\/07\/logo_pernici.png\",\"width\":432,\"height\":189,\"caption\":\"Cereria Pernici Shop\"},\"image\":{\"@id\":\"https:\/\/www.pernici.com\/fr\/#\/schema\/logo\/image\/\"},\"sameAs\":[\"https:\/\/www.facebook.com\/cereriapernici\",\"https:\/\/www.instagram.com\/cereriapernici\/\"]}]}<\/script>\n<!-- \/ Yoast SEO plugin. -->","yoast_head_json":{"title":"Bougie parfum\u00e9e Eucalyptus&Musqu\u00e9e fra\u00eecheur et harmonie-Pernici","description":"D\u00e9couvrez Eucalyptus & Musk : bougie parfum\u00e9e \u00e0 l'eucalyptus, \u00e0 la menthe et au musc blanc. Un \u00e9quilibre de fra\u00eecheur, d'\u00e9nergie et de s\u00e9r\u00e9nit\u00e9.","robots":{"index":"index","follow":"follow","max-snippet":"max-snippet:-1","max-image-preview":"max-image-preview:large","max-video-preview":"max-video-preview:-1"},"canonical":"https:\/\/www.pernici.com\/fr\/prodotto\/bougies-eucalyptus-musc\/","og_locale":"fr_FR","og_type":"article","og_title":"Bougie parfum\u00e9e Eucalyptus&Musqu\u00e9e fra\u00eecheur et harmonie-Pernici","og_description":"D\u00e9couvrez Eucalyptus & Musk : bougie parfum\u00e9e \u00e0 l'eucalyptus, \u00e0 la menthe et au musc blanc. Un \u00e9quilibre de fra\u00eecheur, d'\u00e9nergie et de s\u00e9r\u00e9nit\u00e9.","og_url":"https:\/\/www.pernici.com\/fr\/prodotto\/bougies-eucalyptus-musc\/","og_site_name":"Cereria Pernici","article_publisher":"https:\/\/www.facebook.com\/cereriapernici","og_image":[{"width":1024,"height":1024,"url":"https:\/\/www.pernici.com\/wp-content\/uploads\/2024\/09\/candela-profumata-elementi-eucalyptus-musk-350-gr-still-life.jpg","type":"image\/jpeg"}],"twitter_card":"summary_large_image","twitter_misc":{"Dur\u00e9e de lecture estim\u00e9e":"1 minute"},"schema":{"@context":"https:\/\/schema.org","@graph":[{"@type":"WebPage","@id":"https:\/\/www.pernici.com\/fr\/prodotto\/bougies-eucalyptus-musc\/","url":"https:\/\/www.pernici.com\/fr\/prodotto\/bougies-eucalyptus-musc\/","name":"Bougie parfum\u00e9e Eucalyptus&Musqu\u00e9e fra\u00eecheur et harmonie-Pernici","isPartOf":{"@id":"https:\/\/www.pernici.com\/fr\/#website"},"primaryImageOfPage":{"@id":"https:\/\/www.pernici.com\/fr\/prodotto\/bougies-eucalyptus-musc\/#primaryimage"},"image":{"@id":"https:\/\/www.pernici.com\/fr\/prodotto\/bougies-eucalyptus-musc\/#primaryimage"},"thumbnailUrl":"https:\/\/www.pernici.com\/wp-content\/uploads\/2024\/09\/candela-profumata-elementi-eucalyptus-musk-350-gr-still-life.jpg","datePublished":"2024-09-24T07:02:59+00:00","description":"D\u00e9couvrez Eucalyptus & Musk : bougie parfum\u00e9e \u00e0 l'eucalyptus, \u00e0 la menthe et au musc blanc. Un \u00e9quilibre de fra\u00eecheur, d'\u00e9nergie et de s\u00e9r\u00e9nit\u00e9.","breadcrumb":{"@id":"https:\/\/www.pernici.com\/fr\/prodotto\/bougies-eucalyptus-musc\/#breadcrumb"},"inLanguage":"fr-FR","potentialAction":[{"@type":"ReadAction","target":["https:\/\/www.pernici.com\/fr\/prodotto\/bougies-eucalyptus-musc\/"]}]},{"@type":"ImageObject","inLanguage":"fr-FR","@id":"https:\/\/www.pernici.com\/fr\/prodotto\/bougies-eucalyptus-musc\/#primaryimage","url":"https:\/\/www.pernici.com\/wp-content\/uploads\/2024\/09\/candela-profumata-elementi-eucalyptus-musk-350-gr-still-life.jpg","contentUrl":"https:\/\/www.pernici.com\/wp-content\/uploads\/2024\/09\/candela-profumata-elementi-eucalyptus-musk-350-gr-still-life.jpg","width":1024,"height":1024,"caption":"Bougie parfum\u00e9e Eucalyptus&amp; Musc Elementi 350gr en nature morte."},{"@type":"BreadcrumbList","@id":"https:\/\/www.pernici.com\/fr\/prodotto\/bougies-eucalyptus-musc\/#breadcrumb","itemListElement":[{"@type":"ListItem","position":1,"name":"Accueil","item":"https:\/\/www.pernici.com\/fr\/"},{"@type":"ListItem","position":2,"name":"Boutique","item":"https:\/\/www.pernici.com\/fr\/boutique\/"},{"@type":"ListItem","position":3,"name":"Bougies Eucalyptus &amp; Musc"}]},{"@type":"WebSite","@id":"https:\/\/www.pernici.com\/fr\/#website","url":"https:\/\/www.pernici.com\/fr\/","name":"Cereria Pernici Shop","description":"una candela non illumina soltanto: racconta chi sei ","publisher":{"@id":"https:\/\/www.pernici.com\/fr\/#organization"},"potentialAction":[{"@type":"SearchAction","target":{"@type":"EntryPoint","urlTemplate":"https:\/\/www.pernici.com\/fr\/?s={search_term_string}"},"query-input":{"@type":"PropertyValueSpecification","valueRequired":true,"valueName":"search_term_string"}}],"inLanguage":"fr-FR"},{"@type":"Organization","@id":"https:\/\/www.pernici.com\/fr\/#organization","name":"Cereria Pernici Shop","url":"https:\/\/www.pernici.com\/fr\/","logo":{"@type":"ImageObject","inLanguage":"fr-FR","@id":"https:\/\/www.pernici.com\/fr\/#\/schema\/logo\/image\/","url":"https:\/\/www.pernici.com\/wp-content\/uploads\/2025\/07\/logo_pernici.png","contentUrl":"https:\/\/www.pernici.com\/wp-content\/uploads\/2025\/07\/logo_pernici.png","width":432,"height":189,"caption":"Cereria Pernici Shop"},"image":{"@id":"https:\/\/www.pernici.com\/fr\/#\/schema\/logo\/image\/"},"sameAs":["https:\/\/www.facebook.com\/cereriapernici","https:\/\/www.instagram.com\/cereriapernici\/"]}]}},"_links":{"self":[{"href":"https:\/\/www.pernici.com\/fr\/wp-json\/wp\/v2\/product\/2894","targetHints":{"allow":["GET"]}}],"collection":[{"href":"https:\/\/www.pernici.com\/fr\/wp-json\/wp\/v2\/product"}],"about":[{"href":"https:\/\/www.pernici.com\/fr\/wp-json\/wp\/v2\/types\/product"}],"wp:featuredmedia":[{"embeddable":true,"href":"https:\/\/www.pernici.com\/fr\/wp-json\/wp\/v2\/media\/2900"}],"wp:attachment":[{"href":"https:\/\/www.pernici.com\/fr\/wp-json\/wp\/v2\/media?parent=2894"}],"wp:term":[{"taxonomy":"product_col","embeddable":true,"href":"https:\/\/www.pernici.com\/fr\/wp-json\/wp\/v2\/product_col?post=2894"},{"taxonomy":"product_brand","embeddable":true,"href":"https:\/\/www.pernici.com\/fr\/wp-json\/wp\/v2\/product_brand?post=2894"},{"taxonomy":"product_cat","embeddable":true,"href":"https:\/\/www.pernici.com\/fr\/wp-json\/wp\/v2\/product_cat?post=2894"},{"taxonomy":"product_tag","embeddable":true,"href":"https:\/\/www.pernici.com\/fr\/wp-json\/wp\/v2\/product_tag?post=2894"}],"curies":[{"name":"wp","href":"https:\/\/api.w.org\/{rel}","templated":true}]}}