{"id":2877,"date":"2024-09-24T07:02:53","date_gmt":"2024-09-24T07:02:53","guid":{"rendered":"https:\/\/www.pernici.com\/prodotto\/bougie-encens-et-patchouli\/"},"modified":"2024-09-24T07:02:53","modified_gmt":"2024-09-24T07:02:53","slug":"bougie-encens-et-patchouli","status":"publish","type":"product","link":"https:\/\/www.pernici.com\/fr\/prodotto\/bougie-encens-et-patchouli\/","title":{"rendered":"Bougie encens et patchouli"},"content":{"rendered":"<p class=\"p1\"><span class=\"s1\">Incense &amp; Patchouli<\/span> est un parfum au caract\u00e8re intense et myst\u00e9rieux, \u00e9voquant les atmosph\u00e8res du Moyen-Orient et les rituels de l&rsquo;ancienne spiritualit\u00e9.Le d\u00e9part \u00e9pic\u00e9 du <span class=\"s1\">cumin et du jasmin<\/span> introduit un c\u0153ur profond, o\u00f9 les notes d&rsquo;<span class=\"s1\">encens, de patchouli, de bois d&rsquo;agar et de safran<\/span> se fondent en un vortex aromatique et enveloppant.Dans le fond, le <span class=\"s1\">bois de santal, le v\u00e9tiver et le ladano<\/span> apportent chaleur et rondeur, r\u00e9v\u00e9lant une \u00e2me \u00e9l\u00e9gante et mystique. Un parfum d\u00e9crit comme<span class=\"s1\">\u00ab\u00a0le bois des dieux<\/span>\u00ab\u00a0, capable de transformer n&rsquo;importe quel espace en une exp\u00e9rience sensorielle intense et raffin\u00e9e. <\/p>\n<p class=\"p1\">Parfait pour ceux qui aiment les parfums chauds et spirituels au charme intemporel.<\/p>\n","protected":false},"excerpt":{"rendered":"<p class=\"p1\">Incense &amp; Patchouli est un parfum intense et spirituel qui associe l&rsquo;encens, le patchouli et les bois pr\u00e9cieux dans une senteur profonde et raffin\u00e9e.<\/p>\n","protected":false},"featured_media":2888,"template":"","meta":{"_acf_changed":false},"product_col":[33],"product_brand":[],"product_cat":[69,108],"product_tag":[75,76,123],"class_list":{"0":"post-2877","1":"product","2":"type-product","3":"status-publish","4":"has-post-thumbnail","6":"product_col-elementi","7":"product_cat-bougies","8":"product_cat-bougies-parfumees","9":"product_tag-200-g","10":"product_tag-350-g","11":"product_tag-70-g","12":"pa_formato-200-g","13":"pa_formato-350-g","14":"pa_formato-900-g","16":"first","17":"instock","18":"taxable","19":"shipping-taxable","20":"purchasable","21":"product-type-variable","22":"has-default-attributes"},"acf":[],"yoast_head":"<!-- This site is optimized with the Yoast SEO plugin v27.2 - https:\/\/yoast.com\/product\/yoast-seo-wordpress\/ -->\n<title>Bougie encens &amp; patchouli, intense et myst\u00e9rieuse - Pernici<\/title>\n<meta name=\"description\" content=\"D\u00e9couvrez Incense &amp; Patchouli : bougie parfum\u00e9e \u00e0 l&#039;encens, au patchouli et au bois de santal. Un parfum intense et mystique, inspir\u00e9 du &quot;bois des dieux&quot;.\" \/>\n<meta name=\"robots\" content=\"index, follow, max-snippet:-1, max-image-preview:large, max-video-preview:-1\" \/>\n<link rel=\"canonical\" href=\"https:\/\/www.pernici.com\/fr\/prodotto\/bougie-encens-et-patchouli\/\" \/>\n<meta property=\"og:locale\" content=\"fr_FR\" \/>\n<meta property=\"og:type\" content=\"article\" \/>\n<meta property=\"og:title\" content=\"Bougie encens &amp; patchouli, intense et myst\u00e9rieuse - Pernici\" \/>\n<meta property=\"og:description\" content=\"D\u00e9couvrez Incense &amp; Patchouli : bougie parfum\u00e9e \u00e0 l&#039;encens, au patchouli et au bois de santal. Un parfum intense et mystique, inspir\u00e9 du &quot;bois des dieux&quot;.\" \/>\n<meta property=\"og:url\" content=\"https:\/\/www.pernici.com\/fr\/prodotto\/bougie-encens-et-patchouli\/\" \/>\n<meta property=\"og:site_name\" content=\"Cereria Pernici\" \/>\n<meta property=\"article:publisher\" content=\"https:\/\/www.facebook.com\/cereriapernici\" \/>\n<meta property=\"og:image\" content=\"https:\/\/www.pernici.com\/wp-content\/uploads\/2025\/10\/candela-profumata-elementi-incense-patchouli-350-gr-still-life.jpg\" \/>\n\t<meta property=\"og:image:width\" content=\"1024\" \/>\n\t<meta property=\"og:image:height\" content=\"1024\" \/>\n\t<meta property=\"og:image:type\" content=\"image\/jpeg\" \/>\n<meta name=\"twitter:card\" content=\"summary_large_image\" \/>\n<meta name=\"twitter:label1\" content=\"Dur\u00e9e de lecture estim\u00e9e\" \/>\n\t<meta name=\"twitter:data1\" content=\"1 minute\" \/>\n<script type=\"application\/ld+json\" class=\"yoast-schema-graph\">{\"@context\":\"https:\/\/schema.org\",\"@graph\":[{\"@type\":\"WebPage\",\"@id\":\"https:\/\/www.pernici.com\/fr\/prodotto\/bougie-encens-et-patchouli\/\",\"url\":\"https:\/\/www.pernici.com\/fr\/prodotto\/bougie-encens-et-patchouli\/\",\"name\":\"Bougie encens & patchouli, intense et myst\u00e9rieuse - Pernici\",\"isPartOf\":{\"@id\":\"https:\/\/www.pernici.com\/fr\/#website\"},\"primaryImageOfPage\":{\"@id\":\"https:\/\/www.pernici.com\/fr\/prodotto\/bougie-encens-et-patchouli\/#primaryimage\"},\"image\":{\"@id\":\"https:\/\/www.pernici.com\/fr\/prodotto\/bougie-encens-et-patchouli\/#primaryimage\"},\"thumbnailUrl\":\"https:\/\/www.pernici.com\/wp-content\/uploads\/2025\/10\/candela-profumata-elementi-incense-patchouli-350-gr-still-life.jpg\",\"datePublished\":\"2024-09-24T07:02:53+00:00\",\"description\":\"D\u00e9couvrez Incense & Patchouli : bougie parfum\u00e9e \u00e0 l'encens, au patchouli et au bois de santal. Un parfum intense et mystique, inspir\u00e9 du \\\"bois des dieux\\\".\",\"breadcrumb\":{\"@id\":\"https:\/\/www.pernici.com\/fr\/prodotto\/bougie-encens-et-patchouli\/#breadcrumb\"},\"inLanguage\":\"fr-FR\",\"potentialAction\":[{\"@type\":\"ReadAction\",\"target\":[\"https:\/\/www.pernici.com\/fr\/prodotto\/bougie-encens-et-patchouli\/\"]}]},{\"@type\":\"ImageObject\",\"inLanguage\":\"fr-FR\",\"@id\":\"https:\/\/www.pernici.com\/fr\/prodotto\/bougie-encens-et-patchouli\/#primaryimage\",\"url\":\"https:\/\/www.pernici.com\/wp-content\/uploads\/2025\/10\/candela-profumata-elementi-incense-patchouli-350-gr-still-life.jpg\",\"contentUrl\":\"https:\/\/www.pernici.com\/wp-content\/uploads\/2025\/10\/candela-profumata-elementi-incense-patchouli-350-gr-still-life.jpg\",\"width\":1024,\"height\":1024,\"caption\":\"Bougie parfum\u00e9e Elements 350gr Encens &amp; Patchouli par Pernici en nature morte.\"},{\"@type\":\"BreadcrumbList\",\"@id\":\"https:\/\/www.pernici.com\/fr\/prodotto\/bougie-encens-et-patchouli\/#breadcrumb\",\"itemListElement\":[{\"@type\":\"ListItem\",\"position\":1,\"name\":\"Accueil\",\"item\":\"https:\/\/www.pernici.com\/fr\/\"},{\"@type\":\"ListItem\",\"position\":2,\"name\":\"Boutique\",\"item\":\"https:\/\/www.pernici.com\/fr\/boutique\/\"},{\"@type\":\"ListItem\",\"position\":3,\"name\":\"Bougie encens et patchouli\"}]},{\"@type\":\"WebSite\",\"@id\":\"https:\/\/www.pernici.com\/fr\/#website\",\"url\":\"https:\/\/www.pernici.com\/fr\/\",\"name\":\"Cereria Pernici Shop\",\"description\":\"una candela non illumina soltanto: racconta chi sei \",\"publisher\":{\"@id\":\"https:\/\/www.pernici.com\/fr\/#organization\"},\"potentialAction\":[{\"@type\":\"SearchAction\",\"target\":{\"@type\":\"EntryPoint\",\"urlTemplate\":\"https:\/\/www.pernici.com\/fr\/?s={search_term_string}\"},\"query-input\":{\"@type\":\"PropertyValueSpecification\",\"valueRequired\":true,\"valueName\":\"search_term_string\"}}],\"inLanguage\":\"fr-FR\"},{\"@type\":\"Organization\",\"@id\":\"https:\/\/www.pernici.com\/fr\/#organization\",\"name\":\"Cereria Pernici Shop\",\"url\":\"https:\/\/www.pernici.com\/fr\/\",\"logo\":{\"@type\":\"ImageObject\",\"inLanguage\":\"fr-FR\",\"@id\":\"https:\/\/www.pernici.com\/fr\/#\/schema\/logo\/image\/\",\"url\":\"https:\/\/www.pernici.com\/wp-content\/uploads\/2025\/07\/logo_pernici.png\",\"contentUrl\":\"https:\/\/www.pernici.com\/wp-content\/uploads\/2025\/07\/logo_pernici.png\",\"width\":432,\"height\":189,\"caption\":\"Cereria Pernici Shop\"},\"image\":{\"@id\":\"https:\/\/www.pernici.com\/fr\/#\/schema\/logo\/image\/\"},\"sameAs\":[\"https:\/\/www.facebook.com\/cereriapernici\",\"https:\/\/www.instagram.com\/cereriapernici\/\"]}]}<\/script>\n<!-- \/ Yoast SEO plugin. -->","yoast_head_json":{"title":"Bougie encens & patchouli, intense et myst\u00e9rieuse - Pernici","description":"D\u00e9couvrez Incense & Patchouli : bougie parfum\u00e9e \u00e0 l'encens, au patchouli et au bois de santal. Un parfum intense et mystique, inspir\u00e9 du \"bois des dieux\".","robots":{"index":"index","follow":"follow","max-snippet":"max-snippet:-1","max-image-preview":"max-image-preview:large","max-video-preview":"max-video-preview:-1"},"canonical":"https:\/\/www.pernici.com\/fr\/prodotto\/bougie-encens-et-patchouli\/","og_locale":"fr_FR","og_type":"article","og_title":"Bougie encens & patchouli, intense et myst\u00e9rieuse - Pernici","og_description":"D\u00e9couvrez Incense & Patchouli : bougie parfum\u00e9e \u00e0 l'encens, au patchouli et au bois de santal. Un parfum intense et mystique, inspir\u00e9 du \"bois des dieux\".","og_url":"https:\/\/www.pernici.com\/fr\/prodotto\/bougie-encens-et-patchouli\/","og_site_name":"Cereria Pernici","article_publisher":"https:\/\/www.facebook.com\/cereriapernici","og_image":[{"width":1024,"height":1024,"url":"https:\/\/www.pernici.com\/wp-content\/uploads\/2025\/10\/candela-profumata-elementi-incense-patchouli-350-gr-still-life.jpg","type":"image\/jpeg"}],"twitter_card":"summary_large_image","twitter_misc":{"Dur\u00e9e de lecture estim\u00e9e":"1 minute"},"schema":{"@context":"https:\/\/schema.org","@graph":[{"@type":"WebPage","@id":"https:\/\/www.pernici.com\/fr\/prodotto\/bougie-encens-et-patchouli\/","url":"https:\/\/www.pernici.com\/fr\/prodotto\/bougie-encens-et-patchouli\/","name":"Bougie encens & patchouli, intense et myst\u00e9rieuse - Pernici","isPartOf":{"@id":"https:\/\/www.pernici.com\/fr\/#website"},"primaryImageOfPage":{"@id":"https:\/\/www.pernici.com\/fr\/prodotto\/bougie-encens-et-patchouli\/#primaryimage"},"image":{"@id":"https:\/\/www.pernici.com\/fr\/prodotto\/bougie-encens-et-patchouli\/#primaryimage"},"thumbnailUrl":"https:\/\/www.pernici.com\/wp-content\/uploads\/2025\/10\/candela-profumata-elementi-incense-patchouli-350-gr-still-life.jpg","datePublished":"2024-09-24T07:02:53+00:00","description":"D\u00e9couvrez Incense & Patchouli : bougie parfum\u00e9e \u00e0 l'encens, au patchouli et au bois de santal. Un parfum intense et mystique, inspir\u00e9 du \"bois des dieux\".","breadcrumb":{"@id":"https:\/\/www.pernici.com\/fr\/prodotto\/bougie-encens-et-patchouli\/#breadcrumb"},"inLanguage":"fr-FR","potentialAction":[{"@type":"ReadAction","target":["https:\/\/www.pernici.com\/fr\/prodotto\/bougie-encens-et-patchouli\/"]}]},{"@type":"ImageObject","inLanguage":"fr-FR","@id":"https:\/\/www.pernici.com\/fr\/prodotto\/bougie-encens-et-patchouli\/#primaryimage","url":"https:\/\/www.pernici.com\/wp-content\/uploads\/2025\/10\/candela-profumata-elementi-incense-patchouli-350-gr-still-life.jpg","contentUrl":"https:\/\/www.pernici.com\/wp-content\/uploads\/2025\/10\/candela-profumata-elementi-incense-patchouli-350-gr-still-life.jpg","width":1024,"height":1024,"caption":"Bougie parfum\u00e9e Elements 350gr Encens &amp; Patchouli par Pernici en nature morte."},{"@type":"BreadcrumbList","@id":"https:\/\/www.pernici.com\/fr\/prodotto\/bougie-encens-et-patchouli\/#breadcrumb","itemListElement":[{"@type":"ListItem","position":1,"name":"Accueil","item":"https:\/\/www.pernici.com\/fr\/"},{"@type":"ListItem","position":2,"name":"Boutique","item":"https:\/\/www.pernici.com\/fr\/boutique\/"},{"@type":"ListItem","position":3,"name":"Bougie encens et patchouli"}]},{"@type":"WebSite","@id":"https:\/\/www.pernici.com\/fr\/#website","url":"https:\/\/www.pernici.com\/fr\/","name":"Cereria Pernici Shop","description":"una candela non illumina soltanto: racconta chi sei ","publisher":{"@id":"https:\/\/www.pernici.com\/fr\/#organization"},"potentialAction":[{"@type":"SearchAction","target":{"@type":"EntryPoint","urlTemplate":"https:\/\/www.pernici.com\/fr\/?s={search_term_string}"},"query-input":{"@type":"PropertyValueSpecification","valueRequired":true,"valueName":"search_term_string"}}],"inLanguage":"fr-FR"},{"@type":"Organization","@id":"https:\/\/www.pernici.com\/fr\/#organization","name":"Cereria Pernici Shop","url":"https:\/\/www.pernici.com\/fr\/","logo":{"@type":"ImageObject","inLanguage":"fr-FR","@id":"https:\/\/www.pernici.com\/fr\/#\/schema\/logo\/image\/","url":"https:\/\/www.pernici.com\/wp-content\/uploads\/2025\/07\/logo_pernici.png","contentUrl":"https:\/\/www.pernici.com\/wp-content\/uploads\/2025\/07\/logo_pernici.png","width":432,"height":189,"caption":"Cereria Pernici Shop"},"image":{"@id":"https:\/\/www.pernici.com\/fr\/#\/schema\/logo\/image\/"},"sameAs":["https:\/\/www.facebook.com\/cereriapernici","https:\/\/www.instagram.com\/cereriapernici\/"]}]}},"_links":{"self":[{"href":"https:\/\/www.pernici.com\/fr\/wp-json\/wp\/v2\/product\/2877","targetHints":{"allow":["GET"]}}],"collection":[{"href":"https:\/\/www.pernici.com\/fr\/wp-json\/wp\/v2\/product"}],"about":[{"href":"https:\/\/www.pernici.com\/fr\/wp-json\/wp\/v2\/types\/product"}],"wp:featuredmedia":[{"embeddable":true,"href":"https:\/\/www.pernici.com\/fr\/wp-json\/wp\/v2\/media\/2888"}],"wp:attachment":[{"href":"https:\/\/www.pernici.com\/fr\/wp-json\/wp\/v2\/media?parent=2877"}],"wp:term":[{"taxonomy":"product_col","embeddable":true,"href":"https:\/\/www.pernici.com\/fr\/wp-json\/wp\/v2\/product_col?post=2877"},{"taxonomy":"product_brand","embeddable":true,"href":"https:\/\/www.pernici.com\/fr\/wp-json\/wp\/v2\/product_brand?post=2877"},{"taxonomy":"product_cat","embeddable":true,"href":"https:\/\/www.pernici.com\/fr\/wp-json\/wp\/v2\/product_cat?post=2877"},{"taxonomy":"product_tag","embeddable":true,"href":"https:\/\/www.pernici.com\/fr\/wp-json\/wp\/v2\/product_tag?post=2877"}],"curies":[{"name":"wp","href":"https:\/\/api.w.org\/{rel}","templated":true}]}}