{"id":2850,"date":"2024-09-24T07:02:12","date_gmt":"2024-09-24T07:02:12","guid":{"rendered":"https:\/\/www.pernici.com\/prodotto\/bougie-rose-imperiale-petitgrain\/"},"modified":"2024-09-24T07:02:12","modified_gmt":"2024-09-24T07:02:12","slug":"bougie-rose-imperiale-petitgrain","status":"publish","type":"product","link":"https:\/\/www.pernici.com\/fr\/prodotto\/bougie-rose-imperiale-petitgrain\/","title":{"rendered":"Bougie Rose Imp\u00e9riale &amp; Petitgrain"},"content":{"rendered":"<p class=\"p1\"><span class=\"s1\">Imperial Rose &amp; Petitgrain<\/span> est un parfum qui incarne l&rsquo;\u00e9l\u00e9gance absolue et la sophistication intemporelle. Le d\u00e9part p\u00e9tillant et hesp\u00e9rid\u00e9 de la <span class=\"s1\">bergamote et du petitgrain<\/span>, accompagn\u00e9 d&rsquo;une d\u00e9licate touche de <span class=\"s1\">framboise et de n\u00e9roli<\/span>, introduit un c\u0153ur somptueux de <span class=\"s1\">rose imp\u00e9riale et de jasmin<\/span>, floral et velout\u00e9. Le fond, compos\u00e9 de <span class=\"s1\">bois de santal, de patchouli, d&rsquo;ambre et de musc<\/span>, apporte profondeur et sensualit\u00e9, enveloppant la pi\u00e8ce d&rsquo;un sillage chaud et sophistiqu\u00e9.  <\/p>\n<p class=\"p1\">Un parfum \u00e9quilibr\u00e9 et luxueux, con\u00e7u pour ceux qui aiment la beaut\u00e9 classique avec une touche contemporaine, capable de rendre tout espace plus intime, \u00e9l\u00e9gant et harmonieux.<\/p>\n","protected":false},"excerpt":{"rendered":"<p class=\"p1\">Imperial Rose &amp; Petitgrain est une fragrance \u00e9l\u00e9gante et sophistiqu\u00e9e qui associe la rose imp\u00e9riale, le jasmin et les bois pr\u00e9cieux dans un \u00e9quilibre raffin\u00e9.<\/p>\n","protected":false},"featured_media":2854,"template":"","meta":{"_acf_changed":false},"product_col":[33],"product_brand":[],"product_cat":[69,108],"product_tag":[75,76,123,77],"class_list":{"0":"post-2850","1":"product","2":"type-product","3":"status-publish","4":"has-post-thumbnail","6":"product_col-elementi","7":"product_cat-bougies","8":"product_cat-bougies-parfumees","9":"product_tag-200-g","10":"product_tag-350-g","11":"product_tag-70-g","12":"product_tag-900-g","13":"pa_formato-200-g","14":"pa_formato-350-g","15":"pa_formato-70-g","16":"pa_formato-900-g","18":"first","19":"instock","20":"taxable","21":"shipping-taxable","22":"purchasable","23":"product-type-variable","24":"has-default-attributes"},"acf":[],"yoast_head":"<!-- This site is optimized with the Yoast SEO plugin v27.4 - https:\/\/yoast.com\/product\/yoast-seo-wordpress\/ -->\n<title>BougieRose imp\u00e9riale &amp; Petitgrain, \u00e9l\u00e9gance et charme - Pernici<\/title>\n<meta name=\"description\" content=\"D\u00e9couvrez Imperial Rose &amp; Petitgrain : bougie parfum\u00e9e \u00e0 la rose, au jasmin et aux bois pr\u00e9cieux. Une fragrance \u00e9l\u00e9gante, sophistiqu\u00e9e et harmonieuse.\" \/>\n<meta name=\"robots\" content=\"index, follow, max-snippet:-1, max-image-preview:large, max-video-preview:-1\" \/>\n<link rel=\"canonical\" href=\"https:\/\/www.pernici.com\/fr\/prodotto\/bougie-rose-imperiale-petitgrain\/\" \/>\n<meta property=\"og:locale\" content=\"fr_FR\" \/>\n<meta property=\"og:type\" content=\"article\" \/>\n<meta property=\"og:title\" content=\"BougieRose imp\u00e9riale &amp; Petitgrain, \u00e9l\u00e9gance et charme - Pernici\" \/>\n<meta property=\"og:description\" content=\"D\u00e9couvrez Imperial Rose &amp; Petitgrain : bougie parfum\u00e9e \u00e0 la rose, au jasmin et aux bois pr\u00e9cieux. Une fragrance \u00e9l\u00e9gante, sophistiqu\u00e9e et harmonieuse.\" \/>\n<meta property=\"og:url\" content=\"https:\/\/www.pernici.com\/fr\/prodotto\/bougie-rose-imperiale-petitgrain\/\" \/>\n<meta property=\"og:site_name\" content=\"Cereria Pernici\" \/>\n<meta property=\"article:publisher\" content=\"https:\/\/www.facebook.com\/cereriapernici\" \/>\n<meta property=\"og:image\" content=\"https:\/\/www.pernici.com\/wp-content\/uploads\/2025\/10\/candela-profumata-elementi-imperial-rose-petitgrain-350-gr-still-life.jpg\" \/>\n\t<meta property=\"og:image:width\" content=\"1024\" \/>\n\t<meta property=\"og:image:height\" content=\"1024\" \/>\n\t<meta property=\"og:image:type\" content=\"image\/jpeg\" \/>\n<meta name=\"twitter:card\" content=\"summary_large_image\" \/>\n<meta name=\"twitter:label1\" content=\"Dur\u00e9e de lecture estim\u00e9e\" \/>\n\t<meta name=\"twitter:data1\" content=\"1 minute\" \/>\n<script type=\"application\/ld+json\" class=\"yoast-schema-graph\">{\"@context\":\"https:\\\/\\\/schema.org\",\"@graph\":[{\"@type\":\"WebPage\",\"@id\":\"https:\\\/\\\/www.pernici.com\\\/fr\\\/prodotto\\\/bougie-rose-imperiale-petitgrain\\\/\",\"url\":\"https:\\\/\\\/www.pernici.com\\\/fr\\\/prodotto\\\/bougie-rose-imperiale-petitgrain\\\/\",\"name\":\"BougieRose imp\u00e9riale & Petitgrain, \u00e9l\u00e9gance et charme - Pernici\",\"isPartOf\":{\"@id\":\"https:\\\/\\\/www.pernici.com\\\/fr\\\/#website\"},\"primaryImageOfPage\":{\"@id\":\"https:\\\/\\\/www.pernici.com\\\/fr\\\/prodotto\\\/bougie-rose-imperiale-petitgrain\\\/#primaryimage\"},\"image\":{\"@id\":\"https:\\\/\\\/www.pernici.com\\\/fr\\\/prodotto\\\/bougie-rose-imperiale-petitgrain\\\/#primaryimage\"},\"thumbnailUrl\":\"https:\\\/\\\/www.pernici.com\\\/wp-content\\\/uploads\\\/2025\\\/10\\\/candela-profumata-elementi-imperial-rose-petitgrain-350-gr-still-life.jpg\",\"datePublished\":\"2024-09-24T07:02:12+00:00\",\"description\":\"D\u00e9couvrez Imperial Rose & Petitgrain : bougie parfum\u00e9e \u00e0 la rose, au jasmin et aux bois pr\u00e9cieux. Une fragrance \u00e9l\u00e9gante, sophistiqu\u00e9e et harmonieuse.\",\"breadcrumb\":{\"@id\":\"https:\\\/\\\/www.pernici.com\\\/fr\\\/prodotto\\\/bougie-rose-imperiale-petitgrain\\\/#breadcrumb\"},\"inLanguage\":\"fr-FR\",\"potentialAction\":[{\"@type\":\"ReadAction\",\"target\":[\"https:\\\/\\\/www.pernici.com\\\/fr\\\/prodotto\\\/bougie-rose-imperiale-petitgrain\\\/\"]}]},{\"@type\":\"ImageObject\",\"inLanguage\":\"fr-FR\",\"@id\":\"https:\\\/\\\/www.pernici.com\\\/fr\\\/prodotto\\\/bougie-rose-imperiale-petitgrain\\\/#primaryimage\",\"url\":\"https:\\\/\\\/www.pernici.com\\\/wp-content\\\/uploads\\\/2025\\\/10\\\/candela-profumata-elementi-imperial-rose-petitgrain-350-gr-still-life.jpg\",\"contentUrl\":\"https:\\\/\\\/www.pernici.com\\\/wp-content\\\/uploads\\\/2025\\\/10\\\/candela-profumata-elementi-imperial-rose-petitgrain-350-gr-still-life.jpg\",\"width\":1024,\"height\":1024,\"caption\":\"Bougie parfum\u00e9e Elements 350gr parfum\u00e9e Rose Imp\u00e9riale &amp; Petitgrain par Pernici en nature morte.\"},{\"@type\":\"BreadcrumbList\",\"@id\":\"https:\\\/\\\/www.pernici.com\\\/fr\\\/prodotto\\\/bougie-rose-imperiale-petitgrain\\\/#breadcrumb\",\"itemListElement\":[{\"@type\":\"ListItem\",\"position\":1,\"name\":\"Accueil\",\"item\":\"https:\\\/\\\/www.pernici.com\\\/fr\\\/\"},{\"@type\":\"ListItem\",\"position\":2,\"name\":\"Boutique\",\"item\":\"https:\\\/\\\/www.pernici.com\\\/fr\\\/boutique\\\/\"},{\"@type\":\"ListItem\",\"position\":3,\"name\":\"Bougie Rose Imp\u00e9riale &amp; Petitgrain\"}]},{\"@type\":\"WebSite\",\"@id\":\"https:\\\/\\\/www.pernici.com\\\/fr\\\/#website\",\"url\":\"https:\\\/\\\/www.pernici.com\\\/fr\\\/\",\"name\":\"Cereria Pernici Shop\",\"description\":\"una candela non illumina soltanto: racconta chi sei \",\"publisher\":{\"@id\":\"https:\\\/\\\/www.pernici.com\\\/fr\\\/#organization\"},\"potentialAction\":[{\"@type\":\"SearchAction\",\"target\":{\"@type\":\"EntryPoint\",\"urlTemplate\":\"https:\\\/\\\/www.pernici.com\\\/fr\\\/?s={search_term_string}\"},\"query-input\":{\"@type\":\"PropertyValueSpecification\",\"valueRequired\":true,\"valueName\":\"search_term_string\"}}],\"inLanguage\":\"fr-FR\"},{\"@type\":\"Organization\",\"@id\":\"https:\\\/\\\/www.pernici.com\\\/fr\\\/#organization\",\"name\":\"Cereria Pernici Shop\",\"url\":\"https:\\\/\\\/www.pernici.com\\\/fr\\\/\",\"logo\":{\"@type\":\"ImageObject\",\"inLanguage\":\"fr-FR\",\"@id\":\"https:\\\/\\\/www.pernici.com\\\/fr\\\/#\\\/schema\\\/logo\\\/image\\\/\",\"url\":\"https:\\\/\\\/www.pernici.com\\\/wp-content\\\/uploads\\\/2025\\\/07\\\/logo_pernici.png\",\"contentUrl\":\"https:\\\/\\\/www.pernici.com\\\/wp-content\\\/uploads\\\/2025\\\/07\\\/logo_pernici.png\",\"width\":432,\"height\":189,\"caption\":\"Cereria Pernici Shop\"},\"image\":{\"@id\":\"https:\\\/\\\/www.pernici.com\\\/fr\\\/#\\\/schema\\\/logo\\\/image\\\/\"},\"sameAs\":[\"https:\\\/\\\/www.facebook.com\\\/cereriapernici\",\"https:\\\/\\\/www.instagram.com\\\/cereriapernici\\\/\"]}]}<\/script>\n<!-- \/ Yoast SEO plugin. -->","yoast_head_json":{"title":"BougieRose imp\u00e9riale & Petitgrain, \u00e9l\u00e9gance et charme - Pernici","description":"D\u00e9couvrez Imperial Rose & Petitgrain : bougie parfum\u00e9e \u00e0 la rose, au jasmin et aux bois pr\u00e9cieux. Une fragrance \u00e9l\u00e9gante, sophistiqu\u00e9e et harmonieuse.","robots":{"index":"index","follow":"follow","max-snippet":"max-snippet:-1","max-image-preview":"max-image-preview:large","max-video-preview":"max-video-preview:-1"},"canonical":"https:\/\/www.pernici.com\/fr\/prodotto\/bougie-rose-imperiale-petitgrain\/","og_locale":"fr_FR","og_type":"article","og_title":"BougieRose imp\u00e9riale & Petitgrain, \u00e9l\u00e9gance et charme - Pernici","og_description":"D\u00e9couvrez Imperial Rose & Petitgrain : bougie parfum\u00e9e \u00e0 la rose, au jasmin et aux bois pr\u00e9cieux. Une fragrance \u00e9l\u00e9gante, sophistiqu\u00e9e et harmonieuse.","og_url":"https:\/\/www.pernici.com\/fr\/prodotto\/bougie-rose-imperiale-petitgrain\/","og_site_name":"Cereria Pernici","article_publisher":"https:\/\/www.facebook.com\/cereriapernici","og_image":[{"width":1024,"height":1024,"url":"https:\/\/www.pernici.com\/wp-content\/uploads\/2025\/10\/candela-profumata-elementi-imperial-rose-petitgrain-350-gr-still-life.jpg","type":"image\/jpeg"}],"twitter_card":"summary_large_image","twitter_misc":{"Dur\u00e9e de lecture estim\u00e9e":"1 minute"},"schema":{"@context":"https:\/\/schema.org","@graph":[{"@type":"WebPage","@id":"https:\/\/www.pernici.com\/fr\/prodotto\/bougie-rose-imperiale-petitgrain\/","url":"https:\/\/www.pernici.com\/fr\/prodotto\/bougie-rose-imperiale-petitgrain\/","name":"BougieRose imp\u00e9riale & Petitgrain, \u00e9l\u00e9gance et charme - Pernici","isPartOf":{"@id":"https:\/\/www.pernici.com\/fr\/#website"},"primaryImageOfPage":{"@id":"https:\/\/www.pernici.com\/fr\/prodotto\/bougie-rose-imperiale-petitgrain\/#primaryimage"},"image":{"@id":"https:\/\/www.pernici.com\/fr\/prodotto\/bougie-rose-imperiale-petitgrain\/#primaryimage"},"thumbnailUrl":"https:\/\/www.pernici.com\/wp-content\/uploads\/2025\/10\/candela-profumata-elementi-imperial-rose-petitgrain-350-gr-still-life.jpg","datePublished":"2024-09-24T07:02:12+00:00","description":"D\u00e9couvrez Imperial Rose & Petitgrain : bougie parfum\u00e9e \u00e0 la rose, au jasmin et aux bois pr\u00e9cieux. Une fragrance \u00e9l\u00e9gante, sophistiqu\u00e9e et harmonieuse.","breadcrumb":{"@id":"https:\/\/www.pernici.com\/fr\/prodotto\/bougie-rose-imperiale-petitgrain\/#breadcrumb"},"inLanguage":"fr-FR","potentialAction":[{"@type":"ReadAction","target":["https:\/\/www.pernici.com\/fr\/prodotto\/bougie-rose-imperiale-petitgrain\/"]}]},{"@type":"ImageObject","inLanguage":"fr-FR","@id":"https:\/\/www.pernici.com\/fr\/prodotto\/bougie-rose-imperiale-petitgrain\/#primaryimage","url":"https:\/\/www.pernici.com\/wp-content\/uploads\/2025\/10\/candela-profumata-elementi-imperial-rose-petitgrain-350-gr-still-life.jpg","contentUrl":"https:\/\/www.pernici.com\/wp-content\/uploads\/2025\/10\/candela-profumata-elementi-imperial-rose-petitgrain-350-gr-still-life.jpg","width":1024,"height":1024,"caption":"Bougie parfum\u00e9e Elements 350gr parfum\u00e9e Rose Imp\u00e9riale &amp; Petitgrain par Pernici en nature morte."},{"@type":"BreadcrumbList","@id":"https:\/\/www.pernici.com\/fr\/prodotto\/bougie-rose-imperiale-petitgrain\/#breadcrumb","itemListElement":[{"@type":"ListItem","position":1,"name":"Accueil","item":"https:\/\/www.pernici.com\/fr\/"},{"@type":"ListItem","position":2,"name":"Boutique","item":"https:\/\/www.pernici.com\/fr\/boutique\/"},{"@type":"ListItem","position":3,"name":"Bougie Rose Imp\u00e9riale &amp; Petitgrain"}]},{"@type":"WebSite","@id":"https:\/\/www.pernici.com\/fr\/#website","url":"https:\/\/www.pernici.com\/fr\/","name":"Cereria Pernici Shop","description":"una candela non illumina soltanto: racconta chi sei ","publisher":{"@id":"https:\/\/www.pernici.com\/fr\/#organization"},"potentialAction":[{"@type":"SearchAction","target":{"@type":"EntryPoint","urlTemplate":"https:\/\/www.pernici.com\/fr\/?s={search_term_string}"},"query-input":{"@type":"PropertyValueSpecification","valueRequired":true,"valueName":"search_term_string"}}],"inLanguage":"fr-FR"},{"@type":"Organization","@id":"https:\/\/www.pernici.com\/fr\/#organization","name":"Cereria Pernici Shop","url":"https:\/\/www.pernici.com\/fr\/","logo":{"@type":"ImageObject","inLanguage":"fr-FR","@id":"https:\/\/www.pernici.com\/fr\/#\/schema\/logo\/image\/","url":"https:\/\/www.pernici.com\/wp-content\/uploads\/2025\/07\/logo_pernici.png","contentUrl":"https:\/\/www.pernici.com\/wp-content\/uploads\/2025\/07\/logo_pernici.png","width":432,"height":189,"caption":"Cereria Pernici Shop"},"image":{"@id":"https:\/\/www.pernici.com\/fr\/#\/schema\/logo\/image\/"},"sameAs":["https:\/\/www.facebook.com\/cereriapernici","https:\/\/www.instagram.com\/cereriapernici\/"]}]}},"_links":{"self":[{"href":"https:\/\/www.pernici.com\/fr\/wp-json\/wp\/v2\/product\/2850","targetHints":{"allow":["GET"]}}],"collection":[{"href":"https:\/\/www.pernici.com\/fr\/wp-json\/wp\/v2\/product"}],"about":[{"href":"https:\/\/www.pernici.com\/fr\/wp-json\/wp\/v2\/types\/product"}],"wp:featuredmedia":[{"embeddable":true,"href":"https:\/\/www.pernici.com\/fr\/wp-json\/wp\/v2\/media\/2854"}],"wp:attachment":[{"href":"https:\/\/www.pernici.com\/fr\/wp-json\/wp\/v2\/media?parent=2850"}],"wp:term":[{"taxonomy":"product_col","embeddable":true,"href":"https:\/\/www.pernici.com\/fr\/wp-json\/wp\/v2\/product_col?post=2850"},{"taxonomy":"product_brand","embeddable":true,"href":"https:\/\/www.pernici.com\/fr\/wp-json\/wp\/v2\/product_brand?post=2850"},{"taxonomy":"product_cat","embeddable":true,"href":"https:\/\/www.pernici.com\/fr\/wp-json\/wp\/v2\/product_cat?post=2850"},{"taxonomy":"product_tag","embeddable":true,"href":"https:\/\/www.pernici.com\/fr\/wp-json\/wp\/v2\/product_tag?post=2850"}],"curies":[{"name":"wp","href":"https:\/\/api.w.org\/{rel}","templated":true}]}}