{"id":2816,"date":"2023-11-02T10:42:45","date_gmt":"2023-11-02T10:42:45","guid":{"rendered":"https:\/\/www.pernici.com\/prodotto\/capsule-de-noel-blanche\/"},"modified":"2023-11-02T10:42:45","modified_gmt":"2023-11-02T10:42:45","slug":"capsule-de-noel-blanche","status":"publish","type":"product","link":"https:\/\/www.pernici.com\/fr\/prodotto\/capsule-de-noel-blanche\/","title":{"rendered":"Capsule de No\u00ebl blanche"},"content":{"rendered":"<p>Le premier parfum fruit\u00e9 et \u00e9pic\u00e9 \u00e9volue entre l&rsquo;orange et la cannelle sur un fond de vanille.<\/p>\n<p>Le second est sucr\u00e9, lait vanill\u00e9 et amande, caramel et fond musqu\u00e9.<\/p>\n<p>Le troisi\u00e8me est \u00e0 nouveau frais, citron, menthe et poivre sur un fond bois\u00e9 de c\u00e8dre.<\/p>\n<p>Enfin, la quatri\u00e8me fragrance, un retour aux senteurs hesp\u00e9rid\u00e9es de l&rsquo;orange et des \u00e9pices sur une base d&rsquo;amande et de cannelle.<\/p>\n<p>Un va-et-vient olfactif et \u00e9motionnel, comme une m\u00e9lodie, compos\u00e9e d&rsquo;aigus et de graves, o\u00f9 chacun fait sa chose, mais c&rsquo;est ensemble que l&rsquo;on obtient un chef-d&rsquo;\u0153uvre.<\/p>\n<p>&nbsp;<\/p>\n","protected":false},"excerpt":{"rendered":"<p>Le premier parfum fruit\u00e9 et \u00e9pic\u00e9 \u00e9volue entre l&rsquo;orange et la cannelle sur un fond de vanille. Le second est sucr\u00e9, lait vanill\u00e9 et amande, caramel et fond musqu\u00e9. Le troisi\u00e8me est \u00e0 nouveau frais, citron, menthe et poivre sur un fond bois\u00e9 de c\u00e8dre. Enfin, la quatri\u00e8me fragrance, un retour aux senteurs hesp\u00e9rid\u00e9es de [&hellip;]<\/p>\n","protected":false},"featured_media":4414,"template":"","meta":{"_acf_changed":false},"product_col":[29],"product_brand":[],"product_cat":[108],"product_tag":[],"class_list":{"0":"post-2816","1":"product","2":"type-product","3":"status-publish","4":"has-post-thumbnail","6":"product_col-capsule","7":"product_cat-bougies-parfumees","9":"first","10":"outofstock","11":"taxable","12":"shipping-taxable","13":"purchasable","14":"product-type-simple"},"acf":[],"yoast_head":"<!-- This site is optimized with the Yoast SEO plugin v27.2 - https:\/\/yoast.com\/product\/yoast-seo-wordpress\/ -->\n<title>Capsule de No\u00ebl blanche - Cereria Pernici<\/title>\n<meta name=\"robots\" content=\"index, follow, max-snippet:-1, max-image-preview:large, max-video-preview:-1\" \/>\n<link rel=\"canonical\" href=\"https:\/\/www.pernici.com\/fr\/prodotto\/capsule-de-noel-blanche\/\" \/>\n<meta property=\"og:locale\" content=\"fr_FR\" \/>\n<meta property=\"og:type\" content=\"article\" \/>\n<meta property=\"og:title\" content=\"Capsule de No\u00ebl blanche - Cereria Pernici\" \/>\n<meta property=\"og:description\" content=\"Le premier parfum fruit\u00e9 et \u00e9pic\u00e9 \u00e9volue entre l&rsquo;orange et la cannelle sur un fond de vanille. Le second est sucr\u00e9, lait vanill\u00e9 et amande, caramel et fond musqu\u00e9. Le troisi\u00e8me est \u00e0 nouveau frais, citron, menthe et poivre sur un fond bois\u00e9 de c\u00e8dre. Enfin, la quatri\u00e8me fragrance, un retour aux senteurs hesp\u00e9rid\u00e9es de [&hellip;]\" \/>\n<meta property=\"og:url\" content=\"https:\/\/www.pernici.com\/fr\/prodotto\/capsule-de-noel-blanche\/\" \/>\n<meta property=\"og:site_name\" content=\"Cereria Pernici\" \/>\n<meta property=\"article:publisher\" content=\"https:\/\/www.facebook.com\/cereriapernici\" \/>\n<meta property=\"og:image\" content=\"https:\/\/www.pernici.com\/wp-content\/uploads\/2025\/08\/Capsule-XMASS_3-web.jpg\" \/>\n\t<meta property=\"og:image:width\" content=\"2000\" \/>\n\t<meta property=\"og:image:height\" content=\"2000\" \/>\n\t<meta property=\"og:image:type\" content=\"image\/jpeg\" \/>\n<meta name=\"twitter:card\" content=\"summary_large_image\" \/>\n<meta name=\"twitter:label1\" content=\"Dur\u00e9e de lecture estim\u00e9e\" \/>\n\t<meta name=\"twitter:data1\" content=\"1 minute\" \/>\n<script type=\"application\/ld+json\" class=\"yoast-schema-graph\">{\"@context\":\"https:\/\/schema.org\",\"@graph\":[{\"@type\":\"WebPage\",\"@id\":\"https:\/\/www.pernici.com\/fr\/prodotto\/capsule-de-noel-blanche\/\",\"url\":\"https:\/\/www.pernici.com\/fr\/prodotto\/capsule-de-noel-blanche\/\",\"name\":\"Capsule de No\u00ebl blanche - Cereria Pernici\",\"isPartOf\":{\"@id\":\"https:\/\/www.pernici.com\/fr\/#website\"},\"primaryImageOfPage\":{\"@id\":\"https:\/\/www.pernici.com\/fr\/prodotto\/capsule-de-noel-blanche\/#primaryimage\"},\"image\":{\"@id\":\"https:\/\/www.pernici.com\/fr\/prodotto\/capsule-de-noel-blanche\/#primaryimage\"},\"thumbnailUrl\":\"https:\/\/www.pernici.com\/wp-content\/uploads\/2025\/08\/Capsule-XMASS_3-web.jpg\",\"datePublished\":\"2023-11-02T10:42:45+00:00\",\"breadcrumb\":{\"@id\":\"https:\/\/www.pernici.com\/fr\/prodotto\/capsule-de-noel-blanche\/#breadcrumb\"},\"inLanguage\":\"fr-FR\",\"potentialAction\":[{\"@type\":\"ReadAction\",\"target\":[\"https:\/\/www.pernici.com\/fr\/prodotto\/capsule-de-noel-blanche\/\"]}]},{\"@type\":\"ImageObject\",\"inLanguage\":\"fr-FR\",\"@id\":\"https:\/\/www.pernici.com\/fr\/prodotto\/capsule-de-noel-blanche\/#primaryimage\",\"url\":\"https:\/\/www.pernici.com\/wp-content\/uploads\/2025\/08\/Capsule-XMASS_3-web.jpg\",\"contentUrl\":\"https:\/\/www.pernici.com\/wp-content\/uploads\/2025\/08\/Capsule-XMASS_3-web.jpg\",\"width\":2000,\"height\":2000},{\"@type\":\"BreadcrumbList\",\"@id\":\"https:\/\/www.pernici.com\/fr\/prodotto\/capsule-de-noel-blanche\/#breadcrumb\",\"itemListElement\":[{\"@type\":\"ListItem\",\"position\":1,\"name\":\"Accueil\",\"item\":\"https:\/\/www.pernici.com\/fr\/\"},{\"@type\":\"ListItem\",\"position\":2,\"name\":\"Boutique\",\"item\":\"https:\/\/www.pernici.com\/fr\/boutique\/\"},{\"@type\":\"ListItem\",\"position\":3,\"name\":\"Bougies\",\"item\":\"https:\/\/www.pernici.com\/fr\/categoria-prodotto\/bougies\/\"},{\"@type\":\"ListItem\",\"position\":4,\"name\":\"Bougies parfum\u00e9es\",\"item\":\"https:\/\/www.pernici.com\/fr\/categoria-prodotto\/bougies\/bougies-parfumees\/\"},{\"@type\":\"ListItem\",\"position\":5,\"name\":\"Capsule de No\u00ebl blanche\"}]},{\"@type\":\"WebSite\",\"@id\":\"https:\/\/www.pernici.com\/fr\/#website\",\"url\":\"https:\/\/www.pernici.com\/fr\/\",\"name\":\"Cereria Pernici Shop\",\"description\":\"una candela non illumina soltanto: racconta chi sei \",\"publisher\":{\"@id\":\"https:\/\/www.pernici.com\/fr\/#organization\"},\"potentialAction\":[{\"@type\":\"SearchAction\",\"target\":{\"@type\":\"EntryPoint\",\"urlTemplate\":\"https:\/\/www.pernici.com\/fr\/?s={search_term_string}\"},\"query-input\":{\"@type\":\"PropertyValueSpecification\",\"valueRequired\":true,\"valueName\":\"search_term_string\"}}],\"inLanguage\":\"fr-FR\"},{\"@type\":\"Organization\",\"@id\":\"https:\/\/www.pernici.com\/fr\/#organization\",\"name\":\"Cereria Pernici Shop\",\"url\":\"https:\/\/www.pernici.com\/fr\/\",\"logo\":{\"@type\":\"ImageObject\",\"inLanguage\":\"fr-FR\",\"@id\":\"https:\/\/www.pernici.com\/fr\/#\/schema\/logo\/image\/\",\"url\":\"https:\/\/www.pernici.com\/wp-content\/uploads\/2025\/07\/logo_pernici.png\",\"contentUrl\":\"https:\/\/www.pernici.com\/wp-content\/uploads\/2025\/07\/logo_pernici.png\",\"width\":432,\"height\":189,\"caption\":\"Cereria Pernici Shop\"},\"image\":{\"@id\":\"https:\/\/www.pernici.com\/fr\/#\/schema\/logo\/image\/\"},\"sameAs\":[\"https:\/\/www.facebook.com\/cereriapernici\",\"https:\/\/www.instagram.com\/cereriapernici\/\"]}]}<\/script>\n<!-- \/ Yoast SEO plugin. -->","yoast_head_json":{"title":"Capsule de No\u00ebl blanche - Cereria Pernici","robots":{"index":"index","follow":"follow","max-snippet":"max-snippet:-1","max-image-preview":"max-image-preview:large","max-video-preview":"max-video-preview:-1"},"canonical":"https:\/\/www.pernici.com\/fr\/prodotto\/capsule-de-noel-blanche\/","og_locale":"fr_FR","og_type":"article","og_title":"Capsule de No\u00ebl blanche - Cereria Pernici","og_description":"Le premier parfum fruit\u00e9 et \u00e9pic\u00e9 \u00e9volue entre l&rsquo;orange et la cannelle sur un fond de vanille. Le second est sucr\u00e9, lait vanill\u00e9 et amande, caramel et fond musqu\u00e9. Le troisi\u00e8me est \u00e0 nouveau frais, citron, menthe et poivre sur un fond bois\u00e9 de c\u00e8dre. Enfin, la quatri\u00e8me fragrance, un retour aux senteurs hesp\u00e9rid\u00e9es de [&hellip;]","og_url":"https:\/\/www.pernici.com\/fr\/prodotto\/capsule-de-noel-blanche\/","og_site_name":"Cereria Pernici","article_publisher":"https:\/\/www.facebook.com\/cereriapernici","og_image":[{"width":2000,"height":2000,"url":"https:\/\/www.pernici.com\/wp-content\/uploads\/2025\/08\/Capsule-XMASS_3-web.jpg","type":"image\/jpeg"}],"twitter_card":"summary_large_image","twitter_misc":{"Dur\u00e9e de lecture estim\u00e9e":"1 minute"},"schema":{"@context":"https:\/\/schema.org","@graph":[{"@type":"WebPage","@id":"https:\/\/www.pernici.com\/fr\/prodotto\/capsule-de-noel-blanche\/","url":"https:\/\/www.pernici.com\/fr\/prodotto\/capsule-de-noel-blanche\/","name":"Capsule de No\u00ebl blanche - Cereria Pernici","isPartOf":{"@id":"https:\/\/www.pernici.com\/fr\/#website"},"primaryImageOfPage":{"@id":"https:\/\/www.pernici.com\/fr\/prodotto\/capsule-de-noel-blanche\/#primaryimage"},"image":{"@id":"https:\/\/www.pernici.com\/fr\/prodotto\/capsule-de-noel-blanche\/#primaryimage"},"thumbnailUrl":"https:\/\/www.pernici.com\/wp-content\/uploads\/2025\/08\/Capsule-XMASS_3-web.jpg","datePublished":"2023-11-02T10:42:45+00:00","breadcrumb":{"@id":"https:\/\/www.pernici.com\/fr\/prodotto\/capsule-de-noel-blanche\/#breadcrumb"},"inLanguage":"fr-FR","potentialAction":[{"@type":"ReadAction","target":["https:\/\/www.pernici.com\/fr\/prodotto\/capsule-de-noel-blanche\/"]}]},{"@type":"ImageObject","inLanguage":"fr-FR","@id":"https:\/\/www.pernici.com\/fr\/prodotto\/capsule-de-noel-blanche\/#primaryimage","url":"https:\/\/www.pernici.com\/wp-content\/uploads\/2025\/08\/Capsule-XMASS_3-web.jpg","contentUrl":"https:\/\/www.pernici.com\/wp-content\/uploads\/2025\/08\/Capsule-XMASS_3-web.jpg","width":2000,"height":2000},{"@type":"BreadcrumbList","@id":"https:\/\/www.pernici.com\/fr\/prodotto\/capsule-de-noel-blanche\/#breadcrumb","itemListElement":[{"@type":"ListItem","position":1,"name":"Accueil","item":"https:\/\/www.pernici.com\/fr\/"},{"@type":"ListItem","position":2,"name":"Boutique","item":"https:\/\/www.pernici.com\/fr\/boutique\/"},{"@type":"ListItem","position":3,"name":"Bougies","item":"https:\/\/www.pernici.com\/fr\/categoria-prodotto\/bougies\/"},{"@type":"ListItem","position":4,"name":"Bougies parfum\u00e9es","item":"https:\/\/www.pernici.com\/fr\/categoria-prodotto\/bougies\/bougies-parfumees\/"},{"@type":"ListItem","position":5,"name":"Capsule de No\u00ebl blanche"}]},{"@type":"WebSite","@id":"https:\/\/www.pernici.com\/fr\/#website","url":"https:\/\/www.pernici.com\/fr\/","name":"Cereria Pernici Shop","description":"una candela non illumina soltanto: racconta chi sei ","publisher":{"@id":"https:\/\/www.pernici.com\/fr\/#organization"},"potentialAction":[{"@type":"SearchAction","target":{"@type":"EntryPoint","urlTemplate":"https:\/\/www.pernici.com\/fr\/?s={search_term_string}"},"query-input":{"@type":"PropertyValueSpecification","valueRequired":true,"valueName":"search_term_string"}}],"inLanguage":"fr-FR"},{"@type":"Organization","@id":"https:\/\/www.pernici.com\/fr\/#organization","name":"Cereria Pernici Shop","url":"https:\/\/www.pernici.com\/fr\/","logo":{"@type":"ImageObject","inLanguage":"fr-FR","@id":"https:\/\/www.pernici.com\/fr\/#\/schema\/logo\/image\/","url":"https:\/\/www.pernici.com\/wp-content\/uploads\/2025\/07\/logo_pernici.png","contentUrl":"https:\/\/www.pernici.com\/wp-content\/uploads\/2025\/07\/logo_pernici.png","width":432,"height":189,"caption":"Cereria Pernici Shop"},"image":{"@id":"https:\/\/www.pernici.com\/fr\/#\/schema\/logo\/image\/"},"sameAs":["https:\/\/www.facebook.com\/cereriapernici","https:\/\/www.instagram.com\/cereriapernici\/"]}]}},"_links":{"self":[{"href":"https:\/\/www.pernici.com\/fr\/wp-json\/wp\/v2\/product\/2816","targetHints":{"allow":["GET"]}}],"collection":[{"href":"https:\/\/www.pernici.com\/fr\/wp-json\/wp\/v2\/product"}],"about":[{"href":"https:\/\/www.pernici.com\/fr\/wp-json\/wp\/v2\/types\/product"}],"wp:featuredmedia":[{"embeddable":true,"href":"https:\/\/www.pernici.com\/fr\/wp-json\/wp\/v2\/media\/4414"}],"wp:attachment":[{"href":"https:\/\/www.pernici.com\/fr\/wp-json\/wp\/v2\/media?parent=2816"}],"wp:term":[{"taxonomy":"product_col","embeddable":true,"href":"https:\/\/www.pernici.com\/fr\/wp-json\/wp\/v2\/product_col?post=2816"},{"taxonomy":"product_brand","embeddable":true,"href":"https:\/\/www.pernici.com\/fr\/wp-json\/wp\/v2\/product_brand?post=2816"},{"taxonomy":"product_cat","embeddable":true,"href":"https:\/\/www.pernici.com\/fr\/wp-json\/wp\/v2\/product_cat?post=2816"},{"taxonomy":"product_tag","embeddable":true,"href":"https:\/\/www.pernici.com\/fr\/wp-json\/wp\/v2\/product_tag?post=2816"}],"curies":[{"name":"wp","href":"https:\/\/api.w.org\/{rel}","templated":true}]}}