{"id":2790,"date":"2024-09-24T07:03:07","date_gmt":"2024-09-24T07:03:07","guid":{"rendered":"https:\/\/www.pernici.com\/prodotto\/bougie-ambre-bois\/"},"modified":"2024-09-24T07:03:07","modified_gmt":"2024-09-24T07:03:07","slug":"bougie-ambre-bois","status":"publish","type":"product","link":"https:\/\/www.pernici.com\/fr\/prodotto\/bougie-ambre-bois\/","title":{"rendered":"Bougie Ambre &amp; Bois"},"content":{"rendered":"<p class=\"p1\">Un parfum <span class=\"s1\">intense et magn\u00e9tique, o\u00f9 l&rsquo;<\/span>accord profond de l&rsquo;ambre et du bois<span class=\"s1\"> rencontre les <\/span>nuances myst\u00e9rieuses de la myrrhe<span class=\"s1\">.<\/span>Un parfum qui enveloppe et surprend, capable d&rsquo;\u00e9voquer des atmosph\u00e8res chaudes et sophistiqu\u00e9es.<\/p>\n<p class=\"p1\">Son caract\u00e8re \u00e9l\u00e9gant et affirm\u00e9 le rend parfait pour ceux qui aiment les parfums qui laissent leur marque ; <span class=\"s2\">un \u00e9quilibre de force, de sensualit\u00e9 et de charme intemporel<\/span>.<\/p>\n","protected":false},"excerpt":{"rendered":"<p class=\"p1\"><span class=\"s1\">Amber &amp; Wood<\/span> est une fragrance intense et raffin\u00e9e qui allie l&rsquo;\u00e9l\u00e9gance de l&rsquo;ambre \u00e0 la profondeur du bois, enrichie par la touche sensuelle de la myrrhe. Une fragrance chaude et enveloppante qui donne du caract\u00e8re \u00e0 toutes les ambiances. <\/p>\n","protected":false},"featured_media":2796,"template":"","meta":{"_acf_changed":false},"product_col":[33],"product_brand":[],"product_cat":[108],"product_tag":[75,76,123,77],"class_list":{"0":"post-2790","1":"product","2":"type-product","3":"status-publish","4":"has-post-thumbnail","6":"product_col-elementi","7":"product_cat-bougies-parfumees","8":"product_tag-200-g","9":"product_tag-350-g","10":"product_tag-70-g","11":"product_tag-900-g","12":"pa_formato-200-g","13":"pa_formato-350-g","14":"pa_formato-70-g","15":"pa_formato-900-g","17":"first","18":"instock","19":"taxable","20":"shipping-taxable","21":"purchasable","22":"product-type-variable","23":"has-default-attributes"},"acf":[],"yoast_head":"<!-- This site is optimized with the Yoast SEO plugin v27.2 - https:\/\/yoast.com\/product\/yoast-seo-wordpress\/ -->\n<title>Bougie parfum\u00e9e Ambre &amp; Bois, \u00e9l\u00e9gance et intensit\u00e9 - Pernici<\/title>\n<meta name=\"description\" content=\"D\u00e9couvrez Amber &amp; Wood : une bougie parfum\u00e9e chaude et enveloppante associant l&#039;ambre, les bois pr\u00e9cieux et la myrrhe. Une touche d&#039;\u00e9l\u00e9gance pour toutes les ambiances.\" \/>\n<meta name=\"robots\" content=\"index, follow, max-snippet:-1, max-image-preview:large, max-video-preview:-1\" \/>\n<link rel=\"canonical\" href=\"https:\/\/www.pernici.com\/fr\/prodotto\/bougie-ambre-bois\/\" \/>\n<meta property=\"og:locale\" content=\"fr_FR\" \/>\n<meta property=\"og:type\" content=\"article\" \/>\n<meta property=\"og:title\" content=\"Bougie parfum\u00e9e Ambre &amp; Bois, \u00e9l\u00e9gance et intensit\u00e9 - Pernici\" \/>\n<meta property=\"og:description\" content=\"D\u00e9couvrez Amber &amp; Wood : une bougie parfum\u00e9e chaude et enveloppante associant l&#039;ambre, les bois pr\u00e9cieux et la myrrhe. Une touche d&#039;\u00e9l\u00e9gance pour toutes les ambiances.\" \/>\n<meta property=\"og:url\" content=\"https:\/\/www.pernici.com\/fr\/prodotto\/bougie-ambre-bois\/\" \/>\n<meta property=\"og:site_name\" content=\"Cereria Pernici\" \/>\n<meta property=\"article:publisher\" content=\"https:\/\/www.facebook.com\/cereriapernici\" \/>\n<meta property=\"og:image\" content=\"https:\/\/www.pernici.com\/wp-content\/uploads\/2024\/09\/candela-profumata-elementi-amber-wood-350-gr-still-life.jpg\" \/>\n\t<meta property=\"og:image:width\" content=\"1024\" \/>\n\t<meta property=\"og:image:height\" content=\"1024\" \/>\n\t<meta property=\"og:image:type\" content=\"image\/jpeg\" \/>\n<meta name=\"twitter:card\" content=\"summary_large_image\" \/>\n<script type=\"application\/ld+json\" class=\"yoast-schema-graph\">{\"@context\":\"https:\/\/schema.org\",\"@graph\":[{\"@type\":\"WebPage\",\"@id\":\"https:\/\/www.pernici.com\/fr\/prodotto\/bougie-ambre-bois\/\",\"url\":\"https:\/\/www.pernici.com\/fr\/prodotto\/bougie-ambre-bois\/\",\"name\":\"Bougie parfum\u00e9e Ambre & Bois, \u00e9l\u00e9gance et intensit\u00e9 - Pernici\",\"isPartOf\":{\"@id\":\"https:\/\/www.pernici.com\/fr\/#website\"},\"primaryImageOfPage\":{\"@id\":\"https:\/\/www.pernici.com\/fr\/prodotto\/bougie-ambre-bois\/#primaryimage\"},\"image\":{\"@id\":\"https:\/\/www.pernici.com\/fr\/prodotto\/bougie-ambre-bois\/#primaryimage\"},\"thumbnailUrl\":\"https:\/\/www.pernici.com\/wp-content\/uploads\/2024\/09\/candela-profumata-elementi-amber-wood-350-gr-still-life.jpg\",\"datePublished\":\"2024-09-24T07:03:07+00:00\",\"description\":\"D\u00e9couvrez Amber & Wood : une bougie parfum\u00e9e chaude et enveloppante associant l'ambre, les bois pr\u00e9cieux et la myrrhe. Une touche d'\u00e9l\u00e9gance pour toutes les ambiances.\",\"breadcrumb\":{\"@id\":\"https:\/\/www.pernici.com\/fr\/prodotto\/bougie-ambre-bois\/#breadcrumb\"},\"inLanguage\":\"fr-FR\",\"potentialAction\":[{\"@type\":\"ReadAction\",\"target\":[\"https:\/\/www.pernici.com\/fr\/prodotto\/bougie-ambre-bois\/\"]}]},{\"@type\":\"ImageObject\",\"inLanguage\":\"fr-FR\",\"@id\":\"https:\/\/www.pernici.com\/fr\/prodotto\/bougie-ambre-bois\/#primaryimage\",\"url\":\"https:\/\/www.pernici.com\/wp-content\/uploads\/2024\/09\/candela-profumata-elementi-amber-wood-350-gr-still-life.jpg\",\"contentUrl\":\"https:\/\/www.pernici.com\/wp-content\/uploads\/2024\/09\/candela-profumata-elementi-amber-wood-350-gr-still-life.jpg\",\"width\":1024,\"height\":1024,\"caption\":\"Bougie parfum\u00e9e Elements 350gr parfum\u00e9e Amber&amp;Wood by Pernici en nature morte.\"},{\"@type\":\"BreadcrumbList\",\"@id\":\"https:\/\/www.pernici.com\/fr\/prodotto\/bougie-ambre-bois\/#breadcrumb\",\"itemListElement\":[{\"@type\":\"ListItem\",\"position\":1,\"name\":\"Accueil\",\"item\":\"https:\/\/www.pernici.com\/fr\/\"},{\"@type\":\"ListItem\",\"position\":2,\"name\":\"Boutique\",\"item\":\"https:\/\/www.pernici.com\/fr\/boutique\/\"},{\"@type\":\"ListItem\",\"position\":3,\"name\":\"Bougie Ambre &amp; Bois\"}]},{\"@type\":\"WebSite\",\"@id\":\"https:\/\/www.pernici.com\/fr\/#website\",\"url\":\"https:\/\/www.pernici.com\/fr\/\",\"name\":\"Cereria Pernici Shop\",\"description\":\"una candela non illumina soltanto: racconta chi sei \",\"publisher\":{\"@id\":\"https:\/\/www.pernici.com\/fr\/#organization\"},\"potentialAction\":[{\"@type\":\"SearchAction\",\"target\":{\"@type\":\"EntryPoint\",\"urlTemplate\":\"https:\/\/www.pernici.com\/fr\/?s={search_term_string}\"},\"query-input\":{\"@type\":\"PropertyValueSpecification\",\"valueRequired\":true,\"valueName\":\"search_term_string\"}}],\"inLanguage\":\"fr-FR\"},{\"@type\":\"Organization\",\"@id\":\"https:\/\/www.pernici.com\/fr\/#organization\",\"name\":\"Cereria Pernici Shop\",\"url\":\"https:\/\/www.pernici.com\/fr\/\",\"logo\":{\"@type\":\"ImageObject\",\"inLanguage\":\"fr-FR\",\"@id\":\"https:\/\/www.pernici.com\/fr\/#\/schema\/logo\/image\/\",\"url\":\"https:\/\/www.pernici.com\/wp-content\/uploads\/2025\/07\/logo_pernici.png\",\"contentUrl\":\"https:\/\/www.pernici.com\/wp-content\/uploads\/2025\/07\/logo_pernici.png\",\"width\":432,\"height\":189,\"caption\":\"Cereria Pernici Shop\"},\"image\":{\"@id\":\"https:\/\/www.pernici.com\/fr\/#\/schema\/logo\/image\/\"},\"sameAs\":[\"https:\/\/www.facebook.com\/cereriapernici\",\"https:\/\/www.instagram.com\/cereriapernici\/\"]}]}<\/script>\n<!-- \/ Yoast SEO plugin. -->","yoast_head_json":{"title":"Bougie parfum\u00e9e Ambre & Bois, \u00e9l\u00e9gance et intensit\u00e9 - Pernici","description":"D\u00e9couvrez Amber & Wood : une bougie parfum\u00e9e chaude et enveloppante associant l'ambre, les bois pr\u00e9cieux et la myrrhe. Une touche d'\u00e9l\u00e9gance pour toutes les ambiances.","robots":{"index":"index","follow":"follow","max-snippet":"max-snippet:-1","max-image-preview":"max-image-preview:large","max-video-preview":"max-video-preview:-1"},"canonical":"https:\/\/www.pernici.com\/fr\/prodotto\/bougie-ambre-bois\/","og_locale":"fr_FR","og_type":"article","og_title":"Bougie parfum\u00e9e Ambre & Bois, \u00e9l\u00e9gance et intensit\u00e9 - Pernici","og_description":"D\u00e9couvrez Amber & Wood : une bougie parfum\u00e9e chaude et enveloppante associant l'ambre, les bois pr\u00e9cieux et la myrrhe. Une touche d'\u00e9l\u00e9gance pour toutes les ambiances.","og_url":"https:\/\/www.pernici.com\/fr\/prodotto\/bougie-ambre-bois\/","og_site_name":"Cereria Pernici","article_publisher":"https:\/\/www.facebook.com\/cereriapernici","og_image":[{"width":1024,"height":1024,"url":"https:\/\/www.pernici.com\/wp-content\/uploads\/2024\/09\/candela-profumata-elementi-amber-wood-350-gr-still-life.jpg","type":"image\/jpeg"}],"twitter_card":"summary_large_image","schema":{"@context":"https:\/\/schema.org","@graph":[{"@type":"WebPage","@id":"https:\/\/www.pernici.com\/fr\/prodotto\/bougie-ambre-bois\/","url":"https:\/\/www.pernici.com\/fr\/prodotto\/bougie-ambre-bois\/","name":"Bougie parfum\u00e9e Ambre & Bois, \u00e9l\u00e9gance et intensit\u00e9 - Pernici","isPartOf":{"@id":"https:\/\/www.pernici.com\/fr\/#website"},"primaryImageOfPage":{"@id":"https:\/\/www.pernici.com\/fr\/prodotto\/bougie-ambre-bois\/#primaryimage"},"image":{"@id":"https:\/\/www.pernici.com\/fr\/prodotto\/bougie-ambre-bois\/#primaryimage"},"thumbnailUrl":"https:\/\/www.pernici.com\/wp-content\/uploads\/2024\/09\/candela-profumata-elementi-amber-wood-350-gr-still-life.jpg","datePublished":"2024-09-24T07:03:07+00:00","description":"D\u00e9couvrez Amber & Wood : une bougie parfum\u00e9e chaude et enveloppante associant l'ambre, les bois pr\u00e9cieux et la myrrhe. Une touche d'\u00e9l\u00e9gance pour toutes les ambiances.","breadcrumb":{"@id":"https:\/\/www.pernici.com\/fr\/prodotto\/bougie-ambre-bois\/#breadcrumb"},"inLanguage":"fr-FR","potentialAction":[{"@type":"ReadAction","target":["https:\/\/www.pernici.com\/fr\/prodotto\/bougie-ambre-bois\/"]}]},{"@type":"ImageObject","inLanguage":"fr-FR","@id":"https:\/\/www.pernici.com\/fr\/prodotto\/bougie-ambre-bois\/#primaryimage","url":"https:\/\/www.pernici.com\/wp-content\/uploads\/2024\/09\/candela-profumata-elementi-amber-wood-350-gr-still-life.jpg","contentUrl":"https:\/\/www.pernici.com\/wp-content\/uploads\/2024\/09\/candela-profumata-elementi-amber-wood-350-gr-still-life.jpg","width":1024,"height":1024,"caption":"Bougie parfum\u00e9e Elements 350gr parfum\u00e9e Amber&amp;Wood by Pernici en nature morte."},{"@type":"BreadcrumbList","@id":"https:\/\/www.pernici.com\/fr\/prodotto\/bougie-ambre-bois\/#breadcrumb","itemListElement":[{"@type":"ListItem","position":1,"name":"Accueil","item":"https:\/\/www.pernici.com\/fr\/"},{"@type":"ListItem","position":2,"name":"Boutique","item":"https:\/\/www.pernici.com\/fr\/boutique\/"},{"@type":"ListItem","position":3,"name":"Bougie Ambre &amp; Bois"}]},{"@type":"WebSite","@id":"https:\/\/www.pernici.com\/fr\/#website","url":"https:\/\/www.pernici.com\/fr\/","name":"Cereria Pernici Shop","description":"una candela non illumina soltanto: racconta chi sei ","publisher":{"@id":"https:\/\/www.pernici.com\/fr\/#organization"},"potentialAction":[{"@type":"SearchAction","target":{"@type":"EntryPoint","urlTemplate":"https:\/\/www.pernici.com\/fr\/?s={search_term_string}"},"query-input":{"@type":"PropertyValueSpecification","valueRequired":true,"valueName":"search_term_string"}}],"inLanguage":"fr-FR"},{"@type":"Organization","@id":"https:\/\/www.pernici.com\/fr\/#organization","name":"Cereria Pernici Shop","url":"https:\/\/www.pernici.com\/fr\/","logo":{"@type":"ImageObject","inLanguage":"fr-FR","@id":"https:\/\/www.pernici.com\/fr\/#\/schema\/logo\/image\/","url":"https:\/\/www.pernici.com\/wp-content\/uploads\/2025\/07\/logo_pernici.png","contentUrl":"https:\/\/www.pernici.com\/wp-content\/uploads\/2025\/07\/logo_pernici.png","width":432,"height":189,"caption":"Cereria Pernici Shop"},"image":{"@id":"https:\/\/www.pernici.com\/fr\/#\/schema\/logo\/image\/"},"sameAs":["https:\/\/www.facebook.com\/cereriapernici","https:\/\/www.instagram.com\/cereriapernici\/"]}]}},"_links":{"self":[{"href":"https:\/\/www.pernici.com\/fr\/wp-json\/wp\/v2\/product\/2790","targetHints":{"allow":["GET"]}}],"collection":[{"href":"https:\/\/www.pernici.com\/fr\/wp-json\/wp\/v2\/product"}],"about":[{"href":"https:\/\/www.pernici.com\/fr\/wp-json\/wp\/v2\/types\/product"}],"wp:featuredmedia":[{"embeddable":true,"href":"https:\/\/www.pernici.com\/fr\/wp-json\/wp\/v2\/media\/2796"}],"wp:attachment":[{"href":"https:\/\/www.pernici.com\/fr\/wp-json\/wp\/v2\/media?parent=2790"}],"wp:term":[{"taxonomy":"product_col","embeddable":true,"href":"https:\/\/www.pernici.com\/fr\/wp-json\/wp\/v2\/product_col?post=2790"},{"taxonomy":"product_brand","embeddable":true,"href":"https:\/\/www.pernici.com\/fr\/wp-json\/wp\/v2\/product_brand?post=2790"},{"taxonomy":"product_cat","embeddable":true,"href":"https:\/\/www.pernici.com\/fr\/wp-json\/wp\/v2\/product_cat?post=2790"},{"taxonomy":"product_tag","embeddable":true,"href":"https:\/\/www.pernici.com\/fr\/wp-json\/wp\/v2\/product_tag?post=2790"}],"curies":[{"name":"wp","href":"https:\/\/api.w.org\/{rel}","templated":true}]}}