{"id":2784,"date":"2024-09-24T07:03:05","date_gmt":"2024-09-24T07:03:05","guid":{"rendered":"https:\/\/www.pernici.com\/prodotto\/bois-dagar-et-musc\/"},"modified":"2024-09-24T07:03:05","modified_gmt":"2024-09-24T07:03:05","slug":"bois-dagar-et-musc","status":"publish","type":"product","link":"https:\/\/www.pernici.com\/fr\/prodotto\/bois-dagar-et-musc\/","title":{"rendered":"Bois d&rsquo;agar et musc"},"content":{"rendered":"<p>Bois d&rsquo;Agar et Musc. En un mot, la s\u00e9duction. Le bois d&rsquo;agar ou plus commun\u00e9ment l&rsquo;oud est associ\u00e9 depuis l&rsquo;antiquit\u00e9 au myst\u00e8re et \u00e0 l&rsquo;art de la s\u00e9duction, au point d&rsquo;\u00eatre consid\u00e9r\u00e9 comme un v\u00e9ritable aphrodisiaque.<br \/>\nL&rsquo;association avec l&rsquo;encens, le santal et la note finale d&rsquo;ambre subliment d\u00e9finitivement sa pr\u00e9ciosit\u00e9.  <\/p>\n","protected":false},"excerpt":{"rendered":"<p>Bois d&rsquo;Agar et Musc. En un mot, la s\u00e9duction. Le bois d&rsquo;agar ou plus commun\u00e9ment l&rsquo;oud est associ\u00e9 depuis l&rsquo;antiquit\u00e9 au myst\u00e8re et \u00e0 l&rsquo;art de la s\u00e9duction, au point d&rsquo;\u00eatre consid\u00e9r\u00e9 comme un v\u00e9ritable aphrodisiaque. L&rsquo;association avec l&rsquo;encens, le santal et la note finale d&rsquo;ambre subliment d\u00e9finitivement sa pr\u00e9ciosit\u00e9.<\/p>\n","protected":false},"featured_media":4406,"template":"","meta":{"_acf_changed":false},"product_col":[33],"product_brand":[],"product_cat":[69,108],"product_tag":[],"class_list":{"0":"post-2784","1":"product","2":"type-product","3":"status-publish","4":"has-post-thumbnail","6":"product_col-elementi","7":"product_cat-bougies","8":"product_cat-bougies-parfumees","9":"pa_formato-200-g","10":"pa_formato-350-g","12":"first","13":"instock","14":"taxable","15":"shipping-taxable","16":"purchasable","17":"product-type-variable","18":"has-default-attributes"},"acf":[],"yoast_head":"<!-- This site is optimized with the Yoast SEO plugin v27.2 - https:\/\/yoast.com\/product\/yoast-seo-wordpress\/ -->\n<title>Bois d&#039;agar et musc - Cereria Pernici<\/title>\n<meta name=\"robots\" content=\"index, follow, max-snippet:-1, max-image-preview:large, max-video-preview:-1\" \/>\n<link rel=\"canonical\" href=\"https:\/\/www.pernici.com\/fr\/prodotto\/bois-dagar-et-musc\/\" \/>\n<meta property=\"og:locale\" content=\"fr_FR\" \/>\n<meta property=\"og:type\" content=\"article\" \/>\n<meta property=\"og:title\" content=\"Bois d&#039;agar et musc - Cereria Pernici\" \/>\n<meta property=\"og:description\" content=\"Bois d&rsquo;Agar et Musc. En un mot, la s\u00e9duction. Le bois d&rsquo;agar ou plus commun\u00e9ment l&rsquo;oud est associ\u00e9 depuis l&rsquo;antiquit\u00e9 au myst\u00e8re et \u00e0 l&rsquo;art de la s\u00e9duction, au point d&rsquo;\u00eatre consid\u00e9r\u00e9 comme un v\u00e9ritable aphrodisiaque. L&rsquo;association avec l&rsquo;encens, le santal et la note finale d&rsquo;ambre subliment d\u00e9finitivement sa pr\u00e9ciosit\u00e9.\" \/>\n<meta property=\"og:url\" content=\"https:\/\/www.pernici.com\/fr\/prodotto\/bois-dagar-et-musc\/\" \/>\n<meta property=\"og:site_name\" content=\"Cereria Pernici\" \/>\n<meta property=\"article:publisher\" content=\"https:\/\/www.facebook.com\/cereriapernici\" \/>\n<meta property=\"og:image\" content=\"https:\/\/www.pernici.com\/wp-content\/uploads\/2025\/08\/Elementi350_A-2-Shop.jpg\" \/>\n\t<meta property=\"og:image:width\" content=\"1024\" \/>\n\t<meta property=\"og:image:height\" content=\"1024\" \/>\n\t<meta property=\"og:image:type\" content=\"image\/jpeg\" \/>\n<meta name=\"twitter:card\" content=\"summary_large_image\" \/>\n<script type=\"application\/ld+json\" class=\"yoast-schema-graph\">{\"@context\":\"https:\/\/schema.org\",\"@graph\":[{\"@type\":\"WebPage\",\"@id\":\"https:\/\/www.pernici.com\/fr\/prodotto\/bois-dagar-et-musc\/\",\"url\":\"https:\/\/www.pernici.com\/fr\/prodotto\/bois-dagar-et-musc\/\",\"name\":\"Bois d'agar et musc - Cereria Pernici\",\"isPartOf\":{\"@id\":\"https:\/\/www.pernici.com\/fr\/#website\"},\"primaryImageOfPage\":{\"@id\":\"https:\/\/www.pernici.com\/fr\/prodotto\/bois-dagar-et-musc\/#primaryimage\"},\"image\":{\"@id\":\"https:\/\/www.pernici.com\/fr\/prodotto\/bois-dagar-et-musc\/#primaryimage\"},\"thumbnailUrl\":\"https:\/\/www.pernici.com\/wp-content\/uploads\/2025\/08\/Elementi350_A-2-Shop.jpg\",\"datePublished\":\"2024-09-24T07:03:05+00:00\",\"breadcrumb\":{\"@id\":\"https:\/\/www.pernici.com\/fr\/prodotto\/bois-dagar-et-musc\/#breadcrumb\"},\"inLanguage\":\"fr-FR\",\"potentialAction\":[{\"@type\":\"ReadAction\",\"target\":[\"https:\/\/www.pernici.com\/fr\/prodotto\/bois-dagar-et-musc\/\"]}]},{\"@type\":\"ImageObject\",\"inLanguage\":\"fr-FR\",\"@id\":\"https:\/\/www.pernici.com\/fr\/prodotto\/bois-dagar-et-musc\/#primaryimage\",\"url\":\"https:\/\/www.pernici.com\/wp-content\/uploads\/2025\/08\/Elementi350_A-2-Shop.jpg\",\"contentUrl\":\"https:\/\/www.pernici.com\/wp-content\/uploads\/2025\/08\/Elementi350_A-2-Shop.jpg\",\"width\":1024,\"height\":1024},{\"@type\":\"BreadcrumbList\",\"@id\":\"https:\/\/www.pernici.com\/fr\/prodotto\/bois-dagar-et-musc\/#breadcrumb\",\"itemListElement\":[{\"@type\":\"ListItem\",\"position\":1,\"name\":\"Accueil\",\"item\":\"https:\/\/www.pernici.com\/fr\/\"},{\"@type\":\"ListItem\",\"position\":2,\"name\":\"Boutique\",\"item\":\"https:\/\/www.pernici.com\/fr\/boutique\/\"},{\"@type\":\"ListItem\",\"position\":3,\"name\":\"Bougies\",\"item\":\"https:\/\/www.pernici.com\/fr\/categoria-prodotto\/bougies\/\"},{\"@type\":\"ListItem\",\"position\":4,\"name\":\"Bougies parfum\u00e9es\",\"item\":\"https:\/\/www.pernici.com\/fr\/categoria-prodotto\/bougies\/bougies-parfumees\/\"},{\"@type\":\"ListItem\",\"position\":5,\"name\":\"Bois d&#8217;agar et musc\"}]},{\"@type\":\"WebSite\",\"@id\":\"https:\/\/www.pernici.com\/fr\/#website\",\"url\":\"https:\/\/www.pernici.com\/fr\/\",\"name\":\"Cereria Pernici Shop\",\"description\":\"una candela non illumina soltanto: racconta chi sei \",\"publisher\":{\"@id\":\"https:\/\/www.pernici.com\/fr\/#organization\"},\"potentialAction\":[{\"@type\":\"SearchAction\",\"target\":{\"@type\":\"EntryPoint\",\"urlTemplate\":\"https:\/\/www.pernici.com\/fr\/?s={search_term_string}\"},\"query-input\":{\"@type\":\"PropertyValueSpecification\",\"valueRequired\":true,\"valueName\":\"search_term_string\"}}],\"inLanguage\":\"fr-FR\"},{\"@type\":\"Organization\",\"@id\":\"https:\/\/www.pernici.com\/fr\/#organization\",\"name\":\"Cereria Pernici Shop\",\"url\":\"https:\/\/www.pernici.com\/fr\/\",\"logo\":{\"@type\":\"ImageObject\",\"inLanguage\":\"fr-FR\",\"@id\":\"https:\/\/www.pernici.com\/fr\/#\/schema\/logo\/image\/\",\"url\":\"https:\/\/www.pernici.com\/wp-content\/uploads\/2025\/07\/logo_pernici.png\",\"contentUrl\":\"https:\/\/www.pernici.com\/wp-content\/uploads\/2025\/07\/logo_pernici.png\",\"width\":432,\"height\":189,\"caption\":\"Cereria Pernici Shop\"},\"image\":{\"@id\":\"https:\/\/www.pernici.com\/fr\/#\/schema\/logo\/image\/\"},\"sameAs\":[\"https:\/\/www.facebook.com\/cereriapernici\",\"https:\/\/www.instagram.com\/cereriapernici\/\"]}]}<\/script>\n<!-- \/ Yoast SEO plugin. -->","yoast_head_json":{"title":"Bois d'agar et musc - Cereria Pernici","robots":{"index":"index","follow":"follow","max-snippet":"max-snippet:-1","max-image-preview":"max-image-preview:large","max-video-preview":"max-video-preview:-1"},"canonical":"https:\/\/www.pernici.com\/fr\/prodotto\/bois-dagar-et-musc\/","og_locale":"fr_FR","og_type":"article","og_title":"Bois d'agar et musc - Cereria Pernici","og_description":"Bois d&rsquo;Agar et Musc. En un mot, la s\u00e9duction. Le bois d&rsquo;agar ou plus commun\u00e9ment l&rsquo;oud est associ\u00e9 depuis l&rsquo;antiquit\u00e9 au myst\u00e8re et \u00e0 l&rsquo;art de la s\u00e9duction, au point d&rsquo;\u00eatre consid\u00e9r\u00e9 comme un v\u00e9ritable aphrodisiaque. L&rsquo;association avec l&rsquo;encens, le santal et la note finale d&rsquo;ambre subliment d\u00e9finitivement sa pr\u00e9ciosit\u00e9.","og_url":"https:\/\/www.pernici.com\/fr\/prodotto\/bois-dagar-et-musc\/","og_site_name":"Cereria Pernici","article_publisher":"https:\/\/www.facebook.com\/cereriapernici","og_image":[{"width":1024,"height":1024,"url":"https:\/\/www.pernici.com\/wp-content\/uploads\/2025\/08\/Elementi350_A-2-Shop.jpg","type":"image\/jpeg"}],"twitter_card":"summary_large_image","schema":{"@context":"https:\/\/schema.org","@graph":[{"@type":"WebPage","@id":"https:\/\/www.pernici.com\/fr\/prodotto\/bois-dagar-et-musc\/","url":"https:\/\/www.pernici.com\/fr\/prodotto\/bois-dagar-et-musc\/","name":"Bois d'agar et musc - Cereria Pernici","isPartOf":{"@id":"https:\/\/www.pernici.com\/fr\/#website"},"primaryImageOfPage":{"@id":"https:\/\/www.pernici.com\/fr\/prodotto\/bois-dagar-et-musc\/#primaryimage"},"image":{"@id":"https:\/\/www.pernici.com\/fr\/prodotto\/bois-dagar-et-musc\/#primaryimage"},"thumbnailUrl":"https:\/\/www.pernici.com\/wp-content\/uploads\/2025\/08\/Elementi350_A-2-Shop.jpg","datePublished":"2024-09-24T07:03:05+00:00","breadcrumb":{"@id":"https:\/\/www.pernici.com\/fr\/prodotto\/bois-dagar-et-musc\/#breadcrumb"},"inLanguage":"fr-FR","potentialAction":[{"@type":"ReadAction","target":["https:\/\/www.pernici.com\/fr\/prodotto\/bois-dagar-et-musc\/"]}]},{"@type":"ImageObject","inLanguage":"fr-FR","@id":"https:\/\/www.pernici.com\/fr\/prodotto\/bois-dagar-et-musc\/#primaryimage","url":"https:\/\/www.pernici.com\/wp-content\/uploads\/2025\/08\/Elementi350_A-2-Shop.jpg","contentUrl":"https:\/\/www.pernici.com\/wp-content\/uploads\/2025\/08\/Elementi350_A-2-Shop.jpg","width":1024,"height":1024},{"@type":"BreadcrumbList","@id":"https:\/\/www.pernici.com\/fr\/prodotto\/bois-dagar-et-musc\/#breadcrumb","itemListElement":[{"@type":"ListItem","position":1,"name":"Accueil","item":"https:\/\/www.pernici.com\/fr\/"},{"@type":"ListItem","position":2,"name":"Boutique","item":"https:\/\/www.pernici.com\/fr\/boutique\/"},{"@type":"ListItem","position":3,"name":"Bougies","item":"https:\/\/www.pernici.com\/fr\/categoria-prodotto\/bougies\/"},{"@type":"ListItem","position":4,"name":"Bougies parfum\u00e9es","item":"https:\/\/www.pernici.com\/fr\/categoria-prodotto\/bougies\/bougies-parfumees\/"},{"@type":"ListItem","position":5,"name":"Bois d&#8217;agar et musc"}]},{"@type":"WebSite","@id":"https:\/\/www.pernici.com\/fr\/#website","url":"https:\/\/www.pernici.com\/fr\/","name":"Cereria Pernici Shop","description":"una candela non illumina soltanto: racconta chi sei ","publisher":{"@id":"https:\/\/www.pernici.com\/fr\/#organization"},"potentialAction":[{"@type":"SearchAction","target":{"@type":"EntryPoint","urlTemplate":"https:\/\/www.pernici.com\/fr\/?s={search_term_string}"},"query-input":{"@type":"PropertyValueSpecification","valueRequired":true,"valueName":"search_term_string"}}],"inLanguage":"fr-FR"},{"@type":"Organization","@id":"https:\/\/www.pernici.com\/fr\/#organization","name":"Cereria Pernici Shop","url":"https:\/\/www.pernici.com\/fr\/","logo":{"@type":"ImageObject","inLanguage":"fr-FR","@id":"https:\/\/www.pernici.com\/fr\/#\/schema\/logo\/image\/","url":"https:\/\/www.pernici.com\/wp-content\/uploads\/2025\/07\/logo_pernici.png","contentUrl":"https:\/\/www.pernici.com\/wp-content\/uploads\/2025\/07\/logo_pernici.png","width":432,"height":189,"caption":"Cereria Pernici Shop"},"image":{"@id":"https:\/\/www.pernici.com\/fr\/#\/schema\/logo\/image\/"},"sameAs":["https:\/\/www.facebook.com\/cereriapernici","https:\/\/www.instagram.com\/cereriapernici\/"]}]}},"_links":{"self":[{"href":"https:\/\/www.pernici.com\/fr\/wp-json\/wp\/v2\/product\/2784","targetHints":{"allow":["GET"]}}],"collection":[{"href":"https:\/\/www.pernici.com\/fr\/wp-json\/wp\/v2\/product"}],"about":[{"href":"https:\/\/www.pernici.com\/fr\/wp-json\/wp\/v2\/types\/product"}],"wp:featuredmedia":[{"embeddable":true,"href":"https:\/\/www.pernici.com\/fr\/wp-json\/wp\/v2\/media\/4406"}],"wp:attachment":[{"href":"https:\/\/www.pernici.com\/fr\/wp-json\/wp\/v2\/media?parent=2784"}],"wp:term":[{"taxonomy":"product_col","embeddable":true,"href":"https:\/\/www.pernici.com\/fr\/wp-json\/wp\/v2\/product_col?post=2784"},{"taxonomy":"product_brand","embeddable":true,"href":"https:\/\/www.pernici.com\/fr\/wp-json\/wp\/v2\/product_brand?post=2784"},{"taxonomy":"product_cat","embeddable":true,"href":"https:\/\/www.pernici.com\/fr\/wp-json\/wp\/v2\/product_cat?post=2784"},{"taxonomy":"product_tag","embeddable":true,"href":"https:\/\/www.pernici.com\/fr\/wp-json\/wp\/v2\/product_tag?post=2784"}],"curies":[{"name":"wp","href":"https:\/\/api.w.org\/{rel}","templated":true}]}}