{"id":2691,"date":"2024-09-24T07:02:39","date_gmt":"2024-09-24T07:02:39","guid":{"rendered":"https:\/\/www.pernici.com\/prodotto\/bougie-romarin-et-menthe-2\/"},"modified":"2026-02-27T20:51:34","modified_gmt":"2026-02-27T20:51:34","slug":"bougie-romarin-et-menthe-2","status":"publish","type":"product","link":"https:\/\/www.pernici.com\/fr\/prodotto\/bougie-romarin-et-menthe-2\/","title":{"rendered":"Bougie romarin et menthe"},"content":{"rendered":"<p class=\"p1\"><span class=\"s1\">Rosemary &amp; Mint<\/span> est un parfum qui \u00e9veille les sens par son \u00e9nergie verte et aromatique. Les notes <span class=\"s2\">de <\/span>t\u00eate de citron, de cassis et de thym<span class=\"s2\"> introduisent un parfum vif et vivifiant, suivi d&rsquo;un <\/span>c\u0153ur frais et rajeunissant de romarin, de rhubarbe et de feuilles de menthe<span class=\"s2\">. <\/span>Le <span class=\"s1\">fond bois\u00e9 de cypr\u00e8s, de feuille de figuier et de bouleau<\/span> apporte \u00e9quilibre et profondeur, cr\u00e9ant une harmonie naturelle qui stimule l&rsquo;esprit et rafra\u00eechit l&rsquo;environnement.<\/p>\n<p class=\"p1\">Une bougie parfaite pour ceux qui aiment les parfums propres et vitaux qui apportent une bouff\u00e9e d&rsquo;air frais et de bien-\u00eatre dans la maison.<\/p>\n","protected":false},"excerpt":{"rendered":"<p class=\"p1\">Rosemary &amp; Mint est un parfum \u00e9nergisant et rajeunissant qui associe le romarin, la menthe et des notes vertes pour un parfum frais et vital.<\/p>\n","protected":false},"featured_media":2705,"template":"","meta":{"_acf_changed":false},"product_col":[33],"product_brand":[],"product_cat":[69,108],"product_tag":[75,76,123,77],"class_list":{"0":"post-2691","1":"product","2":"type-product","3":"status-publish","4":"has-post-thumbnail","6":"product_col-elementi","7":"product_cat-bougies","8":"product_cat-bougies-parfumees","9":"product_tag-200-g","10":"product_tag-350-g","11":"product_tag-70-g","12":"product_tag-900-g","13":"pa_formato-200-g","14":"pa_formato-350-g","15":"pa_formato-70-g","16":"pa_formato-900-g","18":"first","19":"instock","20":"taxable","21":"shipping-taxable","22":"purchasable","23":"product-type-variable","24":"has-default-attributes"},"acf":[],"yoast_head":"<!-- This site is optimized with the Yoast SEO plugin v27.2 - https:\/\/yoast.com\/product\/yoast-seo-wordpress\/ -->\n<title>Bougie au romarin et \u00e0 la menthe, fra\u00eeche et rajeunissante - Cereria Pernici<\/title>\n<meta name=\"description\" content=\"D\u00e9couvrez Rosemary &amp; Mint : bougie parfum\u00e9e au romarin et \u00e0 la menthe. Un parfum frais et naturel qui apporte \u00e9nergie et harmonie aux pi\u00e8ces.\" \/>\n<meta name=\"robots\" content=\"index, follow, max-snippet:-1, max-image-preview:large, max-video-preview:-1\" \/>\n<link rel=\"canonical\" href=\"https:\/\/www.pernici.com\/fr\/prodotto\/bougie-romarin-et-menthe-2\/\" \/>\n<meta property=\"og:locale\" content=\"fr_FR\" \/>\n<meta property=\"og:type\" content=\"article\" \/>\n<meta property=\"og:title\" content=\"Bougie au romarin et \u00e0 la menthe, fra\u00eeche et rajeunissante - Cereria Pernici\" \/>\n<meta property=\"og:description\" content=\"D\u00e9couvrez Rosemary &amp; Mint : bougie parfum\u00e9e au romarin et \u00e0 la menthe. Un parfum frais et naturel qui apporte \u00e9nergie et harmonie aux pi\u00e8ces.\" \/>\n<meta property=\"og:url\" content=\"https:\/\/www.pernici.com\/fr\/prodotto\/bougie-romarin-et-menthe-2\/\" \/>\n<meta property=\"og:site_name\" content=\"Cereria Pernici\" \/>\n<meta property=\"article:publisher\" content=\"https:\/\/www.facebook.com\/cereriapernici\" \/>\n<meta property=\"article:modified_time\" content=\"2026-02-27T20:51:34+00:00\" \/>\n<meta property=\"og:image\" content=\"https:\/\/www.pernici.com\/wp-content\/uploads\/2024\/09\/candela-profumata-elementi-rosemary-mint-350-gr-still-life.jpg\" \/>\n\t<meta property=\"og:image:width\" content=\"1024\" \/>\n\t<meta property=\"og:image:height\" content=\"1024\" \/>\n\t<meta property=\"og:image:type\" content=\"image\/jpeg\" \/>\n<meta name=\"twitter:card\" content=\"summary_large_image\" \/>\n<meta name=\"twitter:label1\" content=\"Dur\u00e9e de lecture estim\u00e9e\" \/>\n\t<meta name=\"twitter:data1\" content=\"1 minute\" \/>\n<script type=\"application\/ld+json\" class=\"yoast-schema-graph\">{\"@context\":\"https:\/\/schema.org\",\"@graph\":[{\"@type\":\"WebPage\",\"@id\":\"https:\/\/www.pernici.com\/fr\/prodotto\/bougie-romarin-et-menthe-2\/\",\"url\":\"https:\/\/www.pernici.com\/fr\/prodotto\/bougie-romarin-et-menthe-2\/\",\"name\":\"Bougie au romarin et \u00e0 la menthe, fra\u00eeche et rajeunissante - Cereria Pernici\",\"isPartOf\":{\"@id\":\"https:\/\/www.pernici.com\/fr\/#website\"},\"primaryImageOfPage\":{\"@id\":\"https:\/\/www.pernici.com\/fr\/prodotto\/bougie-romarin-et-menthe-2\/#primaryimage\"},\"image\":{\"@id\":\"https:\/\/www.pernici.com\/fr\/prodotto\/bougie-romarin-et-menthe-2\/#primaryimage\"},\"thumbnailUrl\":\"https:\/\/www.pernici.com\/wp-content\/uploads\/2024\/09\/candela-profumata-elementi-rosemary-mint-350-gr-still-life.jpg\",\"datePublished\":\"2024-09-24T07:02:39+00:00\",\"dateModified\":\"2026-02-27T20:51:34+00:00\",\"description\":\"D\u00e9couvrez Rosemary & Mint : bougie parfum\u00e9e au romarin et \u00e0 la menthe. Un parfum frais et naturel qui apporte \u00e9nergie et harmonie aux pi\u00e8ces.\",\"breadcrumb\":{\"@id\":\"https:\/\/www.pernici.com\/fr\/prodotto\/bougie-romarin-et-menthe-2\/#breadcrumb\"},\"inLanguage\":\"fr-FR\",\"potentialAction\":[{\"@type\":\"ReadAction\",\"target\":[\"https:\/\/www.pernici.com\/fr\/prodotto\/bougie-romarin-et-menthe-2\/\"]}]},{\"@type\":\"ImageObject\",\"inLanguage\":\"fr-FR\",\"@id\":\"https:\/\/www.pernici.com\/fr\/prodotto\/bougie-romarin-et-menthe-2\/#primaryimage\",\"url\":\"https:\/\/www.pernici.com\/wp-content\/uploads\/2024\/09\/candela-profumata-elementi-rosemary-mint-350-gr-still-life.jpg\",\"contentUrl\":\"https:\/\/www.pernici.com\/wp-content\/uploads\/2024\/09\/candela-profumata-elementi-rosemary-mint-350-gr-still-life.jpg\",\"width\":1024,\"height\":1024,\"caption\":\"Bougie parfum\u00e9e Elements 350g Romarin &amp; Menthe par Pernici en nature morte\"},{\"@type\":\"BreadcrumbList\",\"@id\":\"https:\/\/www.pernici.com\/fr\/prodotto\/bougie-romarin-et-menthe-2\/#breadcrumb\",\"itemListElement\":[{\"@type\":\"ListItem\",\"position\":1,\"name\":\"Accueil\",\"item\":\"https:\/\/www.pernici.com\/fr\/\"},{\"@type\":\"ListItem\",\"position\":2,\"name\":\"Boutique\",\"item\":\"https:\/\/www.pernici.com\/fr\/boutique\/\"},{\"@type\":\"ListItem\",\"position\":3,\"name\":\"Bougie romarin et menthe\"}]},{\"@type\":\"WebSite\",\"@id\":\"https:\/\/www.pernici.com\/fr\/#website\",\"url\":\"https:\/\/www.pernici.com\/fr\/\",\"name\":\"Cereria Pernici Shop\",\"description\":\"una candela non illumina soltanto: racconta chi sei \",\"publisher\":{\"@id\":\"https:\/\/www.pernici.com\/fr\/#organization\"},\"potentialAction\":[{\"@type\":\"SearchAction\",\"target\":{\"@type\":\"EntryPoint\",\"urlTemplate\":\"https:\/\/www.pernici.com\/fr\/?s={search_term_string}\"},\"query-input\":{\"@type\":\"PropertyValueSpecification\",\"valueRequired\":true,\"valueName\":\"search_term_string\"}}],\"inLanguage\":\"fr-FR\"},{\"@type\":\"Organization\",\"@id\":\"https:\/\/www.pernici.com\/fr\/#organization\",\"name\":\"Cereria Pernici Shop\",\"url\":\"https:\/\/www.pernici.com\/fr\/\",\"logo\":{\"@type\":\"ImageObject\",\"inLanguage\":\"fr-FR\",\"@id\":\"https:\/\/www.pernici.com\/fr\/#\/schema\/logo\/image\/\",\"url\":\"https:\/\/www.pernici.com\/wp-content\/uploads\/2025\/07\/logo_pernici.png\",\"contentUrl\":\"https:\/\/www.pernici.com\/wp-content\/uploads\/2025\/07\/logo_pernici.png\",\"width\":432,\"height\":189,\"caption\":\"Cereria Pernici Shop\"},\"image\":{\"@id\":\"https:\/\/www.pernici.com\/fr\/#\/schema\/logo\/image\/\"},\"sameAs\":[\"https:\/\/www.facebook.com\/cereriapernici\",\"https:\/\/www.instagram.com\/cereriapernici\/\"]}]}<\/script>\n<!-- \/ Yoast SEO plugin. -->","yoast_head_json":{"title":"Bougie au romarin et \u00e0 la menthe, fra\u00eeche et rajeunissante - Cereria Pernici","description":"D\u00e9couvrez Rosemary & Mint : bougie parfum\u00e9e au romarin et \u00e0 la menthe. Un parfum frais et naturel qui apporte \u00e9nergie et harmonie aux pi\u00e8ces.","robots":{"index":"index","follow":"follow","max-snippet":"max-snippet:-1","max-image-preview":"max-image-preview:large","max-video-preview":"max-video-preview:-1"},"canonical":"https:\/\/www.pernici.com\/fr\/prodotto\/bougie-romarin-et-menthe-2\/","og_locale":"fr_FR","og_type":"article","og_title":"Bougie au romarin et \u00e0 la menthe, fra\u00eeche et rajeunissante - Cereria Pernici","og_description":"D\u00e9couvrez Rosemary & Mint : bougie parfum\u00e9e au romarin et \u00e0 la menthe. Un parfum frais et naturel qui apporte \u00e9nergie et harmonie aux pi\u00e8ces.","og_url":"https:\/\/www.pernici.com\/fr\/prodotto\/bougie-romarin-et-menthe-2\/","og_site_name":"Cereria Pernici","article_publisher":"https:\/\/www.facebook.com\/cereriapernici","article_modified_time":"2026-02-27T20:51:34+00:00","og_image":[{"width":1024,"height":1024,"url":"https:\/\/www.pernici.com\/wp-content\/uploads\/2024\/09\/candela-profumata-elementi-rosemary-mint-350-gr-still-life.jpg","type":"image\/jpeg"}],"twitter_card":"summary_large_image","twitter_misc":{"Dur\u00e9e de lecture estim\u00e9e":"1 minute"},"schema":{"@context":"https:\/\/schema.org","@graph":[{"@type":"WebPage","@id":"https:\/\/www.pernici.com\/fr\/prodotto\/bougie-romarin-et-menthe-2\/","url":"https:\/\/www.pernici.com\/fr\/prodotto\/bougie-romarin-et-menthe-2\/","name":"Bougie au romarin et \u00e0 la menthe, fra\u00eeche et rajeunissante - Cereria Pernici","isPartOf":{"@id":"https:\/\/www.pernici.com\/fr\/#website"},"primaryImageOfPage":{"@id":"https:\/\/www.pernici.com\/fr\/prodotto\/bougie-romarin-et-menthe-2\/#primaryimage"},"image":{"@id":"https:\/\/www.pernici.com\/fr\/prodotto\/bougie-romarin-et-menthe-2\/#primaryimage"},"thumbnailUrl":"https:\/\/www.pernici.com\/wp-content\/uploads\/2024\/09\/candela-profumata-elementi-rosemary-mint-350-gr-still-life.jpg","datePublished":"2024-09-24T07:02:39+00:00","dateModified":"2026-02-27T20:51:34+00:00","description":"D\u00e9couvrez Rosemary & Mint : bougie parfum\u00e9e au romarin et \u00e0 la menthe. Un parfum frais et naturel qui apporte \u00e9nergie et harmonie aux pi\u00e8ces.","breadcrumb":{"@id":"https:\/\/www.pernici.com\/fr\/prodotto\/bougie-romarin-et-menthe-2\/#breadcrumb"},"inLanguage":"fr-FR","potentialAction":[{"@type":"ReadAction","target":["https:\/\/www.pernici.com\/fr\/prodotto\/bougie-romarin-et-menthe-2\/"]}]},{"@type":"ImageObject","inLanguage":"fr-FR","@id":"https:\/\/www.pernici.com\/fr\/prodotto\/bougie-romarin-et-menthe-2\/#primaryimage","url":"https:\/\/www.pernici.com\/wp-content\/uploads\/2024\/09\/candela-profumata-elementi-rosemary-mint-350-gr-still-life.jpg","contentUrl":"https:\/\/www.pernici.com\/wp-content\/uploads\/2024\/09\/candela-profumata-elementi-rosemary-mint-350-gr-still-life.jpg","width":1024,"height":1024,"caption":"Bougie parfum\u00e9e Elements 350g Romarin &amp; Menthe par Pernici en nature morte"},{"@type":"BreadcrumbList","@id":"https:\/\/www.pernici.com\/fr\/prodotto\/bougie-romarin-et-menthe-2\/#breadcrumb","itemListElement":[{"@type":"ListItem","position":1,"name":"Accueil","item":"https:\/\/www.pernici.com\/fr\/"},{"@type":"ListItem","position":2,"name":"Boutique","item":"https:\/\/www.pernici.com\/fr\/boutique\/"},{"@type":"ListItem","position":3,"name":"Bougie romarin et menthe"}]},{"@type":"WebSite","@id":"https:\/\/www.pernici.com\/fr\/#website","url":"https:\/\/www.pernici.com\/fr\/","name":"Cereria Pernici Shop","description":"una candela non illumina soltanto: racconta chi sei ","publisher":{"@id":"https:\/\/www.pernici.com\/fr\/#organization"},"potentialAction":[{"@type":"SearchAction","target":{"@type":"EntryPoint","urlTemplate":"https:\/\/www.pernici.com\/fr\/?s={search_term_string}"},"query-input":{"@type":"PropertyValueSpecification","valueRequired":true,"valueName":"search_term_string"}}],"inLanguage":"fr-FR"},{"@type":"Organization","@id":"https:\/\/www.pernici.com\/fr\/#organization","name":"Cereria Pernici Shop","url":"https:\/\/www.pernici.com\/fr\/","logo":{"@type":"ImageObject","inLanguage":"fr-FR","@id":"https:\/\/www.pernici.com\/fr\/#\/schema\/logo\/image\/","url":"https:\/\/www.pernici.com\/wp-content\/uploads\/2025\/07\/logo_pernici.png","contentUrl":"https:\/\/www.pernici.com\/wp-content\/uploads\/2025\/07\/logo_pernici.png","width":432,"height":189,"caption":"Cereria Pernici Shop"},"image":{"@id":"https:\/\/www.pernici.com\/fr\/#\/schema\/logo\/image\/"},"sameAs":["https:\/\/www.facebook.com\/cereriapernici","https:\/\/www.instagram.com\/cereriapernici\/"]}]}},"_links":{"self":[{"href":"https:\/\/www.pernici.com\/fr\/wp-json\/wp\/v2\/product\/2691","targetHints":{"allow":["GET"]}}],"collection":[{"href":"https:\/\/www.pernici.com\/fr\/wp-json\/wp\/v2\/product"}],"about":[{"href":"https:\/\/www.pernici.com\/fr\/wp-json\/wp\/v2\/types\/product"}],"wp:featuredmedia":[{"embeddable":true,"href":"https:\/\/www.pernici.com\/fr\/wp-json\/wp\/v2\/media\/2705"}],"wp:attachment":[{"href":"https:\/\/www.pernici.com\/fr\/wp-json\/wp\/v2\/media?parent=2691"}],"wp:term":[{"taxonomy":"product_col","embeddable":true,"href":"https:\/\/www.pernici.com\/fr\/wp-json\/wp\/v2\/product_col?post=2691"},{"taxonomy":"product_brand","embeddable":true,"href":"https:\/\/www.pernici.com\/fr\/wp-json\/wp\/v2\/product_brand?post=2691"},{"taxonomy":"product_cat","embeddable":true,"href":"https:\/\/www.pernici.com\/fr\/wp-json\/wp\/v2\/product_cat?post=2691"},{"taxonomy":"product_tag","embeddable":true,"href":"https:\/\/www.pernici.com\/fr\/wp-json\/wp\/v2\/product_tag?post=2691"}],"curies":[{"name":"wp","href":"https:\/\/api.w.org\/{rel}","templated":true}]}}