{"id":2672,"date":"2024-10-14T12:46:25","date_gmt":"2024-10-14T12:46:25","guid":{"rendered":"https:\/\/www.pernici.com\/prodotto\/diffuseur-luna-park-100-ml\/"},"modified":"2024-10-14T12:46:25","modified_gmt":"2024-10-14T12:46:25","slug":"diffuseur-luna-park-100-ml","status":"publish","type":"product","link":"https:\/\/www.pernici.com\/fr\/prodotto\/diffuseur-luna-park-100-ml\/","title":{"rendered":"Diffuseur Luna Park 100 ml"},"content":{"rendered":"<p>Luna Park est un non-lieu, ou plut\u00f4t un \u00ab\u00a0autre\u00a0\u00bb lieu. Un territoire physique et intime o\u00f9 l&rsquo;on peut se perdre parmi les milliers de lumi\u00e8res qui illuminent la nuit, un espace o\u00f9 l&rsquo;on peut se refl\u00e9ter parmi les nombreux miroirs et se red\u00e9couvrir enfant, et peut-\u00eatre m\u00eame se reconna\u00eetre un peu dans les visages des nombreux visiteurs et promeneurs, suspendus entre un souvenir d&rsquo;enfance et l&rsquo;\u00e9ternel nomadisme qu&rsquo;il repr\u00e9sente. Le parfum enveloppe d&rsquo;une note douce et famili\u00e8re de lait chaud et de vanille. Le souvenir ancestral de la barbe \u00e0 papa. Mais c&rsquo;est aussi beaucoup plus. Il d\u00e9pend de celui qui le vit. De qui l&rsquo;on veut \u00eatre. Cela d\u00e9pend de ce que l&rsquo;on veut se rappeler. Et \u00e9clairer, peut-\u00eatre.        <\/p>\n","protected":false},"excerpt":{"rendered":"<p>Luna Park est un non-lieu, ou plut\u00f4t un \u00ab\u00a0autre\u00a0\u00bb lieu. Un territoire physique et intime o\u00f9 l&rsquo;on peut se perdre parmi les milliers de lumi\u00e8res qui illuminent la nuit, un espace o\u00f9 l&rsquo;on peut se refl\u00e9ter parmi les nombreux miroirs et se red\u00e9couvrir enfant, et peut-\u00eatre m\u00eame se reconna\u00eetre un peu dans les visages des [&hellip;]<\/p>\n","protected":false},"featured_media":4392,"template":"","meta":{"_acf_changed":false},"product_col":[21],"product_brand":[],"product_cat":[71,110],"product_tag":[],"class_list":{"0":"post-2672","1":"product","2":"type-product","3":"status-publish","4":"has-post-thumbnail","6":"product_col-les-sens","7":"product_cat-parfums-dambiance","8":"product_cat-pulverisation","10":"first","11":"instock","12":"taxable","13":"shipping-taxable","14":"purchasable","15":"product-type-simple"},"acf":[],"yoast_head":"<!-- This site is optimized with the Yoast SEO plugin v27.4 - https:\/\/yoast.com\/product\/yoast-seo-wordpress\/ -->\n<title>Diffuseur Luna Park 100 ml - Cereria Pernici<\/title>\n<meta name=\"robots\" content=\"index, follow, max-snippet:-1, max-image-preview:large, max-video-preview:-1\" \/>\n<link rel=\"canonical\" href=\"https:\/\/www.pernici.com\/fr\/prodotto\/diffuseur-luna-park-100-ml\/\" \/>\n<meta property=\"og:locale\" content=\"fr_FR\" \/>\n<meta property=\"og:type\" content=\"article\" \/>\n<meta property=\"og:title\" content=\"Diffuseur Luna Park 100 ml - Cereria Pernici\" \/>\n<meta property=\"og:description\" content=\"Luna Park est un non-lieu, ou plut\u00f4t un \u00ab\u00a0autre\u00a0\u00bb lieu. Un territoire physique et intime o\u00f9 l&rsquo;on peut se perdre parmi les milliers de lumi\u00e8res qui illuminent la nuit, un espace o\u00f9 l&rsquo;on peut se refl\u00e9ter parmi les nombreux miroirs et se red\u00e9couvrir enfant, et peut-\u00eatre m\u00eame se reconna\u00eetre un peu dans les visages des [&hellip;]\" \/>\n<meta property=\"og:url\" content=\"https:\/\/www.pernici.com\/fr\/prodotto\/diffuseur-luna-park-100-ml\/\" \/>\n<meta property=\"og:site_name\" content=\"Cereria Pernici\" \/>\n<meta property=\"article:publisher\" content=\"https:\/\/www.facebook.com\/cereriapernici\" \/>\n<meta property=\"og:image\" content=\"https:\/\/www.pernici.com\/wp-content\/uploads\/2025\/08\/Luna-Park-Spray-SHOP.jpg\" \/>\n\t<meta property=\"og:image:width\" content=\"1269\" \/>\n\t<meta property=\"og:image:height\" content=\"1772\" \/>\n\t<meta property=\"og:image:type\" content=\"image\/jpeg\" \/>\n<meta name=\"twitter:card\" content=\"summary_large_image\" \/>\n<meta name=\"twitter:label1\" content=\"Dur\u00e9e de lecture estim\u00e9e\" \/>\n\t<meta name=\"twitter:data1\" content=\"1 minute\" \/>\n<script type=\"application\/ld+json\" class=\"yoast-schema-graph\">{\"@context\":\"https:\\\/\\\/schema.org\",\"@graph\":[{\"@type\":\"WebPage\",\"@id\":\"https:\\\/\\\/www.pernici.com\\\/fr\\\/prodotto\\\/diffuseur-luna-park-100-ml\\\/\",\"url\":\"https:\\\/\\\/www.pernici.com\\\/fr\\\/prodotto\\\/diffuseur-luna-park-100-ml\\\/\",\"name\":\"Diffuseur Luna Park 100 ml - Cereria Pernici\",\"isPartOf\":{\"@id\":\"https:\\\/\\\/www.pernici.com\\\/fr\\\/#website\"},\"primaryImageOfPage\":{\"@id\":\"https:\\\/\\\/www.pernici.com\\\/fr\\\/prodotto\\\/diffuseur-luna-park-100-ml\\\/#primaryimage\"},\"image\":{\"@id\":\"https:\\\/\\\/www.pernici.com\\\/fr\\\/prodotto\\\/diffuseur-luna-park-100-ml\\\/#primaryimage\"},\"thumbnailUrl\":\"https:\\\/\\\/www.pernici.com\\\/wp-content\\\/uploads\\\/2025\\\/08\\\/Luna-Park-Spray-SHOP.jpg\",\"datePublished\":\"2024-10-14T12:46:25+00:00\",\"breadcrumb\":{\"@id\":\"https:\\\/\\\/www.pernici.com\\\/fr\\\/prodotto\\\/diffuseur-luna-park-100-ml\\\/#breadcrumb\"},\"inLanguage\":\"fr-FR\",\"potentialAction\":[{\"@type\":\"ReadAction\",\"target\":[\"https:\\\/\\\/www.pernici.com\\\/fr\\\/prodotto\\\/diffuseur-luna-park-100-ml\\\/\"]}]},{\"@type\":\"ImageObject\",\"inLanguage\":\"fr-FR\",\"@id\":\"https:\\\/\\\/www.pernici.com\\\/fr\\\/prodotto\\\/diffuseur-luna-park-100-ml\\\/#primaryimage\",\"url\":\"https:\\\/\\\/www.pernici.com\\\/wp-content\\\/uploads\\\/2025\\\/08\\\/Luna-Park-Spray-SHOP.jpg\",\"contentUrl\":\"https:\\\/\\\/www.pernici.com\\\/wp-content\\\/uploads\\\/2025\\\/08\\\/Luna-Park-Spray-SHOP.jpg\",\"width\":1269,\"height\":1772},{\"@type\":\"BreadcrumbList\",\"@id\":\"https:\\\/\\\/www.pernici.com\\\/fr\\\/prodotto\\\/diffuseur-luna-park-100-ml\\\/#breadcrumb\",\"itemListElement\":[{\"@type\":\"ListItem\",\"position\":1,\"name\":\"Accueil\",\"item\":\"https:\\\/\\\/www.pernici.com\\\/fr\\\/\"},{\"@type\":\"ListItem\",\"position\":2,\"name\":\"Boutique\",\"item\":\"https:\\\/\\\/www.pernici.com\\\/fr\\\/boutique\\\/\"},{\"@type\":\"ListItem\",\"position\":3,\"name\":\"Parfums d'ambiance\",\"item\":\"https:\\\/\\\/www.pernici.com\\\/fr\\\/categoria-prodotto\\\/parfums-dambiance\\\/\"},{\"@type\":\"ListItem\",\"position\":4,\"name\":\"Pulv\u00e9risation\",\"item\":\"https:\\\/\\\/www.pernici.com\\\/fr\\\/categoria-prodotto\\\/parfums-dambiance\\\/pulverisation\\\/\"},{\"@type\":\"ListItem\",\"position\":5,\"name\":\"Diffuseur Luna Park 100 ml\"}]},{\"@type\":\"WebSite\",\"@id\":\"https:\\\/\\\/www.pernici.com\\\/fr\\\/#website\",\"url\":\"https:\\\/\\\/www.pernici.com\\\/fr\\\/\",\"name\":\"Cereria Pernici Shop\",\"description\":\"una candela non illumina soltanto: racconta chi sei \",\"publisher\":{\"@id\":\"https:\\\/\\\/www.pernici.com\\\/fr\\\/#organization\"},\"potentialAction\":[{\"@type\":\"SearchAction\",\"target\":{\"@type\":\"EntryPoint\",\"urlTemplate\":\"https:\\\/\\\/www.pernici.com\\\/fr\\\/?s={search_term_string}\"},\"query-input\":{\"@type\":\"PropertyValueSpecification\",\"valueRequired\":true,\"valueName\":\"search_term_string\"}}],\"inLanguage\":\"fr-FR\"},{\"@type\":\"Organization\",\"@id\":\"https:\\\/\\\/www.pernici.com\\\/fr\\\/#organization\",\"name\":\"Cereria Pernici Shop\",\"url\":\"https:\\\/\\\/www.pernici.com\\\/fr\\\/\",\"logo\":{\"@type\":\"ImageObject\",\"inLanguage\":\"fr-FR\",\"@id\":\"https:\\\/\\\/www.pernici.com\\\/fr\\\/#\\\/schema\\\/logo\\\/image\\\/\",\"url\":\"https:\\\/\\\/www.pernici.com\\\/wp-content\\\/uploads\\\/2025\\\/07\\\/logo_pernici.png\",\"contentUrl\":\"https:\\\/\\\/www.pernici.com\\\/wp-content\\\/uploads\\\/2025\\\/07\\\/logo_pernici.png\",\"width\":432,\"height\":189,\"caption\":\"Cereria Pernici Shop\"},\"image\":{\"@id\":\"https:\\\/\\\/www.pernici.com\\\/fr\\\/#\\\/schema\\\/logo\\\/image\\\/\"},\"sameAs\":[\"https:\\\/\\\/www.facebook.com\\\/cereriapernici\",\"https:\\\/\\\/www.instagram.com\\\/cereriapernici\\\/\"]}]}<\/script>\n<!-- \/ Yoast SEO plugin. -->","yoast_head_json":{"title":"Diffuseur Luna Park 100 ml - Cereria Pernici","robots":{"index":"index","follow":"follow","max-snippet":"max-snippet:-1","max-image-preview":"max-image-preview:large","max-video-preview":"max-video-preview:-1"},"canonical":"https:\/\/www.pernici.com\/fr\/prodotto\/diffuseur-luna-park-100-ml\/","og_locale":"fr_FR","og_type":"article","og_title":"Diffuseur Luna Park 100 ml - Cereria Pernici","og_description":"Luna Park est un non-lieu, ou plut\u00f4t un \u00ab\u00a0autre\u00a0\u00bb lieu. Un territoire physique et intime o\u00f9 l&rsquo;on peut se perdre parmi les milliers de lumi\u00e8res qui illuminent la nuit, un espace o\u00f9 l&rsquo;on peut se refl\u00e9ter parmi les nombreux miroirs et se red\u00e9couvrir enfant, et peut-\u00eatre m\u00eame se reconna\u00eetre un peu dans les visages des [&hellip;]","og_url":"https:\/\/www.pernici.com\/fr\/prodotto\/diffuseur-luna-park-100-ml\/","og_site_name":"Cereria Pernici","article_publisher":"https:\/\/www.facebook.com\/cereriapernici","og_image":[{"width":1269,"height":1772,"url":"https:\/\/www.pernici.com\/wp-content\/uploads\/2025\/08\/Luna-Park-Spray-SHOP.jpg","type":"image\/jpeg"}],"twitter_card":"summary_large_image","twitter_misc":{"Dur\u00e9e de lecture estim\u00e9e":"1 minute"},"schema":{"@context":"https:\/\/schema.org","@graph":[{"@type":"WebPage","@id":"https:\/\/www.pernici.com\/fr\/prodotto\/diffuseur-luna-park-100-ml\/","url":"https:\/\/www.pernici.com\/fr\/prodotto\/diffuseur-luna-park-100-ml\/","name":"Diffuseur Luna Park 100 ml - Cereria Pernici","isPartOf":{"@id":"https:\/\/www.pernici.com\/fr\/#website"},"primaryImageOfPage":{"@id":"https:\/\/www.pernici.com\/fr\/prodotto\/diffuseur-luna-park-100-ml\/#primaryimage"},"image":{"@id":"https:\/\/www.pernici.com\/fr\/prodotto\/diffuseur-luna-park-100-ml\/#primaryimage"},"thumbnailUrl":"https:\/\/www.pernici.com\/wp-content\/uploads\/2025\/08\/Luna-Park-Spray-SHOP.jpg","datePublished":"2024-10-14T12:46:25+00:00","breadcrumb":{"@id":"https:\/\/www.pernici.com\/fr\/prodotto\/diffuseur-luna-park-100-ml\/#breadcrumb"},"inLanguage":"fr-FR","potentialAction":[{"@type":"ReadAction","target":["https:\/\/www.pernici.com\/fr\/prodotto\/diffuseur-luna-park-100-ml\/"]}]},{"@type":"ImageObject","inLanguage":"fr-FR","@id":"https:\/\/www.pernici.com\/fr\/prodotto\/diffuseur-luna-park-100-ml\/#primaryimage","url":"https:\/\/www.pernici.com\/wp-content\/uploads\/2025\/08\/Luna-Park-Spray-SHOP.jpg","contentUrl":"https:\/\/www.pernici.com\/wp-content\/uploads\/2025\/08\/Luna-Park-Spray-SHOP.jpg","width":1269,"height":1772},{"@type":"BreadcrumbList","@id":"https:\/\/www.pernici.com\/fr\/prodotto\/diffuseur-luna-park-100-ml\/#breadcrumb","itemListElement":[{"@type":"ListItem","position":1,"name":"Accueil","item":"https:\/\/www.pernici.com\/fr\/"},{"@type":"ListItem","position":2,"name":"Boutique","item":"https:\/\/www.pernici.com\/fr\/boutique\/"},{"@type":"ListItem","position":3,"name":"Parfums d'ambiance","item":"https:\/\/www.pernici.com\/fr\/categoria-prodotto\/parfums-dambiance\/"},{"@type":"ListItem","position":4,"name":"Pulv\u00e9risation","item":"https:\/\/www.pernici.com\/fr\/categoria-prodotto\/parfums-dambiance\/pulverisation\/"},{"@type":"ListItem","position":5,"name":"Diffuseur Luna Park 100 ml"}]},{"@type":"WebSite","@id":"https:\/\/www.pernici.com\/fr\/#website","url":"https:\/\/www.pernici.com\/fr\/","name":"Cereria Pernici Shop","description":"una candela non illumina soltanto: racconta chi sei ","publisher":{"@id":"https:\/\/www.pernici.com\/fr\/#organization"},"potentialAction":[{"@type":"SearchAction","target":{"@type":"EntryPoint","urlTemplate":"https:\/\/www.pernici.com\/fr\/?s={search_term_string}"},"query-input":{"@type":"PropertyValueSpecification","valueRequired":true,"valueName":"search_term_string"}}],"inLanguage":"fr-FR"},{"@type":"Organization","@id":"https:\/\/www.pernici.com\/fr\/#organization","name":"Cereria Pernici Shop","url":"https:\/\/www.pernici.com\/fr\/","logo":{"@type":"ImageObject","inLanguage":"fr-FR","@id":"https:\/\/www.pernici.com\/fr\/#\/schema\/logo\/image\/","url":"https:\/\/www.pernici.com\/wp-content\/uploads\/2025\/07\/logo_pernici.png","contentUrl":"https:\/\/www.pernici.com\/wp-content\/uploads\/2025\/07\/logo_pernici.png","width":432,"height":189,"caption":"Cereria Pernici Shop"},"image":{"@id":"https:\/\/www.pernici.com\/fr\/#\/schema\/logo\/image\/"},"sameAs":["https:\/\/www.facebook.com\/cereriapernici","https:\/\/www.instagram.com\/cereriapernici\/"]}]}},"_links":{"self":[{"href":"https:\/\/www.pernici.com\/fr\/wp-json\/wp\/v2\/product\/2672","targetHints":{"allow":["GET"]}}],"collection":[{"href":"https:\/\/www.pernici.com\/fr\/wp-json\/wp\/v2\/product"}],"about":[{"href":"https:\/\/www.pernici.com\/fr\/wp-json\/wp\/v2\/types\/product"}],"wp:featuredmedia":[{"embeddable":true,"href":"https:\/\/www.pernici.com\/fr\/wp-json\/wp\/v2\/media\/4392"}],"wp:attachment":[{"href":"https:\/\/www.pernici.com\/fr\/wp-json\/wp\/v2\/media?parent=2672"}],"wp:term":[{"taxonomy":"product_col","embeddable":true,"href":"https:\/\/www.pernici.com\/fr\/wp-json\/wp\/v2\/product_col?post=2672"},{"taxonomy":"product_brand","embeddable":true,"href":"https:\/\/www.pernici.com\/fr\/wp-json\/wp\/v2\/product_brand?post=2672"},{"taxonomy":"product_cat","embeddable":true,"href":"https:\/\/www.pernici.com\/fr\/wp-json\/wp\/v2\/product_cat?post=2672"},{"taxonomy":"product_tag","embeddable":true,"href":"https:\/\/www.pernici.com\/fr\/wp-json\/wp\/v2\/product_tag?post=2672"}],"curies":[{"name":"wp","href":"https:\/\/api.w.org\/{rel}","templated":true}]}}