{"id":2665,"date":"2026-04-01T00:00:30","date_gmt":"2026-04-01T00:00:30","guid":{"rendered":"https:\/\/www.pernici.com\/prodotto\/bougie-vous-etes-une-lumiere-pour-moi-bergamote-et-fleur-doranger\/"},"modified":"2025-11-14T11:44:03","modified_gmt":"2025-11-14T11:44:03","slug":"bougie-vous-etes-une-lumiere-pour-moi-bergamote-et-fleur-doranger","status":"publish","type":"product","link":"https:\/\/www.pernici.com\/fr\/prodotto\/bougie-vous-etes-une-lumiere-pour-moi-bergamote-et-fleur-doranger\/","title":{"rendered":"Bougie Vous \u00eates une lumi\u00e8re pour moi &#8211; Bergamote et fleur d&rsquo;oranger"},"content":{"rendered":"<p class=\"p1\">\u00ab\u00a0<i>Vous \u00eates une lumi\u00e8re pour moi\u00a0\u00bb<\/i> est la phrase qui parle de la puissance des liens authentiques, ceux qui illuminent et font briller la vie de tous les jours. Nous l&rsquo;avons associ\u00e9e au parfum Bergamote <span class=\"s1\">&amp;<\/span> Fleur d&rsquo;<span class=\"s1\">Oranger<\/span>, o\u00f9 la fra\u00eecheur p\u00e9tillante de la bergamote rencontre la d\u00e9licatesse lumineuse de la fleur d&rsquo;oranger, cr\u00e9ant ainsi une senteur radieuse et vitale. <\/p>\n<p class=\"p1\">Cette bougie parfum\u00e9e est destin\u00e9e \u00e0 ceux qui aiment donner de l&rsquo;\u00e9nergie et de la positivit\u00e9, mais aussi \u00e0 ceux qui savent accueillir la vie avec l\u00e9g\u00e8ret\u00e9. Fra\u00eeche, \u00e9l\u00e9gante et enveloppante, elle illumine les espaces d&rsquo;une atmosph\u00e8re \u00e0 la fois \u00e9motionnelle et ironique : un geste parfum\u00e9 qui transforme chaque instant en lumi\u00e8re \u00e0 partager. <\/p>\n","protected":false},"excerpt":{"rendered":"<p class=\"p1\">Fra\u00eeche et lumineuse, la bougie parfum\u00e9e Bergamote &amp; Fleur d&rsquo;Oranger &lsquo;You are light for me&rsquo; associe l&rsquo;\u00e9nergie p\u00e9tillante de la bergamote \u00e0 la d\u00e9licatesse de la fleur d&rsquo;oranger, pour des ambiances positives et rayonnantes.<\/p>\n","protected":false},"featured_media":6050,"template":"","meta":{"_acf_changed":false},"product_col":[],"product_brand":[],"product_cat":[70,109,108,107],"product_tag":[],"class_list":{"0":"post-2665","1":"product","2":"type-product","3":"status-publish","4":"has-post-thumbnail","6":"product_cat-actualites","7":"product_cat-bougies-avec-phrases","8":"product_cat-bougies-parfumees","9":"product_cat-mois-des-meilleures-ventes","11":"first","12":"instock","13":"taxable","14":"shipping-taxable","15":"purchasable","16":"product-type-simple"},"acf":[],"yoast_head":"<!-- This site is optimized with the Yoast SEO plugin v27.4 - https:\/\/yoast.com\/product\/yoast-seo-wordpress\/ -->\n<title>Bougie Bergamote&amp;Orange Vous \u00eates la lumi\u00e8re pour moi Cereria Pernici<\/title>\n<meta name=\"description\" content=\"Bougie parfum\u00e9e Bergamote &amp; Fleur d&#039;Oranger &#039;You are light for me&#039; : fra\u00eeche et lumineuse, une id\u00e9e de cadeau originale qui apporte \u00e9nergie et positivit\u00e9 \u00e0 n&#039;importe quel espace.\" \/>\n<meta name=\"robots\" content=\"index, follow, max-snippet:-1, max-image-preview:large, max-video-preview:-1\" \/>\n<link rel=\"canonical\" href=\"https:\/\/www.pernici.com\/fr\/prodotto\/bougie-vous-etes-une-lumiere-pour-moi-bergamote-et-fleur-doranger\/\" \/>\n<meta property=\"og:locale\" content=\"fr_FR\" \/>\n<meta property=\"og:type\" content=\"article\" \/>\n<meta property=\"og:title\" content=\"Bougie Bergamote&amp;Orange Vous \u00eates la lumi\u00e8re pour moi Cereria Pernici\" \/>\n<meta property=\"og:description\" content=\"Bougie parfum\u00e9e Bergamote &amp; Fleur d&#039;Oranger &#039;You are light for me&#039; : fra\u00eeche et lumineuse, une id\u00e9e de cadeau originale qui apporte \u00e9nergie et positivit\u00e9 \u00e0 n&#039;importe quel espace.\" \/>\n<meta property=\"og:url\" content=\"https:\/\/www.pernici.com\/fr\/prodotto\/bougie-vous-etes-une-lumiere-pour-moi-bergamote-et-fleur-doranger\/\" \/>\n<meta property=\"og:site_name\" content=\"Cereria Pernici\" \/>\n<meta property=\"article:publisher\" content=\"https:\/\/www.facebook.com\/cereriapernici\" \/>\n<meta property=\"og:image\" content=\"https:\/\/www.pernici.com\/wp-content\/uploads\/2025\/09\/Candela-profumata-particolare-Per-me-sei-luce-\u2013-Bergamot-organge-still-life.jpg\" \/>\n\t<meta property=\"og:image:width\" content=\"2000\" \/>\n\t<meta property=\"og:image:height\" content=\"2000\" \/>\n\t<meta property=\"og:image:type\" content=\"image\/jpeg\" \/>\n<meta name=\"twitter:card\" content=\"summary_large_image\" \/>\n<meta name=\"twitter:label1\" content=\"Dur\u00e9e de lecture estim\u00e9e\" \/>\n\t<meta name=\"twitter:data1\" content=\"1 minute\" \/>\n<script type=\"application\/ld+json\" class=\"yoast-schema-graph\">{\"@context\":\"https:\\\/\\\/schema.org\",\"@graph\":[{\"@type\":\"WebPage\",\"@id\":\"https:\\\/\\\/www.pernici.com\\\/fr\\\/prodotto\\\/bougie-vous-etes-une-lumiere-pour-moi-bergamote-et-fleur-doranger\\\/\",\"url\":\"https:\\\/\\\/www.pernici.com\\\/fr\\\/prodotto\\\/bougie-vous-etes-une-lumiere-pour-moi-bergamote-et-fleur-doranger\\\/\",\"name\":\"Bougie Bergamote&Orange Vous \u00eates la lumi\u00e8re pour moi Cereria Pernici\",\"isPartOf\":{\"@id\":\"https:\\\/\\\/www.pernici.com\\\/fr\\\/#website\"},\"primaryImageOfPage\":{\"@id\":\"https:\\\/\\\/www.pernici.com\\\/fr\\\/prodotto\\\/bougie-vous-etes-une-lumiere-pour-moi-bergamote-et-fleur-doranger\\\/#primaryimage\"},\"image\":{\"@id\":\"https:\\\/\\\/www.pernici.com\\\/fr\\\/prodotto\\\/bougie-vous-etes-une-lumiere-pour-moi-bergamote-et-fleur-doranger\\\/#primaryimage\"},\"thumbnailUrl\":\"https:\\\/\\\/www.pernici.com\\\/wp-content\\\/uploads\\\/2025\\\/09\\\/Candela-profumata-particolare-Per-me-sei-luce-\u2013-Bergamot-organge-still-life.jpg\",\"datePublished\":\"2026-04-01T00:00:30+00:00\",\"description\":\"Bougie parfum\u00e9e Bergamote & Fleur d'Oranger 'You are light for me' : fra\u00eeche et lumineuse, une id\u00e9e de cadeau originale qui apporte \u00e9nergie et positivit\u00e9 \u00e0 n'importe quel espace.\",\"breadcrumb\":{\"@id\":\"https:\\\/\\\/www.pernici.com\\\/fr\\\/prodotto\\\/bougie-vous-etes-une-lumiere-pour-moi-bergamote-et-fleur-doranger\\\/#breadcrumb\"},\"inLanguage\":\"fr-FR\",\"potentialAction\":[{\"@type\":\"ReadAction\",\"target\":[\"https:\\\/\\\/www.pernici.com\\\/fr\\\/prodotto\\\/bougie-vous-etes-une-lumiere-pour-moi-bergamote-et-fleur-doranger\\\/\"]}]},{\"@type\":\"ImageObject\",\"inLanguage\":\"fr-FR\",\"@id\":\"https:\\\/\\\/www.pernici.com\\\/fr\\\/prodotto\\\/bougie-vous-etes-une-lumiere-pour-moi-bergamote-et-fleur-doranger\\\/#primaryimage\",\"url\":\"https:\\\/\\\/www.pernici.com\\\/wp-content\\\/uploads\\\/2025\\\/09\\\/Candela-profumata-particolare-Per-me-sei-luce-\u2013-Bergamot-organge-still-life.jpg\",\"contentUrl\":\"https:\\\/\\\/www.pernici.com\\\/wp-content\\\/uploads\\\/2025\\\/09\\\/Candela-profumata-particolare-Per-me-sei-luce-\u2013-Bergamot-organge-still-life.jpg\",\"width\":2000,\"height\":2000,\"caption\":\"Candela profumata particolare \u201cPensieri Stropicciati \u2013 Per me sei luce in still life.\"},{\"@type\":\"BreadcrumbList\",\"@id\":\"https:\\\/\\\/www.pernici.com\\\/fr\\\/prodotto\\\/bougie-vous-etes-une-lumiere-pour-moi-bergamote-et-fleur-doranger\\\/#breadcrumb\",\"itemListElement\":[{\"@type\":\"ListItem\",\"position\":1,\"name\":\"Accueil\",\"item\":\"https:\\\/\\\/www.pernici.com\\\/fr\\\/\"},{\"@type\":\"ListItem\",\"position\":2,\"name\":\"Boutique\",\"item\":\"https:\\\/\\\/www.pernici.com\\\/fr\\\/boutique\\\/\"},{\"@type\":\"ListItem\",\"position\":3,\"name\":\"Bougies\",\"item\":\"https:\\\/\\\/www.pernici.com\\\/fr\\\/categoria-prodotto\\\/bougies\\\/\"},{\"@type\":\"ListItem\",\"position\":4,\"name\":\"Bougies avec phrases\",\"item\":\"https:\\\/\\\/www.pernici.com\\\/fr\\\/categoria-prodotto\\\/bougies\\\/bougies-avec-phrases\\\/\"},{\"@type\":\"ListItem\",\"position\":5,\"name\":\"Bougie Vous \u00eates une lumi\u00e8re pour moi &#8211; Bergamote et fleur d&#8217;oranger\"}]},{\"@type\":\"WebSite\",\"@id\":\"https:\\\/\\\/www.pernici.com\\\/fr\\\/#website\",\"url\":\"https:\\\/\\\/www.pernici.com\\\/fr\\\/\",\"name\":\"Cereria Pernici Shop\",\"description\":\"una candela non illumina soltanto: racconta chi sei \",\"publisher\":{\"@id\":\"https:\\\/\\\/www.pernici.com\\\/fr\\\/#organization\"},\"potentialAction\":[{\"@type\":\"SearchAction\",\"target\":{\"@type\":\"EntryPoint\",\"urlTemplate\":\"https:\\\/\\\/www.pernici.com\\\/fr\\\/?s={search_term_string}\"},\"query-input\":{\"@type\":\"PropertyValueSpecification\",\"valueRequired\":true,\"valueName\":\"search_term_string\"}}],\"inLanguage\":\"fr-FR\"},{\"@type\":\"Organization\",\"@id\":\"https:\\\/\\\/www.pernici.com\\\/fr\\\/#organization\",\"name\":\"Cereria Pernici Shop\",\"url\":\"https:\\\/\\\/www.pernici.com\\\/fr\\\/\",\"logo\":{\"@type\":\"ImageObject\",\"inLanguage\":\"fr-FR\",\"@id\":\"https:\\\/\\\/www.pernici.com\\\/fr\\\/#\\\/schema\\\/logo\\\/image\\\/\",\"url\":\"https:\\\/\\\/www.pernici.com\\\/wp-content\\\/uploads\\\/2025\\\/07\\\/logo_pernici.png\",\"contentUrl\":\"https:\\\/\\\/www.pernici.com\\\/wp-content\\\/uploads\\\/2025\\\/07\\\/logo_pernici.png\",\"width\":432,\"height\":189,\"caption\":\"Cereria Pernici Shop\"},\"image\":{\"@id\":\"https:\\\/\\\/www.pernici.com\\\/fr\\\/#\\\/schema\\\/logo\\\/image\\\/\"},\"sameAs\":[\"https:\\\/\\\/www.facebook.com\\\/cereriapernici\",\"https:\\\/\\\/www.instagram.com\\\/cereriapernici\\\/\"]}]}<\/script>\n<!-- \/ Yoast SEO plugin. -->","yoast_head_json":{"title":"Bougie Bergamote&Orange Vous \u00eates la lumi\u00e8re pour moi Cereria Pernici","description":"Bougie parfum\u00e9e Bergamote & Fleur d'Oranger 'You are light for me' : fra\u00eeche et lumineuse, une id\u00e9e de cadeau originale qui apporte \u00e9nergie et positivit\u00e9 \u00e0 n'importe quel espace.","robots":{"index":"index","follow":"follow","max-snippet":"max-snippet:-1","max-image-preview":"max-image-preview:large","max-video-preview":"max-video-preview:-1"},"canonical":"https:\/\/www.pernici.com\/fr\/prodotto\/bougie-vous-etes-une-lumiere-pour-moi-bergamote-et-fleur-doranger\/","og_locale":"fr_FR","og_type":"article","og_title":"Bougie Bergamote&Orange Vous \u00eates la lumi\u00e8re pour moi Cereria Pernici","og_description":"Bougie parfum\u00e9e Bergamote & Fleur d'Oranger 'You are light for me' : fra\u00eeche et lumineuse, une id\u00e9e de cadeau originale qui apporte \u00e9nergie et positivit\u00e9 \u00e0 n'importe quel espace.","og_url":"https:\/\/www.pernici.com\/fr\/prodotto\/bougie-vous-etes-une-lumiere-pour-moi-bergamote-et-fleur-doranger\/","og_site_name":"Cereria Pernici","article_publisher":"https:\/\/www.facebook.com\/cereriapernici","og_image":[{"width":2000,"height":2000,"url":"https:\/\/www.pernici.com\/wp-content\/uploads\/2025\/09\/Candela-profumata-particolare-Per-me-sei-luce-\u2013-Bergamot-organge-still-life.jpg","type":"image\/jpeg"}],"twitter_card":"summary_large_image","twitter_misc":{"Dur\u00e9e de lecture estim\u00e9e":"1 minute"},"schema":{"@context":"https:\/\/schema.org","@graph":[{"@type":"WebPage","@id":"https:\/\/www.pernici.com\/fr\/prodotto\/bougie-vous-etes-une-lumiere-pour-moi-bergamote-et-fleur-doranger\/","url":"https:\/\/www.pernici.com\/fr\/prodotto\/bougie-vous-etes-une-lumiere-pour-moi-bergamote-et-fleur-doranger\/","name":"Bougie Bergamote&Orange Vous \u00eates la lumi\u00e8re pour moi Cereria Pernici","isPartOf":{"@id":"https:\/\/www.pernici.com\/fr\/#website"},"primaryImageOfPage":{"@id":"https:\/\/www.pernici.com\/fr\/prodotto\/bougie-vous-etes-une-lumiere-pour-moi-bergamote-et-fleur-doranger\/#primaryimage"},"image":{"@id":"https:\/\/www.pernici.com\/fr\/prodotto\/bougie-vous-etes-une-lumiere-pour-moi-bergamote-et-fleur-doranger\/#primaryimage"},"thumbnailUrl":"https:\/\/www.pernici.com\/wp-content\/uploads\/2025\/09\/Candela-profumata-particolare-Per-me-sei-luce-\u2013-Bergamot-organge-still-life.jpg","datePublished":"2026-04-01T00:00:30+00:00","description":"Bougie parfum\u00e9e Bergamote & Fleur d'Oranger 'You are light for me' : fra\u00eeche et lumineuse, une id\u00e9e de cadeau originale qui apporte \u00e9nergie et positivit\u00e9 \u00e0 n'importe quel espace.","breadcrumb":{"@id":"https:\/\/www.pernici.com\/fr\/prodotto\/bougie-vous-etes-une-lumiere-pour-moi-bergamote-et-fleur-doranger\/#breadcrumb"},"inLanguage":"fr-FR","potentialAction":[{"@type":"ReadAction","target":["https:\/\/www.pernici.com\/fr\/prodotto\/bougie-vous-etes-une-lumiere-pour-moi-bergamote-et-fleur-doranger\/"]}]},{"@type":"ImageObject","inLanguage":"fr-FR","@id":"https:\/\/www.pernici.com\/fr\/prodotto\/bougie-vous-etes-une-lumiere-pour-moi-bergamote-et-fleur-doranger\/#primaryimage","url":"https:\/\/www.pernici.com\/wp-content\/uploads\/2025\/09\/Candela-profumata-particolare-Per-me-sei-luce-\u2013-Bergamot-organge-still-life.jpg","contentUrl":"https:\/\/www.pernici.com\/wp-content\/uploads\/2025\/09\/Candela-profumata-particolare-Per-me-sei-luce-\u2013-Bergamot-organge-still-life.jpg","width":2000,"height":2000,"caption":"Candela profumata particolare \u201cPensieri Stropicciati \u2013 Per me sei luce in still life."},{"@type":"BreadcrumbList","@id":"https:\/\/www.pernici.com\/fr\/prodotto\/bougie-vous-etes-une-lumiere-pour-moi-bergamote-et-fleur-doranger\/#breadcrumb","itemListElement":[{"@type":"ListItem","position":1,"name":"Accueil","item":"https:\/\/www.pernici.com\/fr\/"},{"@type":"ListItem","position":2,"name":"Boutique","item":"https:\/\/www.pernici.com\/fr\/boutique\/"},{"@type":"ListItem","position":3,"name":"Bougies","item":"https:\/\/www.pernici.com\/fr\/categoria-prodotto\/bougies\/"},{"@type":"ListItem","position":4,"name":"Bougies avec phrases","item":"https:\/\/www.pernici.com\/fr\/categoria-prodotto\/bougies\/bougies-avec-phrases\/"},{"@type":"ListItem","position":5,"name":"Bougie Vous \u00eates une lumi\u00e8re pour moi &#8211; Bergamote et fleur d&#8217;oranger"}]},{"@type":"WebSite","@id":"https:\/\/www.pernici.com\/fr\/#website","url":"https:\/\/www.pernici.com\/fr\/","name":"Cereria Pernici Shop","description":"una candela non illumina soltanto: racconta chi sei ","publisher":{"@id":"https:\/\/www.pernici.com\/fr\/#organization"},"potentialAction":[{"@type":"SearchAction","target":{"@type":"EntryPoint","urlTemplate":"https:\/\/www.pernici.com\/fr\/?s={search_term_string}"},"query-input":{"@type":"PropertyValueSpecification","valueRequired":true,"valueName":"search_term_string"}}],"inLanguage":"fr-FR"},{"@type":"Organization","@id":"https:\/\/www.pernici.com\/fr\/#organization","name":"Cereria Pernici Shop","url":"https:\/\/www.pernici.com\/fr\/","logo":{"@type":"ImageObject","inLanguage":"fr-FR","@id":"https:\/\/www.pernici.com\/fr\/#\/schema\/logo\/image\/","url":"https:\/\/www.pernici.com\/wp-content\/uploads\/2025\/07\/logo_pernici.png","contentUrl":"https:\/\/www.pernici.com\/wp-content\/uploads\/2025\/07\/logo_pernici.png","width":432,"height":189,"caption":"Cereria Pernici Shop"},"image":{"@id":"https:\/\/www.pernici.com\/fr\/#\/schema\/logo\/image\/"},"sameAs":["https:\/\/www.facebook.com\/cereriapernici","https:\/\/www.instagram.com\/cereriapernici\/"]}]}},"_links":{"self":[{"href":"https:\/\/www.pernici.com\/fr\/wp-json\/wp\/v2\/product\/2665","targetHints":{"allow":["GET"]}}],"collection":[{"href":"https:\/\/www.pernici.com\/fr\/wp-json\/wp\/v2\/product"}],"about":[{"href":"https:\/\/www.pernici.com\/fr\/wp-json\/wp\/v2\/types\/product"}],"wp:featuredmedia":[{"embeddable":true,"href":"https:\/\/www.pernici.com\/fr\/wp-json\/wp\/v2\/media\/6050"}],"wp:attachment":[{"href":"https:\/\/www.pernici.com\/fr\/wp-json\/wp\/v2\/media?parent=2665"}],"wp:term":[{"taxonomy":"product_col","embeddable":true,"href":"https:\/\/www.pernici.com\/fr\/wp-json\/wp\/v2\/product_col?post=2665"},{"taxonomy":"product_brand","embeddable":true,"href":"https:\/\/www.pernici.com\/fr\/wp-json\/wp\/v2\/product_brand?post=2665"},{"taxonomy":"product_cat","embeddable":true,"href":"https:\/\/www.pernici.com\/fr\/wp-json\/wp\/v2\/product_cat?post=2665"},{"taxonomy":"product_tag","embeddable":true,"href":"https:\/\/www.pernici.com\/fr\/wp-json\/wp\/v2\/product_tag?post=2665"}],"curies":[{"name":"wp","href":"https:\/\/api.w.org\/{rel}","templated":true}]}}