{"id":2660,"date":"2026-04-01T00:00:22","date_gmt":"2026-04-01T00:00:22","guid":{"rendered":"https:\/\/www.pernici.com\/prodotto\/bougie-bougie-champagne-talc-et-fleurs-blanches\/"},"modified":"2025-09-25T14:03:22","modified_gmt":"2025-09-25T14:03:22","slug":"bougie-bougie-champagne-talc-et-fleurs-blanches","status":"publish","type":"product","link":"https:\/\/www.pernici.com\/fr\/prodotto\/bougie-bougie-champagne-talc-et-fleurs-blanches\/","title":{"rendered":"Bougie Bougie &amp; Champagne &#8211; Talc et fleurs blanches"},"content":{"rendered":"<p class=\"p1\">\u00ab\u00a0<i>Bougies &amp; Champagne\u00a0\u00bb<\/i> est la phrase qui c\u00e9l\u00e8bre le d\u00e9sir de vivre avec l\u00e9g\u00e8ret\u00e9 et ironie, en transformant chaque occasion en un moment sp\u00e9cial. Nous l&rsquo;avons associ\u00e9e \u00e0 la fragrance <span class=\"s1\">Talc &amp; White Flower<\/span>, parce qu&rsquo;elle allie la puret\u00e9 velout\u00e9e du talc \u00e0 la d\u00e9licatesse \u00e9l\u00e9gante des fleurs blanches : un parfum raffin\u00e9, lumineux et en m\u00eame temps enveloppant. <\/p>\n<p class=\"p1\">Cette bougie est con\u00e7ue pour ceux qui aiment c\u00e9l\u00e9brer les moindres moments de la vie quotidienne avec un esprit vif et joyeux. El\u00e9gante et fra\u00eeche, mais avec un c\u0153ur doux et accueillant, elle illumine la maison d&rsquo;une atmosph\u00e8re de convivialit\u00e9 et de l\u00e9g\u00e8ret\u00e9 : comme un toast qui laisse un sourire sur les l\u00e8vres. <\/p>\n","protected":false},"excerpt":{"rendered":"<p class=\"p1\">Raffin\u00e9e et lumineuse, la bougie parfum\u00e9e Talc &amp; Fleur Blanche &lsquo;Bougies &amp; Champagne&rsquo; allie la puret\u00e9 du talc \u00e0 la d\u00e9licatesse des fleurs blanches, transformant chaque instant en une petite f\u00eate.<\/p>\n","protected":false},"featured_media":6038,"template":"","meta":{"_acf_changed":false},"product_col":[],"product_brand":[],"product_cat":[70,69,109,108,107],"product_tag":[],"class_list":{"0":"post-2660","1":"product","2":"type-product","3":"status-publish","4":"has-post-thumbnail","6":"product_cat-actualites","7":"product_cat-bougies","8":"product_cat-bougies-avec-phrases","9":"product_cat-bougies-parfumees","10":"product_cat-mois-des-meilleures-ventes","12":"first","13":"instock","14":"taxable","15":"shipping-taxable","16":"purchasable","17":"product-type-simple"},"acf":[],"yoast_head":"<!-- This site is optimized with the Yoast SEO plugin v27.2 - https:\/\/yoast.com\/product\/yoast-seo-wordpress\/ -->\n<title>Pens\u00e9es froiss\u00e9es Talc &quot;Bougie&amp;Champagne&quot; - Cereria Pernici<\/title>\n<meta name=\"description\" content=\"Bougie parfum\u00e9e Talc &amp; Fleur Blanche &#039;Bougies &amp; Champagne&#039; : \u00e9l\u00e9gante et raffin\u00e9e, une id\u00e9e cadeau originale qui illumine chaque instant avec l\u00e9g\u00e8ret\u00e9 et style.\" \/>\n<meta name=\"robots\" content=\"index, follow, max-snippet:-1, max-image-preview:large, max-video-preview:-1\" \/>\n<link rel=\"canonical\" href=\"https:\/\/www.pernici.com\/fr\/prodotto\/bougie-bougie-champagne-talc-et-fleurs-blanches\/\" \/>\n<meta property=\"og:locale\" content=\"fr_FR\" \/>\n<meta property=\"og:type\" content=\"article\" \/>\n<meta property=\"og:title\" content=\"Pens\u00e9es froiss\u00e9es Talc &quot;Bougie&amp;Champagne&quot; - Cereria Pernici\" \/>\n<meta property=\"og:description\" content=\"Bougie parfum\u00e9e Talc &amp; Fleur Blanche &#039;Bougies &amp; Champagne&#039; : \u00e9l\u00e9gante et raffin\u00e9e, une id\u00e9e cadeau originale qui illumine chaque instant avec l\u00e9g\u00e8ret\u00e9 et style.\" \/>\n<meta property=\"og:url\" content=\"https:\/\/www.pernici.com\/fr\/prodotto\/bougie-bougie-champagne-talc-et-fleurs-blanches\/\" \/>\n<meta property=\"og:site_name\" content=\"Cereria Pernici\" \/>\n<meta property=\"article:publisher\" content=\"https:\/\/www.facebook.com\/cereriapernici\" \/>\n<meta property=\"og:image\" content=\"https:\/\/www.pernici.com\/wp-content\/uploads\/2025\/09\/candele-profumate-linea-daria-bougie-champagne-still-life.jpg\" \/>\n\t<meta property=\"og:image:width\" content=\"2000\" \/>\n\t<meta property=\"og:image:height\" content=\"2000\" \/>\n\t<meta property=\"og:image:type\" content=\"image\/jpeg\" \/>\n<meta name=\"twitter:card\" content=\"summary_large_image\" \/>\n<meta name=\"twitter:label1\" content=\"Dur\u00e9e de lecture estim\u00e9e\" \/>\n\t<meta name=\"twitter:data1\" content=\"1 minute\" \/>\n<script type=\"application\/ld+json\" class=\"yoast-schema-graph\">{\"@context\":\"https:\/\/schema.org\",\"@graph\":[{\"@type\":\"WebPage\",\"@id\":\"https:\/\/www.pernici.com\/fr\/prodotto\/bougie-bougie-champagne-talc-et-fleurs-blanches\/\",\"url\":\"https:\/\/www.pernici.com\/fr\/prodotto\/bougie-bougie-champagne-talc-et-fleurs-blanches\/\",\"name\":\"Pens\u00e9es froiss\u00e9es Talc \\\"Bougie&Champagne\\\" - Cereria Pernici\",\"isPartOf\":{\"@id\":\"https:\/\/www.pernici.com\/fr\/#website\"},\"primaryImageOfPage\":{\"@id\":\"https:\/\/www.pernici.com\/fr\/prodotto\/bougie-bougie-champagne-talc-et-fleurs-blanches\/#primaryimage\"},\"image\":{\"@id\":\"https:\/\/www.pernici.com\/fr\/prodotto\/bougie-bougie-champagne-talc-et-fleurs-blanches\/#primaryimage\"},\"thumbnailUrl\":\"https:\/\/www.pernici.com\/wp-content\/uploads\/2025\/09\/candele-profumate-linea-daria-bougie-champagne-still-life.jpg\",\"datePublished\":\"2026-04-01T00:00:22+00:00\",\"description\":\"Bougie parfum\u00e9e Talc & Fleur Blanche 'Bougies & Champagne' : \u00e9l\u00e9gante et raffin\u00e9e, une id\u00e9e cadeau originale qui illumine chaque instant avec l\u00e9g\u00e8ret\u00e9 et style.\",\"breadcrumb\":{\"@id\":\"https:\/\/www.pernici.com\/fr\/prodotto\/bougie-bougie-champagne-talc-et-fleurs-blanches\/#breadcrumb\"},\"inLanguage\":\"fr-FR\",\"potentialAction\":[{\"@type\":\"ReadAction\",\"target\":[\"https:\/\/www.pernici.com\/fr\/prodotto\/bougie-bougie-champagne-talc-et-fleurs-blanches\/\"]}]},{\"@type\":\"ImageObject\",\"inLanguage\":\"fr-FR\",\"@id\":\"https:\/\/www.pernici.com\/fr\/prodotto\/bougie-bougie-champagne-talc-et-fleurs-blanches\/#primaryimage\",\"url\":\"https:\/\/www.pernici.com\/wp-content\/uploads\/2025\/09\/candele-profumate-linea-daria-bougie-champagne-still-life.jpg\",\"contentUrl\":\"https:\/\/www.pernici.com\/wp-content\/uploads\/2025\/09\/candele-profumate-linea-daria-bougie-champagne-still-life.jpg\",\"width\":2000,\"height\":2000,\"caption\":\"Candela profumata particolare \u201cPensieri Stropicciati \u2013 talc & white musk bougie e champagne in still life.\"},{\"@type\":\"BreadcrumbList\",\"@id\":\"https:\/\/www.pernici.com\/fr\/prodotto\/bougie-bougie-champagne-talc-et-fleurs-blanches\/#breadcrumb\",\"itemListElement\":[{\"@type\":\"ListItem\",\"position\":1,\"name\":\"Accueil\",\"item\":\"https:\/\/www.pernici.com\/fr\/\"},{\"@type\":\"ListItem\",\"position\":2,\"name\":\"Boutique\",\"item\":\"https:\/\/www.pernici.com\/fr\/boutique\/\"},{\"@type\":\"ListItem\",\"position\":3,\"name\":\"Bougies\",\"item\":\"https:\/\/www.pernici.com\/fr\/categoria-prodotto\/bougies\/\"},{\"@type\":\"ListItem\",\"position\":4,\"name\":\"Bougies avec phrases\",\"item\":\"https:\/\/www.pernici.com\/fr\/categoria-prodotto\/bougies\/bougies-avec-phrases\/\"},{\"@type\":\"ListItem\",\"position\":5,\"name\":\"Bougie Bougie &amp; Champagne &#8211; Talc et fleurs blanches\"}]},{\"@type\":\"WebSite\",\"@id\":\"https:\/\/www.pernici.com\/fr\/#website\",\"url\":\"https:\/\/www.pernici.com\/fr\/\",\"name\":\"Cereria Pernici Shop\",\"description\":\"una candela non illumina soltanto: racconta chi sei \",\"publisher\":{\"@id\":\"https:\/\/www.pernici.com\/fr\/#organization\"},\"potentialAction\":[{\"@type\":\"SearchAction\",\"target\":{\"@type\":\"EntryPoint\",\"urlTemplate\":\"https:\/\/www.pernici.com\/fr\/?s={search_term_string}\"},\"query-input\":{\"@type\":\"PropertyValueSpecification\",\"valueRequired\":true,\"valueName\":\"search_term_string\"}}],\"inLanguage\":\"fr-FR\"},{\"@type\":\"Organization\",\"@id\":\"https:\/\/www.pernici.com\/fr\/#organization\",\"name\":\"Cereria Pernici Shop\",\"url\":\"https:\/\/www.pernici.com\/fr\/\",\"logo\":{\"@type\":\"ImageObject\",\"inLanguage\":\"fr-FR\",\"@id\":\"https:\/\/www.pernici.com\/fr\/#\/schema\/logo\/image\/\",\"url\":\"https:\/\/www.pernici.com\/wp-content\/uploads\/2025\/07\/logo_pernici.png\",\"contentUrl\":\"https:\/\/www.pernici.com\/wp-content\/uploads\/2025\/07\/logo_pernici.png\",\"width\":432,\"height\":189,\"caption\":\"Cereria Pernici Shop\"},\"image\":{\"@id\":\"https:\/\/www.pernici.com\/fr\/#\/schema\/logo\/image\/\"},\"sameAs\":[\"https:\/\/www.facebook.com\/cereriapernici\",\"https:\/\/www.instagram.com\/cereriapernici\/\"]}]}<\/script>\n<!-- \/ Yoast SEO plugin. -->","yoast_head_json":{"title":"Pens\u00e9es froiss\u00e9es Talc \"Bougie&Champagne\" - Cereria Pernici","description":"Bougie parfum\u00e9e Talc & Fleur Blanche 'Bougies & Champagne' : \u00e9l\u00e9gante et raffin\u00e9e, une id\u00e9e cadeau originale qui illumine chaque instant avec l\u00e9g\u00e8ret\u00e9 et style.","robots":{"index":"index","follow":"follow","max-snippet":"max-snippet:-1","max-image-preview":"max-image-preview:large","max-video-preview":"max-video-preview:-1"},"canonical":"https:\/\/www.pernici.com\/fr\/prodotto\/bougie-bougie-champagne-talc-et-fleurs-blanches\/","og_locale":"fr_FR","og_type":"article","og_title":"Pens\u00e9es froiss\u00e9es Talc \"Bougie&Champagne\" - Cereria Pernici","og_description":"Bougie parfum\u00e9e Talc & Fleur Blanche 'Bougies & Champagne' : \u00e9l\u00e9gante et raffin\u00e9e, une id\u00e9e cadeau originale qui illumine chaque instant avec l\u00e9g\u00e8ret\u00e9 et style.","og_url":"https:\/\/www.pernici.com\/fr\/prodotto\/bougie-bougie-champagne-talc-et-fleurs-blanches\/","og_site_name":"Cereria Pernici","article_publisher":"https:\/\/www.facebook.com\/cereriapernici","og_image":[{"width":2000,"height":2000,"url":"https:\/\/www.pernici.com\/wp-content\/uploads\/2025\/09\/candele-profumate-linea-daria-bougie-champagne-still-life.jpg","type":"image\/jpeg"}],"twitter_card":"summary_large_image","twitter_misc":{"Dur\u00e9e de lecture estim\u00e9e":"1 minute"},"schema":{"@context":"https:\/\/schema.org","@graph":[{"@type":"WebPage","@id":"https:\/\/www.pernici.com\/fr\/prodotto\/bougie-bougie-champagne-talc-et-fleurs-blanches\/","url":"https:\/\/www.pernici.com\/fr\/prodotto\/bougie-bougie-champagne-talc-et-fleurs-blanches\/","name":"Pens\u00e9es froiss\u00e9es Talc \"Bougie&Champagne\" - Cereria Pernici","isPartOf":{"@id":"https:\/\/www.pernici.com\/fr\/#website"},"primaryImageOfPage":{"@id":"https:\/\/www.pernici.com\/fr\/prodotto\/bougie-bougie-champagne-talc-et-fleurs-blanches\/#primaryimage"},"image":{"@id":"https:\/\/www.pernici.com\/fr\/prodotto\/bougie-bougie-champagne-talc-et-fleurs-blanches\/#primaryimage"},"thumbnailUrl":"https:\/\/www.pernici.com\/wp-content\/uploads\/2025\/09\/candele-profumate-linea-daria-bougie-champagne-still-life.jpg","datePublished":"2026-04-01T00:00:22+00:00","description":"Bougie parfum\u00e9e Talc & Fleur Blanche 'Bougies & Champagne' : \u00e9l\u00e9gante et raffin\u00e9e, une id\u00e9e cadeau originale qui illumine chaque instant avec l\u00e9g\u00e8ret\u00e9 et style.","breadcrumb":{"@id":"https:\/\/www.pernici.com\/fr\/prodotto\/bougie-bougie-champagne-talc-et-fleurs-blanches\/#breadcrumb"},"inLanguage":"fr-FR","potentialAction":[{"@type":"ReadAction","target":["https:\/\/www.pernici.com\/fr\/prodotto\/bougie-bougie-champagne-talc-et-fleurs-blanches\/"]}]},{"@type":"ImageObject","inLanguage":"fr-FR","@id":"https:\/\/www.pernici.com\/fr\/prodotto\/bougie-bougie-champagne-talc-et-fleurs-blanches\/#primaryimage","url":"https:\/\/www.pernici.com\/wp-content\/uploads\/2025\/09\/candele-profumate-linea-daria-bougie-champagne-still-life.jpg","contentUrl":"https:\/\/www.pernici.com\/wp-content\/uploads\/2025\/09\/candele-profumate-linea-daria-bougie-champagne-still-life.jpg","width":2000,"height":2000,"caption":"Candela profumata particolare \u201cPensieri Stropicciati \u2013 talc & white musk bougie e champagne in still life."},{"@type":"BreadcrumbList","@id":"https:\/\/www.pernici.com\/fr\/prodotto\/bougie-bougie-champagne-talc-et-fleurs-blanches\/#breadcrumb","itemListElement":[{"@type":"ListItem","position":1,"name":"Accueil","item":"https:\/\/www.pernici.com\/fr\/"},{"@type":"ListItem","position":2,"name":"Boutique","item":"https:\/\/www.pernici.com\/fr\/boutique\/"},{"@type":"ListItem","position":3,"name":"Bougies","item":"https:\/\/www.pernici.com\/fr\/categoria-prodotto\/bougies\/"},{"@type":"ListItem","position":4,"name":"Bougies avec phrases","item":"https:\/\/www.pernici.com\/fr\/categoria-prodotto\/bougies\/bougies-avec-phrases\/"},{"@type":"ListItem","position":5,"name":"Bougie Bougie &amp; Champagne &#8211; Talc et fleurs blanches"}]},{"@type":"WebSite","@id":"https:\/\/www.pernici.com\/fr\/#website","url":"https:\/\/www.pernici.com\/fr\/","name":"Cereria Pernici Shop","description":"una candela non illumina soltanto: racconta chi sei ","publisher":{"@id":"https:\/\/www.pernici.com\/fr\/#organization"},"potentialAction":[{"@type":"SearchAction","target":{"@type":"EntryPoint","urlTemplate":"https:\/\/www.pernici.com\/fr\/?s={search_term_string}"},"query-input":{"@type":"PropertyValueSpecification","valueRequired":true,"valueName":"search_term_string"}}],"inLanguage":"fr-FR"},{"@type":"Organization","@id":"https:\/\/www.pernici.com\/fr\/#organization","name":"Cereria Pernici Shop","url":"https:\/\/www.pernici.com\/fr\/","logo":{"@type":"ImageObject","inLanguage":"fr-FR","@id":"https:\/\/www.pernici.com\/fr\/#\/schema\/logo\/image\/","url":"https:\/\/www.pernici.com\/wp-content\/uploads\/2025\/07\/logo_pernici.png","contentUrl":"https:\/\/www.pernici.com\/wp-content\/uploads\/2025\/07\/logo_pernici.png","width":432,"height":189,"caption":"Cereria Pernici Shop"},"image":{"@id":"https:\/\/www.pernici.com\/fr\/#\/schema\/logo\/image\/"},"sameAs":["https:\/\/www.facebook.com\/cereriapernici","https:\/\/www.instagram.com\/cereriapernici\/"]}]}},"_links":{"self":[{"href":"https:\/\/www.pernici.com\/fr\/wp-json\/wp\/v2\/product\/2660","targetHints":{"allow":["GET"]}}],"collection":[{"href":"https:\/\/www.pernici.com\/fr\/wp-json\/wp\/v2\/product"}],"about":[{"href":"https:\/\/www.pernici.com\/fr\/wp-json\/wp\/v2\/types\/product"}],"wp:featuredmedia":[{"embeddable":true,"href":"https:\/\/www.pernici.com\/fr\/wp-json\/wp\/v2\/media\/6038"}],"wp:attachment":[{"href":"https:\/\/www.pernici.com\/fr\/wp-json\/wp\/v2\/media?parent=2660"}],"wp:term":[{"taxonomy":"product_col","embeddable":true,"href":"https:\/\/www.pernici.com\/fr\/wp-json\/wp\/v2\/product_col?post=2660"},{"taxonomy":"product_brand","embeddable":true,"href":"https:\/\/www.pernici.com\/fr\/wp-json\/wp\/v2\/product_brand?post=2660"},{"taxonomy":"product_cat","embeddable":true,"href":"https:\/\/www.pernici.com\/fr\/wp-json\/wp\/v2\/product_cat?post=2660"},{"taxonomy":"product_tag","embeddable":true,"href":"https:\/\/www.pernici.com\/fr\/wp-json\/wp\/v2\/product_tag?post=2660"}],"curies":[{"name":"wp","href":"https:\/\/api.w.org\/{rel}","templated":true}]}}