{"id":2648,"date":"2025-11-11T18:22:41","date_gmt":"2025-11-11T18:22:41","guid":{"rendered":"https:\/\/www.pernici.com\/prodotto\/capsule-de-noel-2025\/"},"modified":"2025-11-14T11:43:31","modified_gmt":"2025-11-14T11:43:31","slug":"capsule-de-noel-2025","status":"publish","type":"product","link":"https:\/\/www.pernici.com\/fr\/prodotto\/capsule-de-noel-2025\/","title":{"rendered":"Capsule de No\u00ebl 2025"},"content":{"rendered":"<p>La Capsule Xmas est un coffret \u00e9l\u00e9gant et innovant compos\u00e9 de quatre bougies parfum\u00e9es, chacune ayant un caract\u00e8re olfactif unique.<br \/>\nAllum\u00e9es ensemble, les fragrances se m\u00e9langent pour cr\u00e9er une symphonie olfactive in\u00e9dite qui \u00e9voque toute la magie et la chaleur des f\u00eates de fin d&rsquo;ann\u00e9e.<\/p>\n<p>Les notes vont de l&rsquo;ar\u00f4me sucr\u00e9 du panettone gourmet aux notes de vanille et de caramel, au raffinement musqu\u00e9 et floral, en passant par les tons bois\u00e9s et \u00e9pic\u00e9s qui enveloppent la pi\u00e8ce avec \u00e9l\u00e9gance et harmonie.<br \/>\nUne exp\u00e9rience sensorielle compl\u00e8te, con\u00e7ue pour ceux qui souhaitent vivre No\u00ebl \u00e0 travers la lumi\u00e8re, les parfums et la beaut\u00e9 des d\u00e9tails.<\/p>\n","protected":false},"excerpt":{"rendered":"<p>Un \u00e9l\u00e9gant coffret de quatre bougies parfum\u00e9es qui, allum\u00e9es ensemble, cr\u00e9ent une symphonie olfactive unique. Des notes sucr\u00e9es, musqu\u00e9es et \u00e9pic\u00e9es pour un No\u00ebl plein d&rsquo;ambiance. <\/p>\n","protected":false},"featured_media":5761,"template":"","meta":{"_acf_changed":false},"product_col":[],"product_brand":[],"product_cat":[69,108],"product_tag":[],"class_list":{"0":"post-2648","1":"product","2":"type-product","3":"status-publish","4":"has-post-thumbnail","6":"product_cat-bougies","7":"product_cat-bougies-parfumees","9":"first","10":"instock","11":"taxable","12":"shipping-taxable","13":"purchasable","14":"product-type-simple"},"acf":[],"yoast_head":"<!-- This site is optimized with the Yoast SEO plugin v27.2 - https:\/\/yoast.com\/product\/yoast-seo-wordpress\/ -->\n<title>Capsule de No\u00ebl 2025 - Cereria Pernici<\/title>\n<meta name=\"robots\" content=\"index, follow, max-snippet:-1, max-image-preview:large, max-video-preview:-1\" \/>\n<link rel=\"canonical\" href=\"https:\/\/www.pernici.com\/fr\/prodotto\/capsule-de-noel-2025\/\" \/>\n<meta property=\"og:locale\" content=\"fr_FR\" \/>\n<meta property=\"og:type\" content=\"article\" \/>\n<meta property=\"og:title\" content=\"Capsule de No\u00ebl 2025 - Cereria Pernici\" \/>\n<meta property=\"og:description\" content=\"Un \u00e9l\u00e9gant coffret de quatre bougies parfum\u00e9es qui, allum\u00e9es ensemble, cr\u00e9ent une symphonie olfactive unique. Des notes sucr\u00e9es, musqu\u00e9es et \u00e9pic\u00e9es pour un No\u00ebl plein d&#039;ambiance.\" \/>\n<meta property=\"og:url\" content=\"https:\/\/www.pernici.com\/fr\/prodotto\/capsule-de-noel-2025\/\" \/>\n<meta property=\"og:site_name\" content=\"Cereria Pernici\" \/>\n<meta property=\"article:publisher\" content=\"https:\/\/www.facebook.com\/cereriapernici\" \/>\n<meta property=\"article:modified_time\" content=\"2025-11-14T11:43:31+00:00\" \/>\n<meta property=\"og:image\" content=\"https:\/\/www.pernici.com\/wp-content\/uploads\/2025\/11\/Capsule-XMAS25_3-SHOP.jpg\" \/>\n\t<meta property=\"og:image:width\" content=\"2000\" \/>\n\t<meta property=\"og:image:height\" content=\"2000\" \/>\n\t<meta property=\"og:image:type\" content=\"image\/jpeg\" \/>\n<meta name=\"twitter:card\" content=\"summary_large_image\" \/>\n<meta name=\"twitter:label1\" content=\"Dur\u00e9e de lecture estim\u00e9e\" \/>\n\t<meta name=\"twitter:data1\" content=\"1 minute\" \/>\n<script type=\"application\/ld+json\" class=\"yoast-schema-graph\">{\"@context\":\"https:\/\/schema.org\",\"@graph\":[{\"@type\":\"WebPage\",\"@id\":\"https:\/\/www.pernici.com\/fr\/prodotto\/capsule-de-noel-2025\/\",\"url\":\"https:\/\/www.pernici.com\/fr\/prodotto\/capsule-de-noel-2025\/\",\"name\":\"Capsule de No\u00ebl 2025 - Cereria Pernici\",\"isPartOf\":{\"@id\":\"https:\/\/www.pernici.com\/fr\/#website\"},\"primaryImageOfPage\":{\"@id\":\"https:\/\/www.pernici.com\/fr\/prodotto\/capsule-de-noel-2025\/#primaryimage\"},\"image\":{\"@id\":\"https:\/\/www.pernici.com\/fr\/prodotto\/capsule-de-noel-2025\/#primaryimage\"},\"thumbnailUrl\":\"https:\/\/www.pernici.com\/wp-content\/uploads\/2025\/11\/Capsule-XMAS25_3-SHOP.jpg\",\"datePublished\":\"2025-11-11T18:22:41+00:00\",\"dateModified\":\"2025-11-14T11:43:31+00:00\",\"breadcrumb\":{\"@id\":\"https:\/\/www.pernici.com\/fr\/prodotto\/capsule-de-noel-2025\/#breadcrumb\"},\"inLanguage\":\"fr-FR\",\"potentialAction\":[{\"@type\":\"ReadAction\",\"target\":[\"https:\/\/www.pernici.com\/fr\/prodotto\/capsule-de-noel-2025\/\"]}]},{\"@type\":\"ImageObject\",\"inLanguage\":\"fr-FR\",\"@id\":\"https:\/\/www.pernici.com\/fr\/prodotto\/capsule-de-noel-2025\/#primaryimage\",\"url\":\"https:\/\/www.pernici.com\/wp-content\/uploads\/2025\/11\/Capsule-XMAS25_3-SHOP.jpg\",\"contentUrl\":\"https:\/\/www.pernici.com\/wp-content\/uploads\/2025\/11\/Capsule-XMAS25_3-SHOP.jpg\",\"width\":2000,\"height\":2000},{\"@type\":\"BreadcrumbList\",\"@id\":\"https:\/\/www.pernici.com\/fr\/prodotto\/capsule-de-noel-2025\/#breadcrumb\",\"itemListElement\":[{\"@type\":\"ListItem\",\"position\":1,\"name\":\"Accueil\",\"item\":\"https:\/\/www.pernici.com\/fr\/\"},{\"@type\":\"ListItem\",\"position\":2,\"name\":\"Boutique\",\"item\":\"https:\/\/www.pernici.com\/fr\/boutique\/\"},{\"@type\":\"ListItem\",\"position\":3,\"name\":\"Bougies\",\"item\":\"https:\/\/www.pernici.com\/fr\/categoria-prodotto\/bougies\/\"},{\"@type\":\"ListItem\",\"position\":4,\"name\":\"Bougies parfum\u00e9es\",\"item\":\"https:\/\/www.pernici.com\/fr\/categoria-prodotto\/bougies\/bougies-parfumees\/\"},{\"@type\":\"ListItem\",\"position\":5,\"name\":\"Capsule de No\u00ebl 2025\"}]},{\"@type\":\"WebSite\",\"@id\":\"https:\/\/www.pernici.com\/fr\/#website\",\"url\":\"https:\/\/www.pernici.com\/fr\/\",\"name\":\"Cereria Pernici Shop\",\"description\":\"una candela non illumina soltanto: racconta chi sei \",\"publisher\":{\"@id\":\"https:\/\/www.pernici.com\/fr\/#organization\"},\"potentialAction\":[{\"@type\":\"SearchAction\",\"target\":{\"@type\":\"EntryPoint\",\"urlTemplate\":\"https:\/\/www.pernici.com\/fr\/?s={search_term_string}\"},\"query-input\":{\"@type\":\"PropertyValueSpecification\",\"valueRequired\":true,\"valueName\":\"search_term_string\"}}],\"inLanguage\":\"fr-FR\"},{\"@type\":\"Organization\",\"@id\":\"https:\/\/www.pernici.com\/fr\/#organization\",\"name\":\"Cereria Pernici Shop\",\"url\":\"https:\/\/www.pernici.com\/fr\/\",\"logo\":{\"@type\":\"ImageObject\",\"inLanguage\":\"fr-FR\",\"@id\":\"https:\/\/www.pernici.com\/fr\/#\/schema\/logo\/image\/\",\"url\":\"https:\/\/www.pernici.com\/wp-content\/uploads\/2025\/07\/logo_pernici.png\",\"contentUrl\":\"https:\/\/www.pernici.com\/wp-content\/uploads\/2025\/07\/logo_pernici.png\",\"width\":432,\"height\":189,\"caption\":\"Cereria Pernici Shop\"},\"image\":{\"@id\":\"https:\/\/www.pernici.com\/fr\/#\/schema\/logo\/image\/\"},\"sameAs\":[\"https:\/\/www.facebook.com\/cereriapernici\",\"https:\/\/www.instagram.com\/cereriapernici\/\"]}]}<\/script>\n<!-- \/ Yoast SEO plugin. -->","yoast_head_json":{"title":"Capsule de No\u00ebl 2025 - Cereria Pernici","robots":{"index":"index","follow":"follow","max-snippet":"max-snippet:-1","max-image-preview":"max-image-preview:large","max-video-preview":"max-video-preview:-1"},"canonical":"https:\/\/www.pernici.com\/fr\/prodotto\/capsule-de-noel-2025\/","og_locale":"fr_FR","og_type":"article","og_title":"Capsule de No\u00ebl 2025 - Cereria Pernici","og_description":"Un \u00e9l\u00e9gant coffret de quatre bougies parfum\u00e9es qui, allum\u00e9es ensemble, cr\u00e9ent une symphonie olfactive unique. Des notes sucr\u00e9es, musqu\u00e9es et \u00e9pic\u00e9es pour un No\u00ebl plein d'ambiance.","og_url":"https:\/\/www.pernici.com\/fr\/prodotto\/capsule-de-noel-2025\/","og_site_name":"Cereria Pernici","article_publisher":"https:\/\/www.facebook.com\/cereriapernici","article_modified_time":"2025-11-14T11:43:31+00:00","og_image":[{"width":2000,"height":2000,"url":"https:\/\/www.pernici.com\/wp-content\/uploads\/2025\/11\/Capsule-XMAS25_3-SHOP.jpg","type":"image\/jpeg"}],"twitter_card":"summary_large_image","twitter_misc":{"Dur\u00e9e de lecture estim\u00e9e":"1 minute"},"schema":{"@context":"https:\/\/schema.org","@graph":[{"@type":"WebPage","@id":"https:\/\/www.pernici.com\/fr\/prodotto\/capsule-de-noel-2025\/","url":"https:\/\/www.pernici.com\/fr\/prodotto\/capsule-de-noel-2025\/","name":"Capsule de No\u00ebl 2025 - Cereria Pernici","isPartOf":{"@id":"https:\/\/www.pernici.com\/fr\/#website"},"primaryImageOfPage":{"@id":"https:\/\/www.pernici.com\/fr\/prodotto\/capsule-de-noel-2025\/#primaryimage"},"image":{"@id":"https:\/\/www.pernici.com\/fr\/prodotto\/capsule-de-noel-2025\/#primaryimage"},"thumbnailUrl":"https:\/\/www.pernici.com\/wp-content\/uploads\/2025\/11\/Capsule-XMAS25_3-SHOP.jpg","datePublished":"2025-11-11T18:22:41+00:00","dateModified":"2025-11-14T11:43:31+00:00","breadcrumb":{"@id":"https:\/\/www.pernici.com\/fr\/prodotto\/capsule-de-noel-2025\/#breadcrumb"},"inLanguage":"fr-FR","potentialAction":[{"@type":"ReadAction","target":["https:\/\/www.pernici.com\/fr\/prodotto\/capsule-de-noel-2025\/"]}]},{"@type":"ImageObject","inLanguage":"fr-FR","@id":"https:\/\/www.pernici.com\/fr\/prodotto\/capsule-de-noel-2025\/#primaryimage","url":"https:\/\/www.pernici.com\/wp-content\/uploads\/2025\/11\/Capsule-XMAS25_3-SHOP.jpg","contentUrl":"https:\/\/www.pernici.com\/wp-content\/uploads\/2025\/11\/Capsule-XMAS25_3-SHOP.jpg","width":2000,"height":2000},{"@type":"BreadcrumbList","@id":"https:\/\/www.pernici.com\/fr\/prodotto\/capsule-de-noel-2025\/#breadcrumb","itemListElement":[{"@type":"ListItem","position":1,"name":"Accueil","item":"https:\/\/www.pernici.com\/fr\/"},{"@type":"ListItem","position":2,"name":"Boutique","item":"https:\/\/www.pernici.com\/fr\/boutique\/"},{"@type":"ListItem","position":3,"name":"Bougies","item":"https:\/\/www.pernici.com\/fr\/categoria-prodotto\/bougies\/"},{"@type":"ListItem","position":4,"name":"Bougies parfum\u00e9es","item":"https:\/\/www.pernici.com\/fr\/categoria-prodotto\/bougies\/bougies-parfumees\/"},{"@type":"ListItem","position":5,"name":"Capsule de No\u00ebl 2025"}]},{"@type":"WebSite","@id":"https:\/\/www.pernici.com\/fr\/#website","url":"https:\/\/www.pernici.com\/fr\/","name":"Cereria Pernici Shop","description":"una candela non illumina soltanto: racconta chi sei ","publisher":{"@id":"https:\/\/www.pernici.com\/fr\/#organization"},"potentialAction":[{"@type":"SearchAction","target":{"@type":"EntryPoint","urlTemplate":"https:\/\/www.pernici.com\/fr\/?s={search_term_string}"},"query-input":{"@type":"PropertyValueSpecification","valueRequired":true,"valueName":"search_term_string"}}],"inLanguage":"fr-FR"},{"@type":"Organization","@id":"https:\/\/www.pernici.com\/fr\/#organization","name":"Cereria Pernici Shop","url":"https:\/\/www.pernici.com\/fr\/","logo":{"@type":"ImageObject","inLanguage":"fr-FR","@id":"https:\/\/www.pernici.com\/fr\/#\/schema\/logo\/image\/","url":"https:\/\/www.pernici.com\/wp-content\/uploads\/2025\/07\/logo_pernici.png","contentUrl":"https:\/\/www.pernici.com\/wp-content\/uploads\/2025\/07\/logo_pernici.png","width":432,"height":189,"caption":"Cereria Pernici Shop"},"image":{"@id":"https:\/\/www.pernici.com\/fr\/#\/schema\/logo\/image\/"},"sameAs":["https:\/\/www.facebook.com\/cereriapernici","https:\/\/www.instagram.com\/cereriapernici\/"]}]}},"_links":{"self":[{"href":"https:\/\/www.pernici.com\/fr\/wp-json\/wp\/v2\/product\/2648","targetHints":{"allow":["GET"]}}],"collection":[{"href":"https:\/\/www.pernici.com\/fr\/wp-json\/wp\/v2\/product"}],"about":[{"href":"https:\/\/www.pernici.com\/fr\/wp-json\/wp\/v2\/types\/product"}],"wp:featuredmedia":[{"embeddable":true,"href":"https:\/\/www.pernici.com\/fr\/wp-json\/wp\/v2\/media\/5761"}],"wp:attachment":[{"href":"https:\/\/www.pernici.com\/fr\/wp-json\/wp\/v2\/media?parent=2648"}],"wp:term":[{"taxonomy":"product_col","embeddable":true,"href":"https:\/\/www.pernici.com\/fr\/wp-json\/wp\/v2\/product_col?post=2648"},{"taxonomy":"product_brand","embeddable":true,"href":"https:\/\/www.pernici.com\/fr\/wp-json\/wp\/v2\/product_brand?post=2648"},{"taxonomy":"product_cat","embeddable":true,"href":"https:\/\/www.pernici.com\/fr\/wp-json\/wp\/v2\/product_cat?post=2648"},{"taxonomy":"product_tag","embeddable":true,"href":"https:\/\/www.pernici.com\/fr\/wp-json\/wp\/v2\/product_tag?post=2648"}],"curies":[{"name":"wp","href":"https:\/\/api.w.org\/{rel}","templated":true}]}}