{"id":2635,"date":"2025-11-11T18:11:46","date_gmt":"2025-11-11T18:11:46","guid":{"rendered":"https:\/\/www.pernici.com\/prodotto\/mots-lumieres-plus-vite-que-la-lumiere-parfum-cedre-tonka\/"},"modified":"2025-11-11T18:11:46","modified_gmt":"2025-11-11T18:11:46","slug":"mots-lumieres-plus-vite-que-la-lumiere-parfum-cedre-tonka","status":"publish","type":"product","link":"https:\/\/www.pernici.com\/fr\/prodotto\/mots-lumieres-plus-vite-que-la-lumiere-parfum-cedre-tonka\/","title":{"rendered":"Mots &amp; Lumi\u00e8res &#8211; Plus vite que la lumi\u00e8re parfum C\u00e8dre &amp; Tonka"},"content":{"rendered":"<p><span class=\"s1\">Plus vite que la lumi\u00e8re<\/span> n&rsquo;est pas une simple phrase, mais une invitation \u00e0 vivre avec intensit\u00e9, \u00e0 se laisser guider par l&rsquo;\u00e9nergie qui illumine nos pas. Nous avons choisi de l&rsquo;associer \u00e0 la fragrance <span class=\"s1\">Cedar &amp; Tonka<\/span> car son caract\u00e8re d\u00e9cisif et enveloppant exprime la force et le mouvement : le c\u00e8dre apporte la solidit\u00e9 de la nature, tandis que la douceur chaleureuse de la f\u00e8ve tonka donne de la profondeur et de l&rsquo;intensit\u00e9. Ensemble, ils cr\u00e9ent un parfum qui sent l&rsquo;\u00e9lan et la d\u00e9termination, parfait pour ceux qui ne s&rsquo;arr\u00eatent jamais et qui trouvent leur direction dans leur lumi\u00e8re int\u00e9rieure. Une bougie qui ne se contente pas de d\u00e9corer et de parfumer, mais qui devient un message quotidien : n&rsquo;oubliez pas de briller, toujours, plus vite que la lumi\u00e8re.   <\/p>\n","protected":false},"excerpt":{"rendered":"<p>Plus vite que la lumi\u00e8re\u00a0\u00bb est la bougie qui allie la force du c\u00e8dre \u00e0 la douceur enveloppante de la f\u00e8ve tonka. Un parfum intense et dynamique, con\u00e7u pour ceux qui vivent d&rsquo;\u00e9nergie et de lumi\u00e8re int\u00e9rieure. <\/p>\n","protected":false},"featured_media":2640,"template":"","meta":{"_acf_changed":false},"product_col":[88],"product_brand":[],"product_cat":[69,109,108],"product_tag":[],"class_list":{"0":"post-2635","1":"product","2":"type-product","3":"status-publish","4":"has-post-thumbnail","6":"product_col-words-lights","7":"product_cat-bougies","8":"product_cat-bougies-avec-phrases","9":"product_cat-bougies-parfumees","11":"first","12":"instock","13":"taxable","14":"shipping-taxable","15":"purchasable","16":"product-type-simple"},"acf":[],"yoast_head":"<!-- This site is optimized with the Yoast SEO plugin v27.2 - https:\/\/yoast.com\/product\/yoast-seo-wordpress\/ -->\n<title>Mots &amp; Lumi\u00e8res - Plus vite que la lumi\u00e8re parfum C\u00e8dre &amp; Tonka - Cereria Pernici<\/title>\n<meta name=\"robots\" content=\"index, follow, max-snippet:-1, max-image-preview:large, max-video-preview:-1\" \/>\n<link rel=\"canonical\" href=\"https:\/\/www.pernici.com\/fr\/prodotto\/mots-lumieres-plus-vite-que-la-lumiere-parfum-cedre-tonka\/\" \/>\n<meta property=\"og:locale\" content=\"fr_FR\" \/>\n<meta property=\"og:type\" content=\"article\" \/>\n<meta property=\"og:title\" content=\"Mots &amp; Lumi\u00e8res - Plus vite que la lumi\u00e8re parfum C\u00e8dre &amp; Tonka - Cereria Pernici\" \/>\n<meta property=\"og:description\" content=\"Plus vite que la lumi\u00e8re&quot; est la bougie qui allie la force du c\u00e8dre \u00e0 la douceur enveloppante de la f\u00e8ve tonka. Un parfum intense et dynamique, con\u00e7u pour ceux qui vivent d&#039;\u00e9nergie et de lumi\u00e8re int\u00e9rieure.\" \/>\n<meta property=\"og:url\" content=\"https:\/\/www.pernici.com\/fr\/prodotto\/mots-lumieres-plus-vite-que-la-lumiere-parfum-cedre-tonka\/\" \/>\n<meta property=\"og:site_name\" content=\"Cereria Pernici\" \/>\n<meta property=\"article:publisher\" content=\"https:\/\/www.facebook.com\/cereriapernici\" \/>\n<meta property=\"og:image\" content=\"https:\/\/www.pernici.com\/wp-content\/uploads\/2025\/11\/candele-profumate-words-lights-piu-veloce-della-luce-pernici-ambientata-scaled.jpg\" \/>\n\t<meta property=\"og:image:width\" content=\"2560\" \/>\n\t<meta property=\"og:image:height\" content=\"1707\" \/>\n\t<meta property=\"og:image:type\" content=\"image\/jpeg\" \/>\n<meta name=\"twitter:card\" content=\"summary_large_image\" \/>\n<meta name=\"twitter:label1\" content=\"Dur\u00e9e de lecture estim\u00e9e\" \/>\n\t<meta name=\"twitter:data1\" content=\"1 minute\" \/>\n<script type=\"application\/ld+json\" class=\"yoast-schema-graph\">{\"@context\":\"https:\/\/schema.org\",\"@graph\":[{\"@type\":\"WebPage\",\"@id\":\"https:\/\/www.pernici.com\/fr\/prodotto\/mots-lumieres-plus-vite-que-la-lumiere-parfum-cedre-tonka\/\",\"url\":\"https:\/\/www.pernici.com\/fr\/prodotto\/mots-lumieres-plus-vite-que-la-lumiere-parfum-cedre-tonka\/\",\"name\":\"Mots &amp; Lumi\u00e8res - Plus vite que la lumi\u00e8re parfum C\u00e8dre &amp; Tonka - Cereria Pernici\",\"isPartOf\":{\"@id\":\"https:\/\/www.pernici.com\/fr\/#website\"},\"primaryImageOfPage\":{\"@id\":\"https:\/\/www.pernici.com\/fr\/prodotto\/mots-lumieres-plus-vite-que-la-lumiere-parfum-cedre-tonka\/#primaryimage\"},\"image\":{\"@id\":\"https:\/\/www.pernici.com\/fr\/prodotto\/mots-lumieres-plus-vite-que-la-lumiere-parfum-cedre-tonka\/#primaryimage\"},\"thumbnailUrl\":\"https:\/\/www.pernici.com\/wp-content\/uploads\/2025\/11\/candele-profumate-words-lights-piu-veloce-della-luce-pernici-ambientata-scaled.jpg\",\"datePublished\":\"2025-11-11T18:11:46+00:00\",\"breadcrumb\":{\"@id\":\"https:\/\/www.pernici.com\/fr\/prodotto\/mots-lumieres-plus-vite-que-la-lumiere-parfum-cedre-tonka\/#breadcrumb\"},\"inLanguage\":\"fr-FR\",\"potentialAction\":[{\"@type\":\"ReadAction\",\"target\":[\"https:\/\/www.pernici.com\/fr\/prodotto\/mots-lumieres-plus-vite-que-la-lumiere-parfum-cedre-tonka\/\"]}]},{\"@type\":\"ImageObject\",\"inLanguage\":\"fr-FR\",\"@id\":\"https:\/\/www.pernici.com\/fr\/prodotto\/mots-lumieres-plus-vite-que-la-lumiere-parfum-cedre-tonka\/#primaryimage\",\"url\":\"https:\/\/www.pernici.com\/wp-content\/uploads\/2025\/11\/candele-profumate-words-lights-piu-veloce-della-luce-pernici-ambientata-scaled.jpg\",\"contentUrl\":\"https:\/\/www.pernici.com\/wp-content\/uploads\/2025\/11\/candele-profumate-words-lights-piu-veloce-della-luce-pernici-ambientata-scaled.jpg\",\"width\":2560,\"height\":1707},{\"@type\":\"BreadcrumbList\",\"@id\":\"https:\/\/www.pernici.com\/fr\/prodotto\/mots-lumieres-plus-vite-que-la-lumiere-parfum-cedre-tonka\/#breadcrumb\",\"itemListElement\":[{\"@type\":\"ListItem\",\"position\":1,\"name\":\"Accueil\",\"item\":\"https:\/\/www.pernici.com\/fr\/\"},{\"@type\":\"ListItem\",\"position\":2,\"name\":\"Boutique\",\"item\":\"https:\/\/www.pernici.com\/fr\/boutique\/\"},{\"@type\":\"ListItem\",\"position\":3,\"name\":\"Bougies\",\"item\":\"https:\/\/www.pernici.com\/fr\/categoria-prodotto\/bougies\/\"},{\"@type\":\"ListItem\",\"position\":4,\"name\":\"Bougies avec phrases\",\"item\":\"https:\/\/www.pernici.com\/fr\/categoria-prodotto\/bougies\/bougies-avec-phrases\/\"},{\"@type\":\"ListItem\",\"position\":5,\"name\":\"Mots &amp; Lumi\u00e8res &#8211; Plus vite que la lumi\u00e8re parfum C\u00e8dre &amp; Tonka\"}]},{\"@type\":\"WebSite\",\"@id\":\"https:\/\/www.pernici.com\/fr\/#website\",\"url\":\"https:\/\/www.pernici.com\/fr\/\",\"name\":\"Cereria Pernici Shop\",\"description\":\"una candela non illumina soltanto: racconta chi sei \",\"publisher\":{\"@id\":\"https:\/\/www.pernici.com\/fr\/#organization\"},\"potentialAction\":[{\"@type\":\"SearchAction\",\"target\":{\"@type\":\"EntryPoint\",\"urlTemplate\":\"https:\/\/www.pernici.com\/fr\/?s={search_term_string}\"},\"query-input\":{\"@type\":\"PropertyValueSpecification\",\"valueRequired\":true,\"valueName\":\"search_term_string\"}}],\"inLanguage\":\"fr-FR\"},{\"@type\":\"Organization\",\"@id\":\"https:\/\/www.pernici.com\/fr\/#organization\",\"name\":\"Cereria Pernici Shop\",\"url\":\"https:\/\/www.pernici.com\/fr\/\",\"logo\":{\"@type\":\"ImageObject\",\"inLanguage\":\"fr-FR\",\"@id\":\"https:\/\/www.pernici.com\/fr\/#\/schema\/logo\/image\/\",\"url\":\"https:\/\/www.pernici.com\/wp-content\/uploads\/2025\/07\/logo_pernici.png\",\"contentUrl\":\"https:\/\/www.pernici.com\/wp-content\/uploads\/2025\/07\/logo_pernici.png\",\"width\":432,\"height\":189,\"caption\":\"Cereria Pernici Shop\"},\"image\":{\"@id\":\"https:\/\/www.pernici.com\/fr\/#\/schema\/logo\/image\/\"},\"sameAs\":[\"https:\/\/www.facebook.com\/cereriapernici\",\"https:\/\/www.instagram.com\/cereriapernici\/\"]}]}<\/script>\n<!-- \/ Yoast SEO plugin. -->","yoast_head_json":{"title":"Mots &amp; Lumi\u00e8res - Plus vite que la lumi\u00e8re parfum C\u00e8dre &amp; Tonka - Cereria Pernici","robots":{"index":"index","follow":"follow","max-snippet":"max-snippet:-1","max-image-preview":"max-image-preview:large","max-video-preview":"max-video-preview:-1"},"canonical":"https:\/\/www.pernici.com\/fr\/prodotto\/mots-lumieres-plus-vite-que-la-lumiere-parfum-cedre-tonka\/","og_locale":"fr_FR","og_type":"article","og_title":"Mots &amp; Lumi\u00e8res - Plus vite que la lumi\u00e8re parfum C\u00e8dre &amp; Tonka - Cereria Pernici","og_description":"Plus vite que la lumi\u00e8re\" est la bougie qui allie la force du c\u00e8dre \u00e0 la douceur enveloppante de la f\u00e8ve tonka. Un parfum intense et dynamique, con\u00e7u pour ceux qui vivent d'\u00e9nergie et de lumi\u00e8re int\u00e9rieure.","og_url":"https:\/\/www.pernici.com\/fr\/prodotto\/mots-lumieres-plus-vite-que-la-lumiere-parfum-cedre-tonka\/","og_site_name":"Cereria Pernici","article_publisher":"https:\/\/www.facebook.com\/cereriapernici","og_image":[{"width":2560,"height":1707,"url":"https:\/\/www.pernici.com\/wp-content\/uploads\/2025\/11\/candele-profumate-words-lights-piu-veloce-della-luce-pernici-ambientata-scaled.jpg","type":"image\/jpeg"}],"twitter_card":"summary_large_image","twitter_misc":{"Dur\u00e9e de lecture estim\u00e9e":"1 minute"},"schema":{"@context":"https:\/\/schema.org","@graph":[{"@type":"WebPage","@id":"https:\/\/www.pernici.com\/fr\/prodotto\/mots-lumieres-plus-vite-que-la-lumiere-parfum-cedre-tonka\/","url":"https:\/\/www.pernici.com\/fr\/prodotto\/mots-lumieres-plus-vite-que-la-lumiere-parfum-cedre-tonka\/","name":"Mots &amp; Lumi\u00e8res - Plus vite que la lumi\u00e8re parfum C\u00e8dre &amp; Tonka - Cereria Pernici","isPartOf":{"@id":"https:\/\/www.pernici.com\/fr\/#website"},"primaryImageOfPage":{"@id":"https:\/\/www.pernici.com\/fr\/prodotto\/mots-lumieres-plus-vite-que-la-lumiere-parfum-cedre-tonka\/#primaryimage"},"image":{"@id":"https:\/\/www.pernici.com\/fr\/prodotto\/mots-lumieres-plus-vite-que-la-lumiere-parfum-cedre-tonka\/#primaryimage"},"thumbnailUrl":"https:\/\/www.pernici.com\/wp-content\/uploads\/2025\/11\/candele-profumate-words-lights-piu-veloce-della-luce-pernici-ambientata-scaled.jpg","datePublished":"2025-11-11T18:11:46+00:00","breadcrumb":{"@id":"https:\/\/www.pernici.com\/fr\/prodotto\/mots-lumieres-plus-vite-que-la-lumiere-parfum-cedre-tonka\/#breadcrumb"},"inLanguage":"fr-FR","potentialAction":[{"@type":"ReadAction","target":["https:\/\/www.pernici.com\/fr\/prodotto\/mots-lumieres-plus-vite-que-la-lumiere-parfum-cedre-tonka\/"]}]},{"@type":"ImageObject","inLanguage":"fr-FR","@id":"https:\/\/www.pernici.com\/fr\/prodotto\/mots-lumieres-plus-vite-que-la-lumiere-parfum-cedre-tonka\/#primaryimage","url":"https:\/\/www.pernici.com\/wp-content\/uploads\/2025\/11\/candele-profumate-words-lights-piu-veloce-della-luce-pernici-ambientata-scaled.jpg","contentUrl":"https:\/\/www.pernici.com\/wp-content\/uploads\/2025\/11\/candele-profumate-words-lights-piu-veloce-della-luce-pernici-ambientata-scaled.jpg","width":2560,"height":1707},{"@type":"BreadcrumbList","@id":"https:\/\/www.pernici.com\/fr\/prodotto\/mots-lumieres-plus-vite-que-la-lumiere-parfum-cedre-tonka\/#breadcrumb","itemListElement":[{"@type":"ListItem","position":1,"name":"Accueil","item":"https:\/\/www.pernici.com\/fr\/"},{"@type":"ListItem","position":2,"name":"Boutique","item":"https:\/\/www.pernici.com\/fr\/boutique\/"},{"@type":"ListItem","position":3,"name":"Bougies","item":"https:\/\/www.pernici.com\/fr\/categoria-prodotto\/bougies\/"},{"@type":"ListItem","position":4,"name":"Bougies avec phrases","item":"https:\/\/www.pernici.com\/fr\/categoria-prodotto\/bougies\/bougies-avec-phrases\/"},{"@type":"ListItem","position":5,"name":"Mots &amp; Lumi\u00e8res &#8211; Plus vite que la lumi\u00e8re parfum C\u00e8dre &amp; Tonka"}]},{"@type":"WebSite","@id":"https:\/\/www.pernici.com\/fr\/#website","url":"https:\/\/www.pernici.com\/fr\/","name":"Cereria Pernici Shop","description":"una candela non illumina soltanto: racconta chi sei ","publisher":{"@id":"https:\/\/www.pernici.com\/fr\/#organization"},"potentialAction":[{"@type":"SearchAction","target":{"@type":"EntryPoint","urlTemplate":"https:\/\/www.pernici.com\/fr\/?s={search_term_string}"},"query-input":{"@type":"PropertyValueSpecification","valueRequired":true,"valueName":"search_term_string"}}],"inLanguage":"fr-FR"},{"@type":"Organization","@id":"https:\/\/www.pernici.com\/fr\/#organization","name":"Cereria Pernici Shop","url":"https:\/\/www.pernici.com\/fr\/","logo":{"@type":"ImageObject","inLanguage":"fr-FR","@id":"https:\/\/www.pernici.com\/fr\/#\/schema\/logo\/image\/","url":"https:\/\/www.pernici.com\/wp-content\/uploads\/2025\/07\/logo_pernici.png","contentUrl":"https:\/\/www.pernici.com\/wp-content\/uploads\/2025\/07\/logo_pernici.png","width":432,"height":189,"caption":"Cereria Pernici Shop"},"image":{"@id":"https:\/\/www.pernici.com\/fr\/#\/schema\/logo\/image\/"},"sameAs":["https:\/\/www.facebook.com\/cereriapernici","https:\/\/www.instagram.com\/cereriapernici\/"]}]}},"_links":{"self":[{"href":"https:\/\/www.pernici.com\/fr\/wp-json\/wp\/v2\/product\/2635","targetHints":{"allow":["GET"]}}],"collection":[{"href":"https:\/\/www.pernici.com\/fr\/wp-json\/wp\/v2\/product"}],"about":[{"href":"https:\/\/www.pernici.com\/fr\/wp-json\/wp\/v2\/types\/product"}],"wp:featuredmedia":[{"embeddable":true,"href":"https:\/\/www.pernici.com\/fr\/wp-json\/wp\/v2\/media\/2640"}],"wp:attachment":[{"href":"https:\/\/www.pernici.com\/fr\/wp-json\/wp\/v2\/media?parent=2635"}],"wp:term":[{"taxonomy":"product_col","embeddable":true,"href":"https:\/\/www.pernici.com\/fr\/wp-json\/wp\/v2\/product_col?post=2635"},{"taxonomy":"product_brand","embeddable":true,"href":"https:\/\/www.pernici.com\/fr\/wp-json\/wp\/v2\/product_brand?post=2635"},{"taxonomy":"product_cat","embeddable":true,"href":"https:\/\/www.pernici.com\/fr\/wp-json\/wp\/v2\/product_cat?post=2635"},{"taxonomy":"product_tag","embeddable":true,"href":"https:\/\/www.pernici.com\/fr\/wp-json\/wp\/v2\/product_tag?post=2635"}],"curies":[{"name":"wp","href":"https:\/\/api.w.org\/{rel}","templated":true}]}}