{"id":2461,"date":"2025-05-16T13:38:23","date_gmt":"2025-05-16T13:38:23","guid":{"rendered":"https:\/\/www.pernici.com\/prodotto\/aussi-chaud-que-moi-bougie-vanille-lait\/"},"modified":"2025-11-14T11:44:51","modified_gmt":"2025-11-14T11:44:51","slug":"aussi-chaud-que-moi-bougie-vanille-lait","status":"publish","type":"product","link":"https:\/\/www.pernici.com\/fr\/prodotto\/aussi-chaud-que-moi-bougie-vanille-lait\/","title":{"rendered":"Aussi chaud que moi &#8211; Bougie Vanille &amp; Lait"},"content":{"rendered":"<p class=\"p1\"><i>As hot as me\u00a0\u00bb<\/i> est la phrase qui joue avec l&rsquo;ironie et l&rsquo;authenticit\u00e9 de la ligne <i>Pensieri Stropicciati<\/i>. Nous avons choisi de l&rsquo;associer au parfum <span class=\"s1\">Vanilla &amp; Milk<\/span> parce qu&rsquo;elle raconte l&rsquo;histoire du contraste entre douceur et caract\u00e8re : d&rsquo;un c\u00f4t\u00e9 la vanille, velout\u00e9e et sensuelle, de l&rsquo;autre le lait, doux et rassurant. <\/p>\n<p class=\"p1\">Cette bougie est con\u00e7ue pour ceux qui savent se prendre \u00e0 la l\u00e9g\u00e8re mais ne renoncent pas \u00e0 laisser leur empreinte : chaude, enveloppante, avec cette note ironique qui fait sourire chaque fois qu&rsquo;on la regarde ou qu&rsquo;on l&rsquo;offre. Une fa\u00e7on l\u00e9g\u00e8re et amusante de transformer un moment quotidien en une exp\u00e9rience parfum\u00e9e capable de r\u00e9chauffer l&rsquo;atmosph\u00e8re et l&rsquo;humeur. <\/p>\n","protected":false},"excerpt":{"rendered":"<p class=\"p1\">La bougie parfum\u00e9e Vanilla &amp; Milk &lsquo;As hot as me&rsquo; de la ligne Pensieri Stropicciati Pernici allie un design original et un parfum enveloppant, id\u00e9al comme id\u00e9e de cadeau sp\u00e9cial ou pour cr\u00e9er une atmosph\u00e8re dans la maison.<\/p>\n","protected":false},"featured_media":2465,"template":"","meta":{"_acf_changed":false},"product_col":[],"product_brand":[],"product_cat":[70,109,108],"product_tag":[],"class_list":{"0":"post-2461","1":"product","2":"type-product","3":"status-publish","4":"has-post-thumbnail","6":"product_cat-actualites","7":"product_cat-bougies-avec-phrases","8":"product_cat-bougies-parfumees","10":"first","11":"outofstock","12":"taxable","13":"shipping-taxable","14":"purchasable","15":"product-type-simple"},"acf":[],"yoast_head":"<!-- This site is optimized with the Yoast SEO plugin v27.4 - https:\/\/yoast.com\/product\/yoast-seo-wordpress\/ -->\n<title>Pens\u00e9es froiss\u00e9es Vanille &amp; Lait &quot;Aussi chaud que moi&quot; - Cereria Pernici<\/title>\n<meta name=\"description\" content=\"D\u00e9couvrez Vanilla &amp; Milk : des bougies sp\u00e9ciales parfum\u00e9es, douces et enveloppantes. Une id\u00e9e de cadeau originale et ironique, parfaite pour ceux qui aiment se d\u00e9marquer.\" \/>\n<meta name=\"robots\" content=\"index, follow, max-snippet:-1, max-image-preview:large, max-video-preview:-1\" \/>\n<link rel=\"canonical\" href=\"https:\/\/www.pernici.com\/fr\/prodotto\/aussi-chaud-que-moi-bougie-vanille-lait\/\" \/>\n<meta property=\"og:locale\" content=\"fr_FR\" \/>\n<meta property=\"og:type\" content=\"article\" \/>\n<meta property=\"og:title\" content=\"Pens\u00e9es froiss\u00e9es Vanille &amp; Lait &quot;Aussi chaud que moi&quot; - Cereria Pernici\" \/>\n<meta property=\"og:description\" content=\"D\u00e9couvrez Vanilla &amp; Milk : des bougies sp\u00e9ciales parfum\u00e9es, douces et enveloppantes. Une id\u00e9e de cadeau originale et ironique, parfaite pour ceux qui aiment se d\u00e9marquer.\" \/>\n<meta property=\"og:url\" content=\"https:\/\/www.pernici.com\/fr\/prodotto\/aussi-chaud-que-moi-bougie-vanille-lait\/\" \/>\n<meta property=\"og:site_name\" content=\"Cereria Pernici\" \/>\n<meta property=\"article:publisher\" content=\"https:\/\/www.facebook.com\/cereriapernici\" \/>\n<meta property=\"article:modified_time\" content=\"2025-11-14T11:44:51+00:00\" \/>\n<meta property=\"og:image\" content=\"https:\/\/www.pernici.com\/wp-content\/uploads\/2025\/09\/candele-profumate-pensieri-stropicciati-vanilla-milk-as-hot-as-me-pernici-ambientata--scaled.jpg\" \/>\n\t<meta property=\"og:image:width\" content=\"2560\" \/>\n\t<meta property=\"og:image:height\" content=\"2560\" \/>\n\t<meta property=\"og:image:type\" content=\"image\/jpeg\" \/>\n<meta name=\"twitter:card\" content=\"summary_large_image\" \/>\n<meta name=\"twitter:label1\" content=\"Dur\u00e9e de lecture estim\u00e9e\" \/>\n\t<meta name=\"twitter:data1\" content=\"1 minute\" \/>\n<script type=\"application\/ld+json\" class=\"yoast-schema-graph\">{\"@context\":\"https:\\\/\\\/schema.org\",\"@graph\":[{\"@type\":\"WebPage\",\"@id\":\"https:\\\/\\\/www.pernici.com\\\/fr\\\/prodotto\\\/aussi-chaud-que-moi-bougie-vanille-lait\\\/\",\"url\":\"https:\\\/\\\/www.pernici.com\\\/fr\\\/prodotto\\\/aussi-chaud-que-moi-bougie-vanille-lait\\\/\",\"name\":\"Pens\u00e9es froiss\u00e9es Vanille & Lait \\\"Aussi chaud que moi\\\" - Cereria Pernici\",\"isPartOf\":{\"@id\":\"https:\\\/\\\/www.pernici.com\\\/fr\\\/#website\"},\"primaryImageOfPage\":{\"@id\":\"https:\\\/\\\/www.pernici.com\\\/fr\\\/prodotto\\\/aussi-chaud-que-moi-bougie-vanille-lait\\\/#primaryimage\"},\"image\":{\"@id\":\"https:\\\/\\\/www.pernici.com\\\/fr\\\/prodotto\\\/aussi-chaud-que-moi-bougie-vanille-lait\\\/#primaryimage\"},\"thumbnailUrl\":\"https:\\\/\\\/www.pernici.com\\\/wp-content\\\/uploads\\\/2025\\\/09\\\/candele-profumate-pensieri-stropicciati-vanilla-milk-as-hot-as-me-pernici-ambientata--scaled.jpg\",\"datePublished\":\"2025-05-16T13:38:23+00:00\",\"dateModified\":\"2025-11-14T11:44:51+00:00\",\"description\":\"D\u00e9couvrez Vanilla & Milk : des bougies sp\u00e9ciales parfum\u00e9es, douces et enveloppantes. Une id\u00e9e de cadeau originale et ironique, parfaite pour ceux qui aiment se d\u00e9marquer.\",\"breadcrumb\":{\"@id\":\"https:\\\/\\\/www.pernici.com\\\/fr\\\/prodotto\\\/aussi-chaud-que-moi-bougie-vanille-lait\\\/#breadcrumb\"},\"inLanguage\":\"fr-FR\",\"potentialAction\":[{\"@type\":\"ReadAction\",\"target\":[\"https:\\\/\\\/www.pernici.com\\\/fr\\\/prodotto\\\/aussi-chaud-que-moi-bougie-vanille-lait\\\/\"]}]},{\"@type\":\"ImageObject\",\"inLanguage\":\"fr-FR\",\"@id\":\"https:\\\/\\\/www.pernici.com\\\/fr\\\/prodotto\\\/aussi-chaud-que-moi-bougie-vanille-lait\\\/#primaryimage\",\"url\":\"https:\\\/\\\/www.pernici.com\\\/wp-content\\\/uploads\\\/2025\\\/09\\\/candele-profumate-pensieri-stropicciati-vanilla-milk-as-hot-as-me-pernici-ambientata--scaled.jpg\",\"contentUrl\":\"https:\\\/\\\/www.pernici.com\\\/wp-content\\\/uploads\\\/2025\\\/09\\\/candele-profumate-pensieri-stropicciati-vanilla-milk-as-hot-as-me-pernici-ambientata--scaled.jpg\",\"width\":2560,\"height\":2560},{\"@type\":\"BreadcrumbList\",\"@id\":\"https:\\\/\\\/www.pernici.com\\\/fr\\\/prodotto\\\/aussi-chaud-que-moi-bougie-vanille-lait\\\/#breadcrumb\",\"itemListElement\":[{\"@type\":\"ListItem\",\"position\":1,\"name\":\"Accueil\",\"item\":\"https:\\\/\\\/www.pernici.com\\\/fr\\\/\"},{\"@type\":\"ListItem\",\"position\":2,\"name\":\"Boutique\",\"item\":\"https:\\\/\\\/www.pernici.com\\\/fr\\\/boutique\\\/\"},{\"@type\":\"ListItem\",\"position\":3,\"name\":\"Bougies\",\"item\":\"https:\\\/\\\/www.pernici.com\\\/fr\\\/categoria-prodotto\\\/bougies\\\/\"},{\"@type\":\"ListItem\",\"position\":4,\"name\":\"Bougies avec phrases\",\"item\":\"https:\\\/\\\/www.pernici.com\\\/fr\\\/categoria-prodotto\\\/bougies\\\/bougies-avec-phrases\\\/\"},{\"@type\":\"ListItem\",\"position\":5,\"name\":\"Aussi chaud que moi &#8211; Bougie Vanille &amp; Lait\"}]},{\"@type\":\"WebSite\",\"@id\":\"https:\\\/\\\/www.pernici.com\\\/fr\\\/#website\",\"url\":\"https:\\\/\\\/www.pernici.com\\\/fr\\\/\",\"name\":\"Cereria Pernici Shop\",\"description\":\"una candela non illumina soltanto: racconta chi sei \",\"publisher\":{\"@id\":\"https:\\\/\\\/www.pernici.com\\\/fr\\\/#organization\"},\"potentialAction\":[{\"@type\":\"SearchAction\",\"target\":{\"@type\":\"EntryPoint\",\"urlTemplate\":\"https:\\\/\\\/www.pernici.com\\\/fr\\\/?s={search_term_string}\"},\"query-input\":{\"@type\":\"PropertyValueSpecification\",\"valueRequired\":true,\"valueName\":\"search_term_string\"}}],\"inLanguage\":\"fr-FR\"},{\"@type\":\"Organization\",\"@id\":\"https:\\\/\\\/www.pernici.com\\\/fr\\\/#organization\",\"name\":\"Cereria Pernici Shop\",\"url\":\"https:\\\/\\\/www.pernici.com\\\/fr\\\/\",\"logo\":{\"@type\":\"ImageObject\",\"inLanguage\":\"fr-FR\",\"@id\":\"https:\\\/\\\/www.pernici.com\\\/fr\\\/#\\\/schema\\\/logo\\\/image\\\/\",\"url\":\"https:\\\/\\\/www.pernici.com\\\/wp-content\\\/uploads\\\/2025\\\/07\\\/logo_pernici.png\",\"contentUrl\":\"https:\\\/\\\/www.pernici.com\\\/wp-content\\\/uploads\\\/2025\\\/07\\\/logo_pernici.png\",\"width\":432,\"height\":189,\"caption\":\"Cereria Pernici Shop\"},\"image\":{\"@id\":\"https:\\\/\\\/www.pernici.com\\\/fr\\\/#\\\/schema\\\/logo\\\/image\\\/\"},\"sameAs\":[\"https:\\\/\\\/www.facebook.com\\\/cereriapernici\",\"https:\\\/\\\/www.instagram.com\\\/cereriapernici\\\/\"]}]}<\/script>\n<!-- \/ Yoast SEO plugin. -->","yoast_head_json":{"title":"Pens\u00e9es froiss\u00e9es Vanille & Lait \"Aussi chaud que moi\" - Cereria Pernici","description":"D\u00e9couvrez Vanilla & Milk : des bougies sp\u00e9ciales parfum\u00e9es, douces et enveloppantes. Une id\u00e9e de cadeau originale et ironique, parfaite pour ceux qui aiment se d\u00e9marquer.","robots":{"index":"index","follow":"follow","max-snippet":"max-snippet:-1","max-image-preview":"max-image-preview:large","max-video-preview":"max-video-preview:-1"},"canonical":"https:\/\/www.pernici.com\/fr\/prodotto\/aussi-chaud-que-moi-bougie-vanille-lait\/","og_locale":"fr_FR","og_type":"article","og_title":"Pens\u00e9es froiss\u00e9es Vanille & Lait \"Aussi chaud que moi\" - Cereria Pernici","og_description":"D\u00e9couvrez Vanilla & Milk : des bougies sp\u00e9ciales parfum\u00e9es, douces et enveloppantes. Une id\u00e9e de cadeau originale et ironique, parfaite pour ceux qui aiment se d\u00e9marquer.","og_url":"https:\/\/www.pernici.com\/fr\/prodotto\/aussi-chaud-que-moi-bougie-vanille-lait\/","og_site_name":"Cereria Pernici","article_publisher":"https:\/\/www.facebook.com\/cereriapernici","article_modified_time":"2025-11-14T11:44:51+00:00","og_image":[{"width":2560,"height":2560,"url":"https:\/\/www.pernici.com\/wp-content\/uploads\/2025\/09\/candele-profumate-pensieri-stropicciati-vanilla-milk-as-hot-as-me-pernici-ambientata--scaled.jpg","type":"image\/jpeg"}],"twitter_card":"summary_large_image","twitter_misc":{"Dur\u00e9e de lecture estim\u00e9e":"1 minute"},"schema":{"@context":"https:\/\/schema.org","@graph":[{"@type":"WebPage","@id":"https:\/\/www.pernici.com\/fr\/prodotto\/aussi-chaud-que-moi-bougie-vanille-lait\/","url":"https:\/\/www.pernici.com\/fr\/prodotto\/aussi-chaud-que-moi-bougie-vanille-lait\/","name":"Pens\u00e9es froiss\u00e9es Vanille & Lait \"Aussi chaud que moi\" - Cereria Pernici","isPartOf":{"@id":"https:\/\/www.pernici.com\/fr\/#website"},"primaryImageOfPage":{"@id":"https:\/\/www.pernici.com\/fr\/prodotto\/aussi-chaud-que-moi-bougie-vanille-lait\/#primaryimage"},"image":{"@id":"https:\/\/www.pernici.com\/fr\/prodotto\/aussi-chaud-que-moi-bougie-vanille-lait\/#primaryimage"},"thumbnailUrl":"https:\/\/www.pernici.com\/wp-content\/uploads\/2025\/09\/candele-profumate-pensieri-stropicciati-vanilla-milk-as-hot-as-me-pernici-ambientata--scaled.jpg","datePublished":"2025-05-16T13:38:23+00:00","dateModified":"2025-11-14T11:44:51+00:00","description":"D\u00e9couvrez Vanilla & Milk : des bougies sp\u00e9ciales parfum\u00e9es, douces et enveloppantes. Une id\u00e9e de cadeau originale et ironique, parfaite pour ceux qui aiment se d\u00e9marquer.","breadcrumb":{"@id":"https:\/\/www.pernici.com\/fr\/prodotto\/aussi-chaud-que-moi-bougie-vanille-lait\/#breadcrumb"},"inLanguage":"fr-FR","potentialAction":[{"@type":"ReadAction","target":["https:\/\/www.pernici.com\/fr\/prodotto\/aussi-chaud-que-moi-bougie-vanille-lait\/"]}]},{"@type":"ImageObject","inLanguage":"fr-FR","@id":"https:\/\/www.pernici.com\/fr\/prodotto\/aussi-chaud-que-moi-bougie-vanille-lait\/#primaryimage","url":"https:\/\/www.pernici.com\/wp-content\/uploads\/2025\/09\/candele-profumate-pensieri-stropicciati-vanilla-milk-as-hot-as-me-pernici-ambientata--scaled.jpg","contentUrl":"https:\/\/www.pernici.com\/wp-content\/uploads\/2025\/09\/candele-profumate-pensieri-stropicciati-vanilla-milk-as-hot-as-me-pernici-ambientata--scaled.jpg","width":2560,"height":2560},{"@type":"BreadcrumbList","@id":"https:\/\/www.pernici.com\/fr\/prodotto\/aussi-chaud-que-moi-bougie-vanille-lait\/#breadcrumb","itemListElement":[{"@type":"ListItem","position":1,"name":"Accueil","item":"https:\/\/www.pernici.com\/fr\/"},{"@type":"ListItem","position":2,"name":"Boutique","item":"https:\/\/www.pernici.com\/fr\/boutique\/"},{"@type":"ListItem","position":3,"name":"Bougies","item":"https:\/\/www.pernici.com\/fr\/categoria-prodotto\/bougies\/"},{"@type":"ListItem","position":4,"name":"Bougies avec phrases","item":"https:\/\/www.pernici.com\/fr\/categoria-prodotto\/bougies\/bougies-avec-phrases\/"},{"@type":"ListItem","position":5,"name":"Aussi chaud que moi &#8211; Bougie Vanille &amp; Lait"}]},{"@type":"WebSite","@id":"https:\/\/www.pernici.com\/fr\/#website","url":"https:\/\/www.pernici.com\/fr\/","name":"Cereria Pernici Shop","description":"una candela non illumina soltanto: racconta chi sei ","publisher":{"@id":"https:\/\/www.pernici.com\/fr\/#organization"},"potentialAction":[{"@type":"SearchAction","target":{"@type":"EntryPoint","urlTemplate":"https:\/\/www.pernici.com\/fr\/?s={search_term_string}"},"query-input":{"@type":"PropertyValueSpecification","valueRequired":true,"valueName":"search_term_string"}}],"inLanguage":"fr-FR"},{"@type":"Organization","@id":"https:\/\/www.pernici.com\/fr\/#organization","name":"Cereria Pernici Shop","url":"https:\/\/www.pernici.com\/fr\/","logo":{"@type":"ImageObject","inLanguage":"fr-FR","@id":"https:\/\/www.pernici.com\/fr\/#\/schema\/logo\/image\/","url":"https:\/\/www.pernici.com\/wp-content\/uploads\/2025\/07\/logo_pernici.png","contentUrl":"https:\/\/www.pernici.com\/wp-content\/uploads\/2025\/07\/logo_pernici.png","width":432,"height":189,"caption":"Cereria Pernici Shop"},"image":{"@id":"https:\/\/www.pernici.com\/fr\/#\/schema\/logo\/image\/"},"sameAs":["https:\/\/www.facebook.com\/cereriapernici","https:\/\/www.instagram.com\/cereriapernici\/"]}]}},"_links":{"self":[{"href":"https:\/\/www.pernici.com\/fr\/wp-json\/wp\/v2\/product\/2461","targetHints":{"allow":["GET"]}}],"collection":[{"href":"https:\/\/www.pernici.com\/fr\/wp-json\/wp\/v2\/product"}],"about":[{"href":"https:\/\/www.pernici.com\/fr\/wp-json\/wp\/v2\/types\/product"}],"wp:featuredmedia":[{"embeddable":true,"href":"https:\/\/www.pernici.com\/fr\/wp-json\/wp\/v2\/media\/2465"}],"wp:attachment":[{"href":"https:\/\/www.pernici.com\/fr\/wp-json\/wp\/v2\/media?parent=2461"}],"wp:term":[{"taxonomy":"product_col","embeddable":true,"href":"https:\/\/www.pernici.com\/fr\/wp-json\/wp\/v2\/product_col?post=2461"},{"taxonomy":"product_brand","embeddable":true,"href":"https:\/\/www.pernici.com\/fr\/wp-json\/wp\/v2\/product_brand?post=2461"},{"taxonomy":"product_cat","embeddable":true,"href":"https:\/\/www.pernici.com\/fr\/wp-json\/wp\/v2\/product_cat?post=2461"},{"taxonomy":"product_tag","embeddable":true,"href":"https:\/\/www.pernici.com\/fr\/wp-json\/wp\/v2\/product_tag?post=2461"}],"curies":[{"name":"wp","href":"https:\/\/api.w.org\/{rel}","templated":true}]}}