{"id":2441,"date":"2025-09-29T10:16:42","date_gmt":"2025-09-29T10:16:42","guid":{"rendered":"https:\/\/www.pernici.com\/prodotto\/bougie-burning-flames-flying-wishes-poivre-noir\/"},"modified":"2025-11-14T11:48:24","modified_gmt":"2025-11-14T11:48:24","slug":"bougie-burning-flames-flying-wishes-poivre-noir","status":"publish","type":"product","link":"https:\/\/www.pernici.com\/fr\/prodotto\/bougie-burning-flames-flying-wishes-poivre-noir\/","title":{"rendered":"Bougie Burning Flames &amp; Flying Wishes &#8211; Poivre noir"},"content":{"rendered":"<p class=\"p1\"><em><span class=\"s1\">\u00ab\u00a0Flammes chaudes et d\u00e9sirs volants\u00a0\u00bb<\/span> <\/em>est la phrase qui invite \u00e0 se laisser guider par la passion et l&rsquo;audace, \u00e0 suivre ces r\u00eaves qui br\u00fblent en soi et demandent \u00e0 s&rsquo;envoler. C&rsquo;est un appel \u00e0 vivre avec intensit\u00e9, en transformant le quotidien en une aventure vibrante. <\/p>\n<p class=\"p1\">Nous avons choisi de l&rsquo;associer \u00e0 la senteur <span class=\"s1\">Poivre noir<\/span> &amp; F\u00e8ve Tonka car son caract\u00e8re \u00e9pic\u00e9 et affirm\u00e9 \u00e9veille les sens, stimule l&rsquo;\u00e9nergie et attise le courage. Les notes chaudes et enveloppantes du poivre noir apportent force et vitalit\u00e9, parfaites pour ceux qui aiment vivre sans crainte. <\/p>\n<p class=\"p1\">Cette bougie est destin\u00e9e \u00e0 ceux qui recherchent des atmosph\u00e8res grin\u00e7antes et inspirantes : un petit rituel qui non seulement parfume et illumine, mais devient un rappel quotidien de ne jamais cesser de poursuivre ses d\u00e9sirs.<\/p>\n","protected":false},"excerpt":{"rendered":"<p class=\"p1\">Flammes chaudes et souhaits volants\u00a0\u00bb est la bougie qui c\u00e9l\u00e8bre la passion et l&rsquo;\u00e9nergie. Le parfum de poivre noir, intense et \u00e9pic\u00e9, \u00e9veille les sens et donne de la force, transformant n&rsquo;importe quelle pi\u00e8ce en une exp\u00e9rience vibrante et inspirante. <\/p>\n","protected":false},"featured_media":2445,"template":"","meta":{"_acf_changed":false},"product_col":[],"product_brand":[],"product_cat":[70,69,109,108],"product_tag":[],"class_list":{"0":"post-2441","1":"product","2":"type-product","3":"status-publish","4":"has-post-thumbnail","6":"product_cat-actualites","7":"product_cat-bougies","8":"product_cat-bougies-avec-phrases","9":"product_cat-bougies-parfumees","11":"first","12":"outofstock","13":"taxable","14":"shipping-taxable","15":"purchasable","16":"product-type-simple"},"acf":[],"yoast_head":"<!-- This site is optimized with the Yoast SEO plugin v27.2 - https:\/\/yoast.com\/product\/yoast-seo-wordpress\/ -->\n<title>Bougie parfum\u00e9e &#039;Hot Flames&#039; au poivre noir - Perdrix<\/title>\n<meta name=\"description\" content=\"Bougie &quot;Flammes chaudes et souhaits volants&quot; au parfum de poivre noir : intense et \u00e9pic\u00e9e, elle enflamme la passion, l&#039;\u00e9nergie et les atmosph\u00e8res vibrantes.\" \/>\n<meta name=\"robots\" content=\"index, follow, max-snippet:-1, max-image-preview:large, max-video-preview:-1\" \/>\n<link rel=\"canonical\" href=\"https:\/\/www.pernici.com\/fr\/prodotto\/bougie-burning-flames-flying-wishes-poivre-noir\/\" \/>\n<meta property=\"og:locale\" content=\"fr_FR\" \/>\n<meta property=\"og:type\" content=\"article\" \/>\n<meta property=\"og:title\" content=\"Bougie parfum\u00e9e &#039;Hot Flames&#039; au poivre noir - Perdrix\" \/>\n<meta property=\"og:description\" content=\"Bougie &quot;Flammes chaudes et souhaits volants&quot; au parfum de poivre noir : intense et \u00e9pic\u00e9e, elle enflamme la passion, l&#039;\u00e9nergie et les atmosph\u00e8res vibrantes.\" \/>\n<meta property=\"og:url\" content=\"https:\/\/www.pernici.com\/fr\/prodotto\/bougie-burning-flames-flying-wishes-poivre-noir\/\" \/>\n<meta property=\"og:site_name\" content=\"Cereria Pernici\" \/>\n<meta property=\"article:publisher\" content=\"https:\/\/www.facebook.com\/cereriapernici\" \/>\n<meta property=\"article:modified_time\" content=\"2025-11-14T11:48:24+00:00\" \/>\n<meta property=\"og:image\" content=\"https:\/\/www.pernici.com\/wp-content\/uploads\/2025\/09\/candele-profumate-pensieri-stropicciati-black-pepper-fiamme-roventi-desideri-volanti-pernici-ambientata-1-1.jpg\" \/>\n\t<meta property=\"og:image:width\" content=\"1308\" \/>\n\t<meta property=\"og:image:height\" content=\"1308\" \/>\n\t<meta property=\"og:image:type\" content=\"image\/jpeg\" \/>\n<meta name=\"twitter:card\" content=\"summary_large_image\" \/>\n<meta name=\"twitter:label1\" content=\"Dur\u00e9e de lecture estim\u00e9e\" \/>\n\t<meta name=\"twitter:data1\" content=\"1 minute\" \/>\n<script type=\"application\/ld+json\" class=\"yoast-schema-graph\">{\"@context\":\"https:\/\/schema.org\",\"@graph\":[{\"@type\":\"WebPage\",\"@id\":\"https:\/\/www.pernici.com\/fr\/prodotto\/bougie-burning-flames-flying-wishes-poivre-noir\/\",\"url\":\"https:\/\/www.pernici.com\/fr\/prodotto\/bougie-burning-flames-flying-wishes-poivre-noir\/\",\"name\":\"Bougie parfum\u00e9e 'Hot Flames' au poivre noir - Perdrix\",\"isPartOf\":{\"@id\":\"https:\/\/www.pernici.com\/fr\/#website\"},\"primaryImageOfPage\":{\"@id\":\"https:\/\/www.pernici.com\/fr\/prodotto\/bougie-burning-flames-flying-wishes-poivre-noir\/#primaryimage\"},\"image\":{\"@id\":\"https:\/\/www.pernici.com\/fr\/prodotto\/bougie-burning-flames-flying-wishes-poivre-noir\/#primaryimage\"},\"thumbnailUrl\":\"https:\/\/www.pernici.com\/wp-content\/uploads\/2025\/09\/candele-profumate-pensieri-stropicciati-black-pepper-fiamme-roventi-desideri-volanti-pernici-ambientata-1-1.jpg\",\"datePublished\":\"2025-09-29T10:16:42+00:00\",\"dateModified\":\"2025-11-14T11:48:24+00:00\",\"description\":\"Bougie \\\"Flammes chaudes et souhaits volants\\\" au parfum de poivre noir : intense et \u00e9pic\u00e9e, elle enflamme la passion, l'\u00e9nergie et les atmosph\u00e8res vibrantes.\",\"breadcrumb\":{\"@id\":\"https:\/\/www.pernici.com\/fr\/prodotto\/bougie-burning-flames-flying-wishes-poivre-noir\/#breadcrumb\"},\"inLanguage\":\"fr-FR\",\"potentialAction\":[{\"@type\":\"ReadAction\",\"target\":[\"https:\/\/www.pernici.com\/fr\/prodotto\/bougie-burning-flames-flying-wishes-poivre-noir\/\"]}]},{\"@type\":\"ImageObject\",\"inLanguage\":\"fr-FR\",\"@id\":\"https:\/\/www.pernici.com\/fr\/prodotto\/bougie-burning-flames-flying-wishes-poivre-noir\/#primaryimage\",\"url\":\"https:\/\/www.pernici.com\/wp-content\/uploads\/2025\/09\/candele-profumate-pensieri-stropicciati-black-pepper-fiamme-roventi-desideri-volanti-pernici-ambientata-1-1.jpg\",\"contentUrl\":\"https:\/\/www.pernici.com\/wp-content\/uploads\/2025\/09\/candele-profumate-pensieri-stropicciati-black-pepper-fiamme-roventi-desideri-volanti-pernici-ambientata-1-1.jpg\",\"width\":1308,\"height\":1308,\"caption\":\"Bougie parfum\u00e9e sp\u00e9ciale 'Pensieri Stropicciati - Black Pepper &amp; Tonka' de Pernici, variante 'Fiamme roventi &amp; desideri volanti', dans un d\u00e9cor chaleureux.\"},{\"@type\":\"BreadcrumbList\",\"@id\":\"https:\/\/www.pernici.com\/fr\/prodotto\/bougie-burning-flames-flying-wishes-poivre-noir\/#breadcrumb\",\"itemListElement\":[{\"@type\":\"ListItem\",\"position\":1,\"name\":\"Accueil\",\"item\":\"https:\/\/www.pernici.com\/fr\/\"},{\"@type\":\"ListItem\",\"position\":2,\"name\":\"Boutique\",\"item\":\"https:\/\/www.pernici.com\/fr\/boutique\/\"},{\"@type\":\"ListItem\",\"position\":3,\"name\":\"Bougies\",\"item\":\"https:\/\/www.pernici.com\/fr\/categoria-prodotto\/bougies\/\"},{\"@type\":\"ListItem\",\"position\":4,\"name\":\"Bougies avec phrases\",\"item\":\"https:\/\/www.pernici.com\/fr\/categoria-prodotto\/bougies\/bougies-avec-phrases\/\"},{\"@type\":\"ListItem\",\"position\":5,\"name\":\"Bougie Burning Flames &amp; Flying Wishes &#8211; Poivre noir\"}]},{\"@type\":\"WebSite\",\"@id\":\"https:\/\/www.pernici.com\/fr\/#website\",\"url\":\"https:\/\/www.pernici.com\/fr\/\",\"name\":\"Cereria Pernici Shop\",\"description\":\"una candela non illumina soltanto: racconta chi sei \",\"publisher\":{\"@id\":\"https:\/\/www.pernici.com\/fr\/#organization\"},\"potentialAction\":[{\"@type\":\"SearchAction\",\"target\":{\"@type\":\"EntryPoint\",\"urlTemplate\":\"https:\/\/www.pernici.com\/fr\/?s={search_term_string}\"},\"query-input\":{\"@type\":\"PropertyValueSpecification\",\"valueRequired\":true,\"valueName\":\"search_term_string\"}}],\"inLanguage\":\"fr-FR\"},{\"@type\":\"Organization\",\"@id\":\"https:\/\/www.pernici.com\/fr\/#organization\",\"name\":\"Cereria Pernici Shop\",\"url\":\"https:\/\/www.pernici.com\/fr\/\",\"logo\":{\"@type\":\"ImageObject\",\"inLanguage\":\"fr-FR\",\"@id\":\"https:\/\/www.pernici.com\/fr\/#\/schema\/logo\/image\/\",\"url\":\"https:\/\/www.pernici.com\/wp-content\/uploads\/2025\/07\/logo_pernici.png\",\"contentUrl\":\"https:\/\/www.pernici.com\/wp-content\/uploads\/2025\/07\/logo_pernici.png\",\"width\":432,\"height\":189,\"caption\":\"Cereria Pernici Shop\"},\"image\":{\"@id\":\"https:\/\/www.pernici.com\/fr\/#\/schema\/logo\/image\/\"},\"sameAs\":[\"https:\/\/www.facebook.com\/cereriapernici\",\"https:\/\/www.instagram.com\/cereriapernici\/\"]}]}<\/script>\n<!-- \/ Yoast SEO plugin. -->","yoast_head_json":{"title":"Bougie parfum\u00e9e 'Hot Flames' au poivre noir - Perdrix","description":"Bougie \"Flammes chaudes et souhaits volants\" au parfum de poivre noir : intense et \u00e9pic\u00e9e, elle enflamme la passion, l'\u00e9nergie et les atmosph\u00e8res vibrantes.","robots":{"index":"index","follow":"follow","max-snippet":"max-snippet:-1","max-image-preview":"max-image-preview:large","max-video-preview":"max-video-preview:-1"},"canonical":"https:\/\/www.pernici.com\/fr\/prodotto\/bougie-burning-flames-flying-wishes-poivre-noir\/","og_locale":"fr_FR","og_type":"article","og_title":"Bougie parfum\u00e9e 'Hot Flames' au poivre noir - Perdrix","og_description":"Bougie \"Flammes chaudes et souhaits volants\" au parfum de poivre noir : intense et \u00e9pic\u00e9e, elle enflamme la passion, l'\u00e9nergie et les atmosph\u00e8res vibrantes.","og_url":"https:\/\/www.pernici.com\/fr\/prodotto\/bougie-burning-flames-flying-wishes-poivre-noir\/","og_site_name":"Cereria Pernici","article_publisher":"https:\/\/www.facebook.com\/cereriapernici","article_modified_time":"2025-11-14T11:48:24+00:00","og_image":[{"width":1308,"height":1308,"url":"https:\/\/www.pernici.com\/wp-content\/uploads\/2025\/09\/candele-profumate-pensieri-stropicciati-black-pepper-fiamme-roventi-desideri-volanti-pernici-ambientata-1-1.jpg","type":"image\/jpeg"}],"twitter_card":"summary_large_image","twitter_misc":{"Dur\u00e9e de lecture estim\u00e9e":"1 minute"},"schema":{"@context":"https:\/\/schema.org","@graph":[{"@type":"WebPage","@id":"https:\/\/www.pernici.com\/fr\/prodotto\/bougie-burning-flames-flying-wishes-poivre-noir\/","url":"https:\/\/www.pernici.com\/fr\/prodotto\/bougie-burning-flames-flying-wishes-poivre-noir\/","name":"Bougie parfum\u00e9e 'Hot Flames' au poivre noir - Perdrix","isPartOf":{"@id":"https:\/\/www.pernici.com\/fr\/#website"},"primaryImageOfPage":{"@id":"https:\/\/www.pernici.com\/fr\/prodotto\/bougie-burning-flames-flying-wishes-poivre-noir\/#primaryimage"},"image":{"@id":"https:\/\/www.pernici.com\/fr\/prodotto\/bougie-burning-flames-flying-wishes-poivre-noir\/#primaryimage"},"thumbnailUrl":"https:\/\/www.pernici.com\/wp-content\/uploads\/2025\/09\/candele-profumate-pensieri-stropicciati-black-pepper-fiamme-roventi-desideri-volanti-pernici-ambientata-1-1.jpg","datePublished":"2025-09-29T10:16:42+00:00","dateModified":"2025-11-14T11:48:24+00:00","description":"Bougie \"Flammes chaudes et souhaits volants\" au parfum de poivre noir : intense et \u00e9pic\u00e9e, elle enflamme la passion, l'\u00e9nergie et les atmosph\u00e8res vibrantes.","breadcrumb":{"@id":"https:\/\/www.pernici.com\/fr\/prodotto\/bougie-burning-flames-flying-wishes-poivre-noir\/#breadcrumb"},"inLanguage":"fr-FR","potentialAction":[{"@type":"ReadAction","target":["https:\/\/www.pernici.com\/fr\/prodotto\/bougie-burning-flames-flying-wishes-poivre-noir\/"]}]},{"@type":"ImageObject","inLanguage":"fr-FR","@id":"https:\/\/www.pernici.com\/fr\/prodotto\/bougie-burning-flames-flying-wishes-poivre-noir\/#primaryimage","url":"https:\/\/www.pernici.com\/wp-content\/uploads\/2025\/09\/candele-profumate-pensieri-stropicciati-black-pepper-fiamme-roventi-desideri-volanti-pernici-ambientata-1-1.jpg","contentUrl":"https:\/\/www.pernici.com\/wp-content\/uploads\/2025\/09\/candele-profumate-pensieri-stropicciati-black-pepper-fiamme-roventi-desideri-volanti-pernici-ambientata-1-1.jpg","width":1308,"height":1308,"caption":"Bougie parfum\u00e9e sp\u00e9ciale 'Pensieri Stropicciati - Black Pepper &amp; Tonka' de Pernici, variante 'Fiamme roventi &amp; desideri volanti', dans un d\u00e9cor chaleureux."},{"@type":"BreadcrumbList","@id":"https:\/\/www.pernici.com\/fr\/prodotto\/bougie-burning-flames-flying-wishes-poivre-noir\/#breadcrumb","itemListElement":[{"@type":"ListItem","position":1,"name":"Accueil","item":"https:\/\/www.pernici.com\/fr\/"},{"@type":"ListItem","position":2,"name":"Boutique","item":"https:\/\/www.pernici.com\/fr\/boutique\/"},{"@type":"ListItem","position":3,"name":"Bougies","item":"https:\/\/www.pernici.com\/fr\/categoria-prodotto\/bougies\/"},{"@type":"ListItem","position":4,"name":"Bougies avec phrases","item":"https:\/\/www.pernici.com\/fr\/categoria-prodotto\/bougies\/bougies-avec-phrases\/"},{"@type":"ListItem","position":5,"name":"Bougie Burning Flames &amp; Flying Wishes &#8211; Poivre noir"}]},{"@type":"WebSite","@id":"https:\/\/www.pernici.com\/fr\/#website","url":"https:\/\/www.pernici.com\/fr\/","name":"Cereria Pernici Shop","description":"una candela non illumina soltanto: racconta chi sei ","publisher":{"@id":"https:\/\/www.pernici.com\/fr\/#organization"},"potentialAction":[{"@type":"SearchAction","target":{"@type":"EntryPoint","urlTemplate":"https:\/\/www.pernici.com\/fr\/?s={search_term_string}"},"query-input":{"@type":"PropertyValueSpecification","valueRequired":true,"valueName":"search_term_string"}}],"inLanguage":"fr-FR"},{"@type":"Organization","@id":"https:\/\/www.pernici.com\/fr\/#organization","name":"Cereria Pernici Shop","url":"https:\/\/www.pernici.com\/fr\/","logo":{"@type":"ImageObject","inLanguage":"fr-FR","@id":"https:\/\/www.pernici.com\/fr\/#\/schema\/logo\/image\/","url":"https:\/\/www.pernici.com\/wp-content\/uploads\/2025\/07\/logo_pernici.png","contentUrl":"https:\/\/www.pernici.com\/wp-content\/uploads\/2025\/07\/logo_pernici.png","width":432,"height":189,"caption":"Cereria Pernici Shop"},"image":{"@id":"https:\/\/www.pernici.com\/fr\/#\/schema\/logo\/image\/"},"sameAs":["https:\/\/www.facebook.com\/cereriapernici","https:\/\/www.instagram.com\/cereriapernici\/"]}]}},"_links":{"self":[{"href":"https:\/\/www.pernici.com\/fr\/wp-json\/wp\/v2\/product\/2441","targetHints":{"allow":["GET"]}}],"collection":[{"href":"https:\/\/www.pernici.com\/fr\/wp-json\/wp\/v2\/product"}],"about":[{"href":"https:\/\/www.pernici.com\/fr\/wp-json\/wp\/v2\/types\/product"}],"wp:featuredmedia":[{"embeddable":true,"href":"https:\/\/www.pernici.com\/fr\/wp-json\/wp\/v2\/media\/2445"}],"wp:attachment":[{"href":"https:\/\/www.pernici.com\/fr\/wp-json\/wp\/v2\/media?parent=2441"}],"wp:term":[{"taxonomy":"product_col","embeddable":true,"href":"https:\/\/www.pernici.com\/fr\/wp-json\/wp\/v2\/product_col?post=2441"},{"taxonomy":"product_brand","embeddable":true,"href":"https:\/\/www.pernici.com\/fr\/wp-json\/wp\/v2\/product_brand?post=2441"},{"taxonomy":"product_cat","embeddable":true,"href":"https:\/\/www.pernici.com\/fr\/wp-json\/wp\/v2\/product_cat?post=2441"},{"taxonomy":"product_tag","embeddable":true,"href":"https:\/\/www.pernici.com\/fr\/wp-json\/wp\/v2\/product_tag?post=2441"}],"curies":[{"name":"wp","href":"https:\/\/api.w.org\/{rel}","templated":true}]}}