{"id":2440,"date":"2025-04-11T10:07:21","date_gmt":"2025-04-11T10:07:21","guid":{"rendered":"https:\/\/www.pernici.com\/prodotto\/bougie-romarin-et-menthe\/"},"modified":"2025-11-14T11:48:24","modified_gmt":"2025-11-14T11:48:24","slug":"bougie-romarin-et-menthe","status":"publish","type":"product","link":"https:\/\/www.pernici.com\/fr\/prodotto\/bougie-romarin-et-menthe\/","title":{"rendered":"Bougie romarin et menthe"},"content":{"rendered":"<p class=\"p1\"><span class=\"s1\">Rosemary &amp; Mint<\/span> est un parfum frais et rajeunissant qui c\u00e9l\u00e8bre la puret\u00e9 de la nature. Les notes aromatiques du romarin se m\u00ealent \u00e0 la vivacit\u00e9 de la menthe pour cr\u00e9er un parfum propre et vivifiant qui donne de l&rsquo;\u00e9nergie et lib\u00e8re l&rsquo;esprit. <\/p>\n<p class=\"p1\">Cette combinaison intense mais \u00e9quilibr\u00e9e \u00e9voque la sensation d&rsquo;une brise matinale parmi les herbes aromatiques, apportant un sentiment de fra\u00eecheur et de l\u00e9g\u00e8ret\u00e9 dans la maison. Parfait pour ceux qui souhaitent renouveler l&rsquo;atmosph\u00e8re et retrouver concentration et bien-\u00eatre. <\/p>\n<p class=\"p1\">Fabriqu\u00e9e en <span class=\"s1\">cire naturelle de haute qualit\u00e9<\/span>, la <span class=\"s1\">bougie parfum\u00e9e Romarin et Menthe<\/span> diffuse une lumi\u00e8re claire et naturelle qui transforme toute pi\u00e8ce en un espace d&rsquo;harmonie et de vitalit\u00e9.<\/p>\n","protected":false},"excerpt":{"rendered":"<p class=\"p1\">Rosemary &amp; Mint est un parfum naturel et vivifiant : le romarin aromatique rencontre la fra\u00eecheur vive de la menthe. Une bougie parfum\u00e9e qui purifie et rafra\u00eechit n&rsquo;importe quelle pi\u00e8ce. <\/p>\n","protected":false},"featured_media":2442,"template":"","meta":{"_acf_changed":false},"product_col":[35],"product_brand":[],"product_cat":[69,117,108],"product_tag":[],"class_list":{"0":"post-2440","1":"product","2":"type-product","3":"status-publish","4":"has-post-thumbnail","6":"product_col-magnum-grande-formato","7":"product_cat-bougies","8":"product_cat-bougies-magnum","9":"product_cat-bougies-parfumees","11":"first","12":"instock","13":"taxable","14":"shipping-taxable","15":"purchasable","16":"product-type-simple"},"acf":[],"yoast_head":"<!-- This site is optimized with the Yoast SEO plugin v27.2 - https:\/\/yoast.com\/product\/yoast-seo-wordpress\/ -->\n<title>Bougie aromatique et de vitalit\u00e9 Romarin &amp; Menthe - Cereria Pernici<\/title>\n<meta name=\"description\" content=\"D\u00e9couvrez la bougie Rosemary &amp; Mint : du romarin et de la menthe pour un parfum frais et vivifiant. Cire de soja et design \u00e9l\u00e9gant pour votre int\u00e9rieur.\" \/>\n<meta name=\"robots\" content=\"index, follow, max-snippet:-1, max-image-preview:large, max-video-preview:-1\" \/>\n<link rel=\"canonical\" href=\"https:\/\/www.pernici.com\/fr\/prodotto\/bougie-romarin-et-menthe\/\" \/>\n<meta property=\"og:locale\" content=\"fr_FR\" \/>\n<meta property=\"og:type\" content=\"article\" \/>\n<meta property=\"og:title\" content=\"Bougie aromatique et de vitalit\u00e9 Romarin &amp; Menthe - Cereria Pernici\" \/>\n<meta property=\"og:description\" content=\"D\u00e9couvrez la bougie Rosemary &amp; Mint : du romarin et de la menthe pour un parfum frais et vivifiant. Cire de soja et design \u00e9l\u00e9gant pour votre int\u00e9rieur.\" \/>\n<meta property=\"og:url\" content=\"https:\/\/www.pernici.com\/fr\/prodotto\/bougie-romarin-et-menthe\/\" \/>\n<meta property=\"og:site_name\" content=\"Cereria Pernici\" \/>\n<meta property=\"article:publisher\" content=\"https:\/\/www.facebook.com\/cereriapernici\" \/>\n<meta property=\"article:modified_time\" content=\"2025-11-14T11:48:24+00:00\" \/>\n<meta property=\"og:image\" content=\"https:\/\/www.pernici.com\/wp-content\/uploads\/2025\/10\/candela-profumata-magnum-rosemary-mint-still-life-box.jpg\" \/>\n\t<meta property=\"og:image:width\" content=\"1024\" \/>\n\t<meta property=\"og:image:height\" content=\"1024\" \/>\n\t<meta property=\"og:image:type\" content=\"image\/jpeg\" \/>\n<meta name=\"twitter:card\" content=\"summary_large_image\" \/>\n<meta name=\"twitter:label1\" content=\"Dur\u00e9e de lecture estim\u00e9e\" \/>\n\t<meta name=\"twitter:data1\" content=\"1 minute\" \/>\n<script type=\"application\/ld+json\" class=\"yoast-schema-graph\">{\"@context\":\"https:\/\/schema.org\",\"@graph\":[{\"@type\":\"WebPage\",\"@id\":\"https:\/\/www.pernici.com\/fr\/prodotto\/bougie-romarin-et-menthe\/\",\"url\":\"https:\/\/www.pernici.com\/fr\/prodotto\/bougie-romarin-et-menthe\/\",\"name\":\"Bougie aromatique et de vitalit\u00e9 Romarin & Menthe - Cereria Pernici\",\"isPartOf\":{\"@id\":\"https:\/\/www.pernici.com\/fr\/#website\"},\"primaryImageOfPage\":{\"@id\":\"https:\/\/www.pernici.com\/fr\/prodotto\/bougie-romarin-et-menthe\/#primaryimage\"},\"image\":{\"@id\":\"https:\/\/www.pernici.com\/fr\/prodotto\/bougie-romarin-et-menthe\/#primaryimage\"},\"thumbnailUrl\":\"https:\/\/www.pernici.com\/wp-content\/uploads\/2025\/10\/candela-profumata-magnum-rosemary-mint-still-life-box.jpg\",\"datePublished\":\"2025-04-11T10:07:21+00:00\",\"dateModified\":\"2025-11-14T11:48:24+00:00\",\"description\":\"D\u00e9couvrez la bougie Rosemary & Mint : du romarin et de la menthe pour un parfum frais et vivifiant. Cire de soja et design \u00e9l\u00e9gant pour votre int\u00e9rieur.\",\"breadcrumb\":{\"@id\":\"https:\/\/www.pernici.com\/fr\/prodotto\/bougie-romarin-et-menthe\/#breadcrumb\"},\"inLanguage\":\"fr-FR\",\"potentialAction\":[{\"@type\":\"ReadAction\",\"target\":[\"https:\/\/www.pernici.com\/fr\/prodotto\/bougie-romarin-et-menthe\/\"]}]},{\"@type\":\"ImageObject\",\"inLanguage\":\"fr-FR\",\"@id\":\"https:\/\/www.pernici.com\/fr\/prodotto\/bougie-romarin-et-menthe\/#primaryimage\",\"url\":\"https:\/\/www.pernici.com\/wp-content\/uploads\/2025\/10\/candela-profumata-magnum-rosemary-mint-still-life-box.jpg\",\"contentUrl\":\"https:\/\/www.pernici.com\/wp-content\/uploads\/2025\/10\/candela-profumata-magnum-rosemary-mint-still-life-box.jpg\",\"width\":1024,\"height\":1024,\"caption\":\"Bougie parfum\u00e9e Magnum Romarin &amp; Menthe de Pernici, en nature morte avec bo\u00eete.\"},{\"@type\":\"BreadcrumbList\",\"@id\":\"https:\/\/www.pernici.com\/fr\/prodotto\/bougie-romarin-et-menthe\/#breadcrumb\",\"itemListElement\":[{\"@type\":\"ListItem\",\"position\":1,\"name\":\"Accueil\",\"item\":\"https:\/\/www.pernici.com\/fr\/\"},{\"@type\":\"ListItem\",\"position\":2,\"name\":\"Boutique\",\"item\":\"https:\/\/www.pernici.com\/fr\/boutique\/\"},{\"@type\":\"ListItem\",\"position\":3,\"name\":\"Bougies\",\"item\":\"https:\/\/www.pernici.com\/fr\/categoria-prodotto\/bougies\/\"},{\"@type\":\"ListItem\",\"position\":4,\"name\":\"Bougie romarin et menthe\"}]},{\"@type\":\"WebSite\",\"@id\":\"https:\/\/www.pernici.com\/fr\/#website\",\"url\":\"https:\/\/www.pernici.com\/fr\/\",\"name\":\"Cereria Pernici Shop\",\"description\":\"una candela non illumina soltanto: racconta chi sei \",\"publisher\":{\"@id\":\"https:\/\/www.pernici.com\/fr\/#organization\"},\"potentialAction\":[{\"@type\":\"SearchAction\",\"target\":{\"@type\":\"EntryPoint\",\"urlTemplate\":\"https:\/\/www.pernici.com\/fr\/?s={search_term_string}\"},\"query-input\":{\"@type\":\"PropertyValueSpecification\",\"valueRequired\":true,\"valueName\":\"search_term_string\"}}],\"inLanguage\":\"fr-FR\"},{\"@type\":\"Organization\",\"@id\":\"https:\/\/www.pernici.com\/fr\/#organization\",\"name\":\"Cereria Pernici Shop\",\"url\":\"https:\/\/www.pernici.com\/fr\/\",\"logo\":{\"@type\":\"ImageObject\",\"inLanguage\":\"fr-FR\",\"@id\":\"https:\/\/www.pernici.com\/fr\/#\/schema\/logo\/image\/\",\"url\":\"https:\/\/www.pernici.com\/wp-content\/uploads\/2025\/07\/logo_pernici.png\",\"contentUrl\":\"https:\/\/www.pernici.com\/wp-content\/uploads\/2025\/07\/logo_pernici.png\",\"width\":432,\"height\":189,\"caption\":\"Cereria Pernici Shop\"},\"image\":{\"@id\":\"https:\/\/www.pernici.com\/fr\/#\/schema\/logo\/image\/\"},\"sameAs\":[\"https:\/\/www.facebook.com\/cereriapernici\",\"https:\/\/www.instagram.com\/cereriapernici\/\"]}]}<\/script>\n<!-- \/ Yoast SEO plugin. -->","yoast_head_json":{"title":"Bougie aromatique et de vitalit\u00e9 Romarin & Menthe - Cereria Pernici","description":"D\u00e9couvrez la bougie Rosemary & Mint : du romarin et de la menthe pour un parfum frais et vivifiant. Cire de soja et design \u00e9l\u00e9gant pour votre int\u00e9rieur.","robots":{"index":"index","follow":"follow","max-snippet":"max-snippet:-1","max-image-preview":"max-image-preview:large","max-video-preview":"max-video-preview:-1"},"canonical":"https:\/\/www.pernici.com\/fr\/prodotto\/bougie-romarin-et-menthe\/","og_locale":"fr_FR","og_type":"article","og_title":"Bougie aromatique et de vitalit\u00e9 Romarin & Menthe - Cereria Pernici","og_description":"D\u00e9couvrez la bougie Rosemary & Mint : du romarin et de la menthe pour un parfum frais et vivifiant. Cire de soja et design \u00e9l\u00e9gant pour votre int\u00e9rieur.","og_url":"https:\/\/www.pernici.com\/fr\/prodotto\/bougie-romarin-et-menthe\/","og_site_name":"Cereria Pernici","article_publisher":"https:\/\/www.facebook.com\/cereriapernici","article_modified_time":"2025-11-14T11:48:24+00:00","og_image":[{"width":1024,"height":1024,"url":"https:\/\/www.pernici.com\/wp-content\/uploads\/2025\/10\/candela-profumata-magnum-rosemary-mint-still-life-box.jpg","type":"image\/jpeg"}],"twitter_card":"summary_large_image","twitter_misc":{"Dur\u00e9e de lecture estim\u00e9e":"1 minute"},"schema":{"@context":"https:\/\/schema.org","@graph":[{"@type":"WebPage","@id":"https:\/\/www.pernici.com\/fr\/prodotto\/bougie-romarin-et-menthe\/","url":"https:\/\/www.pernici.com\/fr\/prodotto\/bougie-romarin-et-menthe\/","name":"Bougie aromatique et de vitalit\u00e9 Romarin & Menthe - Cereria Pernici","isPartOf":{"@id":"https:\/\/www.pernici.com\/fr\/#website"},"primaryImageOfPage":{"@id":"https:\/\/www.pernici.com\/fr\/prodotto\/bougie-romarin-et-menthe\/#primaryimage"},"image":{"@id":"https:\/\/www.pernici.com\/fr\/prodotto\/bougie-romarin-et-menthe\/#primaryimage"},"thumbnailUrl":"https:\/\/www.pernici.com\/wp-content\/uploads\/2025\/10\/candela-profumata-magnum-rosemary-mint-still-life-box.jpg","datePublished":"2025-04-11T10:07:21+00:00","dateModified":"2025-11-14T11:48:24+00:00","description":"D\u00e9couvrez la bougie Rosemary & Mint : du romarin et de la menthe pour un parfum frais et vivifiant. Cire de soja et design \u00e9l\u00e9gant pour votre int\u00e9rieur.","breadcrumb":{"@id":"https:\/\/www.pernici.com\/fr\/prodotto\/bougie-romarin-et-menthe\/#breadcrumb"},"inLanguage":"fr-FR","potentialAction":[{"@type":"ReadAction","target":["https:\/\/www.pernici.com\/fr\/prodotto\/bougie-romarin-et-menthe\/"]}]},{"@type":"ImageObject","inLanguage":"fr-FR","@id":"https:\/\/www.pernici.com\/fr\/prodotto\/bougie-romarin-et-menthe\/#primaryimage","url":"https:\/\/www.pernici.com\/wp-content\/uploads\/2025\/10\/candela-profumata-magnum-rosemary-mint-still-life-box.jpg","contentUrl":"https:\/\/www.pernici.com\/wp-content\/uploads\/2025\/10\/candela-profumata-magnum-rosemary-mint-still-life-box.jpg","width":1024,"height":1024,"caption":"Bougie parfum\u00e9e Magnum Romarin &amp; Menthe de Pernici, en nature morte avec bo\u00eete."},{"@type":"BreadcrumbList","@id":"https:\/\/www.pernici.com\/fr\/prodotto\/bougie-romarin-et-menthe\/#breadcrumb","itemListElement":[{"@type":"ListItem","position":1,"name":"Accueil","item":"https:\/\/www.pernici.com\/fr\/"},{"@type":"ListItem","position":2,"name":"Boutique","item":"https:\/\/www.pernici.com\/fr\/boutique\/"},{"@type":"ListItem","position":3,"name":"Bougies","item":"https:\/\/www.pernici.com\/fr\/categoria-prodotto\/bougies\/"},{"@type":"ListItem","position":4,"name":"Bougie romarin et menthe"}]},{"@type":"WebSite","@id":"https:\/\/www.pernici.com\/fr\/#website","url":"https:\/\/www.pernici.com\/fr\/","name":"Cereria Pernici Shop","description":"una candela non illumina soltanto: racconta chi sei ","publisher":{"@id":"https:\/\/www.pernici.com\/fr\/#organization"},"potentialAction":[{"@type":"SearchAction","target":{"@type":"EntryPoint","urlTemplate":"https:\/\/www.pernici.com\/fr\/?s={search_term_string}"},"query-input":{"@type":"PropertyValueSpecification","valueRequired":true,"valueName":"search_term_string"}}],"inLanguage":"fr-FR"},{"@type":"Organization","@id":"https:\/\/www.pernici.com\/fr\/#organization","name":"Cereria Pernici Shop","url":"https:\/\/www.pernici.com\/fr\/","logo":{"@type":"ImageObject","inLanguage":"fr-FR","@id":"https:\/\/www.pernici.com\/fr\/#\/schema\/logo\/image\/","url":"https:\/\/www.pernici.com\/wp-content\/uploads\/2025\/07\/logo_pernici.png","contentUrl":"https:\/\/www.pernici.com\/wp-content\/uploads\/2025\/07\/logo_pernici.png","width":432,"height":189,"caption":"Cereria Pernici Shop"},"image":{"@id":"https:\/\/www.pernici.com\/fr\/#\/schema\/logo\/image\/"},"sameAs":["https:\/\/www.facebook.com\/cereriapernici","https:\/\/www.instagram.com\/cereriapernici\/"]}]}},"_links":{"self":[{"href":"https:\/\/www.pernici.com\/fr\/wp-json\/wp\/v2\/product\/2440","targetHints":{"allow":["GET"]}}],"collection":[{"href":"https:\/\/www.pernici.com\/fr\/wp-json\/wp\/v2\/product"}],"about":[{"href":"https:\/\/www.pernici.com\/fr\/wp-json\/wp\/v2\/types\/product"}],"wp:featuredmedia":[{"embeddable":true,"href":"https:\/\/www.pernici.com\/fr\/wp-json\/wp\/v2\/media\/2442"}],"wp:attachment":[{"href":"https:\/\/www.pernici.com\/fr\/wp-json\/wp\/v2\/media?parent=2440"}],"wp:term":[{"taxonomy":"product_col","embeddable":true,"href":"https:\/\/www.pernici.com\/fr\/wp-json\/wp\/v2\/product_col?post=2440"},{"taxonomy":"product_brand","embeddable":true,"href":"https:\/\/www.pernici.com\/fr\/wp-json\/wp\/v2\/product_brand?post=2440"},{"taxonomy":"product_cat","embeddable":true,"href":"https:\/\/www.pernici.com\/fr\/wp-json\/wp\/v2\/product_cat?post=2440"},{"taxonomy":"product_tag","embeddable":true,"href":"https:\/\/www.pernici.com\/fr\/wp-json\/wp\/v2\/product_tag?post=2440"}],"curies":[{"name":"wp","href":"https:\/\/api.w.org\/{rel}","templated":true}]}}