{"id":2349,"date":"2026-04-01T00:00:58","date_gmt":"2026-04-01T00:00:58","guid":{"rendered":"https:\/\/www.pernici.com\/prodotto\/bougie-where-you-shine-vanille-et-lait\/"},"modified":"2025-11-14T11:44:43","modified_gmt":"2025-11-14T11:44:43","slug":"bougie-where-you-shine-vanille-et-lait","status":"publish","type":"product","link":"https:\/\/www.pernici.com\/fr\/prodotto\/bougie-where-you-shine-vanille-et-lait\/","title":{"rendered":"Bougie Where You Shine &#8211; Vanille et lait"},"content":{"rendered":"<p class=\"p1\"><i>Restez l\u00e0 o\u00f9 vous brillez\u00a0\u00bb<\/i> est la phrase qui vous invite \u00e0 cultiver votre lumi\u00e8re int\u00e9rieure, \u00e0 rester dans ces lieux, r\u00e9els ou \u00e9motionnels, qui vous font vous sentir bien. Nous avons choisi de l&rsquo;associer \u00e0 la fragrance <span class=\"s1\">Vanilla &amp; Milk<\/span>, car son \u00e9quilibre doux et enveloppant peut vous apporter s\u00e9r\u00e9nit\u00e9 et r\u00e9confort, \u00e0 l&rsquo;image d&rsquo;un refuge qui r\u00e9chauffe l&rsquo;\u00e2me. <\/p>\n<p class=\"p1\">Cette bougie est destin\u00e9e \u00e0 ceux qui recherchent des moments d&rsquo;authenticit\u00e9 et de douceur dans leur vie quotidienne : la vanille velout\u00e9e et sensuelle rencontre l&rsquo;onctuosit\u00e9 rassurante du lait, transformant tout espace en un coin lumineux et accueillant. Une bougie qui n&rsquo;est pas seulement un objet, mais un petit rappel quotidien pour rester proche de ce qui vous fait briller. <\/p>\n","protected":false},"excerpt":{"rendered":"<p class=\"p1\">Douce et enveloppante, la bougie parfum\u00e9e Vanilla &amp; Milk &lsquo;Stand Where You Shine&rsquo; associe la vanille et le lait pour vous inviter \u00e0 rester proche de ce qui illumine votre vie.<\/p>\n","protected":false},"featured_media":6052,"template":"","meta":{"_acf_changed":false},"product_col":[],"product_brand":[],"product_cat":[70,109,108,107],"product_tag":[],"class_list":{"0":"post-2349","1":"product","2":"type-product","3":"status-publish","4":"has-post-thumbnail","6":"product_cat-actualites","7":"product_cat-bougies-avec-phrases","8":"product_cat-bougies-parfumees","9":"product_cat-mois-des-meilleures-ventes","11":"first","12":"instock","13":"taxable","14":"shipping-taxable","15":"purchasable","16":"product-type-simple"},"acf":[],"yoast_head":"<!-- This site is optimized with the Yoast SEO plugin v27.2 - https:\/\/yoast.com\/product\/yoast-seo-wordpress\/ -->\n<title>Bougie parfum\u00e9e Vanille &amp; Lait &quot;Stay where you shine&quot; - Pernici<\/title>\n<meta name=\"description\" content=\"Bougie parfum\u00e9e Vanilla &amp; Milk &#039;Be where you always shine&#039; : douce et enveloppante, une id\u00e9e cadeau originale qui illumine chaque moment avec style.\" \/>\n<meta name=\"robots\" content=\"index, follow, max-snippet:-1, max-image-preview:large, max-video-preview:-1\" \/>\n<link rel=\"canonical\" href=\"https:\/\/www.pernici.com\/fr\/prodotto\/bougie-where-you-shine-vanille-et-lait\/\" \/>\n<meta property=\"og:locale\" content=\"fr_FR\" \/>\n<meta property=\"og:type\" content=\"article\" \/>\n<meta property=\"og:title\" content=\"Bougie parfum\u00e9e Vanille &amp; Lait &quot;Stay where you shine&quot; - Pernici\" \/>\n<meta property=\"og:description\" content=\"Bougie parfum\u00e9e Vanilla &amp; Milk &#039;Be where you always shine&#039; : douce et enveloppante, une id\u00e9e cadeau originale qui illumine chaque moment avec style.\" \/>\n<meta property=\"og:url\" content=\"https:\/\/www.pernici.com\/fr\/prodotto\/bougie-where-you-shine-vanille-et-lait\/\" \/>\n<meta property=\"og:site_name\" content=\"Cereria Pernici\" \/>\n<meta property=\"article:publisher\" content=\"https:\/\/www.facebook.com\/cereriapernici\" \/>\n<meta property=\"og:image\" content=\"https:\/\/www.pernici.com\/wp-content\/uploads\/2025\/09\/Candela-profumata-particolare-Stai-dove-spendi\u2013-Vanilla-milk-still-life.jpg\" \/>\n\t<meta property=\"og:image:width\" content=\"2000\" \/>\n\t<meta property=\"og:image:height\" content=\"2000\" \/>\n\t<meta property=\"og:image:type\" content=\"image\/jpeg\" \/>\n<meta name=\"twitter:card\" content=\"summary_large_image\" \/>\n<meta name=\"twitter:label1\" content=\"Dur\u00e9e de lecture estim\u00e9e\" \/>\n\t<meta name=\"twitter:data1\" content=\"1 minute\" \/>\n<script type=\"application\/ld+json\" class=\"yoast-schema-graph\">{\"@context\":\"https:\/\/schema.org\",\"@graph\":[{\"@type\":\"WebPage\",\"@id\":\"https:\/\/www.pernici.com\/fr\/prodotto\/bougie-where-you-shine-vanille-et-lait\/\",\"url\":\"https:\/\/www.pernici.com\/fr\/prodotto\/bougie-where-you-shine-vanille-et-lait\/\",\"name\":\"Bougie parfum\u00e9e Vanille & Lait \\\"Stay where you shine\\\" - Pernici\",\"isPartOf\":{\"@id\":\"https:\/\/www.pernici.com\/fr\/#website\"},\"primaryImageOfPage\":{\"@id\":\"https:\/\/www.pernici.com\/fr\/prodotto\/bougie-where-you-shine-vanille-et-lait\/#primaryimage\"},\"image\":{\"@id\":\"https:\/\/www.pernici.com\/fr\/prodotto\/bougie-where-you-shine-vanille-et-lait\/#primaryimage\"},\"thumbnailUrl\":\"https:\/\/www.pernici.com\/wp-content\/uploads\/2025\/09\/Candela-profumata-particolare-Stai-dove-spendi\u2013-Vanilla-milk-still-life.jpg\",\"datePublished\":\"2026-04-01T00:00:58+00:00\",\"description\":\"Bougie parfum\u00e9e Vanilla & Milk 'Be where you always shine' : douce et enveloppante, une id\u00e9e cadeau originale qui illumine chaque moment avec style.\",\"breadcrumb\":{\"@id\":\"https:\/\/www.pernici.com\/fr\/prodotto\/bougie-where-you-shine-vanille-et-lait\/#breadcrumb\"},\"inLanguage\":\"fr-FR\",\"potentialAction\":[{\"@type\":\"ReadAction\",\"target\":[\"https:\/\/www.pernici.com\/fr\/prodotto\/bougie-where-you-shine-vanille-et-lait\/\"]}]},{\"@type\":\"ImageObject\",\"inLanguage\":\"fr-FR\",\"@id\":\"https:\/\/www.pernici.com\/fr\/prodotto\/bougie-where-you-shine-vanille-et-lait\/#primaryimage\",\"url\":\"https:\/\/www.pernici.com\/wp-content\/uploads\/2025\/09\/Candela-profumata-particolare-Stai-dove-spendi\u2013-Vanilla-milk-still-life.jpg\",\"contentUrl\":\"https:\/\/www.pernici.com\/wp-content\/uploads\/2025\/09\/Candela-profumata-particolare-Stai-dove-spendi\u2013-Vanilla-milk-still-life.jpg\",\"width\":2000,\"height\":2000,\"caption\":\"Candela profumata particolare \u201cPensieri Stropicciati \u2013 Stai dove splendi in still life.\"},{\"@type\":\"BreadcrumbList\",\"@id\":\"https:\/\/www.pernici.com\/fr\/prodotto\/bougie-where-you-shine-vanille-et-lait\/#breadcrumb\",\"itemListElement\":[{\"@type\":\"ListItem\",\"position\":1,\"name\":\"Accueil\",\"item\":\"https:\/\/www.pernici.com\/fr\/\"},{\"@type\":\"ListItem\",\"position\":2,\"name\":\"Boutique\",\"item\":\"https:\/\/www.pernici.com\/fr\/boutique\/\"},{\"@type\":\"ListItem\",\"position\":3,\"name\":\"Bougies\",\"item\":\"https:\/\/www.pernici.com\/fr\/categoria-prodotto\/bougies\/\"},{\"@type\":\"ListItem\",\"position\":4,\"name\":\"Bougies avec phrases\",\"item\":\"https:\/\/www.pernici.com\/fr\/categoria-prodotto\/bougies\/bougies-avec-phrases\/\"},{\"@type\":\"ListItem\",\"position\":5,\"name\":\"Bougie Where You Shine &#8211; Vanille et lait\"}]},{\"@type\":\"WebSite\",\"@id\":\"https:\/\/www.pernici.com\/fr\/#website\",\"url\":\"https:\/\/www.pernici.com\/fr\/\",\"name\":\"Cereria Pernici Shop\",\"description\":\"una candela non illumina soltanto: racconta chi sei \",\"publisher\":{\"@id\":\"https:\/\/www.pernici.com\/fr\/#organization\"},\"potentialAction\":[{\"@type\":\"SearchAction\",\"target\":{\"@type\":\"EntryPoint\",\"urlTemplate\":\"https:\/\/www.pernici.com\/fr\/?s={search_term_string}\"},\"query-input\":{\"@type\":\"PropertyValueSpecification\",\"valueRequired\":true,\"valueName\":\"search_term_string\"}}],\"inLanguage\":\"fr-FR\"},{\"@type\":\"Organization\",\"@id\":\"https:\/\/www.pernici.com\/fr\/#organization\",\"name\":\"Cereria Pernici Shop\",\"url\":\"https:\/\/www.pernici.com\/fr\/\",\"logo\":{\"@type\":\"ImageObject\",\"inLanguage\":\"fr-FR\",\"@id\":\"https:\/\/www.pernici.com\/fr\/#\/schema\/logo\/image\/\",\"url\":\"https:\/\/www.pernici.com\/wp-content\/uploads\/2025\/07\/logo_pernici.png\",\"contentUrl\":\"https:\/\/www.pernici.com\/wp-content\/uploads\/2025\/07\/logo_pernici.png\",\"width\":432,\"height\":189,\"caption\":\"Cereria Pernici Shop\"},\"image\":{\"@id\":\"https:\/\/www.pernici.com\/fr\/#\/schema\/logo\/image\/\"},\"sameAs\":[\"https:\/\/www.facebook.com\/cereriapernici\",\"https:\/\/www.instagram.com\/cereriapernici\/\"]}]}<\/script>\n<!-- \/ Yoast SEO plugin. -->","yoast_head_json":{"title":"Bougie parfum\u00e9e Vanille & Lait \"Stay where you shine\" - Pernici","description":"Bougie parfum\u00e9e Vanilla & Milk 'Be where you always shine' : douce et enveloppante, une id\u00e9e cadeau originale qui illumine chaque moment avec style.","robots":{"index":"index","follow":"follow","max-snippet":"max-snippet:-1","max-image-preview":"max-image-preview:large","max-video-preview":"max-video-preview:-1"},"canonical":"https:\/\/www.pernici.com\/fr\/prodotto\/bougie-where-you-shine-vanille-et-lait\/","og_locale":"fr_FR","og_type":"article","og_title":"Bougie parfum\u00e9e Vanille & Lait \"Stay where you shine\" - Pernici","og_description":"Bougie parfum\u00e9e Vanilla & Milk 'Be where you always shine' : douce et enveloppante, une id\u00e9e cadeau originale qui illumine chaque moment avec style.","og_url":"https:\/\/www.pernici.com\/fr\/prodotto\/bougie-where-you-shine-vanille-et-lait\/","og_site_name":"Cereria Pernici","article_publisher":"https:\/\/www.facebook.com\/cereriapernici","og_image":[{"width":2000,"height":2000,"url":"https:\/\/www.pernici.com\/wp-content\/uploads\/2025\/09\/Candela-profumata-particolare-Stai-dove-spendi\u2013-Vanilla-milk-still-life.jpg","type":"image\/jpeg"}],"twitter_card":"summary_large_image","twitter_misc":{"Dur\u00e9e de lecture estim\u00e9e":"1 minute"},"schema":{"@context":"https:\/\/schema.org","@graph":[{"@type":"WebPage","@id":"https:\/\/www.pernici.com\/fr\/prodotto\/bougie-where-you-shine-vanille-et-lait\/","url":"https:\/\/www.pernici.com\/fr\/prodotto\/bougie-where-you-shine-vanille-et-lait\/","name":"Bougie parfum\u00e9e Vanille & Lait \"Stay where you shine\" - Pernici","isPartOf":{"@id":"https:\/\/www.pernici.com\/fr\/#website"},"primaryImageOfPage":{"@id":"https:\/\/www.pernici.com\/fr\/prodotto\/bougie-where-you-shine-vanille-et-lait\/#primaryimage"},"image":{"@id":"https:\/\/www.pernici.com\/fr\/prodotto\/bougie-where-you-shine-vanille-et-lait\/#primaryimage"},"thumbnailUrl":"https:\/\/www.pernici.com\/wp-content\/uploads\/2025\/09\/Candela-profumata-particolare-Stai-dove-spendi\u2013-Vanilla-milk-still-life.jpg","datePublished":"2026-04-01T00:00:58+00:00","description":"Bougie parfum\u00e9e Vanilla & Milk 'Be where you always shine' : douce et enveloppante, une id\u00e9e cadeau originale qui illumine chaque moment avec style.","breadcrumb":{"@id":"https:\/\/www.pernici.com\/fr\/prodotto\/bougie-where-you-shine-vanille-et-lait\/#breadcrumb"},"inLanguage":"fr-FR","potentialAction":[{"@type":"ReadAction","target":["https:\/\/www.pernici.com\/fr\/prodotto\/bougie-where-you-shine-vanille-et-lait\/"]}]},{"@type":"ImageObject","inLanguage":"fr-FR","@id":"https:\/\/www.pernici.com\/fr\/prodotto\/bougie-where-you-shine-vanille-et-lait\/#primaryimage","url":"https:\/\/www.pernici.com\/wp-content\/uploads\/2025\/09\/Candela-profumata-particolare-Stai-dove-spendi\u2013-Vanilla-milk-still-life.jpg","contentUrl":"https:\/\/www.pernici.com\/wp-content\/uploads\/2025\/09\/Candela-profumata-particolare-Stai-dove-spendi\u2013-Vanilla-milk-still-life.jpg","width":2000,"height":2000,"caption":"Candela profumata particolare \u201cPensieri Stropicciati \u2013 Stai dove splendi in still life."},{"@type":"BreadcrumbList","@id":"https:\/\/www.pernici.com\/fr\/prodotto\/bougie-where-you-shine-vanille-et-lait\/#breadcrumb","itemListElement":[{"@type":"ListItem","position":1,"name":"Accueil","item":"https:\/\/www.pernici.com\/fr\/"},{"@type":"ListItem","position":2,"name":"Boutique","item":"https:\/\/www.pernici.com\/fr\/boutique\/"},{"@type":"ListItem","position":3,"name":"Bougies","item":"https:\/\/www.pernici.com\/fr\/categoria-prodotto\/bougies\/"},{"@type":"ListItem","position":4,"name":"Bougies avec phrases","item":"https:\/\/www.pernici.com\/fr\/categoria-prodotto\/bougies\/bougies-avec-phrases\/"},{"@type":"ListItem","position":5,"name":"Bougie Where You Shine &#8211; Vanille et lait"}]},{"@type":"WebSite","@id":"https:\/\/www.pernici.com\/fr\/#website","url":"https:\/\/www.pernici.com\/fr\/","name":"Cereria Pernici Shop","description":"una candela non illumina soltanto: racconta chi sei ","publisher":{"@id":"https:\/\/www.pernici.com\/fr\/#organization"},"potentialAction":[{"@type":"SearchAction","target":{"@type":"EntryPoint","urlTemplate":"https:\/\/www.pernici.com\/fr\/?s={search_term_string}"},"query-input":{"@type":"PropertyValueSpecification","valueRequired":true,"valueName":"search_term_string"}}],"inLanguage":"fr-FR"},{"@type":"Organization","@id":"https:\/\/www.pernici.com\/fr\/#organization","name":"Cereria Pernici Shop","url":"https:\/\/www.pernici.com\/fr\/","logo":{"@type":"ImageObject","inLanguage":"fr-FR","@id":"https:\/\/www.pernici.com\/fr\/#\/schema\/logo\/image\/","url":"https:\/\/www.pernici.com\/wp-content\/uploads\/2025\/07\/logo_pernici.png","contentUrl":"https:\/\/www.pernici.com\/wp-content\/uploads\/2025\/07\/logo_pernici.png","width":432,"height":189,"caption":"Cereria Pernici Shop"},"image":{"@id":"https:\/\/www.pernici.com\/fr\/#\/schema\/logo\/image\/"},"sameAs":["https:\/\/www.facebook.com\/cereriapernici","https:\/\/www.instagram.com\/cereriapernici\/"]}]}},"_links":{"self":[{"href":"https:\/\/www.pernici.com\/fr\/wp-json\/wp\/v2\/product\/2349","targetHints":{"allow":["GET"]}}],"collection":[{"href":"https:\/\/www.pernici.com\/fr\/wp-json\/wp\/v2\/product"}],"about":[{"href":"https:\/\/www.pernici.com\/fr\/wp-json\/wp\/v2\/types\/product"}],"wp:featuredmedia":[{"embeddable":true,"href":"https:\/\/www.pernici.com\/fr\/wp-json\/wp\/v2\/media\/6052"}],"wp:attachment":[{"href":"https:\/\/www.pernici.com\/fr\/wp-json\/wp\/v2\/media?parent=2349"}],"wp:term":[{"taxonomy":"product_col","embeddable":true,"href":"https:\/\/www.pernici.com\/fr\/wp-json\/wp\/v2\/product_col?post=2349"},{"taxonomy":"product_brand","embeddable":true,"href":"https:\/\/www.pernici.com\/fr\/wp-json\/wp\/v2\/product_brand?post=2349"},{"taxonomy":"product_cat","embeddable":true,"href":"https:\/\/www.pernici.com\/fr\/wp-json\/wp\/v2\/product_cat?post=2349"},{"taxonomy":"product_tag","embeddable":true,"href":"https:\/\/www.pernici.com\/fr\/wp-json\/wp\/v2\/product_tag?post=2349"}],"curies":[{"name":"wp","href":"https:\/\/api.w.org\/{rel}","templated":true}]}}