{"id":2180,"date":"2024-10-15T07:00:07","date_gmt":"2024-10-15T07:00:07","guid":{"rendered":"https:\/\/www.pernici.com\/prodotto\/brera-diffuseur-spray-100-ml\/"},"modified":"2025-11-14T11:43:21","modified_gmt":"2025-11-14T11:43:21","slug":"brera-diffuseur-spray-100-ml","status":"publish","type":"product","link":"https:\/\/www.pernici.com\/fr\/prodotto\/brera-diffuseur-spray-100-ml\/","title":{"rendered":"Brera Diffuseur Spray 100 ml"},"content":{"rendered":"<p>Brera se d\u00e9voile au fil d&rsquo;une promenade dans le c\u00e9l\u00e8bre quartier milanais, au c\u0153ur du centre historique, parmi les magasins d&rsquo;alimentation et les boutiques de luxe, \u00e0 proximit\u00e9 de la pinacoth\u00e8que et de l&rsquo;acad\u00e9mie des beaux-arts, au milieu des bars et des restaurants branch\u00e9s. C&rsquo;est le salon boh\u00e8me de Milan avec ses rues \u00e9troites et ses balcons fleuris. Art et culture. Antiquit\u00e9 et jeunesse en effervescence. Histoire et art. Un parfum \u00e0 d\u00e9couvrir et \u00e0 red\u00e9couvrir \u00e0 chaque fois. Comme une promenade le nez en l&rsquo;air. Parce que la surpens\u00e9e est un bel endroit.rse.       <\/p>\n","protected":false},"excerpt":{"rendered":"<p>Brera se d\u00e9voile au fil d&rsquo;une promenade dans le c\u00e9l\u00e8bre quartier milanais, au c\u0153ur du centre historique, parmi les magasins d&rsquo;alimentation et les boutiques de luxe, \u00e0 proximit\u00e9 de la pinacoth\u00e8que et de l&rsquo;acad\u00e9mie des beaux-arts, au milieu des bars et des restaurants branch\u00e9s. C&rsquo;est le salon boh\u00e8me de Milan avec ses rues \u00e9troites et [&hellip;]<\/p>\n","protected":false},"featured_media":4386,"template":"","meta":{"_acf_changed":false},"product_col":[21],"product_brand":[],"product_cat":[71,110],"product_tag":[],"class_list":{"0":"post-2180","1":"product","2":"type-product","3":"status-publish","4":"has-post-thumbnail","6":"product_col-les-sens","7":"product_cat-parfums-dambiance","8":"product_cat-pulverisation","10":"first","11":"instock","12":"taxable","13":"shipping-taxable","14":"purchasable","15":"product-type-simple"},"acf":[],"yoast_head":"<!-- This site is optimized with the Yoast SEO plugin v27.2 - https:\/\/yoast.com\/product\/yoast-seo-wordpress\/ -->\n<title>Brera Diffuseur Spray 100 ml - Cereria Pernici<\/title>\n<meta name=\"robots\" content=\"index, follow, max-snippet:-1, max-image-preview:large, max-video-preview:-1\" \/>\n<link rel=\"canonical\" href=\"https:\/\/www.pernici.com\/fr\/prodotto\/brera-diffuseur-spray-100-ml\/\" \/>\n<meta property=\"og:locale\" content=\"fr_FR\" \/>\n<meta property=\"og:type\" content=\"article\" \/>\n<meta property=\"og:title\" content=\"Brera Diffuseur Spray 100 ml - Cereria Pernici\" \/>\n<meta property=\"og:description\" content=\"Brera se d\u00e9voile au fil d&rsquo;une promenade dans le c\u00e9l\u00e8bre quartier milanais, au c\u0153ur du centre historique, parmi les magasins d&rsquo;alimentation et les boutiques de luxe, \u00e0 proximit\u00e9 de la pinacoth\u00e8que et de l&rsquo;acad\u00e9mie des beaux-arts, au milieu des bars et des restaurants branch\u00e9s. C&rsquo;est le salon boh\u00e8me de Milan avec ses rues \u00e9troites et [&hellip;]\" \/>\n<meta property=\"og:url\" content=\"https:\/\/www.pernici.com\/fr\/prodotto\/brera-diffuseur-spray-100-ml\/\" \/>\n<meta property=\"og:site_name\" content=\"Cereria Pernici\" \/>\n<meta property=\"article:publisher\" content=\"https:\/\/www.facebook.com\/cereriapernici\" \/>\n<meta property=\"article:modified_time\" content=\"2025-11-14T11:43:21+00:00\" \/>\n<meta property=\"og:image\" content=\"https:\/\/www.pernici.com\/wp-content\/uploads\/2025\/08\/Brera-Spray-SHOP.jpg\" \/>\n\t<meta property=\"og:image:width\" content=\"1269\" \/>\n\t<meta property=\"og:image:height\" content=\"1772\" \/>\n\t<meta property=\"og:image:type\" content=\"image\/jpeg\" \/>\n<meta name=\"twitter:card\" content=\"summary_large_image\" \/>\n<meta name=\"twitter:label1\" content=\"Dur\u00e9e de lecture estim\u00e9e\" \/>\n\t<meta name=\"twitter:data1\" content=\"1 minute\" \/>\n<script type=\"application\/ld+json\" class=\"yoast-schema-graph\">{\"@context\":\"https:\/\/schema.org\",\"@graph\":[{\"@type\":\"WebPage\",\"@id\":\"https:\/\/www.pernici.com\/fr\/prodotto\/brera-diffuseur-spray-100-ml\/\",\"url\":\"https:\/\/www.pernici.com\/fr\/prodotto\/brera-diffuseur-spray-100-ml\/\",\"name\":\"Brera Diffuseur Spray 100 ml - Cereria Pernici\",\"isPartOf\":{\"@id\":\"https:\/\/www.pernici.com\/fr\/#website\"},\"primaryImageOfPage\":{\"@id\":\"https:\/\/www.pernici.com\/fr\/prodotto\/brera-diffuseur-spray-100-ml\/#primaryimage\"},\"image\":{\"@id\":\"https:\/\/www.pernici.com\/fr\/prodotto\/brera-diffuseur-spray-100-ml\/#primaryimage\"},\"thumbnailUrl\":\"https:\/\/www.pernici.com\/wp-content\/uploads\/2025\/08\/Brera-Spray-SHOP.jpg\",\"datePublished\":\"2024-10-15T07:00:07+00:00\",\"dateModified\":\"2025-11-14T11:43:21+00:00\",\"breadcrumb\":{\"@id\":\"https:\/\/www.pernici.com\/fr\/prodotto\/brera-diffuseur-spray-100-ml\/#breadcrumb\"},\"inLanguage\":\"fr-FR\",\"potentialAction\":[{\"@type\":\"ReadAction\",\"target\":[\"https:\/\/www.pernici.com\/fr\/prodotto\/brera-diffuseur-spray-100-ml\/\"]}]},{\"@type\":\"ImageObject\",\"inLanguage\":\"fr-FR\",\"@id\":\"https:\/\/www.pernici.com\/fr\/prodotto\/brera-diffuseur-spray-100-ml\/#primaryimage\",\"url\":\"https:\/\/www.pernici.com\/wp-content\/uploads\/2025\/08\/Brera-Spray-SHOP.jpg\",\"contentUrl\":\"https:\/\/www.pernici.com\/wp-content\/uploads\/2025\/08\/Brera-Spray-SHOP.jpg\",\"width\":1269,\"height\":1772},{\"@type\":\"BreadcrumbList\",\"@id\":\"https:\/\/www.pernici.com\/fr\/prodotto\/brera-diffuseur-spray-100-ml\/#breadcrumb\",\"itemListElement\":[{\"@type\":\"ListItem\",\"position\":1,\"name\":\"Accueil\",\"item\":\"https:\/\/www.pernici.com\/fr\/\"},{\"@type\":\"ListItem\",\"position\":2,\"name\":\"Boutique\",\"item\":\"https:\/\/www.pernici.com\/fr\/boutique\/\"},{\"@type\":\"ListItem\",\"position\":3,\"name\":\"Parfums d'ambiance\",\"item\":\"https:\/\/www.pernici.com\/fr\/categoria-prodotto\/parfums-dambiance\/\"},{\"@type\":\"ListItem\",\"position\":4,\"name\":\"Pulv\u00e9risation\",\"item\":\"https:\/\/www.pernici.com\/fr\/categoria-prodotto\/parfums-dambiance\/pulverisation\/\"},{\"@type\":\"ListItem\",\"position\":5,\"name\":\"Brera Diffuseur Spray 100 ml\"}]},{\"@type\":\"WebSite\",\"@id\":\"https:\/\/www.pernici.com\/fr\/#website\",\"url\":\"https:\/\/www.pernici.com\/fr\/\",\"name\":\"Cereria Pernici Shop\",\"description\":\"una candela non illumina soltanto: racconta chi sei \",\"publisher\":{\"@id\":\"https:\/\/www.pernici.com\/fr\/#organization\"},\"potentialAction\":[{\"@type\":\"SearchAction\",\"target\":{\"@type\":\"EntryPoint\",\"urlTemplate\":\"https:\/\/www.pernici.com\/fr\/?s={search_term_string}\"},\"query-input\":{\"@type\":\"PropertyValueSpecification\",\"valueRequired\":true,\"valueName\":\"search_term_string\"}}],\"inLanguage\":\"fr-FR\"},{\"@type\":\"Organization\",\"@id\":\"https:\/\/www.pernici.com\/fr\/#organization\",\"name\":\"Cereria Pernici Shop\",\"url\":\"https:\/\/www.pernici.com\/fr\/\",\"logo\":{\"@type\":\"ImageObject\",\"inLanguage\":\"fr-FR\",\"@id\":\"https:\/\/www.pernici.com\/fr\/#\/schema\/logo\/image\/\",\"url\":\"https:\/\/www.pernici.com\/wp-content\/uploads\/2025\/07\/logo_pernici.png\",\"contentUrl\":\"https:\/\/www.pernici.com\/wp-content\/uploads\/2025\/07\/logo_pernici.png\",\"width\":432,\"height\":189,\"caption\":\"Cereria Pernici Shop\"},\"image\":{\"@id\":\"https:\/\/www.pernici.com\/fr\/#\/schema\/logo\/image\/\"},\"sameAs\":[\"https:\/\/www.facebook.com\/cereriapernici\",\"https:\/\/www.instagram.com\/cereriapernici\/\"]}]}<\/script>\n<!-- \/ Yoast SEO plugin. -->","yoast_head_json":{"title":"Brera Diffuseur Spray 100 ml - Cereria Pernici","robots":{"index":"index","follow":"follow","max-snippet":"max-snippet:-1","max-image-preview":"max-image-preview:large","max-video-preview":"max-video-preview:-1"},"canonical":"https:\/\/www.pernici.com\/fr\/prodotto\/brera-diffuseur-spray-100-ml\/","og_locale":"fr_FR","og_type":"article","og_title":"Brera Diffuseur Spray 100 ml - Cereria Pernici","og_description":"Brera se d\u00e9voile au fil d&rsquo;une promenade dans le c\u00e9l\u00e8bre quartier milanais, au c\u0153ur du centre historique, parmi les magasins d&rsquo;alimentation et les boutiques de luxe, \u00e0 proximit\u00e9 de la pinacoth\u00e8que et de l&rsquo;acad\u00e9mie des beaux-arts, au milieu des bars et des restaurants branch\u00e9s. C&rsquo;est le salon boh\u00e8me de Milan avec ses rues \u00e9troites et [&hellip;]","og_url":"https:\/\/www.pernici.com\/fr\/prodotto\/brera-diffuseur-spray-100-ml\/","og_site_name":"Cereria Pernici","article_publisher":"https:\/\/www.facebook.com\/cereriapernici","article_modified_time":"2025-11-14T11:43:21+00:00","og_image":[{"width":1269,"height":1772,"url":"https:\/\/www.pernici.com\/wp-content\/uploads\/2025\/08\/Brera-Spray-SHOP.jpg","type":"image\/jpeg"}],"twitter_card":"summary_large_image","twitter_misc":{"Dur\u00e9e de lecture estim\u00e9e":"1 minute"},"schema":{"@context":"https:\/\/schema.org","@graph":[{"@type":"WebPage","@id":"https:\/\/www.pernici.com\/fr\/prodotto\/brera-diffuseur-spray-100-ml\/","url":"https:\/\/www.pernici.com\/fr\/prodotto\/brera-diffuseur-spray-100-ml\/","name":"Brera Diffuseur Spray 100 ml - Cereria Pernici","isPartOf":{"@id":"https:\/\/www.pernici.com\/fr\/#website"},"primaryImageOfPage":{"@id":"https:\/\/www.pernici.com\/fr\/prodotto\/brera-diffuseur-spray-100-ml\/#primaryimage"},"image":{"@id":"https:\/\/www.pernici.com\/fr\/prodotto\/brera-diffuseur-spray-100-ml\/#primaryimage"},"thumbnailUrl":"https:\/\/www.pernici.com\/wp-content\/uploads\/2025\/08\/Brera-Spray-SHOP.jpg","datePublished":"2024-10-15T07:00:07+00:00","dateModified":"2025-11-14T11:43:21+00:00","breadcrumb":{"@id":"https:\/\/www.pernici.com\/fr\/prodotto\/brera-diffuseur-spray-100-ml\/#breadcrumb"},"inLanguage":"fr-FR","potentialAction":[{"@type":"ReadAction","target":["https:\/\/www.pernici.com\/fr\/prodotto\/brera-diffuseur-spray-100-ml\/"]}]},{"@type":"ImageObject","inLanguage":"fr-FR","@id":"https:\/\/www.pernici.com\/fr\/prodotto\/brera-diffuseur-spray-100-ml\/#primaryimage","url":"https:\/\/www.pernici.com\/wp-content\/uploads\/2025\/08\/Brera-Spray-SHOP.jpg","contentUrl":"https:\/\/www.pernici.com\/wp-content\/uploads\/2025\/08\/Brera-Spray-SHOP.jpg","width":1269,"height":1772},{"@type":"BreadcrumbList","@id":"https:\/\/www.pernici.com\/fr\/prodotto\/brera-diffuseur-spray-100-ml\/#breadcrumb","itemListElement":[{"@type":"ListItem","position":1,"name":"Accueil","item":"https:\/\/www.pernici.com\/fr\/"},{"@type":"ListItem","position":2,"name":"Boutique","item":"https:\/\/www.pernici.com\/fr\/boutique\/"},{"@type":"ListItem","position":3,"name":"Parfums d'ambiance","item":"https:\/\/www.pernici.com\/fr\/categoria-prodotto\/parfums-dambiance\/"},{"@type":"ListItem","position":4,"name":"Pulv\u00e9risation","item":"https:\/\/www.pernici.com\/fr\/categoria-prodotto\/parfums-dambiance\/pulverisation\/"},{"@type":"ListItem","position":5,"name":"Brera Diffuseur Spray 100 ml"}]},{"@type":"WebSite","@id":"https:\/\/www.pernici.com\/fr\/#website","url":"https:\/\/www.pernici.com\/fr\/","name":"Cereria Pernici Shop","description":"una candela non illumina soltanto: racconta chi sei ","publisher":{"@id":"https:\/\/www.pernici.com\/fr\/#organization"},"potentialAction":[{"@type":"SearchAction","target":{"@type":"EntryPoint","urlTemplate":"https:\/\/www.pernici.com\/fr\/?s={search_term_string}"},"query-input":{"@type":"PropertyValueSpecification","valueRequired":true,"valueName":"search_term_string"}}],"inLanguage":"fr-FR"},{"@type":"Organization","@id":"https:\/\/www.pernici.com\/fr\/#organization","name":"Cereria Pernici Shop","url":"https:\/\/www.pernici.com\/fr\/","logo":{"@type":"ImageObject","inLanguage":"fr-FR","@id":"https:\/\/www.pernici.com\/fr\/#\/schema\/logo\/image\/","url":"https:\/\/www.pernici.com\/wp-content\/uploads\/2025\/07\/logo_pernici.png","contentUrl":"https:\/\/www.pernici.com\/wp-content\/uploads\/2025\/07\/logo_pernici.png","width":432,"height":189,"caption":"Cereria Pernici Shop"},"image":{"@id":"https:\/\/www.pernici.com\/fr\/#\/schema\/logo\/image\/"},"sameAs":["https:\/\/www.facebook.com\/cereriapernici","https:\/\/www.instagram.com\/cereriapernici\/"]}]}},"_links":{"self":[{"href":"https:\/\/www.pernici.com\/fr\/wp-json\/wp\/v2\/product\/2180","targetHints":{"allow":["GET"]}}],"collection":[{"href":"https:\/\/www.pernici.com\/fr\/wp-json\/wp\/v2\/product"}],"about":[{"href":"https:\/\/www.pernici.com\/fr\/wp-json\/wp\/v2\/types\/product"}],"wp:featuredmedia":[{"embeddable":true,"href":"https:\/\/www.pernici.com\/fr\/wp-json\/wp\/v2\/media\/4386"}],"wp:attachment":[{"href":"https:\/\/www.pernici.com\/fr\/wp-json\/wp\/v2\/media?parent=2180"}],"wp:term":[{"taxonomy":"product_col","embeddable":true,"href":"https:\/\/www.pernici.com\/fr\/wp-json\/wp\/v2\/product_col?post=2180"},{"taxonomy":"product_brand","embeddable":true,"href":"https:\/\/www.pernici.com\/fr\/wp-json\/wp\/v2\/product_brand?post=2180"},{"taxonomy":"product_cat","embeddable":true,"href":"https:\/\/www.pernici.com\/fr\/wp-json\/wp\/v2\/product_cat?post=2180"},{"taxonomy":"product_tag","embeddable":true,"href":"https:\/\/www.pernici.com\/fr\/wp-json\/wp\/v2\/product_tag?post=2180"}],"curies":[{"name":"wp","href":"https:\/\/api.w.org\/{rel}","templated":true}]}}