{"id":2169,"date":"2026-04-01T00:00:13","date_gmt":"2026-04-01T00:00:13","guid":{"rendered":"https:\/\/www.pernici.com\/prodotto\/vous-etes-mon-feu-bougie-poivre-noir\/"},"modified":"2026-04-01T08:59:31","modified_gmt":"2026-04-01T08:59:31","slug":"vous-etes-mon-feu-bougie-poivre-noir","status":"publish","type":"product","link":"https:\/\/www.pernici.com\/fr\/prodotto\/vous-etes-mon-feu-bougie-poivre-noir\/","title":{"rendered":"Bougie Anyway &#8211; Talk &amp; White Musk"},"content":{"rendered":"<p class=\"p1\">Quoi qu&rsquo;il arrive\u00a0\u00bb est une phrase qui vous accompagne doucement, vous rappelant qu&rsquo;il n&rsquo;est pas n\u00e9cessaire d&rsquo;avoir tout sous contr\u00f4le pour se sentir en s\u00e9curit\u00e9. C&rsquo;est une invitation silencieuse \u00e0 ralentir, \u00e0 respirer plus profond\u00e9ment et \u00e0 laisser place \u00e0 la confiance, m\u00eame lorsque les r\u00e9ponses ne sont pas encore claires. <\/p>\n<p class=\"p1\">Nous avons choisi de l&rsquo;associer \u00e0 la fragrance <span class=\"s1\"><b>Talc &amp; Musc Blanc<\/b><\/span>car il incarne parfaitement ce sentiment de confort et de protection. Les notes douces et propres du talc se m\u00ealent \u00e0 la d\u00e9licatesse velout\u00e9e du musc blanc pour cr\u00e9er une fragrance discr\u00e8te mais persistante qui enveloppe la pi\u00e8ce avec \u00e9l\u00e9gance. <\/p>\n<p class=\"p1\">C&rsquo;est une bougie con\u00e7ue pour les moments les plus intimes : quand vous avez besoin de ralentir, de vous retrouver et de transformer votre maison en un havre de calme et d&rsquo;harmonie. Une pr\u00e9sence douce qui illumine l&rsquo;espace et accompagne chaque geste avec \u00e9quilibre et s\u00e9r\u00e9nit\u00e9. <\/p>\n","protected":false},"excerpt":{"rendered":"<p class=\"p1\">La fragrance \u00ab\u00a0How it goes\u00a0\u00bb est une invitation \u00e0 se laisser aller en toute confiance et \u00e0 trouver le calme m\u00eame dans les moments d&rsquo;incertitude. Le parfum Talc &amp; Musc blanc enveloppe l&rsquo;espace de notes nettes et douces, cr\u00e9ant une atmosph\u00e8re rassurante et intime. <\/p>\n","protected":false},"featured_media":6060,"template":"","meta":{"_acf_changed":false},"product_col":[],"product_brand":[],"product_cat":[70,69,109,108,107],"product_tag":[],"class_list":{"0":"post-2169","1":"product","2":"type-product","3":"status-publish","4":"has-post-thumbnail","6":"product_cat-actualites","7":"product_cat-bougies","8":"product_cat-bougies-avec-phrases","9":"product_cat-bougies-parfumees","10":"product_cat-mois-des-meilleures-ventes","12":"first","13":"instock","14":"taxable","15":"shipping-taxable","16":"purchasable","17":"product-type-simple"},"acf":[],"yoast_head":"<!-- This site is optimized with the Yoast SEO plugin v27.2 - https:\/\/yoast.com\/product\/yoast-seo-wordpress\/ -->\n<title>Pensieri Stropicciati Talc&amp;white musk \u201cComunque vada\u201d \u2013 Pernici<\/title>\n<meta name=\"description\" content=\"D\u00e9couvrez la bougie &#039;Whatever Happens&#039; au parfum Talc &amp; White Musk : des notes d\u00e9licates et enveloppantes pour une atmosph\u00e8re de calme, d&#039;\u00e9quilibre et de bien-\u00eatre au quotidien.\" \/>\n<meta name=\"robots\" content=\"index, follow, max-snippet:-1, max-image-preview:large, max-video-preview:-1\" \/>\n<link rel=\"canonical\" href=\"https:\/\/www.pernici.com\/fr\/prodotto\/vous-etes-mon-feu-bougie-poivre-noir\/\" \/>\n<meta property=\"og:locale\" content=\"fr_FR\" \/>\n<meta property=\"og:type\" content=\"article\" \/>\n<meta property=\"og:title\" content=\"Pensieri Stropicciati Talc&amp;white musk \u201cComunque vada\u201d \u2013 Pernici\" \/>\n<meta property=\"og:description\" content=\"D\u00e9couvrez la bougie &#039;Whatever Happens&#039; au parfum Talc &amp; White Musk : des notes d\u00e9licates et enveloppantes pour une atmosph\u00e8re de calme, d&#039;\u00e9quilibre et de bien-\u00eatre au quotidien.\" \/>\n<meta property=\"og:url\" content=\"https:\/\/www.pernici.com\/fr\/prodotto\/vous-etes-mon-feu-bougie-poivre-noir\/\" \/>\n<meta property=\"og:site_name\" content=\"Cereria Pernici\" \/>\n<meta property=\"article:publisher\" content=\"https:\/\/www.facebook.com\/cereriapernici\" \/>\n<meta property=\"article:modified_time\" content=\"2026-04-01T08:59:31+00:00\" \/>\n<meta property=\"og:image\" content=\"https:\/\/www.pernici.com\/wp-content\/uploads\/2025\/09\/Candela-profumata-particolare-Pensieri-Stropicciati-\u2013-Comunque-vada-still-life.jpg\" \/>\n\t<meta property=\"og:image:width\" content=\"2000\" \/>\n\t<meta property=\"og:image:height\" content=\"2000\" \/>\n\t<meta property=\"og:image:type\" content=\"image\/jpeg\" \/>\n<meta name=\"twitter:card\" content=\"summary_large_image\" \/>\n<meta name=\"twitter:label1\" content=\"Dur\u00e9e de lecture estim\u00e9e\" \/>\n\t<meta name=\"twitter:data1\" content=\"1 minute\" \/>\n<script type=\"application\/ld+json\" class=\"yoast-schema-graph\">{\"@context\":\"https:\/\/schema.org\",\"@graph\":[{\"@type\":\"WebPage\",\"@id\":\"https:\/\/www.pernici.com\/fr\/prodotto\/vous-etes-mon-feu-bougie-poivre-noir\/\",\"url\":\"https:\/\/www.pernici.com\/fr\/prodotto\/vous-etes-mon-feu-bougie-poivre-noir\/\",\"name\":\"Pensieri Stropicciati Talc&white musk \u201cComunque vada\u201d \u2013 Pernici\",\"isPartOf\":{\"@id\":\"https:\/\/www.pernici.com\/fr\/#website\"},\"primaryImageOfPage\":{\"@id\":\"https:\/\/www.pernici.com\/fr\/prodotto\/vous-etes-mon-feu-bougie-poivre-noir\/#primaryimage\"},\"image\":{\"@id\":\"https:\/\/www.pernici.com\/fr\/prodotto\/vous-etes-mon-feu-bougie-poivre-noir\/#primaryimage\"},\"thumbnailUrl\":\"https:\/\/www.pernici.com\/wp-content\/uploads\/2025\/09\/Candela-profumata-particolare-Pensieri-Stropicciati-\u2013-Comunque-vada-still-life.jpg\",\"datePublished\":\"2026-04-01T00:00:13+00:00\",\"dateModified\":\"2026-04-01T08:59:31+00:00\",\"description\":\"D\u00e9couvrez la bougie 'Whatever Happens' au parfum Talc & White Musk : des notes d\u00e9licates et enveloppantes pour une atmosph\u00e8re de calme, d'\u00e9quilibre et de bien-\u00eatre au quotidien.\",\"breadcrumb\":{\"@id\":\"https:\/\/www.pernici.com\/fr\/prodotto\/vous-etes-mon-feu-bougie-poivre-noir\/#breadcrumb\"},\"inLanguage\":\"fr-FR\",\"potentialAction\":[{\"@type\":\"ReadAction\",\"target\":[\"https:\/\/www.pernici.com\/fr\/prodotto\/vous-etes-mon-feu-bougie-poivre-noir\/\"]}]},{\"@type\":\"ImageObject\",\"inLanguage\":\"fr-FR\",\"@id\":\"https:\/\/www.pernici.com\/fr\/prodotto\/vous-etes-mon-feu-bougie-poivre-noir\/#primaryimage\",\"url\":\"https:\/\/www.pernici.com\/wp-content\/uploads\/2025\/09\/Candela-profumata-particolare-Pensieri-Stropicciati-\u2013-Comunque-vada-still-life.jpg\",\"contentUrl\":\"https:\/\/www.pernici.com\/wp-content\/uploads\/2025\/09\/Candela-profumata-particolare-Pensieri-Stropicciati-\u2013-Comunque-vada-still-life.jpg\",\"width\":2000,\"height\":2000},{\"@type\":\"BreadcrumbList\",\"@id\":\"https:\/\/www.pernici.com\/fr\/prodotto\/vous-etes-mon-feu-bougie-poivre-noir\/#breadcrumb\",\"itemListElement\":[{\"@type\":\"ListItem\",\"position\":1,\"name\":\"Accueil\",\"item\":\"https:\/\/www.pernici.com\/fr\/\"},{\"@type\":\"ListItem\",\"position\":2,\"name\":\"Boutique\",\"item\":\"https:\/\/www.pernici.com\/fr\/boutique\/\"},{\"@type\":\"ListItem\",\"position\":3,\"name\":\"Bougies\",\"item\":\"https:\/\/www.pernici.com\/fr\/categoria-prodotto\/bougies\/\"},{\"@type\":\"ListItem\",\"position\":4,\"name\":\"Bougies avec phrases\",\"item\":\"https:\/\/www.pernici.com\/fr\/categoria-prodotto\/bougies\/bougies-avec-phrases\/\"},{\"@type\":\"ListItem\",\"position\":5,\"name\":\"Bougie Anyway &#8211; Talk &amp; White Musk\"}]},{\"@type\":\"WebSite\",\"@id\":\"https:\/\/www.pernici.com\/fr\/#website\",\"url\":\"https:\/\/www.pernici.com\/fr\/\",\"name\":\"Cereria Pernici Shop\",\"description\":\"una candela non illumina soltanto: racconta chi sei \",\"publisher\":{\"@id\":\"https:\/\/www.pernici.com\/fr\/#organization\"},\"potentialAction\":[{\"@type\":\"SearchAction\",\"target\":{\"@type\":\"EntryPoint\",\"urlTemplate\":\"https:\/\/www.pernici.com\/fr\/?s={search_term_string}\"},\"query-input\":{\"@type\":\"PropertyValueSpecification\",\"valueRequired\":true,\"valueName\":\"search_term_string\"}}],\"inLanguage\":\"fr-FR\"},{\"@type\":\"Organization\",\"@id\":\"https:\/\/www.pernici.com\/fr\/#organization\",\"name\":\"Cereria Pernici Shop\",\"url\":\"https:\/\/www.pernici.com\/fr\/\",\"logo\":{\"@type\":\"ImageObject\",\"inLanguage\":\"fr-FR\",\"@id\":\"https:\/\/www.pernici.com\/fr\/#\/schema\/logo\/image\/\",\"url\":\"https:\/\/www.pernici.com\/wp-content\/uploads\/2025\/07\/logo_pernici.png\",\"contentUrl\":\"https:\/\/www.pernici.com\/wp-content\/uploads\/2025\/07\/logo_pernici.png\",\"width\":432,\"height\":189,\"caption\":\"Cereria Pernici Shop\"},\"image\":{\"@id\":\"https:\/\/www.pernici.com\/fr\/#\/schema\/logo\/image\/\"},\"sameAs\":[\"https:\/\/www.facebook.com\/cereriapernici\",\"https:\/\/www.instagram.com\/cereriapernici\/\"]}]}<\/script>\n<!-- \/ Yoast SEO plugin. -->","yoast_head_json":{"title":"Pensieri Stropicciati Talc&white musk \u201cComunque vada\u201d \u2013 Pernici","description":"D\u00e9couvrez la bougie 'Whatever Happens' au parfum Talc & White Musk : des notes d\u00e9licates et enveloppantes pour une atmosph\u00e8re de calme, d'\u00e9quilibre et de bien-\u00eatre au quotidien.","robots":{"index":"index","follow":"follow","max-snippet":"max-snippet:-1","max-image-preview":"max-image-preview:large","max-video-preview":"max-video-preview:-1"},"canonical":"https:\/\/www.pernici.com\/fr\/prodotto\/vous-etes-mon-feu-bougie-poivre-noir\/","og_locale":"fr_FR","og_type":"article","og_title":"Pensieri Stropicciati Talc&white musk \u201cComunque vada\u201d \u2013 Pernici","og_description":"D\u00e9couvrez la bougie 'Whatever Happens' au parfum Talc & White Musk : des notes d\u00e9licates et enveloppantes pour une atmosph\u00e8re de calme, d'\u00e9quilibre et de bien-\u00eatre au quotidien.","og_url":"https:\/\/www.pernici.com\/fr\/prodotto\/vous-etes-mon-feu-bougie-poivre-noir\/","og_site_name":"Cereria Pernici","article_publisher":"https:\/\/www.facebook.com\/cereriapernici","article_modified_time":"2026-04-01T08:59:31+00:00","og_image":[{"width":2000,"height":2000,"url":"https:\/\/www.pernici.com\/wp-content\/uploads\/2025\/09\/Candela-profumata-particolare-Pensieri-Stropicciati-\u2013-Comunque-vada-still-life.jpg","type":"image\/jpeg"}],"twitter_card":"summary_large_image","twitter_misc":{"Dur\u00e9e de lecture estim\u00e9e":"1 minute"},"schema":{"@context":"https:\/\/schema.org","@graph":[{"@type":"WebPage","@id":"https:\/\/www.pernici.com\/fr\/prodotto\/vous-etes-mon-feu-bougie-poivre-noir\/","url":"https:\/\/www.pernici.com\/fr\/prodotto\/vous-etes-mon-feu-bougie-poivre-noir\/","name":"Pensieri Stropicciati Talc&white musk \u201cComunque vada\u201d \u2013 Pernici","isPartOf":{"@id":"https:\/\/www.pernici.com\/fr\/#website"},"primaryImageOfPage":{"@id":"https:\/\/www.pernici.com\/fr\/prodotto\/vous-etes-mon-feu-bougie-poivre-noir\/#primaryimage"},"image":{"@id":"https:\/\/www.pernici.com\/fr\/prodotto\/vous-etes-mon-feu-bougie-poivre-noir\/#primaryimage"},"thumbnailUrl":"https:\/\/www.pernici.com\/wp-content\/uploads\/2025\/09\/Candela-profumata-particolare-Pensieri-Stropicciati-\u2013-Comunque-vada-still-life.jpg","datePublished":"2026-04-01T00:00:13+00:00","dateModified":"2026-04-01T08:59:31+00:00","description":"D\u00e9couvrez la bougie 'Whatever Happens' au parfum Talc & White Musk : des notes d\u00e9licates et enveloppantes pour une atmosph\u00e8re de calme, d'\u00e9quilibre et de bien-\u00eatre au quotidien.","breadcrumb":{"@id":"https:\/\/www.pernici.com\/fr\/prodotto\/vous-etes-mon-feu-bougie-poivre-noir\/#breadcrumb"},"inLanguage":"fr-FR","potentialAction":[{"@type":"ReadAction","target":["https:\/\/www.pernici.com\/fr\/prodotto\/vous-etes-mon-feu-bougie-poivre-noir\/"]}]},{"@type":"ImageObject","inLanguage":"fr-FR","@id":"https:\/\/www.pernici.com\/fr\/prodotto\/vous-etes-mon-feu-bougie-poivre-noir\/#primaryimage","url":"https:\/\/www.pernici.com\/wp-content\/uploads\/2025\/09\/Candela-profumata-particolare-Pensieri-Stropicciati-\u2013-Comunque-vada-still-life.jpg","contentUrl":"https:\/\/www.pernici.com\/wp-content\/uploads\/2025\/09\/Candela-profumata-particolare-Pensieri-Stropicciati-\u2013-Comunque-vada-still-life.jpg","width":2000,"height":2000},{"@type":"BreadcrumbList","@id":"https:\/\/www.pernici.com\/fr\/prodotto\/vous-etes-mon-feu-bougie-poivre-noir\/#breadcrumb","itemListElement":[{"@type":"ListItem","position":1,"name":"Accueil","item":"https:\/\/www.pernici.com\/fr\/"},{"@type":"ListItem","position":2,"name":"Boutique","item":"https:\/\/www.pernici.com\/fr\/boutique\/"},{"@type":"ListItem","position":3,"name":"Bougies","item":"https:\/\/www.pernici.com\/fr\/categoria-prodotto\/bougies\/"},{"@type":"ListItem","position":4,"name":"Bougies avec phrases","item":"https:\/\/www.pernici.com\/fr\/categoria-prodotto\/bougies\/bougies-avec-phrases\/"},{"@type":"ListItem","position":5,"name":"Bougie Anyway &#8211; Talk &amp; White Musk"}]},{"@type":"WebSite","@id":"https:\/\/www.pernici.com\/fr\/#website","url":"https:\/\/www.pernici.com\/fr\/","name":"Cereria Pernici Shop","description":"una candela non illumina soltanto: racconta chi sei ","publisher":{"@id":"https:\/\/www.pernici.com\/fr\/#organization"},"potentialAction":[{"@type":"SearchAction","target":{"@type":"EntryPoint","urlTemplate":"https:\/\/www.pernici.com\/fr\/?s={search_term_string}"},"query-input":{"@type":"PropertyValueSpecification","valueRequired":true,"valueName":"search_term_string"}}],"inLanguage":"fr-FR"},{"@type":"Organization","@id":"https:\/\/www.pernici.com\/fr\/#organization","name":"Cereria Pernici Shop","url":"https:\/\/www.pernici.com\/fr\/","logo":{"@type":"ImageObject","inLanguage":"fr-FR","@id":"https:\/\/www.pernici.com\/fr\/#\/schema\/logo\/image\/","url":"https:\/\/www.pernici.com\/wp-content\/uploads\/2025\/07\/logo_pernici.png","contentUrl":"https:\/\/www.pernici.com\/wp-content\/uploads\/2025\/07\/logo_pernici.png","width":432,"height":189,"caption":"Cereria Pernici Shop"},"image":{"@id":"https:\/\/www.pernici.com\/fr\/#\/schema\/logo\/image\/"},"sameAs":["https:\/\/www.facebook.com\/cereriapernici","https:\/\/www.instagram.com\/cereriapernici\/"]}]}},"_links":{"self":[{"href":"https:\/\/www.pernici.com\/fr\/wp-json\/wp\/v2\/product\/2169","targetHints":{"allow":["GET"]}}],"collection":[{"href":"https:\/\/www.pernici.com\/fr\/wp-json\/wp\/v2\/product"}],"about":[{"href":"https:\/\/www.pernici.com\/fr\/wp-json\/wp\/v2\/types\/product"}],"wp:featuredmedia":[{"embeddable":true,"href":"https:\/\/www.pernici.com\/fr\/wp-json\/wp\/v2\/media\/6060"}],"wp:attachment":[{"href":"https:\/\/www.pernici.com\/fr\/wp-json\/wp\/v2\/media?parent=2169"}],"wp:term":[{"taxonomy":"product_col","embeddable":true,"href":"https:\/\/www.pernici.com\/fr\/wp-json\/wp\/v2\/product_col?post=2169"},{"taxonomy":"product_brand","embeddable":true,"href":"https:\/\/www.pernici.com\/fr\/wp-json\/wp\/v2\/product_brand?post=2169"},{"taxonomy":"product_cat","embeddable":true,"href":"https:\/\/www.pernici.com\/fr\/wp-json\/wp\/v2\/product_cat?post=2169"},{"taxonomy":"product_tag","embeddable":true,"href":"https:\/\/www.pernici.com\/fr\/wp-json\/wp\/v2\/product_tag?post=2169"}],"curies":[{"name":"wp","href":"https:\/\/api.w.org\/{rel}","templated":true}]}}