{"id":2137,"date":"2025-08-05T15:52:25","date_gmt":"2025-08-05T15:52:25","guid":{"rendered":"https:\/\/www.pernici.com\/services-aux-entreprises\/"},"modified":"2025-11-15T15:23:54","modified_gmt":"2025-11-15T15:23:54","slug":"services-aux-entreprises","status":"publish","type":"page","link":"https:\/\/www.pernici.com\/fr\/services-aux-entreprises\/","title":{"rendered":"Services aux entreprises"},"content":{"rendered":"\t\t<div data-elementor-type=\"wp-page\" data-elementor-id=\"2137\" class=\"elementor elementor-2137 elementor-1102\" data-elementor-post-type=\"page\">\n\t\t\t\t<div class=\"elementor-element elementor-element-8a58865 e-flex e-con-boxed e-con e-parent\" data-id=\"8a58865\" data-element_type=\"container\" data-e-type=\"container\" data-settings=\"{&quot;background_background&quot;:&quot;video&quot;,&quot;background_video_link&quot;:&quot;https:\\\/\\\/www.pernici.com\\\/wp-content\\\/uploads\\\/2025\\\/09\\\/video-home.mp4&quot;,&quot;background_play_on_mobile&quot;:&quot;yes&quot;,&quot;background_privacy_mode&quot;:&quot;yes&quot;}\">\n\t\t\t\t\t<div class=\"e-con-inner\">\n\t\t<div class=\"elementor-background-video-container\">\n\t\t\t\t\t\t\t<video class=\"elementor-background-video-hosted\" role=\"presentation\" autoplay muted playsinline loop><\/video>\n\t\t\t\t\t<\/div>\t\t<div class=\"elementor-element elementor-element-fcb5dea elementor-widget elementor-widget-heading\" data-id=\"fcb5dea\" data-element_type=\"widget\" data-e-type=\"widget\" data-widget_type=\"heading.default\">\n\t\t\t\t\t<div class=\"elementor-heading-title elementor-size-default\">Services aux entreprises<\/div>\t\t\t\t<\/div>\n\t\t\t\t<div class=\"elementor-element elementor-element-9d5853d elementor-widget elementor-widget-heading\" data-id=\"9d5853d\" data-element_type=\"widget\" data-e-type=\"widget\" data-widget_type=\"heading.default\">\n\t\t\t\t\t<div class=\"elementor-heading-title elementor-size-default\">D\u00e9couvrez comment collaborer avec Cereria Pernici<\/div>\t\t\t\t<\/div>\n\t\t\t\t<div class=\"elementor-element elementor-element-c0426d4 elementor-absolute elementor-widget elementor-widget-ucaddon_animated_mouse_scroll_icon\" data-id=\"c0426d4\" data-element_type=\"widget\" data-e-type=\"widget\" data-settings=\"{&quot;_position&quot;:&quot;absolute&quot;}\" data-widget_type=\"ucaddon_animated_mouse_scroll_icon.default\">\n\t\t\t\t<div class=\"elementor-widget-container\">\n\t\t\t\t\t\n<!-- start Animated Mouse Scroll Icon -->\n<style>\/* widget: Animated Mouse Scroll Icon *\/\n\n.mousey {\n  border-style:solid;\n  box-sizing: border-box;\n  display:inline-block;\n  text-align:center;\n}\n.scroller {\n  border-radius: 50px;\n  animation-name: scroll;\n  animation-duration: 2.2s;\n  animation-timing-function: cubic-bezier(.15,.41,.69,.94);\n  animation-iteration-count: infinite;\n  display:inline-block;\n}\n@keyframes scroll {\n  0% { opacity: 0; }\n  10% { transform: translateY(0); opacity: 1; }\n  100% { transform: translateY(15px); opacity: 0;}\n}\n\n<\/style>\n\n<div class=\"scroll-downs\" style=\"text-align:center;\">\n  <a href=\"\" >\t\n  <div class=\"mousey\">\n    <div class=\"scroller\"><\/div>\n  <\/div>\n  <\/a>\t\n<\/div>\n<!-- end Animated Mouse Scroll Icon -->\t\t\t\t<\/div>\n\t\t\t\t<\/div>\n\t\t\t\t\t<\/div>\n\t\t\t\t<\/div>\n\t\t<div class=\"elementor-element elementor-element-d05fee7 e-flex e-con-boxed e-con e-parent\" data-id=\"d05fee7\" data-element_type=\"container\" data-e-type=\"container\">\n\t\t\t\t\t<div class=\"e-con-inner\">\n\t\t\t\t<div class=\"elementor-element elementor-element-7163cf6 elementor-widget elementor-widget-heading\" data-id=\"7163cf6\" data-element_type=\"widget\" data-e-type=\"widget\" data-widget_type=\"heading.default\">\n\t\t\t\t\t<h2 class=\"elementor-heading-title elementor-size-default\">Comment cela fonctionne-t-il ?<\/h2>\t\t\t\t<\/div>\n\t\t\t\t<div class=\"elementor-element elementor-element-799896a elementor-widget elementor-widget-text-editor\" data-id=\"799896a\" data-element_type=\"widget\" data-e-type=\"widget\" data-widget_type=\"text-editor.default\">\n\t\t\t\t\t\t\t\t\t<p>Que vous souhaitiez revendre nos collections ou cr\u00e9er une ligne de bougies personnalis\u00e9e, nous vous accompagnons avec des solutions sur mesure destin\u00e9es \u00e0 renforcer l&rsquo;identit\u00e9 de votre marque ou \u00e0 enrichir votre offre sur le point de vente.<\/p>\t\t\t\t\t\t\t\t<\/div>\n\t\t\t\t\t<\/div>\n\t\t\t\t<\/div>\n\t\t<div class=\"elementor-element elementor-element-d5232c4 e-flex e-con-boxed e-con e-parent\" data-id=\"d5232c4\" data-element_type=\"container\" data-e-type=\"container\" data-settings=\"{&quot;background_background&quot;:&quot;classic&quot;}\">\n\t\t\t\t\t<div class=\"e-con-inner\">\n\t\t<div class=\"elementor-element elementor-element-7f1b147 e-con-full e-flex e-con e-child\" data-id=\"7f1b147\" data-element_type=\"container\" data-e-type=\"container\">\n\t\t\t\t<div class=\"elementor-element elementor-element-60a70be elementor-widget elementor-widget-heading\" data-id=\"60a70be\" data-element_type=\"widget\" data-e-type=\"widget\" data-widget_type=\"heading.default\">\n\t\t\t\t\t<h2 class=\"elementor-heading-title elementor-size-default\">DEVENEZ REVENDEUR<\/h2>\t\t\t\t<\/div>\n\t\t\t\t<div class=\"elementor-element elementor-element-a2d7b05 elementor-widget elementor-widget-text-editor\" data-id=\"a2d7b05\" data-element_type=\"widget\" data-e-type=\"widget\" data-widget_type=\"text-editor.default\">\n\t\t\t\t\t\t\t\t\t<p class=\"p2\">Rejoignez le r\u00e9seau privil\u00e9gi\u00e9 des boutiques, concept stores, parfumeries qui choisissent la qualit\u00e9 et l&rsquo;\u00e9l\u00e9gance de nos collections.<\/p><p class=\"p3\">Remplissez le formulaire pour recevoir toutes les informations commerciales.  <\/p>\t\t\t\t\t\t\t\t<\/div>\n\t\t\t\t<div class=\"elementor-element elementor-element-adc18f5 elementor-widget elementor-widget-button\" data-id=\"adc18f5\" data-element_type=\"widget\" data-e-type=\"widget\" data-widget_type=\"button.default\">\n\t\t\t\t\t\t\t\t\t\t<a class=\"elementor-button elementor-button-link elementor-size-sm\" href=\"https:\/\/www.pernici.com\/fr\/devenez-revendeur\/\">\n\t\t\t\t\t\t<span class=\"elementor-button-content-wrapper\">\n\t\t\t\t\t\t\t\t\t<span class=\"elementor-button-text\">D\u00e9couvrez<\/span>\n\t\t\t\t\t<\/span>\n\t\t\t\t\t<\/a>\n\t\t\t\t\t\t\t\t<\/div>\n\t\t\t\t<\/div>\n\t\t<div class=\"elementor-element elementor-element-4f4509f e-con-full e-flex e-con e-child\" data-id=\"4f4509f\" data-element_type=\"container\" data-e-type=\"container\" data-settings=\"{&quot;background_background&quot;:&quot;classic&quot;}\">\n\t\t\t\t<\/div>\n\t\t\t\t\t<\/div>\n\t\t\t\t<\/div>\n\t\t<div class=\"elementor-element elementor-element-6ee06ad e-flex e-con-boxed e-con e-parent\" data-id=\"6ee06ad\" data-element_type=\"container\" data-e-type=\"container\" data-settings=\"{&quot;background_background&quot;:&quot;classic&quot;}\">\n\t\t\t\t\t<div class=\"e-con-inner\">\n\t\t<div class=\"elementor-element elementor-element-19401c0 e-con-full e-flex e-con e-child\" data-id=\"19401c0\" data-element_type=\"container\" data-e-type=\"container\" data-settings=\"{&quot;background_background&quot;:&quot;classic&quot;}\">\n\t\t\t\t<\/div>\n\t\t<div class=\"elementor-element elementor-element-d10565e e-con-full e-flex e-con e-child\" data-id=\"d10565e\" data-element_type=\"container\" data-e-type=\"container\">\n\t\t\t\t<div class=\"elementor-element elementor-element-b1467e1 elementor-widget elementor-widget-heading\" data-id=\"b1467e1\" data-element_type=\"widget\" data-e-type=\"widget\" data-widget_type=\"heading.default\">\n\t\t\t\t\t<div class=\"elementor-heading-title elementor-size-default\">Vous souhaitez cr\u00e9er une collection exclusive avec votre propre marque ?<\/div>\t\t\t\t<\/div>\n\t\t\t\t<div class=\"elementor-element elementor-element-de1acd7 elementor-widget elementor-widget-heading\" data-id=\"de1acd7\" data-element_type=\"widget\" data-e-type=\"widget\" data-widget_type=\"heading.default\">\n\t\t\t\t\t<h2 class=\"elementor-heading-title elementor-size-default\">Service de label priv\u00e9<\/h2>\t\t\t\t<\/div>\n\t\t\t\t<div class=\"elementor-element elementor-element-f110eb3 elementor-widget elementor-widget-text-editor\" data-id=\"f110eb3\" data-element_type=\"widget\" data-e-type=\"widget\" data-widget_type=\"text-editor.default\">\n\t\t\t\t\t\t\t\t\t<p class=\"p3\">Nous offrons un service complet de <span class=\"s2\">marques priv\u00e9es<\/span>: de la s\u00e9lection des parfums \u00e0 l&#8217;emballage et \u00e0 la production sur mesure.<\/p><p class=\"p1\">Nous sommes le partenaire id\u00e9al pour les ind\u00e9pendants, les entreprises, les studios de cr\u00e9ation et les projets d&rsquo;h\u00f4tellerie.<\/p>\t\t\t\t\t\t\t\t<\/div>\n\t\t\t\t<div class=\"elementor-element elementor-element-5745449 elementor-widget elementor-widget-button\" data-id=\"5745449\" data-element_type=\"widget\" data-e-type=\"widget\" data-widget_type=\"button.default\">\n\t\t\t\t\t\t\t\t\t\t<a class=\"elementor-button elementor-button-link elementor-size-sm\" href=\"https:\/\/www.pernici.com\/fr\/label-prive\/\">\n\t\t\t\t\t\t<span class=\"elementor-button-content-wrapper\">\n\t\t\t\t\t\t\t\t\t<span class=\"elementor-button-text\">D\u00e9couvrez<\/span>\n\t\t\t\t\t<\/span>\n\t\t\t\t\t<\/a>\n\t\t\t\t\t\t\t\t<\/div>\n\t\t\t\t<\/div>\n\t\t\t\t\t<\/div>\n\t\t\t\t<\/div>\n\t\t\t\t<\/div>\n\t\t","protected":false},"excerpt":{"rendered":"<p>Services aux entreprises D\u00e9couvrez comment collaborer avec Cereria Pernici Comment cela fonctionne-t-il ? Que vous souhaitiez revendre nos collections ou cr\u00e9er une ligne de bougies personnalis\u00e9e, nous vous accompagnons avec des solutions sur mesure destin\u00e9es \u00e0 renforcer l&rsquo;identit\u00e9 de votre marque ou \u00e0 enrichir votre offre sur le point de vente. DEVENEZ REVENDEUR Rejoignez le [&hellip;]<\/p>\n","protected":false},"author":1,"featured_media":0,"parent":0,"menu_order":0,"comment_status":"closed","ping_status":"closed","template":"","meta":{"_acf_changed":false,"footnotes":""},"class_list":["post-2137","page","type-page","status-publish","hentry"],"acf":[],"yoast_head":"<!-- This site is optimized with the Yoast SEO plugin v27.2 - https:\/\/yoast.com\/product\/yoast-seo-wordpress\/ -->\n<title>Services aux entreprises - Cereria Pernici<\/title>\n<meta name=\"robots\" content=\"index, follow, max-snippet:-1, max-image-preview:large, max-video-preview:-1\" \/>\n<link rel=\"canonical\" href=\"https:\/\/www.pernici.com\/fr\/services-aux-entreprises\/\" \/>\n<meta property=\"og:locale\" content=\"fr_FR\" \/>\n<meta property=\"og:type\" content=\"article\" \/>\n<meta property=\"og:title\" content=\"Services aux entreprises - Cereria Pernici\" \/>\n<meta property=\"og:description\" content=\"Services aux entreprises D\u00e9couvrez comment collaborer avec Cereria Pernici Comment cela fonctionne-t-il ? Que vous souhaitiez revendre nos collections ou cr\u00e9er une ligne de bougies personnalis\u00e9e, nous vous accompagnons avec des solutions sur mesure destin\u00e9es \u00e0 renforcer l&rsquo;identit\u00e9 de votre marque ou \u00e0 enrichir votre offre sur le point de vente. DEVENEZ REVENDEUR Rejoignez le [&hellip;]\" \/>\n<meta property=\"og:url\" content=\"https:\/\/www.pernici.com\/fr\/services-aux-entreprises\/\" \/>\n<meta property=\"og:site_name\" content=\"Cereria Pernici\" \/>\n<meta property=\"article:publisher\" content=\"https:\/\/www.facebook.com\/cereriapernici\" \/>\n<meta property=\"article:modified_time\" content=\"2025-11-15T15:23:54+00:00\" \/>\n<meta property=\"og:image\" content=\"https:\/\/www.pernici.com\/wp-content\/uploads\/2025\/07\/logo_pernici.png\" \/>\n\t<meta property=\"og:image:width\" content=\"432\" \/>\n\t<meta property=\"og:image:height\" content=\"189\" \/>\n\t<meta property=\"og:image:type\" content=\"image\/png\" \/>\n<meta name=\"twitter:card\" content=\"summary_large_image\" \/>\n<meta name=\"twitter:label1\" content=\"Dur\u00e9e de lecture estim\u00e9e\" \/>\n\t<meta name=\"twitter:data1\" content=\"1 minute\" \/>\n<script type=\"application\/ld+json\" class=\"yoast-schema-graph\">{\"@context\":\"https:\/\/schema.org\",\"@graph\":[{\"@type\":\"WebPage\",\"@id\":\"https:\/\/www.pernici.com\/fr\/services-aux-entreprises\/\",\"url\":\"https:\/\/www.pernici.com\/fr\/services-aux-entreprises\/\",\"name\":\"Services aux entreprises - Cereria Pernici\",\"isPartOf\":{\"@id\":\"https:\/\/www.pernici.com\/fr\/#website\"},\"datePublished\":\"2025-08-05T15:52:25+00:00\",\"dateModified\":\"2025-11-15T15:23:54+00:00\",\"breadcrumb\":{\"@id\":\"https:\/\/www.pernici.com\/fr\/services-aux-entreprises\/#breadcrumb\"},\"inLanguage\":\"fr-FR\",\"potentialAction\":[{\"@type\":\"ReadAction\",\"target\":[\"https:\/\/www.pernici.com\/fr\/services-aux-entreprises\/\"]}]},{\"@type\":\"BreadcrumbList\",\"@id\":\"https:\/\/www.pernici.com\/fr\/services-aux-entreprises\/#breadcrumb\",\"itemListElement\":[{\"@type\":\"ListItem\",\"position\":1,\"name\":\"Accueil\",\"item\":\"https:\/\/www.pernici.com\/fr\/\"},{\"@type\":\"ListItem\",\"position\":2,\"name\":\"Services aux entreprises\"}]},{\"@type\":\"WebSite\",\"@id\":\"https:\/\/www.pernici.com\/fr\/#website\",\"url\":\"https:\/\/www.pernici.com\/fr\/\",\"name\":\"Cereria Pernici Shop\",\"description\":\"una candela non illumina soltanto: racconta chi sei \",\"publisher\":{\"@id\":\"https:\/\/www.pernici.com\/fr\/#organization\"},\"potentialAction\":[{\"@type\":\"SearchAction\",\"target\":{\"@type\":\"EntryPoint\",\"urlTemplate\":\"https:\/\/www.pernici.com\/fr\/?s={search_term_string}\"},\"query-input\":{\"@type\":\"PropertyValueSpecification\",\"valueRequired\":true,\"valueName\":\"search_term_string\"}}],\"inLanguage\":\"fr-FR\"},{\"@type\":\"Organization\",\"@id\":\"https:\/\/www.pernici.com\/fr\/#organization\",\"name\":\"Cereria Pernici Shop\",\"url\":\"https:\/\/www.pernici.com\/fr\/\",\"logo\":{\"@type\":\"ImageObject\",\"inLanguage\":\"fr-FR\",\"@id\":\"https:\/\/www.pernici.com\/fr\/#\/schema\/logo\/image\/\",\"url\":\"https:\/\/www.pernici.com\/wp-content\/uploads\/2025\/07\/logo_pernici.png\",\"contentUrl\":\"https:\/\/www.pernici.com\/wp-content\/uploads\/2025\/07\/logo_pernici.png\",\"width\":432,\"height\":189,\"caption\":\"Cereria Pernici Shop\"},\"image\":{\"@id\":\"https:\/\/www.pernici.com\/fr\/#\/schema\/logo\/image\/\"},\"sameAs\":[\"https:\/\/www.facebook.com\/cereriapernici\",\"https:\/\/www.instagram.com\/cereriapernici\/\"]}]}<\/script>\n<!-- \/ Yoast SEO plugin. -->","yoast_head_json":{"title":"Services aux entreprises - Cereria Pernici","robots":{"index":"index","follow":"follow","max-snippet":"max-snippet:-1","max-image-preview":"max-image-preview:large","max-video-preview":"max-video-preview:-1"},"canonical":"https:\/\/www.pernici.com\/fr\/services-aux-entreprises\/","og_locale":"fr_FR","og_type":"article","og_title":"Services aux entreprises - Cereria Pernici","og_description":"Services aux entreprises D\u00e9couvrez comment collaborer avec Cereria Pernici Comment cela fonctionne-t-il ? Que vous souhaitiez revendre nos collections ou cr\u00e9er une ligne de bougies personnalis\u00e9e, nous vous accompagnons avec des solutions sur mesure destin\u00e9es \u00e0 renforcer l&rsquo;identit\u00e9 de votre marque ou \u00e0 enrichir votre offre sur le point de vente. DEVENEZ REVENDEUR Rejoignez le [&hellip;]","og_url":"https:\/\/www.pernici.com\/fr\/services-aux-entreprises\/","og_site_name":"Cereria Pernici","article_publisher":"https:\/\/www.facebook.com\/cereriapernici","article_modified_time":"2025-11-15T15:23:54+00:00","og_image":[{"width":432,"height":189,"url":"https:\/\/www.pernici.com\/wp-content\/uploads\/2025\/07\/logo_pernici.png","type":"image\/png"}],"twitter_card":"summary_large_image","twitter_misc":{"Dur\u00e9e de lecture estim\u00e9e":"1 minute"},"schema":{"@context":"https:\/\/schema.org","@graph":[{"@type":"WebPage","@id":"https:\/\/www.pernici.com\/fr\/services-aux-entreprises\/","url":"https:\/\/www.pernici.com\/fr\/services-aux-entreprises\/","name":"Services aux entreprises - Cereria Pernici","isPartOf":{"@id":"https:\/\/www.pernici.com\/fr\/#website"},"datePublished":"2025-08-05T15:52:25+00:00","dateModified":"2025-11-15T15:23:54+00:00","breadcrumb":{"@id":"https:\/\/www.pernici.com\/fr\/services-aux-entreprises\/#breadcrumb"},"inLanguage":"fr-FR","potentialAction":[{"@type":"ReadAction","target":["https:\/\/www.pernici.com\/fr\/services-aux-entreprises\/"]}]},{"@type":"BreadcrumbList","@id":"https:\/\/www.pernici.com\/fr\/services-aux-entreprises\/#breadcrumb","itemListElement":[{"@type":"ListItem","position":1,"name":"Accueil","item":"https:\/\/www.pernici.com\/fr\/"},{"@type":"ListItem","position":2,"name":"Services aux entreprises"}]},{"@type":"WebSite","@id":"https:\/\/www.pernici.com\/fr\/#website","url":"https:\/\/www.pernici.com\/fr\/","name":"Cereria Pernici Shop","description":"una candela non illumina soltanto: racconta chi sei ","publisher":{"@id":"https:\/\/www.pernici.com\/fr\/#organization"},"potentialAction":[{"@type":"SearchAction","target":{"@type":"EntryPoint","urlTemplate":"https:\/\/www.pernici.com\/fr\/?s={search_term_string}"},"query-input":{"@type":"PropertyValueSpecification","valueRequired":true,"valueName":"search_term_string"}}],"inLanguage":"fr-FR"},{"@type":"Organization","@id":"https:\/\/www.pernici.com\/fr\/#organization","name":"Cereria Pernici Shop","url":"https:\/\/www.pernici.com\/fr\/","logo":{"@type":"ImageObject","inLanguage":"fr-FR","@id":"https:\/\/www.pernici.com\/fr\/#\/schema\/logo\/image\/","url":"https:\/\/www.pernici.com\/wp-content\/uploads\/2025\/07\/logo_pernici.png","contentUrl":"https:\/\/www.pernici.com\/wp-content\/uploads\/2025\/07\/logo_pernici.png","width":432,"height":189,"caption":"Cereria Pernici Shop"},"image":{"@id":"https:\/\/www.pernici.com\/fr\/#\/schema\/logo\/image\/"},"sameAs":["https:\/\/www.facebook.com\/cereriapernici","https:\/\/www.instagram.com\/cereriapernici\/"]}]}},"_links":{"self":[{"href":"https:\/\/www.pernici.com\/fr\/wp-json\/wp\/v2\/pages\/2137","targetHints":{"allow":["GET"]}}],"collection":[{"href":"https:\/\/www.pernici.com\/fr\/wp-json\/wp\/v2\/pages"}],"about":[{"href":"https:\/\/www.pernici.com\/fr\/wp-json\/wp\/v2\/types\/page"}],"author":[{"embeddable":true,"href":"https:\/\/www.pernici.com\/fr\/wp-json\/wp\/v2\/users\/1"}],"replies":[{"embeddable":true,"href":"https:\/\/www.pernici.com\/fr\/wp-json\/wp\/v2\/comments?post=2137"}],"version-history":[{"count":5,"href":"https:\/\/www.pernici.com\/fr\/wp-json\/wp\/v2\/pages\/2137\/revisions"}],"predecessor-version":[{"id":4168,"href":"https:\/\/www.pernici.com\/fr\/wp-json\/wp\/v2\/pages\/2137\/revisions\/4168"}],"wp:attachment":[{"href":"https:\/\/www.pernici.com\/fr\/wp-json\/wp\/v2\/media?parent=2137"}],"curies":[{"name":"wp","href":"https:\/\/api.w.org\/{rel}","templated":true}]}}